{"id":11650,"date":"2026-02-04T11:32:40","date_gmt":"2026-02-04T11:32:40","guid":{"rendered":"https:\/\/dev4.devmitsinformatica.com\/questions\/"},"modified":"2026-02-04T16:58:33","modified_gmt":"2026-02-04T16:58:33","slug":"questions","status":"publish","type":"page","link":"https:\/\/dev4.devmitsinformatica.com\/en\/questions\/","title":{"rendered":"Questions"},"content":{"rendered":"\t\t<div data-elementor-type=\"wp-post\" data-elementor-id=\"11650\" class=\"elementor elementor-11650 elementor-11613\" data-elementor-post-type=\"page\">\n\t\t\t\t<div class=\"elementor-element elementor-element-e78f41b e-flex e-con-boxed e-con e-parent\" data-id=\"e78f41b\" data-element_type=\"container\" data-e-type=\"container\" data-settings=\"{&quot;background_background&quot;:&quot;classic&quot;}\">\n\t\t\t\t\t<div class=\"e-con-inner\">\n\t\t\t\t<div class=\"elementor-element elementor-element-02c2b87 elementor-widget elementor-widget-heading\" data-id=\"02c2b87\" data-element_type=\"widget\" data-e-type=\"widget\" data-widget_type=\"heading.default\">\n\t\t\t\t<div class=\"elementor-widget-container\">\n\t\t\t\t\t<h2 class=\"elementor-heading-title elementor-size-default\">Frequently Asked Questions<\/h2>\t\t\t\t<\/div>\n\t\t\t\t<\/div>\n\t\t\t\t\t<\/div>\n\t\t\t\t<\/div>\n\t\t<div class=\"elementor-element elementor-element-593a423 e-flex e-con-boxed e-con e-parent\" data-id=\"593a423\" data-element_type=\"container\" data-e-type=\"container\">\n\t\t\t\t\t<div class=\"e-con-inner\">\n\t\t\t\t<div class=\"elementor-element elementor-element-8f22be9 elementor-widget elementor-widget-text-editor\" data-id=\"8f22be9\" data-element_type=\"widget\" data-e-type=\"widget\" data-widget_type=\"text-editor.default\">\n\t\t\t\t<div class=\"elementor-widget-container\">\n\t\t\t\t\t\t\t\t\t<style>.faq-container {\n        font-family: 'Roboto', sans-serif;\n        color: #333;\n        max-width: 800px;\n        margin: 0 auto;\n        line-height: 1.6;\n    }\n    .faq-section-title {\n        background-color: #000;\n        color: #fff;\n        padding: 12px 20px;\n        margin-top: 30px;\n        font-size: 1.1em;\n        text-transform: uppercase;\n        letter-spacing: 1.5px;\n        font-weight: bold;\n    }\n    .faq-item {\n        border-bottom: 1px solid #eeeeee;\n        padding: 25px 0;\n    }\n    .faq-question {\n        font-weight: 800; \/* Extra negrita para destacar *\/\n        color: #000000; \/* Negro puro *\/\n        font-size: 1.15em;\n        margin-bottom: 12px;\n        display: block;\n        line-height: 1.3;\n    }\n    .faq-answer {\n        font-size: 0.95em;\n        color: #444; \/* Un gris muy oscuro para la respuesta para que la pregunta resalte m\u00e1s *\/\n        text-align: left;\n    }\n    .faq-answer strong {\n        color: #000;\n    }\n    .faq-list {\n        margin-left: 20px;\n        margin-top: 10px;\n    }\n    ol, ul {\n        margin-top: 10px;\n        padding-left: 20px;\n    }\n    li {\n        margin-bottom: 8px;\n    }\n<\/style><div class=\"faq-container\"><div class=\"faq-section-title\">Uso y Preparaci\u00f3n<\/div><div class=\"faq-item\"><span class=\"faq-question\">P: \u00bfC\u00f3mo se usa correctamente un spray Montana Cans?<\/span><div class=\"faq-answer\"><ol><li>Retira la boquilla (cap) y la anilla de seguridad negra que se encuentra debajo.<\/li><li>Gira la lata y golpea suavemente la base con la palma de la mano hasta liberar las bolas mezcladoras.<\/li><li>Agita el spray en\u00e9rgicamente durante un par de minutos. Es vital que los pigmentos se mezclen bien antes de empezar.<\/li><\/ol><\/div><\/div><div class=\"faq-item\"><span class=\"faq-question\">P: \u00bfCu\u00e1l es la diferencia entre Montana BLACK y Montana GOLD?<\/span><div class=\"faq-answer\">La elecci\u00f3n depende de tu proyecto. <strong>Montana BLACK<\/strong> es una pintura de alta presi\u00f3n y acabado mate, ideal para trabajos r\u00e1pidos y superficies grandes. <strong>Montana GOLD<\/strong> es de baja presi\u00f3n, dise\u00f1ada para un control total en detalles, trazos finos y Bellas Artes. Ambas gamas son totalmente compatibles entre s\u00ed.\n        <\/div><\/div><div class=\"faq-section-title\">Caracter\u00edsticas T\u00e9cnicas<\/div><div class=\"faq-item\"><span class=\"faq-question\">P: \u00bfQu\u00e9 es la f\u00f3rmula Nitro-Combi (NC) de Montana BLACK?<\/span><div class=\"faq-answer\">Se trata de una combinaci\u00f3n de resina alqu\u00eddica y nitrocelulosa de secado ultra r\u00e1pido. Gracias a la velocidad de evaporaci\u00f3n de sus disolventes, permite aplicar nuevas capas casi de inmediato sin que la pintura escurra.\n        <\/div><\/div><div class=\"faq-item\"><span class=\"faq-question\">P: \u00bfQu\u00e9 significa &#8220;Alta Presi\u00f3n&#8221; vs &#8220;Baja Presi\u00f3n&#8221;?<\/span><div class=\"faq-answer\"><strong>Baja Presi\u00f3n:<\/strong> Expulsa la pintura con menor fuerza. Es la configuraci\u00f3n ideal para crear l\u00edneas muy finas, detalles precisos y degradados suaves.<br\/><br\/><strong>Alta Presi\u00f3n:<\/strong> La pintura sale con mucha m\u00e1s fuerza y caudal. Es la opci\u00f3n optimizada para rellenar piezas o cubrir grandes muros de forma eficiente.\n        <\/div><\/div><div class=\"faq-section-title\">Superficies y Compatibilidad<\/div><div class=\"faq-item\"><span class=\"faq-question\">P: \u00bfPuedo pintar sobre superficies con pintura al \u00f3leo?<\/span><div class=\"faq-answer\"><strong>No es recomendable.<\/strong> Las pinturas al \u00f3leo tardan mucho tiempo en secar debido al aceite de linaza. Si aplicas spray encima, la capa exterior (el spray) secar\u00e1 mucho antes que la base, lo que provocar\u00e1 grietas y desconchones. En cambio, s\u00ed puedes aplicar \u00f3leo sobre spray Montana una vez que este est\u00e9 completamente seco.\n        <\/div><\/div><div class=\"faq-item\"><span class=\"faq-question\">P: \u00bfSobre qu\u00e9 materiales puedo aplicar Montana Cans?<\/span><div class=\"faq-answer\">Nuestros productos se adhieren a casi cualquier superficie, pero el acabado var\u00eda seg\u00fan la porosidad:\n            <ul><li><strong>Porosos (Cart\u00f3n, madera, terracota):<\/strong> Absorben m\u00e1s pintura. Recomendamos una imprimaci\u00f3n previa para ahorrar pintura.<\/li><li><strong>No porosos (Vidrio, metal, pl\u00e1sticos):<\/strong> La adherencia es buena, pero para una fijaci\u00f3n permanente se debe usar la imprimaci\u00f3n espec\u00edfica de Montana Cans.<\/li><\/ul><\/div><\/div><div class=\"faq-section-title\">Seguridad y Medio Ambiente<\/div><div class=\"faq-item\"><span class=\"faq-question\">P: \u00bfEs seguro usarlos en interiores?<\/span><div class=\"faq-answer\">S\u00ed, los productos Montana Cans pueden usarse en interiores siempre que el espacio tenga una <strong>ventilaci\u00f3n excelente<\/strong>. Es obligatorio el uso de <strong>m\u00e1scara de protecci\u00f3n homologada<\/strong> y guantes para proteger el tracto respiratorio y la piel.\n        <\/div><\/div><\/div>\t\t\t\t\t\t\t\t<\/div>\n\t\t\t\t<\/div>\n\t\t\t\t\t<\/div>\n\t\t\t\t<\/div>\n\t\t<div class=\"elementor-element elementor-element-7e5327e e-flex e-con-boxed e-con e-parent\" data-id=\"7e5327e\" data-element_type=\"container\" data-e-type=\"container\" data-settings=\"{&quot;background_background&quot;:&quot;classic&quot;}\">\n\t\t\t\t\t<div class=\"e-con-inner\">\n\t\t<div class=\"elementor-element elementor-element-a5cd6c6 e-con-full e-flex e-con e-child\" data-id=\"a5cd6c6\" data-element_type=\"container\" data-e-type=\"container\">\n\t\t\t\t<div class=\"elementor-element elementor-element-cb75962 elementor-position-top elementor-widget elementor-widget-image-box\" data-id=\"cb75962\" data-element_type=\"widget\" data-e-type=\"widget\" data-widget_type=\"image-box.default\">\n\t\t\t\t<div class=\"elementor-widget-container\">\n\t\t\t\t\t<div class=\"elementor-image-box-wrapper\"><figure class=\"elementor-image-box-img\"><img decoding=\"async\" width=\"120\" height=\"120\" src=\"https:\/\/dev4.devmitsinformatica.com\/wp-content\/uploads\/2018\/12\/globe-free-img.png\" class=\"attachment-full size-full wp-image-11642\" alt=\"\" \/><\/figure><div class=\"elementor-image-box-content\"><h5 class=\"elementor-image-box-title\">Worldwide Shipping<\/h5><p class=\"elementor-image-box-description\">We ship your supplies anywhere, managed directly from our headquarters in Barcelona.<\/p><\/div><\/div>\t\t\t\t<\/div>\n\t\t\t\t<\/div>\n\t\t\t\t<\/div>\n\t\t<div class=\"elementor-element elementor-element-aedde58 e-con-full e-flex e-con e-child\" data-id=\"aedde58\" data-element_type=\"container\" data-e-type=\"container\">\n\t\t\t\t<div class=\"elementor-element elementor-element-354e72a elementor-position-top elementor-widget elementor-widget-image-box\" data-id=\"354e72a\" data-element_type=\"widget\" data-e-type=\"widget\" data-widget_type=\"image-box.default\">\n\t\t\t\t<div class=\"elementor-widget-container\">\n\t\t\t\t\t<div class=\"elementor-image-box-wrapper\"><figure class=\"elementor-image-box-img\"><img decoding=\"async\" width=\"120\" height=\"120\" src=\"https:\/\/dev4.devmitsinformatica.com\/wp-content\/uploads\/2018\/12\/quality-free-img.png\" class=\"attachment-full size-full wp-image-11643\" alt=\"\" \/><\/figure><div class=\"elementor-image-box-content\"><h5 class=\"elementor-image-box-title\">Official Distributor<\/h5><p class=\"elementor-image-box-description\">We guarantee original products from Montana-Cans and NBQ, straight from the manufacturer to your studio.<\/p><\/div><\/div>\t\t\t\t<\/div>\n\t\t\t\t<\/div>\n\t\t\t\t<\/div>\n\t\t<div class=\"elementor-element elementor-element-dbc9b68 e-con-full e-flex e-con e-child\" data-id=\"dbc9b68\" data-element_type=\"container\" data-e-type=\"container\">\n\t\t\t\t<div class=\"elementor-element elementor-element-6bef0f0 elementor-position-top elementor-widget elementor-widget-image-box\" data-id=\"6bef0f0\" data-element_type=\"widget\" data-e-type=\"widget\" data-widget_type=\"image-box.default\">\n\t\t\t\t<div class=\"elementor-widget-container\">\n\t\t\t\t\t<div class=\"elementor-image-box-wrapper\"><figure class=\"elementor-image-box-img\"><img decoding=\"async\" width=\"120\" height=\"120\" src=\"https:\/\/dev4.devmitsinformatica.com\/wp-content\/uploads\/2018\/12\/tag-free-img.png\" class=\"attachment-full size-full wp-image-11644\" alt=\"\" \/><\/figure><div class=\"elementor-image-box-content\"><h5 class=\"elementor-image-box-title\">Current Promotions<\/h5><p class=\"elementor-image-box-description\">Get special pricing on spray packs, 6-unit boxes, and exclusive new arrivals every month.<\/p><\/div><\/div>\t\t\t\t<\/div>\n\t\t\t\t<\/div>\n\t\t\t\t<\/div>\n\t\t<div class=\"elementor-element elementor-element-e16ff0a e-con-full e-flex e-con e-child\" data-id=\"e16ff0a\" data-element_type=\"container\" data-e-type=\"container\">\n\t\t\t\t<div class=\"elementor-element elementor-element-5fcddda elementor-position-top elementor-widget elementor-widget-image-box\" data-id=\"5fcddda\" data-element_type=\"widget\" data-e-type=\"widget\" data-widget_type=\"image-box.default\">\n\t\t\t\t<div class=\"elementor-widget-container\">\n\t\t\t\t\t<div class=\"elementor-image-box-wrapper\"><figure class=\"elementor-image-box-img\"><img loading=\"lazy\" decoding=\"async\" width=\"120\" height=\"120\" src=\"https:\/\/dev4.devmitsinformatica.com\/wp-content\/uploads\/2018\/12\/lock-free-img.png\" class=\"attachment-full size-full wp-image-11645\" alt=\"\" \/><\/figure><div class=\"elementor-image-box-content\"><h5 class=\"elementor-image-box-title\">Don't be a stranger!<\/h5><p class=\"elementor-image-box-description\">You tell us. We listen.\n\n<\/p><\/div><\/div>\t\t\t\t<\/div>\n\t\t\t\t<\/div>\n\t\t\t\t<\/div>\n\t\t\t\t\t<\/div>\n\t\t\t\t<\/div>\n\t\t<div class=\"elementor-element elementor-element-be04947 e-flex e-con-boxed e-con e-parent\" data-id=\"be04947\" data-element_type=\"container\" data-e-type=\"container\" data-settings=\"{&quot;background_background&quot;:&quot;classic&quot;}\">\n\t\t\t\t\t<div class=\"e-con-inner\">\n\t\t<div class=\"elementor-element elementor-element-f3e1af4 e-con-full e-flex e-con e-child\" data-id=\"f3e1af4\" data-element_type=\"container\" data-e-type=\"container\" data-settings=\"{&quot;background_background&quot;:&quot;classic&quot;}\">\n\t\t<div class=\"elementor-element elementor-element-d4f5a73 e-con-full e-flex e-con e-child\" data-id=\"d4f5a73\" data-element_type=\"container\" data-e-type=\"container\">\n\t\t\t\t<div class=\"elementor-element elementor-element-1a4a6a7 elementor-widget elementor-widget-heading\" data-id=\"1a4a6a7\" data-element_type=\"widget\" data-e-type=\"widget\" data-widget_type=\"heading.default\">\n\t\t\t\t<div class=\"elementor-widget-container\">\n\t\t\t\t\t<h3 class=\"elementor-heading-title elementor-size-default\">Are you looking for an art project for your space?<\/h3>\t\t\t\t<\/div>\n\t\t\t\t<\/div>\n\t\t\t\t<div class=\"elementor-element elementor-element-e605a85 elementor-widget elementor-widget-text-editor\" data-id=\"e605a85\" data-element_type=\"widget\" data-e-type=\"widget\" data-widget_type=\"text-editor.default\">\n\t\t\t\t<div class=\"elementor-widget-container\">\n\t\t\t\t\t\t\t\t\t<p>We are here to help you with your creative projects. Drop us a line and our team will get back to you as soon as possible<\/p>\t\t\t\t\t\t\t\t<\/div>\n\t\t\t\t<\/div>\n\t\t\t\t<\/div>\n\t\t<div class=\"elementor-element elementor-element-2f9677a e-con-full e-flex e-con e-child\" data-id=\"2f9677a\" data-element_type=\"container\" data-e-type=\"container\">\n\t\t\t\t<div class=\"elementor-element elementor-element-5f20f12 elementor-align-right elementor-tablet-align-right elementor-mobile-align-left elementor-widget elementor-widget-button\" data-id=\"5f20f12\" data-element_type=\"widget\" data-e-type=\"widget\" data-widget_type=\"button.default\">\n\t\t\t\t<div class=\"elementor-widget-container\">\n\t\t\t\t\t\t\t\t\t<div class=\"elementor-button-wrapper\">\n\t\t\t\t\t<a class=\"elementor-button elementor-button-link elementor-size-sm\" href=\"https:\/\/dev4.devmitsinformatica.com\/?page_id=3329\">\n\t\t\t\t\t\t<span class=\"elementor-button-content-wrapper\">\n\t\t\t\t\t\t\t\t\t<span class=\"elementor-button-text\">GET MORE INFO<\/span>\n\t\t\t\t\t<\/span>\n\t\t\t\t\t<\/a>\n\t\t\t\t<\/div>\n\t\t\t\t\t\t\t\t<\/div>\n\t\t\t\t<\/div>\n\t\t\t\t<\/div>\n\t\t\t\t<\/div>\n\t\t\t\t\t<\/div>\n\t\t\t\t<\/div>\n\t\t\t\t<\/div>\n\t\t","protected":false},"excerpt":{"rendered":"<p>Frequently Asked Questions Uso y Preparaci\u00f3nP: \u00bfC\u00f3mo se usa correctamente un spray Montana Cans? Retira la boquilla (cap) y la anilla de seguridad negra que se encuentra debajo. Gira la lata y golpea suavemente la base con la palma de la mano hasta liberar las bolas mezcladoras. Agita el spray en\u00e9rgicamente durante un par de [&hellip;]<\/p>\n","protected":false},"author":3,"featured_media":0,"parent":0,"menu_order":0,"comment_status":"closed","ping_status":"closed","template":"","meta":{"site-sidebar-layout":"no-sidebar","site-content-layout":"page-builder","ast-site-content-layout":"full-width-container","site-content-style":"unboxed","site-sidebar-style":"unboxed","ast-global-header-display":"","ast-banner-title-visibility":"","ast-main-header-display":"","ast-hfb-above-header-display":"","ast-hfb-below-header-display":"","ast-hfb-mobile-header-display":"","site-post-title":"disabled","ast-breadcrumbs-content":"","ast-featured-img":"disabled","footer-sml-layout":"","ast-disable-related-posts":"","theme-transparent-header-meta":"enabled","adv-header-id-meta":"","stick-header-meta":"","header-above-stick-meta":"","header-main-stick-meta":"","header-below-stick-meta":"","astra-migrate-meta-layouts":"default","ast-page-background-enabled":"default","ast-page-background-meta":{"desktop":{"background-color":"","background-image":"","background-repeat":"repeat","background-position":"center center","background-size":"auto","background-attachment":"scroll","background-type":"","background-media":"","overlay-type":"","overlay-color":"","overlay-opacity":"","overlay-gradient":""},"tablet":{"background-color":"","background-image":"","background-repeat":"repeat","background-position":"center center","background-size":"auto","background-attachment":"scroll","background-type":"","background-media":"","overlay-type":"","overlay-color":"","overlay-opacity":"","overlay-gradient":""},"mobile":{"background-color":"","background-image":"","background-repeat":"repeat","background-position":"center center","background-size":"auto","background-attachment":"scroll","background-type":"","background-media":"","overlay-type":"","overlay-color":"","overlay-opacity":"","overlay-gradient":""}},"ast-content-background-meta":{"desktop":{"background-color":"var(--ast-global-color-5)","background-image":"","background-repeat":"repeat","background-position":"center center","background-size":"auto","background-attachment":"scroll","background-type":"","background-media":"","overlay-type":"","overlay-color":"","overlay-opacity":"","overlay-gradient":""},"tablet":{"background-color":"var(--ast-global-color-5)","background-image":"","background-repeat":"repeat","background-position":"center center","background-size":"auto","background-attachment":"scroll","background-type":"","background-media":"","overlay-type":"","overlay-color":"","overlay-opacity":"","overlay-gradient":""},"mobile":{"background-color":"var(--ast-global-color-5)","background-image":"","background-repeat":"repeat","background-position":"center center","background-size":"auto","background-attachment":"scroll","background-type":"","background-media":"","overlay-type":"","overlay-color":"","overlay-opacity":"","overlay-gradient":""}},"footnotes":""},"class_list":["post-11650","page","type-page","status-publish","hentry"],"yoast_head":"<!-- This site is optimized with the Yoast SEO plugin v27.0 - https:\/\/yoast.com\/product\/yoast-seo-wordpress\/ -->\n<title>Questions &#8902; ULTRAWIDE GRAFFITI SHOP<\/title>\n<meta name=\"robots\" content=\"index, follow, max-snippet:-1, max-image-preview:large, max-video-preview:-1\" \/>\n<link rel=\"canonical\" href=\"https:\/\/dev4.devmitsinformatica.com\/en\/questions\/\" \/>\n<meta property=\"og:locale\" content=\"en_US\" \/>\n<meta property=\"og:type\" content=\"article\" \/>\n<meta property=\"og:title\" content=\"Questions &#8902; ULTRAWIDE GRAFFITI SHOP\" \/>\n<meta property=\"og:description\" content=\"Frequently Asked Questions Uso y Preparaci\u00f3nP: \u00bfC\u00f3mo se usa correctamente un spray Montana Cans? Retira la boquilla (cap) y la anilla de seguridad negra que se encuentra debajo. Gira la lata y golpea suavemente la base con la palma de la mano hasta liberar las bolas mezcladoras. Agita el spray en\u00e9rgicamente durante un par de [&hellip;]\" \/>\n<meta property=\"og:url\" content=\"https:\/\/dev4.devmitsinformatica.com\/en\/questions\/\" \/>\n<meta property=\"og:site_name\" content=\"ULTRAWIDE GRAFFITI SHOP\" \/>\n<meta property=\"article:modified_time\" content=\"2026-02-04T16:58:33+00:00\" \/>\n<meta property=\"og:image\" content=\"https:\/\/dev4.devmitsinformatica.com\/wp-content\/uploads\/2018\/12\/globe-free-img.png\" \/>\n\t<meta property=\"og:image:width\" content=\"120\" \/>\n\t<meta property=\"og:image:height\" content=\"120\" \/>\n\t<meta property=\"og:image:type\" content=\"image\/png\" \/>\n<meta name=\"twitter:card\" content=\"summary_large_image\" \/>\n<meta name=\"twitter:label1\" content=\"Est. reading time\" \/>\n\t<meta name=\"twitter:data1\" content=\"3 minutes\" \/>\n<script type=\"application\/ld+json\" class=\"yoast-schema-graph\">{\"@context\":\"https:\/\/schema.org\",\"@graph\":[{\"@type\":\"WebPage\",\"@id\":\"https:\/\/dev4.devmitsinformatica.com\/en\/questions\/\",\"url\":\"https:\/\/dev4.devmitsinformatica.com\/en\/questions\/\",\"name\":\"Questions &#8902; ULTRAWIDE GRAFFITI SHOP\",\"isPartOf\":{\"@id\":\"https:\/\/dev4.devmitsinformatica.com\/en\/#website\"},\"primaryImageOfPage\":{\"@id\":\"https:\/\/dev4.devmitsinformatica.com\/en\/questions\/#primaryimage\"},\"image\":{\"@id\":\"https:\/\/dev4.devmitsinformatica.com\/en\/questions\/#primaryimage\"},\"thumbnailUrl\":\"https:\/\/dev4.devmitsinformatica.com\/wp-content\/uploads\/2018\/12\/globe-free-img.png\",\"datePublished\":\"2026-02-04T11:32:40+00:00\",\"dateModified\":\"2026-02-04T16:58:33+00:00\",\"breadcrumb\":{\"@id\":\"https:\/\/dev4.devmitsinformatica.com\/en\/questions\/#breadcrumb\"},\"inLanguage\":\"en-US\",\"potentialAction\":[{\"@type\":\"ReadAction\",\"target\":[\"https:\/\/dev4.devmitsinformatica.com\/en\/questions\/\"]}]},{\"@type\":\"ImageObject\",\"inLanguage\":\"en-US\",\"@id\":\"https:\/\/dev4.devmitsinformatica.com\/en\/questions\/#primaryimage\",\"url\":\"https:\/\/dev4.devmitsinformatica.com\/wp-content\/uploads\/2018\/12\/globe-free-img.png\",\"contentUrl\":\"https:\/\/dev4.devmitsinformatica.com\/wp-content\/uploads\/2018\/12\/globe-free-img.png\"},{\"@type\":\"BreadcrumbList\",\"@id\":\"https:\/\/dev4.devmitsinformatica.com\/en\/questions\/#breadcrumb\",\"itemListElement\":[{\"@type\":\"ListItem\",\"position\":1,\"name\":\"Home\",\"item\":\"https:\/\/dev4.devmitsinformatica.com\/en\/\"},{\"@type\":\"ListItem\",\"position\":2,\"name\":\"Questions\"}]},{\"@type\":\"WebSite\",\"@id\":\"https:\/\/dev4.devmitsinformatica.com\/en\/#website\",\"url\":\"https:\/\/dev4.devmitsinformatica.com\/en\/\",\"name\":\"ULTRAWIDE GRAFFITI SHOP\",\"description\":\"SPRAY GRAFFITI SHOP CAPS Y ROTULADORES\",\"publisher\":{\"@id\":\"https:\/\/dev4.devmitsinformatica.com\/en\/#organization\"},\"potentialAction\":[{\"@type\":\"SearchAction\",\"target\":{\"@type\":\"EntryPoint\",\"urlTemplate\":\"https:\/\/dev4.devmitsinformatica.com\/en\/?s={search_term_string}\"},\"query-input\":{\"@type\":\"PropertyValueSpecification\",\"valueRequired\":true,\"valueName\":\"search_term_string\"}}],\"inLanguage\":\"en-US\"},{\"@type\":\"Organization\",\"@id\":\"https:\/\/dev4.devmitsinformatica.com\/en\/#organization\",\"name\":\"ANDEN Graffiti Shop Barcelona\",\"url\":\"https:\/\/dev4.devmitsinformatica.com\/en\/\",\"logo\":{\"@type\":\"ImageObject\",\"inLanguage\":\"en-US\",\"@id\":\"https:\/\/dev4.devmitsinformatica.com\/en\/#\/schema\/logo\/image\/\",\"url\":\"https:\/\/dev4.devmitsinformatica.com\/wp-content\/uploads\/2016\/11\/graffiti-gallery-barcelona.png\",\"contentUrl\":\"https:\/\/dev4.devmitsinformatica.com\/wp-content\/uploads\/2016\/11\/graffiti-gallery-barcelona.png\",\"width\":386,\"height\":150,\"caption\":\"ANDEN Graffiti Shop Barcelona\"},\"image\":{\"@id\":\"https:\/\/dev4.devmitsinformatica.com\/en\/#\/schema\/logo\/image\/\"}}]}<\/script>\n<!-- \/ Yoast SEO plugin. -->","yoast_head_json":{"title":"Questions &#8902; ULTRAWIDE GRAFFITI SHOP","robots":{"index":"index","follow":"follow","max-snippet":"max-snippet:-1","max-image-preview":"max-image-preview:large","max-video-preview":"max-video-preview:-1"},"canonical":"https:\/\/dev4.devmitsinformatica.com\/en\/questions\/","og_locale":"en_US","og_type":"article","og_title":"Questions &#8902; ULTRAWIDE GRAFFITI SHOP","og_description":"Frequently Asked Questions Uso y Preparaci\u00f3nP: \u00bfC\u00f3mo se usa correctamente un spray Montana Cans? Retira la boquilla (cap) y la anilla de seguridad negra que se encuentra debajo. Gira la lata y golpea suavemente la base con la palma de la mano hasta liberar las bolas mezcladoras. Agita el spray en\u00e9rgicamente durante un par de [&hellip;]","og_url":"https:\/\/dev4.devmitsinformatica.com\/en\/questions\/","og_site_name":"ULTRAWIDE GRAFFITI SHOP","article_modified_time":"2026-02-04T16:58:33+00:00","og_image":[{"width":120,"height":120,"url":"https:\/\/dev4.devmitsinformatica.com\/wp-content\/uploads\/2018\/12\/globe-free-img.png","type":"image\/png"}],"twitter_card":"summary_large_image","twitter_misc":{"Est. reading time":"3 minutes"},"schema":{"@context":"https:\/\/schema.org","@graph":[{"@type":"WebPage","@id":"https:\/\/dev4.devmitsinformatica.com\/en\/questions\/","url":"https:\/\/dev4.devmitsinformatica.com\/en\/questions\/","name":"Questions &#8902; ULTRAWIDE GRAFFITI SHOP","isPartOf":{"@id":"https:\/\/dev4.devmitsinformatica.com\/en\/#website"},"primaryImageOfPage":{"@id":"https:\/\/dev4.devmitsinformatica.com\/en\/questions\/#primaryimage"},"image":{"@id":"https:\/\/dev4.devmitsinformatica.com\/en\/questions\/#primaryimage"},"thumbnailUrl":"https:\/\/dev4.devmitsinformatica.com\/wp-content\/uploads\/2018\/12\/globe-free-img.png","datePublished":"2026-02-04T11:32:40+00:00","dateModified":"2026-02-04T16:58:33+00:00","breadcrumb":{"@id":"https:\/\/dev4.devmitsinformatica.com\/en\/questions\/#breadcrumb"},"inLanguage":"en-US","potentialAction":[{"@type":"ReadAction","target":["https:\/\/dev4.devmitsinformatica.com\/en\/questions\/"]}]},{"@type":"ImageObject","inLanguage":"en-US","@id":"https:\/\/dev4.devmitsinformatica.com\/en\/questions\/#primaryimage","url":"https:\/\/dev4.devmitsinformatica.com\/wp-content\/uploads\/2018\/12\/globe-free-img.png","contentUrl":"https:\/\/dev4.devmitsinformatica.com\/wp-content\/uploads\/2018\/12\/globe-free-img.png"},{"@type":"BreadcrumbList","@id":"https:\/\/dev4.devmitsinformatica.com\/en\/questions\/#breadcrumb","itemListElement":[{"@type":"ListItem","position":1,"name":"Home","item":"https:\/\/dev4.devmitsinformatica.com\/en\/"},{"@type":"ListItem","position":2,"name":"Questions"}]},{"@type":"WebSite","@id":"https:\/\/dev4.devmitsinformatica.com\/en\/#website","url":"https:\/\/dev4.devmitsinformatica.com\/en\/","name":"ULTRAWIDE GRAFFITI SHOP","description":"SPRAY GRAFFITI SHOP CAPS Y ROTULADORES","publisher":{"@id":"https:\/\/dev4.devmitsinformatica.com\/en\/#organization"},"potentialAction":[{"@type":"SearchAction","target":{"@type":"EntryPoint","urlTemplate":"https:\/\/dev4.devmitsinformatica.com\/en\/?s={search_term_string}"},"query-input":{"@type":"PropertyValueSpecification","valueRequired":true,"valueName":"search_term_string"}}],"inLanguage":"en-US"},{"@type":"Organization","@id":"https:\/\/dev4.devmitsinformatica.com\/en\/#organization","name":"ANDEN Graffiti Shop Barcelona","url":"https:\/\/dev4.devmitsinformatica.com\/en\/","logo":{"@type":"ImageObject","inLanguage":"en-US","@id":"https:\/\/dev4.devmitsinformatica.com\/en\/#\/schema\/logo\/image\/","url":"https:\/\/dev4.devmitsinformatica.com\/wp-content\/uploads\/2016\/11\/graffiti-gallery-barcelona.png","contentUrl":"https:\/\/dev4.devmitsinformatica.com\/wp-content\/uploads\/2016\/11\/graffiti-gallery-barcelona.png","width":386,"height":150,"caption":"ANDEN Graffiti Shop Barcelona"},"image":{"@id":"https:\/\/dev4.devmitsinformatica.com\/en\/#\/schema\/logo\/image\/"}}]}},"_links":{"self":[{"href":"https:\/\/dev4.devmitsinformatica.com\/en\/wp-json\/wp\/v2\/pages\/11650","targetHints":{"allow":["GET"]}}],"collection":[{"href":"https:\/\/dev4.devmitsinformatica.com\/en\/wp-json\/wp\/v2\/pages"}],"about":[{"href":"https:\/\/dev4.devmitsinformatica.com\/en\/wp-json\/wp\/v2\/types\/page"}],"author":[{"embeddable":true,"href":"https:\/\/dev4.devmitsinformatica.com\/en\/wp-json\/wp\/v2\/users\/3"}],"replies":[{"embeddable":true,"href":"https:\/\/dev4.devmitsinformatica.com\/en\/wp-json\/wp\/v2\/comments?post=11650"}],"version-history":[{"count":0,"href":"https:\/\/dev4.devmitsinformatica.com\/en\/wp-json\/wp\/v2\/pages\/11650\/revisions"}],"wp:attachment":[{"href":"https:\/\/dev4.devmitsinformatica.com\/en\/wp-json\/wp\/v2\/media?parent=11650"}],"curies":[{"name":"wp","href":"https:\/\/api.w.org\/{rel}","templated":true}]}}