{"id":10105,"date":"2023-08-03T10:44:57","date_gmt":"2023-08-03T10:44:57","guid":{"rendered":"https:\/\/dev4.devmitsinformatica.com\/?post_type=product&#038;p=10105"},"modified":"2023-10-13T16:47:21","modified_gmt":"2023-10-13T16:47:21","slug":"spray-imprimacion-aluminio","status":"publish","type":"product","link":"https:\/\/dev4.devmitsinformatica.com\/en\/shop\/spray-cans-montana\/spray-imprimacion-aluminio\/","title":{"rendered":"Spray Imprimaci\u00f3n Aluminio 400ml"},"content":{"rendered":"<p>El Spray Imprimaci\u00f3n Aluminio Montana PRIMER 400ml\u00a0 crea una superficie neutra sobre el aluminio en preparaci\u00f3n para su posterior recubrimiento con lacas acr\u00edlicas, NC (nitro-combi) o de base sint\u00e9tica.<\/p>\n<p>Con propiedades integradas para resistir contra el descascarillado y el agrietamiento del aluminio, ALUMINUM PRIMER es de color gris claro con un acabado mate que le dar\u00e1 a sus revestimientos de aluminio la vida \u00fatil m\u00e1s larga posible con los mejores resultados est\u00e9ticos.<\/p>\n<p>La aplicaci\u00f3n del Spray Imprimaci\u00f3n Aluminio ALUMINUM PRIMER promueve una adhesi\u00f3n superior a sus obras de arte, objetos o proyectos de bricolaje para la aplicaci\u00f3n de los revestimientos Montana GOLD, Montana BLACK, Montana WHITE, Montana TECH y EFFECT. Con limitaciones, ALUMINUM PRIMER tambi\u00e9n puede ofrecer una protecci\u00f3n similar sobre cobre y zinc.<\/p>\n<p>Para obtener los mejores resultados, lije previamente las superficies con papel de lija fino y aseg\u00farese de que la superficie est\u00e9 limpia, seca y libre de polvo y aceites antes de la aplicaci\u00f3n. Tambi\u00e9n es posible un recubrimiento adicional con las gamas de colores Montana TECH, EFFECT y Montana Cans. La aplicaci\u00f3n suave y uniforme es f\u00e1cil gracias a su presi\u00f3n media y Montana FLAT JET CAP Medium, que viene est\u00e1ndar en la lata. Para tapas de otras aplicaciones, pruebe con otras tapas de la gama FLAT JET. Sugerimos probar en un \u00e1rea no visible de su material para probar la compatibilidad.<\/p>\n<p>USO: Agite la lata en\u00e9rgicamente durante 2-3 minutos antes de usar. Aplique ALUMINUM PRIMER en varias capas delgadas, rociando con movimientos de barrido. Deje secar 5 minutos entre capas. El recubrimiento con colores puede tener lugar despu\u00e9s de 2 a 4 horas de tiempo de secado. Las capas adicionales de productos alternativos pueden requerir un tiempo de secado de 24 horas o m\u00e1s, seg\u00fan el recubrimiento. Siempre pruebe el rociado en un \u00e1rea no visible para comprobar la compatibilidad de la laca o la pintura. Para una vida \u00fatil \u00f3ptima, almacene las latas siempre con la boquilla puesta.<\/p>\n","protected":false},"excerpt":{"rendered":"<p>El Montana PRIMER 400ml &#8211; ALUMINUM T2450 crea una superficie neutra sobre el aluminio en preparaci\u00f3n para su posterior recubrimiento con lacas acr\u00edlicas, NC (nitro-combi) o de base sint\u00e9tica. Con propiedades integradas para resistir contra el descascaramiento y el agrietamiento del aluminio, ALUMINUM PRIMER es de color gris claro con un acabado mate que le dar\u00e1 a sus revestimientos de aluminio la vida \u00fatil m\u00e1s larga posible con los mejores resultados est\u00e9ticos.<\/p>\n","protected":false},"featured_media":10107,"comment_status":"open","ping_status":"closed","template":"","meta":{"site-sidebar-layout":"default","site-content-layout":"","ast-site-content-layout":"default","site-content-style":"default","site-sidebar-style":"default","ast-global-header-display":"","ast-banner-title-visibility":"","ast-main-header-display":"","ast-hfb-above-header-display":"","ast-hfb-below-header-display":"","ast-hfb-mobile-header-display":"","site-post-title":"","ast-breadcrumbs-content":"","ast-featured-img":"","footer-sml-layout":"","ast-disable-related-posts":"","theme-transparent-header-meta":"","adv-header-id-meta":"","stick-header-meta":"","header-above-stick-meta":"","header-main-stick-meta":"","header-below-stick-meta":"","astra-migrate-meta-layouts":"default","ast-page-background-enabled":"default","ast-page-background-meta":{"desktop":{"background-color":"","background-image":"","background-repeat":"repeat","background-position":"center center","background-size":"auto","background-attachment":"scroll","background-type":"","background-media":"","overlay-type":"","overlay-color":"","overlay-opacity":"","overlay-gradient":""},"tablet":{"background-color":"","background-image":"","background-repeat":"repeat","background-position":"center center","background-size":"auto","background-attachment":"scroll","background-type":"","background-media":"","overlay-type":"","overlay-color":"","overlay-opacity":"","overlay-gradient":""},"mobile":{"background-color":"","background-image":"","background-repeat":"repeat","background-position":"center center","background-size":"auto","background-attachment":"scroll","background-type":"","background-media":"","overlay-type":"","overlay-color":"","overlay-opacity":"","overlay-gradient":""}},"ast-content-background-meta":{"desktop":{"background-color":"var(--ast-global-color-5)","background-image":"","background-repeat":"repeat","background-position":"center center","background-size":"auto","background-attachment":"scroll","background-type":"","background-media":"","overlay-type":"","overlay-color":"","overlay-opacity":"","overlay-gradient":""},"tablet":{"background-color":"var(--ast-global-color-5)","background-image":"","background-repeat":"repeat","background-position":"center center","background-size":"auto","background-attachment":"scroll","background-type":"","background-media":"","overlay-type":"","overlay-color":"","overlay-opacity":"","overlay-gradient":""},"mobile":{"background-color":"var(--ast-global-color-5)","background-image":"","background-repeat":"repeat","background-position":"center center","background-size":"auto","background-attachment":"scroll","background-type":"","background-media":"","overlay-type":"","overlay-color":"","overlay-opacity":"","overlay-gradient":""}}},"product_brand":[],"product_cat":[10,2397,5570,3109,5647,3216],"product_tag":[6357,2960,6356,6355,5752,5579],"class_list":{"0":"post-10105","1":"product","2":"type-product","3":"status-publish","4":"has-post-thumbnail","6":"product_cat-spray-cans-montana","7":"product_cat-varnishprimers","8":"product_cat-imprimaciones","9":"product_cat-montana-cans","10":"product_cat-montana-tech-spray","11":"product_cat-spray","12":"product_tag-aluminium-primer-spray","13":"product_tag-graffiti-shop-online","14":"product_tag-imprimacion-de-aluminio","15":"product_tag-imprimacion-montana-spray","16":"product_tag-imprimacion-spray","17":"product_tag-primer","18":"desktop-align-left","19":"tablet-align-left","20":"mobile-align-left","22":"first","23":"instock","24":"purchasable","25":"product-type-simple"},"yoast_head":"<!-- This site is optimized with the Yoast SEO plugin v27.0 - https:\/\/yoast.com\/product\/yoast-seo-wordpress\/ -->\n<title>Spray Imprimaci\u00f3n Aluminio 400ml Ultrawide Graffiti Shop Barcelona<\/title>\n<meta name=\"description\" content=\"Spray Imprimaci\u00f3n Aluminio 400ml en Barcelona:Spray Imprimaci\u00f3n Aluminio 400ml? Spray Imprimaci\u00f3n Aluminio 400ml y mas. Arte y Graffiti Shop Barcelona. Spray, Colores, Rotuladores y Spray Imprimaci\u00f3n Aluminio 400ml\" \/>\n<meta name=\"robots\" content=\"index, follow, max-snippet:-1, max-image-preview:large, max-video-preview:-1\" \/>\n<link rel=\"canonical\" href=\"https:\/\/dev4.devmitsinformatica.com\/en\/shop\/spray-cans-montana\/spray-imprimacion-aluminio\/\" \/>\n<meta property=\"og:locale\" content=\"en_US\" \/>\n<meta property=\"og:type\" content=\"article\" \/>\n<meta property=\"og:title\" content=\"Spray Imprimaci\u00f3n Aluminio 400ml Ultrawide Graffiti Shop Barcelona\" \/>\n<meta property=\"og:description\" content=\"Spray Imprimaci\u00f3n Aluminio 400ml en Barcelona:Spray Imprimaci\u00f3n Aluminio 400ml? Spray Imprimaci\u00f3n Aluminio 400ml y mas. Arte y Graffiti Shop Barcelona. Spray, Colores, Rotuladores y Spray Imprimaci\u00f3n Aluminio 400ml\" \/>\n<meta property=\"og:url\" content=\"https:\/\/dev4.devmitsinformatica.com\/en\/shop\/spray-cans-montana\/spray-imprimacion-aluminio\/\" \/>\n<meta property=\"og:site_name\" content=\"ULTRAWIDE GRAFFITI SHOP\" \/>\n<meta property=\"article:modified_time\" content=\"2023-10-13T16:47:21+00:00\" \/>\n<meta property=\"og:image\" content=\"https:\/\/dev4.devmitsinformatica.com\/wp-content\/uploads\/2023\/08\/Dise\u00f1o-sin-t\u00edtulo-2.png\" \/>\n\t<meta property=\"og:image:width\" content=\"1400\" \/>\n\t<meta property=\"og:image:height\" content=\"1400\" \/>\n\t<meta property=\"og:image:type\" content=\"image\/png\" \/>\n<meta name=\"twitter:card\" content=\"summary_large_image\" \/>\n<meta name=\"twitter:label1\" content=\"Est. reading time\" \/>\n\t<meta name=\"twitter:data1\" content=\"2 minutes\" \/>\n<script type=\"application\/ld+json\" class=\"yoast-schema-graph\">{\"@context\":\"https:\/\/schema.org\",\"@graph\":[{\"@type\":\"WebPage\",\"@id\":\"https:\/\/dev4.devmitsinformatica.com\/en\/shop\/spray-cans-montana\/spray-imprimacion-aluminio\/\",\"url\":\"https:\/\/dev4.devmitsinformatica.com\/en\/shop\/spray-cans-montana\/spray-imprimacion-aluminio\/\",\"name\":\"Spray Imprimaci\u00f3n Aluminio 400ml Ultrawide Graffiti Shop Barcelona\",\"isPartOf\":{\"@id\":\"https:\/\/dev4.devmitsinformatica.com\/en\/#website\"},\"primaryImageOfPage\":{\"@id\":\"https:\/\/dev4.devmitsinformatica.com\/en\/shop\/spray-cans-montana\/spray-imprimacion-aluminio\/#primaryimage\"},\"image\":{\"@id\":\"https:\/\/dev4.devmitsinformatica.com\/en\/shop\/spray-cans-montana\/spray-imprimacion-aluminio\/#primaryimage\"},\"thumbnailUrl\":\"https:\/\/dev4.devmitsinformatica.com\/wp-content\/uploads\/2023\/08\/Dise\u00f1o-sin-t\u00edtulo-2.png\",\"datePublished\":\"2023-08-03T10:44:57+00:00\",\"dateModified\":\"2023-10-13T16:47:21+00:00\",\"description\":\"Spray Imprimaci\u00f3n Aluminio 400ml en Barcelona:Spray Imprimaci\u00f3n Aluminio 400ml? Spray Imprimaci\u00f3n Aluminio 400ml y mas. Arte y Graffiti Shop Barcelona. Spray, Colores, Rotuladores y Spray Imprimaci\u00f3n Aluminio 400ml\",\"breadcrumb\":{\"@id\":\"https:\/\/dev4.devmitsinformatica.com\/en\/shop\/spray-cans-montana\/spray-imprimacion-aluminio\/#breadcrumb\"},\"inLanguage\":\"en-US\",\"potentialAction\":[{\"@type\":\"ReadAction\",\"target\":[\"https:\/\/dev4.devmitsinformatica.com\/en\/shop\/spray-cans-montana\/spray-imprimacion-aluminio\/\"]}]},{\"@type\":\"ImageObject\",\"inLanguage\":\"en-US\",\"@id\":\"https:\/\/dev4.devmitsinformatica.com\/en\/shop\/spray-cans-montana\/spray-imprimacion-aluminio\/#primaryimage\",\"url\":\"https:\/\/dev4.devmitsinformatica.com\/wp-content\/uploads\/2023\/08\/Dise\u00f1o-sin-t\u00edtulo-2.png\",\"contentUrl\":\"https:\/\/dev4.devmitsinformatica.com\/wp-content\/uploads\/2023\/08\/Dise\u00f1o-sin-t\u00edtulo-2.png\",\"width\":1400,\"height\":1400,\"caption\":\"Aluminium Primer Spray Montana\"},{\"@type\":\"BreadcrumbList\",\"@id\":\"https:\/\/dev4.devmitsinformatica.com\/en\/shop\/spray-cans-montana\/spray-imprimacion-aluminio\/#breadcrumb\",\"itemListElement\":[{\"@type\":\"ListItem\",\"position\":1,\"name\":\"Home\",\"item\":\"https:\/\/dev4.devmitsinformatica.com\/en\/\"},{\"@type\":\"ListItem\",\"position\":2,\"name\":\"Store\",\"item\":\"https:\/\/dev4.devmitsinformatica.com\/?page_id=38\"},{\"@type\":\"ListItem\",\"position\":3,\"name\":\"Spray Imprimaci\u00f3n Aluminio 400ml\"}]},{\"@type\":\"WebSite\",\"@id\":\"https:\/\/dev4.devmitsinformatica.com\/en\/#website\",\"url\":\"https:\/\/dev4.devmitsinformatica.com\/en\/\",\"name\":\"ULTRAWIDE GRAFFITI SHOP\",\"description\":\"SPRAY GRAFFITI SHOP CAPS Y ROTULADORES\",\"publisher\":{\"@id\":\"https:\/\/dev4.devmitsinformatica.com\/en\/#organization\"},\"potentialAction\":[{\"@type\":\"SearchAction\",\"target\":{\"@type\":\"EntryPoint\",\"urlTemplate\":\"https:\/\/dev4.devmitsinformatica.com\/en\/?s={search_term_string}\"},\"query-input\":{\"@type\":\"PropertyValueSpecification\",\"valueRequired\":true,\"valueName\":\"search_term_string\"}}],\"inLanguage\":\"en-US\"},{\"@type\":\"Organization\",\"@id\":\"https:\/\/dev4.devmitsinformatica.com\/en\/#organization\",\"name\":\"ANDEN Graffiti Shop Barcelona\",\"url\":\"https:\/\/dev4.devmitsinformatica.com\/en\/\",\"logo\":{\"@type\":\"ImageObject\",\"inLanguage\":\"en-US\",\"@id\":\"https:\/\/dev4.devmitsinformatica.com\/en\/#\/schema\/logo\/image\/\",\"url\":\"https:\/\/dev4.devmitsinformatica.com\/wp-content\/uploads\/2016\/11\/graffiti-gallery-barcelona.png\",\"contentUrl\":\"https:\/\/dev4.devmitsinformatica.com\/wp-content\/uploads\/2016\/11\/graffiti-gallery-barcelona.png\",\"width\":386,\"height\":150,\"caption\":\"ANDEN Graffiti Shop Barcelona\"},\"image\":{\"@id\":\"https:\/\/dev4.devmitsinformatica.com\/en\/#\/schema\/logo\/image\/\"}}]}<\/script>\n<!-- \/ Yoast SEO plugin. -->","yoast_head_json":{"title":"Spray Imprimaci\u00f3n Aluminio 400ml Ultrawide Graffiti Shop Barcelona","description":"Spray Imprimaci\u00f3n Aluminio 400ml en Barcelona:Spray Imprimaci\u00f3n Aluminio 400ml? Spray Imprimaci\u00f3n Aluminio 400ml y mas. Arte y Graffiti Shop Barcelona. Spray, Colores, Rotuladores y Spray Imprimaci\u00f3n Aluminio 400ml","robots":{"index":"index","follow":"follow","max-snippet":"max-snippet:-1","max-image-preview":"max-image-preview:large","max-video-preview":"max-video-preview:-1"},"canonical":"https:\/\/dev4.devmitsinformatica.com\/en\/shop\/spray-cans-montana\/spray-imprimacion-aluminio\/","og_locale":"en_US","og_type":"article","og_title":"Spray Imprimaci\u00f3n Aluminio 400ml Ultrawide Graffiti Shop Barcelona","og_description":"Spray Imprimaci\u00f3n Aluminio 400ml en Barcelona:Spray Imprimaci\u00f3n Aluminio 400ml? Spray Imprimaci\u00f3n Aluminio 400ml y mas. Arte y Graffiti Shop Barcelona. Spray, Colores, Rotuladores y Spray Imprimaci\u00f3n Aluminio 400ml","og_url":"https:\/\/dev4.devmitsinformatica.com\/en\/shop\/spray-cans-montana\/spray-imprimacion-aluminio\/","og_site_name":"ULTRAWIDE GRAFFITI SHOP","article_modified_time":"2023-10-13T16:47:21+00:00","og_image":[{"width":1400,"height":1400,"url":"https:\/\/dev4.devmitsinformatica.com\/wp-content\/uploads\/2023\/08\/Dise\u00f1o-sin-t\u00edtulo-2.png","type":"image\/png"}],"twitter_card":"summary_large_image","twitter_misc":{"Est. reading time":"2 minutes"},"schema":{"@context":"https:\/\/schema.org","@graph":[{"@type":"WebPage","@id":"https:\/\/dev4.devmitsinformatica.com\/en\/shop\/spray-cans-montana\/spray-imprimacion-aluminio\/","url":"https:\/\/dev4.devmitsinformatica.com\/en\/shop\/spray-cans-montana\/spray-imprimacion-aluminio\/","name":"Spray Imprimaci\u00f3n Aluminio 400ml Ultrawide Graffiti Shop Barcelona","isPartOf":{"@id":"https:\/\/dev4.devmitsinformatica.com\/en\/#website"},"primaryImageOfPage":{"@id":"https:\/\/dev4.devmitsinformatica.com\/en\/shop\/spray-cans-montana\/spray-imprimacion-aluminio\/#primaryimage"},"image":{"@id":"https:\/\/dev4.devmitsinformatica.com\/en\/shop\/spray-cans-montana\/spray-imprimacion-aluminio\/#primaryimage"},"thumbnailUrl":"https:\/\/dev4.devmitsinformatica.com\/wp-content\/uploads\/2023\/08\/Dise\u00f1o-sin-t\u00edtulo-2.png","datePublished":"2023-08-03T10:44:57+00:00","dateModified":"2023-10-13T16:47:21+00:00","description":"Spray Imprimaci\u00f3n Aluminio 400ml en Barcelona:Spray Imprimaci\u00f3n Aluminio 400ml? Spray Imprimaci\u00f3n Aluminio 400ml y mas. Arte y Graffiti Shop Barcelona. Spray, Colores, Rotuladores y Spray Imprimaci\u00f3n Aluminio 400ml","breadcrumb":{"@id":"https:\/\/dev4.devmitsinformatica.com\/en\/shop\/spray-cans-montana\/spray-imprimacion-aluminio\/#breadcrumb"},"inLanguage":"en-US","potentialAction":[{"@type":"ReadAction","target":["https:\/\/dev4.devmitsinformatica.com\/en\/shop\/spray-cans-montana\/spray-imprimacion-aluminio\/"]}]},{"@type":"ImageObject","inLanguage":"en-US","@id":"https:\/\/dev4.devmitsinformatica.com\/en\/shop\/spray-cans-montana\/spray-imprimacion-aluminio\/#primaryimage","url":"https:\/\/dev4.devmitsinformatica.com\/wp-content\/uploads\/2023\/08\/Dise\u00f1o-sin-t\u00edtulo-2.png","contentUrl":"https:\/\/dev4.devmitsinformatica.com\/wp-content\/uploads\/2023\/08\/Dise\u00f1o-sin-t\u00edtulo-2.png","width":1400,"height":1400,"caption":"Aluminium Primer Spray Montana"},{"@type":"BreadcrumbList","@id":"https:\/\/dev4.devmitsinformatica.com\/en\/shop\/spray-cans-montana\/spray-imprimacion-aluminio\/#breadcrumb","itemListElement":[{"@type":"ListItem","position":1,"name":"Home","item":"https:\/\/dev4.devmitsinformatica.com\/en\/"},{"@type":"ListItem","position":2,"name":"Store","item":"https:\/\/dev4.devmitsinformatica.com\/?page_id=38"},{"@type":"ListItem","position":3,"name":"Spray Imprimaci\u00f3n Aluminio 400ml"}]},{"@type":"WebSite","@id":"https:\/\/dev4.devmitsinformatica.com\/en\/#website","url":"https:\/\/dev4.devmitsinformatica.com\/en\/","name":"ULTRAWIDE GRAFFITI SHOP","description":"SPRAY GRAFFITI SHOP CAPS Y ROTULADORES","publisher":{"@id":"https:\/\/dev4.devmitsinformatica.com\/en\/#organization"},"potentialAction":[{"@type":"SearchAction","target":{"@type":"EntryPoint","urlTemplate":"https:\/\/dev4.devmitsinformatica.com\/en\/?s={search_term_string}"},"query-input":{"@type":"PropertyValueSpecification","valueRequired":true,"valueName":"search_term_string"}}],"inLanguage":"en-US"},{"@type":"Organization","@id":"https:\/\/dev4.devmitsinformatica.com\/en\/#organization","name":"ANDEN Graffiti Shop Barcelona","url":"https:\/\/dev4.devmitsinformatica.com\/en\/","logo":{"@type":"ImageObject","inLanguage":"en-US","@id":"https:\/\/dev4.devmitsinformatica.com\/en\/#\/schema\/logo\/image\/","url":"https:\/\/dev4.devmitsinformatica.com\/wp-content\/uploads\/2016\/11\/graffiti-gallery-barcelona.png","contentUrl":"https:\/\/dev4.devmitsinformatica.com\/wp-content\/uploads\/2016\/11\/graffiti-gallery-barcelona.png","width":386,"height":150,"caption":"ANDEN Graffiti Shop Barcelona"},"image":{"@id":"https:\/\/dev4.devmitsinformatica.com\/en\/#\/schema\/logo\/image\/"}}]}},"_links":{"self":[{"href":"https:\/\/dev4.devmitsinformatica.com\/en\/wp-json\/wp\/v2\/product\/10105","targetHints":{"allow":["GET"]}}],"collection":[{"href":"https:\/\/dev4.devmitsinformatica.com\/en\/wp-json\/wp\/v2\/product"}],"about":[{"href":"https:\/\/dev4.devmitsinformatica.com\/en\/wp-json\/wp\/v2\/types\/product"}],"replies":[{"embeddable":true,"href":"https:\/\/dev4.devmitsinformatica.com\/en\/wp-json\/wp\/v2\/comments?post=10105"}],"version-history":[{"count":0,"href":"https:\/\/dev4.devmitsinformatica.com\/en\/wp-json\/wp\/v2\/product\/10105\/revisions"}],"wp:featuredmedia":[{"embeddable":true,"href":"https:\/\/dev4.devmitsinformatica.com\/en\/wp-json\/wp\/v2\/media\/10107"}],"wp:attachment":[{"href":"https:\/\/dev4.devmitsinformatica.com\/en\/wp-json\/wp\/v2\/media?parent=10105"}],"wp:term":[{"taxonomy":"product_brand","embeddable":true,"href":"https:\/\/dev4.devmitsinformatica.com\/en\/wp-json\/wp\/v2\/product_brand?post=10105"},{"taxonomy":"product_cat","embeddable":true,"href":"https:\/\/dev4.devmitsinformatica.com\/en\/wp-json\/wp\/v2\/product_cat?post=10105"},{"taxonomy":"product_tag","embeddable":true,"href":"https:\/\/dev4.devmitsinformatica.com\/en\/wp-json\/wp\/v2\/product_tag?post=10105"}],"curies":[{"name":"wp","href":"https:\/\/api.w.org\/{rel}","templated":true}]}}