{"id":2156,"date":"2016-09-01T20:16:37","date_gmt":"2016-09-01T20:16:37","guid":{"rendered":"http:\/\/spraygraffiti.com\/index.php\/product\/3m-respirador-4255-sin-filtro-de-repuesto\/"},"modified":"2024-07-16T10:16:56","modified_gmt":"2024-07-16T10:16:56","slug":"3m-respirador-4255-sin-filtro-de-repuesto-graffiti-spray","status":"publish","type":"product","link":"https:\/\/dev4.devmitsinformatica.com\/en\/shop\/graffiti-accesorios-shop-barcelona\/3m-respirador-4255-sin-filtro-de-repuesto-graffiti-spray\/","title":{"rendered":"3M Respirador 4255"},"content":{"rendered":"<p>3M Respirador 4255 . Respirador compacto 3M con 2 grandes filtros de carb\u00f3n activo contra gases y vapores.<\/p>\n<p>Media M\u00e1scara 3M&#x2122; 4255, de construcci\u00f3n en una sola pieza en la que los filtros se encuentran integrados en la propia m\u00e1scara. Dise\u00f1ada para ofrecer una protecci\u00f3n eficaz frente a la mayor\u00eda de los contaminantes, ya sea en fase de gas, vapor o en combinaci\u00f3n con part\u00edculas.En el\u00a0 3M Respirador 4255 y gracias a la exclusiva tecnolog\u00eda utilizada en el filtro se consigue una m\u00e1scara de perfil bajo para proporcionar mayor visi\u00f3n perif\u00e9rica y mayor comodidad en la respiraci\u00f3n. Caracter\u00edsticas y beneficios Pieza facial &#8211; Bajo perfil para mejor visi\u00f3n perif\u00e9rica. &#8211; Muy ligera y equilibrada. &#8211; Fabricada en material suave e hipoalerg\u00e9nico. Filtros integrados &#8211; Cuatro versiones disponibles, que cubren la mayor\u00eda de riesgos m\u00e1s comunes en la industria. &#8211; Una sola pieza, fi ltros integrados en pieza facial sin mantenimiento. V\u00e1lvula de exhalaci\u00f3n &#8211; Baja resistencia y posici\u00f3n central para faciliar la ventilaci\u00f3n y acumulaci\u00f3n de calor. Arn\u00e9s de sujeci\u00f3n ajustable &#8211; Estable y seguro. &#8211; Banda de nuca de cierre r\u00e1pido. Adem\u00e1s &#8211; Bolsa para guardar entre periodos de uso. Extras &#8211; Protector del filtro 3M&#x2122; 400 para preservar los filtros en condiciones muy pulverulentas o sucias como aplicaciones en spray. Compatible con &#8211; Gafas de protecci\u00f3n ocular 3M&#x2122;. &#8211; Protecci\u00f3n auditiva 3M&#x2122;.3M Respirador 4255, semim\u00e1scara de poco peso adecuada para graffiti al aire libre e interior.<\/p>\n<p>mascarilla graffiti, mascarilla 3m, mascarilla profesional, mascarilla para spray<\/p>\n","protected":false},"excerpt":{"rendered":"<p>Respirador compacto 3M con 2 grandes filtros de carb\u00f3n activo contra gases y vapores.<\/p>\n<ul>\n<li><strong>Semim\u00e1scara\u00a0reutilizable de protecci\u00f3n\u00a0FFA2 P3\u00a0<\/strong>frente<b>\u00a0<\/b>a gases y vapores org\u00e1nicos (PE &gt;65\u00ba)\u00a0y\u00a0part\u00edculas.<\/li>\n<li><strong>Recomendable para:<\/strong><\/li>\n<li>Industria de la automoci\u00f3n y mantenimiento, procesado de qu\u00edmicos, laboratorios, pintura con spray<\/li>\n<li>Uso de pinturas convencionales (sin isocianatos, sujeto a las condiciones de uso)<\/li>\n<li>Automoci\u00f3n<\/li>\n<li>Tener\u00edas y tratamiento de calzado<\/li>\n<li>Fabricaci\u00f3n de utensilios dom\u00e9sticos<\/li>\n<li>Fabricaci\u00f3n y mantenimiento aeroespacial<\/li>\n<li>Astilleros<\/li>\n<li>Fabricaci\u00f3n de maquinaria<\/li>\n<li>Fabricaci\u00f3n y manipulaci\u00f3n de productos qu\u00edmicos<\/li>\n<li>Fabricaci\u00f3n y uso de tintas y pigmentos<\/li>\n<li>Fabricaci\u00f3n y laboratorios de adhesivos<\/li>\n<li>Fabricaci\u00f3n de pinturas y barnices<\/li>\n<li>Fabricaci\u00f3n y uso de resinas<\/li>\n<\/ul>\n","protected":false},"featured_media":31,"comment_status":"closed","ping_status":"closed","template":"","meta":{"site-sidebar-layout":"default","site-content-layout":"","ast-site-content-layout":"default","site-content-style":"default","site-sidebar-style":"default","ast-global-header-display":"","ast-banner-title-visibility":"","ast-main-header-display":"","ast-hfb-above-header-display":"","ast-hfb-below-header-display":"","ast-hfb-mobile-header-display":"","site-post-title":"","ast-breadcrumbs-content":"","ast-featured-img":"","footer-sml-layout":"","ast-disable-related-posts":"","theme-transparent-header-meta":"","adv-header-id-meta":"","stick-header-meta":"","header-above-stick-meta":"","header-main-stick-meta":"","header-below-stick-meta":"","astra-migrate-meta-layouts":"default","ast-page-background-enabled":"default","ast-page-background-meta":{"desktop":{"background-color":"","background-image":"","background-repeat":"repeat","background-position":"center center","background-size":"auto","background-attachment":"scroll","background-type":"","background-media":"","overlay-type":"","overlay-color":"","overlay-opacity":"","overlay-gradient":""},"tablet":{"background-color":"","background-image":"","background-repeat":"repeat","background-position":"center center","background-size":"auto","background-attachment":"scroll","background-type":"","background-media":"","overlay-type":"","overlay-color":"","overlay-opacity":"","overlay-gradient":""},"mobile":{"background-color":"","background-image":"","background-repeat":"repeat","background-position":"center center","background-size":"auto","background-attachment":"scroll","background-type":"","background-media":"","overlay-type":"","overlay-color":"","overlay-opacity":"","overlay-gradient":""}},"ast-content-background-meta":{"desktop":{"background-color":"var(--ast-global-color-5)","background-image":"","background-repeat":"repeat","background-position":"center center","background-size":"auto","background-attachment":"scroll","background-type":"","background-media":"","overlay-type":"","overlay-color":"","overlay-opacity":"","overlay-gradient":""},"tablet":{"background-color":"var(--ast-global-color-5)","background-image":"","background-repeat":"repeat","background-position":"center center","background-size":"auto","background-attachment":"scroll","background-type":"","background-media":"","overlay-type":"","overlay-color":"","overlay-opacity":"","overlay-gradient":""},"mobile":{"background-color":"var(--ast-global-color-5)","background-image":"","background-repeat":"repeat","background-position":"center center","background-size":"auto","background-attachment":"scroll","background-type":"","background-media":"","overlay-type":"","overlay-color":"","overlay-opacity":"","overlay-gradient":""}}},"product_brand":[],"product_cat":[6764,604],"product_tag":[790,788,4119,4121,1019,4120,787,789,791],"class_list":{"0":"post-2156","1":"product","2":"type-product","3":"status-publish","4":"has-post-thumbnail","6":"product_cat-proteccion","7":"product_cat-graffiti-accesorios-shop-barcelona","8":"product_tag-3m-graffiti-respirador","9":"product_tag-graffiti-spray-respirador","10":"product_tag-mascara-3m","11":"product_tag-mascarilla-graffiti","12":"product_tag-montana","13":"product_tag-precio-mascara-3m","14":"product_tag-respirador-3m-graffiti","15":"product_tag-respirador-graffiti-3m","16":"product_tag-spray-colores-respirador","17":"desktop-align-left","18":"tablet-align-left","19":"mobile-align-left","21":"first","22":"instock","23":"purchasable","24":"product-type-simple"},"yoast_head":"<!-- This site is optimized with the Yoast SEO plugin v27.0 - https:\/\/yoast.com\/product\/yoast-seo-wordpress\/ -->\n<title>3M Respirador 4255 Ultrawide Graffiti Shop Barcelona<\/title>\n<meta name=\"description\" content=\"graffiti? online tienda para sprays de montana cans espana. tienda para arte en barcelona. rotuladores para arte? tienda graffiti\" \/>\n<meta name=\"robots\" content=\"index, follow, max-snippet:-1, max-image-preview:large, max-video-preview:-1\" \/>\n<link rel=\"canonical\" href=\"https:\/\/dev4.devmitsinformatica.com\/en\/shop\/graffiti-accesorios-shop-barcelona\/3m-respirador-4255-sin-filtro-de-repuesto-graffiti-spray\/\" \/>\n<meta property=\"og:locale\" content=\"en_US\" \/>\n<meta property=\"og:type\" content=\"article\" \/>\n<meta property=\"og:title\" content=\"3M Respirador 4255 Ultrawide Graffiti Shop Barcelona\" \/>\n<meta property=\"og:description\" content=\"graffiti? online tienda para sprays de montana cans espana. tienda para arte en barcelona. rotuladores para arte? tienda graffiti\" \/>\n<meta property=\"og:url\" content=\"https:\/\/dev4.devmitsinformatica.com\/en\/shop\/graffiti-accesorios-shop-barcelona\/3m-respirador-4255-sin-filtro-de-repuesto-graffiti-spray\/\" \/>\n<meta property=\"og:site_name\" content=\"ULTRAWIDE GRAFFITI SHOP\" \/>\n<meta property=\"article:modified_time\" content=\"2024-07-16T10:16:56+00:00\" \/>\n<meta property=\"og:image\" content=\"https:\/\/dev4.devmitsinformatica.com\/wp-content\/uploads\/2016\/08\/Respirator_Mask_4255_1.jpg\" \/>\n\t<meta property=\"og:image:width\" content=\"500\" \/>\n\t<meta property=\"og:image:height\" content=\"500\" \/>\n\t<meta property=\"og:image:type\" content=\"image\/jpeg\" \/>\n<meta name=\"twitter:card\" content=\"summary_large_image\" \/>\n<meta name=\"twitter:label1\" content=\"Est. reading time\" \/>\n\t<meta name=\"twitter:data1\" content=\"1 minute\" \/>\n<script type=\"application\/ld+json\" class=\"yoast-schema-graph\">{\"@context\":\"https:\/\/schema.org\",\"@graph\":[{\"@type\":\"WebPage\",\"@id\":\"https:\/\/dev4.devmitsinformatica.com\/en\/shop\/graffiti-accesorios-shop-barcelona\/3m-respirador-4255-sin-filtro-de-repuesto-graffiti-spray\/\",\"url\":\"https:\/\/dev4.devmitsinformatica.com\/en\/shop\/graffiti-accesorios-shop-barcelona\/3m-respirador-4255-sin-filtro-de-repuesto-graffiti-spray\/\",\"name\":\"3M Respirador 4255 Ultrawide Graffiti Shop Barcelona\",\"isPartOf\":{\"@id\":\"https:\/\/dev4.devmitsinformatica.com\/en\/#website\"},\"primaryImageOfPage\":{\"@id\":\"https:\/\/dev4.devmitsinformatica.com\/en\/shop\/graffiti-accesorios-shop-barcelona\/3m-respirador-4255-sin-filtro-de-repuesto-graffiti-spray\/#primaryimage\"},\"image\":{\"@id\":\"https:\/\/dev4.devmitsinformatica.com\/en\/shop\/graffiti-accesorios-shop-barcelona\/3m-respirador-4255-sin-filtro-de-repuesto-graffiti-spray\/#primaryimage\"},\"thumbnailUrl\":\"https:\/\/dev4.devmitsinformatica.com\/wp-content\/uploads\/2016\/08\/Respirator_Mask_4255_1.jpg\",\"datePublished\":\"2016-09-01T20:16:37+00:00\",\"dateModified\":\"2024-07-16T10:16:56+00:00\",\"description\":\"graffiti? online tienda para sprays de montana cans espana. tienda para arte en barcelona. rotuladores para arte? tienda graffiti\",\"breadcrumb\":{\"@id\":\"https:\/\/dev4.devmitsinformatica.com\/en\/shop\/graffiti-accesorios-shop-barcelona\/3m-respirador-4255-sin-filtro-de-repuesto-graffiti-spray\/#breadcrumb\"},\"inLanguage\":\"en-US\",\"potentialAction\":[{\"@type\":\"ReadAction\",\"target\":[\"https:\/\/dev4.devmitsinformatica.com\/en\/shop\/graffiti-accesorios-shop-barcelona\/3m-respirador-4255-sin-filtro-de-repuesto-graffiti-spray\/\"]}]},{\"@type\":\"ImageObject\",\"inLanguage\":\"en-US\",\"@id\":\"https:\/\/dev4.devmitsinformatica.com\/en\/shop\/graffiti-accesorios-shop-barcelona\/3m-respirador-4255-sin-filtro-de-repuesto-graffiti-spray\/#primaryimage\",\"url\":\"https:\/\/dev4.devmitsinformatica.com\/wp-content\/uploads\/2016\/08\/Respirator_Mask_4255_1.jpg\",\"contentUrl\":\"https:\/\/dev4.devmitsinformatica.com\/wp-content\/uploads\/2016\/08\/Respirator_Mask_4255_1.jpg\",\"width\":500,\"height\":500},{\"@type\":\"BreadcrumbList\",\"@id\":\"https:\/\/dev4.devmitsinformatica.com\/en\/shop\/graffiti-accesorios-shop-barcelona\/3m-respirador-4255-sin-filtro-de-repuesto-graffiti-spray\/#breadcrumb\",\"itemListElement\":[{\"@type\":\"ListItem\",\"position\":1,\"name\":\"Home\",\"item\":\"https:\/\/dev4.devmitsinformatica.com\/en\/\"},{\"@type\":\"ListItem\",\"position\":2,\"name\":\"Store\",\"item\":\"https:\/\/dev4.devmitsinformatica.com\/?page_id=38\"},{\"@type\":\"ListItem\",\"position\":3,\"name\":\"3M Respirador 4255\"}]},{\"@type\":\"WebSite\",\"@id\":\"https:\/\/dev4.devmitsinformatica.com\/en\/#website\",\"url\":\"https:\/\/dev4.devmitsinformatica.com\/en\/\",\"name\":\"ULTRAWIDE GRAFFITI SHOP\",\"description\":\"SPRAY GRAFFITI SHOP CAPS Y ROTULADORES\",\"publisher\":{\"@id\":\"https:\/\/dev4.devmitsinformatica.com\/en\/#organization\"},\"potentialAction\":[{\"@type\":\"SearchAction\",\"target\":{\"@type\":\"EntryPoint\",\"urlTemplate\":\"https:\/\/dev4.devmitsinformatica.com\/en\/?s={search_term_string}\"},\"query-input\":{\"@type\":\"PropertyValueSpecification\",\"valueRequired\":true,\"valueName\":\"search_term_string\"}}],\"inLanguage\":\"en-US\"},{\"@type\":\"Organization\",\"@id\":\"https:\/\/dev4.devmitsinformatica.com\/en\/#organization\",\"name\":\"ANDEN Graffiti Shop Barcelona\",\"url\":\"https:\/\/dev4.devmitsinformatica.com\/en\/\",\"logo\":{\"@type\":\"ImageObject\",\"inLanguage\":\"en-US\",\"@id\":\"https:\/\/dev4.devmitsinformatica.com\/en\/#\/schema\/logo\/image\/\",\"url\":\"https:\/\/dev4.devmitsinformatica.com\/wp-content\/uploads\/2016\/11\/graffiti-gallery-barcelona.png\",\"contentUrl\":\"https:\/\/dev4.devmitsinformatica.com\/wp-content\/uploads\/2016\/11\/graffiti-gallery-barcelona.png\",\"width\":386,\"height\":150,\"caption\":\"ANDEN Graffiti Shop Barcelona\"},\"image\":{\"@id\":\"https:\/\/dev4.devmitsinformatica.com\/en\/#\/schema\/logo\/image\/\"}}]}<\/script>\n<!-- \/ Yoast SEO plugin. -->","yoast_head_json":{"title":"3M Respirador 4255 Ultrawide Graffiti Shop Barcelona","description":"graffiti? online tienda para sprays de montana cans espana. tienda para arte en barcelona. rotuladores para arte? tienda graffiti","robots":{"index":"index","follow":"follow","max-snippet":"max-snippet:-1","max-image-preview":"max-image-preview:large","max-video-preview":"max-video-preview:-1"},"canonical":"https:\/\/dev4.devmitsinformatica.com\/en\/shop\/graffiti-accesorios-shop-barcelona\/3m-respirador-4255-sin-filtro-de-repuesto-graffiti-spray\/","og_locale":"en_US","og_type":"article","og_title":"3M Respirador 4255 Ultrawide Graffiti Shop Barcelona","og_description":"graffiti? online tienda para sprays de montana cans espana. tienda para arte en barcelona. rotuladores para arte? tienda graffiti","og_url":"https:\/\/dev4.devmitsinformatica.com\/en\/shop\/graffiti-accesorios-shop-barcelona\/3m-respirador-4255-sin-filtro-de-repuesto-graffiti-spray\/","og_site_name":"ULTRAWIDE GRAFFITI SHOP","article_modified_time":"2024-07-16T10:16:56+00:00","og_image":[{"width":500,"height":500,"url":"https:\/\/dev4.devmitsinformatica.com\/wp-content\/uploads\/2016\/08\/Respirator_Mask_4255_1.jpg","type":"image\/jpeg"}],"twitter_card":"summary_large_image","twitter_misc":{"Est. reading time":"1 minute"},"schema":{"@context":"https:\/\/schema.org","@graph":[{"@type":"WebPage","@id":"https:\/\/dev4.devmitsinformatica.com\/en\/shop\/graffiti-accesorios-shop-barcelona\/3m-respirador-4255-sin-filtro-de-repuesto-graffiti-spray\/","url":"https:\/\/dev4.devmitsinformatica.com\/en\/shop\/graffiti-accesorios-shop-barcelona\/3m-respirador-4255-sin-filtro-de-repuesto-graffiti-spray\/","name":"3M Respirador 4255 Ultrawide Graffiti Shop Barcelona","isPartOf":{"@id":"https:\/\/dev4.devmitsinformatica.com\/en\/#website"},"primaryImageOfPage":{"@id":"https:\/\/dev4.devmitsinformatica.com\/en\/shop\/graffiti-accesorios-shop-barcelona\/3m-respirador-4255-sin-filtro-de-repuesto-graffiti-spray\/#primaryimage"},"image":{"@id":"https:\/\/dev4.devmitsinformatica.com\/en\/shop\/graffiti-accesorios-shop-barcelona\/3m-respirador-4255-sin-filtro-de-repuesto-graffiti-spray\/#primaryimage"},"thumbnailUrl":"https:\/\/dev4.devmitsinformatica.com\/wp-content\/uploads\/2016\/08\/Respirator_Mask_4255_1.jpg","datePublished":"2016-09-01T20:16:37+00:00","dateModified":"2024-07-16T10:16:56+00:00","description":"graffiti? online tienda para sprays de montana cans espana. tienda para arte en barcelona. rotuladores para arte? tienda graffiti","breadcrumb":{"@id":"https:\/\/dev4.devmitsinformatica.com\/en\/shop\/graffiti-accesorios-shop-barcelona\/3m-respirador-4255-sin-filtro-de-repuesto-graffiti-spray\/#breadcrumb"},"inLanguage":"en-US","potentialAction":[{"@type":"ReadAction","target":["https:\/\/dev4.devmitsinformatica.com\/en\/shop\/graffiti-accesorios-shop-barcelona\/3m-respirador-4255-sin-filtro-de-repuesto-graffiti-spray\/"]}]},{"@type":"ImageObject","inLanguage":"en-US","@id":"https:\/\/dev4.devmitsinformatica.com\/en\/shop\/graffiti-accesorios-shop-barcelona\/3m-respirador-4255-sin-filtro-de-repuesto-graffiti-spray\/#primaryimage","url":"https:\/\/dev4.devmitsinformatica.com\/wp-content\/uploads\/2016\/08\/Respirator_Mask_4255_1.jpg","contentUrl":"https:\/\/dev4.devmitsinformatica.com\/wp-content\/uploads\/2016\/08\/Respirator_Mask_4255_1.jpg","width":500,"height":500},{"@type":"BreadcrumbList","@id":"https:\/\/dev4.devmitsinformatica.com\/en\/shop\/graffiti-accesorios-shop-barcelona\/3m-respirador-4255-sin-filtro-de-repuesto-graffiti-spray\/#breadcrumb","itemListElement":[{"@type":"ListItem","position":1,"name":"Home","item":"https:\/\/dev4.devmitsinformatica.com\/en\/"},{"@type":"ListItem","position":2,"name":"Store","item":"https:\/\/dev4.devmitsinformatica.com\/?page_id=38"},{"@type":"ListItem","position":3,"name":"3M Respirador 4255"}]},{"@type":"WebSite","@id":"https:\/\/dev4.devmitsinformatica.com\/en\/#website","url":"https:\/\/dev4.devmitsinformatica.com\/en\/","name":"ULTRAWIDE GRAFFITI SHOP","description":"SPRAY GRAFFITI SHOP CAPS Y ROTULADORES","publisher":{"@id":"https:\/\/dev4.devmitsinformatica.com\/en\/#organization"},"potentialAction":[{"@type":"SearchAction","target":{"@type":"EntryPoint","urlTemplate":"https:\/\/dev4.devmitsinformatica.com\/en\/?s={search_term_string}"},"query-input":{"@type":"PropertyValueSpecification","valueRequired":true,"valueName":"search_term_string"}}],"inLanguage":"en-US"},{"@type":"Organization","@id":"https:\/\/dev4.devmitsinformatica.com\/en\/#organization","name":"ANDEN Graffiti Shop Barcelona","url":"https:\/\/dev4.devmitsinformatica.com\/en\/","logo":{"@type":"ImageObject","inLanguage":"en-US","@id":"https:\/\/dev4.devmitsinformatica.com\/en\/#\/schema\/logo\/image\/","url":"https:\/\/dev4.devmitsinformatica.com\/wp-content\/uploads\/2016\/11\/graffiti-gallery-barcelona.png","contentUrl":"https:\/\/dev4.devmitsinformatica.com\/wp-content\/uploads\/2016\/11\/graffiti-gallery-barcelona.png","width":386,"height":150,"caption":"ANDEN Graffiti Shop Barcelona"},"image":{"@id":"https:\/\/dev4.devmitsinformatica.com\/en\/#\/schema\/logo\/image\/"}}]}},"_links":{"self":[{"href":"https:\/\/dev4.devmitsinformatica.com\/en\/wp-json\/wp\/v2\/product\/2156","targetHints":{"allow":["GET"]}}],"collection":[{"href":"https:\/\/dev4.devmitsinformatica.com\/en\/wp-json\/wp\/v2\/product"}],"about":[{"href":"https:\/\/dev4.devmitsinformatica.com\/en\/wp-json\/wp\/v2\/types\/product"}],"replies":[{"embeddable":true,"href":"https:\/\/dev4.devmitsinformatica.com\/en\/wp-json\/wp\/v2\/comments?post=2156"}],"version-history":[{"count":0,"href":"https:\/\/dev4.devmitsinformatica.com\/en\/wp-json\/wp\/v2\/product\/2156\/revisions"}],"wp:featuredmedia":[{"embeddable":true,"href":"https:\/\/dev4.devmitsinformatica.com\/en\/wp-json\/wp\/v2\/media\/31"}],"wp:attachment":[{"href":"https:\/\/dev4.devmitsinformatica.com\/en\/wp-json\/wp\/v2\/media?parent=2156"}],"wp:term":[{"taxonomy":"product_brand","embeddable":true,"href":"https:\/\/dev4.devmitsinformatica.com\/en\/wp-json\/wp\/v2\/product_brand?post=2156"},{"taxonomy":"product_cat","embeddable":true,"href":"https:\/\/dev4.devmitsinformatica.com\/en\/wp-json\/wp\/v2\/product_cat?post=2156"},{"taxonomy":"product_tag","embeddable":true,"href":"https:\/\/dev4.devmitsinformatica.com\/en\/wp-json\/wp\/v2\/product_tag?post=2156"}],"curies":[{"name":"wp","href":"https:\/\/api.w.org\/{rel}","templated":true}]}}