{"id":2182,"date":"2016-09-01T20:16:48","date_gmt":"2016-09-01T20:16:48","guid":{"rendered":"http:\/\/spraygraffiti.com\/index.php\/product\/montana-acrylic-rotulador-set-0-7mm-6er\/"},"modified":"2023-10-16T17:27:22","modified_gmt":"2023-10-16T17:27:22","slug":"montana-acrylic-rotulador-set-0-7mm-6er","status":"publish","type":"product","link":"https:\/\/dev4.devmitsinformatica.com\/en\/shop\/graffiti-rotulador-shop-barcelona\/graffiti-montana-acrilicos-shop-barcelona\/montana-acrylic-rotulador-set-0-7mm-6er\/","title":{"rendered":"Montana Acrylic Rotulador Set 0.7mm 6er"},"content":{"rendered":"<h1>Montana Acrylic Rotulador Set 0.7mm 6er<\/h1>\n<p>Montana Acrylic Rotulador Set 0.7mm 6er. El marcador conjunto Extrafine Montana, consta de 6 ACR\u00cdLICO Extrafine marcador de 0,7 mm en colores primarios. El cuadro el pack transparente con cierre, proporciona una visi\u00f3n r\u00e1pida y un manejo c\u00f3modo.<\/p>\n<p>La nueva serie de marcador de Montana ACR\u00cdLICO est\u00e1 disponible en 36 colores + barniz brillante, coincidiendo con el espectro de color popular de la pintura en spray GOLD Montana. Los marcadores est\u00e1n disponibles en tama\u00f1os de 0,7 mm extrafino (en 14 colores), fino de 2 mm (en 36 colores + barniz brillante), est\u00e1ndar de 15 mm disponible (en 26 colores + barniz brillante), 30mm y 50mm (plata H y SH Negro) de ancho , Todos los modelos son recargables y tienen puntas intercambiables (fieltro o de pl\u00e1stico). Montana Pintura acr\u00edlica es resistente a los UV, resistente al agua \u00a0(despu\u00e9s de sellar) y en muchos sustratos tales como la abrasi\u00f3n Lienzo, madera, vidrio, piedra, cuero o metal usado sin ning\u00fan problema. Todos los colores est\u00e1n disponibles como 25 ml (en 36 colores + barniz brillante) y 180 ml en 34 colores + barniz brillante) Refill disponibles y se pueden mezclar f\u00e1cilmente con otros. Cada modelo tambi\u00e9n est\u00e1 disponible como un marcador de vac\u00edo se puede llenar.<\/p>\n<p>Colores:<br \/>\nShock Yellow Light<br \/>\nShock Red<br \/>\nShock Blue Light<br \/>\nShock Green Light<br \/>\nShock White<br \/>\nShock Black<\/p>\n<p>&nbsp;<\/p>\n<p>pack rotuladores, set de acrilicos, pack acrilicos montana, <strong><em><span style=\"text-decoration: underline;\">rotuladores al agua<\/span><\/em><\/strong>, marcadores al agua<\/p>\n","protected":false},"excerpt":{"rendered":"<p>El marcador conjunto Extrafine Montana, consta de 6 ACR\u00cdLICO Extrafine marcador de 0,7 mm en colores primarios. El cuadro el pack transparente con cierre, proporciona una visi\u00f3n r\u00e1pida y un manejo c\u00f3modo.<\/p>\n<p>La nueva serie de marcador de Montana ACR\u00cdLICO est\u00e1 disponible en 36 colores + barniz brillante, coincidiendo con el espectro de color popular de la pintura en spray GOLD Montana. Los marcadores est\u00e1n disponibles en tama\u00f1os de 0,7 mm extrafino (en 14 colores), fino de 2 mm (en 36 colores + barniz brillante), est\u00e1ndar de 15 mm disponible (en 26 colores + barniz brillante), 30mm y 50mm (plata H y SH Negro) de ancho , Todos los modelos son recargables y tienen puntas intercambiables (fieltro o de pl\u00e1stico). Montana Pintura acr\u00edlica es resistente a los UV, resistente al agua \u00a0(despu\u00e9s de sellar) y en muchos sustratos tales como la abrasi\u00f3n Lienzo, madera, vidrio, piedra, cuero o metal usado sin ning\u00fan problema. Todos los colores est\u00e1n disponibles como 25 ml (en 36 colores + barniz brillante) y 180 ml en 34 colores + barniz brillante) Refill disponibles y se pueden mezclar f\u00e1cilmente con otros. Cada modelo tambi\u00e9n est\u00e1 disponible como un marcador de vac\u00edo se puede llenar.<\/p>\n<p>&nbsp;<\/p>\n","protected":false},"featured_media":93,"comment_status":"closed","ping_status":"closed","template":"","meta":{"site-sidebar-layout":"default","site-content-layout":"","ast-site-content-layout":"default","site-content-style":"default","site-sidebar-style":"default","ast-global-header-display":"","ast-banner-title-visibility":"","ast-main-header-display":"","ast-hfb-above-header-display":"","ast-hfb-below-header-display":"","ast-hfb-mobile-header-display":"","site-post-title":"","ast-breadcrumbs-content":"","ast-featured-img":"","footer-sml-layout":"","ast-disable-related-posts":"","theme-transparent-header-meta":"","adv-header-id-meta":"","stick-header-meta":"","header-above-stick-meta":"","header-main-stick-meta":"","header-below-stick-meta":"","astra-migrate-meta-layouts":"default","ast-page-background-enabled":"default","ast-page-background-meta":{"desktop":{"background-color":"","background-image":"","background-repeat":"repeat","background-position":"center center","background-size":"auto","background-attachment":"scroll","background-type":"","background-media":"","overlay-type":"","overlay-color":"","overlay-opacity":"","overlay-gradient":""},"tablet":{"background-color":"","background-image":"","background-repeat":"repeat","background-position":"center center","background-size":"auto","background-attachment":"scroll","background-type":"","background-media":"","overlay-type":"","overlay-color":"","overlay-opacity":"","overlay-gradient":""},"mobile":{"background-color":"","background-image":"","background-repeat":"repeat","background-position":"center center","background-size":"auto","background-attachment":"scroll","background-type":"","background-media":"","overlay-type":"","overlay-color":"","overlay-opacity":"","overlay-gradient":""}},"ast-content-background-meta":{"desktop":{"background-color":"var(--ast-global-color-5)","background-image":"","background-repeat":"repeat","background-position":"center center","background-size":"auto","background-attachment":"scroll","background-type":"","background-media":"","overlay-type":"","overlay-color":"","overlay-opacity":"","overlay-gradient":""},"tablet":{"background-color":"var(--ast-global-color-5)","background-image":"","background-repeat":"repeat","background-position":"center center","background-size":"auto","background-attachment":"scroll","background-type":"","background-media":"","overlay-type":"","overlay-color":"","overlay-opacity":"","overlay-gradient":""},"mobile":{"background-color":"var(--ast-global-color-5)","background-image":"","background-repeat":"repeat","background-position":"center center","background-size":"auto","background-attachment":"scroll","background-type":"","background-media":"","overlay-type":"","overlay-color":"","overlay-opacity":"","overlay-gradient":""}}},"product_brand":[],"product_cat":[7,975],"product_tag":[829,1019,828,830,831,832],"class_list":{"0":"post-2182","1":"product","2":"type-product","3":"status-publish","4":"has-post-thumbnail","6":"product_cat-graffiti-rotulador-shop-barcelona","7":"product_cat-graffiti-montana-acrilicos-shop-barcelona","8":"product_tag-comprar-montana-rotulador-set","9":"product_tag-montana","10":"product_tag-montana-rotulador-set","11":"product_tag-montana-rotulador-set-comprar","12":"product_tag-montana-rotulador-set-tienda","13":"product_tag-tienda-montana-rotulador-set","14":"desktop-align-left","15":"tablet-align-left","16":"mobile-align-left","18":"first","19":"instock","20":"purchasable","21":"product-type-simple"},"yoast_head":"<!-- This site is optimized with the Yoast SEO plugin v27.0 - https:\/\/yoast.com\/product\/yoast-seo-wordpress\/ -->\n<title>Montana Acrylic Rotulador Set 0.7mm 6er. Ultrawide Barcelona<\/title>\n<meta name=\"description\" content=\"online tienda para sprays de montana cans espana. rotuladores para arte? tienda para arte en barcelona. tienda bellas artes online?\" \/>\n<meta name=\"robots\" content=\"index, follow, max-snippet:-1, max-image-preview:large, max-video-preview:-1\" \/>\n<link rel=\"canonical\" href=\"https:\/\/dev4.devmitsinformatica.com\/en\/shop\/graffiti-rotulador-shop-barcelona\/graffiti-montana-acrilicos-shop-barcelona\/montana-acrylic-rotulador-set-0-7mm-6er\/\" \/>\n<meta property=\"og:locale\" content=\"en_US\" \/>\n<meta property=\"og:type\" content=\"article\" \/>\n<meta property=\"og:title\" content=\"Montana Acrylic Rotulador Set 0.7mm 6er. Ultrawide Barcelona\" \/>\n<meta property=\"og:description\" content=\"online tienda para sprays de montana cans espana. rotuladores para arte? tienda para arte en barcelona. tienda bellas artes online?\" \/>\n<meta property=\"og:url\" content=\"https:\/\/dev4.devmitsinformatica.com\/en\/shop\/graffiti-rotulador-shop-barcelona\/graffiti-montana-acrilicos-shop-barcelona\/montana-acrylic-rotulador-set-0-7mm-6er\/\" \/>\n<meta property=\"og:site_name\" content=\"ULTRAWIDE GRAFFITI SHOP\" \/>\n<meta property=\"article:modified_time\" content=\"2023-10-16T17:27:22+00:00\" \/>\n<meta property=\"og:image\" content=\"https:\/\/dev4.devmitsinformatica.com\/wp-content\/uploads\/2016\/08\/Montana_ACRYLIC_Marker_Set_07mm.jpg\" \/>\n\t<meta property=\"og:image:width\" content=\"500\" \/>\n\t<meta property=\"og:image:height\" content=\"500\" \/>\n\t<meta property=\"og:image:type\" content=\"image\/jpeg\" \/>\n<meta name=\"twitter:card\" content=\"summary_large_image\" \/>\n<meta name=\"twitter:label1\" content=\"Est. reading time\" \/>\n\t<meta name=\"twitter:data1\" content=\"1 minute\" \/>\n<script type=\"application\/ld+json\" class=\"yoast-schema-graph\">{\"@context\":\"https:\/\/schema.org\",\"@graph\":[{\"@type\":\"WebPage\",\"@id\":\"https:\/\/dev4.devmitsinformatica.com\/en\/shop\/graffiti-rotulador-shop-barcelona\/graffiti-montana-acrilicos-shop-barcelona\/montana-acrylic-rotulador-set-0-7mm-6er\/\",\"url\":\"https:\/\/dev4.devmitsinformatica.com\/en\/shop\/graffiti-rotulador-shop-barcelona\/graffiti-montana-acrilicos-shop-barcelona\/montana-acrylic-rotulador-set-0-7mm-6er\/\",\"name\":\"Montana Acrylic Rotulador Set 0.7mm 6er. Ultrawide Barcelona\",\"isPartOf\":{\"@id\":\"https:\/\/dev4.devmitsinformatica.com\/en\/#website\"},\"primaryImageOfPage\":{\"@id\":\"https:\/\/dev4.devmitsinformatica.com\/en\/shop\/graffiti-rotulador-shop-barcelona\/graffiti-montana-acrilicos-shop-barcelona\/montana-acrylic-rotulador-set-0-7mm-6er\/#primaryimage\"},\"image\":{\"@id\":\"https:\/\/dev4.devmitsinformatica.com\/en\/shop\/graffiti-rotulador-shop-barcelona\/graffiti-montana-acrilicos-shop-barcelona\/montana-acrylic-rotulador-set-0-7mm-6er\/#primaryimage\"},\"thumbnailUrl\":\"https:\/\/dev4.devmitsinformatica.com\/wp-content\/uploads\/2016\/08\/Montana_ACRYLIC_Marker_Set_07mm.jpg\",\"datePublished\":\"2016-09-01T20:16:48+00:00\",\"dateModified\":\"2023-10-16T17:27:22+00:00\",\"description\":\"online tienda para sprays de montana cans espana. rotuladores para arte? tienda para arte en barcelona. tienda bellas artes online?\",\"breadcrumb\":{\"@id\":\"https:\/\/dev4.devmitsinformatica.com\/en\/shop\/graffiti-rotulador-shop-barcelona\/graffiti-montana-acrilicos-shop-barcelona\/montana-acrylic-rotulador-set-0-7mm-6er\/#breadcrumb\"},\"inLanguage\":\"en-US\",\"potentialAction\":[{\"@type\":\"ReadAction\",\"target\":[\"https:\/\/dev4.devmitsinformatica.com\/en\/shop\/graffiti-rotulador-shop-barcelona\/graffiti-montana-acrilicos-shop-barcelona\/montana-acrylic-rotulador-set-0-7mm-6er\/\"]}]},{\"@type\":\"ImageObject\",\"inLanguage\":\"en-US\",\"@id\":\"https:\/\/dev4.devmitsinformatica.com\/en\/shop\/graffiti-rotulador-shop-barcelona\/graffiti-montana-acrilicos-shop-barcelona\/montana-acrylic-rotulador-set-0-7mm-6er\/#primaryimage\",\"url\":\"https:\/\/dev4.devmitsinformatica.com\/wp-content\/uploads\/2016\/08\/Montana_ACRYLIC_Marker_Set_07mm.jpg\",\"contentUrl\":\"https:\/\/dev4.devmitsinformatica.com\/wp-content\/uploads\/2016\/08\/Montana_ACRYLIC_Marker_Set_07mm.jpg\",\"width\":500,\"height\":500},{\"@type\":\"BreadcrumbList\",\"@id\":\"https:\/\/dev4.devmitsinformatica.com\/en\/shop\/graffiti-rotulador-shop-barcelona\/graffiti-montana-acrilicos-shop-barcelona\/montana-acrylic-rotulador-set-0-7mm-6er\/#breadcrumb\",\"itemListElement\":[{\"@type\":\"ListItem\",\"position\":1,\"name\":\"Home\",\"item\":\"https:\/\/dev4.devmitsinformatica.com\/en\/\"},{\"@type\":\"ListItem\",\"position\":2,\"name\":\"Store\",\"item\":\"https:\/\/dev4.devmitsinformatica.com\/?page_id=38\"},{\"@type\":\"ListItem\",\"position\":3,\"name\":\"Montana Acrylic Rotulador Set 0.7mm 6er\"}]},{\"@type\":\"WebSite\",\"@id\":\"https:\/\/dev4.devmitsinformatica.com\/en\/#website\",\"url\":\"https:\/\/dev4.devmitsinformatica.com\/en\/\",\"name\":\"ULTRAWIDE GRAFFITI SHOP\",\"description\":\"SPRAY GRAFFITI SHOP CAPS Y ROTULADORES\",\"publisher\":{\"@id\":\"https:\/\/dev4.devmitsinformatica.com\/en\/#organization\"},\"potentialAction\":[{\"@type\":\"SearchAction\",\"target\":{\"@type\":\"EntryPoint\",\"urlTemplate\":\"https:\/\/dev4.devmitsinformatica.com\/en\/?s={search_term_string}\"},\"query-input\":{\"@type\":\"PropertyValueSpecification\",\"valueRequired\":true,\"valueName\":\"search_term_string\"}}],\"inLanguage\":\"en-US\"},{\"@type\":\"Organization\",\"@id\":\"https:\/\/dev4.devmitsinformatica.com\/en\/#organization\",\"name\":\"ANDEN Graffiti Shop Barcelona\",\"url\":\"https:\/\/dev4.devmitsinformatica.com\/en\/\",\"logo\":{\"@type\":\"ImageObject\",\"inLanguage\":\"en-US\",\"@id\":\"https:\/\/dev4.devmitsinformatica.com\/en\/#\/schema\/logo\/image\/\",\"url\":\"https:\/\/dev4.devmitsinformatica.com\/wp-content\/uploads\/2016\/11\/graffiti-gallery-barcelona.png\",\"contentUrl\":\"https:\/\/dev4.devmitsinformatica.com\/wp-content\/uploads\/2016\/11\/graffiti-gallery-barcelona.png\",\"width\":386,\"height\":150,\"caption\":\"ANDEN Graffiti Shop Barcelona\"},\"image\":{\"@id\":\"https:\/\/dev4.devmitsinformatica.com\/en\/#\/schema\/logo\/image\/\"}}]}<\/script>\n<!-- \/ Yoast SEO plugin. -->","yoast_head_json":{"title":"Montana Acrylic Rotulador Set 0.7mm 6er. Ultrawide Barcelona","description":"online tienda para sprays de montana cans espana. rotuladores para arte? tienda para arte en barcelona. tienda bellas artes online?","robots":{"index":"index","follow":"follow","max-snippet":"max-snippet:-1","max-image-preview":"max-image-preview:large","max-video-preview":"max-video-preview:-1"},"canonical":"https:\/\/dev4.devmitsinformatica.com\/en\/shop\/graffiti-rotulador-shop-barcelona\/graffiti-montana-acrilicos-shop-barcelona\/montana-acrylic-rotulador-set-0-7mm-6er\/","og_locale":"en_US","og_type":"article","og_title":"Montana Acrylic Rotulador Set 0.7mm 6er. Ultrawide Barcelona","og_description":"online tienda para sprays de montana cans espana. rotuladores para arte? tienda para arte en barcelona. tienda bellas artes online?","og_url":"https:\/\/dev4.devmitsinformatica.com\/en\/shop\/graffiti-rotulador-shop-barcelona\/graffiti-montana-acrilicos-shop-barcelona\/montana-acrylic-rotulador-set-0-7mm-6er\/","og_site_name":"ULTRAWIDE GRAFFITI SHOP","article_modified_time":"2023-10-16T17:27:22+00:00","og_image":[{"width":500,"height":500,"url":"https:\/\/dev4.devmitsinformatica.com\/wp-content\/uploads\/2016\/08\/Montana_ACRYLIC_Marker_Set_07mm.jpg","type":"image\/jpeg"}],"twitter_card":"summary_large_image","twitter_misc":{"Est. reading time":"1 minute"},"schema":{"@context":"https:\/\/schema.org","@graph":[{"@type":"WebPage","@id":"https:\/\/dev4.devmitsinformatica.com\/en\/shop\/graffiti-rotulador-shop-barcelona\/graffiti-montana-acrilicos-shop-barcelona\/montana-acrylic-rotulador-set-0-7mm-6er\/","url":"https:\/\/dev4.devmitsinformatica.com\/en\/shop\/graffiti-rotulador-shop-barcelona\/graffiti-montana-acrilicos-shop-barcelona\/montana-acrylic-rotulador-set-0-7mm-6er\/","name":"Montana Acrylic Rotulador Set 0.7mm 6er. Ultrawide Barcelona","isPartOf":{"@id":"https:\/\/dev4.devmitsinformatica.com\/en\/#website"},"primaryImageOfPage":{"@id":"https:\/\/dev4.devmitsinformatica.com\/en\/shop\/graffiti-rotulador-shop-barcelona\/graffiti-montana-acrilicos-shop-barcelona\/montana-acrylic-rotulador-set-0-7mm-6er\/#primaryimage"},"image":{"@id":"https:\/\/dev4.devmitsinformatica.com\/en\/shop\/graffiti-rotulador-shop-barcelona\/graffiti-montana-acrilicos-shop-barcelona\/montana-acrylic-rotulador-set-0-7mm-6er\/#primaryimage"},"thumbnailUrl":"https:\/\/dev4.devmitsinformatica.com\/wp-content\/uploads\/2016\/08\/Montana_ACRYLIC_Marker_Set_07mm.jpg","datePublished":"2016-09-01T20:16:48+00:00","dateModified":"2023-10-16T17:27:22+00:00","description":"online tienda para sprays de montana cans espana. rotuladores para arte? tienda para arte en barcelona. tienda bellas artes online?","breadcrumb":{"@id":"https:\/\/dev4.devmitsinformatica.com\/en\/shop\/graffiti-rotulador-shop-barcelona\/graffiti-montana-acrilicos-shop-barcelona\/montana-acrylic-rotulador-set-0-7mm-6er\/#breadcrumb"},"inLanguage":"en-US","potentialAction":[{"@type":"ReadAction","target":["https:\/\/dev4.devmitsinformatica.com\/en\/shop\/graffiti-rotulador-shop-barcelona\/graffiti-montana-acrilicos-shop-barcelona\/montana-acrylic-rotulador-set-0-7mm-6er\/"]}]},{"@type":"ImageObject","inLanguage":"en-US","@id":"https:\/\/dev4.devmitsinformatica.com\/en\/shop\/graffiti-rotulador-shop-barcelona\/graffiti-montana-acrilicos-shop-barcelona\/montana-acrylic-rotulador-set-0-7mm-6er\/#primaryimage","url":"https:\/\/dev4.devmitsinformatica.com\/wp-content\/uploads\/2016\/08\/Montana_ACRYLIC_Marker_Set_07mm.jpg","contentUrl":"https:\/\/dev4.devmitsinformatica.com\/wp-content\/uploads\/2016\/08\/Montana_ACRYLIC_Marker_Set_07mm.jpg","width":500,"height":500},{"@type":"BreadcrumbList","@id":"https:\/\/dev4.devmitsinformatica.com\/en\/shop\/graffiti-rotulador-shop-barcelona\/graffiti-montana-acrilicos-shop-barcelona\/montana-acrylic-rotulador-set-0-7mm-6er\/#breadcrumb","itemListElement":[{"@type":"ListItem","position":1,"name":"Home","item":"https:\/\/dev4.devmitsinformatica.com\/en\/"},{"@type":"ListItem","position":2,"name":"Store","item":"https:\/\/dev4.devmitsinformatica.com\/?page_id=38"},{"@type":"ListItem","position":3,"name":"Montana Acrylic Rotulador Set 0.7mm 6er"}]},{"@type":"WebSite","@id":"https:\/\/dev4.devmitsinformatica.com\/en\/#website","url":"https:\/\/dev4.devmitsinformatica.com\/en\/","name":"ULTRAWIDE GRAFFITI SHOP","description":"SPRAY GRAFFITI SHOP CAPS Y ROTULADORES","publisher":{"@id":"https:\/\/dev4.devmitsinformatica.com\/en\/#organization"},"potentialAction":[{"@type":"SearchAction","target":{"@type":"EntryPoint","urlTemplate":"https:\/\/dev4.devmitsinformatica.com\/en\/?s={search_term_string}"},"query-input":{"@type":"PropertyValueSpecification","valueRequired":true,"valueName":"search_term_string"}}],"inLanguage":"en-US"},{"@type":"Organization","@id":"https:\/\/dev4.devmitsinformatica.com\/en\/#organization","name":"ANDEN Graffiti Shop Barcelona","url":"https:\/\/dev4.devmitsinformatica.com\/en\/","logo":{"@type":"ImageObject","inLanguage":"en-US","@id":"https:\/\/dev4.devmitsinformatica.com\/en\/#\/schema\/logo\/image\/","url":"https:\/\/dev4.devmitsinformatica.com\/wp-content\/uploads\/2016\/11\/graffiti-gallery-barcelona.png","contentUrl":"https:\/\/dev4.devmitsinformatica.com\/wp-content\/uploads\/2016\/11\/graffiti-gallery-barcelona.png","width":386,"height":150,"caption":"ANDEN Graffiti Shop Barcelona"},"image":{"@id":"https:\/\/dev4.devmitsinformatica.com\/en\/#\/schema\/logo\/image\/"}}]}},"_links":{"self":[{"href":"https:\/\/dev4.devmitsinformatica.com\/en\/wp-json\/wp\/v2\/product\/2182","targetHints":{"allow":["GET"]}}],"collection":[{"href":"https:\/\/dev4.devmitsinformatica.com\/en\/wp-json\/wp\/v2\/product"}],"about":[{"href":"https:\/\/dev4.devmitsinformatica.com\/en\/wp-json\/wp\/v2\/types\/product"}],"replies":[{"embeddable":true,"href":"https:\/\/dev4.devmitsinformatica.com\/en\/wp-json\/wp\/v2\/comments?post=2182"}],"version-history":[{"count":0,"href":"https:\/\/dev4.devmitsinformatica.com\/en\/wp-json\/wp\/v2\/product\/2182\/revisions"}],"wp:featuredmedia":[{"embeddable":true,"href":"https:\/\/dev4.devmitsinformatica.com\/en\/wp-json\/wp\/v2\/media\/93"}],"wp:attachment":[{"href":"https:\/\/dev4.devmitsinformatica.com\/en\/wp-json\/wp\/v2\/media?parent=2182"}],"wp:term":[{"taxonomy":"product_brand","embeddable":true,"href":"https:\/\/dev4.devmitsinformatica.com\/en\/wp-json\/wp\/v2\/product_brand?post=2182"},{"taxonomy":"product_cat","embeddable":true,"href":"https:\/\/dev4.devmitsinformatica.com\/en\/wp-json\/wp\/v2\/product_cat?post=2182"},{"taxonomy":"product_tag","embeddable":true,"href":"https:\/\/dev4.devmitsinformatica.com\/en\/wp-json\/wp\/v2\/product_tag?post=2182"}],"curies":[{"name":"wp","href":"https:\/\/api.w.org\/{rel}","templated":true}]}}