{"id":2186,"date":"2016-09-01T20:16:48","date_gmt":"2016-09-01T20:16:48","guid":{"rendered":"http:\/\/spraygraffiti.com\/index.php\/product\/montana-acrylic-rotulador-set-2mm-b-12er\/"},"modified":"2023-10-16T17:21:49","modified_gmt":"2023-10-16T17:21:49","slug":"montana-acrylic-rotulador-set-2mm-b-12er","status":"publish","type":"product","link":"https:\/\/dev4.devmitsinformatica.com\/en\/shop\/graffiti-rotulador-shop-barcelona\/graffiti-montana-acrilicos-shop-barcelona\/montana-acrylic-rotulador-set-2mm-b-12er\/","title":{"rendered":"Montana Acrylic Rotulador Set 2mm B 12er"},"content":{"rendered":"<p>&nbsp;<\/p>\n<h1>Montana Acrylic Rotulador Set 2mm B 12er<\/h1>\n<p>Montana Acrylic Rotulador Set 2mm B 12er. El 12er pack fine marker est\u00e1 disponible en 3 versiones diferentes. \u00c9ste es el conjunto B y contiene 12 marcadores <em><span style=\"text-decoration: underline;\">Montana ACR\u00cdLICO<\/span><\/em> 2 mm FINE.<\/p>\n<p>Marcador de pintura Montana ACR\u00cdLICO<br \/>\nLa nueva serie de marcador de Montana ACR\u00cdLICO est\u00e1 disponible en 36 colores + barniz brillante, coincidiendo con el espectro de color popular de la pintura en spray GOLD Montana. Los marcadores est\u00e1n disponibles en tama\u00f1os de 0,7 mm extrafino (en 14 colores), fino de 2 mm (en 36 colores + barniz brillante), est\u00e1ndar de 15 mm disponible (en 26 colores + barniz brillante), 30mm y 50mm (plata H y SH Negro) de ancho , Todos los modelos son recargables y tienen puntas intercambiables (fieltro o de pl\u00e1stico). Montana Pintura acr\u00edlica es resistente a los UV, resistente al agua \u00a0(despu\u00e9s de sellar) y en muchos sustratos tales como la abrasi\u00f3n Lienzo, madera, vidrio, piedra, cuero o metal usado sin ning\u00fan problema. Todos los colores est\u00e1n disponibles como 25 ml (en 36 colores + barniz brillante) y 180 ml en 34 colores + barniz brillante) Refill disponibles y se pueden mezclar f\u00e1cilmente con otros. Cada modelo tambi\u00e9n est\u00e1 disponible como un marcador de vac\u00edo se puede llenar.<\/p>\n<p>Nota:<br \/>\nLa igualaci\u00f3n de color<em> Montana acr\u00edlico<\/em> \/ GOLD: Debido a la diferente base de pintura \/ pintura de la Montana acr\u00edlico (, tonos mate profundo a base de agua) y Montana pintura en spray GOD (, mate-semi satinado de disolvente) se recomienda de manera concluyente el sujeto o el objeto con capa transparente Montana Gold para sellar el brillo. Se pueden dar ligeras diferencias de color entre Montana y Montana Gold acr\u00edlico dependiendo de la naturaleza y caracter\u00edsticas del subsuelo. Un juego con el color del 100% no se puede garantizar, por lo que se recomienda una prueba antes de su uso! \u2022 Matt &amp; altamente opacos colores<br \/>\n\u2022 a base de agua y libre de solventes<br \/>\n\u2022 punta reemplazable, <strong>marcador rellenable<\/strong><br \/>\n\u2022 adecuado para su uso en interiores y exteriores (resistente a la intemperie con barniz sellador)<br \/>\n\u2022 UV-resistente y de secado r\u00e1pido<br \/>\n\u2022 todos los marcadores estan tambi\u00e9n disponibles como un marcador vac\u00edo<br \/>\nColores:<br \/>\nShock Yellow Light, Shock Orange Light, Shock Orange Dark, Shock Kent Blood Red<br \/>\nShock Pink Light, Shock Blue Light, Shock Blue Dark, Shock Green Light,<br \/>\nShock Green Dark, Shock Brown Light, Shock Brown dark, Gravel<\/p>\n","protected":false},"excerpt":{"rendered":"<p>El 12er pack fine marker est\u00e1 disponible en 3 versiones diferentes. \u00c9ste es el conjunto B y contiene 12 marcadores <em><span style=\"text-decoration: underline;\">Montana ACR\u00cdLICO<\/span><\/em> 2 mm FINE.<\/p>\n<p>Marcador de pintura Montana ACR\u00cdLICO<br \/>\nLa nueva serie de marcador de Montana ACR\u00cdLICO est\u00e1 disponible en 36 colores + barniz brillante, coincidiendo con el espectro de color popular de la pintura en spray GOLD Montana. Los marcadores est\u00e1n disponibles en tama\u00f1os de 0,7 mm extrafino (en 14 colores), fino de 2 mm (en 36 colores + barniz brillante), est\u00e1ndar de 15 mm disponible (en 26 colores + barniz brillante), 30mm y 50mm (plata H y SH Negro) de ancho , Todos los modelos son recargables y tienen puntas intercambiables (fieltro o de pl\u00e1stico). Montana Pintura acr\u00edlica es resistente a los UV, resistente al agua \u00a0(despu\u00e9s de sellar) y en muchos sustratos tales como la abrasi\u00f3n Lienzo, madera, vidrio, piedra, cuero o metal usado sin ning\u00fan problema. Todos los colores est\u00e1n disponibles como 25 ml (en 36 colores + barniz brillante) y 180 ml en 34 colores + barniz brillante) Refill disponibles y se pueden mezclar f\u00e1cilmente con otros. Cada modelo tambi\u00e9n est\u00e1 disponible como un marcador de vac\u00edo se puede llenar.<\/p>\n<p>&nbsp;<\/p>\n","protected":false},"featured_media":5788,"comment_status":"closed","ping_status":"closed","template":"","meta":{"site-sidebar-layout":"default","site-content-layout":"","ast-site-content-layout":"default","site-content-style":"default","site-sidebar-style":"default","ast-global-header-display":"","ast-banner-title-visibility":"","ast-main-header-display":"","ast-hfb-above-header-display":"","ast-hfb-below-header-display":"","ast-hfb-mobile-header-display":"","site-post-title":"","ast-breadcrumbs-content":"","ast-featured-img":"","footer-sml-layout":"","ast-disable-related-posts":"","theme-transparent-header-meta":"","adv-header-id-meta":"","stick-header-meta":"","header-above-stick-meta":"","header-main-stick-meta":"","header-below-stick-meta":"","astra-migrate-meta-layouts":"default","ast-page-background-enabled":"default","ast-page-background-meta":{"desktop":{"background-color":"","background-image":"","background-repeat":"repeat","background-position":"center center","background-size":"auto","background-attachment":"scroll","background-type":"","background-media":"","overlay-type":"","overlay-color":"","overlay-opacity":"","overlay-gradient":""},"tablet":{"background-color":"","background-image":"","background-repeat":"repeat","background-position":"center center","background-size":"auto","background-attachment":"scroll","background-type":"","background-media":"","overlay-type":"","overlay-color":"","overlay-opacity":"","overlay-gradient":""},"mobile":{"background-color":"","background-image":"","background-repeat":"repeat","background-position":"center center","background-size":"auto","background-attachment":"scroll","background-type":"","background-media":"","overlay-type":"","overlay-color":"","overlay-opacity":"","overlay-gradient":""}},"ast-content-background-meta":{"desktop":{"background-color":"var(--ast-global-color-5)","background-image":"","background-repeat":"repeat","background-position":"center center","background-size":"auto","background-attachment":"scroll","background-type":"","background-media":"","overlay-type":"","overlay-color":"","overlay-opacity":"","overlay-gradient":""},"tablet":{"background-color":"var(--ast-global-color-5)","background-image":"","background-repeat":"repeat","background-position":"center center","background-size":"auto","background-attachment":"scroll","background-type":"","background-media":"","overlay-type":"","overlay-color":"","overlay-opacity":"","overlay-gradient":""},"mobile":{"background-color":"var(--ast-global-color-5)","background-image":"","background-repeat":"repeat","background-position":"center center","background-size":"auto","background-attachment":"scroll","background-type":"","background-media":"","overlay-type":"","overlay-color":"","overlay-opacity":"","overlay-gradient":""}}},"product_brand":[],"product_cat":[7,975,2246],"product_tag":[1916,820,1909,1913,1910,2591,1019,2592,1915,1914,1917,2593,1911,2590,1912],"class_list":{"0":"post-2186","1":"product","2":"type-product","3":"status-publish","4":"has-post-thumbnail","6":"product_cat-graffiti-rotulador-shop-barcelona","7":"product_cat-graffiti-montana-acrilicos-shop-barcelona","8":"product_cat-montana-marker-set","9":"product_tag-caligrafia-comprar-rotuladores","10":"product_tag-calligraffiti-rotulador-set","11":"product_tag-calligraffiti-rotuladores-barato","12":"product_tag-calligraffiti-set-rotuladores","13":"product_tag-lettering-comprar-rotulador","14":"product_tag-marcador-acrilico","15":"product_tag-montana","16":"product_tag-pack-marcadores","17":"product_tag-rotulador-barato-caligrafia","18":"product_tag-rotulador-set-caligrafia","19":"product_tag-rotuladores-barato-lettering","20":"product_tag-rotuladores-montana","21":"product_tag-rotuladores-set-caligrafia","22":"product_tag-set-acrilico-profesional","23":"product_tag-set-rotuladores-lettering","24":"desktop-align-left","25":"tablet-align-left","26":"mobile-align-left","28":"first","29":"instock","30":"purchasable","31":"product-type-simple"},"yoast_head":"<!-- This site is optimized with the Yoast SEO plugin v27.0 - https:\/\/yoast.com\/product\/yoast-seo-wordpress\/ -->\n<title>Montana Acrylic Rotulador Set 2mm B 12er Ultrawide Shop Graffiti<\/title>\n<meta name=\"description\" content=\"spray para coches? materiales bellas artes barcelona? tienda bellas artes online? tienda bellas artes online? online tienda de montana cans espana.\" \/>\n<meta name=\"robots\" content=\"index, follow, max-snippet:-1, max-image-preview:large, max-video-preview:-1\" \/>\n<link rel=\"canonical\" href=\"https:\/\/dev4.devmitsinformatica.com\/en\/shop\/graffiti-rotulador-shop-barcelona\/graffiti-montana-acrilicos-shop-barcelona\/montana-acrylic-rotulador-set-2mm-b-12er\/\" \/>\n<meta property=\"og:locale\" content=\"en_US\" \/>\n<meta property=\"og:type\" content=\"article\" \/>\n<meta property=\"og:title\" content=\"Montana Acrylic Rotulador Set 2mm B 12er Ultrawide Shop Graffiti\" \/>\n<meta property=\"og:description\" content=\"spray para coches? materiales bellas artes barcelona? tienda bellas artes online? tienda bellas artes online? online tienda de montana cans espana.\" \/>\n<meta property=\"og:url\" content=\"https:\/\/dev4.devmitsinformatica.com\/en\/shop\/graffiti-rotulador-shop-barcelona\/graffiti-montana-acrilicos-shop-barcelona\/montana-acrylic-rotulador-set-2mm-b-12er\/\" \/>\n<meta property=\"og:site_name\" content=\"ULTRAWIDE GRAFFITI SHOP\" \/>\n<meta property=\"article:modified_time\" content=\"2023-10-16T17:21:49+00:00\" \/>\n<meta property=\"og:image\" content=\"https:\/\/dev4.devmitsinformatica.com\/wp-content\/uploads\/2016\/09\/MO-ACRYLIC_MARKER_SET_B_2MM.jpg\" \/>\n\t<meta property=\"og:image:width\" content=\"600\" \/>\n\t<meta property=\"og:image:height\" content=\"600\" \/>\n\t<meta property=\"og:image:type\" content=\"image\/jpeg\" \/>\n<meta name=\"twitter:card\" content=\"summary_large_image\" \/>\n<meta name=\"twitter:label1\" content=\"Est. reading time\" \/>\n\t<meta name=\"twitter:data1\" content=\"2 minutes\" \/>\n<script type=\"application\/ld+json\" class=\"yoast-schema-graph\">{\"@context\":\"https:\/\/schema.org\",\"@graph\":[{\"@type\":\"WebPage\",\"@id\":\"https:\/\/dev4.devmitsinformatica.com\/en\/shop\/graffiti-rotulador-shop-barcelona\/graffiti-montana-acrilicos-shop-barcelona\/montana-acrylic-rotulador-set-2mm-b-12er\/\",\"url\":\"https:\/\/dev4.devmitsinformatica.com\/en\/shop\/graffiti-rotulador-shop-barcelona\/graffiti-montana-acrilicos-shop-barcelona\/montana-acrylic-rotulador-set-2mm-b-12er\/\",\"name\":\"Montana Acrylic Rotulador Set 2mm B 12er Ultrawide Shop Graffiti\",\"isPartOf\":{\"@id\":\"https:\/\/dev4.devmitsinformatica.com\/en\/#website\"},\"primaryImageOfPage\":{\"@id\":\"https:\/\/dev4.devmitsinformatica.com\/en\/shop\/graffiti-rotulador-shop-barcelona\/graffiti-montana-acrilicos-shop-barcelona\/montana-acrylic-rotulador-set-2mm-b-12er\/#primaryimage\"},\"image\":{\"@id\":\"https:\/\/dev4.devmitsinformatica.com\/en\/shop\/graffiti-rotulador-shop-barcelona\/graffiti-montana-acrilicos-shop-barcelona\/montana-acrylic-rotulador-set-2mm-b-12er\/#primaryimage\"},\"thumbnailUrl\":\"https:\/\/dev4.devmitsinformatica.com\/wp-content\/uploads\/2016\/09\/MO-ACRYLIC_MARKER_SET_B_2MM.jpg\",\"datePublished\":\"2016-09-01T20:16:48+00:00\",\"dateModified\":\"2023-10-16T17:21:49+00:00\",\"description\":\"spray para coches? materiales bellas artes barcelona? tienda bellas artes online? tienda bellas artes online? online tienda de montana cans espana.\",\"breadcrumb\":{\"@id\":\"https:\/\/dev4.devmitsinformatica.com\/en\/shop\/graffiti-rotulador-shop-barcelona\/graffiti-montana-acrilicos-shop-barcelona\/montana-acrylic-rotulador-set-2mm-b-12er\/#breadcrumb\"},\"inLanguage\":\"en-US\",\"potentialAction\":[{\"@type\":\"ReadAction\",\"target\":[\"https:\/\/dev4.devmitsinformatica.com\/en\/shop\/graffiti-rotulador-shop-barcelona\/graffiti-montana-acrilicos-shop-barcelona\/montana-acrylic-rotulador-set-2mm-b-12er\/\"]}]},{\"@type\":\"ImageObject\",\"inLanguage\":\"en-US\",\"@id\":\"https:\/\/dev4.devmitsinformatica.com\/en\/shop\/graffiti-rotulador-shop-barcelona\/graffiti-montana-acrilicos-shop-barcelona\/montana-acrylic-rotulador-set-2mm-b-12er\/#primaryimage\",\"url\":\"https:\/\/dev4.devmitsinformatica.com\/wp-content\/uploads\/2016\/09\/MO-ACRYLIC_MARKER_SET_B_2MM.jpg\",\"contentUrl\":\"https:\/\/dev4.devmitsinformatica.com\/wp-content\/uploads\/2016\/09\/MO-ACRYLIC_MARKER_SET_B_2MM.jpg\",\"width\":600,\"height\":600,\"caption\":\"marcador profesional montana acr\u00edlico para cualquier superf\u00edcie, recargable\"},{\"@type\":\"BreadcrumbList\",\"@id\":\"https:\/\/dev4.devmitsinformatica.com\/en\/shop\/graffiti-rotulador-shop-barcelona\/graffiti-montana-acrilicos-shop-barcelona\/montana-acrylic-rotulador-set-2mm-b-12er\/#breadcrumb\",\"itemListElement\":[{\"@type\":\"ListItem\",\"position\":1,\"name\":\"Home\",\"item\":\"https:\/\/dev4.devmitsinformatica.com\/en\/\"},{\"@type\":\"ListItem\",\"position\":2,\"name\":\"Store\",\"item\":\"https:\/\/dev4.devmitsinformatica.com\/?page_id=38\"},{\"@type\":\"ListItem\",\"position\":3,\"name\":\"Montana Acrylic Rotulador Set 2mm B 12er\"}]},{\"@type\":\"WebSite\",\"@id\":\"https:\/\/dev4.devmitsinformatica.com\/en\/#website\",\"url\":\"https:\/\/dev4.devmitsinformatica.com\/en\/\",\"name\":\"ULTRAWIDE GRAFFITI SHOP\",\"description\":\"SPRAY GRAFFITI SHOP CAPS Y ROTULADORES\",\"publisher\":{\"@id\":\"https:\/\/dev4.devmitsinformatica.com\/en\/#organization\"},\"potentialAction\":[{\"@type\":\"SearchAction\",\"target\":{\"@type\":\"EntryPoint\",\"urlTemplate\":\"https:\/\/dev4.devmitsinformatica.com\/en\/?s={search_term_string}\"},\"query-input\":{\"@type\":\"PropertyValueSpecification\",\"valueRequired\":true,\"valueName\":\"search_term_string\"}}],\"inLanguage\":\"en-US\"},{\"@type\":\"Organization\",\"@id\":\"https:\/\/dev4.devmitsinformatica.com\/en\/#organization\",\"name\":\"ANDEN Graffiti Shop Barcelona\",\"url\":\"https:\/\/dev4.devmitsinformatica.com\/en\/\",\"logo\":{\"@type\":\"ImageObject\",\"inLanguage\":\"en-US\",\"@id\":\"https:\/\/dev4.devmitsinformatica.com\/en\/#\/schema\/logo\/image\/\",\"url\":\"https:\/\/dev4.devmitsinformatica.com\/wp-content\/uploads\/2016\/11\/graffiti-gallery-barcelona.png\",\"contentUrl\":\"https:\/\/dev4.devmitsinformatica.com\/wp-content\/uploads\/2016\/11\/graffiti-gallery-barcelona.png\",\"width\":386,\"height\":150,\"caption\":\"ANDEN Graffiti Shop Barcelona\"},\"image\":{\"@id\":\"https:\/\/dev4.devmitsinformatica.com\/en\/#\/schema\/logo\/image\/\"}}]}<\/script>\n<!-- \/ Yoast SEO plugin. -->","yoast_head_json":{"title":"Montana Acrylic Rotulador Set 2mm B 12er Ultrawide Shop Graffiti","description":"spray para coches? materiales bellas artes barcelona? tienda bellas artes online? tienda bellas artes online? online tienda de montana cans espana.","robots":{"index":"index","follow":"follow","max-snippet":"max-snippet:-1","max-image-preview":"max-image-preview:large","max-video-preview":"max-video-preview:-1"},"canonical":"https:\/\/dev4.devmitsinformatica.com\/en\/shop\/graffiti-rotulador-shop-barcelona\/graffiti-montana-acrilicos-shop-barcelona\/montana-acrylic-rotulador-set-2mm-b-12er\/","og_locale":"en_US","og_type":"article","og_title":"Montana Acrylic Rotulador Set 2mm B 12er Ultrawide Shop Graffiti","og_description":"spray para coches? materiales bellas artes barcelona? tienda bellas artes online? tienda bellas artes online? online tienda de montana cans espana.","og_url":"https:\/\/dev4.devmitsinformatica.com\/en\/shop\/graffiti-rotulador-shop-barcelona\/graffiti-montana-acrilicos-shop-barcelona\/montana-acrylic-rotulador-set-2mm-b-12er\/","og_site_name":"ULTRAWIDE GRAFFITI SHOP","article_modified_time":"2023-10-16T17:21:49+00:00","og_image":[{"width":600,"height":600,"url":"https:\/\/dev4.devmitsinformatica.com\/wp-content\/uploads\/2016\/09\/MO-ACRYLIC_MARKER_SET_B_2MM.jpg","type":"image\/jpeg"}],"twitter_card":"summary_large_image","twitter_misc":{"Est. reading time":"2 minutes"},"schema":{"@context":"https:\/\/schema.org","@graph":[{"@type":"WebPage","@id":"https:\/\/dev4.devmitsinformatica.com\/en\/shop\/graffiti-rotulador-shop-barcelona\/graffiti-montana-acrilicos-shop-barcelona\/montana-acrylic-rotulador-set-2mm-b-12er\/","url":"https:\/\/dev4.devmitsinformatica.com\/en\/shop\/graffiti-rotulador-shop-barcelona\/graffiti-montana-acrilicos-shop-barcelona\/montana-acrylic-rotulador-set-2mm-b-12er\/","name":"Montana Acrylic Rotulador Set 2mm B 12er Ultrawide Shop Graffiti","isPartOf":{"@id":"https:\/\/dev4.devmitsinformatica.com\/en\/#website"},"primaryImageOfPage":{"@id":"https:\/\/dev4.devmitsinformatica.com\/en\/shop\/graffiti-rotulador-shop-barcelona\/graffiti-montana-acrilicos-shop-barcelona\/montana-acrylic-rotulador-set-2mm-b-12er\/#primaryimage"},"image":{"@id":"https:\/\/dev4.devmitsinformatica.com\/en\/shop\/graffiti-rotulador-shop-barcelona\/graffiti-montana-acrilicos-shop-barcelona\/montana-acrylic-rotulador-set-2mm-b-12er\/#primaryimage"},"thumbnailUrl":"https:\/\/dev4.devmitsinformatica.com\/wp-content\/uploads\/2016\/09\/MO-ACRYLIC_MARKER_SET_B_2MM.jpg","datePublished":"2016-09-01T20:16:48+00:00","dateModified":"2023-10-16T17:21:49+00:00","description":"spray para coches? materiales bellas artes barcelona? tienda bellas artes online? tienda bellas artes online? online tienda de montana cans espana.","breadcrumb":{"@id":"https:\/\/dev4.devmitsinformatica.com\/en\/shop\/graffiti-rotulador-shop-barcelona\/graffiti-montana-acrilicos-shop-barcelona\/montana-acrylic-rotulador-set-2mm-b-12er\/#breadcrumb"},"inLanguage":"en-US","potentialAction":[{"@type":"ReadAction","target":["https:\/\/dev4.devmitsinformatica.com\/en\/shop\/graffiti-rotulador-shop-barcelona\/graffiti-montana-acrilicos-shop-barcelona\/montana-acrylic-rotulador-set-2mm-b-12er\/"]}]},{"@type":"ImageObject","inLanguage":"en-US","@id":"https:\/\/dev4.devmitsinformatica.com\/en\/shop\/graffiti-rotulador-shop-barcelona\/graffiti-montana-acrilicos-shop-barcelona\/montana-acrylic-rotulador-set-2mm-b-12er\/#primaryimage","url":"https:\/\/dev4.devmitsinformatica.com\/wp-content\/uploads\/2016\/09\/MO-ACRYLIC_MARKER_SET_B_2MM.jpg","contentUrl":"https:\/\/dev4.devmitsinformatica.com\/wp-content\/uploads\/2016\/09\/MO-ACRYLIC_MARKER_SET_B_2MM.jpg","width":600,"height":600,"caption":"marcador profesional montana acr\u00edlico para cualquier superf\u00edcie, recargable"},{"@type":"BreadcrumbList","@id":"https:\/\/dev4.devmitsinformatica.com\/en\/shop\/graffiti-rotulador-shop-barcelona\/graffiti-montana-acrilicos-shop-barcelona\/montana-acrylic-rotulador-set-2mm-b-12er\/#breadcrumb","itemListElement":[{"@type":"ListItem","position":1,"name":"Home","item":"https:\/\/dev4.devmitsinformatica.com\/en\/"},{"@type":"ListItem","position":2,"name":"Store","item":"https:\/\/dev4.devmitsinformatica.com\/?page_id=38"},{"@type":"ListItem","position":3,"name":"Montana Acrylic Rotulador Set 2mm B 12er"}]},{"@type":"WebSite","@id":"https:\/\/dev4.devmitsinformatica.com\/en\/#website","url":"https:\/\/dev4.devmitsinformatica.com\/en\/","name":"ULTRAWIDE GRAFFITI SHOP","description":"SPRAY GRAFFITI SHOP CAPS Y ROTULADORES","publisher":{"@id":"https:\/\/dev4.devmitsinformatica.com\/en\/#organization"},"potentialAction":[{"@type":"SearchAction","target":{"@type":"EntryPoint","urlTemplate":"https:\/\/dev4.devmitsinformatica.com\/en\/?s={search_term_string}"},"query-input":{"@type":"PropertyValueSpecification","valueRequired":true,"valueName":"search_term_string"}}],"inLanguage":"en-US"},{"@type":"Organization","@id":"https:\/\/dev4.devmitsinformatica.com\/en\/#organization","name":"ANDEN Graffiti Shop Barcelona","url":"https:\/\/dev4.devmitsinformatica.com\/en\/","logo":{"@type":"ImageObject","inLanguage":"en-US","@id":"https:\/\/dev4.devmitsinformatica.com\/en\/#\/schema\/logo\/image\/","url":"https:\/\/dev4.devmitsinformatica.com\/wp-content\/uploads\/2016\/11\/graffiti-gallery-barcelona.png","contentUrl":"https:\/\/dev4.devmitsinformatica.com\/wp-content\/uploads\/2016\/11\/graffiti-gallery-barcelona.png","width":386,"height":150,"caption":"ANDEN Graffiti Shop Barcelona"},"image":{"@id":"https:\/\/dev4.devmitsinformatica.com\/en\/#\/schema\/logo\/image\/"}}]}},"_links":{"self":[{"href":"https:\/\/dev4.devmitsinformatica.com\/en\/wp-json\/wp\/v2\/product\/2186","targetHints":{"allow":["GET"]}}],"collection":[{"href":"https:\/\/dev4.devmitsinformatica.com\/en\/wp-json\/wp\/v2\/product"}],"about":[{"href":"https:\/\/dev4.devmitsinformatica.com\/en\/wp-json\/wp\/v2\/types\/product"}],"replies":[{"embeddable":true,"href":"https:\/\/dev4.devmitsinformatica.com\/en\/wp-json\/wp\/v2\/comments?post=2186"}],"version-history":[{"count":0,"href":"https:\/\/dev4.devmitsinformatica.com\/en\/wp-json\/wp\/v2\/product\/2186\/revisions"}],"wp:featuredmedia":[{"embeddable":true,"href":"https:\/\/dev4.devmitsinformatica.com\/en\/wp-json\/wp\/v2\/media\/5788"}],"wp:attachment":[{"href":"https:\/\/dev4.devmitsinformatica.com\/en\/wp-json\/wp\/v2\/media?parent=2186"}],"wp:term":[{"taxonomy":"product_brand","embeddable":true,"href":"https:\/\/dev4.devmitsinformatica.com\/en\/wp-json\/wp\/v2\/product_brand?post=2186"},{"taxonomy":"product_cat","embeddable":true,"href":"https:\/\/dev4.devmitsinformatica.com\/en\/wp-json\/wp\/v2\/product_cat?post=2186"},{"taxonomy":"product_tag","embeddable":true,"href":"https:\/\/dev4.devmitsinformatica.com\/en\/wp-json\/wp\/v2\/product_tag?post=2186"}],"curies":[{"name":"wp","href":"https:\/\/api.w.org\/{rel}","templated":true}]}}