{"id":2189,"date":"2016-09-01T20:16:48","date_gmt":"2016-09-01T20:16:48","guid":{"rendered":"http:\/\/spraygraffiti.com\/index.php\/product\/montana-acrylic-recarga-180ml-varnish-gloss\/"},"modified":"2023-10-16T17:16:40","modified_gmt":"2023-10-16T17:16:40","slug":"montana-acrylic-recarga-180ml-varnish-gloss","status":"publish","type":"product","link":"https:\/\/dev4.devmitsinformatica.com\/en\/shop\/graffiti-tintas-y-pinturas-shop-barcelona\/montana-acrylic-recarga-180ml-varnish-gloss\/","title":{"rendered":"Montana Acrylic Varnish 180ml"},"content":{"rendered":"<h1>Montana Acrylic Varnish 180ml<\/h1>\n<p>Montana Acrylic Varnish 180ml. Barniz brillante con el que puede sellar y proteger las obras de arte de Montana ACRYLIC para la longevidad. Mejora los efectos e intensifica el impacto visual de las obras de arte finales. Dada su felixibilidad puede aplicarse en diversas formas, p. Ej. Por pincel, cepillo y aer\u00f3grafo\u2026 <em><strong>el barniz de brillo ACR\u00cdLICO<\/strong><\/em> puede intensificar y iluminar los colores ACR\u00cdLICOS secos a los que se aplica. Esto permite a los usuarios crear profundidad de fondo \/ primer plano de trabajo y ser utilizado como una herramienta para manipular el juego de la luz en las obras de arte. NOTA: S\u00f3lo se aplican a superficies completamente secas y de color. Cuando se usa con colores Montana ACRYLIC, se recomienda un tiempo de secado de al menos 1 hora. Siempre aplique de manera uniforme sobre la superficie seleccionada.<\/p>\n<p>El Barniz acr\u00edlico brillante te ayuda a conseguir superf\u00edcies homogeneas de brillo en todos tus acabados. En ocasiones necesitas utilizar t\u00e9cnicas mixtas que marcan en tu acabado una diferencia y contraste de zonas semibrillantes y matizadas que dejan ver con claridad esta diferencia. Con el Barniz acr\u00edlico de Montana podr\u00e1s conseguir un mismo nivel de brillo en toda la superf\u00edcie aportando a esta de una mayor calidad y protecci\u00f3n en el acabado final.<\/p>\n<p><em><span style=\"text-decoration: underline;\">Barniz brillo al agua,<\/span>\u00a0<\/em>Barniz acrilico montana, Barniz para sellar, Pintura de l\u00e1tex, sellador, montana acrylic<\/p>\n","protected":false},"excerpt":{"rendered":"<p>Barniz brillante con el que puede sellar y proteger las obras de arte de Montana ACRYLIC para la longevidad. Mejora los efectos e intensifica el impacto visual de las obras de arte finales. Dada su felixibilidad puede aplicarse en diversas formas, p. Ej. Por pincel, cepillo y aer\u00f3grafo\u2026 <em><strong>el barniz de brillo ACR\u00cdLICO<\/strong><\/em> puede intensificar y iluminar los colores ACR\u00cdLICOS secos a los que se aplica. Esto permite a los usuarios crear profundidad de fondo \/ primer plano de trabajo y ser utilizado como una herramienta para manipular el juego de la luz en las obras de arte. NOTA: S\u00f3lo se aplican a superficies completamente secas y de color. Cuando se usa con colores Montana ACRYLIC, se recomienda un tiempo de secado de al menos 1 hora. Siempre aplique de manera uniforme sobre la superficie seleccionada.<\/p>\n","protected":false},"featured_media":6183,"comment_status":"closed","ping_status":"closed","template":"","meta":{"site-sidebar-layout":"default","site-content-layout":"","ast-site-content-layout":"default","site-content-style":"default","site-sidebar-style":"default","ast-global-header-display":"","ast-banner-title-visibility":"","ast-main-header-display":"","ast-hfb-above-header-display":"","ast-hfb-below-header-display":"","ast-hfb-mobile-header-display":"","site-post-title":"","ast-breadcrumbs-content":"","ast-featured-img":"","footer-sml-layout":"","ast-disable-related-posts":"","theme-transparent-header-meta":"","adv-header-id-meta":"","stick-header-meta":"","header-above-stick-meta":"","header-main-stick-meta":"","header-below-stick-meta":"","astra-migrate-meta-layouts":"default","ast-page-background-enabled":"default","ast-page-background-meta":{"desktop":{"background-color":"","background-image":"","background-repeat":"repeat","background-position":"center center","background-size":"auto","background-attachment":"scroll","background-type":"","background-media":"","overlay-type":"","overlay-color":"","overlay-opacity":"","overlay-gradient":""},"tablet":{"background-color":"","background-image":"","background-repeat":"repeat","background-position":"center center","background-size":"auto","background-attachment":"scroll","background-type":"","background-media":"","overlay-type":"","overlay-color":"","overlay-opacity":"","overlay-gradient":""},"mobile":{"background-color":"","background-image":"","background-repeat":"repeat","background-position":"center center","background-size":"auto","background-attachment":"scroll","background-type":"","background-media":"","overlay-type":"","overlay-color":"","overlay-opacity":"","overlay-gradient":""}},"ast-content-background-meta":{"desktop":{"background-color":"var(--ast-global-color-5)","background-image":"","background-repeat":"repeat","background-position":"center center","background-size":"auto","background-attachment":"scroll","background-type":"","background-media":"","overlay-type":"","overlay-color":"","overlay-opacity":"","overlay-gradient":""},"tablet":{"background-color":"var(--ast-global-color-5)","background-image":"","background-repeat":"repeat","background-position":"center center","background-size":"auto","background-attachment":"scroll","background-type":"","background-media":"","overlay-type":"","overlay-color":"","overlay-opacity":"","overlay-gradient":""},"mobile":{"background-color":"var(--ast-global-color-5)","background-image":"","background-repeat":"repeat","background-position":"center center","background-size":"auto","background-attachment":"scroll","background-type":"","background-media":"","overlay-type":"","overlay-color":"","overlay-opacity":"","overlay-gradient":""}}},"product_brand":[],"product_cat":[607],"product_tag":[3218,1896,1890,3225,3219,3222,3221,1889,1897,1894,1895,1019,3220,1892,1893,1891,1898],"class_list":{"0":"post-2189","1":"product","2":"type-product","3":"status-publish","4":"has-post-thumbnail","6":"product_cat-graffiti-tintas-y-pinturas-shop-barcelona","7":"product_tag-acrylic-varnish","8":"product_tag-barato-rotulador-caligrafia","9":"product_tag-barato-rotulador-calligraffiti","10":"product_tag-barniz-acrilico","11":"product_tag-barniz-montana","12":"product_tag-barniz-para-bellas-artets","13":"product_tag-bellas-artes-barniz","14":"product_tag-caligrafia-rotulador-comprar","15":"product_tag-calligraffiti-comprar-rotulador","16":"product_tag-lettering-barato-rotulador","17":"product_tag-lettering-rotulador-precio","18":"product_tag-montana","19":"product_tag-montana-barniz-acrilico","20":"product_tag-precio-calligraffiti-rotulador","21":"product_tag-rotuladores-comprar-lettering","22":"product_tag-rotuladores-precio-lettering","23":"product_tag-set-rotuladores-caligrafia","24":"pa_arte-barna-art-barcelona","25":"pa_arte-belles-arts-barcelona","26":"pa_arte-material-bellas-artes-barato","27":"pa_arte-material-bellas-artes-madrid","28":"pa_arte-material-bellas-artes-outlet","29":"pa_arte-tienda-bellas-artes-online","30":"desktop-align-left","31":"tablet-align-left","32":"mobile-align-left","34":"first","35":"instock","36":"purchasable","37":"product-type-simple"},"yoast_head":"<!-- This site is optimized with the Yoast SEO plugin v27.0 - https:\/\/yoast.com\/product\/yoast-seo-wordpress\/ -->\n<title>Montana Acrylic Varnish 180ml Ultrawide Graffiti Shop Barcelona<\/title>\n<meta name=\"description\" content=\"online tienda para sprays de montana cans espana. tienda bellas artes online? tienda para arte en barcelona.Graffiti shop barcelona\" \/>\n<meta name=\"robots\" content=\"index, follow, max-snippet:-1, max-image-preview:large, max-video-preview:-1\" \/>\n<link rel=\"canonical\" href=\"https:\/\/dev4.devmitsinformatica.com\/en\/shop\/graffiti-tintas-y-pinturas-shop-barcelona\/montana-acrylic-recarga-180ml-varnish-gloss\/\" \/>\n<meta property=\"og:locale\" content=\"en_US\" \/>\n<meta property=\"og:type\" content=\"article\" \/>\n<meta property=\"og:title\" content=\"Montana Acrylic Varnish 180ml Ultrawide Graffiti Shop Barcelona\" \/>\n<meta property=\"og:description\" content=\"online tienda para sprays de montana cans espana. tienda bellas artes online? tienda para arte en barcelona.Graffiti shop barcelona\" \/>\n<meta property=\"og:url\" content=\"https:\/\/dev4.devmitsinformatica.com\/en\/shop\/graffiti-tintas-y-pinturas-shop-barcelona\/montana-acrylic-recarga-180ml-varnish-gloss\/\" \/>\n<meta property=\"og:site_name\" content=\"ULTRAWIDE GRAFFITI SHOP\" \/>\n<meta property=\"article:modified_time\" content=\"2023-10-16T17:16:40+00:00\" \/>\n<meta property=\"og:image\" content=\"https:\/\/dev4.devmitsinformatica.com\/wp-content\/uploads\/2016\/09\/Barniz-Acr\u00edlico-Montana.jpg\" \/>\n\t<meta property=\"og:image:width\" content=\"565\" \/>\n\t<meta property=\"og:image:height\" content=\"565\" \/>\n\t<meta property=\"og:image:type\" content=\"image\/jpeg\" \/>\n<meta name=\"twitter:card\" content=\"summary_large_image\" \/>\n<meta name=\"twitter:label1\" content=\"Est. reading time\" \/>\n\t<meta name=\"twitter:data1\" content=\"1 minute\" \/>\n<script type=\"application\/ld+json\" class=\"yoast-schema-graph\">{\"@context\":\"https:\/\/schema.org\",\"@graph\":[{\"@type\":\"WebPage\",\"@id\":\"https:\/\/dev4.devmitsinformatica.com\/en\/shop\/graffiti-tintas-y-pinturas-shop-barcelona\/montana-acrylic-recarga-180ml-varnish-gloss\/\",\"url\":\"https:\/\/dev4.devmitsinformatica.com\/en\/shop\/graffiti-tintas-y-pinturas-shop-barcelona\/montana-acrylic-recarga-180ml-varnish-gloss\/\",\"name\":\"Montana Acrylic Varnish 180ml Ultrawide Graffiti Shop Barcelona\",\"isPartOf\":{\"@id\":\"https:\/\/dev4.devmitsinformatica.com\/en\/#website\"},\"primaryImageOfPage\":{\"@id\":\"https:\/\/dev4.devmitsinformatica.com\/en\/shop\/graffiti-tintas-y-pinturas-shop-barcelona\/montana-acrylic-recarga-180ml-varnish-gloss\/#primaryimage\"},\"image\":{\"@id\":\"https:\/\/dev4.devmitsinformatica.com\/en\/shop\/graffiti-tintas-y-pinturas-shop-barcelona\/montana-acrylic-recarga-180ml-varnish-gloss\/#primaryimage\"},\"thumbnailUrl\":\"https:\/\/dev4.devmitsinformatica.com\/wp-content\/uploads\/2016\/09\/Barniz-Acr\u00edlico-Montana.jpg\",\"datePublished\":\"2016-09-01T20:16:48+00:00\",\"dateModified\":\"2023-10-16T17:16:40+00:00\",\"description\":\"online tienda para sprays de montana cans espana. tienda bellas artes online? tienda para arte en barcelona.Graffiti shop barcelona\",\"breadcrumb\":{\"@id\":\"https:\/\/dev4.devmitsinformatica.com\/en\/shop\/graffiti-tintas-y-pinturas-shop-barcelona\/montana-acrylic-recarga-180ml-varnish-gloss\/#breadcrumb\"},\"inLanguage\":\"en-US\",\"potentialAction\":[{\"@type\":\"ReadAction\",\"target\":[\"https:\/\/dev4.devmitsinformatica.com\/en\/shop\/graffiti-tintas-y-pinturas-shop-barcelona\/montana-acrylic-recarga-180ml-varnish-gloss\/\"]}]},{\"@type\":\"ImageObject\",\"inLanguage\":\"en-US\",\"@id\":\"https:\/\/dev4.devmitsinformatica.com\/en\/shop\/graffiti-tintas-y-pinturas-shop-barcelona\/montana-acrylic-recarga-180ml-varnish-gloss\/#primaryimage\",\"url\":\"https:\/\/dev4.devmitsinformatica.com\/wp-content\/uploads\/2016\/09\/Barniz-Acr\u00edlico-Montana.jpg\",\"contentUrl\":\"https:\/\/dev4.devmitsinformatica.com\/wp-content\/uploads\/2016\/09\/Barniz-Acr\u00edlico-Montana.jpg\",\"width\":565,\"height\":565,\"caption\":\"Comprar BArniz acrilico, barniz profesional, Barniz acrilico, Barniz dibujo, Barniz bellas artes comprar barniz para cuadros\"},{\"@type\":\"BreadcrumbList\",\"@id\":\"https:\/\/dev4.devmitsinformatica.com\/en\/shop\/graffiti-tintas-y-pinturas-shop-barcelona\/montana-acrylic-recarga-180ml-varnish-gloss\/#breadcrumb\",\"itemListElement\":[{\"@type\":\"ListItem\",\"position\":1,\"name\":\"Home\",\"item\":\"https:\/\/dev4.devmitsinformatica.com\/en\/\"},{\"@type\":\"ListItem\",\"position\":2,\"name\":\"Store\",\"item\":\"https:\/\/dev4.devmitsinformatica.com\/?page_id=38\"},{\"@type\":\"ListItem\",\"position\":3,\"name\":\"Montana Acrylic Varnish 180ml\"}]},{\"@type\":\"WebSite\",\"@id\":\"https:\/\/dev4.devmitsinformatica.com\/en\/#website\",\"url\":\"https:\/\/dev4.devmitsinformatica.com\/en\/\",\"name\":\"ULTRAWIDE GRAFFITI SHOP\",\"description\":\"SPRAY GRAFFITI SHOP CAPS Y ROTULADORES\",\"publisher\":{\"@id\":\"https:\/\/dev4.devmitsinformatica.com\/en\/#organization\"},\"potentialAction\":[{\"@type\":\"SearchAction\",\"target\":{\"@type\":\"EntryPoint\",\"urlTemplate\":\"https:\/\/dev4.devmitsinformatica.com\/en\/?s={search_term_string}\"},\"query-input\":{\"@type\":\"PropertyValueSpecification\",\"valueRequired\":true,\"valueName\":\"search_term_string\"}}],\"inLanguage\":\"en-US\"},{\"@type\":\"Organization\",\"@id\":\"https:\/\/dev4.devmitsinformatica.com\/en\/#organization\",\"name\":\"ANDEN Graffiti Shop Barcelona\",\"url\":\"https:\/\/dev4.devmitsinformatica.com\/en\/\",\"logo\":{\"@type\":\"ImageObject\",\"inLanguage\":\"en-US\",\"@id\":\"https:\/\/dev4.devmitsinformatica.com\/en\/#\/schema\/logo\/image\/\",\"url\":\"https:\/\/dev4.devmitsinformatica.com\/wp-content\/uploads\/2016\/11\/graffiti-gallery-barcelona.png\",\"contentUrl\":\"https:\/\/dev4.devmitsinformatica.com\/wp-content\/uploads\/2016\/11\/graffiti-gallery-barcelona.png\",\"width\":386,\"height\":150,\"caption\":\"ANDEN Graffiti Shop Barcelona\"},\"image\":{\"@id\":\"https:\/\/dev4.devmitsinformatica.com\/en\/#\/schema\/logo\/image\/\"}}]}<\/script>\n<!-- \/ Yoast SEO plugin. -->","yoast_head_json":{"title":"Montana Acrylic Varnish 180ml Ultrawide Graffiti Shop Barcelona","description":"online tienda para sprays de montana cans espana. tienda bellas artes online? tienda para arte en barcelona.Graffiti shop barcelona","robots":{"index":"index","follow":"follow","max-snippet":"max-snippet:-1","max-image-preview":"max-image-preview:large","max-video-preview":"max-video-preview:-1"},"canonical":"https:\/\/dev4.devmitsinformatica.com\/en\/shop\/graffiti-tintas-y-pinturas-shop-barcelona\/montana-acrylic-recarga-180ml-varnish-gloss\/","og_locale":"en_US","og_type":"article","og_title":"Montana Acrylic Varnish 180ml Ultrawide Graffiti Shop Barcelona","og_description":"online tienda para sprays de montana cans espana. tienda bellas artes online? tienda para arte en barcelona.Graffiti shop barcelona","og_url":"https:\/\/dev4.devmitsinformatica.com\/en\/shop\/graffiti-tintas-y-pinturas-shop-barcelona\/montana-acrylic-recarga-180ml-varnish-gloss\/","og_site_name":"ULTRAWIDE GRAFFITI SHOP","article_modified_time":"2023-10-16T17:16:40+00:00","og_image":[{"width":565,"height":565,"url":"https:\/\/dev4.devmitsinformatica.com\/wp-content\/uploads\/2016\/09\/Barniz-Acr\u00edlico-Montana.jpg","type":"image\/jpeg"}],"twitter_card":"summary_large_image","twitter_misc":{"Est. reading time":"1 minute"},"schema":{"@context":"https:\/\/schema.org","@graph":[{"@type":"WebPage","@id":"https:\/\/dev4.devmitsinformatica.com\/en\/shop\/graffiti-tintas-y-pinturas-shop-barcelona\/montana-acrylic-recarga-180ml-varnish-gloss\/","url":"https:\/\/dev4.devmitsinformatica.com\/en\/shop\/graffiti-tintas-y-pinturas-shop-barcelona\/montana-acrylic-recarga-180ml-varnish-gloss\/","name":"Montana Acrylic Varnish 180ml Ultrawide Graffiti Shop Barcelona","isPartOf":{"@id":"https:\/\/dev4.devmitsinformatica.com\/en\/#website"},"primaryImageOfPage":{"@id":"https:\/\/dev4.devmitsinformatica.com\/en\/shop\/graffiti-tintas-y-pinturas-shop-barcelona\/montana-acrylic-recarga-180ml-varnish-gloss\/#primaryimage"},"image":{"@id":"https:\/\/dev4.devmitsinformatica.com\/en\/shop\/graffiti-tintas-y-pinturas-shop-barcelona\/montana-acrylic-recarga-180ml-varnish-gloss\/#primaryimage"},"thumbnailUrl":"https:\/\/dev4.devmitsinformatica.com\/wp-content\/uploads\/2016\/09\/Barniz-Acr\u00edlico-Montana.jpg","datePublished":"2016-09-01T20:16:48+00:00","dateModified":"2023-10-16T17:16:40+00:00","description":"online tienda para sprays de montana cans espana. tienda bellas artes online? tienda para arte en barcelona.Graffiti shop barcelona","breadcrumb":{"@id":"https:\/\/dev4.devmitsinformatica.com\/en\/shop\/graffiti-tintas-y-pinturas-shop-barcelona\/montana-acrylic-recarga-180ml-varnish-gloss\/#breadcrumb"},"inLanguage":"en-US","potentialAction":[{"@type":"ReadAction","target":["https:\/\/dev4.devmitsinformatica.com\/en\/shop\/graffiti-tintas-y-pinturas-shop-barcelona\/montana-acrylic-recarga-180ml-varnish-gloss\/"]}]},{"@type":"ImageObject","inLanguage":"en-US","@id":"https:\/\/dev4.devmitsinformatica.com\/en\/shop\/graffiti-tintas-y-pinturas-shop-barcelona\/montana-acrylic-recarga-180ml-varnish-gloss\/#primaryimage","url":"https:\/\/dev4.devmitsinformatica.com\/wp-content\/uploads\/2016\/09\/Barniz-Acr\u00edlico-Montana.jpg","contentUrl":"https:\/\/dev4.devmitsinformatica.com\/wp-content\/uploads\/2016\/09\/Barniz-Acr\u00edlico-Montana.jpg","width":565,"height":565,"caption":"Comprar BArniz acrilico, barniz profesional, Barniz acrilico, Barniz dibujo, Barniz bellas artes comprar barniz para cuadros"},{"@type":"BreadcrumbList","@id":"https:\/\/dev4.devmitsinformatica.com\/en\/shop\/graffiti-tintas-y-pinturas-shop-barcelona\/montana-acrylic-recarga-180ml-varnish-gloss\/#breadcrumb","itemListElement":[{"@type":"ListItem","position":1,"name":"Home","item":"https:\/\/dev4.devmitsinformatica.com\/en\/"},{"@type":"ListItem","position":2,"name":"Store","item":"https:\/\/dev4.devmitsinformatica.com\/?page_id=38"},{"@type":"ListItem","position":3,"name":"Montana Acrylic Varnish 180ml"}]},{"@type":"WebSite","@id":"https:\/\/dev4.devmitsinformatica.com\/en\/#website","url":"https:\/\/dev4.devmitsinformatica.com\/en\/","name":"ULTRAWIDE GRAFFITI SHOP","description":"SPRAY GRAFFITI SHOP CAPS Y ROTULADORES","publisher":{"@id":"https:\/\/dev4.devmitsinformatica.com\/en\/#organization"},"potentialAction":[{"@type":"SearchAction","target":{"@type":"EntryPoint","urlTemplate":"https:\/\/dev4.devmitsinformatica.com\/en\/?s={search_term_string}"},"query-input":{"@type":"PropertyValueSpecification","valueRequired":true,"valueName":"search_term_string"}}],"inLanguage":"en-US"},{"@type":"Organization","@id":"https:\/\/dev4.devmitsinformatica.com\/en\/#organization","name":"ANDEN Graffiti Shop Barcelona","url":"https:\/\/dev4.devmitsinformatica.com\/en\/","logo":{"@type":"ImageObject","inLanguage":"en-US","@id":"https:\/\/dev4.devmitsinformatica.com\/en\/#\/schema\/logo\/image\/","url":"https:\/\/dev4.devmitsinformatica.com\/wp-content\/uploads\/2016\/11\/graffiti-gallery-barcelona.png","contentUrl":"https:\/\/dev4.devmitsinformatica.com\/wp-content\/uploads\/2016\/11\/graffiti-gallery-barcelona.png","width":386,"height":150,"caption":"ANDEN Graffiti Shop Barcelona"},"image":{"@id":"https:\/\/dev4.devmitsinformatica.com\/en\/#\/schema\/logo\/image\/"}}]}},"_links":{"self":[{"href":"https:\/\/dev4.devmitsinformatica.com\/en\/wp-json\/wp\/v2\/product\/2189","targetHints":{"allow":["GET"]}}],"collection":[{"href":"https:\/\/dev4.devmitsinformatica.com\/en\/wp-json\/wp\/v2\/product"}],"about":[{"href":"https:\/\/dev4.devmitsinformatica.com\/en\/wp-json\/wp\/v2\/types\/product"}],"replies":[{"embeddable":true,"href":"https:\/\/dev4.devmitsinformatica.com\/en\/wp-json\/wp\/v2\/comments?post=2189"}],"version-history":[{"count":0,"href":"https:\/\/dev4.devmitsinformatica.com\/en\/wp-json\/wp\/v2\/product\/2189\/revisions"}],"wp:featuredmedia":[{"embeddable":true,"href":"https:\/\/dev4.devmitsinformatica.com\/en\/wp-json\/wp\/v2\/media\/6183"}],"wp:attachment":[{"href":"https:\/\/dev4.devmitsinformatica.com\/en\/wp-json\/wp\/v2\/media?parent=2189"}],"wp:term":[{"taxonomy":"product_brand","embeddable":true,"href":"https:\/\/dev4.devmitsinformatica.com\/en\/wp-json\/wp\/v2\/product_brand?post=2189"},{"taxonomy":"product_cat","embeddable":true,"href":"https:\/\/dev4.devmitsinformatica.com\/en\/wp-json\/wp\/v2\/product_cat?post=2189"},{"taxonomy":"product_tag","embeddable":true,"href":"https:\/\/dev4.devmitsinformatica.com\/en\/wp-json\/wp\/v2\/product_tag?post=2189"}],"curies":[{"name":"wp","href":"https:\/\/api.w.org\/{rel}","templated":true}]}}