{"id":2190,"date":"2016-09-01T20:16:48","date_gmt":"2016-09-01T20:16:48","guid":{"rendered":"http:\/\/spraygraffiti.com\/index.php\/product\/montana-acrylic-recarga-25ml-varnish-gloss\/"},"modified":"2023-10-16T17:15:05","modified_gmt":"2023-10-16T17:15:05","slug":"montana-acrylic-recarga-25ml-varnish-gloss","status":"publish","type":"product","link":"https:\/\/dev4.devmitsinformatica.com\/en\/shop\/graffiti-tintas-y-pinturas-shop-barcelona\/montana-acrylic-recarga-25ml-varnish-gloss\/","title":{"rendered":"Montana Barniz Acr\u00edlico 25ml"},"content":{"rendered":"<h1>Montana Barniz Acr\u00edlico 25ml<\/h1>\n<p>Montana Barniz Acr\u00edlico 25ml. Barniz brillante con el que puede sellar y proteger las obras de arte de <strong>Montana<\/strong> ACRYLIC para la longevidad. Mejora los efectos e intensifica el impacto visual de las obras de arte finales. Dada su felixibilidad puede aplicarse en diversas formas, p. Ej. Por pincel, cepillo y aer\u00f3grafo\u2026 <em><strong>el barniz de brillo ACR\u00cdLICO<\/strong><\/em> puede intensificar y iluminar los colores ACR\u00cdLICOS secos a los que se aplica. Esto permite a los usuarios crear profundidad de fondo \/ primer plano de trabajo y ser utilizado como una herramienta para manipular el juego de la luz en las obras de arte. NOTA: S\u00f3lo se aplican a superficies completamente secas y de color. Cuando se usa con colores Montana ACRYLIC, se recomienda un tiempo de secado de al menos 1 hora. Siempre aplique de manera uniforme sobre la superficie seleccionada.<\/p>\n<p>El envase de barniz 25ml le permite utilizar este como squeeze pudiendo intercambiar su c\u00e1nula de dosificaci\u00f3n por una punta 5mm de esponja y aplicar directamente como si de un marcador squeeze se tratara. Realice aplicaciones artisticas y creativas con la l\u00ednea de rotuladores acr\u00edlicos y spray montana y termine sus obras con el barniz acr\u00edlico montana.<\/p>\n<p>BArniz 25ml, recarga barniz acrilico, <em><span style=\"text-decoration: underline;\">barniz al agua,<\/span>\u00a0<\/em>sellador para acrilico, laca al agua, Barniz montana<\/p>\n","protected":false},"excerpt":{"rendered":"<p>Barniz brillante con el que puede sellar y proteger las obras de arte de <strong>Montana<\/strong> ACRYLIC para la longevidad. Mejora los efectos e intensifica el impacto visual de las obras de arte finales. Dada su felixibilidad puede aplicarse en diversas formas, p. Ej. Por pincel, cepillo y aer\u00f3grafo\u2026 <em><strong>el barniz de brillo ACR\u00cdLICO<\/strong><\/em> puede intensificar y iluminar los colores ACR\u00cdLICOS secos a los que se aplica. Esto permite a los usuarios crear profundidad de fondo \/ primer plano de trabajo y ser utilizado como una herramienta para manipular el juego de la luz en las obras de arte. NOTA: S\u00f3lo se aplican a superficies completamente secas y de color. Cuando se usa con colores Montana ACRYLIC, se recomienda un tiempo de secado de al menos 1 hora. Siempre aplique de manera uniforme sobre la superficie seleccionada.<\/p>\n","protected":false},"featured_media":6185,"comment_status":"closed","ping_status":"closed","template":"","meta":{"site-sidebar-layout":"default","site-content-layout":"","ast-site-content-layout":"default","site-content-style":"default","site-sidebar-style":"default","ast-global-header-display":"","ast-banner-title-visibility":"","ast-main-header-display":"","ast-hfb-above-header-display":"","ast-hfb-below-header-display":"","ast-hfb-mobile-header-display":"","site-post-title":"","ast-breadcrumbs-content":"","ast-featured-img":"","footer-sml-layout":"","ast-disable-related-posts":"","theme-transparent-header-meta":"","adv-header-id-meta":"","stick-header-meta":"","header-above-stick-meta":"","header-main-stick-meta":"","header-below-stick-meta":"","astra-migrate-meta-layouts":"default","ast-page-background-enabled":"default","ast-page-background-meta":{"desktop":{"background-color":"","background-image":"","background-repeat":"repeat","background-position":"center center","background-size":"auto","background-attachment":"scroll","background-type":"","background-media":"","overlay-type":"","overlay-color":"","overlay-opacity":"","overlay-gradient":""},"tablet":{"background-color":"","background-image":"","background-repeat":"repeat","background-position":"center center","background-size":"auto","background-attachment":"scroll","background-type":"","background-media":"","overlay-type":"","overlay-color":"","overlay-opacity":"","overlay-gradient":""},"mobile":{"background-color":"","background-image":"","background-repeat":"repeat","background-position":"center center","background-size":"auto","background-attachment":"scroll","background-type":"","background-media":"","overlay-type":"","overlay-color":"","overlay-opacity":"","overlay-gradient":""}},"ast-content-background-meta":{"desktop":{"background-color":"var(--ast-global-color-5)","background-image":"","background-repeat":"repeat","background-position":"center center","background-size":"auto","background-attachment":"scroll","background-type":"","background-media":"","overlay-type":"","overlay-color":"","overlay-opacity":"","overlay-gradient":""},"tablet":{"background-color":"var(--ast-global-color-5)","background-image":"","background-repeat":"repeat","background-position":"center center","background-size":"auto","background-attachment":"scroll","background-type":"","background-media":"","overlay-type":"","overlay-color":"","overlay-opacity":"","overlay-gradient":""},"mobile":{"background-color":"var(--ast-global-color-5)","background-image":"","background-repeat":"repeat","background-position":"center center","background-size":"auto","background-attachment":"scroll","background-type":"","background-media":"","overlay-type":"","overlay-color":"","overlay-opacity":"","overlay-gradient":""}}},"product_brand":[],"product_cat":[607],"product_tag":[3225,3226,3228,3223,3227,824,826,1019,3224,825,827],"class_list":{"0":"post-2190","1":"product","2":"type-product","3":"status-publish","4":"has-post-thumbnail","6":"product_cat-graffiti-tintas-y-pinturas-shop-barcelona","7":"product_tag-barniz-acrilico","8":"product_tag-barniz-cuadros","9":"product_tag-barniz-dibujo","10":"product_tag-barniz-fijador","11":"product_tag-barniz-profesional","12":"product_tag-calligraffiti-rotulador-recarga","13":"product_tag-comprar-calligraffiti-rotulador-recarga","14":"product_tag-montana","15":"product_tag-montana-barniz","16":"product_tag-recarga-calligraffiti-rotulador","17":"product_tag-recarga-calligraffiti-rotulador-comprar","18":"pa_arte-barna-art-barcelona","19":"pa_arte-belles-arts-barcelona","20":"pa_arte-material-bellas-artes-barato","21":"pa_arte-material-bellas-artes-madrid","22":"pa_arte-material-bellas-artes-outlet","23":"pa_arte-tienda-bellas-artes-online","24":"desktop-align-left","25":"tablet-align-left","26":"mobile-align-left","28":"first","29":"instock","30":"purchasable","31":"product-type-simple"},"yoast_head":"<!-- This site is optimized with the Yoast SEO plugin v27.0 - https:\/\/yoast.com\/product\/yoast-seo-wordpress\/ -->\n<title>Montana Barniz Acr\u00edlico 25ml Ultrawide Graffiti Shop Barcelona<\/title>\n<meta name=\"description\" content=\"montana barniz acr\u00edlico y rotuladores para arte? tienda bellas artes online. montana cans barcelona tienda bellas artes online? montana cans barcelona\" \/>\n<meta name=\"robots\" content=\"index, follow, max-snippet:-1, max-image-preview:large, max-video-preview:-1\" \/>\n<link rel=\"canonical\" href=\"https:\/\/dev4.devmitsinformatica.com\/en\/shop\/graffiti-tintas-y-pinturas-shop-barcelona\/montana-acrylic-recarga-25ml-varnish-gloss\/\" \/>\n<meta property=\"og:locale\" content=\"en_US\" \/>\n<meta property=\"og:type\" content=\"article\" \/>\n<meta property=\"og:title\" content=\"Montana Barniz Acr\u00edlico 25ml Ultrawide Graffiti Shop Barcelona\" \/>\n<meta property=\"og:description\" content=\"montana barniz acr\u00edlico y rotuladores para arte? tienda bellas artes online. montana cans barcelona tienda bellas artes online? montana cans barcelona\" \/>\n<meta property=\"og:url\" content=\"https:\/\/dev4.devmitsinformatica.com\/en\/shop\/graffiti-tintas-y-pinturas-shop-barcelona\/montana-acrylic-recarga-25ml-varnish-gloss\/\" \/>\n<meta property=\"og:site_name\" content=\"ULTRAWIDE GRAFFITI SHOP\" \/>\n<meta property=\"article:modified_time\" content=\"2023-10-16T17:15:05+00:00\" \/>\n<meta property=\"og:image\" content=\"https:\/\/dev4.devmitsinformatica.com\/wp-content\/uploads\/2016\/09\/Barniz-acrilico.jpg\" \/>\n\t<meta property=\"og:image:width\" content=\"940\" \/>\n\t<meta property=\"og:image:height\" content=\"940\" \/>\n\t<meta property=\"og:image:type\" content=\"image\/jpeg\" \/>\n<meta name=\"twitter:card\" content=\"summary_large_image\" \/>\n<meta name=\"twitter:label1\" content=\"Est. reading time\" \/>\n\t<meta name=\"twitter:data1\" content=\"1 minute\" \/>\n<script type=\"application\/ld+json\" class=\"yoast-schema-graph\">{\"@context\":\"https:\/\/schema.org\",\"@graph\":[{\"@type\":\"WebPage\",\"@id\":\"https:\/\/dev4.devmitsinformatica.com\/en\/shop\/graffiti-tintas-y-pinturas-shop-barcelona\/montana-acrylic-recarga-25ml-varnish-gloss\/\",\"url\":\"https:\/\/dev4.devmitsinformatica.com\/en\/shop\/graffiti-tintas-y-pinturas-shop-barcelona\/montana-acrylic-recarga-25ml-varnish-gloss\/\",\"name\":\"Montana Barniz Acr\u00edlico 25ml Ultrawide Graffiti Shop Barcelona\",\"isPartOf\":{\"@id\":\"https:\/\/dev4.devmitsinformatica.com\/en\/#website\"},\"primaryImageOfPage\":{\"@id\":\"https:\/\/dev4.devmitsinformatica.com\/en\/shop\/graffiti-tintas-y-pinturas-shop-barcelona\/montana-acrylic-recarga-25ml-varnish-gloss\/#primaryimage\"},\"image\":{\"@id\":\"https:\/\/dev4.devmitsinformatica.com\/en\/shop\/graffiti-tintas-y-pinturas-shop-barcelona\/montana-acrylic-recarga-25ml-varnish-gloss\/#primaryimage\"},\"thumbnailUrl\":\"https:\/\/dev4.devmitsinformatica.com\/wp-content\/uploads\/2016\/09\/Barniz-acrilico.jpg\",\"datePublished\":\"2016-09-01T20:16:48+00:00\",\"dateModified\":\"2023-10-16T17:15:05+00:00\",\"description\":\"montana barniz acr\u00edlico y rotuladores para arte? tienda bellas artes online. montana cans barcelona tienda bellas artes online? montana cans barcelona\",\"breadcrumb\":{\"@id\":\"https:\/\/dev4.devmitsinformatica.com\/en\/shop\/graffiti-tintas-y-pinturas-shop-barcelona\/montana-acrylic-recarga-25ml-varnish-gloss\/#breadcrumb\"},\"inLanguage\":\"en-US\",\"potentialAction\":[{\"@type\":\"ReadAction\",\"target\":[\"https:\/\/dev4.devmitsinformatica.com\/en\/shop\/graffiti-tintas-y-pinturas-shop-barcelona\/montana-acrylic-recarga-25ml-varnish-gloss\/\"]}]},{\"@type\":\"ImageObject\",\"inLanguage\":\"en-US\",\"@id\":\"https:\/\/dev4.devmitsinformatica.com\/en\/shop\/graffiti-tintas-y-pinturas-shop-barcelona\/montana-acrylic-recarga-25ml-varnish-gloss\/#primaryimage\",\"url\":\"https:\/\/dev4.devmitsinformatica.com\/wp-content\/uploads\/2016\/09\/Barniz-acrilico.jpg\",\"contentUrl\":\"https:\/\/dev4.devmitsinformatica.com\/wp-content\/uploads\/2016\/09\/Barniz-acrilico.jpg\",\"width\":940,\"height\":940,\"caption\":\"Comprar laca fijadora al agua, Barniz acrilico, rotulador barniz, recarga barniz, barniz satinado, protector barniz, montana varnish,\"},{\"@type\":\"BreadcrumbList\",\"@id\":\"https:\/\/dev4.devmitsinformatica.com\/en\/shop\/graffiti-tintas-y-pinturas-shop-barcelona\/montana-acrylic-recarga-25ml-varnish-gloss\/#breadcrumb\",\"itemListElement\":[{\"@type\":\"ListItem\",\"position\":1,\"name\":\"Home\",\"item\":\"https:\/\/dev4.devmitsinformatica.com\/en\/\"},{\"@type\":\"ListItem\",\"position\":2,\"name\":\"Store\",\"item\":\"https:\/\/dev4.devmitsinformatica.com\/?page_id=38\"},{\"@type\":\"ListItem\",\"position\":3,\"name\":\"Montana Barniz Acr\u00edlico 25ml\"}]},{\"@type\":\"WebSite\",\"@id\":\"https:\/\/dev4.devmitsinformatica.com\/en\/#website\",\"url\":\"https:\/\/dev4.devmitsinformatica.com\/en\/\",\"name\":\"ULTRAWIDE GRAFFITI SHOP\",\"description\":\"SPRAY GRAFFITI SHOP CAPS Y ROTULADORES\",\"publisher\":{\"@id\":\"https:\/\/dev4.devmitsinformatica.com\/en\/#organization\"},\"potentialAction\":[{\"@type\":\"SearchAction\",\"target\":{\"@type\":\"EntryPoint\",\"urlTemplate\":\"https:\/\/dev4.devmitsinformatica.com\/en\/?s={search_term_string}\"},\"query-input\":{\"@type\":\"PropertyValueSpecification\",\"valueRequired\":true,\"valueName\":\"search_term_string\"}}],\"inLanguage\":\"en-US\"},{\"@type\":\"Organization\",\"@id\":\"https:\/\/dev4.devmitsinformatica.com\/en\/#organization\",\"name\":\"ANDEN Graffiti Shop Barcelona\",\"url\":\"https:\/\/dev4.devmitsinformatica.com\/en\/\",\"logo\":{\"@type\":\"ImageObject\",\"inLanguage\":\"en-US\",\"@id\":\"https:\/\/dev4.devmitsinformatica.com\/en\/#\/schema\/logo\/image\/\",\"url\":\"https:\/\/dev4.devmitsinformatica.com\/wp-content\/uploads\/2016\/11\/graffiti-gallery-barcelona.png\",\"contentUrl\":\"https:\/\/dev4.devmitsinformatica.com\/wp-content\/uploads\/2016\/11\/graffiti-gallery-barcelona.png\",\"width\":386,\"height\":150,\"caption\":\"ANDEN Graffiti Shop Barcelona\"},\"image\":{\"@id\":\"https:\/\/dev4.devmitsinformatica.com\/en\/#\/schema\/logo\/image\/\"}}]}<\/script>\n<!-- \/ Yoast SEO plugin. -->","yoast_head_json":{"title":"Montana Barniz Acr\u00edlico 25ml Ultrawide Graffiti Shop Barcelona","description":"montana barniz acr\u00edlico y rotuladores para arte? tienda bellas artes online. montana cans barcelona tienda bellas artes online? montana cans barcelona","robots":{"index":"index","follow":"follow","max-snippet":"max-snippet:-1","max-image-preview":"max-image-preview:large","max-video-preview":"max-video-preview:-1"},"canonical":"https:\/\/dev4.devmitsinformatica.com\/en\/shop\/graffiti-tintas-y-pinturas-shop-barcelona\/montana-acrylic-recarga-25ml-varnish-gloss\/","og_locale":"en_US","og_type":"article","og_title":"Montana Barniz Acr\u00edlico 25ml Ultrawide Graffiti Shop Barcelona","og_description":"montana barniz acr\u00edlico y rotuladores para arte? tienda bellas artes online. montana cans barcelona tienda bellas artes online? montana cans barcelona","og_url":"https:\/\/dev4.devmitsinformatica.com\/en\/shop\/graffiti-tintas-y-pinturas-shop-barcelona\/montana-acrylic-recarga-25ml-varnish-gloss\/","og_site_name":"ULTRAWIDE GRAFFITI SHOP","article_modified_time":"2023-10-16T17:15:05+00:00","og_image":[{"width":940,"height":940,"url":"https:\/\/dev4.devmitsinformatica.com\/wp-content\/uploads\/2016\/09\/Barniz-acrilico.jpg","type":"image\/jpeg"}],"twitter_card":"summary_large_image","twitter_misc":{"Est. reading time":"1 minute"},"schema":{"@context":"https:\/\/schema.org","@graph":[{"@type":"WebPage","@id":"https:\/\/dev4.devmitsinformatica.com\/en\/shop\/graffiti-tintas-y-pinturas-shop-barcelona\/montana-acrylic-recarga-25ml-varnish-gloss\/","url":"https:\/\/dev4.devmitsinformatica.com\/en\/shop\/graffiti-tintas-y-pinturas-shop-barcelona\/montana-acrylic-recarga-25ml-varnish-gloss\/","name":"Montana Barniz Acr\u00edlico 25ml Ultrawide Graffiti Shop Barcelona","isPartOf":{"@id":"https:\/\/dev4.devmitsinformatica.com\/en\/#website"},"primaryImageOfPage":{"@id":"https:\/\/dev4.devmitsinformatica.com\/en\/shop\/graffiti-tintas-y-pinturas-shop-barcelona\/montana-acrylic-recarga-25ml-varnish-gloss\/#primaryimage"},"image":{"@id":"https:\/\/dev4.devmitsinformatica.com\/en\/shop\/graffiti-tintas-y-pinturas-shop-barcelona\/montana-acrylic-recarga-25ml-varnish-gloss\/#primaryimage"},"thumbnailUrl":"https:\/\/dev4.devmitsinformatica.com\/wp-content\/uploads\/2016\/09\/Barniz-acrilico.jpg","datePublished":"2016-09-01T20:16:48+00:00","dateModified":"2023-10-16T17:15:05+00:00","description":"montana barniz acr\u00edlico y rotuladores para arte? tienda bellas artes online. montana cans barcelona tienda bellas artes online? montana cans barcelona","breadcrumb":{"@id":"https:\/\/dev4.devmitsinformatica.com\/en\/shop\/graffiti-tintas-y-pinturas-shop-barcelona\/montana-acrylic-recarga-25ml-varnish-gloss\/#breadcrumb"},"inLanguage":"en-US","potentialAction":[{"@type":"ReadAction","target":["https:\/\/dev4.devmitsinformatica.com\/en\/shop\/graffiti-tintas-y-pinturas-shop-barcelona\/montana-acrylic-recarga-25ml-varnish-gloss\/"]}]},{"@type":"ImageObject","inLanguage":"en-US","@id":"https:\/\/dev4.devmitsinformatica.com\/en\/shop\/graffiti-tintas-y-pinturas-shop-barcelona\/montana-acrylic-recarga-25ml-varnish-gloss\/#primaryimage","url":"https:\/\/dev4.devmitsinformatica.com\/wp-content\/uploads\/2016\/09\/Barniz-acrilico.jpg","contentUrl":"https:\/\/dev4.devmitsinformatica.com\/wp-content\/uploads\/2016\/09\/Barniz-acrilico.jpg","width":940,"height":940,"caption":"Comprar laca fijadora al agua, Barniz acrilico, rotulador barniz, recarga barniz, barniz satinado, protector barniz, montana varnish,"},{"@type":"BreadcrumbList","@id":"https:\/\/dev4.devmitsinformatica.com\/en\/shop\/graffiti-tintas-y-pinturas-shop-barcelona\/montana-acrylic-recarga-25ml-varnish-gloss\/#breadcrumb","itemListElement":[{"@type":"ListItem","position":1,"name":"Home","item":"https:\/\/dev4.devmitsinformatica.com\/en\/"},{"@type":"ListItem","position":2,"name":"Store","item":"https:\/\/dev4.devmitsinformatica.com\/?page_id=38"},{"@type":"ListItem","position":3,"name":"Montana Barniz Acr\u00edlico 25ml"}]},{"@type":"WebSite","@id":"https:\/\/dev4.devmitsinformatica.com\/en\/#website","url":"https:\/\/dev4.devmitsinformatica.com\/en\/","name":"ULTRAWIDE GRAFFITI SHOP","description":"SPRAY GRAFFITI SHOP CAPS Y ROTULADORES","publisher":{"@id":"https:\/\/dev4.devmitsinformatica.com\/en\/#organization"},"potentialAction":[{"@type":"SearchAction","target":{"@type":"EntryPoint","urlTemplate":"https:\/\/dev4.devmitsinformatica.com\/en\/?s={search_term_string}"},"query-input":{"@type":"PropertyValueSpecification","valueRequired":true,"valueName":"search_term_string"}}],"inLanguage":"en-US"},{"@type":"Organization","@id":"https:\/\/dev4.devmitsinformatica.com\/en\/#organization","name":"ANDEN Graffiti Shop Barcelona","url":"https:\/\/dev4.devmitsinformatica.com\/en\/","logo":{"@type":"ImageObject","inLanguage":"en-US","@id":"https:\/\/dev4.devmitsinformatica.com\/en\/#\/schema\/logo\/image\/","url":"https:\/\/dev4.devmitsinformatica.com\/wp-content\/uploads\/2016\/11\/graffiti-gallery-barcelona.png","contentUrl":"https:\/\/dev4.devmitsinformatica.com\/wp-content\/uploads\/2016\/11\/graffiti-gallery-barcelona.png","width":386,"height":150,"caption":"ANDEN Graffiti Shop Barcelona"},"image":{"@id":"https:\/\/dev4.devmitsinformatica.com\/en\/#\/schema\/logo\/image\/"}}]}},"_links":{"self":[{"href":"https:\/\/dev4.devmitsinformatica.com\/en\/wp-json\/wp\/v2\/product\/2190","targetHints":{"allow":["GET"]}}],"collection":[{"href":"https:\/\/dev4.devmitsinformatica.com\/en\/wp-json\/wp\/v2\/product"}],"about":[{"href":"https:\/\/dev4.devmitsinformatica.com\/en\/wp-json\/wp\/v2\/types\/product"}],"replies":[{"embeddable":true,"href":"https:\/\/dev4.devmitsinformatica.com\/en\/wp-json\/wp\/v2\/comments?post=2190"}],"version-history":[{"count":0,"href":"https:\/\/dev4.devmitsinformatica.com\/en\/wp-json\/wp\/v2\/product\/2190\/revisions"}],"wp:featuredmedia":[{"embeddable":true,"href":"https:\/\/dev4.devmitsinformatica.com\/en\/wp-json\/wp\/v2\/media\/6185"}],"wp:attachment":[{"href":"https:\/\/dev4.devmitsinformatica.com\/en\/wp-json\/wp\/v2\/media?parent=2190"}],"wp:term":[{"taxonomy":"product_brand","embeddable":true,"href":"https:\/\/dev4.devmitsinformatica.com\/en\/wp-json\/wp\/v2\/product_brand?post=2190"},{"taxonomy":"product_cat","embeddable":true,"href":"https:\/\/dev4.devmitsinformatica.com\/en\/wp-json\/wp\/v2\/product_cat?post=2190"},{"taxonomy":"product_tag","embeddable":true,"href":"https:\/\/dev4.devmitsinformatica.com\/en\/wp-json\/wp\/v2\/product_tag?post=2190"}],"curies":[{"name":"wp","href":"https:\/\/api.w.org\/{rel}","templated":true}]}}