{"id":2192,"date":"2016-09-01T20:16:48","date_gmt":"2016-09-01T20:16:48","guid":{"rendered":"http:\/\/spraygraffiti.com\/index.php\/product\/montana-acrylic-tip-set-0-5mm-ultra-fine\/"},"modified":"2023-10-16T17:11:31","modified_gmt":"2023-10-16T17:11:31","slug":"montana-acrylic-tip-set-0-5mm-ultra-fine","status":"publish","type":"product","link":"https:\/\/dev4.devmitsinformatica.com\/en\/shop\/graffiti-rotulador-shop-barcelona\/graffiti-puntas-shop-barcelona\/montana-acrylic-tip-set-0-5mm-ultra-fine\/","title":{"rendered":"Montana Acrylic Punta Set 0.5mm"},"content":{"rendered":"<h1>Montana Acrylic Punta Set 0.5mm<\/h1>\n<p>Montana Acrylic Punta Set 0.5mm Ultra Fine. La punta de recambio Montana Acrylic Punta 0.5mm ULTRA FINE es perfecta para trabajos finos y detallados. Esta punta est\u00e1 construida de fieltro, metal y material sint\u00e9tico para obtener un resultado extra fino y f\u00e1cil de ajustar. Adecuada en el Montana Acrylic Marker EXTRA FINE. Montana ACRYLIC sustituci\u00f3n de punta 0,5 mm ULTRA FINE est\u00e1 disponible en juego de 2 piezas.Tip<\/p>\n<p>Punta fina para que puedas intercambiar en tu rorulador montana acrylic 0,7mm y conseguir asi un trazo mas fino y detallado en tus dibujos.<\/p>\n<p>Compra ahora tus puntas para rotulador en Ultrawide, tu distribuidor montana-cans Espa\u00f1a. puntas para squeeze y rotuladores para que puedas siempre disponer de un trazo perfecto en tus acabados. La l\u00ednea de rotuladores montana cans es pionera en el sistema de puntas de repuesto y rotuladores recargables, una l\u00ednea de rotuladores profesionales que gracias a sus diferentes tama\u00f1os y formas cubre cualquier necesidad del artista convirtiendose en una herramienta excepcional. Utiliza la punta 0,5mm ulta fine para peque\u00f1os detalles en tus dibujos y sorprendete de la cubrici\u00f3n y opacidad del rotulador acr\u00edlico incluso con la punta mas fina. Este set de puntas se presenta en una bolsita con 2 unidades de repuesto. Buscas punta fina? Ultrawide tiene puntas ultra fine de repuesto para rotulador acr\u00edlico y mas. Alarga la vida \u00fatil de tu rotulador o cambia el trazo del mismo con las puntas de repuesto de montana cans. Pide ahora tus puntas online o visitanos en nuestra tienda f\u00edsica y descubre lo que tenemos para ti. Spray de pintura, rotuladores, tintas, pinturas acr\u00edlicas, puntas de repuesto y accesorios relacionados en tu graffiti shop de confianza. Si tienes alguna duda acerca de la compatibilidad de puntas llamanos a nuestro telefono 934434555 y te informaremos sobre que puntas necesitas para cada rotulador.<\/p>\n<p>Ultrawide Shop Barcelona, tu tienda especializada en materiales para graffiti,\u00a0 bellas artes y Montana Acrylic Punta Set 0.5mm en Barcelona.<\/p>\n<p>Medida: 0,5mm<\/p>\n<p>Paquete: 2 Piezas<\/p>\n<p>Punta recambio rotulador, <em><span style=\"text-decoration: underline;\">punta 0,5mm<\/span><\/em>, rotulador acrilico-0,5, rotulador al agua fino, acrilico montana cans<\/p>\n","protected":false},"excerpt":{"rendered":"<p>La punta de recambio Montana ACRYLIC 0.5mm ULTRA FINE es perfecta para trabajos finos y detallados. Esta punta est\u00e1 construida de fieltro, metal y material sint\u00e9tico para obtener un resultado extra fino y f\u00e1cil de ajustar. Adecuada en el Montana Acrylic Marker EXTRA FINE. Montana ACRYLIC sustituci\u00f3n de punta 0,5 mm ULTRA FINE est\u00e1 disponible en juego de 2 piezas.Tip<\/p>\n","protected":false},"featured_media":5740,"comment_status":"closed","ping_status":"closed","template":"","meta":{"site-sidebar-layout":"default","site-content-layout":"","ast-site-content-layout":"default","site-content-style":"default","site-sidebar-style":"default","ast-global-header-display":"","ast-banner-title-visibility":"","ast-main-header-display":"","ast-hfb-above-header-display":"","ast-hfb-below-header-display":"","ast-hfb-mobile-header-display":"","site-post-title":"","ast-breadcrumbs-content":"","ast-featured-img":"","footer-sml-layout":"","ast-disable-related-posts":"","theme-transparent-header-meta":"","adv-header-id-meta":"","stick-header-meta":"","header-above-stick-meta":"","header-main-stick-meta":"","header-below-stick-meta":"","astra-migrate-meta-layouts":"default","ast-page-background-enabled":"default","ast-page-background-meta":{"desktop":{"background-color":"","background-image":"","background-repeat":"repeat","background-position":"center center","background-size":"auto","background-attachment":"scroll","background-type":"","background-media":"","overlay-type":"","overlay-color":"","overlay-opacity":"","overlay-gradient":""},"tablet":{"background-color":"","background-image":"","background-repeat":"repeat","background-position":"center center","background-size":"auto","background-attachment":"scroll","background-type":"","background-media":"","overlay-type":"","overlay-color":"","overlay-opacity":"","overlay-gradient":""},"mobile":{"background-color":"","background-image":"","background-repeat":"repeat","background-position":"center center","background-size":"auto","background-attachment":"scroll","background-type":"","background-media":"","overlay-type":"","overlay-color":"","overlay-opacity":"","overlay-gradient":""}},"ast-content-background-meta":{"desktop":{"background-color":"var(--ast-global-color-5)","background-image":"","background-repeat":"repeat","background-position":"center center","background-size":"auto","background-attachment":"scroll","background-type":"","background-media":"","overlay-type":"","overlay-color":"","overlay-opacity":"","overlay-gradient":""},"tablet":{"background-color":"var(--ast-global-color-5)","background-image":"","background-repeat":"repeat","background-position":"center center","background-size":"auto","background-attachment":"scroll","background-type":"","background-media":"","overlay-type":"","overlay-color":"","overlay-opacity":"","overlay-gradient":""},"mobile":{"background-color":"var(--ast-global-color-5)","background-image":"","background-repeat":"repeat","background-position":"center center","background-size":"auto","background-attachment":"scroll","background-type":"","background-media":"","overlay-type":"","overlay-color":"","overlay-opacity":"","overlay-gradient":""}}},"product_brand":[],"product_cat":[7,978,2514],"product_tag":[2468,1019,2463,2467,2469,2460,2466],"class_list":{"0":"post-2192","1":"product","2":"type-product","3":"status-publish","4":"has-post-thumbnail","6":"product_cat-graffiti-rotulador-shop-barcelona","7":"product_cat-graffiti-puntas-shop-barcelona","8":"product_cat-puntas-montana-acrylic","9":"product_tag-5mm-recambio","10":"product_tag-montana","11":"product_tag-puntas-0","12":"product_tag-puntas-finas-para-rotulador","13":"product_tag-puntas-para-rotulador-montana","14":"product_tag-recambio-puntas","15":"product_tag-recambio-puntas-acrilico","16":"desktop-align-left","17":"tablet-align-left","18":"mobile-align-left","20":"first","21":"instock","22":"purchasable","23":"product-type-simple"},"yoast_head":"<!-- This site is optimized with the Yoast SEO plugin v27.0 - https:\/\/yoast.com\/product\/yoast-seo-wordpress\/ -->\n<title>Montana Acrylic Punta Set 0.5mm. Ultrawide Graffiti Barcelona<\/title>\n<meta name=\"description\" content=\"barniz de montana? spray para coches? montana cans barcelona. graffiti shop barcelona? tienda graffiti, ropa street art y montana colores.\" \/>\n<meta name=\"robots\" content=\"index, follow, max-snippet:-1, max-image-preview:large, max-video-preview:-1\" \/>\n<link rel=\"canonical\" href=\"https:\/\/dev4.devmitsinformatica.com\/en\/shop\/graffiti-rotulador-shop-barcelona\/graffiti-puntas-shop-barcelona\/montana-acrylic-tip-set-0-5mm-ultra-fine\/\" \/>\n<meta property=\"og:locale\" content=\"en_US\" \/>\n<meta property=\"og:type\" content=\"article\" \/>\n<meta property=\"og:title\" content=\"Montana Acrylic Punta Set 0.5mm. Ultrawide Graffiti Barcelona\" \/>\n<meta property=\"og:description\" content=\"barniz de montana? spray para coches? montana cans barcelona. graffiti shop barcelona? tienda graffiti, ropa street art y montana colores.\" \/>\n<meta property=\"og:url\" content=\"https:\/\/dev4.devmitsinformatica.com\/en\/shop\/graffiti-rotulador-shop-barcelona\/graffiti-puntas-shop-barcelona\/montana-acrylic-tip-set-0-5mm-ultra-fine\/\" \/>\n<meta property=\"og:site_name\" content=\"ULTRAWIDE GRAFFITI SHOP\" \/>\n<meta property=\"article:modified_time\" content=\"2023-10-16T17:11:31+00:00\" \/>\n<meta property=\"og:image\" content=\"https:\/\/dev4.devmitsinformatica.com\/wp-content\/uploads\/2016\/09\/puntas-05mm-para-rotulador-acr\u00edlico.png\" \/>\n\t<meta property=\"og:image:width\" content=\"1000\" \/>\n\t<meta property=\"og:image:height\" content=\"1000\" \/>\n\t<meta property=\"og:image:type\" content=\"image\/png\" \/>\n<meta name=\"twitter:card\" content=\"summary_large_image\" \/>\n<meta name=\"twitter:label1\" content=\"Est. reading time\" \/>\n\t<meta name=\"twitter:data1\" content=\"2 minutes\" \/>\n<script type=\"application\/ld+json\" class=\"yoast-schema-graph\">{\"@context\":\"https:\/\/schema.org\",\"@graph\":[{\"@type\":\"WebPage\",\"@id\":\"https:\/\/dev4.devmitsinformatica.com\/en\/shop\/graffiti-rotulador-shop-barcelona\/graffiti-puntas-shop-barcelona\/montana-acrylic-tip-set-0-5mm-ultra-fine\/\",\"url\":\"https:\/\/dev4.devmitsinformatica.com\/en\/shop\/graffiti-rotulador-shop-barcelona\/graffiti-puntas-shop-barcelona\/montana-acrylic-tip-set-0-5mm-ultra-fine\/\",\"name\":\"Montana Acrylic Punta Set 0.5mm. Ultrawide Graffiti Barcelona\",\"isPartOf\":{\"@id\":\"https:\/\/dev4.devmitsinformatica.com\/en\/#website\"},\"primaryImageOfPage\":{\"@id\":\"https:\/\/dev4.devmitsinformatica.com\/en\/shop\/graffiti-rotulador-shop-barcelona\/graffiti-puntas-shop-barcelona\/montana-acrylic-tip-set-0-5mm-ultra-fine\/#primaryimage\"},\"image\":{\"@id\":\"https:\/\/dev4.devmitsinformatica.com\/en\/shop\/graffiti-rotulador-shop-barcelona\/graffiti-puntas-shop-barcelona\/montana-acrylic-tip-set-0-5mm-ultra-fine\/#primaryimage\"},\"thumbnailUrl\":\"https:\/\/dev4.devmitsinformatica.com\/wp-content\/uploads\/2016\/09\/puntas-05mm-para-rotulador-acr\u00edlico.png\",\"datePublished\":\"2016-09-01T20:16:48+00:00\",\"dateModified\":\"2023-10-16T17:11:31+00:00\",\"description\":\"barniz de montana? spray para coches? montana cans barcelona. graffiti shop barcelona? tienda graffiti, ropa street art y montana colores.\",\"breadcrumb\":{\"@id\":\"https:\/\/dev4.devmitsinformatica.com\/en\/shop\/graffiti-rotulador-shop-barcelona\/graffiti-puntas-shop-barcelona\/montana-acrylic-tip-set-0-5mm-ultra-fine\/#breadcrumb\"},\"inLanguage\":\"en-US\",\"potentialAction\":[{\"@type\":\"ReadAction\",\"target\":[\"https:\/\/dev4.devmitsinformatica.com\/en\/shop\/graffiti-rotulador-shop-barcelona\/graffiti-puntas-shop-barcelona\/montana-acrylic-tip-set-0-5mm-ultra-fine\/\"]}]},{\"@type\":\"ImageObject\",\"inLanguage\":\"en-US\",\"@id\":\"https:\/\/dev4.devmitsinformatica.com\/en\/shop\/graffiti-rotulador-shop-barcelona\/graffiti-puntas-shop-barcelona\/montana-acrylic-tip-set-0-5mm-ultra-fine\/#primaryimage\",\"url\":\"https:\/\/dev4.devmitsinformatica.com\/wp-content\/uploads\/2016\/09\/puntas-05mm-para-rotulador-acr\u00edlico.png\",\"contentUrl\":\"https:\/\/dev4.devmitsinformatica.com\/wp-content\/uploads\/2016\/09\/puntas-05mm-para-rotulador-acr\u00edlico.png\",\"width\":1000,\"height\":1000,\"caption\":\"puntas 0,5mm para marcador montana acrylic\"},{\"@type\":\"BreadcrumbList\",\"@id\":\"https:\/\/dev4.devmitsinformatica.com\/en\/shop\/graffiti-rotulador-shop-barcelona\/graffiti-puntas-shop-barcelona\/montana-acrylic-tip-set-0-5mm-ultra-fine\/#breadcrumb\",\"itemListElement\":[{\"@type\":\"ListItem\",\"position\":1,\"name\":\"Home\",\"item\":\"https:\/\/dev4.devmitsinformatica.com\/en\/\"},{\"@type\":\"ListItem\",\"position\":2,\"name\":\"Store\",\"item\":\"https:\/\/dev4.devmitsinformatica.com\/?page_id=38\"},{\"@type\":\"ListItem\",\"position\":3,\"name\":\"Montana Acrylic Punta Set 0.5mm\"}]},{\"@type\":\"WebSite\",\"@id\":\"https:\/\/dev4.devmitsinformatica.com\/en\/#website\",\"url\":\"https:\/\/dev4.devmitsinformatica.com\/en\/\",\"name\":\"ULTRAWIDE GRAFFITI SHOP\",\"description\":\"SPRAY GRAFFITI SHOP CAPS Y ROTULADORES\",\"publisher\":{\"@id\":\"https:\/\/dev4.devmitsinformatica.com\/en\/#organization\"},\"potentialAction\":[{\"@type\":\"SearchAction\",\"target\":{\"@type\":\"EntryPoint\",\"urlTemplate\":\"https:\/\/dev4.devmitsinformatica.com\/en\/?s={search_term_string}\"},\"query-input\":{\"@type\":\"PropertyValueSpecification\",\"valueRequired\":true,\"valueName\":\"search_term_string\"}}],\"inLanguage\":\"en-US\"},{\"@type\":\"Organization\",\"@id\":\"https:\/\/dev4.devmitsinformatica.com\/en\/#organization\",\"name\":\"ANDEN Graffiti Shop Barcelona\",\"url\":\"https:\/\/dev4.devmitsinformatica.com\/en\/\",\"logo\":{\"@type\":\"ImageObject\",\"inLanguage\":\"en-US\",\"@id\":\"https:\/\/dev4.devmitsinformatica.com\/en\/#\/schema\/logo\/image\/\",\"url\":\"https:\/\/dev4.devmitsinformatica.com\/wp-content\/uploads\/2016\/11\/graffiti-gallery-barcelona.png\",\"contentUrl\":\"https:\/\/dev4.devmitsinformatica.com\/wp-content\/uploads\/2016\/11\/graffiti-gallery-barcelona.png\",\"width\":386,\"height\":150,\"caption\":\"ANDEN Graffiti Shop Barcelona\"},\"image\":{\"@id\":\"https:\/\/dev4.devmitsinformatica.com\/en\/#\/schema\/logo\/image\/\"}}]}<\/script>\n<!-- \/ Yoast SEO plugin. -->","yoast_head_json":{"title":"Montana Acrylic Punta Set 0.5mm. Ultrawide Graffiti Barcelona","description":"barniz de montana? spray para coches? montana cans barcelona. graffiti shop barcelona? tienda graffiti, ropa street art y montana colores.","robots":{"index":"index","follow":"follow","max-snippet":"max-snippet:-1","max-image-preview":"max-image-preview:large","max-video-preview":"max-video-preview:-1"},"canonical":"https:\/\/dev4.devmitsinformatica.com\/en\/shop\/graffiti-rotulador-shop-barcelona\/graffiti-puntas-shop-barcelona\/montana-acrylic-tip-set-0-5mm-ultra-fine\/","og_locale":"en_US","og_type":"article","og_title":"Montana Acrylic Punta Set 0.5mm. Ultrawide Graffiti Barcelona","og_description":"barniz de montana? spray para coches? montana cans barcelona. graffiti shop barcelona? tienda graffiti, ropa street art y montana colores.","og_url":"https:\/\/dev4.devmitsinformatica.com\/en\/shop\/graffiti-rotulador-shop-barcelona\/graffiti-puntas-shop-barcelona\/montana-acrylic-tip-set-0-5mm-ultra-fine\/","og_site_name":"ULTRAWIDE GRAFFITI SHOP","article_modified_time":"2023-10-16T17:11:31+00:00","og_image":[{"width":1000,"height":1000,"url":"https:\/\/dev4.devmitsinformatica.com\/wp-content\/uploads\/2016\/09\/puntas-05mm-para-rotulador-acr\u00edlico.png","type":"image\/png"}],"twitter_card":"summary_large_image","twitter_misc":{"Est. reading time":"2 minutes"},"schema":{"@context":"https:\/\/schema.org","@graph":[{"@type":"WebPage","@id":"https:\/\/dev4.devmitsinformatica.com\/en\/shop\/graffiti-rotulador-shop-barcelona\/graffiti-puntas-shop-barcelona\/montana-acrylic-tip-set-0-5mm-ultra-fine\/","url":"https:\/\/dev4.devmitsinformatica.com\/en\/shop\/graffiti-rotulador-shop-barcelona\/graffiti-puntas-shop-barcelona\/montana-acrylic-tip-set-0-5mm-ultra-fine\/","name":"Montana Acrylic Punta Set 0.5mm. Ultrawide Graffiti Barcelona","isPartOf":{"@id":"https:\/\/dev4.devmitsinformatica.com\/en\/#website"},"primaryImageOfPage":{"@id":"https:\/\/dev4.devmitsinformatica.com\/en\/shop\/graffiti-rotulador-shop-barcelona\/graffiti-puntas-shop-barcelona\/montana-acrylic-tip-set-0-5mm-ultra-fine\/#primaryimage"},"image":{"@id":"https:\/\/dev4.devmitsinformatica.com\/en\/shop\/graffiti-rotulador-shop-barcelona\/graffiti-puntas-shop-barcelona\/montana-acrylic-tip-set-0-5mm-ultra-fine\/#primaryimage"},"thumbnailUrl":"https:\/\/dev4.devmitsinformatica.com\/wp-content\/uploads\/2016\/09\/puntas-05mm-para-rotulador-acr\u00edlico.png","datePublished":"2016-09-01T20:16:48+00:00","dateModified":"2023-10-16T17:11:31+00:00","description":"barniz de montana? spray para coches? montana cans barcelona. graffiti shop barcelona? tienda graffiti, ropa street art y montana colores.","breadcrumb":{"@id":"https:\/\/dev4.devmitsinformatica.com\/en\/shop\/graffiti-rotulador-shop-barcelona\/graffiti-puntas-shop-barcelona\/montana-acrylic-tip-set-0-5mm-ultra-fine\/#breadcrumb"},"inLanguage":"en-US","potentialAction":[{"@type":"ReadAction","target":["https:\/\/dev4.devmitsinformatica.com\/en\/shop\/graffiti-rotulador-shop-barcelona\/graffiti-puntas-shop-barcelona\/montana-acrylic-tip-set-0-5mm-ultra-fine\/"]}]},{"@type":"ImageObject","inLanguage":"en-US","@id":"https:\/\/dev4.devmitsinformatica.com\/en\/shop\/graffiti-rotulador-shop-barcelona\/graffiti-puntas-shop-barcelona\/montana-acrylic-tip-set-0-5mm-ultra-fine\/#primaryimage","url":"https:\/\/dev4.devmitsinformatica.com\/wp-content\/uploads\/2016\/09\/puntas-05mm-para-rotulador-acr\u00edlico.png","contentUrl":"https:\/\/dev4.devmitsinformatica.com\/wp-content\/uploads\/2016\/09\/puntas-05mm-para-rotulador-acr\u00edlico.png","width":1000,"height":1000,"caption":"puntas 0,5mm para marcador montana acrylic"},{"@type":"BreadcrumbList","@id":"https:\/\/dev4.devmitsinformatica.com\/en\/shop\/graffiti-rotulador-shop-barcelona\/graffiti-puntas-shop-barcelona\/montana-acrylic-tip-set-0-5mm-ultra-fine\/#breadcrumb","itemListElement":[{"@type":"ListItem","position":1,"name":"Home","item":"https:\/\/dev4.devmitsinformatica.com\/en\/"},{"@type":"ListItem","position":2,"name":"Store","item":"https:\/\/dev4.devmitsinformatica.com\/?page_id=38"},{"@type":"ListItem","position":3,"name":"Montana Acrylic Punta Set 0.5mm"}]},{"@type":"WebSite","@id":"https:\/\/dev4.devmitsinformatica.com\/en\/#website","url":"https:\/\/dev4.devmitsinformatica.com\/en\/","name":"ULTRAWIDE GRAFFITI SHOP","description":"SPRAY GRAFFITI SHOP CAPS Y ROTULADORES","publisher":{"@id":"https:\/\/dev4.devmitsinformatica.com\/en\/#organization"},"potentialAction":[{"@type":"SearchAction","target":{"@type":"EntryPoint","urlTemplate":"https:\/\/dev4.devmitsinformatica.com\/en\/?s={search_term_string}"},"query-input":{"@type":"PropertyValueSpecification","valueRequired":true,"valueName":"search_term_string"}}],"inLanguage":"en-US"},{"@type":"Organization","@id":"https:\/\/dev4.devmitsinformatica.com\/en\/#organization","name":"ANDEN Graffiti Shop Barcelona","url":"https:\/\/dev4.devmitsinformatica.com\/en\/","logo":{"@type":"ImageObject","inLanguage":"en-US","@id":"https:\/\/dev4.devmitsinformatica.com\/en\/#\/schema\/logo\/image\/","url":"https:\/\/dev4.devmitsinformatica.com\/wp-content\/uploads\/2016\/11\/graffiti-gallery-barcelona.png","contentUrl":"https:\/\/dev4.devmitsinformatica.com\/wp-content\/uploads\/2016\/11\/graffiti-gallery-barcelona.png","width":386,"height":150,"caption":"ANDEN Graffiti Shop Barcelona"},"image":{"@id":"https:\/\/dev4.devmitsinformatica.com\/en\/#\/schema\/logo\/image\/"}}]}},"_links":{"self":[{"href":"https:\/\/dev4.devmitsinformatica.com\/en\/wp-json\/wp\/v2\/product\/2192","targetHints":{"allow":["GET"]}}],"collection":[{"href":"https:\/\/dev4.devmitsinformatica.com\/en\/wp-json\/wp\/v2\/product"}],"about":[{"href":"https:\/\/dev4.devmitsinformatica.com\/en\/wp-json\/wp\/v2\/types\/product"}],"replies":[{"embeddable":true,"href":"https:\/\/dev4.devmitsinformatica.com\/en\/wp-json\/wp\/v2\/comments?post=2192"}],"version-history":[{"count":0,"href":"https:\/\/dev4.devmitsinformatica.com\/en\/wp-json\/wp\/v2\/product\/2192\/revisions"}],"wp:featuredmedia":[{"embeddable":true,"href":"https:\/\/dev4.devmitsinformatica.com\/en\/wp-json\/wp\/v2\/media\/5740"}],"wp:attachment":[{"href":"https:\/\/dev4.devmitsinformatica.com\/en\/wp-json\/wp\/v2\/media?parent=2192"}],"wp:term":[{"taxonomy":"product_brand","embeddable":true,"href":"https:\/\/dev4.devmitsinformatica.com\/en\/wp-json\/wp\/v2\/product_brand?post=2192"},{"taxonomy":"product_cat","embeddable":true,"href":"https:\/\/dev4.devmitsinformatica.com\/en\/wp-json\/wp\/v2\/product_cat?post=2192"},{"taxonomy":"product_tag","embeddable":true,"href":"https:\/\/dev4.devmitsinformatica.com\/en\/wp-json\/wp\/v2\/product_tag?post=2192"}],"curies":[{"name":"wp","href":"https:\/\/api.w.org\/{rel}","templated":true}]}}