{"id":2199,"date":"2016-09-01T20:16:58","date_gmt":"2016-09-01T20:16:58","guid":{"rendered":"http:\/\/spraygraffiti.com\/index.php\/product\/montana-acrylic-tip-set-30mm-multiline\/"},"modified":"2023-10-17T09:21:40","modified_gmt":"2023-10-17T09:21:40","slug":"montana-acrylic-tip-set-30mm-multiline","status":"publish","type":"product","link":"https:\/\/dev4.devmitsinformatica.com\/en\/shop\/graffiti-rotulador-shop-barcelona\/graffiti-puntas-shop-barcelona\/montana-acrylic-tip-set-30mm-multiline\/","title":{"rendered":"Montana Acrylic Tip Set 30mm Multiline"},"content":{"rendered":"<h1><span style=\"text-decoration: underline;\">Recambio Puntas 30mm Multiline.\u00a0<\/span><\/h1>\n<p>Montana Acrylic <strong>Tip Set 30mm Multiline<\/strong>. La punta de recambio Montana de 30 mm MULTI LINE. Grande para efectos de letras y caligraf\u00eda &#8211; perfecta para los letreros. La punta est\u00e1 hecha de fieltro de fibra natural. Adecuada en el marcador de Acrylic de Montana 30mm. Montana ACRYLIC sustituci\u00f3n de punta Multi L\u00ednea 30 mm est\u00e1 disponible en juego de 2 piezas.<\/p>\n<p>Las<strong>\u00a0puntas multilinea<\/strong>\u00a0de\u00a0<a href=\"https:\/\/dev4.devmitsinformatica.com\/tienda-online\/graffiti-montana-spray-shop-barcelona\/\">montana cans<\/a>\u00a0acrylic estan dise\u00f1adas para el uso exclusivo con el\u00a0<a href=\"https:\/\/dev4.devmitsinformatica.com\/tienda-online\/graffiti-rotulador-shop-barcelona\/\">rotulador<\/a>\u00a0acr\u00edlico de la marca. Estas singulares puntas para\u00a0<a href=\"https:\/\/dev4.devmitsinformatica.com\/tienda-online\/graffiti-rotulador-shop-barcelona\/\">rotulador<\/a>\u00a0tienen 2 muescas en el medio de manera que al aplicar la tinta sobre el soporte marca triple. Las\u00a0puntas Multiline de Montana\u00a0Acrylic est\u00e1n disponibles en 3 medidas en funci\u00f3n del\u00a0<a href=\"https:\/\/dev4.devmitsinformatica.com\/tienda-online\/graffiti-rotulador-shop-barcelona\/\">rotulador<\/a>\u00a0acr\u00edlico que utilicemos. En este caso este set de puntas es \u00fanicamente indicado para substituir la punta por defecto del rotulador acr\u00edlico 30mm. Para el cambio de punta, tire suavemente hacia arriba de la punta del rotulador previa protecci\u00f3n mediante guantes e introduzca la nueva <em><strong>punta multiline<\/strong><\/em> en el marcador. Asi de f\u00e1cil!! Crea caligraf\u00edas infinitas y diferentes con la Montana Acrylic\u00a0<a href=\"https:\/\/dev4.devmitsinformatica.com\/?product_cat=&amp;post_type=product&amp;s=tip+set\">Tip Set<\/a>\u00a030mm Multiline e innova con nuevas maneras de pintar.<\/p>\n<p>Paquete: 2 Piezas<\/p>\n<p>puntas multilinea, puntas efectos, puntas recambio rotulador, marcadores caligrafia, marcador letttering<\/p>\n","protected":false},"excerpt":{"rendered":"<p>La punta de recambio Montana de 30 mm MULTI LINE. Grande para efectos de letras y caligraf\u00eda &#8211; perfecta para los letreros. La punta est\u00e1 hecha de fieltro de fibra natural. Adecuada en el marcador de Acrylic de Montana 30mm. Montana ACRYLIC sustituci\u00f3n de punta Multi L\u00ednea 30 mm est\u00e1 disponible en juego de 2 piezas.<\/p>\n<p>Paquete: 2 Piezas<\/p>\n","protected":false},"featured_media":5756,"comment_status":"closed","ping_status":"closed","template":"","meta":{"site-sidebar-layout":"default","site-content-layout":"","ast-site-content-layout":"default","site-content-style":"default","site-sidebar-style":"default","ast-global-header-display":"","ast-banner-title-visibility":"","ast-main-header-display":"","ast-hfb-above-header-display":"","ast-hfb-below-header-display":"","ast-hfb-mobile-header-display":"","site-post-title":"","ast-breadcrumbs-content":"","ast-featured-img":"","footer-sml-layout":"","ast-disable-related-posts":"","theme-transparent-header-meta":"","adv-header-id-meta":"","stick-header-meta":"","header-above-stick-meta":"","header-main-stick-meta":"","header-below-stick-meta":"","astra-migrate-meta-layouts":"default","ast-page-background-enabled":"default","ast-page-background-meta":{"desktop":{"background-color":"","background-image":"","background-repeat":"repeat","background-position":"center center","background-size":"auto","background-attachment":"scroll","background-type":"","background-media":"","overlay-type":"","overlay-color":"","overlay-opacity":"","overlay-gradient":""},"tablet":{"background-color":"","background-image":"","background-repeat":"repeat","background-position":"center center","background-size":"auto","background-attachment":"scroll","background-type":"","background-media":"","overlay-type":"","overlay-color":"","overlay-opacity":"","overlay-gradient":""},"mobile":{"background-color":"","background-image":"","background-repeat":"repeat","background-position":"center center","background-size":"auto","background-attachment":"scroll","background-type":"","background-media":"","overlay-type":"","overlay-color":"","overlay-opacity":"","overlay-gradient":""}},"ast-content-background-meta":{"desktop":{"background-color":"var(--ast-global-color-5)","background-image":"","background-repeat":"repeat","background-position":"center center","background-size":"auto","background-attachment":"scroll","background-type":"","background-media":"","overlay-type":"","overlay-color":"","overlay-opacity":"","overlay-gradient":""},"tablet":{"background-color":"var(--ast-global-color-5)","background-image":"","background-repeat":"repeat","background-position":"center center","background-size":"auto","background-attachment":"scroll","background-type":"","background-media":"","overlay-type":"","overlay-color":"","overlay-opacity":"","overlay-gradient":""},"mobile":{"background-color":"var(--ast-global-color-5)","background-image":"","background-repeat":"repeat","background-position":"center center","background-size":"auto","background-attachment":"scroll","background-type":"","background-media":"","overlay-type":"","overlay-color":"","overlay-opacity":"","overlay-gradient":""}}},"product_brand":[],"product_cat":[7,978,2514],"product_tag":[1741,2137,2144,2141,2139,2140,1731,1019,2498,2497,2500,2499,2466,2501,2138,2143,1756,2142],"class_list":{"0":"post-2199","1":"product","2":"type-product","3":"status-publish","4":"has-post-thumbnail","6":"product_cat-graffiti-rotulador-shop-barcelona","7":"product_cat-graffiti-puntas-shop-barcelona","8":"product_cat-puntas-montana-acrylic","9":"product_tag-acrilico-barato-rotuladores","10":"product_tag-acrilico-comprar-rotulador","11":"product_tag-acrylic-comprar-rotulador","12":"product_tag-acrylic-precio-rotulador","13":"product_tag-comprar-colores-rotulador","14":"product_tag-comprar-rotulador-colores","15":"product_tag-comprar-rotuladores-acrilico","16":"product_tag-montana","17":"product_tag-puntas-30mm-multilinea","18":"product_tag-puntas-de-rotulador-para-efectos","19":"product_tag-puntas-especiales","20":"product_tag-puntas-rotulador-multiline","21":"product_tag-recambio-puntas-acrilico","22":"product_tag-recambio-puntas-montana","23":"product_tag-rotulador-acrylic-barato","24":"product_tag-rotulador-barato-color","25":"product_tag-rotuladores-acrilico-comprar","26":"product_tag-rotuladores-color-precio","27":"desktop-align-left","28":"tablet-align-left","29":"mobile-align-left","31":"first","32":"instock","33":"purchasable","34":"product-type-simple"},"yoast_head":"<!-- This site is optimized with the Yoast SEO plugin v27.0 - https:\/\/yoast.com\/product\/yoast-seo-wordpress\/ -->\n<title>Montana Acrylic Tip Set 30mm Multiline Ultrawide Graffiti Shop<\/title>\n<meta name=\"description\" content=\"montana cans barcelona. barniz de montana? tienda bellas artes online. tienda para arte en barcelona. montana cans barcelona anden group.\" \/>\n<meta name=\"robots\" content=\"index, follow, max-snippet:-1, max-image-preview:large, max-video-preview:-1\" \/>\n<link rel=\"canonical\" href=\"https:\/\/dev4.devmitsinformatica.com\/en\/shop\/graffiti-rotulador-shop-barcelona\/graffiti-puntas-shop-barcelona\/montana-acrylic-tip-set-30mm-multiline\/\" \/>\n<meta property=\"og:locale\" content=\"en_US\" \/>\n<meta property=\"og:type\" content=\"article\" \/>\n<meta property=\"og:title\" content=\"Montana Acrylic Tip Set 30mm Multiline Ultrawide Graffiti Shop\" \/>\n<meta property=\"og:description\" content=\"montana cans barcelona. barniz de montana? tienda bellas artes online. tienda para arte en barcelona. montana cans barcelona anden group.\" \/>\n<meta property=\"og:url\" content=\"https:\/\/dev4.devmitsinformatica.com\/en\/shop\/graffiti-rotulador-shop-barcelona\/graffiti-puntas-shop-barcelona\/montana-acrylic-tip-set-30mm-multiline\/\" \/>\n<meta property=\"og:site_name\" content=\"ULTRAWIDE GRAFFITI SHOP\" \/>\n<meta property=\"article:modified_time\" content=\"2023-10-17T09:21:40+00:00\" \/>\n<meta property=\"og:image\" content=\"https:\/\/dev4.devmitsinformatica.com\/wp-content\/uploads\/2016\/09\/puntas-30mm-multiline.jpg\" \/>\n\t<meta property=\"og:image:width\" content=\"1024\" \/>\n\t<meta property=\"og:image:height\" content=\"1024\" \/>\n\t<meta property=\"og:image:type\" content=\"image\/jpeg\" \/>\n<meta name=\"twitter:card\" content=\"summary_large_image\" \/>\n<meta name=\"twitter:label1\" content=\"Est. reading time\" \/>\n\t<meta name=\"twitter:data1\" content=\"1 minute\" \/>\n<script type=\"application\/ld+json\" class=\"yoast-schema-graph\">{\"@context\":\"https:\/\/schema.org\",\"@graph\":[{\"@type\":\"WebPage\",\"@id\":\"https:\/\/dev4.devmitsinformatica.com\/en\/shop\/graffiti-rotulador-shop-barcelona\/graffiti-puntas-shop-barcelona\/montana-acrylic-tip-set-30mm-multiline\/\",\"url\":\"https:\/\/dev4.devmitsinformatica.com\/en\/shop\/graffiti-rotulador-shop-barcelona\/graffiti-puntas-shop-barcelona\/montana-acrylic-tip-set-30mm-multiline\/\",\"name\":\"Montana Acrylic Tip Set 30mm Multiline Ultrawide Graffiti Shop\",\"isPartOf\":{\"@id\":\"https:\/\/dev4.devmitsinformatica.com\/en\/#website\"},\"primaryImageOfPage\":{\"@id\":\"https:\/\/dev4.devmitsinformatica.com\/en\/shop\/graffiti-rotulador-shop-barcelona\/graffiti-puntas-shop-barcelona\/montana-acrylic-tip-set-30mm-multiline\/#primaryimage\"},\"image\":{\"@id\":\"https:\/\/dev4.devmitsinformatica.com\/en\/shop\/graffiti-rotulador-shop-barcelona\/graffiti-puntas-shop-barcelona\/montana-acrylic-tip-set-30mm-multiline\/#primaryimage\"},\"thumbnailUrl\":\"https:\/\/dev4.devmitsinformatica.com\/wp-content\/uploads\/2016\/09\/puntas-30mm-multiline.jpg\",\"datePublished\":\"2016-09-01T20:16:58+00:00\",\"dateModified\":\"2023-10-17T09:21:40+00:00\",\"description\":\"montana cans barcelona. barniz de montana? tienda bellas artes online. tienda para arte en barcelona. montana cans barcelona anden group.\",\"breadcrumb\":{\"@id\":\"https:\/\/dev4.devmitsinformatica.com\/en\/shop\/graffiti-rotulador-shop-barcelona\/graffiti-puntas-shop-barcelona\/montana-acrylic-tip-set-30mm-multiline\/#breadcrumb\"},\"inLanguage\":\"en-US\",\"potentialAction\":[{\"@type\":\"ReadAction\",\"target\":[\"https:\/\/dev4.devmitsinformatica.com\/en\/shop\/graffiti-rotulador-shop-barcelona\/graffiti-puntas-shop-barcelona\/montana-acrylic-tip-set-30mm-multiline\/\"]}]},{\"@type\":\"ImageObject\",\"inLanguage\":\"en-US\",\"@id\":\"https:\/\/dev4.devmitsinformatica.com\/en\/shop\/graffiti-rotulador-shop-barcelona\/graffiti-puntas-shop-barcelona\/montana-acrylic-tip-set-30mm-multiline\/#primaryimage\",\"url\":\"https:\/\/dev4.devmitsinformatica.com\/wp-content\/uploads\/2016\/09\/puntas-30mm-multiline.jpg\",\"contentUrl\":\"https:\/\/dev4.devmitsinformatica.com\/wp-content\/uploads\/2016\/09\/puntas-30mm-multiline.jpg\",\"width\":1024,\"height\":1024,\"caption\":\"multiline replacement tip\"},{\"@type\":\"BreadcrumbList\",\"@id\":\"https:\/\/dev4.devmitsinformatica.com\/en\/shop\/graffiti-rotulador-shop-barcelona\/graffiti-puntas-shop-barcelona\/montana-acrylic-tip-set-30mm-multiline\/#breadcrumb\",\"itemListElement\":[{\"@type\":\"ListItem\",\"position\":1,\"name\":\"Home\",\"item\":\"https:\/\/dev4.devmitsinformatica.com\/en\/\"},{\"@type\":\"ListItem\",\"position\":2,\"name\":\"Store\",\"item\":\"https:\/\/dev4.devmitsinformatica.com\/?page_id=38\"},{\"@type\":\"ListItem\",\"position\":3,\"name\":\"Montana Acrylic Tip Set 30mm Multiline\"}]},{\"@type\":\"WebSite\",\"@id\":\"https:\/\/dev4.devmitsinformatica.com\/en\/#website\",\"url\":\"https:\/\/dev4.devmitsinformatica.com\/en\/\",\"name\":\"ULTRAWIDE GRAFFITI SHOP\",\"description\":\"SPRAY GRAFFITI SHOP CAPS Y ROTULADORES\",\"publisher\":{\"@id\":\"https:\/\/dev4.devmitsinformatica.com\/en\/#organization\"},\"potentialAction\":[{\"@type\":\"SearchAction\",\"target\":{\"@type\":\"EntryPoint\",\"urlTemplate\":\"https:\/\/dev4.devmitsinformatica.com\/en\/?s={search_term_string}\"},\"query-input\":{\"@type\":\"PropertyValueSpecification\",\"valueRequired\":true,\"valueName\":\"search_term_string\"}}],\"inLanguage\":\"en-US\"},{\"@type\":\"Organization\",\"@id\":\"https:\/\/dev4.devmitsinformatica.com\/en\/#organization\",\"name\":\"ANDEN Graffiti Shop Barcelona\",\"url\":\"https:\/\/dev4.devmitsinformatica.com\/en\/\",\"logo\":{\"@type\":\"ImageObject\",\"inLanguage\":\"en-US\",\"@id\":\"https:\/\/dev4.devmitsinformatica.com\/en\/#\/schema\/logo\/image\/\",\"url\":\"https:\/\/dev4.devmitsinformatica.com\/wp-content\/uploads\/2016\/11\/graffiti-gallery-barcelona.png\",\"contentUrl\":\"https:\/\/dev4.devmitsinformatica.com\/wp-content\/uploads\/2016\/11\/graffiti-gallery-barcelona.png\",\"width\":386,\"height\":150,\"caption\":\"ANDEN Graffiti Shop Barcelona\"},\"image\":{\"@id\":\"https:\/\/dev4.devmitsinformatica.com\/en\/#\/schema\/logo\/image\/\"}}]}<\/script>\n<!-- \/ Yoast SEO plugin. -->","yoast_head_json":{"title":"Montana Acrylic Tip Set 30mm Multiline Ultrawide Graffiti Shop","description":"montana cans barcelona. barniz de montana? tienda bellas artes online. tienda para arte en barcelona. montana cans barcelona anden group.","robots":{"index":"index","follow":"follow","max-snippet":"max-snippet:-1","max-image-preview":"max-image-preview:large","max-video-preview":"max-video-preview:-1"},"canonical":"https:\/\/dev4.devmitsinformatica.com\/en\/shop\/graffiti-rotulador-shop-barcelona\/graffiti-puntas-shop-barcelona\/montana-acrylic-tip-set-30mm-multiline\/","og_locale":"en_US","og_type":"article","og_title":"Montana Acrylic Tip Set 30mm Multiline Ultrawide Graffiti Shop","og_description":"montana cans barcelona. barniz de montana? tienda bellas artes online. tienda para arte en barcelona. montana cans barcelona anden group.","og_url":"https:\/\/dev4.devmitsinformatica.com\/en\/shop\/graffiti-rotulador-shop-barcelona\/graffiti-puntas-shop-barcelona\/montana-acrylic-tip-set-30mm-multiline\/","og_site_name":"ULTRAWIDE GRAFFITI SHOP","article_modified_time":"2023-10-17T09:21:40+00:00","og_image":[{"width":1024,"height":1024,"url":"https:\/\/dev4.devmitsinformatica.com\/wp-content\/uploads\/2016\/09\/puntas-30mm-multiline.jpg","type":"image\/jpeg"}],"twitter_card":"summary_large_image","twitter_misc":{"Est. reading time":"1 minute"},"schema":{"@context":"https:\/\/schema.org","@graph":[{"@type":"WebPage","@id":"https:\/\/dev4.devmitsinformatica.com\/en\/shop\/graffiti-rotulador-shop-barcelona\/graffiti-puntas-shop-barcelona\/montana-acrylic-tip-set-30mm-multiline\/","url":"https:\/\/dev4.devmitsinformatica.com\/en\/shop\/graffiti-rotulador-shop-barcelona\/graffiti-puntas-shop-barcelona\/montana-acrylic-tip-set-30mm-multiline\/","name":"Montana Acrylic Tip Set 30mm Multiline Ultrawide Graffiti Shop","isPartOf":{"@id":"https:\/\/dev4.devmitsinformatica.com\/en\/#website"},"primaryImageOfPage":{"@id":"https:\/\/dev4.devmitsinformatica.com\/en\/shop\/graffiti-rotulador-shop-barcelona\/graffiti-puntas-shop-barcelona\/montana-acrylic-tip-set-30mm-multiline\/#primaryimage"},"image":{"@id":"https:\/\/dev4.devmitsinformatica.com\/en\/shop\/graffiti-rotulador-shop-barcelona\/graffiti-puntas-shop-barcelona\/montana-acrylic-tip-set-30mm-multiline\/#primaryimage"},"thumbnailUrl":"https:\/\/dev4.devmitsinformatica.com\/wp-content\/uploads\/2016\/09\/puntas-30mm-multiline.jpg","datePublished":"2016-09-01T20:16:58+00:00","dateModified":"2023-10-17T09:21:40+00:00","description":"montana cans barcelona. barniz de montana? tienda bellas artes online. tienda para arte en barcelona. montana cans barcelona anden group.","breadcrumb":{"@id":"https:\/\/dev4.devmitsinformatica.com\/en\/shop\/graffiti-rotulador-shop-barcelona\/graffiti-puntas-shop-barcelona\/montana-acrylic-tip-set-30mm-multiline\/#breadcrumb"},"inLanguage":"en-US","potentialAction":[{"@type":"ReadAction","target":["https:\/\/dev4.devmitsinformatica.com\/en\/shop\/graffiti-rotulador-shop-barcelona\/graffiti-puntas-shop-barcelona\/montana-acrylic-tip-set-30mm-multiline\/"]}]},{"@type":"ImageObject","inLanguage":"en-US","@id":"https:\/\/dev4.devmitsinformatica.com\/en\/shop\/graffiti-rotulador-shop-barcelona\/graffiti-puntas-shop-barcelona\/montana-acrylic-tip-set-30mm-multiline\/#primaryimage","url":"https:\/\/dev4.devmitsinformatica.com\/wp-content\/uploads\/2016\/09\/puntas-30mm-multiline.jpg","contentUrl":"https:\/\/dev4.devmitsinformatica.com\/wp-content\/uploads\/2016\/09\/puntas-30mm-multiline.jpg","width":1024,"height":1024,"caption":"multiline replacement tip"},{"@type":"BreadcrumbList","@id":"https:\/\/dev4.devmitsinformatica.com\/en\/shop\/graffiti-rotulador-shop-barcelona\/graffiti-puntas-shop-barcelona\/montana-acrylic-tip-set-30mm-multiline\/#breadcrumb","itemListElement":[{"@type":"ListItem","position":1,"name":"Home","item":"https:\/\/dev4.devmitsinformatica.com\/en\/"},{"@type":"ListItem","position":2,"name":"Store","item":"https:\/\/dev4.devmitsinformatica.com\/?page_id=38"},{"@type":"ListItem","position":3,"name":"Montana Acrylic Tip Set 30mm Multiline"}]},{"@type":"WebSite","@id":"https:\/\/dev4.devmitsinformatica.com\/en\/#website","url":"https:\/\/dev4.devmitsinformatica.com\/en\/","name":"ULTRAWIDE GRAFFITI SHOP","description":"SPRAY GRAFFITI SHOP CAPS Y ROTULADORES","publisher":{"@id":"https:\/\/dev4.devmitsinformatica.com\/en\/#organization"},"potentialAction":[{"@type":"SearchAction","target":{"@type":"EntryPoint","urlTemplate":"https:\/\/dev4.devmitsinformatica.com\/en\/?s={search_term_string}"},"query-input":{"@type":"PropertyValueSpecification","valueRequired":true,"valueName":"search_term_string"}}],"inLanguage":"en-US"},{"@type":"Organization","@id":"https:\/\/dev4.devmitsinformatica.com\/en\/#organization","name":"ANDEN Graffiti Shop Barcelona","url":"https:\/\/dev4.devmitsinformatica.com\/en\/","logo":{"@type":"ImageObject","inLanguage":"en-US","@id":"https:\/\/dev4.devmitsinformatica.com\/en\/#\/schema\/logo\/image\/","url":"https:\/\/dev4.devmitsinformatica.com\/wp-content\/uploads\/2016\/11\/graffiti-gallery-barcelona.png","contentUrl":"https:\/\/dev4.devmitsinformatica.com\/wp-content\/uploads\/2016\/11\/graffiti-gallery-barcelona.png","width":386,"height":150,"caption":"ANDEN Graffiti Shop Barcelona"},"image":{"@id":"https:\/\/dev4.devmitsinformatica.com\/en\/#\/schema\/logo\/image\/"}}]}},"_links":{"self":[{"href":"https:\/\/dev4.devmitsinformatica.com\/en\/wp-json\/wp\/v2\/product\/2199","targetHints":{"allow":["GET"]}}],"collection":[{"href":"https:\/\/dev4.devmitsinformatica.com\/en\/wp-json\/wp\/v2\/product"}],"about":[{"href":"https:\/\/dev4.devmitsinformatica.com\/en\/wp-json\/wp\/v2\/types\/product"}],"replies":[{"embeddable":true,"href":"https:\/\/dev4.devmitsinformatica.com\/en\/wp-json\/wp\/v2\/comments?post=2199"}],"version-history":[{"count":0,"href":"https:\/\/dev4.devmitsinformatica.com\/en\/wp-json\/wp\/v2\/product\/2199\/revisions"}],"wp:featuredmedia":[{"embeddable":true,"href":"https:\/\/dev4.devmitsinformatica.com\/en\/wp-json\/wp\/v2\/media\/5756"}],"wp:attachment":[{"href":"https:\/\/dev4.devmitsinformatica.com\/en\/wp-json\/wp\/v2\/media?parent=2199"}],"wp:term":[{"taxonomy":"product_brand","embeddable":true,"href":"https:\/\/dev4.devmitsinformatica.com\/en\/wp-json\/wp\/v2\/product_brand?post=2199"},{"taxonomy":"product_cat","embeddable":true,"href":"https:\/\/dev4.devmitsinformatica.com\/en\/wp-json\/wp\/v2\/product_cat?post=2199"},{"taxonomy":"product_tag","embeddable":true,"href":"https:\/\/dev4.devmitsinformatica.com\/en\/wp-json\/wp\/v2\/product_tag?post=2199"}],"curies":[{"name":"wp","href":"https:\/\/api.w.org\/{rel}","templated":true}]}}