{"id":2201,"date":"2016-09-01T20:16:58","date_gmt":"2016-09-01T20:16:58","guid":{"rendered":"http:\/\/spraygraffiti.com\/index.php\/product\/montana-acrylic-tip-set-50mm-multiline\/"},"modified":"2023-10-17T09:19:04","modified_gmt":"2023-10-17T09:19:04","slug":"montana-acrylic-tip-set-50mm-multiline","status":"publish","type":"product","link":"https:\/\/dev4.devmitsinformatica.com\/en\/shop\/graffiti-rotulador-shop-barcelona\/graffiti-puntas-shop-barcelona\/montana-acrylic-tip-set-50mm-multiline\/","title":{"rendered":"Montana Acrylic Tip Set 50mm Multiline"},"content":{"rendered":"<h1>Montana Acrylic Tip Set 50mm Multiline<\/h1>\n<p>Montana Acrylic Tip Set 50mm Multiline. La nueva<em> punta de recambio Montana Acrylic 50 mm MULTI LINE.<\/em> Grande para los efectos de letras y l\u00ednea de caligraf\u00eda &#8211; perfectos para los letreros. La punta est\u00e1 hecha de fieltro de fibra natural. Conveniente en el marcador ACRYLIC de Montana 50m m. Montana ACRYLIC reemplazo de punta Multi L\u00ednea 50mm est\u00e1 disponible en juego de 2 piezas.<\/p>\n<p>Las<strong> puntas de repuesto para rotuladores<\/strong> vac\u00edos o <strong>rotuladores<\/strong> llenos de 50mm acr\u00edlicos montana con efecto multil\u00ednea, son <strong>puntas<\/strong> desarrolladas para trabajos de cal\u00edgraf\u00eda, lettering o aplicaci\u00f3nes de bellas artes. Necestitas puntas de repuesto para rotuladores? Ultrawide te ofrece una extensa l\u00ednea de puntas de repuesto para todos los<strong> rotuladores<\/strong> y Squeezers.<\/p>\n<p>Este pack de 2 puntas Multiline de rotulador acr\u00edlico Montana Cans, te permitir\u00e1 realizar 5 trazos de una sola pasada, sim\u00e9tricos y perfectos para aplicaciones especiales que requieran un acabado \u00fanico. Las puntas de repuesto para rotulador 50mm son \u00fanicamente v\u00e1lidas para este tipo de marcador, no siendo compatible con otras marcas, fabricada en fibra natural que absorbe la tinta para un acabado \u00f3ptimo.<\/p>\n<p>Paquete: 2 Piezas<\/p>\n<p>punta multilinea, puntas rotulador diferentes, punta caligraf\u00eda, punta 50mm, rotulador 50mm, multipunta<\/p>\n","protected":false},"excerpt":{"rendered":"<p>La nueva<em> punta de recambio Montana Acrylic 50 mm MULTI LINE.<\/em> Grande para los efectos de letras y l\u00ednea de caligraf\u00eda &#8211; perfectos para los letreros. La punta est\u00e1 hecha de fieltro de fibra natural. Conveniente en el marcador ACRYLIC de Montana 50m m. Montana ACRYLIC reemplazo de punta Multi L\u00ednea 50mm est\u00e1 disponible en juego de 2 piezas.<\/p>\n<p>Paquete: 2 Piezas<\/p>\n","protected":false},"featured_media":5758,"comment_status":"closed","ping_status":"closed","template":"","meta":{"site-sidebar-layout":"default","site-content-layout":"","ast-site-content-layout":"default","site-content-style":"default","site-sidebar-style":"default","ast-global-header-display":"","ast-banner-title-visibility":"","ast-main-header-display":"","ast-hfb-above-header-display":"","ast-hfb-below-header-display":"","ast-hfb-mobile-header-display":"","site-post-title":"","ast-breadcrumbs-content":"","ast-featured-img":"","footer-sml-layout":"","ast-disable-related-posts":"","theme-transparent-header-meta":"","adv-header-id-meta":"","stick-header-meta":"","header-above-stick-meta":"","header-main-stick-meta":"","header-below-stick-meta":"","astra-migrate-meta-layouts":"default","ast-page-background-enabled":"default","ast-page-background-meta":{"desktop":{"background-color":"","background-image":"","background-repeat":"repeat","background-position":"center center","background-size":"auto","background-attachment":"scroll","background-type":"","background-media":"","overlay-type":"","overlay-color":"","overlay-opacity":"","overlay-gradient":""},"tablet":{"background-color":"","background-image":"","background-repeat":"repeat","background-position":"center center","background-size":"auto","background-attachment":"scroll","background-type":"","background-media":"","overlay-type":"","overlay-color":"","overlay-opacity":"","overlay-gradient":""},"mobile":{"background-color":"","background-image":"","background-repeat":"repeat","background-position":"center center","background-size":"auto","background-attachment":"scroll","background-type":"","background-media":"","overlay-type":"","overlay-color":"","overlay-opacity":"","overlay-gradient":""}},"ast-content-background-meta":{"desktop":{"background-color":"var(--ast-global-color-5)","background-image":"","background-repeat":"repeat","background-position":"center center","background-size":"auto","background-attachment":"scroll","background-type":"","background-media":"","overlay-type":"","overlay-color":"","overlay-opacity":"","overlay-gradient":""},"tablet":{"background-color":"var(--ast-global-color-5)","background-image":"","background-repeat":"repeat","background-position":"center center","background-size":"auto","background-attachment":"scroll","background-type":"","background-media":"","overlay-type":"","overlay-color":"","overlay-opacity":"","overlay-gradient":""},"mobile":{"background-color":"var(--ast-global-color-5)","background-image":"","background-repeat":"repeat","background-position":"center center","background-size":"auto","background-attachment":"scroll","background-type":"","background-media":"","overlay-type":"","overlay-color":"","overlay-opacity":"","overlay-gradient":""}}},"product_brand":[],"product_cat":[7,978,2514],"product_tag":[1753,2155,2156,2163,2157,2160,1019,2158,2503,2502,2460,2504,2159,2161,2162],"class_list":{"0":"post-2201","1":"product","2":"type-product","3":"status-publish","4":"has-post-thumbnail","6":"product_cat-graffiti-rotulador-shop-barcelona","7":"product_cat-graffiti-puntas-shop-barcelona","8":"product_cat-puntas-montana-acrylic","9":"product_tag-acrilico-rotuladores-barato","10":"product_tag-barato-colores-rotuladores","11":"product_tag-barato-rotulador-acrilico","12":"product_tag-color-precio-rotulador","13":"product_tag-color-precio-rotuladores","14":"product_tag-comprar-rotuladores-color","15":"product_tag-montana","16":"product_tag-precio-acrylic-rotulador","17":"product_tag-puntas-multilinea","18":"product_tag-puntas-rotulador-para-efectos","19":"product_tag-recambio-puntas","20":"product_tag-repuesto-puntas-montana","21":"product_tag-rotulador-acrylic-precio","22":"product_tag-rotulador-barato-colores","23":"product_tag-rotulador-precio-color","24":"desktop-align-left","25":"tablet-align-left","26":"mobile-align-left","28":"first","29":"instock","30":"purchasable","31":"product-type-simple"},"yoast_head":"<!-- This site is optimized with the Yoast SEO plugin v27.0 - https:\/\/yoast.com\/product\/yoast-seo-wordpress\/ -->\n<title>Montana Acrylic Tip Set 50mm Multiline Ultrawide Graffiti Shop Barcelona<\/title>\n<meta name=\"description\" content=\"barniz de montana? tienda para arte en barcelona. materiales bellas artes barcelona? graffiti? tienda para arte en barcelona. materiales bellas artes barcelona?\" \/>\n<meta name=\"robots\" content=\"index, follow, max-snippet:-1, max-image-preview:large, max-video-preview:-1\" \/>\n<link rel=\"canonical\" href=\"https:\/\/dev4.devmitsinformatica.com\/en\/shop\/graffiti-rotulador-shop-barcelona\/graffiti-puntas-shop-barcelona\/montana-acrylic-tip-set-50mm-multiline\/\" \/>\n<meta property=\"og:locale\" content=\"en_US\" \/>\n<meta property=\"og:type\" content=\"article\" \/>\n<meta property=\"og:title\" content=\"Montana Acrylic Tip Set 50mm Multiline Ultrawide Graffiti Shop Barcelona\" \/>\n<meta property=\"og:description\" content=\"barniz de montana? tienda para arte en barcelona. materiales bellas artes barcelona? graffiti? tienda para arte en barcelona. materiales bellas artes barcelona?\" \/>\n<meta property=\"og:url\" content=\"https:\/\/dev4.devmitsinformatica.com\/en\/shop\/graffiti-rotulador-shop-barcelona\/graffiti-puntas-shop-barcelona\/montana-acrylic-tip-set-50mm-multiline\/\" \/>\n<meta property=\"og:site_name\" content=\"ULTRAWIDE GRAFFITI SHOP\" \/>\n<meta property=\"article:modified_time\" content=\"2023-10-17T09:19:04+00:00\" \/>\n<meta property=\"og:image\" content=\"https:\/\/dev4.devmitsinformatica.com\/wp-content\/uploads\/2016\/09\/montana_acrylic_tip_set_multi_line_50mm.jpg\" \/>\n\t<meta property=\"og:image:width\" content=\"265\" \/>\n\t<meta property=\"og:image:height\" content=\"265\" \/>\n\t<meta property=\"og:image:type\" content=\"image\/jpeg\" \/>\n<meta name=\"twitter:card\" content=\"summary_large_image\" \/>\n<meta name=\"twitter:label1\" content=\"Est. reading time\" \/>\n\t<meta name=\"twitter:data1\" content=\"1 minute\" \/>\n<script type=\"application\/ld+json\" class=\"yoast-schema-graph\">{\"@context\":\"https:\/\/schema.org\",\"@graph\":[{\"@type\":\"WebPage\",\"@id\":\"https:\/\/dev4.devmitsinformatica.com\/en\/shop\/graffiti-rotulador-shop-barcelona\/graffiti-puntas-shop-barcelona\/montana-acrylic-tip-set-50mm-multiline\/\",\"url\":\"https:\/\/dev4.devmitsinformatica.com\/en\/shop\/graffiti-rotulador-shop-barcelona\/graffiti-puntas-shop-barcelona\/montana-acrylic-tip-set-50mm-multiline\/\",\"name\":\"Montana Acrylic Tip Set 50mm Multiline Ultrawide Graffiti Shop Barcelona\",\"isPartOf\":{\"@id\":\"https:\/\/dev4.devmitsinformatica.com\/en\/#website\"},\"primaryImageOfPage\":{\"@id\":\"https:\/\/dev4.devmitsinformatica.com\/en\/shop\/graffiti-rotulador-shop-barcelona\/graffiti-puntas-shop-barcelona\/montana-acrylic-tip-set-50mm-multiline\/#primaryimage\"},\"image\":{\"@id\":\"https:\/\/dev4.devmitsinformatica.com\/en\/shop\/graffiti-rotulador-shop-barcelona\/graffiti-puntas-shop-barcelona\/montana-acrylic-tip-set-50mm-multiline\/#primaryimage\"},\"thumbnailUrl\":\"https:\/\/dev4.devmitsinformatica.com\/wp-content\/uploads\/2016\/09\/montana_acrylic_tip_set_multi_line_50mm.jpg\",\"datePublished\":\"2016-09-01T20:16:58+00:00\",\"dateModified\":\"2023-10-17T09:19:04+00:00\",\"description\":\"barniz de montana? tienda para arte en barcelona. materiales bellas artes barcelona? graffiti? tienda para arte en barcelona. materiales bellas artes barcelona?\",\"breadcrumb\":{\"@id\":\"https:\/\/dev4.devmitsinformatica.com\/en\/shop\/graffiti-rotulador-shop-barcelona\/graffiti-puntas-shop-barcelona\/montana-acrylic-tip-set-50mm-multiline\/#breadcrumb\"},\"inLanguage\":\"en-US\",\"potentialAction\":[{\"@type\":\"ReadAction\",\"target\":[\"https:\/\/dev4.devmitsinformatica.com\/en\/shop\/graffiti-rotulador-shop-barcelona\/graffiti-puntas-shop-barcelona\/montana-acrylic-tip-set-50mm-multiline\/\"]}]},{\"@type\":\"ImageObject\",\"inLanguage\":\"en-US\",\"@id\":\"https:\/\/dev4.devmitsinformatica.com\/en\/shop\/graffiti-rotulador-shop-barcelona\/graffiti-puntas-shop-barcelona\/montana-acrylic-tip-set-50mm-multiline\/#primaryimage\",\"url\":\"https:\/\/dev4.devmitsinformatica.com\/wp-content\/uploads\/2016\/09\/montana_acrylic_tip_set_multi_line_50mm.jpg\",\"contentUrl\":\"https:\/\/dev4.devmitsinformatica.com\/wp-content\/uploads\/2016\/09\/montana_acrylic_tip_set_multi_line_50mm.jpg\",\"width\":265,\"height\":265,\"caption\":\"montana set of replacement tips.\"},{\"@type\":\"BreadcrumbList\",\"@id\":\"https:\/\/dev4.devmitsinformatica.com\/en\/shop\/graffiti-rotulador-shop-barcelona\/graffiti-puntas-shop-barcelona\/montana-acrylic-tip-set-50mm-multiline\/#breadcrumb\",\"itemListElement\":[{\"@type\":\"ListItem\",\"position\":1,\"name\":\"Home\",\"item\":\"https:\/\/dev4.devmitsinformatica.com\/en\/\"},{\"@type\":\"ListItem\",\"position\":2,\"name\":\"Store\",\"item\":\"https:\/\/dev4.devmitsinformatica.com\/?page_id=38\"},{\"@type\":\"ListItem\",\"position\":3,\"name\":\"Montana Acrylic Tip Set 50mm Multiline\"}]},{\"@type\":\"WebSite\",\"@id\":\"https:\/\/dev4.devmitsinformatica.com\/en\/#website\",\"url\":\"https:\/\/dev4.devmitsinformatica.com\/en\/\",\"name\":\"ULTRAWIDE GRAFFITI SHOP\",\"description\":\"SPRAY GRAFFITI SHOP CAPS Y ROTULADORES\",\"publisher\":{\"@id\":\"https:\/\/dev4.devmitsinformatica.com\/en\/#organization\"},\"potentialAction\":[{\"@type\":\"SearchAction\",\"target\":{\"@type\":\"EntryPoint\",\"urlTemplate\":\"https:\/\/dev4.devmitsinformatica.com\/en\/?s={search_term_string}\"},\"query-input\":{\"@type\":\"PropertyValueSpecification\",\"valueRequired\":true,\"valueName\":\"search_term_string\"}}],\"inLanguage\":\"en-US\"},{\"@type\":\"Organization\",\"@id\":\"https:\/\/dev4.devmitsinformatica.com\/en\/#organization\",\"name\":\"ANDEN Graffiti Shop Barcelona\",\"url\":\"https:\/\/dev4.devmitsinformatica.com\/en\/\",\"logo\":{\"@type\":\"ImageObject\",\"inLanguage\":\"en-US\",\"@id\":\"https:\/\/dev4.devmitsinformatica.com\/en\/#\/schema\/logo\/image\/\",\"url\":\"https:\/\/dev4.devmitsinformatica.com\/wp-content\/uploads\/2016\/11\/graffiti-gallery-barcelona.png\",\"contentUrl\":\"https:\/\/dev4.devmitsinformatica.com\/wp-content\/uploads\/2016\/11\/graffiti-gallery-barcelona.png\",\"width\":386,\"height\":150,\"caption\":\"ANDEN Graffiti Shop Barcelona\"},\"image\":{\"@id\":\"https:\/\/dev4.devmitsinformatica.com\/en\/#\/schema\/logo\/image\/\"}}]}<\/script>\n<!-- \/ Yoast SEO plugin. -->","yoast_head_json":{"title":"Montana Acrylic Tip Set 50mm Multiline Ultrawide Graffiti Shop Barcelona","description":"barniz de montana? tienda para arte en barcelona. materiales bellas artes barcelona? graffiti? tienda para arte en barcelona. materiales bellas artes barcelona?","robots":{"index":"index","follow":"follow","max-snippet":"max-snippet:-1","max-image-preview":"max-image-preview:large","max-video-preview":"max-video-preview:-1"},"canonical":"https:\/\/dev4.devmitsinformatica.com\/en\/shop\/graffiti-rotulador-shop-barcelona\/graffiti-puntas-shop-barcelona\/montana-acrylic-tip-set-50mm-multiline\/","og_locale":"en_US","og_type":"article","og_title":"Montana Acrylic Tip Set 50mm Multiline Ultrawide Graffiti Shop Barcelona","og_description":"barniz de montana? tienda para arte en barcelona. materiales bellas artes barcelona? graffiti? tienda para arte en barcelona. materiales bellas artes barcelona?","og_url":"https:\/\/dev4.devmitsinformatica.com\/en\/shop\/graffiti-rotulador-shop-barcelona\/graffiti-puntas-shop-barcelona\/montana-acrylic-tip-set-50mm-multiline\/","og_site_name":"ULTRAWIDE GRAFFITI SHOP","article_modified_time":"2023-10-17T09:19:04+00:00","og_image":[{"width":265,"height":265,"url":"https:\/\/dev4.devmitsinformatica.com\/wp-content\/uploads\/2016\/09\/montana_acrylic_tip_set_multi_line_50mm.jpg","type":"image\/jpeg"}],"twitter_card":"summary_large_image","twitter_misc":{"Est. reading time":"1 minute"},"schema":{"@context":"https:\/\/schema.org","@graph":[{"@type":"WebPage","@id":"https:\/\/dev4.devmitsinformatica.com\/en\/shop\/graffiti-rotulador-shop-barcelona\/graffiti-puntas-shop-barcelona\/montana-acrylic-tip-set-50mm-multiline\/","url":"https:\/\/dev4.devmitsinformatica.com\/en\/shop\/graffiti-rotulador-shop-barcelona\/graffiti-puntas-shop-barcelona\/montana-acrylic-tip-set-50mm-multiline\/","name":"Montana Acrylic Tip Set 50mm Multiline Ultrawide Graffiti Shop Barcelona","isPartOf":{"@id":"https:\/\/dev4.devmitsinformatica.com\/en\/#website"},"primaryImageOfPage":{"@id":"https:\/\/dev4.devmitsinformatica.com\/en\/shop\/graffiti-rotulador-shop-barcelona\/graffiti-puntas-shop-barcelona\/montana-acrylic-tip-set-50mm-multiline\/#primaryimage"},"image":{"@id":"https:\/\/dev4.devmitsinformatica.com\/en\/shop\/graffiti-rotulador-shop-barcelona\/graffiti-puntas-shop-barcelona\/montana-acrylic-tip-set-50mm-multiline\/#primaryimage"},"thumbnailUrl":"https:\/\/dev4.devmitsinformatica.com\/wp-content\/uploads\/2016\/09\/montana_acrylic_tip_set_multi_line_50mm.jpg","datePublished":"2016-09-01T20:16:58+00:00","dateModified":"2023-10-17T09:19:04+00:00","description":"barniz de montana? tienda para arte en barcelona. materiales bellas artes barcelona? graffiti? tienda para arte en barcelona. materiales bellas artes barcelona?","breadcrumb":{"@id":"https:\/\/dev4.devmitsinformatica.com\/en\/shop\/graffiti-rotulador-shop-barcelona\/graffiti-puntas-shop-barcelona\/montana-acrylic-tip-set-50mm-multiline\/#breadcrumb"},"inLanguage":"en-US","potentialAction":[{"@type":"ReadAction","target":["https:\/\/dev4.devmitsinformatica.com\/en\/shop\/graffiti-rotulador-shop-barcelona\/graffiti-puntas-shop-barcelona\/montana-acrylic-tip-set-50mm-multiline\/"]}]},{"@type":"ImageObject","inLanguage":"en-US","@id":"https:\/\/dev4.devmitsinformatica.com\/en\/shop\/graffiti-rotulador-shop-barcelona\/graffiti-puntas-shop-barcelona\/montana-acrylic-tip-set-50mm-multiline\/#primaryimage","url":"https:\/\/dev4.devmitsinformatica.com\/wp-content\/uploads\/2016\/09\/montana_acrylic_tip_set_multi_line_50mm.jpg","contentUrl":"https:\/\/dev4.devmitsinformatica.com\/wp-content\/uploads\/2016\/09\/montana_acrylic_tip_set_multi_line_50mm.jpg","width":265,"height":265,"caption":"montana set of replacement tips."},{"@type":"BreadcrumbList","@id":"https:\/\/dev4.devmitsinformatica.com\/en\/shop\/graffiti-rotulador-shop-barcelona\/graffiti-puntas-shop-barcelona\/montana-acrylic-tip-set-50mm-multiline\/#breadcrumb","itemListElement":[{"@type":"ListItem","position":1,"name":"Home","item":"https:\/\/dev4.devmitsinformatica.com\/en\/"},{"@type":"ListItem","position":2,"name":"Store","item":"https:\/\/dev4.devmitsinformatica.com\/?page_id=38"},{"@type":"ListItem","position":3,"name":"Montana Acrylic Tip Set 50mm Multiline"}]},{"@type":"WebSite","@id":"https:\/\/dev4.devmitsinformatica.com\/en\/#website","url":"https:\/\/dev4.devmitsinformatica.com\/en\/","name":"ULTRAWIDE GRAFFITI SHOP","description":"SPRAY GRAFFITI SHOP CAPS Y ROTULADORES","publisher":{"@id":"https:\/\/dev4.devmitsinformatica.com\/en\/#organization"},"potentialAction":[{"@type":"SearchAction","target":{"@type":"EntryPoint","urlTemplate":"https:\/\/dev4.devmitsinformatica.com\/en\/?s={search_term_string}"},"query-input":{"@type":"PropertyValueSpecification","valueRequired":true,"valueName":"search_term_string"}}],"inLanguage":"en-US"},{"@type":"Organization","@id":"https:\/\/dev4.devmitsinformatica.com\/en\/#organization","name":"ANDEN Graffiti Shop Barcelona","url":"https:\/\/dev4.devmitsinformatica.com\/en\/","logo":{"@type":"ImageObject","inLanguage":"en-US","@id":"https:\/\/dev4.devmitsinformatica.com\/en\/#\/schema\/logo\/image\/","url":"https:\/\/dev4.devmitsinformatica.com\/wp-content\/uploads\/2016\/11\/graffiti-gallery-barcelona.png","contentUrl":"https:\/\/dev4.devmitsinformatica.com\/wp-content\/uploads\/2016\/11\/graffiti-gallery-barcelona.png","width":386,"height":150,"caption":"ANDEN Graffiti Shop Barcelona"},"image":{"@id":"https:\/\/dev4.devmitsinformatica.com\/en\/#\/schema\/logo\/image\/"}}]}},"_links":{"self":[{"href":"https:\/\/dev4.devmitsinformatica.com\/en\/wp-json\/wp\/v2\/product\/2201","targetHints":{"allow":["GET"]}}],"collection":[{"href":"https:\/\/dev4.devmitsinformatica.com\/en\/wp-json\/wp\/v2\/product"}],"about":[{"href":"https:\/\/dev4.devmitsinformatica.com\/en\/wp-json\/wp\/v2\/types\/product"}],"replies":[{"embeddable":true,"href":"https:\/\/dev4.devmitsinformatica.com\/en\/wp-json\/wp\/v2\/comments?post=2201"}],"version-history":[{"count":0,"href":"https:\/\/dev4.devmitsinformatica.com\/en\/wp-json\/wp\/v2\/product\/2201\/revisions"}],"wp:featuredmedia":[{"embeddable":true,"href":"https:\/\/dev4.devmitsinformatica.com\/en\/wp-json\/wp\/v2\/media\/5758"}],"wp:attachment":[{"href":"https:\/\/dev4.devmitsinformatica.com\/en\/wp-json\/wp\/v2\/media?parent=2201"}],"wp:term":[{"taxonomy":"product_brand","embeddable":true,"href":"https:\/\/dev4.devmitsinformatica.com\/en\/wp-json\/wp\/v2\/product_brand?post=2201"},{"taxonomy":"product_cat","embeddable":true,"href":"https:\/\/dev4.devmitsinformatica.com\/en\/wp-json\/wp\/v2\/product_cat?post=2201"},{"taxonomy":"product_tag","embeddable":true,"href":"https:\/\/dev4.devmitsinformatica.com\/en\/wp-json\/wp\/v2\/product_tag?post=2201"}],"curies":[{"name":"wp","href":"https:\/\/api.w.org\/{rel}","templated":true}]}}