{"id":2207,"date":"2016-09-01T20:16:58","date_gmt":"2016-09-01T20:16:58","guid":{"rendered":"http:\/\/spraygraffiti.com\/index.php\/product\/montana-black-rotulador-vacio-10mm-crusher\/"},"modified":"2023-10-17T09:09:22","modified_gmt":"2023-10-17T09:09:22","slug":"montana-black-rotulador-vacio-10mm-crusher","status":"publish","type":"product","link":"https:\/\/dev4.devmitsinformatica.com\/en\/shop\/graffiti-rotulador-shop-barcelona\/rotuladores-vacios-shop-barcelona\/montana-black-rotulador-vacio-10mm-crusher\/","title":{"rendered":"Squeeze Montana vac\u00edo 10mm"},"content":{"rendered":"<h1>Squeeze Montana vac\u00edo 10mm<\/h1>\n<p>Squeeze Montana vac\u00edo 10mm. Crusher Squeezer de 10 mm es un marcador vac\u00edo recargable, adecuado para todas las tintas y pinturas de Montana. El Crusher \u00a0Black ofrece puntas de pelo reemplazables de 10 mm. Fabricaci\u00f3n de la m\u00e1s alta calidad. \u00a1Utilice para la combinaci\u00f3n perfecta Montana BLACK PAINT y DYE INK! Entregado como marcador vac\u00edo . Punta de pelo 10mm.<\/p>\n<p>Buscas rotuladores squeeze? Ultrawide tiene squeeze rotuladores vac\u00edos y chorreadores para graffiti y bellas artes. Montana shop Alemania en Barcelona tu distribuidor oficial para bellas artes, rotuladores y squeeze. Los marcadores montana vac\u00edos disponen de una amplia gama de medidas puntas y trazos para que puedas elegir la que mas se adapte a tu necesidad. El marcador vac\u00edo squeeze de 10mm es el marcador standard de la l\u00ednea de chorreadores. Su punta de 10mm redonda te aporta un trazo regular y \u00f3ptimo. El rotulador se puede rellenar con las tintas o pinturas de On The Run , equivalentes o materiales con una densidad media para trabajos artisticos y creativos. Su dep\u00f3sito de pl\u00e1stico semir\u00edgido te permite controlar el flujo de pintura ejerciendo mayor o menor presi\u00f3n sobre el al aplicar\u00a0 sobre la superf\u00edcie. Ultrawide te ofrece varias medidas de rotulador vac\u00edo squeeze que puedes comprar en nuestra shop online o tienda f\u00edsica de Barcelona. Compra tu squeeze sin moverte de tu domicilio y recibelo con envio gratis en tus compras superiores a 100 euros o con un coste minimo de envio.<\/p>\n<p>Crusher 10mm, marcador squeezer, punta redonda 10mm, punta pelo 10mm, squeezer peque\u00f1o, dripstick montana cans<\/p>\n","protected":false},"excerpt":{"rendered":"<p>Crusher Squeeze de 10 mm es un marcador vac\u00edo recargable, adecuado para todas las tintas y pinturas de Montana. El Crusher \u00a0Black ofrece puntas de pelo reemplazables de 10 mm. Fabricaci\u00f3n de la m\u00e1s alta calidad. \u00a1Utilice para la combinaci\u00f3n perfecta Montana BLACK PAINT y DYE INK! Entregado como marcador vac\u00edo.<\/p>\n<p>*Puedes ver el video promocional de su uso en la descripci\u00f3n de montana crusher 18mm.<\/p>\n","protected":false},"featured_media":5718,"comment_status":"closed","ping_status":"closed","template":"","meta":{"site-sidebar-layout":"default","site-content-layout":"","ast-site-content-layout":"default","site-content-style":"default","site-sidebar-style":"default","ast-global-header-display":"","ast-banner-title-visibility":"","ast-main-header-display":"","ast-hfb-above-header-display":"","ast-hfb-below-header-display":"","ast-hfb-mobile-header-display":"","site-post-title":"","ast-breadcrumbs-content":"","ast-featured-img":"","footer-sml-layout":"","ast-disable-related-posts":"","theme-transparent-header-meta":"","adv-header-id-meta":"","stick-header-meta":"","header-above-stick-meta":"","header-main-stick-meta":"","header-below-stick-meta":"","astra-migrate-meta-layouts":"default","ast-page-background-enabled":"default","ast-page-background-meta":{"desktop":{"background-color":"","background-image":"","background-repeat":"repeat","background-position":"center center","background-size":"auto","background-attachment":"scroll","background-type":"","background-media":"","overlay-type":"","overlay-color":"","overlay-opacity":"","overlay-gradient":""},"tablet":{"background-color":"","background-image":"","background-repeat":"repeat","background-position":"center center","background-size":"auto","background-attachment":"scroll","background-type":"","background-media":"","overlay-type":"","overlay-color":"","overlay-opacity":"","overlay-gradient":""},"mobile":{"background-color":"","background-image":"","background-repeat":"repeat","background-position":"center center","background-size":"auto","background-attachment":"scroll","background-type":"","background-media":"","overlay-type":"","overlay-color":"","overlay-opacity":"","overlay-gradient":""}},"ast-content-background-meta":{"desktop":{"background-color":"var(--ast-global-color-5)","background-image":"","background-repeat":"repeat","background-position":"center center","background-size":"auto","background-attachment":"scroll","background-type":"","background-media":"","overlay-type":"","overlay-color":"","overlay-opacity":"","overlay-gradient":""},"tablet":{"background-color":"var(--ast-global-color-5)","background-image":"","background-repeat":"repeat","background-position":"center center","background-size":"auto","background-attachment":"scroll","background-type":"","background-media":"","overlay-type":"","overlay-color":"","overlay-opacity":"","overlay-gradient":""},"mobile":{"background-color":"var(--ast-global-color-5)","background-image":"","background-repeat":"repeat","background-position":"center center","background-size":"auto","background-attachment":"scroll","background-type":"","background-media":"","overlay-type":"","overlay-color":"","overlay-opacity":"","overlay-gradient":""}}},"product_brand":[],"product_cat":[7,976,2803],"product_tag":[2427,1842,2429,1019,2430,1849,1847,1848,2428,2426,2425],"class_list":{"0":"post-2207","1":"product","2":"type-product","3":"status-publish","4":"has-post-thumbnail","6":"product_cat-graffiti-rotulador-shop-barcelona","7":"product_cat-rotuladores-vacios-shop-barcelona","8":"product_cat-vacios-montana","9":"product_tag-chorreador-vacio","10":"product_tag-comprar-rotuladores-negros","11":"product_tag-empty-marker","12":"product_tag-montana","13":"product_tag-montana-empty-crusher","14":"product_tag-precio-rotulador-negro","15":"product_tag-precio-rotuladores-negro","16":"product_tag-precio-rotuladores-negros","17":"product_tag-rotulador-chorreador","18":"product_tag-rotulador-vacio-squeeze","19":"product_tag-squeeze-marker","20":"desktop-align-left","21":"tablet-align-left","22":"mobile-align-left","24":"first","25":"instock","26":"purchasable","27":"product-type-simple"},"yoast_head":"<!-- This site is optimized with the Yoast SEO plugin v27.0 - https:\/\/yoast.com\/product\/yoast-seo-wordpress\/ -->\n<title>montana online tienda. Ultrawide Shop Graffiti Barcelona<\/title>\n<meta name=\"description\" content=\"graffiti? spray para coches? montana cans barcelona. tienda bellas artes online? materiales bellas artes barcelona? sprays para graffiti\" \/>\n<meta name=\"robots\" content=\"index, follow, max-snippet:-1, max-image-preview:large, max-video-preview:-1\" \/>\n<link rel=\"canonical\" href=\"https:\/\/dev4.devmitsinformatica.com\/en\/shop\/graffiti-rotulador-shop-barcelona\/rotuladores-vacios-shop-barcelona\/montana-black-rotulador-vacio-10mm-crusher\/\" \/>\n<meta property=\"og:locale\" content=\"en_US\" \/>\n<meta property=\"og:type\" content=\"article\" \/>\n<meta property=\"og:title\" content=\"montana online tienda. Ultrawide Shop Graffiti Barcelona\" \/>\n<meta property=\"og:description\" content=\"graffiti? spray para coches? montana cans barcelona. tienda bellas artes online? materiales bellas artes barcelona? sprays para graffiti\" \/>\n<meta property=\"og:url\" content=\"https:\/\/dev4.devmitsinformatica.com\/en\/shop\/graffiti-rotulador-shop-barcelona\/rotuladores-vacios-shop-barcelona\/montana-black-rotulador-vacio-10mm-crusher\/\" \/>\n<meta property=\"og:site_name\" content=\"ULTRAWIDE GRAFFITI SHOP\" \/>\n<meta property=\"article:modified_time\" content=\"2023-10-17T09:09:22+00:00\" \/>\n<meta property=\"og:image\" content=\"https:\/\/dev4.devmitsinformatica.com\/wp-content\/uploads\/2016\/09\/montana-black-crusher-10mm-empty-9439.jpg\" \/>\n\t<meta property=\"og:image:width\" content=\"940\" \/>\n\t<meta property=\"og:image:height\" content=\"940\" \/>\n\t<meta property=\"og:image:type\" content=\"image\/jpeg\" \/>\n<meta name=\"twitter:card\" content=\"summary_large_image\" \/>\n<meta name=\"twitter:label1\" content=\"Est. reading time\" \/>\n\t<meta name=\"twitter:data1\" content=\"1 minute\" \/>\n<script type=\"application\/ld+json\" class=\"yoast-schema-graph\">{\"@context\":\"https:\/\/schema.org\",\"@graph\":[{\"@type\":\"WebPage\",\"@id\":\"https:\/\/dev4.devmitsinformatica.com\/en\/shop\/graffiti-rotulador-shop-barcelona\/rotuladores-vacios-shop-barcelona\/montana-black-rotulador-vacio-10mm-crusher\/\",\"url\":\"https:\/\/dev4.devmitsinformatica.com\/en\/shop\/graffiti-rotulador-shop-barcelona\/rotuladores-vacios-shop-barcelona\/montana-black-rotulador-vacio-10mm-crusher\/\",\"name\":\"montana online tienda. Ultrawide Shop Graffiti Barcelona\",\"isPartOf\":{\"@id\":\"https:\/\/dev4.devmitsinformatica.com\/en\/#website\"},\"primaryImageOfPage\":{\"@id\":\"https:\/\/dev4.devmitsinformatica.com\/en\/shop\/graffiti-rotulador-shop-barcelona\/rotuladores-vacios-shop-barcelona\/montana-black-rotulador-vacio-10mm-crusher\/#primaryimage\"},\"image\":{\"@id\":\"https:\/\/dev4.devmitsinformatica.com\/en\/shop\/graffiti-rotulador-shop-barcelona\/rotuladores-vacios-shop-barcelona\/montana-black-rotulador-vacio-10mm-crusher\/#primaryimage\"},\"thumbnailUrl\":\"https:\/\/dev4.devmitsinformatica.com\/wp-content\/uploads\/2016\/09\/montana-black-crusher-10mm-empty-9439.jpg\",\"datePublished\":\"2016-09-01T20:16:58+00:00\",\"dateModified\":\"2023-10-17T09:09:22+00:00\",\"description\":\"graffiti? spray para coches? montana cans barcelona. tienda bellas artes online? materiales bellas artes barcelona? sprays para graffiti\",\"breadcrumb\":{\"@id\":\"https:\/\/dev4.devmitsinformatica.com\/en\/shop\/graffiti-rotulador-shop-barcelona\/rotuladores-vacios-shop-barcelona\/montana-black-rotulador-vacio-10mm-crusher\/#breadcrumb\"},\"inLanguage\":\"en-US\",\"potentialAction\":[{\"@type\":\"ReadAction\",\"target\":[\"https:\/\/dev4.devmitsinformatica.com\/en\/shop\/graffiti-rotulador-shop-barcelona\/rotuladores-vacios-shop-barcelona\/montana-black-rotulador-vacio-10mm-crusher\/\"]}]},{\"@type\":\"ImageObject\",\"inLanguage\":\"en-US\",\"@id\":\"https:\/\/dev4.devmitsinformatica.com\/en\/shop\/graffiti-rotulador-shop-barcelona\/rotuladores-vacios-shop-barcelona\/montana-black-rotulador-vacio-10mm-crusher\/#primaryimage\",\"url\":\"https:\/\/dev4.devmitsinformatica.com\/wp-content\/uploads\/2016\/09\/montana-black-crusher-10mm-empty-9439.jpg\",\"contentUrl\":\"https:\/\/dev4.devmitsinformatica.com\/wp-content\/uploads\/2016\/09\/montana-black-crusher-10mm-empty-9439.jpg\",\"width\":940,\"height\":940,\"caption\":\"Empty squeezer, chorreador vac\u00edo\"},{\"@type\":\"BreadcrumbList\",\"@id\":\"https:\/\/dev4.devmitsinformatica.com\/en\/shop\/graffiti-rotulador-shop-barcelona\/rotuladores-vacios-shop-barcelona\/montana-black-rotulador-vacio-10mm-crusher\/#breadcrumb\",\"itemListElement\":[{\"@type\":\"ListItem\",\"position\":1,\"name\":\"Home\",\"item\":\"https:\/\/dev4.devmitsinformatica.com\/en\/\"},{\"@type\":\"ListItem\",\"position\":2,\"name\":\"Store\",\"item\":\"https:\/\/dev4.devmitsinformatica.com\/?page_id=38\"},{\"@type\":\"ListItem\",\"position\":3,\"name\":\"Squeeze Montana vac\u00edo 10mm\"}]},{\"@type\":\"WebSite\",\"@id\":\"https:\/\/dev4.devmitsinformatica.com\/en\/#website\",\"url\":\"https:\/\/dev4.devmitsinformatica.com\/en\/\",\"name\":\"ULTRAWIDE GRAFFITI SHOP\",\"description\":\"SPRAY GRAFFITI SHOP CAPS Y ROTULADORES\",\"publisher\":{\"@id\":\"https:\/\/dev4.devmitsinformatica.com\/en\/#organization\"},\"potentialAction\":[{\"@type\":\"SearchAction\",\"target\":{\"@type\":\"EntryPoint\",\"urlTemplate\":\"https:\/\/dev4.devmitsinformatica.com\/en\/?s={search_term_string}\"},\"query-input\":{\"@type\":\"PropertyValueSpecification\",\"valueRequired\":true,\"valueName\":\"search_term_string\"}}],\"inLanguage\":\"en-US\"},{\"@type\":\"Organization\",\"@id\":\"https:\/\/dev4.devmitsinformatica.com\/en\/#organization\",\"name\":\"ANDEN Graffiti Shop Barcelona\",\"url\":\"https:\/\/dev4.devmitsinformatica.com\/en\/\",\"logo\":{\"@type\":\"ImageObject\",\"inLanguage\":\"en-US\",\"@id\":\"https:\/\/dev4.devmitsinformatica.com\/en\/#\/schema\/logo\/image\/\",\"url\":\"https:\/\/dev4.devmitsinformatica.com\/wp-content\/uploads\/2016\/11\/graffiti-gallery-barcelona.png\",\"contentUrl\":\"https:\/\/dev4.devmitsinformatica.com\/wp-content\/uploads\/2016\/11\/graffiti-gallery-barcelona.png\",\"width\":386,\"height\":150,\"caption\":\"ANDEN Graffiti Shop Barcelona\"},\"image\":{\"@id\":\"https:\/\/dev4.devmitsinformatica.com\/en\/#\/schema\/logo\/image\/\"}}]}<\/script>\n<!-- \/ Yoast SEO plugin. -->","yoast_head_json":{"title":"montana online tienda. Ultrawide Shop Graffiti Barcelona","description":"graffiti? spray para coches? montana cans barcelona. tienda bellas artes online? materiales bellas artes barcelona? sprays para graffiti","robots":{"index":"index","follow":"follow","max-snippet":"max-snippet:-1","max-image-preview":"max-image-preview:large","max-video-preview":"max-video-preview:-1"},"canonical":"https:\/\/dev4.devmitsinformatica.com\/en\/shop\/graffiti-rotulador-shop-barcelona\/rotuladores-vacios-shop-barcelona\/montana-black-rotulador-vacio-10mm-crusher\/","og_locale":"en_US","og_type":"article","og_title":"montana online tienda. Ultrawide Shop Graffiti Barcelona","og_description":"graffiti? spray para coches? montana cans barcelona. tienda bellas artes online? materiales bellas artes barcelona? sprays para graffiti","og_url":"https:\/\/dev4.devmitsinformatica.com\/en\/shop\/graffiti-rotulador-shop-barcelona\/rotuladores-vacios-shop-barcelona\/montana-black-rotulador-vacio-10mm-crusher\/","og_site_name":"ULTRAWIDE GRAFFITI SHOP","article_modified_time":"2023-10-17T09:09:22+00:00","og_image":[{"width":940,"height":940,"url":"https:\/\/dev4.devmitsinformatica.com\/wp-content\/uploads\/2016\/09\/montana-black-crusher-10mm-empty-9439.jpg","type":"image\/jpeg"}],"twitter_card":"summary_large_image","twitter_misc":{"Est. reading time":"1 minute"},"schema":{"@context":"https:\/\/schema.org","@graph":[{"@type":"WebPage","@id":"https:\/\/dev4.devmitsinformatica.com\/en\/shop\/graffiti-rotulador-shop-barcelona\/rotuladores-vacios-shop-barcelona\/montana-black-rotulador-vacio-10mm-crusher\/","url":"https:\/\/dev4.devmitsinformatica.com\/en\/shop\/graffiti-rotulador-shop-barcelona\/rotuladores-vacios-shop-barcelona\/montana-black-rotulador-vacio-10mm-crusher\/","name":"montana online tienda. Ultrawide Shop Graffiti Barcelona","isPartOf":{"@id":"https:\/\/dev4.devmitsinformatica.com\/en\/#website"},"primaryImageOfPage":{"@id":"https:\/\/dev4.devmitsinformatica.com\/en\/shop\/graffiti-rotulador-shop-barcelona\/rotuladores-vacios-shop-barcelona\/montana-black-rotulador-vacio-10mm-crusher\/#primaryimage"},"image":{"@id":"https:\/\/dev4.devmitsinformatica.com\/en\/shop\/graffiti-rotulador-shop-barcelona\/rotuladores-vacios-shop-barcelona\/montana-black-rotulador-vacio-10mm-crusher\/#primaryimage"},"thumbnailUrl":"https:\/\/dev4.devmitsinformatica.com\/wp-content\/uploads\/2016\/09\/montana-black-crusher-10mm-empty-9439.jpg","datePublished":"2016-09-01T20:16:58+00:00","dateModified":"2023-10-17T09:09:22+00:00","description":"graffiti? spray para coches? montana cans barcelona. tienda bellas artes online? materiales bellas artes barcelona? sprays para graffiti","breadcrumb":{"@id":"https:\/\/dev4.devmitsinformatica.com\/en\/shop\/graffiti-rotulador-shop-barcelona\/rotuladores-vacios-shop-barcelona\/montana-black-rotulador-vacio-10mm-crusher\/#breadcrumb"},"inLanguage":"en-US","potentialAction":[{"@type":"ReadAction","target":["https:\/\/dev4.devmitsinformatica.com\/en\/shop\/graffiti-rotulador-shop-barcelona\/rotuladores-vacios-shop-barcelona\/montana-black-rotulador-vacio-10mm-crusher\/"]}]},{"@type":"ImageObject","inLanguage":"en-US","@id":"https:\/\/dev4.devmitsinformatica.com\/en\/shop\/graffiti-rotulador-shop-barcelona\/rotuladores-vacios-shop-barcelona\/montana-black-rotulador-vacio-10mm-crusher\/#primaryimage","url":"https:\/\/dev4.devmitsinformatica.com\/wp-content\/uploads\/2016\/09\/montana-black-crusher-10mm-empty-9439.jpg","contentUrl":"https:\/\/dev4.devmitsinformatica.com\/wp-content\/uploads\/2016\/09\/montana-black-crusher-10mm-empty-9439.jpg","width":940,"height":940,"caption":"Empty squeezer, chorreador vac\u00edo"},{"@type":"BreadcrumbList","@id":"https:\/\/dev4.devmitsinformatica.com\/en\/shop\/graffiti-rotulador-shop-barcelona\/rotuladores-vacios-shop-barcelona\/montana-black-rotulador-vacio-10mm-crusher\/#breadcrumb","itemListElement":[{"@type":"ListItem","position":1,"name":"Home","item":"https:\/\/dev4.devmitsinformatica.com\/en\/"},{"@type":"ListItem","position":2,"name":"Store","item":"https:\/\/dev4.devmitsinformatica.com\/?page_id=38"},{"@type":"ListItem","position":3,"name":"Squeeze Montana vac\u00edo 10mm"}]},{"@type":"WebSite","@id":"https:\/\/dev4.devmitsinformatica.com\/en\/#website","url":"https:\/\/dev4.devmitsinformatica.com\/en\/","name":"ULTRAWIDE GRAFFITI SHOP","description":"SPRAY GRAFFITI SHOP CAPS Y ROTULADORES","publisher":{"@id":"https:\/\/dev4.devmitsinformatica.com\/en\/#organization"},"potentialAction":[{"@type":"SearchAction","target":{"@type":"EntryPoint","urlTemplate":"https:\/\/dev4.devmitsinformatica.com\/en\/?s={search_term_string}"},"query-input":{"@type":"PropertyValueSpecification","valueRequired":true,"valueName":"search_term_string"}}],"inLanguage":"en-US"},{"@type":"Organization","@id":"https:\/\/dev4.devmitsinformatica.com\/en\/#organization","name":"ANDEN Graffiti Shop Barcelona","url":"https:\/\/dev4.devmitsinformatica.com\/en\/","logo":{"@type":"ImageObject","inLanguage":"en-US","@id":"https:\/\/dev4.devmitsinformatica.com\/en\/#\/schema\/logo\/image\/","url":"https:\/\/dev4.devmitsinformatica.com\/wp-content\/uploads\/2016\/11\/graffiti-gallery-barcelona.png","contentUrl":"https:\/\/dev4.devmitsinformatica.com\/wp-content\/uploads\/2016\/11\/graffiti-gallery-barcelona.png","width":386,"height":150,"caption":"ANDEN Graffiti Shop Barcelona"},"image":{"@id":"https:\/\/dev4.devmitsinformatica.com\/en\/#\/schema\/logo\/image\/"}}]}},"_links":{"self":[{"href":"https:\/\/dev4.devmitsinformatica.com\/en\/wp-json\/wp\/v2\/product\/2207","targetHints":{"allow":["GET"]}}],"collection":[{"href":"https:\/\/dev4.devmitsinformatica.com\/en\/wp-json\/wp\/v2\/product"}],"about":[{"href":"https:\/\/dev4.devmitsinformatica.com\/en\/wp-json\/wp\/v2\/types\/product"}],"replies":[{"embeddable":true,"href":"https:\/\/dev4.devmitsinformatica.com\/en\/wp-json\/wp\/v2\/comments?post=2207"}],"version-history":[{"count":0,"href":"https:\/\/dev4.devmitsinformatica.com\/en\/wp-json\/wp\/v2\/product\/2207\/revisions"}],"wp:featuredmedia":[{"embeddable":true,"href":"https:\/\/dev4.devmitsinformatica.com\/en\/wp-json\/wp\/v2\/media\/5718"}],"wp:attachment":[{"href":"https:\/\/dev4.devmitsinformatica.com\/en\/wp-json\/wp\/v2\/media?parent=2207"}],"wp:term":[{"taxonomy":"product_brand","embeddable":true,"href":"https:\/\/dev4.devmitsinformatica.com\/en\/wp-json\/wp\/v2\/product_brand?post=2207"},{"taxonomy":"product_cat","embeddable":true,"href":"https:\/\/dev4.devmitsinformatica.com\/en\/wp-json\/wp\/v2\/product_cat?post=2207"},{"taxonomy":"product_tag","embeddable":true,"href":"https:\/\/dev4.devmitsinformatica.com\/en\/wp-json\/wp\/v2\/product_tag?post=2207"}],"curies":[{"name":"wp","href":"https:\/\/api.w.org\/{rel}","templated":true}]}}