{"id":2213,"date":"2016-09-01T20:16:58","date_gmt":"2016-09-01T20:16:58","guid":{"rendered":"http:\/\/spraygraffiti.com\/index.php\/product\/montana-black-rotulador-vacio-6mm-balltip\/"},"modified":"2023-10-16T17:45:25","modified_gmt":"2023-10-16T17:45:25","slug":"montana-black-rotulador-vacio-6mm-balltip","status":"publish","type":"product","link":"https:\/\/dev4.devmitsinformatica.com\/en\/shop\/graffiti-rotulador-shop-barcelona\/rotuladores-vacios-shop-barcelona\/montana-black-rotulador-vacio-6mm-balltip\/","title":{"rendered":"Montana Rotulador vac\u00edo 6mm Balltip"},"content":{"rendered":"<h1>Montana Rotulador vac\u00edo 6mm Balltip<\/h1>\n<p>Montana Rotulador vac\u00edo 6mm Balltip. El marcador Balltip est\u00e1 disponible como punta de 2mm y 6mm. Funciona muy bien sobre superficies rugosas \u2026 Rellenable con todas las tintas, pintura\u2026. Ideal para etiquetas y chorreo.<\/p>\n<p>Un rotulador de punta met\u00e1lica con dep\u00f3sito de pl\u00e1stico que funciona de manera semejante a los squeezer en el flujo de tinta, su punta de metal giratoria abre el paso a la pintura que podemos regular ejerciendo mayor o menor presi\u00f3n sobre su dep\u00f3sito. Un rotulador vac\u00edo punta metal rellenable con las tintas o pinturas de montana cans, on the run o similares para obtener trazos y chorreos sobre superf\u00edcies rugosas o irregulares.<\/p>\n<p>Taggea tus pegatinas hello my name is o cuaquier otra aportandole un dise\u00f1o caracter\u00edstico de squeezer en miniatura.<\/p>\n<p>Un marcador disponible en dos tama\u00f1os con un mismo formato 2mm y 6mm respectivamente para conseguir trazos similares en diferentes medidas. Pide ahora tu rotulador vac\u00edo punta metal. Buscas un marcador punta metal? Ultrawide tiene tu\u00a0Montana Rotulador vac\u00edo 6mm Balltip con punta de metal y otros marcadores vac\u00edos para que elijas cua se adapta mas a tu necesidad sobre el papel o objeto.<\/p>\n<p>Rotulador punta de metal, marcador chorreo, punta metal 6mm, metalhead<\/p>\n","protected":false},"excerpt":{"rendered":"<p>El marcador <strong><em><span style=\"text-decoration: underline;\">Balltip<\/span><\/em><\/strong> est\u00e1 disponible como punta de 2mm y 6mm. Funciona muy bien sobre superficies rugosas \u2026 Rellenable con todas las tintas, pintura\u2026. Ideal para etiquetas y chorreo.<\/p>\n","protected":false},"featured_media":5728,"comment_status":"closed","ping_status":"closed","template":"","meta":{"site-sidebar-layout":"default","site-content-layout":"","ast-site-content-layout":"default","site-content-style":"default","site-sidebar-style":"default","ast-global-header-display":"","ast-banner-title-visibility":"","ast-main-header-display":"","ast-hfb-above-header-display":"","ast-hfb-below-header-display":"","ast-hfb-mobile-header-display":"","site-post-title":"","ast-breadcrumbs-content":"","ast-featured-img":"","footer-sml-layout":"","ast-disable-related-posts":"","theme-transparent-header-meta":"","adv-header-id-meta":"","stick-header-meta":"","header-above-stick-meta":"","header-main-stick-meta":"","header-below-stick-meta":"","astra-migrate-meta-layouts":"default","ast-page-background-enabled":"default","ast-page-background-meta":{"desktop":{"background-color":"","background-image":"","background-repeat":"repeat","background-position":"center center","background-size":"auto","background-attachment":"scroll","background-type":"","background-media":"","overlay-type":"","overlay-color":"","overlay-opacity":"","overlay-gradient":""},"tablet":{"background-color":"","background-image":"","background-repeat":"repeat","background-position":"center center","background-size":"auto","background-attachment":"scroll","background-type":"","background-media":"","overlay-type":"","overlay-color":"","overlay-opacity":"","overlay-gradient":""},"mobile":{"background-color":"","background-image":"","background-repeat":"repeat","background-position":"center center","background-size":"auto","background-attachment":"scroll","background-type":"","background-media":"","overlay-type":"","overlay-color":"","overlay-opacity":"","overlay-gradient":""}},"ast-content-background-meta":{"desktop":{"background-color":"var(--ast-global-color-5)","background-image":"","background-repeat":"repeat","background-position":"center center","background-size":"auto","background-attachment":"scroll","background-type":"","background-media":"","overlay-type":"","overlay-color":"","overlay-opacity":"","overlay-gradient":""},"tablet":{"background-color":"var(--ast-global-color-5)","background-image":"","background-repeat":"repeat","background-position":"center center","background-size":"auto","background-attachment":"scroll","background-type":"","background-media":"","overlay-type":"","overlay-color":"","overlay-opacity":"","overlay-gradient":""},"mobile":{"background-color":"var(--ast-global-color-5)","background-image":"","background-repeat":"repeat","background-position":"center center","background-size":"auto","background-attachment":"scroll","background-type":"","background-media":"","overlay-type":"","overlay-color":"","overlay-opacity":"","overlay-gradient":""}}},"product_brand":[],"product_cat":[7,976,2803],"product_tag":[3916,2440,2857,1019,3918,3915,3912,3914,2438,3913,3582,3875,2109,3917,3856],"class_list":{"0":"post-2213","1":"product","2":"type-product","3":"status-publish","4":"has-post-thumbnail","6":"product_cat-graffiti-rotulador-shop-barcelona","7":"product_cat-rotuladores-vacios-shop-barcelona","8":"product_cat-vacios-montana","9":"product_tag-comprar-rotulador-vacio-punta-metal","10":"product_tag-marcador-punta-metal","11":"product_tag-metal-head","12":"product_tag-montana","13":"product_tag-montana-rotuladores-vacios","14":"product_tag-rotulador-metal-punta","15":"product_tag-rotulador-montana-vacio","16":"product_tag-rotulador-precio-vacio","17":"product_tag-rotulador-punta-metal","18":"product_tag-rotuladores-baratos-vacios","19":"product_tag-rotuladores-vacios","20":"product_tag-rotuladores-vacios-baratos","21":"product_tag-rotuladores-vacios-comprar","22":"product_tag-rotuladores-vacios-montana","23":"product_tag-rotuladores-vacios-precio","24":"desktop-align-left","25":"tablet-align-left","26":"mobile-align-left","28":"first","29":"outofstock","30":"purchasable","31":"product-type-simple"},"yoast_head":"<!-- This site is optimized with the Yoast SEO plugin v27.0 - https:\/\/yoast.com\/product\/yoast-seo-wordpress\/ -->\n<title>Montana Rotulador vac\u00edo 6mm Balltip Ultrawide Graffiti Shop Barcelona<\/title>\n<meta name=\"description\" content=\"graffiti? tienda graffiti, ropa street art y montana colores. tienda para arte en barcelona. tienda para arte en barcelona.\" \/>\n<meta name=\"robots\" content=\"index, follow, max-snippet:-1, max-image-preview:large, max-video-preview:-1\" \/>\n<link rel=\"canonical\" href=\"https:\/\/dev4.devmitsinformatica.com\/en\/shop\/graffiti-rotulador-shop-barcelona\/rotuladores-vacios-shop-barcelona\/montana-black-rotulador-vacio-6mm-balltip\/\" \/>\n<meta property=\"og:locale\" content=\"en_US\" \/>\n<meta property=\"og:type\" content=\"article\" \/>\n<meta property=\"og:title\" content=\"Montana Rotulador vac\u00edo 6mm Balltip Ultrawide Graffiti Shop Barcelona\" \/>\n<meta property=\"og:description\" content=\"graffiti? tienda graffiti, ropa street art y montana colores. tienda para arte en barcelona. tienda para arte en barcelona.\" \/>\n<meta property=\"og:url\" content=\"https:\/\/dev4.devmitsinformatica.com\/en\/shop\/graffiti-rotulador-shop-barcelona\/rotuladores-vacios-shop-barcelona\/montana-black-rotulador-vacio-6mm-balltip\/\" \/>\n<meta property=\"og:site_name\" content=\"ULTRAWIDE GRAFFITI SHOP\" \/>\n<meta property=\"article:modified_time\" content=\"2023-10-16T17:45:25+00:00\" \/>\n<meta property=\"og:image\" content=\"https:\/\/dev4.devmitsinformatica.com\/wp-content\/uploads\/2016\/09\/rotulador-vac\u00edo-punta-metal.jpg\" \/>\n\t<meta property=\"og:image:width\" content=\"490\" \/>\n\t<meta property=\"og:image:height\" content=\"490\" \/>\n\t<meta property=\"og:image:type\" content=\"image\/jpeg\" \/>\n<meta name=\"twitter:card\" content=\"summary_large_image\" \/>\n<meta name=\"twitter:label1\" content=\"Est. reading time\" \/>\n\t<meta name=\"twitter:data1\" content=\"1 minute\" \/>\n<script type=\"application\/ld+json\" class=\"yoast-schema-graph\">{\"@context\":\"https:\/\/schema.org\",\"@graph\":[{\"@type\":\"WebPage\",\"@id\":\"https:\/\/dev4.devmitsinformatica.com\/en\/shop\/graffiti-rotulador-shop-barcelona\/rotuladores-vacios-shop-barcelona\/montana-black-rotulador-vacio-6mm-balltip\/\",\"url\":\"https:\/\/dev4.devmitsinformatica.com\/en\/shop\/graffiti-rotulador-shop-barcelona\/rotuladores-vacios-shop-barcelona\/montana-black-rotulador-vacio-6mm-balltip\/\",\"name\":\"Montana Rotulador vac\u00edo 6mm Balltip Ultrawide Graffiti Shop Barcelona\",\"isPartOf\":{\"@id\":\"https:\/\/dev4.devmitsinformatica.com\/en\/#website\"},\"primaryImageOfPage\":{\"@id\":\"https:\/\/dev4.devmitsinformatica.com\/en\/shop\/graffiti-rotulador-shop-barcelona\/rotuladores-vacios-shop-barcelona\/montana-black-rotulador-vacio-6mm-balltip\/#primaryimage\"},\"image\":{\"@id\":\"https:\/\/dev4.devmitsinformatica.com\/en\/shop\/graffiti-rotulador-shop-barcelona\/rotuladores-vacios-shop-barcelona\/montana-black-rotulador-vacio-6mm-balltip\/#primaryimage\"},\"thumbnailUrl\":\"https:\/\/dev4.devmitsinformatica.com\/wp-content\/uploads\/2016\/09\/rotulador-vac\u00edo-punta-metal.jpg\",\"datePublished\":\"2016-09-01T20:16:58+00:00\",\"dateModified\":\"2023-10-16T17:45:25+00:00\",\"description\":\"graffiti? tienda graffiti, ropa street art y montana colores. tienda para arte en barcelona. tienda para arte en barcelona.\",\"breadcrumb\":{\"@id\":\"https:\/\/dev4.devmitsinformatica.com\/en\/shop\/graffiti-rotulador-shop-barcelona\/rotuladores-vacios-shop-barcelona\/montana-black-rotulador-vacio-6mm-balltip\/#breadcrumb\"},\"inLanguage\":\"en-US\",\"potentialAction\":[{\"@type\":\"ReadAction\",\"target\":[\"https:\/\/dev4.devmitsinformatica.com\/en\/shop\/graffiti-rotulador-shop-barcelona\/rotuladores-vacios-shop-barcelona\/montana-black-rotulador-vacio-6mm-balltip\/\"]}]},{\"@type\":\"ImageObject\",\"inLanguage\":\"en-US\",\"@id\":\"https:\/\/dev4.devmitsinformatica.com\/en\/shop\/graffiti-rotulador-shop-barcelona\/rotuladores-vacios-shop-barcelona\/montana-black-rotulador-vacio-6mm-balltip\/#primaryimage\",\"url\":\"https:\/\/dev4.devmitsinformatica.com\/wp-content\/uploads\/2016\/09\/rotulador-vac\u00edo-punta-metal.jpg\",\"contentUrl\":\"https:\/\/dev4.devmitsinformatica.com\/wp-content\/uploads\/2016\/09\/rotulador-vac\u00edo-punta-metal.jpg\",\"width\":490,\"height\":490,\"caption\":\"marcador chorreador de punta metal de 6mm\"},{\"@type\":\"BreadcrumbList\",\"@id\":\"https:\/\/dev4.devmitsinformatica.com\/en\/shop\/graffiti-rotulador-shop-barcelona\/rotuladores-vacios-shop-barcelona\/montana-black-rotulador-vacio-6mm-balltip\/#breadcrumb\",\"itemListElement\":[{\"@type\":\"ListItem\",\"position\":1,\"name\":\"Home\",\"item\":\"https:\/\/dev4.devmitsinformatica.com\/en\/\"},{\"@type\":\"ListItem\",\"position\":2,\"name\":\"Store\",\"item\":\"https:\/\/dev4.devmitsinformatica.com\/?page_id=38\"},{\"@type\":\"ListItem\",\"position\":3,\"name\":\"Montana Rotulador vac\u00edo 6mm Balltip\"}]},{\"@type\":\"WebSite\",\"@id\":\"https:\/\/dev4.devmitsinformatica.com\/en\/#website\",\"url\":\"https:\/\/dev4.devmitsinformatica.com\/en\/\",\"name\":\"ULTRAWIDE GRAFFITI SHOP\",\"description\":\"SPRAY GRAFFITI SHOP CAPS Y ROTULADORES\",\"publisher\":{\"@id\":\"https:\/\/dev4.devmitsinformatica.com\/en\/#organization\"},\"potentialAction\":[{\"@type\":\"SearchAction\",\"target\":{\"@type\":\"EntryPoint\",\"urlTemplate\":\"https:\/\/dev4.devmitsinformatica.com\/en\/?s={search_term_string}\"},\"query-input\":{\"@type\":\"PropertyValueSpecification\",\"valueRequired\":true,\"valueName\":\"search_term_string\"}}],\"inLanguage\":\"en-US\"},{\"@type\":\"Organization\",\"@id\":\"https:\/\/dev4.devmitsinformatica.com\/en\/#organization\",\"name\":\"ANDEN Graffiti Shop Barcelona\",\"url\":\"https:\/\/dev4.devmitsinformatica.com\/en\/\",\"logo\":{\"@type\":\"ImageObject\",\"inLanguage\":\"en-US\",\"@id\":\"https:\/\/dev4.devmitsinformatica.com\/en\/#\/schema\/logo\/image\/\",\"url\":\"https:\/\/dev4.devmitsinformatica.com\/wp-content\/uploads\/2016\/11\/graffiti-gallery-barcelona.png\",\"contentUrl\":\"https:\/\/dev4.devmitsinformatica.com\/wp-content\/uploads\/2016\/11\/graffiti-gallery-barcelona.png\",\"width\":386,\"height\":150,\"caption\":\"ANDEN Graffiti Shop Barcelona\"},\"image\":{\"@id\":\"https:\/\/dev4.devmitsinformatica.com\/en\/#\/schema\/logo\/image\/\"}}]}<\/script>\n<!-- \/ Yoast SEO plugin. -->","yoast_head_json":{"title":"Montana Rotulador vac\u00edo 6mm Balltip Ultrawide Graffiti Shop Barcelona","description":"graffiti? tienda graffiti, ropa street art y montana colores. tienda para arte en barcelona. tienda para arte en barcelona.","robots":{"index":"index","follow":"follow","max-snippet":"max-snippet:-1","max-image-preview":"max-image-preview:large","max-video-preview":"max-video-preview:-1"},"canonical":"https:\/\/dev4.devmitsinformatica.com\/en\/shop\/graffiti-rotulador-shop-barcelona\/rotuladores-vacios-shop-barcelona\/montana-black-rotulador-vacio-6mm-balltip\/","og_locale":"en_US","og_type":"article","og_title":"Montana Rotulador vac\u00edo 6mm Balltip Ultrawide Graffiti Shop Barcelona","og_description":"graffiti? tienda graffiti, ropa street art y montana colores. tienda para arte en barcelona. tienda para arte en barcelona.","og_url":"https:\/\/dev4.devmitsinformatica.com\/en\/shop\/graffiti-rotulador-shop-barcelona\/rotuladores-vacios-shop-barcelona\/montana-black-rotulador-vacio-6mm-balltip\/","og_site_name":"ULTRAWIDE GRAFFITI SHOP","article_modified_time":"2023-10-16T17:45:25+00:00","og_image":[{"width":490,"height":490,"url":"https:\/\/dev4.devmitsinformatica.com\/wp-content\/uploads\/2016\/09\/rotulador-vac\u00edo-punta-metal.jpg","type":"image\/jpeg"}],"twitter_card":"summary_large_image","twitter_misc":{"Est. reading time":"1 minute"},"schema":{"@context":"https:\/\/schema.org","@graph":[{"@type":"WebPage","@id":"https:\/\/dev4.devmitsinformatica.com\/en\/shop\/graffiti-rotulador-shop-barcelona\/rotuladores-vacios-shop-barcelona\/montana-black-rotulador-vacio-6mm-balltip\/","url":"https:\/\/dev4.devmitsinformatica.com\/en\/shop\/graffiti-rotulador-shop-barcelona\/rotuladores-vacios-shop-barcelona\/montana-black-rotulador-vacio-6mm-balltip\/","name":"Montana Rotulador vac\u00edo 6mm Balltip Ultrawide Graffiti Shop Barcelona","isPartOf":{"@id":"https:\/\/dev4.devmitsinformatica.com\/en\/#website"},"primaryImageOfPage":{"@id":"https:\/\/dev4.devmitsinformatica.com\/en\/shop\/graffiti-rotulador-shop-barcelona\/rotuladores-vacios-shop-barcelona\/montana-black-rotulador-vacio-6mm-balltip\/#primaryimage"},"image":{"@id":"https:\/\/dev4.devmitsinformatica.com\/en\/shop\/graffiti-rotulador-shop-barcelona\/rotuladores-vacios-shop-barcelona\/montana-black-rotulador-vacio-6mm-balltip\/#primaryimage"},"thumbnailUrl":"https:\/\/dev4.devmitsinformatica.com\/wp-content\/uploads\/2016\/09\/rotulador-vac\u00edo-punta-metal.jpg","datePublished":"2016-09-01T20:16:58+00:00","dateModified":"2023-10-16T17:45:25+00:00","description":"graffiti? tienda graffiti, ropa street art y montana colores. tienda para arte en barcelona. tienda para arte en barcelona.","breadcrumb":{"@id":"https:\/\/dev4.devmitsinformatica.com\/en\/shop\/graffiti-rotulador-shop-barcelona\/rotuladores-vacios-shop-barcelona\/montana-black-rotulador-vacio-6mm-balltip\/#breadcrumb"},"inLanguage":"en-US","potentialAction":[{"@type":"ReadAction","target":["https:\/\/dev4.devmitsinformatica.com\/en\/shop\/graffiti-rotulador-shop-barcelona\/rotuladores-vacios-shop-barcelona\/montana-black-rotulador-vacio-6mm-balltip\/"]}]},{"@type":"ImageObject","inLanguage":"en-US","@id":"https:\/\/dev4.devmitsinformatica.com\/en\/shop\/graffiti-rotulador-shop-barcelona\/rotuladores-vacios-shop-barcelona\/montana-black-rotulador-vacio-6mm-balltip\/#primaryimage","url":"https:\/\/dev4.devmitsinformatica.com\/wp-content\/uploads\/2016\/09\/rotulador-vac\u00edo-punta-metal.jpg","contentUrl":"https:\/\/dev4.devmitsinformatica.com\/wp-content\/uploads\/2016\/09\/rotulador-vac\u00edo-punta-metal.jpg","width":490,"height":490,"caption":"marcador chorreador de punta metal de 6mm"},{"@type":"BreadcrumbList","@id":"https:\/\/dev4.devmitsinformatica.com\/en\/shop\/graffiti-rotulador-shop-barcelona\/rotuladores-vacios-shop-barcelona\/montana-black-rotulador-vacio-6mm-balltip\/#breadcrumb","itemListElement":[{"@type":"ListItem","position":1,"name":"Home","item":"https:\/\/dev4.devmitsinformatica.com\/en\/"},{"@type":"ListItem","position":2,"name":"Store","item":"https:\/\/dev4.devmitsinformatica.com\/?page_id=38"},{"@type":"ListItem","position":3,"name":"Montana Rotulador vac\u00edo 6mm Balltip"}]},{"@type":"WebSite","@id":"https:\/\/dev4.devmitsinformatica.com\/en\/#website","url":"https:\/\/dev4.devmitsinformatica.com\/en\/","name":"ULTRAWIDE GRAFFITI SHOP","description":"SPRAY GRAFFITI SHOP CAPS Y ROTULADORES","publisher":{"@id":"https:\/\/dev4.devmitsinformatica.com\/en\/#organization"},"potentialAction":[{"@type":"SearchAction","target":{"@type":"EntryPoint","urlTemplate":"https:\/\/dev4.devmitsinformatica.com\/en\/?s={search_term_string}"},"query-input":{"@type":"PropertyValueSpecification","valueRequired":true,"valueName":"search_term_string"}}],"inLanguage":"en-US"},{"@type":"Organization","@id":"https:\/\/dev4.devmitsinformatica.com\/en\/#organization","name":"ANDEN Graffiti Shop Barcelona","url":"https:\/\/dev4.devmitsinformatica.com\/en\/","logo":{"@type":"ImageObject","inLanguage":"en-US","@id":"https:\/\/dev4.devmitsinformatica.com\/en\/#\/schema\/logo\/image\/","url":"https:\/\/dev4.devmitsinformatica.com\/wp-content\/uploads\/2016\/11\/graffiti-gallery-barcelona.png","contentUrl":"https:\/\/dev4.devmitsinformatica.com\/wp-content\/uploads\/2016\/11\/graffiti-gallery-barcelona.png","width":386,"height":150,"caption":"ANDEN Graffiti Shop Barcelona"},"image":{"@id":"https:\/\/dev4.devmitsinformatica.com\/en\/#\/schema\/logo\/image\/"}}]}},"_links":{"self":[{"href":"https:\/\/dev4.devmitsinformatica.com\/en\/wp-json\/wp\/v2\/product\/2213","targetHints":{"allow":["GET"]}}],"collection":[{"href":"https:\/\/dev4.devmitsinformatica.com\/en\/wp-json\/wp\/v2\/product"}],"about":[{"href":"https:\/\/dev4.devmitsinformatica.com\/en\/wp-json\/wp\/v2\/types\/product"}],"replies":[{"embeddable":true,"href":"https:\/\/dev4.devmitsinformatica.com\/en\/wp-json\/wp\/v2\/comments?post=2213"}],"version-history":[{"count":0,"href":"https:\/\/dev4.devmitsinformatica.com\/en\/wp-json\/wp\/v2\/product\/2213\/revisions"}],"wp:featuredmedia":[{"embeddable":true,"href":"https:\/\/dev4.devmitsinformatica.com\/en\/wp-json\/wp\/v2\/media\/5728"}],"wp:attachment":[{"href":"https:\/\/dev4.devmitsinformatica.com\/en\/wp-json\/wp\/v2\/media?parent=2213"}],"wp:term":[{"taxonomy":"product_brand","embeddable":true,"href":"https:\/\/dev4.devmitsinformatica.com\/en\/wp-json\/wp\/v2\/product_brand?post=2213"},{"taxonomy":"product_cat","embeddable":true,"href":"https:\/\/dev4.devmitsinformatica.com\/en\/wp-json\/wp\/v2\/product_cat?post=2213"},{"taxonomy":"product_tag","embeddable":true,"href":"https:\/\/dev4.devmitsinformatica.com\/en\/wp-json\/wp\/v2\/product_tag?post=2213"}],"curies":[{"name":"wp","href":"https:\/\/api.w.org\/{rel}","templated":true}]}}