{"id":2214,"date":"2016-09-01T20:16:58","date_gmt":"2016-09-01T20:16:58","guid":{"rendered":"http:\/\/spraygraffiti.com\/index.php\/product\/montana-black-rotulador-vacio-8mm-roundtip\/"},"modified":"2023-10-16T17:44:10","modified_gmt":"2023-10-16T17:44:10","slug":"montana-black-rotulador-vacio-8mm-roundtip","status":"publish","type":"product","link":"https:\/\/dev4.devmitsinformatica.com\/en\/shop\/graffiti-rotulador-shop-barcelona\/rotuladores-vacios-shop-barcelona\/montana-black-rotulador-vacio-8mm-roundtip\/","title":{"rendered":"Montana Black Rotulador vac\u00edo 8mm Roundtip"},"content":{"rendered":"<h1>Montana Black Rotulador vac\u00edo 8mm Roundtip<\/h1>\n<p>El Montana BLACK EMPTY <em><strong><span style=\"text-decoration: underline;\">Marker 8mm Round<\/span><\/strong><\/em> viene con un sistema especial de v\u00e1lvulas optimizado. El marcador es un cuerpo vac\u00edo recargable, adecuado para todas las tintas y pinturas de Montana con un sistema de bomba especial para un control de flujo \u00f3ptimo. El marcador ofrece puntas reemplazables, as\u00ed como bolas de mezcla. \u00a1Utilice para la combinaci\u00f3n perfecta Montana BLACK PAINT y DYE INK! Entregado como Marcador vac\u00edo. BLACK EMPTY Los marcadores est\u00e1n disponibles como 8mm \/ 2mm redondo, 10mm \/ 3mm chisel, 15mm est\u00e1ndar y crusher de 10mm. Fabricaci\u00f3n de la m\u00e1s alta calidad &#8211; MADE IN GERMANY.<\/p>\n<p>El marcador vac\u00edo de punta redonda mas deseado por los escritores de graffiti. Su dep\u00f3sito de pl\u00e1stico r\u00edgido y su punta redondeada con base plana hacen de este rotulador vac\u00edo un marcador muy apto para todas las situaciones. Rellenalo con tintas o pinturas on the run o con las acr\u00edlicas de montana. Su sistema de bombeo te permite regular el flujo de tinta del rotulador en funci\u00f3n de cada soporte. Este rotulador dispone de puntas de repuesto al igual que el resto de los rotuladores montana cans. Buscas un rotulador vac\u00edo de punta redonda? El\u00a0Montana Black Rotulador vac\u00edo 8mm Roundtip es tu rotulador.\u00a0 Ultrawide te ofrece toda la gama de rotuladores y productos de Montana Cans para que puedas comprar online sin moverte de tu domicilio.<\/p>\n<p>\u2022 Punta redonda de 8 mm \/ 0,3 pulgadas<br \/>\n\u2022 Sistema de bombeo<br \/>\n\u2022 Capacidad: 30ml<br \/>\n\u2022 Recarga recomendada: 20ml<\/p>\n<p>marcador montana 8mm round, rotulador vacio 8mm, marcador vacio, rotulador punta redonda<\/p>\n","protected":false},"excerpt":{"rendered":"<p>El Montana BLACK EMPTY <em><strong><span style=\"text-decoration: underline;\">Marker 8mm Round<\/span><\/strong><\/em> viene con un sistema especial de v\u00e1lvulas optimizado. El marcador es un cuerpo vac\u00edo recargable, adecuado para todas las tintas y pinturas de Montana con un sistema de bomba especial para un control de flujo \u00f3ptimo. El marcador ofrece puntas reemplazables, as\u00ed como bolas de mezcla. \u00a1Utilice para la combinaci\u00f3n perfecta Montana BLACK PAINT y DYE INK! Entregado como Marcador vac\u00edo. BLACK EMPTY Los marcadores est\u00e1n disponibles como 8mm \/ 2mm redondo, 10mm \/ 3mm chisel, 15mm est\u00e1ndar y crusher de 10mm. Fabricaci\u00f3n de la m\u00e1s alta calidad &#8211; MADE IN GERMANY.<\/p>\n<p>&nbsp;<\/p>\n<p>*Puede ver el vide promocional de su uso en la descripci\u00f3n de Montana Black Empty marker 15mm.<\/p>\n","protected":false},"featured_media":5730,"comment_status":"closed","ping_status":"closed","template":"","meta":{"site-sidebar-layout":"default","site-content-layout":"","ast-site-content-layout":"default","site-content-style":"default","site-sidebar-style":"default","ast-global-header-display":"","ast-banner-title-visibility":"","ast-main-header-display":"","ast-hfb-above-header-display":"","ast-hfb-below-header-display":"","ast-hfb-mobile-header-display":"","site-post-title":"","ast-breadcrumbs-content":"","ast-featured-img":"","footer-sml-layout":"","ast-disable-related-posts":"","theme-transparent-header-meta":"","adv-header-id-meta":"","stick-header-meta":"","header-above-stick-meta":"","header-main-stick-meta":"","header-below-stick-meta":"","astra-migrate-meta-layouts":"default","ast-page-background-enabled":"default","ast-page-background-meta":{"desktop":{"background-color":"","background-image":"","background-repeat":"repeat","background-position":"center center","background-size":"auto","background-attachment":"scroll","background-type":"","background-media":"","overlay-type":"","overlay-color":"","overlay-opacity":"","overlay-gradient":""},"tablet":{"background-color":"","background-image":"","background-repeat":"repeat","background-position":"center center","background-size":"auto","background-attachment":"scroll","background-type":"","background-media":"","overlay-type":"","overlay-color":"","overlay-opacity":"","overlay-gradient":""},"mobile":{"background-color":"","background-image":"","background-repeat":"repeat","background-position":"center center","background-size":"auto","background-attachment":"scroll","background-type":"","background-media":"","overlay-type":"","overlay-color":"","overlay-opacity":"","overlay-gradient":""}},"ast-content-background-meta":{"desktop":{"background-color":"var(--ast-global-color-5)","background-image":"","background-repeat":"repeat","background-position":"center center","background-size":"auto","background-attachment":"scroll","background-type":"","background-media":"","overlay-type":"","overlay-color":"","overlay-opacity":"","overlay-gradient":""},"tablet":{"background-color":"var(--ast-global-color-5)","background-image":"","background-repeat":"repeat","background-position":"center center","background-size":"auto","background-attachment":"scroll","background-type":"","background-media":"","overlay-type":"","overlay-color":"","overlay-opacity":"","overlay-gradient":""},"mobile":{"background-color":"var(--ast-global-color-5)","background-image":"","background-repeat":"repeat","background-position":"center center","background-size":"auto","background-attachment":"scroll","background-type":"","background-media":"","overlay-type":"","overlay-color":"","overlay-opacity":"","overlay-gradient":""}}},"product_brand":[],"product_cat":[7,976,2803],"product_tag":[3927,2450,1627,2960,2433,1019,2448,3921,3923,3925,2451,3922,3919,2449,3926,3924,3920],"class_list":{"0":"post-2214","1":"product","2":"type-product","3":"status-publish","4":"has-post-thumbnail","6":"product_cat-graffiti-rotulador-shop-barcelona","7":"product_cat-rotuladores-vacios-shop-barcelona","8":"product_cat-vacios-montana","9":"product_tag-bellas-artes-rotuladores","10":"product_tag-empty-marker-roundtip","11":"product_tag-graffiti-shop","12":"product_tag-graffiti-shop-online","13":"product_tag-marcador-vacio","14":"product_tag-montana","15":"product_tag-montana-rotulador-vacio","16":"product_tag-montana-vacio-marcador","17":"product_tag-punta-redonda-rotulador-vacio","18":"product_tag-rotulador-8mm-roundtip","19":"product_tag-rotulador-para-rellenar-punta-redonda","20":"product_tag-rotulador-vacio-8mm","21":"product_tag-rotulador-vacio-precios","22":"product_tag-rotulador-vacio-punta-redonda","23":"product_tag-rotuladores-baratos","24":"product_tag-vacio-montana-rotulador","25":"product_tag-vacio-rotulador-rellenable","26":"desktop-align-left","27":"tablet-align-left","28":"mobile-align-left","30":"first","31":"instock","32":"purchasable","33":"product-type-simple"},"yoast_head":"<!-- This site is optimized with the Yoast SEO plugin v27.0 - https:\/\/yoast.com\/product\/yoast-seo-wordpress\/ -->\n<title>Montana Black Rotulador vac\u00edo 8mm Roundtip. Ultrawide<\/title>\n<meta name=\"description\" content=\"tienda para arte en barcelona. rotuladores para arte? materiales bellas artes barcelona? graffiti? materiales bellas artes barcelona? tienda bellas artes online.\" \/>\n<meta name=\"robots\" content=\"index, follow, max-snippet:-1, max-image-preview:large, max-video-preview:-1\" \/>\n<link rel=\"canonical\" href=\"https:\/\/dev4.devmitsinformatica.com\/en\/shop\/graffiti-rotulador-shop-barcelona\/rotuladores-vacios-shop-barcelona\/montana-black-rotulador-vacio-8mm-roundtip\/\" \/>\n<meta property=\"og:locale\" content=\"en_US\" \/>\n<meta property=\"og:type\" content=\"article\" \/>\n<meta property=\"og:title\" content=\"Montana Black Rotulador vac\u00edo 8mm Roundtip. Ultrawide\" \/>\n<meta property=\"og:description\" content=\"tienda para arte en barcelona. rotuladores para arte? materiales bellas artes barcelona? graffiti? materiales bellas artes barcelona? tienda bellas artes online.\" \/>\n<meta property=\"og:url\" content=\"https:\/\/dev4.devmitsinformatica.com\/en\/shop\/graffiti-rotulador-shop-barcelona\/rotuladores-vacios-shop-barcelona\/montana-black-rotulador-vacio-8mm-roundtip\/\" \/>\n<meta property=\"og:site_name\" content=\"ULTRAWIDE GRAFFITI SHOP\" \/>\n<meta property=\"article:modified_time\" content=\"2023-10-16T17:44:10+00:00\" \/>\n<meta property=\"og:image\" content=\"https:\/\/dev4.devmitsinformatica.com\/wp-content\/uploads\/2016\/09\/montana-black-marker-8mm-empty-7882.jpg\" \/>\n\t<meta property=\"og:image:width\" content=\"940\" \/>\n\t<meta property=\"og:image:height\" content=\"940\" \/>\n\t<meta property=\"og:image:type\" content=\"image\/jpeg\" \/>\n<meta name=\"twitter:card\" content=\"summary_large_image\" \/>\n<meta name=\"twitter:label1\" content=\"Est. reading time\" \/>\n\t<meta name=\"twitter:data1\" content=\"1 minute\" \/>\n<script type=\"application\/ld+json\" class=\"yoast-schema-graph\">{\"@context\":\"https:\/\/schema.org\",\"@graph\":[{\"@type\":\"WebPage\",\"@id\":\"https:\/\/dev4.devmitsinformatica.com\/en\/shop\/graffiti-rotulador-shop-barcelona\/rotuladores-vacios-shop-barcelona\/montana-black-rotulador-vacio-8mm-roundtip\/\",\"url\":\"https:\/\/dev4.devmitsinformatica.com\/en\/shop\/graffiti-rotulador-shop-barcelona\/rotuladores-vacios-shop-barcelona\/montana-black-rotulador-vacio-8mm-roundtip\/\",\"name\":\"Montana Black Rotulador vac\u00edo 8mm Roundtip. Ultrawide\",\"isPartOf\":{\"@id\":\"https:\/\/dev4.devmitsinformatica.com\/en\/#website\"},\"primaryImageOfPage\":{\"@id\":\"https:\/\/dev4.devmitsinformatica.com\/en\/shop\/graffiti-rotulador-shop-barcelona\/rotuladores-vacios-shop-barcelona\/montana-black-rotulador-vacio-8mm-roundtip\/#primaryimage\"},\"image\":{\"@id\":\"https:\/\/dev4.devmitsinformatica.com\/en\/shop\/graffiti-rotulador-shop-barcelona\/rotuladores-vacios-shop-barcelona\/montana-black-rotulador-vacio-8mm-roundtip\/#primaryimage\"},\"thumbnailUrl\":\"https:\/\/dev4.devmitsinformatica.com\/wp-content\/uploads\/2016\/09\/montana-black-marker-8mm-empty-7882.jpg\",\"datePublished\":\"2016-09-01T20:16:58+00:00\",\"dateModified\":\"2023-10-16T17:44:10+00:00\",\"description\":\"tienda para arte en barcelona. rotuladores para arte? materiales bellas artes barcelona? graffiti? materiales bellas artes barcelona? tienda bellas artes online.\",\"breadcrumb\":{\"@id\":\"https:\/\/dev4.devmitsinformatica.com\/en\/shop\/graffiti-rotulador-shop-barcelona\/rotuladores-vacios-shop-barcelona\/montana-black-rotulador-vacio-8mm-roundtip\/#breadcrumb\"},\"inLanguage\":\"en-US\",\"potentialAction\":[{\"@type\":\"ReadAction\",\"target\":[\"https:\/\/dev4.devmitsinformatica.com\/en\/shop\/graffiti-rotulador-shop-barcelona\/rotuladores-vacios-shop-barcelona\/montana-black-rotulador-vacio-8mm-roundtip\/\"]}]},{\"@type\":\"ImageObject\",\"inLanguage\":\"en-US\",\"@id\":\"https:\/\/dev4.devmitsinformatica.com\/en\/shop\/graffiti-rotulador-shop-barcelona\/rotuladores-vacios-shop-barcelona\/montana-black-rotulador-vacio-8mm-roundtip\/#primaryimage\",\"url\":\"https:\/\/dev4.devmitsinformatica.com\/wp-content\/uploads\/2016\/09\/montana-black-marker-8mm-empty-7882.jpg\",\"contentUrl\":\"https:\/\/dev4.devmitsinformatica.com\/wp-content\/uploads\/2016\/09\/montana-black-marker-8mm-empty-7882.jpg\",\"width\":940,\"height\":940},{\"@type\":\"BreadcrumbList\",\"@id\":\"https:\/\/dev4.devmitsinformatica.com\/en\/shop\/graffiti-rotulador-shop-barcelona\/rotuladores-vacios-shop-barcelona\/montana-black-rotulador-vacio-8mm-roundtip\/#breadcrumb\",\"itemListElement\":[{\"@type\":\"ListItem\",\"position\":1,\"name\":\"Home\",\"item\":\"https:\/\/dev4.devmitsinformatica.com\/en\/\"},{\"@type\":\"ListItem\",\"position\":2,\"name\":\"Store\",\"item\":\"https:\/\/dev4.devmitsinformatica.com\/?page_id=38\"},{\"@type\":\"ListItem\",\"position\":3,\"name\":\"Montana Black Rotulador vac\u00edo 8mm Roundtip\"}]},{\"@type\":\"WebSite\",\"@id\":\"https:\/\/dev4.devmitsinformatica.com\/en\/#website\",\"url\":\"https:\/\/dev4.devmitsinformatica.com\/en\/\",\"name\":\"ULTRAWIDE GRAFFITI SHOP\",\"description\":\"SPRAY GRAFFITI SHOP CAPS Y ROTULADORES\",\"publisher\":{\"@id\":\"https:\/\/dev4.devmitsinformatica.com\/en\/#organization\"},\"potentialAction\":[{\"@type\":\"SearchAction\",\"target\":{\"@type\":\"EntryPoint\",\"urlTemplate\":\"https:\/\/dev4.devmitsinformatica.com\/en\/?s={search_term_string}\"},\"query-input\":{\"@type\":\"PropertyValueSpecification\",\"valueRequired\":true,\"valueName\":\"search_term_string\"}}],\"inLanguage\":\"en-US\"},{\"@type\":\"Organization\",\"@id\":\"https:\/\/dev4.devmitsinformatica.com\/en\/#organization\",\"name\":\"ANDEN Graffiti Shop Barcelona\",\"url\":\"https:\/\/dev4.devmitsinformatica.com\/en\/\",\"logo\":{\"@type\":\"ImageObject\",\"inLanguage\":\"en-US\",\"@id\":\"https:\/\/dev4.devmitsinformatica.com\/en\/#\/schema\/logo\/image\/\",\"url\":\"https:\/\/dev4.devmitsinformatica.com\/wp-content\/uploads\/2016\/11\/graffiti-gallery-barcelona.png\",\"contentUrl\":\"https:\/\/dev4.devmitsinformatica.com\/wp-content\/uploads\/2016\/11\/graffiti-gallery-barcelona.png\",\"width\":386,\"height\":150,\"caption\":\"ANDEN Graffiti Shop Barcelona\"},\"image\":{\"@id\":\"https:\/\/dev4.devmitsinformatica.com\/en\/#\/schema\/logo\/image\/\"}}]}<\/script>\n<!-- \/ Yoast SEO plugin. -->","yoast_head_json":{"title":"Montana Black Rotulador vac\u00edo 8mm Roundtip. Ultrawide","description":"tienda para arte en barcelona. rotuladores para arte? materiales bellas artes barcelona? graffiti? materiales bellas artes barcelona? tienda bellas artes online.","robots":{"index":"index","follow":"follow","max-snippet":"max-snippet:-1","max-image-preview":"max-image-preview:large","max-video-preview":"max-video-preview:-1"},"canonical":"https:\/\/dev4.devmitsinformatica.com\/en\/shop\/graffiti-rotulador-shop-barcelona\/rotuladores-vacios-shop-barcelona\/montana-black-rotulador-vacio-8mm-roundtip\/","og_locale":"en_US","og_type":"article","og_title":"Montana Black Rotulador vac\u00edo 8mm Roundtip. Ultrawide","og_description":"tienda para arte en barcelona. rotuladores para arte? materiales bellas artes barcelona? graffiti? materiales bellas artes barcelona? tienda bellas artes online.","og_url":"https:\/\/dev4.devmitsinformatica.com\/en\/shop\/graffiti-rotulador-shop-barcelona\/rotuladores-vacios-shop-barcelona\/montana-black-rotulador-vacio-8mm-roundtip\/","og_site_name":"ULTRAWIDE GRAFFITI SHOP","article_modified_time":"2023-10-16T17:44:10+00:00","og_image":[{"width":940,"height":940,"url":"https:\/\/dev4.devmitsinformatica.com\/wp-content\/uploads\/2016\/09\/montana-black-marker-8mm-empty-7882.jpg","type":"image\/jpeg"}],"twitter_card":"summary_large_image","twitter_misc":{"Est. reading time":"1 minute"},"schema":{"@context":"https:\/\/schema.org","@graph":[{"@type":"WebPage","@id":"https:\/\/dev4.devmitsinformatica.com\/en\/shop\/graffiti-rotulador-shop-barcelona\/rotuladores-vacios-shop-barcelona\/montana-black-rotulador-vacio-8mm-roundtip\/","url":"https:\/\/dev4.devmitsinformatica.com\/en\/shop\/graffiti-rotulador-shop-barcelona\/rotuladores-vacios-shop-barcelona\/montana-black-rotulador-vacio-8mm-roundtip\/","name":"Montana Black Rotulador vac\u00edo 8mm Roundtip. Ultrawide","isPartOf":{"@id":"https:\/\/dev4.devmitsinformatica.com\/en\/#website"},"primaryImageOfPage":{"@id":"https:\/\/dev4.devmitsinformatica.com\/en\/shop\/graffiti-rotulador-shop-barcelona\/rotuladores-vacios-shop-barcelona\/montana-black-rotulador-vacio-8mm-roundtip\/#primaryimage"},"image":{"@id":"https:\/\/dev4.devmitsinformatica.com\/en\/shop\/graffiti-rotulador-shop-barcelona\/rotuladores-vacios-shop-barcelona\/montana-black-rotulador-vacio-8mm-roundtip\/#primaryimage"},"thumbnailUrl":"https:\/\/dev4.devmitsinformatica.com\/wp-content\/uploads\/2016\/09\/montana-black-marker-8mm-empty-7882.jpg","datePublished":"2016-09-01T20:16:58+00:00","dateModified":"2023-10-16T17:44:10+00:00","description":"tienda para arte en barcelona. rotuladores para arte? materiales bellas artes barcelona? graffiti? materiales bellas artes barcelona? tienda bellas artes online.","breadcrumb":{"@id":"https:\/\/dev4.devmitsinformatica.com\/en\/shop\/graffiti-rotulador-shop-barcelona\/rotuladores-vacios-shop-barcelona\/montana-black-rotulador-vacio-8mm-roundtip\/#breadcrumb"},"inLanguage":"en-US","potentialAction":[{"@type":"ReadAction","target":["https:\/\/dev4.devmitsinformatica.com\/en\/shop\/graffiti-rotulador-shop-barcelona\/rotuladores-vacios-shop-barcelona\/montana-black-rotulador-vacio-8mm-roundtip\/"]}]},{"@type":"ImageObject","inLanguage":"en-US","@id":"https:\/\/dev4.devmitsinformatica.com\/en\/shop\/graffiti-rotulador-shop-barcelona\/rotuladores-vacios-shop-barcelona\/montana-black-rotulador-vacio-8mm-roundtip\/#primaryimage","url":"https:\/\/dev4.devmitsinformatica.com\/wp-content\/uploads\/2016\/09\/montana-black-marker-8mm-empty-7882.jpg","contentUrl":"https:\/\/dev4.devmitsinformatica.com\/wp-content\/uploads\/2016\/09\/montana-black-marker-8mm-empty-7882.jpg","width":940,"height":940},{"@type":"BreadcrumbList","@id":"https:\/\/dev4.devmitsinformatica.com\/en\/shop\/graffiti-rotulador-shop-barcelona\/rotuladores-vacios-shop-barcelona\/montana-black-rotulador-vacio-8mm-roundtip\/#breadcrumb","itemListElement":[{"@type":"ListItem","position":1,"name":"Home","item":"https:\/\/dev4.devmitsinformatica.com\/en\/"},{"@type":"ListItem","position":2,"name":"Store","item":"https:\/\/dev4.devmitsinformatica.com\/?page_id=38"},{"@type":"ListItem","position":3,"name":"Montana Black Rotulador vac\u00edo 8mm Roundtip"}]},{"@type":"WebSite","@id":"https:\/\/dev4.devmitsinformatica.com\/en\/#website","url":"https:\/\/dev4.devmitsinformatica.com\/en\/","name":"ULTRAWIDE GRAFFITI SHOP","description":"SPRAY GRAFFITI SHOP CAPS Y ROTULADORES","publisher":{"@id":"https:\/\/dev4.devmitsinformatica.com\/en\/#organization"},"potentialAction":[{"@type":"SearchAction","target":{"@type":"EntryPoint","urlTemplate":"https:\/\/dev4.devmitsinformatica.com\/en\/?s={search_term_string}"},"query-input":{"@type":"PropertyValueSpecification","valueRequired":true,"valueName":"search_term_string"}}],"inLanguage":"en-US"},{"@type":"Organization","@id":"https:\/\/dev4.devmitsinformatica.com\/en\/#organization","name":"ANDEN Graffiti Shop Barcelona","url":"https:\/\/dev4.devmitsinformatica.com\/en\/","logo":{"@type":"ImageObject","inLanguage":"en-US","@id":"https:\/\/dev4.devmitsinformatica.com\/en\/#\/schema\/logo\/image\/","url":"https:\/\/dev4.devmitsinformatica.com\/wp-content\/uploads\/2016\/11\/graffiti-gallery-barcelona.png","contentUrl":"https:\/\/dev4.devmitsinformatica.com\/wp-content\/uploads\/2016\/11\/graffiti-gallery-barcelona.png","width":386,"height":150,"caption":"ANDEN Graffiti Shop Barcelona"},"image":{"@id":"https:\/\/dev4.devmitsinformatica.com\/en\/#\/schema\/logo\/image\/"}}]}},"_links":{"self":[{"href":"https:\/\/dev4.devmitsinformatica.com\/en\/wp-json\/wp\/v2\/product\/2214","targetHints":{"allow":["GET"]}}],"collection":[{"href":"https:\/\/dev4.devmitsinformatica.com\/en\/wp-json\/wp\/v2\/product"}],"about":[{"href":"https:\/\/dev4.devmitsinformatica.com\/en\/wp-json\/wp\/v2\/types\/product"}],"replies":[{"embeddable":true,"href":"https:\/\/dev4.devmitsinformatica.com\/en\/wp-json\/wp\/v2\/comments?post=2214"}],"version-history":[{"count":0,"href":"https:\/\/dev4.devmitsinformatica.com\/en\/wp-json\/wp\/v2\/product\/2214\/revisions"}],"wp:featuredmedia":[{"embeddable":true,"href":"https:\/\/dev4.devmitsinformatica.com\/en\/wp-json\/wp\/v2\/media\/5730"}],"wp:attachment":[{"href":"https:\/\/dev4.devmitsinformatica.com\/en\/wp-json\/wp\/v2\/media?parent=2214"}],"wp:term":[{"taxonomy":"product_brand","embeddable":true,"href":"https:\/\/dev4.devmitsinformatica.com\/en\/wp-json\/wp\/v2\/product_brand?post=2214"},{"taxonomy":"product_cat","embeddable":true,"href":"https:\/\/dev4.devmitsinformatica.com\/en\/wp-json\/wp\/v2\/product_cat?post=2214"},{"taxonomy":"product_tag","embeddable":true,"href":"https:\/\/dev4.devmitsinformatica.com\/en\/wp-json\/wp\/v2\/product_tag?post=2214"}],"curies":[{"name":"wp","href":"https:\/\/api.w.org\/{rel}","templated":true}]}}