{"id":2217,"date":"2016-09-01T20:17:10","date_gmt":"2016-09-01T20:17:10","guid":{"rendered":"http:\/\/spraygraffiti.com\/index.php\/product\/montana-black-rotulador-tip-15mm-shadow\/"},"modified":"2023-10-17T09:58:19","modified_gmt":"2023-10-17T09:58:19","slug":"montana-black-rotulador-tip-15mm-shadow","status":"publish","type":"product","link":"https:\/\/dev4.devmitsinformatica.com\/en\/shop\/graffiti-rotulador-shop-barcelona\/graffiti-puntas-shop-barcelona\/montana-black-rotulador-tip-15mm-shadow\/","title":{"rendered":"Punta Rotulador Montana 15mm Shadow"},"content":{"rendered":"<h1><span style=\"text-decoration: underline;\">Punta Rotulador Montana 15mm Shadow<br \/>\n<\/span><\/h1>\n<p>Punta Rotulador Montana 15mm Shadow. Punta de recambio Shadow para Montana Black Marker 15mm.<\/p>\n<p>El fieltro de reemplazo Shadow tiene una muesca, creando as\u00ed una especie de efecto de sombra.<br \/>\nPaquete: 2 piezas<\/p>\n<p>Pack de puntas para rotulador vaci\u00f3 montana 15mm o universal de 15mm. Este juego de puntas solo funciona commo recambio en el rotulador Montana Black vac\u00edo 15mm o el T.Tip, no es v\u00e1lida para los marcadores acr\u00edlicos de 15mm de la marca. Las puntas de recambio para rotulador Montana Shadow tienen una peque\u00f1a muesca en su acabado que las diferencia de las puntas de repuesto para rotulador Montana 15mm Standard. Una medida de puntas universal con una terminaci\u00f3n especial pensada para favorecer acabados de lettering o caligraf\u00eda. La l\u00ednea de Rotuladores con puntas de repuesto de montana es muy amplia, ofreci\u00e9ndote diferentes medidas y trazos para satisfacer tu necesidad en cualquier momento, rotuladores vac\u00edos punta fina o rotuladores punta gruesa vac\u00edos. Chorreadores para graffiti, Squeezers tambi\u00e9n tienen sus puntas reposicionables.<\/p>\n<p>El set\u00a0Punta Rotulador Montana 15mm Shadow, viene en una bolsita con 2 puntas de repuesto. Necesitas puntas de repuesto para rotuladores graffiti? Pidenos tus puntas de repuesto y recibelas en tu domicilio.<\/p>\n<p>puntas rotulador, recambio puntas, recambio 15mm, puntas para marcador<\/p>\n","protected":false},"excerpt":{"rendered":"<p>Punta Rotulador Montana 15mm Shadow.<\/p>\n<p>Punta de recambio Shadow para Montana Black Marker 15mm.<\/p>\n<p>El fieltro de reemplazo Shadow tiene una muesca, creando as\u00ed una especie de efecto de sombra.<br \/>\nPaquete: 2 piezas<\/p>\n","protected":false},"featured_media":5768,"comment_status":"closed","ping_status":"closed","template":"","meta":{"site-sidebar-layout":"default","site-content-layout":"","ast-site-content-layout":"default","site-content-style":"default","site-sidebar-style":"default","ast-global-header-display":"","ast-banner-title-visibility":"","ast-main-header-display":"","ast-hfb-above-header-display":"","ast-hfb-below-header-display":"","ast-hfb-mobile-header-display":"","site-post-title":"","ast-breadcrumbs-content":"","ast-featured-img":"","footer-sml-layout":"","ast-disable-related-posts":"","theme-transparent-header-meta":"","adv-header-id-meta":"","stick-header-meta":"","header-above-stick-meta":"","header-main-stick-meta":"","header-below-stick-meta":"","astra-migrate-meta-layouts":"default","ast-page-background-enabled":"default","ast-page-background-meta":{"desktop":{"background-color":"","background-image":"","background-repeat":"repeat","background-position":"center center","background-size":"auto","background-attachment":"scroll","background-type":"","background-media":"","overlay-type":"","overlay-color":"","overlay-opacity":"","overlay-gradient":""},"tablet":{"background-color":"","background-image":"","background-repeat":"repeat","background-position":"center center","background-size":"auto","background-attachment":"scroll","background-type":"","background-media":"","overlay-type":"","overlay-color":"","overlay-opacity":"","overlay-gradient":""},"mobile":{"background-color":"","background-image":"","background-repeat":"repeat","background-position":"center center","background-size":"auto","background-attachment":"scroll","background-type":"","background-media":"","overlay-type":"","overlay-color":"","overlay-opacity":"","overlay-gradient":""}},"ast-content-background-meta":{"desktop":{"background-color":"var(--ast-global-color-5)","background-image":"","background-repeat":"repeat","background-position":"center center","background-size":"auto","background-attachment":"scroll","background-type":"","background-media":"","overlay-type":"","overlay-color":"","overlay-opacity":"","overlay-gradient":""},"tablet":{"background-color":"var(--ast-global-color-5)","background-image":"","background-repeat":"repeat","background-position":"center center","background-size":"auto","background-attachment":"scroll","background-type":"","background-media":"","overlay-type":"","overlay-color":"","overlay-opacity":"","overlay-gradient":""},"mobile":{"background-color":"var(--ast-global-color-5)","background-image":"","background-repeat":"repeat","background-position":"center center","background-size":"auto","background-attachment":"scroll","background-type":"","background-media":"","overlay-type":"","overlay-color":"","overlay-opacity":"","overlay-gradient":""}}},"product_brand":[],"product_cat":[7,978,2519],"product_tag":[1753,1754,1019,2527,2528,2523,2529,2525,2526,2524,1745,1749,1747,1751],"class_list":{"0":"post-2217","1":"product","2":"type-product","3":"status-publish","4":"has-post-thumbnail","6":"product_cat-graffiti-rotulador-shop-barcelona","7":"product_cat-graffiti-puntas-shop-barcelona","8":"product_cat-puntas-montana-black","9":"product_tag-acrilico-rotuladores-barato","10":"product_tag-acrilico-rotuladores-comprar","11":"product_tag-montana","12":"product_tag-punta-efectos","13":"product_tag-punta-marcador-multilinea","14":"product_tag-puntas-15mm-especial","15":"product_tag-puntas-repuesto-montana","16":"product_tag-puntas-rotulador-standard","17":"product_tag-recambio-montana-shadow","18":"product_tag-recambio-puntas-15mm","19":"product_tag-rotuladores-barato-acrilico","20":"product_tag-rotuladores-coches-acrilico","21":"product_tag-rotuladores-comprar-acrilico","22":"product_tag-rotuladores-paredes-acrilico","23":"desktop-align-left","24":"tablet-align-left","25":"mobile-align-left","27":"first","28":"instock","29":"purchasable","30":"product-type-simple"},"yoast_head":"<!-- This site is optimized with the Yoast SEO plugin v27.0 - https:\/\/yoast.com\/product\/yoast-seo-wordpress\/ -->\n<title>Punta rotulador montana recambio 15mm Shadow<\/title>\n<meta name=\"description\" content=\"tienda para arte en barcelona. tienda bellas artes online? montana cans barcelona graffiti? tienda para arte en barcelona. tienda graffiti\" \/>\n<meta name=\"robots\" content=\"index, follow, max-snippet:-1, max-image-preview:large, max-video-preview:-1\" \/>\n<link rel=\"canonical\" href=\"https:\/\/dev4.devmitsinformatica.com\/en\/shop\/graffiti-rotulador-shop-barcelona\/graffiti-puntas-shop-barcelona\/montana-black-rotulador-tip-15mm-shadow\/\" \/>\n<meta property=\"og:locale\" content=\"en_US\" \/>\n<meta property=\"og:type\" content=\"article\" \/>\n<meta property=\"og:title\" content=\"Punta rotulador montana recambio 15mm Shadow\" \/>\n<meta property=\"og:description\" content=\"tienda para arte en barcelona. tienda bellas artes online? montana cans barcelona graffiti? tienda para arte en barcelona. tienda graffiti\" \/>\n<meta property=\"og:url\" content=\"https:\/\/dev4.devmitsinformatica.com\/en\/shop\/graffiti-rotulador-shop-barcelona\/graffiti-puntas-shop-barcelona\/montana-black-rotulador-tip-15mm-shadow\/\" \/>\n<meta property=\"og:site_name\" content=\"ULTRAWIDE GRAFFITI SHOP\" \/>\n<meta property=\"article:modified_time\" content=\"2023-10-17T09:58:19+00:00\" \/>\n<meta property=\"og:image\" content=\"https:\/\/dev4.devmitsinformatica.com\/wp-content\/uploads\/2016\/09\/puntas-montana-black-shadow.jpg\" \/>\n\t<meta property=\"og:image:width\" content=\"490\" \/>\n\t<meta property=\"og:image:height\" content=\"490\" \/>\n\t<meta property=\"og:image:type\" content=\"image\/jpeg\" \/>\n<meta name=\"twitter:card\" content=\"summary_large_image\" \/>\n<meta name=\"twitter:label1\" content=\"Est. reading time\" \/>\n\t<meta name=\"twitter:data1\" content=\"1 minute\" \/>\n<script type=\"application\/ld+json\" class=\"yoast-schema-graph\">{\"@context\":\"https:\/\/schema.org\",\"@graph\":[{\"@type\":\"WebPage\",\"@id\":\"https:\/\/dev4.devmitsinformatica.com\/en\/shop\/graffiti-rotulador-shop-barcelona\/graffiti-puntas-shop-barcelona\/montana-black-rotulador-tip-15mm-shadow\/\",\"url\":\"https:\/\/dev4.devmitsinformatica.com\/en\/shop\/graffiti-rotulador-shop-barcelona\/graffiti-puntas-shop-barcelona\/montana-black-rotulador-tip-15mm-shadow\/\",\"name\":\"Punta rotulador montana recambio 15mm Shadow\",\"isPartOf\":{\"@id\":\"https:\/\/dev4.devmitsinformatica.com\/en\/#website\"},\"primaryImageOfPage\":{\"@id\":\"https:\/\/dev4.devmitsinformatica.com\/en\/shop\/graffiti-rotulador-shop-barcelona\/graffiti-puntas-shop-barcelona\/montana-black-rotulador-tip-15mm-shadow\/#primaryimage\"},\"image\":{\"@id\":\"https:\/\/dev4.devmitsinformatica.com\/en\/shop\/graffiti-rotulador-shop-barcelona\/graffiti-puntas-shop-barcelona\/montana-black-rotulador-tip-15mm-shadow\/#primaryimage\"},\"thumbnailUrl\":\"https:\/\/dev4.devmitsinformatica.com\/wp-content\/uploads\/2016\/09\/puntas-montana-black-shadow.jpg\",\"datePublished\":\"2016-09-01T20:17:10+00:00\",\"dateModified\":\"2023-10-17T09:58:19+00:00\",\"description\":\"tienda para arte en barcelona. tienda bellas artes online? montana cans barcelona graffiti? tienda para arte en barcelona. tienda graffiti\",\"breadcrumb\":{\"@id\":\"https:\/\/dev4.devmitsinformatica.com\/en\/shop\/graffiti-rotulador-shop-barcelona\/graffiti-puntas-shop-barcelona\/montana-black-rotulador-tip-15mm-shadow\/#breadcrumb\"},\"inLanguage\":\"en-US\",\"potentialAction\":[{\"@type\":\"ReadAction\",\"target\":[\"https:\/\/dev4.devmitsinformatica.com\/en\/shop\/graffiti-rotulador-shop-barcelona\/graffiti-puntas-shop-barcelona\/montana-black-rotulador-tip-15mm-shadow\/\"]}]},{\"@type\":\"ImageObject\",\"inLanguage\":\"en-US\",\"@id\":\"https:\/\/dev4.devmitsinformatica.com\/en\/shop\/graffiti-rotulador-shop-barcelona\/graffiti-puntas-shop-barcelona\/montana-black-rotulador-tip-15mm-shadow\/#primaryimage\",\"url\":\"https:\/\/dev4.devmitsinformatica.com\/wp-content\/uploads\/2016\/09\/puntas-montana-black-shadow.jpg\",\"contentUrl\":\"https:\/\/dev4.devmitsinformatica.com\/wp-content\/uploads\/2016\/09\/puntas-montana-black-shadow.jpg\",\"width\":490,\"height\":490,\"caption\":\"puntas de rotulador, recambio puntas rotulador montana, punta del repuesto montana black, standard punta 15mm,\"},{\"@type\":\"BreadcrumbList\",\"@id\":\"https:\/\/dev4.devmitsinformatica.com\/en\/shop\/graffiti-rotulador-shop-barcelona\/graffiti-puntas-shop-barcelona\/montana-black-rotulador-tip-15mm-shadow\/#breadcrumb\",\"itemListElement\":[{\"@type\":\"ListItem\",\"position\":1,\"name\":\"Home\",\"item\":\"https:\/\/dev4.devmitsinformatica.com\/en\/\"},{\"@type\":\"ListItem\",\"position\":2,\"name\":\"Store\",\"item\":\"https:\/\/dev4.devmitsinformatica.com\/?page_id=38\"},{\"@type\":\"ListItem\",\"position\":3,\"name\":\"Punta Rotulador Montana 15mm Shadow\"}]},{\"@type\":\"WebSite\",\"@id\":\"https:\/\/dev4.devmitsinformatica.com\/en\/#website\",\"url\":\"https:\/\/dev4.devmitsinformatica.com\/en\/\",\"name\":\"ULTRAWIDE GRAFFITI SHOP\",\"description\":\"SPRAY GRAFFITI SHOP CAPS Y ROTULADORES\",\"publisher\":{\"@id\":\"https:\/\/dev4.devmitsinformatica.com\/en\/#organization\"},\"potentialAction\":[{\"@type\":\"SearchAction\",\"target\":{\"@type\":\"EntryPoint\",\"urlTemplate\":\"https:\/\/dev4.devmitsinformatica.com\/en\/?s={search_term_string}\"},\"query-input\":{\"@type\":\"PropertyValueSpecification\",\"valueRequired\":true,\"valueName\":\"search_term_string\"}}],\"inLanguage\":\"en-US\"},{\"@type\":\"Organization\",\"@id\":\"https:\/\/dev4.devmitsinformatica.com\/en\/#organization\",\"name\":\"ANDEN Graffiti Shop Barcelona\",\"url\":\"https:\/\/dev4.devmitsinformatica.com\/en\/\",\"logo\":{\"@type\":\"ImageObject\",\"inLanguage\":\"en-US\",\"@id\":\"https:\/\/dev4.devmitsinformatica.com\/en\/#\/schema\/logo\/image\/\",\"url\":\"https:\/\/dev4.devmitsinformatica.com\/wp-content\/uploads\/2016\/11\/graffiti-gallery-barcelona.png\",\"contentUrl\":\"https:\/\/dev4.devmitsinformatica.com\/wp-content\/uploads\/2016\/11\/graffiti-gallery-barcelona.png\",\"width\":386,\"height\":150,\"caption\":\"ANDEN Graffiti Shop Barcelona\"},\"image\":{\"@id\":\"https:\/\/dev4.devmitsinformatica.com\/en\/#\/schema\/logo\/image\/\"}}]}<\/script>\n<!-- \/ Yoast SEO plugin. -->","yoast_head_json":{"title":"Punta rotulador montana recambio 15mm Shadow","description":"tienda para arte en barcelona. tienda bellas artes online? montana cans barcelona graffiti? tienda para arte en barcelona. tienda graffiti","robots":{"index":"index","follow":"follow","max-snippet":"max-snippet:-1","max-image-preview":"max-image-preview:large","max-video-preview":"max-video-preview:-1"},"canonical":"https:\/\/dev4.devmitsinformatica.com\/en\/shop\/graffiti-rotulador-shop-barcelona\/graffiti-puntas-shop-barcelona\/montana-black-rotulador-tip-15mm-shadow\/","og_locale":"en_US","og_type":"article","og_title":"Punta rotulador montana recambio 15mm Shadow","og_description":"tienda para arte en barcelona. tienda bellas artes online? montana cans barcelona graffiti? tienda para arte en barcelona. tienda graffiti","og_url":"https:\/\/dev4.devmitsinformatica.com\/en\/shop\/graffiti-rotulador-shop-barcelona\/graffiti-puntas-shop-barcelona\/montana-black-rotulador-tip-15mm-shadow\/","og_site_name":"ULTRAWIDE GRAFFITI SHOP","article_modified_time":"2023-10-17T09:58:19+00:00","og_image":[{"width":490,"height":490,"url":"https:\/\/dev4.devmitsinformatica.com\/wp-content\/uploads\/2016\/09\/puntas-montana-black-shadow.jpg","type":"image\/jpeg"}],"twitter_card":"summary_large_image","twitter_misc":{"Est. reading time":"1 minute"},"schema":{"@context":"https:\/\/schema.org","@graph":[{"@type":"WebPage","@id":"https:\/\/dev4.devmitsinformatica.com\/en\/shop\/graffiti-rotulador-shop-barcelona\/graffiti-puntas-shop-barcelona\/montana-black-rotulador-tip-15mm-shadow\/","url":"https:\/\/dev4.devmitsinformatica.com\/en\/shop\/graffiti-rotulador-shop-barcelona\/graffiti-puntas-shop-barcelona\/montana-black-rotulador-tip-15mm-shadow\/","name":"Punta rotulador montana recambio 15mm Shadow","isPartOf":{"@id":"https:\/\/dev4.devmitsinformatica.com\/en\/#website"},"primaryImageOfPage":{"@id":"https:\/\/dev4.devmitsinformatica.com\/en\/shop\/graffiti-rotulador-shop-barcelona\/graffiti-puntas-shop-barcelona\/montana-black-rotulador-tip-15mm-shadow\/#primaryimage"},"image":{"@id":"https:\/\/dev4.devmitsinformatica.com\/en\/shop\/graffiti-rotulador-shop-barcelona\/graffiti-puntas-shop-barcelona\/montana-black-rotulador-tip-15mm-shadow\/#primaryimage"},"thumbnailUrl":"https:\/\/dev4.devmitsinformatica.com\/wp-content\/uploads\/2016\/09\/puntas-montana-black-shadow.jpg","datePublished":"2016-09-01T20:17:10+00:00","dateModified":"2023-10-17T09:58:19+00:00","description":"tienda para arte en barcelona. tienda bellas artes online? montana cans barcelona graffiti? tienda para arte en barcelona. tienda graffiti","breadcrumb":{"@id":"https:\/\/dev4.devmitsinformatica.com\/en\/shop\/graffiti-rotulador-shop-barcelona\/graffiti-puntas-shop-barcelona\/montana-black-rotulador-tip-15mm-shadow\/#breadcrumb"},"inLanguage":"en-US","potentialAction":[{"@type":"ReadAction","target":["https:\/\/dev4.devmitsinformatica.com\/en\/shop\/graffiti-rotulador-shop-barcelona\/graffiti-puntas-shop-barcelona\/montana-black-rotulador-tip-15mm-shadow\/"]}]},{"@type":"ImageObject","inLanguage":"en-US","@id":"https:\/\/dev4.devmitsinformatica.com\/en\/shop\/graffiti-rotulador-shop-barcelona\/graffiti-puntas-shop-barcelona\/montana-black-rotulador-tip-15mm-shadow\/#primaryimage","url":"https:\/\/dev4.devmitsinformatica.com\/wp-content\/uploads\/2016\/09\/puntas-montana-black-shadow.jpg","contentUrl":"https:\/\/dev4.devmitsinformatica.com\/wp-content\/uploads\/2016\/09\/puntas-montana-black-shadow.jpg","width":490,"height":490,"caption":"puntas de rotulador, recambio puntas rotulador montana, punta del repuesto montana black, standard punta 15mm,"},{"@type":"BreadcrumbList","@id":"https:\/\/dev4.devmitsinformatica.com\/en\/shop\/graffiti-rotulador-shop-barcelona\/graffiti-puntas-shop-barcelona\/montana-black-rotulador-tip-15mm-shadow\/#breadcrumb","itemListElement":[{"@type":"ListItem","position":1,"name":"Home","item":"https:\/\/dev4.devmitsinformatica.com\/en\/"},{"@type":"ListItem","position":2,"name":"Store","item":"https:\/\/dev4.devmitsinformatica.com\/?page_id=38"},{"@type":"ListItem","position":3,"name":"Punta Rotulador Montana 15mm Shadow"}]},{"@type":"WebSite","@id":"https:\/\/dev4.devmitsinformatica.com\/en\/#website","url":"https:\/\/dev4.devmitsinformatica.com\/en\/","name":"ULTRAWIDE GRAFFITI SHOP","description":"SPRAY GRAFFITI SHOP CAPS Y ROTULADORES","publisher":{"@id":"https:\/\/dev4.devmitsinformatica.com\/en\/#organization"},"potentialAction":[{"@type":"SearchAction","target":{"@type":"EntryPoint","urlTemplate":"https:\/\/dev4.devmitsinformatica.com\/en\/?s={search_term_string}"},"query-input":{"@type":"PropertyValueSpecification","valueRequired":true,"valueName":"search_term_string"}}],"inLanguage":"en-US"},{"@type":"Organization","@id":"https:\/\/dev4.devmitsinformatica.com\/en\/#organization","name":"ANDEN Graffiti Shop Barcelona","url":"https:\/\/dev4.devmitsinformatica.com\/en\/","logo":{"@type":"ImageObject","inLanguage":"en-US","@id":"https:\/\/dev4.devmitsinformatica.com\/en\/#\/schema\/logo\/image\/","url":"https:\/\/dev4.devmitsinformatica.com\/wp-content\/uploads\/2016\/11\/graffiti-gallery-barcelona.png","contentUrl":"https:\/\/dev4.devmitsinformatica.com\/wp-content\/uploads\/2016\/11\/graffiti-gallery-barcelona.png","width":386,"height":150,"caption":"ANDEN Graffiti Shop Barcelona"},"image":{"@id":"https:\/\/dev4.devmitsinformatica.com\/en\/#\/schema\/logo\/image\/"}}]}},"_links":{"self":[{"href":"https:\/\/dev4.devmitsinformatica.com\/en\/wp-json\/wp\/v2\/product\/2217","targetHints":{"allow":["GET"]}}],"collection":[{"href":"https:\/\/dev4.devmitsinformatica.com\/en\/wp-json\/wp\/v2\/product"}],"about":[{"href":"https:\/\/dev4.devmitsinformatica.com\/en\/wp-json\/wp\/v2\/types\/product"}],"replies":[{"embeddable":true,"href":"https:\/\/dev4.devmitsinformatica.com\/en\/wp-json\/wp\/v2\/comments?post=2217"}],"version-history":[{"count":0,"href":"https:\/\/dev4.devmitsinformatica.com\/en\/wp-json\/wp\/v2\/product\/2217\/revisions"}],"wp:featuredmedia":[{"embeddable":true,"href":"https:\/\/dev4.devmitsinformatica.com\/en\/wp-json\/wp\/v2\/media\/5768"}],"wp:attachment":[{"href":"https:\/\/dev4.devmitsinformatica.com\/en\/wp-json\/wp\/v2\/media?parent=2217"}],"wp:term":[{"taxonomy":"product_brand","embeddable":true,"href":"https:\/\/dev4.devmitsinformatica.com\/en\/wp-json\/wp\/v2\/product_brand?post=2217"},{"taxonomy":"product_cat","embeddable":true,"href":"https:\/\/dev4.devmitsinformatica.com\/en\/wp-json\/wp\/v2\/product_cat?post=2217"},{"taxonomy":"product_tag","embeddable":true,"href":"https:\/\/dev4.devmitsinformatica.com\/en\/wp-json\/wp\/v2\/product_tag?post=2217"}],"curies":[{"name":"wp","href":"https:\/\/api.w.org\/{rel}","templated":true}]}}