{"id":2218,"date":"2016-09-01T20:17:10","date_gmt":"2016-09-01T20:17:10","guid":{"rendered":"http:\/\/spraygraffiti.com\/index.php\/product\/montana-black-rotulador-tip-15mm-standard\/"},"modified":"2023-10-17T09:43:24","modified_gmt":"2023-10-17T09:43:24","slug":"montana-black-rotulador-tip-15mm-standard","status":"publish","type":"product","link":"https:\/\/dev4.devmitsinformatica.com\/en\/shop\/graffiti-rotulador-shop-barcelona\/graffiti-puntas-shop-barcelona\/montana-black-rotulador-tip-15mm-standard\/","title":{"rendered":"Punta rotulador 15mm Montana Black"},"content":{"rendered":"<h1><span style=\"text-decoration: underline;\">Punta rotulador 15mm Montana Black<\/span><\/h1>\n<p>Punta rotulador 15mm Montana Black. Paquete de 2 piezas de recambio para rotulador Montana Black Standard 15mm. Puntas de fieltro planas de 15mm. La medida standard de los rotuladores para graffiti y tagging. Cambia la punta de tu rotulador y alarga la durabilidad de este. La\u00a0Punta rotulador 15mm Montana Black es posiblemente una de las mas utilizadas en rotulaci\u00f3n y carteler\u00eda. Este pack de puntas de recambio se presenta en una peque\u00f1a bolsita de pl\u00e1stico. Montana Cans te ofrece una extensa l\u00ednea de rotuladores vac\u00edos, todos con puntas y tintas de repuesto que permiten mezclarse e intercambiarse entre varios modelos.<\/p>\n<p>Buscas puntas para rotuladores acr\u00edlicos? puntas para rotuladores al alcohol? Ultrawide tiene puntas reposicionables para rotuladores montana. Pide ahora tu repuesto de puntas para rotulador en nuestra web online y recibelas en tu domicilio.<\/p>\n<p>And\u00e9n Barcelona distribuidor Oficial Montana Cans Espa\u00f1a, te ofrece todos los productos de la marca y otras relacionadas con venta a particulares y comercios profesionales. Compra ahora tu pack de puntas Montana Standard 15mm y renueva tu rotulador montana dej\u00e1ndolo como nuevo. Retira la antigua punta con una pinza o con los dedos protegi\u00e9nte con un guante de nitrilo o l\u00e1tex e introduce la nueva punta en su lugar, as\u00ed de sencillo y f\u00e1cil.<\/p>\n<p>Recambio puntas standard, puntas 15mm, recambio puntas rotulador, puntas de repuesto para rotulador<\/p>\n","protected":false},"excerpt":{"rendered":"<p>Punta rotulador 15mm Montana Black. Paquete de 2 piezas de recambio para rotulador Montana Black Standard 15mm. Puntas de fieltro planas<\/p>\n","protected":false},"featured_media":5770,"comment_status":"closed","ping_status":"closed","template":"","meta":{"site-sidebar-layout":"default","site-content-layout":"","ast-site-content-layout":"default","site-content-style":"default","site-sidebar-style":"default","ast-global-header-display":"","ast-banner-title-visibility":"","ast-main-header-display":"","ast-hfb-above-header-display":"","ast-hfb-below-header-display":"","ast-hfb-mobile-header-display":"","site-post-title":"","ast-breadcrumbs-content":"","ast-featured-img":"","footer-sml-layout":"","ast-disable-related-posts":"","theme-transparent-header-meta":"","adv-header-id-meta":"","stick-header-meta":"","header-above-stick-meta":"","header-main-stick-meta":"","header-below-stick-meta":"","astra-migrate-meta-layouts":"default","ast-page-background-enabled":"default","ast-page-background-meta":{"desktop":{"background-color":"","background-image":"","background-repeat":"repeat","background-position":"center center","background-size":"auto","background-attachment":"scroll","background-type":"","background-media":"","overlay-type":"","overlay-color":"","overlay-opacity":"","overlay-gradient":""},"tablet":{"background-color":"","background-image":"","background-repeat":"repeat","background-position":"center center","background-size":"auto","background-attachment":"scroll","background-type":"","background-media":"","overlay-type":"","overlay-color":"","overlay-opacity":"","overlay-gradient":""},"mobile":{"background-color":"","background-image":"","background-repeat":"repeat","background-position":"center center","background-size":"auto","background-attachment":"scroll","background-type":"","background-media":"","overlay-type":"","overlay-color":"","overlay-opacity":"","overlay-gradient":""}},"ast-content-background-meta":{"desktop":{"background-color":"var(--ast-global-color-5)","background-image":"","background-repeat":"repeat","background-position":"center center","background-size":"auto","background-attachment":"scroll","background-type":"","background-media":"","overlay-type":"","overlay-color":"","overlay-opacity":"","overlay-gradient":""},"tablet":{"background-color":"var(--ast-global-color-5)","background-image":"","background-repeat":"repeat","background-position":"center center","background-size":"auto","background-attachment":"scroll","background-type":"","background-media":"","overlay-type":"","overlay-color":"","overlay-opacity":"","overlay-gradient":""},"mobile":{"background-color":"var(--ast-global-color-5)","background-image":"","background-repeat":"repeat","background-position":"center center","background-size":"auto","background-attachment":"scroll","background-type":"","background-media":"","overlay-type":"","overlay-color":"","overlay-opacity":"","overlay-gradient":""}}},"product_brand":[],"product_cat":[7,978,2519],"product_tag":[1729,1733,3886,1731,1019,3885,2888,2887,3884,2534,3883,2507,2532,2530,2531,2533],"class_list":{"0":"post-2218","1":"product","2":"type-product","3":"status-publish","4":"has-post-thumbnail","6":"product_cat-graffiti-rotulador-shop-barcelona","7":"product_cat-graffiti-puntas-shop-barcelona","8":"product_cat-puntas-montana-black","9":"product_tag-barato-rotuladores-acrilico","10":"product_tag-coches-rotuladores-acrilico","11":"product_tag-comprar-puntas-rotulador","12":"product_tag-comprar-rotuladores-acrilico","13":"product_tag-montana","14":"product_tag-montana-black-rotulador","15":"product_tag-punta-recambio-rotulador","16":"product_tag-punta-rotulador-graffiti","17":"product_tag-punta-rotulador-montana","18":"product_tag-puntas-15mm","19":"product_tag-puntas-graffiti-rotulador","20":"product_tag-puntas-marcador-montana","21":"product_tag-puntas-montana","22":"product_tag-puntas-rotulador-standard-15mm","23":"product_tag-recambio-puntas-rotulador","24":"product_tag-recambios-montana","25":"desktop-align-left","26":"tablet-align-left","27":"mobile-align-left","29":"first","30":"instock","31":"purchasable","32":"product-type-simple"},"yoast_head":"<!-- This site is optimized with the Yoast SEO plugin v27.0 - https:\/\/yoast.com\/product\/yoast-seo-wordpress\/ -->\n<title>montana punta rotulador 15mm standard recambio<\/title>\n<meta name=\"description\" content=\"graffiti shop barcelona? materiales bellas artes barcelona? barniz de montana? tienda para arte en barcelona. barniz de montana? montana cans barcelona anden group.\" \/>\n<meta name=\"robots\" content=\"index, follow, max-snippet:-1, max-image-preview:large, max-video-preview:-1\" \/>\n<link rel=\"canonical\" href=\"https:\/\/dev4.devmitsinformatica.com\/en\/shop\/graffiti-rotulador-shop-barcelona\/graffiti-puntas-shop-barcelona\/montana-black-rotulador-tip-15mm-standard\/\" \/>\n<meta property=\"og:locale\" content=\"en_US\" \/>\n<meta property=\"og:type\" content=\"article\" \/>\n<meta property=\"og:title\" content=\"montana punta rotulador 15mm standard recambio\" \/>\n<meta property=\"og:description\" content=\"graffiti shop barcelona? materiales bellas artes barcelona? barniz de montana? tienda para arte en barcelona. barniz de montana? montana cans barcelona anden group.\" \/>\n<meta property=\"og:url\" content=\"https:\/\/dev4.devmitsinformatica.com\/en\/shop\/graffiti-rotulador-shop-barcelona\/graffiti-puntas-shop-barcelona\/montana-black-rotulador-tip-15mm-standard\/\" \/>\n<meta property=\"og:site_name\" content=\"ULTRAWIDE GRAFFITI SHOP\" \/>\n<meta property=\"article:modified_time\" content=\"2023-10-17T09:43:24+00:00\" \/>\n<meta property=\"og:image\" content=\"https:\/\/dev4.devmitsinformatica.com\/wp-content\/uploads\/2016\/09\/punta-recambio-rotulador-15mm.jpg\" \/>\n\t<meta property=\"og:image:width\" content=\"490\" \/>\n\t<meta property=\"og:image:height\" content=\"490\" \/>\n\t<meta property=\"og:image:type\" content=\"image\/jpeg\" \/>\n<meta name=\"twitter:card\" content=\"summary_large_image\" \/>\n<meta name=\"twitter:label1\" content=\"Est. reading time\" \/>\n\t<meta name=\"twitter:data1\" content=\"1 minute\" \/>\n<script type=\"application\/ld+json\" class=\"yoast-schema-graph\">{\"@context\":\"https:\/\/schema.org\",\"@graph\":[{\"@type\":\"WebPage\",\"@id\":\"https:\/\/dev4.devmitsinformatica.com\/en\/shop\/graffiti-rotulador-shop-barcelona\/graffiti-puntas-shop-barcelona\/montana-black-rotulador-tip-15mm-standard\/\",\"url\":\"https:\/\/dev4.devmitsinformatica.com\/en\/shop\/graffiti-rotulador-shop-barcelona\/graffiti-puntas-shop-barcelona\/montana-black-rotulador-tip-15mm-standard\/\",\"name\":\"montana punta rotulador 15mm standard recambio\",\"isPartOf\":{\"@id\":\"https:\/\/dev4.devmitsinformatica.com\/en\/#website\"},\"primaryImageOfPage\":{\"@id\":\"https:\/\/dev4.devmitsinformatica.com\/en\/shop\/graffiti-rotulador-shop-barcelona\/graffiti-puntas-shop-barcelona\/montana-black-rotulador-tip-15mm-standard\/#primaryimage\"},\"image\":{\"@id\":\"https:\/\/dev4.devmitsinformatica.com\/en\/shop\/graffiti-rotulador-shop-barcelona\/graffiti-puntas-shop-barcelona\/montana-black-rotulador-tip-15mm-standard\/#primaryimage\"},\"thumbnailUrl\":\"https:\/\/dev4.devmitsinformatica.com\/wp-content\/uploads\/2016\/09\/punta-recambio-rotulador-15mm.jpg\",\"datePublished\":\"2016-09-01T20:17:10+00:00\",\"dateModified\":\"2023-10-17T09:43:24+00:00\",\"description\":\"graffiti shop barcelona? materiales bellas artes barcelona? barniz de montana? tienda para arte en barcelona. barniz de montana? montana cans barcelona anden group.\",\"breadcrumb\":{\"@id\":\"https:\/\/dev4.devmitsinformatica.com\/en\/shop\/graffiti-rotulador-shop-barcelona\/graffiti-puntas-shop-barcelona\/montana-black-rotulador-tip-15mm-standard\/#breadcrumb\"},\"inLanguage\":\"en-US\",\"potentialAction\":[{\"@type\":\"ReadAction\",\"target\":[\"https:\/\/dev4.devmitsinformatica.com\/en\/shop\/graffiti-rotulador-shop-barcelona\/graffiti-puntas-shop-barcelona\/montana-black-rotulador-tip-15mm-standard\/\"]}]},{\"@type\":\"ImageObject\",\"inLanguage\":\"en-US\",\"@id\":\"https:\/\/dev4.devmitsinformatica.com\/en\/shop\/graffiti-rotulador-shop-barcelona\/graffiti-puntas-shop-barcelona\/montana-black-rotulador-tip-15mm-standard\/#primaryimage\",\"url\":\"https:\/\/dev4.devmitsinformatica.com\/wp-content\/uploads\/2016\/09\/punta-recambio-rotulador-15mm.jpg\",\"contentUrl\":\"https:\/\/dev4.devmitsinformatica.com\/wp-content\/uploads\/2016\/09\/punta-recambio-rotulador-15mm.jpg\",\"width\":490,\"height\":490,\"caption\":\"replacement tip 15mm montana marker\"},{\"@type\":\"BreadcrumbList\",\"@id\":\"https:\/\/dev4.devmitsinformatica.com\/en\/shop\/graffiti-rotulador-shop-barcelona\/graffiti-puntas-shop-barcelona\/montana-black-rotulador-tip-15mm-standard\/#breadcrumb\",\"itemListElement\":[{\"@type\":\"ListItem\",\"position\":1,\"name\":\"Home\",\"item\":\"https:\/\/dev4.devmitsinformatica.com\/en\/\"},{\"@type\":\"ListItem\",\"position\":2,\"name\":\"Store\",\"item\":\"https:\/\/dev4.devmitsinformatica.com\/?page_id=38\"},{\"@type\":\"ListItem\",\"position\":3,\"name\":\"Punta rotulador 15mm Montana Black\"}]},{\"@type\":\"WebSite\",\"@id\":\"https:\/\/dev4.devmitsinformatica.com\/en\/#website\",\"url\":\"https:\/\/dev4.devmitsinformatica.com\/en\/\",\"name\":\"ULTRAWIDE GRAFFITI SHOP\",\"description\":\"SPRAY GRAFFITI SHOP CAPS Y ROTULADORES\",\"publisher\":{\"@id\":\"https:\/\/dev4.devmitsinformatica.com\/en\/#organization\"},\"potentialAction\":[{\"@type\":\"SearchAction\",\"target\":{\"@type\":\"EntryPoint\",\"urlTemplate\":\"https:\/\/dev4.devmitsinformatica.com\/en\/?s={search_term_string}\"},\"query-input\":{\"@type\":\"PropertyValueSpecification\",\"valueRequired\":true,\"valueName\":\"search_term_string\"}}],\"inLanguage\":\"en-US\"},{\"@type\":\"Organization\",\"@id\":\"https:\/\/dev4.devmitsinformatica.com\/en\/#organization\",\"name\":\"ANDEN Graffiti Shop Barcelona\",\"url\":\"https:\/\/dev4.devmitsinformatica.com\/en\/\",\"logo\":{\"@type\":\"ImageObject\",\"inLanguage\":\"en-US\",\"@id\":\"https:\/\/dev4.devmitsinformatica.com\/en\/#\/schema\/logo\/image\/\",\"url\":\"https:\/\/dev4.devmitsinformatica.com\/wp-content\/uploads\/2016\/11\/graffiti-gallery-barcelona.png\",\"contentUrl\":\"https:\/\/dev4.devmitsinformatica.com\/wp-content\/uploads\/2016\/11\/graffiti-gallery-barcelona.png\",\"width\":386,\"height\":150,\"caption\":\"ANDEN Graffiti Shop Barcelona\"},\"image\":{\"@id\":\"https:\/\/dev4.devmitsinformatica.com\/en\/#\/schema\/logo\/image\/\"}}]}<\/script>\n<!-- \/ Yoast SEO plugin. -->","yoast_head_json":{"title":"montana punta rotulador 15mm standard recambio","description":"graffiti shop barcelona? materiales bellas artes barcelona? barniz de montana? tienda para arte en barcelona. barniz de montana? montana cans barcelona anden group.","robots":{"index":"index","follow":"follow","max-snippet":"max-snippet:-1","max-image-preview":"max-image-preview:large","max-video-preview":"max-video-preview:-1"},"canonical":"https:\/\/dev4.devmitsinformatica.com\/en\/shop\/graffiti-rotulador-shop-barcelona\/graffiti-puntas-shop-barcelona\/montana-black-rotulador-tip-15mm-standard\/","og_locale":"en_US","og_type":"article","og_title":"montana punta rotulador 15mm standard recambio","og_description":"graffiti shop barcelona? materiales bellas artes barcelona? barniz de montana? tienda para arte en barcelona. barniz de montana? montana cans barcelona anden group.","og_url":"https:\/\/dev4.devmitsinformatica.com\/en\/shop\/graffiti-rotulador-shop-barcelona\/graffiti-puntas-shop-barcelona\/montana-black-rotulador-tip-15mm-standard\/","og_site_name":"ULTRAWIDE GRAFFITI SHOP","article_modified_time":"2023-10-17T09:43:24+00:00","og_image":[{"width":490,"height":490,"url":"https:\/\/dev4.devmitsinformatica.com\/wp-content\/uploads\/2016\/09\/punta-recambio-rotulador-15mm.jpg","type":"image\/jpeg"}],"twitter_card":"summary_large_image","twitter_misc":{"Est. reading time":"1 minute"},"schema":{"@context":"https:\/\/schema.org","@graph":[{"@type":"WebPage","@id":"https:\/\/dev4.devmitsinformatica.com\/en\/shop\/graffiti-rotulador-shop-barcelona\/graffiti-puntas-shop-barcelona\/montana-black-rotulador-tip-15mm-standard\/","url":"https:\/\/dev4.devmitsinformatica.com\/en\/shop\/graffiti-rotulador-shop-barcelona\/graffiti-puntas-shop-barcelona\/montana-black-rotulador-tip-15mm-standard\/","name":"montana punta rotulador 15mm standard recambio","isPartOf":{"@id":"https:\/\/dev4.devmitsinformatica.com\/en\/#website"},"primaryImageOfPage":{"@id":"https:\/\/dev4.devmitsinformatica.com\/en\/shop\/graffiti-rotulador-shop-barcelona\/graffiti-puntas-shop-barcelona\/montana-black-rotulador-tip-15mm-standard\/#primaryimage"},"image":{"@id":"https:\/\/dev4.devmitsinformatica.com\/en\/shop\/graffiti-rotulador-shop-barcelona\/graffiti-puntas-shop-barcelona\/montana-black-rotulador-tip-15mm-standard\/#primaryimage"},"thumbnailUrl":"https:\/\/dev4.devmitsinformatica.com\/wp-content\/uploads\/2016\/09\/punta-recambio-rotulador-15mm.jpg","datePublished":"2016-09-01T20:17:10+00:00","dateModified":"2023-10-17T09:43:24+00:00","description":"graffiti shop barcelona? materiales bellas artes barcelona? barniz de montana? tienda para arte en barcelona. barniz de montana? montana cans barcelona anden group.","breadcrumb":{"@id":"https:\/\/dev4.devmitsinformatica.com\/en\/shop\/graffiti-rotulador-shop-barcelona\/graffiti-puntas-shop-barcelona\/montana-black-rotulador-tip-15mm-standard\/#breadcrumb"},"inLanguage":"en-US","potentialAction":[{"@type":"ReadAction","target":["https:\/\/dev4.devmitsinformatica.com\/en\/shop\/graffiti-rotulador-shop-barcelona\/graffiti-puntas-shop-barcelona\/montana-black-rotulador-tip-15mm-standard\/"]}]},{"@type":"ImageObject","inLanguage":"en-US","@id":"https:\/\/dev4.devmitsinformatica.com\/en\/shop\/graffiti-rotulador-shop-barcelona\/graffiti-puntas-shop-barcelona\/montana-black-rotulador-tip-15mm-standard\/#primaryimage","url":"https:\/\/dev4.devmitsinformatica.com\/wp-content\/uploads\/2016\/09\/punta-recambio-rotulador-15mm.jpg","contentUrl":"https:\/\/dev4.devmitsinformatica.com\/wp-content\/uploads\/2016\/09\/punta-recambio-rotulador-15mm.jpg","width":490,"height":490,"caption":"replacement tip 15mm montana marker"},{"@type":"BreadcrumbList","@id":"https:\/\/dev4.devmitsinformatica.com\/en\/shop\/graffiti-rotulador-shop-barcelona\/graffiti-puntas-shop-barcelona\/montana-black-rotulador-tip-15mm-standard\/#breadcrumb","itemListElement":[{"@type":"ListItem","position":1,"name":"Home","item":"https:\/\/dev4.devmitsinformatica.com\/en\/"},{"@type":"ListItem","position":2,"name":"Store","item":"https:\/\/dev4.devmitsinformatica.com\/?page_id=38"},{"@type":"ListItem","position":3,"name":"Punta rotulador 15mm Montana Black"}]},{"@type":"WebSite","@id":"https:\/\/dev4.devmitsinformatica.com\/en\/#website","url":"https:\/\/dev4.devmitsinformatica.com\/en\/","name":"ULTRAWIDE GRAFFITI SHOP","description":"SPRAY GRAFFITI SHOP CAPS Y ROTULADORES","publisher":{"@id":"https:\/\/dev4.devmitsinformatica.com\/en\/#organization"},"potentialAction":[{"@type":"SearchAction","target":{"@type":"EntryPoint","urlTemplate":"https:\/\/dev4.devmitsinformatica.com\/en\/?s={search_term_string}"},"query-input":{"@type":"PropertyValueSpecification","valueRequired":true,"valueName":"search_term_string"}}],"inLanguage":"en-US"},{"@type":"Organization","@id":"https:\/\/dev4.devmitsinformatica.com\/en\/#organization","name":"ANDEN Graffiti Shop Barcelona","url":"https:\/\/dev4.devmitsinformatica.com\/en\/","logo":{"@type":"ImageObject","inLanguage":"en-US","@id":"https:\/\/dev4.devmitsinformatica.com\/en\/#\/schema\/logo\/image\/","url":"https:\/\/dev4.devmitsinformatica.com\/wp-content\/uploads\/2016\/11\/graffiti-gallery-barcelona.png","contentUrl":"https:\/\/dev4.devmitsinformatica.com\/wp-content\/uploads\/2016\/11\/graffiti-gallery-barcelona.png","width":386,"height":150,"caption":"ANDEN Graffiti Shop Barcelona"},"image":{"@id":"https:\/\/dev4.devmitsinformatica.com\/en\/#\/schema\/logo\/image\/"}}]}},"_links":{"self":[{"href":"https:\/\/dev4.devmitsinformatica.com\/en\/wp-json\/wp\/v2\/product\/2218","targetHints":{"allow":["GET"]}}],"collection":[{"href":"https:\/\/dev4.devmitsinformatica.com\/en\/wp-json\/wp\/v2\/product"}],"about":[{"href":"https:\/\/dev4.devmitsinformatica.com\/en\/wp-json\/wp\/v2\/types\/product"}],"replies":[{"embeddable":true,"href":"https:\/\/dev4.devmitsinformatica.com\/en\/wp-json\/wp\/v2\/comments?post=2218"}],"version-history":[{"count":0,"href":"https:\/\/dev4.devmitsinformatica.com\/en\/wp-json\/wp\/v2\/product\/2218\/revisions"}],"wp:featuredmedia":[{"embeddable":true,"href":"https:\/\/dev4.devmitsinformatica.com\/en\/wp-json\/wp\/v2\/media\/5770"}],"wp:attachment":[{"href":"https:\/\/dev4.devmitsinformatica.com\/en\/wp-json\/wp\/v2\/media?parent=2218"}],"wp:term":[{"taxonomy":"product_brand","embeddable":true,"href":"https:\/\/dev4.devmitsinformatica.com\/en\/wp-json\/wp\/v2\/product_brand?post=2218"},{"taxonomy":"product_cat","embeddable":true,"href":"https:\/\/dev4.devmitsinformatica.com\/en\/wp-json\/wp\/v2\/product_cat?post=2218"},{"taxonomy":"product_tag","embeddable":true,"href":"https:\/\/dev4.devmitsinformatica.com\/en\/wp-json\/wp\/v2\/product_tag?post=2218"}],"curies":[{"name":"wp","href":"https:\/\/api.w.org\/{rel}","templated":true}]}}