{"id":2219,"date":"2016-09-01T20:17:10","date_gmt":"2016-09-01T20:17:10","guid":{"rendered":"http:\/\/spraygraffiti.com\/index.php\/product\/montana-black-rotulador-tip-18mm-crusher\/"},"modified":"2023-10-17T09:42:26","modified_gmt":"2023-10-17T09:42:26","slug":"montana-black-rotulador-tip-18mm-crusher","status":"publish","type":"product","link":"https:\/\/dev4.devmitsinformatica.com\/en\/shop\/graffiti-rotulador-shop-barcelona\/graffiti-puntas-shop-barcelona\/montana-black-rotulador-tip-18mm-crusher\/","title":{"rendered":"Puntas Montana Crusher 18mm"},"content":{"rendered":"<h1><span style=\"text-decoration: underline;\">Puntas Montana Crusher 18mm<\/span><\/h1>\n<p>Puntas Montana Crusher 18mm. Paquete de 2 piezas de recambio de puntas de pelo para Squeezer Montana Crusher 18mm.<\/p>\n<p>Recambio Montana Crusher, puntas crusher 18mm, puntas squeezer pelo, puntas 18mm redondas.<\/p>\n<p><strong>Recambio de puntas de rotulador Squeezer<\/strong>, las puntas Montana Crusher 18mm se presentan en un paquete de puntas de pelo mohair, redondas. Alarga la vida\u00fatil de tu squeezer vac\u00edo con el juego de puntas de recambio para rotulador que te ofrece Montana Cans. Los rotuladores vac\u00edos de montana son pioneros en el sistema de sistema de recarga y reposici\u00f3n de puntas del mercado. La marca mas fiable y expandida de Sprays Montana Cans de Alemania ha desarrollado diferentes marcadores, rotuladores y squeezers de diferentes tama\u00f1os y medidas para cubrir las necesidades de todo writer y profesional de las bellas artes. Este juego de 2 Puntas Montana Crusher 18mm, te permitir\u00e1 trabajar sin preocupaciones con el Montana Crusher , cambiando su punta cuando se encuentre erosionada o en mal estado. Un set de puntas para conseguir trazos uniformes y redondeados o efectos de chorreo gracias al dep\u00f3sito de pl\u00e1stico semi r\u00edgido del Montana Crusher. Buscas puntas de recambio para rotulador? Ultrawide tiene puntas de recambio para rotulador de diferentes medidas.<\/p>\n","protected":false},"excerpt":{"rendered":"<p>Puntas Montana Crusher 18mm. Paquete de 2 piezas de recambio de puntas de pelo para Squeezer Montana Crusher 18mm.<\/p>\n","protected":false},"featured_media":5771,"comment_status":"closed","ping_status":"closed","template":"","meta":{"site-sidebar-layout":"default","site-content-layout":"","ast-site-content-layout":"default","site-content-style":"default","site-sidebar-style":"default","ast-global-header-display":"","ast-banner-title-visibility":"","ast-main-header-display":"","ast-hfb-above-header-display":"","ast-hfb-below-header-display":"","ast-hfb-mobile-header-display":"","site-post-title":"","ast-breadcrumbs-content":"","ast-featured-img":"","footer-sml-layout":"","ast-disable-related-posts":"","theme-transparent-header-meta":"","adv-header-id-meta":"","stick-header-meta":"","header-above-stick-meta":"","header-main-stick-meta":"","header-below-stick-meta":"","astra-migrate-meta-layouts":"default","ast-page-background-enabled":"default","ast-page-background-meta":{"desktop":{"background-color":"","background-image":"","background-repeat":"repeat","background-position":"center center","background-size":"auto","background-attachment":"scroll","background-type":"","background-media":"","overlay-type":"","overlay-color":"","overlay-opacity":"","overlay-gradient":""},"tablet":{"background-color":"","background-image":"","background-repeat":"repeat","background-position":"center center","background-size":"auto","background-attachment":"scroll","background-type":"","background-media":"","overlay-type":"","overlay-color":"","overlay-opacity":"","overlay-gradient":""},"mobile":{"background-color":"","background-image":"","background-repeat":"repeat","background-position":"center center","background-size":"auto","background-attachment":"scroll","background-type":"","background-media":"","overlay-type":"","overlay-color":"","overlay-opacity":"","overlay-gradient":""}},"ast-content-background-meta":{"desktop":{"background-color":"var(--ast-global-color-5)","background-image":"","background-repeat":"repeat","background-position":"center center","background-size":"auto","background-attachment":"scroll","background-type":"","background-media":"","overlay-type":"","overlay-color":"","overlay-opacity":"","overlay-gradient":""},"tablet":{"background-color":"var(--ast-global-color-5)","background-image":"","background-repeat":"repeat","background-position":"center center","background-size":"auto","background-attachment":"scroll","background-type":"","background-media":"","overlay-type":"","overlay-color":"","overlay-opacity":"","overlay-gradient":""},"mobile":{"background-color":"var(--ast-global-color-5)","background-image":"","background-repeat":"repeat","background-position":"center center","background-size":"auto","background-attachment":"scroll","background-type":"","background-media":"","overlay-type":"","overlay-color":"","overlay-opacity":"","overlay-gradient":""}}},"product_brand":[],"product_cat":[7,978,2519],"product_tag":[1721,1719,3866,1019,2536,2539,2868,3867,3863,3868,3862,3865,2459,2535,2537,3864,2538,2491,2504,3869],"class_list":{"0":"post-2219","1":"product","2":"type-product","3":"status-publish","4":"has-post-thumbnail","6":"product_cat-graffiti-rotulador-shop-barcelona","7":"product_cat-graffiti-puntas-shop-barcelona","8":"product_cat-puntas-montana-black","9":"product_tag-coches-acrilico-rotuladores","10":"product_tag-comprar-acrilico-rotuladores","11":"product_tag-comprar-puntas-de-rotulador","12":"product_tag-montana","13":"product_tag-puntas-18mm-pelo","14":"product_tag-puntas-de-18mm-para-montana","15":"product_tag-puntas-de-recambio","16":"product_tag-puntas-de-recambio-montana","17":"product_tag-puntas-de-repuesto","18":"product_tag-puntas-rotulador-baratas","19":"product_tag-puntas-rotuladores-acrilicos","20":"product_tag-puntas-rotuladores-recambio","21":"product_tag-puntas-squeezer","22":"product_tag-recambio-punta-squeezer","23":"product_tag-recambio-puntas-chorreo","24":"product_tag-recambio-puntas-rotuladores","25":"product_tag-recambio-squeezer","26":"product_tag-repuesto-de-puntas","27":"product_tag-repuesto-puntas-montana","28":"product_tag-rotulador-coches-vacio","29":"desktop-align-left","30":"tablet-align-left","31":"mobile-align-left","33":"first","34":"instock","35":"purchasable","36":"product-type-simple"},"yoast_head":"<!-- This site is optimized with the Yoast SEO plugin v27.0 - https:\/\/yoast.com\/product\/yoast-seo-wordpress\/ -->\n<title>Puntas Montana Crusher 18mm. Ultrawide Graffiti Shop<\/title>\n<meta name=\"description\" content=\"tienda para arte en barcelona. barniz de montana? montana cans barcelona, rotuladores para arte? tienda graffit Barcelona\" \/>\n<meta name=\"robots\" content=\"index, follow, max-snippet:-1, max-image-preview:large, max-video-preview:-1\" \/>\n<link rel=\"canonical\" href=\"https:\/\/dev4.devmitsinformatica.com\/en\/shop\/graffiti-rotulador-shop-barcelona\/graffiti-puntas-shop-barcelona\/montana-black-rotulador-tip-18mm-crusher\/\" \/>\n<meta property=\"og:locale\" content=\"en_US\" \/>\n<meta property=\"og:type\" content=\"article\" \/>\n<meta property=\"og:title\" content=\"Puntas Montana Crusher 18mm. Ultrawide Graffiti Shop\" \/>\n<meta property=\"og:description\" content=\"tienda para arte en barcelona. barniz de montana? montana cans barcelona, rotuladores para arte? tienda graffit Barcelona\" \/>\n<meta property=\"og:url\" content=\"https:\/\/dev4.devmitsinformatica.com\/en\/shop\/graffiti-rotulador-shop-barcelona\/graffiti-puntas-shop-barcelona\/montana-black-rotulador-tip-18mm-crusher\/\" \/>\n<meta property=\"og:site_name\" content=\"ULTRAWIDE GRAFFITI SHOP\" \/>\n<meta property=\"article:modified_time\" content=\"2023-10-17T09:42:26+00:00\" \/>\n<meta property=\"og:image\" content=\"https:\/\/dev4.devmitsinformatica.com\/wp-content\/uploads\/2016\/09\/puntas-squeezer-18mm.jpg\" \/>\n\t<meta property=\"og:image:width\" content=\"490\" \/>\n\t<meta property=\"og:image:height\" content=\"490\" \/>\n\t<meta property=\"og:image:type\" content=\"image\/jpeg\" \/>\n<meta name=\"twitter:card\" content=\"summary_large_image\" \/>\n<meta name=\"twitter:label1\" content=\"Est. reading time\" \/>\n\t<meta name=\"twitter:data1\" content=\"1 minute\" \/>\n<script type=\"application\/ld+json\" class=\"yoast-schema-graph\">{\"@context\":\"https:\/\/schema.org\",\"@graph\":[{\"@type\":\"WebPage\",\"@id\":\"https:\/\/dev4.devmitsinformatica.com\/en\/shop\/graffiti-rotulador-shop-barcelona\/graffiti-puntas-shop-barcelona\/montana-black-rotulador-tip-18mm-crusher\/\",\"url\":\"https:\/\/dev4.devmitsinformatica.com\/en\/shop\/graffiti-rotulador-shop-barcelona\/graffiti-puntas-shop-barcelona\/montana-black-rotulador-tip-18mm-crusher\/\",\"name\":\"Puntas Montana Crusher 18mm. Ultrawide Graffiti Shop\",\"isPartOf\":{\"@id\":\"https:\/\/dev4.devmitsinformatica.com\/en\/#website\"},\"primaryImageOfPage\":{\"@id\":\"https:\/\/dev4.devmitsinformatica.com\/en\/shop\/graffiti-rotulador-shop-barcelona\/graffiti-puntas-shop-barcelona\/montana-black-rotulador-tip-18mm-crusher\/#primaryimage\"},\"image\":{\"@id\":\"https:\/\/dev4.devmitsinformatica.com\/en\/shop\/graffiti-rotulador-shop-barcelona\/graffiti-puntas-shop-barcelona\/montana-black-rotulador-tip-18mm-crusher\/#primaryimage\"},\"thumbnailUrl\":\"https:\/\/dev4.devmitsinformatica.com\/wp-content\/uploads\/2016\/09\/puntas-squeezer-18mm.jpg\",\"datePublished\":\"2016-09-01T20:17:10+00:00\",\"dateModified\":\"2023-10-17T09:42:26+00:00\",\"description\":\"tienda para arte en barcelona. barniz de montana? montana cans barcelona, rotuladores para arte? tienda graffit Barcelona\",\"breadcrumb\":{\"@id\":\"https:\/\/dev4.devmitsinformatica.com\/en\/shop\/graffiti-rotulador-shop-barcelona\/graffiti-puntas-shop-barcelona\/montana-black-rotulador-tip-18mm-crusher\/#breadcrumb\"},\"inLanguage\":\"en-US\",\"potentialAction\":[{\"@type\":\"ReadAction\",\"target\":[\"https:\/\/dev4.devmitsinformatica.com\/en\/shop\/graffiti-rotulador-shop-barcelona\/graffiti-puntas-shop-barcelona\/montana-black-rotulador-tip-18mm-crusher\/\"]}]},{\"@type\":\"ImageObject\",\"inLanguage\":\"en-US\",\"@id\":\"https:\/\/dev4.devmitsinformatica.com\/en\/shop\/graffiti-rotulador-shop-barcelona\/graffiti-puntas-shop-barcelona\/montana-black-rotulador-tip-18mm-crusher\/#primaryimage\",\"url\":\"https:\/\/dev4.devmitsinformatica.com\/wp-content\/uploads\/2016\/09\/puntas-squeezer-18mm.jpg\",\"contentUrl\":\"https:\/\/dev4.devmitsinformatica.com\/wp-content\/uploads\/2016\/09\/puntas-squeezer-18mm.jpg\",\"width\":490,\"height\":490,\"caption\":\"tips replacement for montana crusher\"},{\"@type\":\"BreadcrumbList\",\"@id\":\"https:\/\/dev4.devmitsinformatica.com\/en\/shop\/graffiti-rotulador-shop-barcelona\/graffiti-puntas-shop-barcelona\/montana-black-rotulador-tip-18mm-crusher\/#breadcrumb\",\"itemListElement\":[{\"@type\":\"ListItem\",\"position\":1,\"name\":\"Home\",\"item\":\"https:\/\/dev4.devmitsinformatica.com\/en\/\"},{\"@type\":\"ListItem\",\"position\":2,\"name\":\"Store\",\"item\":\"https:\/\/dev4.devmitsinformatica.com\/?page_id=38\"},{\"@type\":\"ListItem\",\"position\":3,\"name\":\"Puntas Montana Crusher 18mm\"}]},{\"@type\":\"WebSite\",\"@id\":\"https:\/\/dev4.devmitsinformatica.com\/en\/#website\",\"url\":\"https:\/\/dev4.devmitsinformatica.com\/en\/\",\"name\":\"ULTRAWIDE GRAFFITI SHOP\",\"description\":\"SPRAY GRAFFITI SHOP CAPS Y ROTULADORES\",\"publisher\":{\"@id\":\"https:\/\/dev4.devmitsinformatica.com\/en\/#organization\"},\"potentialAction\":[{\"@type\":\"SearchAction\",\"target\":{\"@type\":\"EntryPoint\",\"urlTemplate\":\"https:\/\/dev4.devmitsinformatica.com\/en\/?s={search_term_string}\"},\"query-input\":{\"@type\":\"PropertyValueSpecification\",\"valueRequired\":true,\"valueName\":\"search_term_string\"}}],\"inLanguage\":\"en-US\"},{\"@type\":\"Organization\",\"@id\":\"https:\/\/dev4.devmitsinformatica.com\/en\/#organization\",\"name\":\"ANDEN Graffiti Shop Barcelona\",\"url\":\"https:\/\/dev4.devmitsinformatica.com\/en\/\",\"logo\":{\"@type\":\"ImageObject\",\"inLanguage\":\"en-US\",\"@id\":\"https:\/\/dev4.devmitsinformatica.com\/en\/#\/schema\/logo\/image\/\",\"url\":\"https:\/\/dev4.devmitsinformatica.com\/wp-content\/uploads\/2016\/11\/graffiti-gallery-barcelona.png\",\"contentUrl\":\"https:\/\/dev4.devmitsinformatica.com\/wp-content\/uploads\/2016\/11\/graffiti-gallery-barcelona.png\",\"width\":386,\"height\":150,\"caption\":\"ANDEN Graffiti Shop Barcelona\"},\"image\":{\"@id\":\"https:\/\/dev4.devmitsinformatica.com\/en\/#\/schema\/logo\/image\/\"}}]}<\/script>\n<!-- \/ Yoast SEO plugin. -->","yoast_head_json":{"title":"Puntas Montana Crusher 18mm. Ultrawide Graffiti Shop","description":"tienda para arte en barcelona. barniz de montana? montana cans barcelona, rotuladores para arte? tienda graffit Barcelona","robots":{"index":"index","follow":"follow","max-snippet":"max-snippet:-1","max-image-preview":"max-image-preview:large","max-video-preview":"max-video-preview:-1"},"canonical":"https:\/\/dev4.devmitsinformatica.com\/en\/shop\/graffiti-rotulador-shop-barcelona\/graffiti-puntas-shop-barcelona\/montana-black-rotulador-tip-18mm-crusher\/","og_locale":"en_US","og_type":"article","og_title":"Puntas Montana Crusher 18mm. Ultrawide Graffiti Shop","og_description":"tienda para arte en barcelona. barniz de montana? montana cans barcelona, rotuladores para arte? tienda graffit Barcelona","og_url":"https:\/\/dev4.devmitsinformatica.com\/en\/shop\/graffiti-rotulador-shop-barcelona\/graffiti-puntas-shop-barcelona\/montana-black-rotulador-tip-18mm-crusher\/","og_site_name":"ULTRAWIDE GRAFFITI SHOP","article_modified_time":"2023-10-17T09:42:26+00:00","og_image":[{"width":490,"height":490,"url":"https:\/\/dev4.devmitsinformatica.com\/wp-content\/uploads\/2016\/09\/puntas-squeezer-18mm.jpg","type":"image\/jpeg"}],"twitter_card":"summary_large_image","twitter_misc":{"Est. reading time":"1 minute"},"schema":{"@context":"https:\/\/schema.org","@graph":[{"@type":"WebPage","@id":"https:\/\/dev4.devmitsinformatica.com\/en\/shop\/graffiti-rotulador-shop-barcelona\/graffiti-puntas-shop-barcelona\/montana-black-rotulador-tip-18mm-crusher\/","url":"https:\/\/dev4.devmitsinformatica.com\/en\/shop\/graffiti-rotulador-shop-barcelona\/graffiti-puntas-shop-barcelona\/montana-black-rotulador-tip-18mm-crusher\/","name":"Puntas Montana Crusher 18mm. Ultrawide Graffiti Shop","isPartOf":{"@id":"https:\/\/dev4.devmitsinformatica.com\/en\/#website"},"primaryImageOfPage":{"@id":"https:\/\/dev4.devmitsinformatica.com\/en\/shop\/graffiti-rotulador-shop-barcelona\/graffiti-puntas-shop-barcelona\/montana-black-rotulador-tip-18mm-crusher\/#primaryimage"},"image":{"@id":"https:\/\/dev4.devmitsinformatica.com\/en\/shop\/graffiti-rotulador-shop-barcelona\/graffiti-puntas-shop-barcelona\/montana-black-rotulador-tip-18mm-crusher\/#primaryimage"},"thumbnailUrl":"https:\/\/dev4.devmitsinformatica.com\/wp-content\/uploads\/2016\/09\/puntas-squeezer-18mm.jpg","datePublished":"2016-09-01T20:17:10+00:00","dateModified":"2023-10-17T09:42:26+00:00","description":"tienda para arte en barcelona. barniz de montana? montana cans barcelona, rotuladores para arte? tienda graffit Barcelona","breadcrumb":{"@id":"https:\/\/dev4.devmitsinformatica.com\/en\/shop\/graffiti-rotulador-shop-barcelona\/graffiti-puntas-shop-barcelona\/montana-black-rotulador-tip-18mm-crusher\/#breadcrumb"},"inLanguage":"en-US","potentialAction":[{"@type":"ReadAction","target":["https:\/\/dev4.devmitsinformatica.com\/en\/shop\/graffiti-rotulador-shop-barcelona\/graffiti-puntas-shop-barcelona\/montana-black-rotulador-tip-18mm-crusher\/"]}]},{"@type":"ImageObject","inLanguage":"en-US","@id":"https:\/\/dev4.devmitsinformatica.com\/en\/shop\/graffiti-rotulador-shop-barcelona\/graffiti-puntas-shop-barcelona\/montana-black-rotulador-tip-18mm-crusher\/#primaryimage","url":"https:\/\/dev4.devmitsinformatica.com\/wp-content\/uploads\/2016\/09\/puntas-squeezer-18mm.jpg","contentUrl":"https:\/\/dev4.devmitsinformatica.com\/wp-content\/uploads\/2016\/09\/puntas-squeezer-18mm.jpg","width":490,"height":490,"caption":"tips replacement for montana crusher"},{"@type":"BreadcrumbList","@id":"https:\/\/dev4.devmitsinformatica.com\/en\/shop\/graffiti-rotulador-shop-barcelona\/graffiti-puntas-shop-barcelona\/montana-black-rotulador-tip-18mm-crusher\/#breadcrumb","itemListElement":[{"@type":"ListItem","position":1,"name":"Home","item":"https:\/\/dev4.devmitsinformatica.com\/en\/"},{"@type":"ListItem","position":2,"name":"Store","item":"https:\/\/dev4.devmitsinformatica.com\/?page_id=38"},{"@type":"ListItem","position":3,"name":"Puntas Montana Crusher 18mm"}]},{"@type":"WebSite","@id":"https:\/\/dev4.devmitsinformatica.com\/en\/#website","url":"https:\/\/dev4.devmitsinformatica.com\/en\/","name":"ULTRAWIDE GRAFFITI SHOP","description":"SPRAY GRAFFITI SHOP CAPS Y ROTULADORES","publisher":{"@id":"https:\/\/dev4.devmitsinformatica.com\/en\/#organization"},"potentialAction":[{"@type":"SearchAction","target":{"@type":"EntryPoint","urlTemplate":"https:\/\/dev4.devmitsinformatica.com\/en\/?s={search_term_string}"},"query-input":{"@type":"PropertyValueSpecification","valueRequired":true,"valueName":"search_term_string"}}],"inLanguage":"en-US"},{"@type":"Organization","@id":"https:\/\/dev4.devmitsinformatica.com\/en\/#organization","name":"ANDEN Graffiti Shop Barcelona","url":"https:\/\/dev4.devmitsinformatica.com\/en\/","logo":{"@type":"ImageObject","inLanguage":"en-US","@id":"https:\/\/dev4.devmitsinformatica.com\/en\/#\/schema\/logo\/image\/","url":"https:\/\/dev4.devmitsinformatica.com\/wp-content\/uploads\/2016\/11\/graffiti-gallery-barcelona.png","contentUrl":"https:\/\/dev4.devmitsinformatica.com\/wp-content\/uploads\/2016\/11\/graffiti-gallery-barcelona.png","width":386,"height":150,"caption":"ANDEN Graffiti Shop Barcelona"},"image":{"@id":"https:\/\/dev4.devmitsinformatica.com\/en\/#\/schema\/logo\/image\/"}}]}},"_links":{"self":[{"href":"https:\/\/dev4.devmitsinformatica.com\/en\/wp-json\/wp\/v2\/product\/2219","targetHints":{"allow":["GET"]}}],"collection":[{"href":"https:\/\/dev4.devmitsinformatica.com\/en\/wp-json\/wp\/v2\/product"}],"about":[{"href":"https:\/\/dev4.devmitsinformatica.com\/en\/wp-json\/wp\/v2\/types\/product"}],"replies":[{"embeddable":true,"href":"https:\/\/dev4.devmitsinformatica.com\/en\/wp-json\/wp\/v2\/comments?post=2219"}],"version-history":[{"count":0,"href":"https:\/\/dev4.devmitsinformatica.com\/en\/wp-json\/wp\/v2\/product\/2219\/revisions"}],"wp:featuredmedia":[{"embeddable":true,"href":"https:\/\/dev4.devmitsinformatica.com\/en\/wp-json\/wp\/v2\/media\/5771"}],"wp:attachment":[{"href":"https:\/\/dev4.devmitsinformatica.com\/en\/wp-json\/wp\/v2\/media?parent=2219"}],"wp:term":[{"taxonomy":"product_brand","embeddable":true,"href":"https:\/\/dev4.devmitsinformatica.com\/en\/wp-json\/wp\/v2\/product_brand?post=2219"},{"taxonomy":"product_cat","embeddable":true,"href":"https:\/\/dev4.devmitsinformatica.com\/en\/wp-json\/wp\/v2\/product_cat?post=2219"},{"taxonomy":"product_tag","embeddable":true,"href":"https:\/\/dev4.devmitsinformatica.com\/en\/wp-json\/wp\/v2\/product_tag?post=2219"}],"curies":[{"name":"wp","href":"https:\/\/api.w.org\/{rel}","templated":true}]}}