{"id":2226,"date":"2016-09-01T20:17:10","date_gmt":"2016-09-01T20:17:10","guid":{"rendered":"http:\/\/spraygraffiti.com\/index.php\/product\/montana-sketchliner-08mm\/"},"modified":"2023-10-17T09:34:05","modified_gmt":"2023-10-17T09:34:05","slug":"montana-sketchliner-08mm","status":"publish","type":"product","link":"https:\/\/dev4.devmitsinformatica.com\/en\/shop\/graffiti-rotulador-shop-barcelona\/calibrados-sketch\/montana-sketchliner-08mm\/","title":{"rendered":"Montana Sketchliner 0,8mm"},"content":{"rendered":"<h1><span style=\"text-decoration: underline;\">Montana Sketchliner 0,8mm<\/span><\/h1>\n<p>Los rotuladores Sketchliner de Montana est\u00e1n ideados para escribir o dibujar en papel o sustratos lisos similares. Tinta de alcohol, secado r\u00e1pido, resistente al agua e incluso compatible con los marcadores Montana acr\u00edlico. Las puntas son robustas y resistentes a las roturas. 0,8mm.<\/p>\n<p>Rotulador calibrado de punta fina, 0,8mm de punta para afinar en los detalles de tus dibujos. Los rotuladores calibrados de\u00a0Montana Cans, te ofrecen\u00a0 6 tama\u00f1os de punta diferente para cada ocasi\u00f3n. Utiliza tus montana acrylic markers combinandolos con tus sketchliner de Montana para conseguir los mejores acabados en tus dibujos o bocetos. El<strong>\u00a0Montana Sketchliner 0,8mm<\/strong> y el resto de la serie Sketch son perfectamente compatibles con rotuladores base alcohol tipo twin markers y muy adecuados para el profesional del dibujo tipo c\u00f3mic, manga, dise\u00f1o, etc\u2026<\/p>\n<p>Realiza tus dibujos en blanco y negro con tus <em><strong>montana sketchliner calibrados<\/strong><\/em> o utilizalos junto a cualquier marcador de dibujo para trazos y detalles. Buscas rotuladores calibrados? Ultrawide tiene rotuladores calibrados\u00a0montana cans\u00a0y materiales para dibujo y bellas artes. Compra ahora en nuestra\u00a0graffiti shop\u00a0online\u00a0y recibe tu Montana Sketchliner en tu domicilio o visitanos en nuestra\u00a0tienda\u00a0y descubre todos los productos y medidas de rotuladores calibrados.<\/p>\n<p>&nbsp;<\/p>\n<p>Rotulador 0,8mm, rotulador sketch, rotulador dibujo, rotulador tipo rotring<\/p>\n","protected":false},"excerpt":{"rendered":"<p>Los rotuladores Sketchliner de Montana est\u00e1n ideados para escribir o dibujar en papel o sustratos lisos similares. Tinta de alcohol, secado r\u00e1pido, resistente al agua e incluso compatible con los marcadores Montana acr\u00edlico. Las puntas son robustas y resistentes a las roturas. 0,8mm<\/p>\n","protected":false},"featured_media":5781,"comment_status":"closed","ping_status":"closed","template":"","meta":{"site-sidebar-layout":"default","site-content-layout":"","ast-site-content-layout":"default","site-content-style":"default","site-sidebar-style":"default","ast-global-header-display":"","ast-banner-title-visibility":"","ast-main-header-display":"","ast-hfb-above-header-display":"","ast-hfb-below-header-display":"","ast-hfb-mobile-header-display":"","site-post-title":"","ast-breadcrumbs-content":"","ast-featured-img":"","footer-sml-layout":"","ast-disable-related-posts":"","theme-transparent-header-meta":"","adv-header-id-meta":"","stick-header-meta":"","header-above-stick-meta":"","header-main-stick-meta":"","header-below-stick-meta":"","astra-migrate-meta-layouts":"default","ast-page-background-enabled":"default","ast-page-background-meta":{"desktop":{"background-color":"","background-image":"","background-repeat":"repeat","background-position":"center center","background-size":"auto","background-attachment":"scroll","background-type":"","background-media":"","overlay-type":"","overlay-color":"","overlay-opacity":"","overlay-gradient":""},"tablet":{"background-color":"","background-image":"","background-repeat":"repeat","background-position":"center center","background-size":"auto","background-attachment":"scroll","background-type":"","background-media":"","overlay-type":"","overlay-color":"","overlay-opacity":"","overlay-gradient":""},"mobile":{"background-color":"","background-image":"","background-repeat":"repeat","background-position":"center center","background-size":"auto","background-attachment":"scroll","background-type":"","background-media":"","overlay-type":"","overlay-color":"","overlay-opacity":"","overlay-gradient":""}},"ast-content-background-meta":{"desktop":{"background-color":"var(--ast-global-color-5)","background-image":"","background-repeat":"repeat","background-position":"center center","background-size":"auto","background-attachment":"scroll","background-type":"","background-media":"","overlay-type":"","overlay-color":"","overlay-opacity":"","overlay-gradient":""},"tablet":{"background-color":"var(--ast-global-color-5)","background-image":"","background-repeat":"repeat","background-position":"center center","background-size":"auto","background-attachment":"scroll","background-type":"","background-media":"","overlay-type":"","overlay-color":"","overlay-opacity":"","overlay-gradient":""},"mobile":{"background-color":"var(--ast-global-color-5)","background-image":"","background-repeat":"repeat","background-position":"center center","background-size":"auto","background-attachment":"scroll","background-type":"","background-media":"","overlay-type":"","overlay-color":"","overlay-opacity":"","overlay-gradient":""}}},"product_brand":[],"product_cat":[7,979],"product_tag":[2573,2571,3891,3897,3890,3898,1775,1777,1019,3895,3892,3894,1769,3889,1770,1771,3893,3896,2744,2570],"class_list":{"0":"post-2226","1":"product","2":"type-product","3":"status-publish","4":"has-post-thumbnail","6":"product_cat-graffiti-rotulador-shop-barcelona","7":"product_cat-calibrados-sketch","8":"product_tag-2573","9":"product_tag-8mm","10":"product_tag-8mm-rotulador-sketch","11":"product_tag-blackliner","12":"product_tag-calibrado-negro-barato","13":"product_tag-comprar-rotulador-sketch","14":"product_tag-marker-negro-barato","15":"product_tag-marker-negro-precio","16":"product_tag-montana","17":"product_tag-punta-fina-dibujo","18":"product_tag-rotulador-calibrado-comprar","19":"product_tag-rotulador-dibujo-calibrado","20":"product_tag-rotulador-negro-barato","21":"product_tag-rotulador-negro-calibrado","22":"product_tag-rotulador-negro-comprar","23":"product_tag-rotulador-negro-precio","24":"product_tag-rotulador-sketch-comprar","25":"product_tag-rotuladores-punta-fina","26":"product_tag-sketchliner","27":"product_tag-sketchliner-0","28":"desktop-align-left","29":"tablet-align-left","30":"mobile-align-left","32":"first","33":"instock","34":"purchasable","35":"product-type-simple"},"yoast_head":"<!-- This site is optimized with the Yoast SEO plugin v27.0 - https:\/\/yoast.com\/product\/yoast-seo-wordpress\/ -->\n<title>Montana Sketchliner 0,8mm Ultrawide Graffiti Shop Barcelona<\/title>\n<meta name=\"description\" content=\"barniz de montana? spray para coches? online tienda para sprays de montana cans espana. materiales bellas artes barcelona? tienda bellas artes online. graffiti?\" \/>\n<meta name=\"robots\" content=\"index, follow, max-snippet:-1, max-image-preview:large, max-video-preview:-1\" \/>\n<link rel=\"canonical\" href=\"https:\/\/dev4.devmitsinformatica.com\/en\/shop\/graffiti-rotulador-shop-barcelona\/calibrados-sketch\/montana-sketchliner-08mm\/\" \/>\n<meta property=\"og:locale\" content=\"en_US\" \/>\n<meta property=\"og:type\" content=\"article\" \/>\n<meta property=\"og:title\" content=\"Montana Sketchliner 0,8mm Ultrawide Graffiti Shop Barcelona\" \/>\n<meta property=\"og:description\" content=\"barniz de montana? spray para coches? online tienda para sprays de montana cans espana. materiales bellas artes barcelona? tienda bellas artes online. graffiti?\" \/>\n<meta property=\"og:url\" content=\"https:\/\/dev4.devmitsinformatica.com\/en\/shop\/graffiti-rotulador-shop-barcelona\/calibrados-sketch\/montana-sketchliner-08mm\/\" \/>\n<meta property=\"og:site_name\" content=\"ULTRAWIDE GRAFFITI SHOP\" \/>\n<meta property=\"article:modified_time\" content=\"2023-10-17T09:34:05+00:00\" \/>\n<meta property=\"og:image\" content=\"https:\/\/dev4.devmitsinformatica.com\/wp-content\/uploads\/2016\/09\/montana-sketchliner-08mm.jpg\" \/>\n\t<meta property=\"og:image:width\" content=\"940\" \/>\n\t<meta property=\"og:image:height\" content=\"940\" \/>\n\t<meta property=\"og:image:type\" content=\"image\/jpeg\" \/>\n<meta name=\"twitter:card\" content=\"summary_large_image\" \/>\n<meta name=\"twitter:label1\" content=\"Est. reading time\" \/>\n\t<meta name=\"twitter:data1\" content=\"1 minute\" \/>\n<script type=\"application\/ld+json\" class=\"yoast-schema-graph\">{\"@context\":\"https:\/\/schema.org\",\"@graph\":[{\"@type\":\"WebPage\",\"@id\":\"https:\/\/dev4.devmitsinformatica.com\/en\/shop\/graffiti-rotulador-shop-barcelona\/calibrados-sketch\/montana-sketchliner-08mm\/\",\"url\":\"https:\/\/dev4.devmitsinformatica.com\/en\/shop\/graffiti-rotulador-shop-barcelona\/calibrados-sketch\/montana-sketchliner-08mm\/\",\"name\":\"Montana Sketchliner 0,8mm Ultrawide Graffiti Shop Barcelona\",\"isPartOf\":{\"@id\":\"https:\/\/dev4.devmitsinformatica.com\/en\/#website\"},\"primaryImageOfPage\":{\"@id\":\"https:\/\/dev4.devmitsinformatica.com\/en\/shop\/graffiti-rotulador-shop-barcelona\/calibrados-sketch\/montana-sketchliner-08mm\/#primaryimage\"},\"image\":{\"@id\":\"https:\/\/dev4.devmitsinformatica.com\/en\/shop\/graffiti-rotulador-shop-barcelona\/calibrados-sketch\/montana-sketchliner-08mm\/#primaryimage\"},\"thumbnailUrl\":\"https:\/\/dev4.devmitsinformatica.com\/wp-content\/uploads\/2016\/09\/montana-sketchliner-08mm.jpg\",\"datePublished\":\"2016-09-01T20:17:10+00:00\",\"dateModified\":\"2023-10-17T09:34:05+00:00\",\"description\":\"barniz de montana? spray para coches? online tienda para sprays de montana cans espana. materiales bellas artes barcelona? tienda bellas artes online. graffiti?\",\"breadcrumb\":{\"@id\":\"https:\/\/dev4.devmitsinformatica.com\/en\/shop\/graffiti-rotulador-shop-barcelona\/calibrados-sketch\/montana-sketchliner-08mm\/#breadcrumb\"},\"inLanguage\":\"en-US\",\"potentialAction\":[{\"@type\":\"ReadAction\",\"target\":[\"https:\/\/dev4.devmitsinformatica.com\/en\/shop\/graffiti-rotulador-shop-barcelona\/calibrados-sketch\/montana-sketchliner-08mm\/\"]}]},{\"@type\":\"ImageObject\",\"inLanguage\":\"en-US\",\"@id\":\"https:\/\/dev4.devmitsinformatica.com\/en\/shop\/graffiti-rotulador-shop-barcelona\/calibrados-sketch\/montana-sketchliner-08mm\/#primaryimage\",\"url\":\"https:\/\/dev4.devmitsinformatica.com\/wp-content\/uploads\/2016\/09\/montana-sketchliner-08mm.jpg\",\"contentUrl\":\"https:\/\/dev4.devmitsinformatica.com\/wp-content\/uploads\/2016\/09\/montana-sketchliner-08mm.jpg\",\"width\":940,\"height\":940,\"caption\":\"rotulador para bocetos de 0,8mm de punta. marcador profesional\"},{\"@type\":\"BreadcrumbList\",\"@id\":\"https:\/\/dev4.devmitsinformatica.com\/en\/shop\/graffiti-rotulador-shop-barcelona\/calibrados-sketch\/montana-sketchliner-08mm\/#breadcrumb\",\"itemListElement\":[{\"@type\":\"ListItem\",\"position\":1,\"name\":\"Home\",\"item\":\"https:\/\/dev4.devmitsinformatica.com\/en\/\"},{\"@type\":\"ListItem\",\"position\":2,\"name\":\"Store\",\"item\":\"https:\/\/dev4.devmitsinformatica.com\/?page_id=38\"},{\"@type\":\"ListItem\",\"position\":3,\"name\":\"Montana Sketchliner 0,8mm\"}]},{\"@type\":\"WebSite\",\"@id\":\"https:\/\/dev4.devmitsinformatica.com\/en\/#website\",\"url\":\"https:\/\/dev4.devmitsinformatica.com\/en\/\",\"name\":\"ULTRAWIDE GRAFFITI SHOP\",\"description\":\"SPRAY GRAFFITI SHOP CAPS Y ROTULADORES\",\"publisher\":{\"@id\":\"https:\/\/dev4.devmitsinformatica.com\/en\/#organization\"},\"potentialAction\":[{\"@type\":\"SearchAction\",\"target\":{\"@type\":\"EntryPoint\",\"urlTemplate\":\"https:\/\/dev4.devmitsinformatica.com\/en\/?s={search_term_string}\"},\"query-input\":{\"@type\":\"PropertyValueSpecification\",\"valueRequired\":true,\"valueName\":\"search_term_string\"}}],\"inLanguage\":\"en-US\"},{\"@type\":\"Organization\",\"@id\":\"https:\/\/dev4.devmitsinformatica.com\/en\/#organization\",\"name\":\"ANDEN Graffiti Shop Barcelona\",\"url\":\"https:\/\/dev4.devmitsinformatica.com\/en\/\",\"logo\":{\"@type\":\"ImageObject\",\"inLanguage\":\"en-US\",\"@id\":\"https:\/\/dev4.devmitsinformatica.com\/en\/#\/schema\/logo\/image\/\",\"url\":\"https:\/\/dev4.devmitsinformatica.com\/wp-content\/uploads\/2016\/11\/graffiti-gallery-barcelona.png\",\"contentUrl\":\"https:\/\/dev4.devmitsinformatica.com\/wp-content\/uploads\/2016\/11\/graffiti-gallery-barcelona.png\",\"width\":386,\"height\":150,\"caption\":\"ANDEN Graffiti Shop Barcelona\"},\"image\":{\"@id\":\"https:\/\/dev4.devmitsinformatica.com\/en\/#\/schema\/logo\/image\/\"}}]}<\/script>\n<!-- \/ Yoast SEO plugin. -->","yoast_head_json":{"title":"Montana Sketchliner 0,8mm Ultrawide Graffiti Shop Barcelona","description":"barniz de montana? spray para coches? online tienda para sprays de montana cans espana. materiales bellas artes barcelona? tienda bellas artes online. graffiti?","robots":{"index":"index","follow":"follow","max-snippet":"max-snippet:-1","max-image-preview":"max-image-preview:large","max-video-preview":"max-video-preview:-1"},"canonical":"https:\/\/dev4.devmitsinformatica.com\/en\/shop\/graffiti-rotulador-shop-barcelona\/calibrados-sketch\/montana-sketchliner-08mm\/","og_locale":"en_US","og_type":"article","og_title":"Montana Sketchliner 0,8mm Ultrawide Graffiti Shop Barcelona","og_description":"barniz de montana? spray para coches? online tienda para sprays de montana cans espana. materiales bellas artes barcelona? tienda bellas artes online. graffiti?","og_url":"https:\/\/dev4.devmitsinformatica.com\/en\/shop\/graffiti-rotulador-shop-barcelona\/calibrados-sketch\/montana-sketchliner-08mm\/","og_site_name":"ULTRAWIDE GRAFFITI SHOP","article_modified_time":"2023-10-17T09:34:05+00:00","og_image":[{"width":940,"height":940,"url":"https:\/\/dev4.devmitsinformatica.com\/wp-content\/uploads\/2016\/09\/montana-sketchliner-08mm.jpg","type":"image\/jpeg"}],"twitter_card":"summary_large_image","twitter_misc":{"Est. reading time":"1 minute"},"schema":{"@context":"https:\/\/schema.org","@graph":[{"@type":"WebPage","@id":"https:\/\/dev4.devmitsinformatica.com\/en\/shop\/graffiti-rotulador-shop-barcelona\/calibrados-sketch\/montana-sketchliner-08mm\/","url":"https:\/\/dev4.devmitsinformatica.com\/en\/shop\/graffiti-rotulador-shop-barcelona\/calibrados-sketch\/montana-sketchliner-08mm\/","name":"Montana Sketchliner 0,8mm Ultrawide Graffiti Shop Barcelona","isPartOf":{"@id":"https:\/\/dev4.devmitsinformatica.com\/en\/#website"},"primaryImageOfPage":{"@id":"https:\/\/dev4.devmitsinformatica.com\/en\/shop\/graffiti-rotulador-shop-barcelona\/calibrados-sketch\/montana-sketchliner-08mm\/#primaryimage"},"image":{"@id":"https:\/\/dev4.devmitsinformatica.com\/en\/shop\/graffiti-rotulador-shop-barcelona\/calibrados-sketch\/montana-sketchliner-08mm\/#primaryimage"},"thumbnailUrl":"https:\/\/dev4.devmitsinformatica.com\/wp-content\/uploads\/2016\/09\/montana-sketchliner-08mm.jpg","datePublished":"2016-09-01T20:17:10+00:00","dateModified":"2023-10-17T09:34:05+00:00","description":"barniz de montana? spray para coches? online tienda para sprays de montana cans espana. materiales bellas artes barcelona? tienda bellas artes online. graffiti?","breadcrumb":{"@id":"https:\/\/dev4.devmitsinformatica.com\/en\/shop\/graffiti-rotulador-shop-barcelona\/calibrados-sketch\/montana-sketchliner-08mm\/#breadcrumb"},"inLanguage":"en-US","potentialAction":[{"@type":"ReadAction","target":["https:\/\/dev4.devmitsinformatica.com\/en\/shop\/graffiti-rotulador-shop-barcelona\/calibrados-sketch\/montana-sketchliner-08mm\/"]}]},{"@type":"ImageObject","inLanguage":"en-US","@id":"https:\/\/dev4.devmitsinformatica.com\/en\/shop\/graffiti-rotulador-shop-barcelona\/calibrados-sketch\/montana-sketchliner-08mm\/#primaryimage","url":"https:\/\/dev4.devmitsinformatica.com\/wp-content\/uploads\/2016\/09\/montana-sketchliner-08mm.jpg","contentUrl":"https:\/\/dev4.devmitsinformatica.com\/wp-content\/uploads\/2016\/09\/montana-sketchliner-08mm.jpg","width":940,"height":940,"caption":"rotulador para bocetos de 0,8mm de punta. marcador profesional"},{"@type":"BreadcrumbList","@id":"https:\/\/dev4.devmitsinformatica.com\/en\/shop\/graffiti-rotulador-shop-barcelona\/calibrados-sketch\/montana-sketchliner-08mm\/#breadcrumb","itemListElement":[{"@type":"ListItem","position":1,"name":"Home","item":"https:\/\/dev4.devmitsinformatica.com\/en\/"},{"@type":"ListItem","position":2,"name":"Store","item":"https:\/\/dev4.devmitsinformatica.com\/?page_id=38"},{"@type":"ListItem","position":3,"name":"Montana Sketchliner 0,8mm"}]},{"@type":"WebSite","@id":"https:\/\/dev4.devmitsinformatica.com\/en\/#website","url":"https:\/\/dev4.devmitsinformatica.com\/en\/","name":"ULTRAWIDE GRAFFITI SHOP","description":"SPRAY GRAFFITI SHOP CAPS Y ROTULADORES","publisher":{"@id":"https:\/\/dev4.devmitsinformatica.com\/en\/#organization"},"potentialAction":[{"@type":"SearchAction","target":{"@type":"EntryPoint","urlTemplate":"https:\/\/dev4.devmitsinformatica.com\/en\/?s={search_term_string}"},"query-input":{"@type":"PropertyValueSpecification","valueRequired":true,"valueName":"search_term_string"}}],"inLanguage":"en-US"},{"@type":"Organization","@id":"https:\/\/dev4.devmitsinformatica.com\/en\/#organization","name":"ANDEN Graffiti Shop Barcelona","url":"https:\/\/dev4.devmitsinformatica.com\/en\/","logo":{"@type":"ImageObject","inLanguage":"en-US","@id":"https:\/\/dev4.devmitsinformatica.com\/en\/#\/schema\/logo\/image\/","url":"https:\/\/dev4.devmitsinformatica.com\/wp-content\/uploads\/2016\/11\/graffiti-gallery-barcelona.png","contentUrl":"https:\/\/dev4.devmitsinformatica.com\/wp-content\/uploads\/2016\/11\/graffiti-gallery-barcelona.png","width":386,"height":150,"caption":"ANDEN Graffiti Shop Barcelona"},"image":{"@id":"https:\/\/dev4.devmitsinformatica.com\/en\/#\/schema\/logo\/image\/"}}]}},"_links":{"self":[{"href":"https:\/\/dev4.devmitsinformatica.com\/en\/wp-json\/wp\/v2\/product\/2226","targetHints":{"allow":["GET"]}}],"collection":[{"href":"https:\/\/dev4.devmitsinformatica.com\/en\/wp-json\/wp\/v2\/product"}],"about":[{"href":"https:\/\/dev4.devmitsinformatica.com\/en\/wp-json\/wp\/v2\/types\/product"}],"replies":[{"embeddable":true,"href":"https:\/\/dev4.devmitsinformatica.com\/en\/wp-json\/wp\/v2\/comments?post=2226"}],"version-history":[{"count":0,"href":"https:\/\/dev4.devmitsinformatica.com\/en\/wp-json\/wp\/v2\/product\/2226\/revisions"}],"wp:featuredmedia":[{"embeddable":true,"href":"https:\/\/dev4.devmitsinformatica.com\/en\/wp-json\/wp\/v2\/media\/5781"}],"wp:attachment":[{"href":"https:\/\/dev4.devmitsinformatica.com\/en\/wp-json\/wp\/v2\/media?parent=2226"}],"wp:term":[{"taxonomy":"product_brand","embeddable":true,"href":"https:\/\/dev4.devmitsinformatica.com\/en\/wp-json\/wp\/v2\/product_brand?post=2226"},{"taxonomy":"product_cat","embeddable":true,"href":"https:\/\/dev4.devmitsinformatica.com\/en\/wp-json\/wp\/v2\/product_cat?post=2226"},{"taxonomy":"product_tag","embeddable":true,"href":"https:\/\/dev4.devmitsinformatica.com\/en\/wp-json\/wp\/v2\/product_tag?post=2226"}],"curies":[{"name":"wp","href":"https:\/\/api.w.org\/{rel}","templated":true}]}}