{"id":2227,"date":"2016-09-01T20:17:10","date_gmt":"2016-09-01T20:17:10","guid":{"rendered":"http:\/\/spraygraffiti.com\/index.php\/product\/montana-sketchliner-12mm\/"},"modified":"2023-10-17T09:32:17","modified_gmt":"2023-10-17T09:32:17","slug":"montana-sketchliner-12mm","status":"publish","type":"product","link":"https:\/\/dev4.devmitsinformatica.com\/en\/shop\/graffiti-rotulador-shop-barcelona\/calibrados-sketch\/montana-sketchliner-12mm\/","title":{"rendered":"Montana Sketchliner 1,2mm"},"content":{"rendered":"<p>Montana Sketchliner 1,2mm. Los <span style=\"color: #800080;\">Montana Sketchliner<\/span> son adecuados para escribir o dibujar en papel o superficies lisas similares. La tinta de pigmento a base de alcohol es de secado r\u00e1pido, resistente al agua e incluso compatible con los marcadores acr\u00edlicos de Montana. Las puntas est\u00e1n fabricadas con un material sint\u00e9tico muy resistente, lo que evita que se rompan o se deshilachen.Montana Sketchliner con punta de 1.2 mm.<\/p>\n<p>Rotulador calibrado de <span style=\"color: #0000ff;\">punta\u00a0 fina, 1,2mm<\/span> de punta\u00a0 para detalles de tus dibujos. Los rotuladores calibrados de\u00a0<a href=\"https:\/\/dev4.devmitsinformatica.com\/tienda-online\/graffiti-montana-spray-shop-barcelona\/\">Montana Cans<\/a>, te ofrecen\u00a0 6 tama\u00f1os de punta diferente para cada ocasi\u00f3n. Utiliza tus montana acrylic markers combinandolos con tus <span style=\"color: #0000ff;\">sketchliner<\/span> de Montana para conseguir los mejores acabados en tus dibujos o bocetos. El\u00a0Montana Sketchliner 1,2mm y el resto de la serie Sketch son perfectamente compatibles con rotuladores base alcohol tipo twin markers y muy adecuados para el profesional del dibujo tipo c\u00f3mic, manga, dise\u00f1o, etc\u2026<\/p>\n<p>Realiza tus dibujos en blanco y negro con tus montana sketchliner calibrados o utilizalos junto a cualquier marcador de dibujo para trazos y detalles. Buscas rotuladores calibrados? Ultrawide Barcelona tiene rotuladores calibrados\u00a0<a href=\"https:\/\/dev4.devmitsinformatica.com\/tienda-online\/graffiti-montana-spray-shop-barcelona\/\">montana cans<\/a>\u00a0y materiales para dibujo y bellas artes. Compra ahora en nuestra\u00a0<a href=\"https:\/\/dev4.devmitsinformatica.com\/\">graffiti shop<\/a>\u00a0<a href=\"https:\/\/dev4.devmitsinformatica.com\/\">online<\/a>\u00a0y recibe tu Montana Sketchliner en tu domicilio o visitanos en nuestra\u00a0<a href=\"https:\/\/dev4.devmitsinformatica.com\/\">tienda<\/a>\u00a0y descubre todos los productos y medidas de rotuladores calibrados.<\/p>\n<p>&nbsp;<\/p>\n","protected":false},"excerpt":{"rendered":"<p>Los Montana Sketchliner son adecuados para escribir o dibujar en papel o superficies lisas similares. La tinta de pigmento a base de alcohol es de secado r\u00e1pido, resistente al agua e incluso compatible con los marcadores acr\u00edlicos de Montana. Las puntas est\u00e1n hechas de un material sint\u00e9tico muy resistente, que evita roturas o deshilachados.<\/p>\n","protected":false},"featured_media":5783,"comment_status":"closed","ping_status":"closed","template":"","meta":{"site-sidebar-layout":"default","site-content-layout":"","ast-site-content-layout":"default","site-content-style":"default","site-sidebar-style":"default","ast-global-header-display":"","ast-banner-title-visibility":"","ast-main-header-display":"","ast-hfb-above-header-display":"","ast-hfb-below-header-display":"","ast-hfb-mobile-header-display":"","site-post-title":"","ast-breadcrumbs-content":"","ast-featured-img":"","footer-sml-layout":"","ast-disable-related-posts":"","theme-transparent-header-meta":"","adv-header-id-meta":"","stick-header-meta":"","header-above-stick-meta":"","header-main-stick-meta":"","header-below-stick-meta":"","astra-migrate-meta-layouts":"default","ast-page-background-enabled":"default","ast-page-background-meta":{"desktop":{"background-color":"","background-image":"","background-repeat":"repeat","background-position":"center center","background-size":"auto","background-attachment":"scroll","background-type":"","background-media":"","overlay-type":"","overlay-color":"","overlay-opacity":"","overlay-gradient":""},"tablet":{"background-color":"","background-image":"","background-repeat":"repeat","background-position":"center center","background-size":"auto","background-attachment":"scroll","background-type":"","background-media":"","overlay-type":"","overlay-color":"","overlay-opacity":"","overlay-gradient":""},"mobile":{"background-color":"","background-image":"","background-repeat":"repeat","background-position":"center center","background-size":"auto","background-attachment":"scroll","background-type":"","background-media":"","overlay-type":"","overlay-color":"","overlay-opacity":"","overlay-gradient":""}},"ast-content-background-meta":{"desktop":{"background-color":"var(--ast-global-color-5)","background-image":"","background-repeat":"repeat","background-position":"center center","background-size":"auto","background-attachment":"scroll","background-type":"","background-media":"","overlay-type":"","overlay-color":"","overlay-opacity":"","overlay-gradient":""},"tablet":{"background-color":"var(--ast-global-color-5)","background-image":"","background-repeat":"repeat","background-position":"center center","background-size":"auto","background-attachment":"scroll","background-type":"","background-media":"","overlay-type":"","overlay-color":"","overlay-opacity":"","overlay-gradient":""},"mobile":{"background-color":"var(--ast-global-color-5)","background-image":"","background-repeat":"repeat","background-position":"center center","background-size":"auto","background-attachment":"scroll","background-type":"","background-media":"","overlay-type":"","overlay-color":"","overlay-opacity":"","overlay-gradient":""}}},"product_brand":[],"product_cat":[7,979],"product_tag":[1019,2575,1714,1713,2580,2577,2579,2576,2578,1711,1710,1712,1708,1707,1709],"class_list":{"0":"post-2227","1":"product","2":"type-product","3":"status-publish","4":"has-post-thumbnail","6":"product_cat-graffiti-rotulador-shop-barcelona","7":"product_cat-calibrados-sketch","8":"product_tag-montana","9":"product_tag-montana-rotulador","10":"product_tag-punta-rotuladores-punta-fina-barato","11":"product_tag-punta-rotuladores-punta-fina-fina","12":"product_tag-rotulador-1-2mm","13":"product_tag-rotulador-calibrado","14":"product_tag-rotulador-para-bocetos","15":"product_tag-rotulador-rotring","16":"product_tag-rotulador-sketh","17":"product_tag-rotuladores-punta-fina-barato-punta","18":"product_tag-rotuladores-punta-fina-fina-punta","19":"product_tag-rotuladores-punta-fina-precio-punta","20":"product_tag-rotuladores-punta-fina-punta-barato","21":"product_tag-rotuladores-punta-fina-punta-fina","22":"product_tag-rotuladores-punta-fina-punta-precio","23":"desktop-align-left","24":"tablet-align-left","25":"mobile-align-left","27":"first","28":"outofstock","29":"purchasable","30":"product-type-simple"},"yoast_head":"<!-- This site is optimized with the Yoast SEO plugin v27.0 - https:\/\/yoast.com\/product\/yoast-seo-wordpress\/ -->\n<title>Montana Sketchliner 1,2mm Ultrawide Graffiti Shop Barcelona<\/title>\n<meta name=\"description\" content=\"materiales bellas artes barcelona? tienda bellas artes online. graffiti? spray para graffiti? graffiti? montana cans barcelona\" \/>\n<meta name=\"robots\" content=\"index, follow, max-snippet:-1, max-image-preview:large, max-video-preview:-1\" \/>\n<link rel=\"canonical\" href=\"https:\/\/dev4.devmitsinformatica.com\/en\/shop\/graffiti-rotulador-shop-barcelona\/calibrados-sketch\/montana-sketchliner-12mm\/\" \/>\n<meta property=\"og:locale\" content=\"en_US\" \/>\n<meta property=\"og:type\" content=\"article\" \/>\n<meta property=\"og:title\" content=\"Montana Sketchliner 1,2mm Ultrawide Graffiti Shop Barcelona\" \/>\n<meta property=\"og:description\" content=\"materiales bellas artes barcelona? tienda bellas artes online. graffiti? spray para graffiti? graffiti? montana cans barcelona\" \/>\n<meta property=\"og:url\" content=\"https:\/\/dev4.devmitsinformatica.com\/en\/shop\/graffiti-rotulador-shop-barcelona\/calibrados-sketch\/montana-sketchliner-12mm\/\" \/>\n<meta property=\"og:site_name\" content=\"ULTRAWIDE GRAFFITI SHOP\" \/>\n<meta property=\"article:modified_time\" content=\"2023-10-17T09:32:17+00:00\" \/>\n<meta property=\"og:image\" content=\"https:\/\/dev4.devmitsinformatica.com\/wp-content\/uploads\/2016\/09\/montana-sketchliner-12mm.jpg\" \/>\n\t<meta property=\"og:image:width\" content=\"940\" \/>\n\t<meta property=\"og:image:height\" content=\"940\" \/>\n\t<meta property=\"og:image:type\" content=\"image\/jpeg\" \/>\n<meta name=\"twitter:card\" content=\"summary_large_image\" \/>\n<meta name=\"twitter:label1\" content=\"Est. reading time\" \/>\n\t<meta name=\"twitter:data1\" content=\"1 minute\" \/>\n<script type=\"application\/ld+json\" class=\"yoast-schema-graph\">{\"@context\":\"https:\/\/schema.org\",\"@graph\":[{\"@type\":\"WebPage\",\"@id\":\"https:\/\/dev4.devmitsinformatica.com\/en\/shop\/graffiti-rotulador-shop-barcelona\/calibrados-sketch\/montana-sketchliner-12mm\/\",\"url\":\"https:\/\/dev4.devmitsinformatica.com\/en\/shop\/graffiti-rotulador-shop-barcelona\/calibrados-sketch\/montana-sketchliner-12mm\/\",\"name\":\"Montana Sketchliner 1,2mm Ultrawide Graffiti Shop Barcelona\",\"isPartOf\":{\"@id\":\"https:\/\/dev4.devmitsinformatica.com\/en\/#website\"},\"primaryImageOfPage\":{\"@id\":\"https:\/\/dev4.devmitsinformatica.com\/en\/shop\/graffiti-rotulador-shop-barcelona\/calibrados-sketch\/montana-sketchliner-12mm\/#primaryimage\"},\"image\":{\"@id\":\"https:\/\/dev4.devmitsinformatica.com\/en\/shop\/graffiti-rotulador-shop-barcelona\/calibrados-sketch\/montana-sketchliner-12mm\/#primaryimage\"},\"thumbnailUrl\":\"https:\/\/dev4.devmitsinformatica.com\/wp-content\/uploads\/2016\/09\/montana-sketchliner-12mm.jpg\",\"datePublished\":\"2016-09-01T20:17:10+00:00\",\"dateModified\":\"2023-10-17T09:32:17+00:00\",\"description\":\"materiales bellas artes barcelona? tienda bellas artes online. graffiti? spray para graffiti? graffiti? montana cans barcelona\",\"breadcrumb\":{\"@id\":\"https:\/\/dev4.devmitsinformatica.com\/en\/shop\/graffiti-rotulador-shop-barcelona\/calibrados-sketch\/montana-sketchliner-12mm\/#breadcrumb\"},\"inLanguage\":\"en-US\",\"potentialAction\":[{\"@type\":\"ReadAction\",\"target\":[\"https:\/\/dev4.devmitsinformatica.com\/en\/shop\/graffiti-rotulador-shop-barcelona\/calibrados-sketch\/montana-sketchliner-12mm\/\"]}]},{\"@type\":\"ImageObject\",\"inLanguage\":\"en-US\",\"@id\":\"https:\/\/dev4.devmitsinformatica.com\/en\/shop\/graffiti-rotulador-shop-barcelona\/calibrados-sketch\/montana-sketchliner-12mm\/#primaryimage\",\"url\":\"https:\/\/dev4.devmitsinformatica.com\/wp-content\/uploads\/2016\/09\/montana-sketchliner-12mm.jpg\",\"contentUrl\":\"https:\/\/dev4.devmitsinformatica.com\/wp-content\/uploads\/2016\/09\/montana-sketchliner-12mm.jpg\",\"width\":940,\"height\":940,\"caption\":\"rotulador para bocetos y dibujo de 1,2mm montana\"},{\"@type\":\"BreadcrumbList\",\"@id\":\"https:\/\/dev4.devmitsinformatica.com\/en\/shop\/graffiti-rotulador-shop-barcelona\/calibrados-sketch\/montana-sketchliner-12mm\/#breadcrumb\",\"itemListElement\":[{\"@type\":\"ListItem\",\"position\":1,\"name\":\"Home\",\"item\":\"https:\/\/dev4.devmitsinformatica.com\/en\/\"},{\"@type\":\"ListItem\",\"position\":2,\"name\":\"Store\",\"item\":\"https:\/\/dev4.devmitsinformatica.com\/?page_id=38\"},{\"@type\":\"ListItem\",\"position\":3,\"name\":\"Montana Sketchliner 1,2mm\"}]},{\"@type\":\"WebSite\",\"@id\":\"https:\/\/dev4.devmitsinformatica.com\/en\/#website\",\"url\":\"https:\/\/dev4.devmitsinformatica.com\/en\/\",\"name\":\"ULTRAWIDE GRAFFITI SHOP\",\"description\":\"SPRAY GRAFFITI SHOP CAPS Y ROTULADORES\",\"publisher\":{\"@id\":\"https:\/\/dev4.devmitsinformatica.com\/en\/#organization\"},\"potentialAction\":[{\"@type\":\"SearchAction\",\"target\":{\"@type\":\"EntryPoint\",\"urlTemplate\":\"https:\/\/dev4.devmitsinformatica.com\/en\/?s={search_term_string}\"},\"query-input\":{\"@type\":\"PropertyValueSpecification\",\"valueRequired\":true,\"valueName\":\"search_term_string\"}}],\"inLanguage\":\"en-US\"},{\"@type\":\"Organization\",\"@id\":\"https:\/\/dev4.devmitsinformatica.com\/en\/#organization\",\"name\":\"ANDEN Graffiti Shop Barcelona\",\"url\":\"https:\/\/dev4.devmitsinformatica.com\/en\/\",\"logo\":{\"@type\":\"ImageObject\",\"inLanguage\":\"en-US\",\"@id\":\"https:\/\/dev4.devmitsinformatica.com\/en\/#\/schema\/logo\/image\/\",\"url\":\"https:\/\/dev4.devmitsinformatica.com\/wp-content\/uploads\/2016\/11\/graffiti-gallery-barcelona.png\",\"contentUrl\":\"https:\/\/dev4.devmitsinformatica.com\/wp-content\/uploads\/2016\/11\/graffiti-gallery-barcelona.png\",\"width\":386,\"height\":150,\"caption\":\"ANDEN Graffiti Shop Barcelona\"},\"image\":{\"@id\":\"https:\/\/dev4.devmitsinformatica.com\/en\/#\/schema\/logo\/image\/\"}}]}<\/script>\n<!-- \/ Yoast SEO plugin. -->","yoast_head_json":{"title":"Montana Sketchliner 1,2mm Ultrawide Graffiti Shop Barcelona","description":"materiales bellas artes barcelona? tienda bellas artes online. graffiti? spray para graffiti? graffiti? montana cans barcelona","robots":{"index":"index","follow":"follow","max-snippet":"max-snippet:-1","max-image-preview":"max-image-preview:large","max-video-preview":"max-video-preview:-1"},"canonical":"https:\/\/dev4.devmitsinformatica.com\/en\/shop\/graffiti-rotulador-shop-barcelona\/calibrados-sketch\/montana-sketchliner-12mm\/","og_locale":"en_US","og_type":"article","og_title":"Montana Sketchliner 1,2mm Ultrawide Graffiti Shop Barcelona","og_description":"materiales bellas artes barcelona? tienda bellas artes online. graffiti? spray para graffiti? graffiti? montana cans barcelona","og_url":"https:\/\/dev4.devmitsinformatica.com\/en\/shop\/graffiti-rotulador-shop-barcelona\/calibrados-sketch\/montana-sketchliner-12mm\/","og_site_name":"ULTRAWIDE GRAFFITI SHOP","article_modified_time":"2023-10-17T09:32:17+00:00","og_image":[{"width":940,"height":940,"url":"https:\/\/dev4.devmitsinformatica.com\/wp-content\/uploads\/2016\/09\/montana-sketchliner-12mm.jpg","type":"image\/jpeg"}],"twitter_card":"summary_large_image","twitter_misc":{"Est. reading time":"1 minute"},"schema":{"@context":"https:\/\/schema.org","@graph":[{"@type":"WebPage","@id":"https:\/\/dev4.devmitsinformatica.com\/en\/shop\/graffiti-rotulador-shop-barcelona\/calibrados-sketch\/montana-sketchliner-12mm\/","url":"https:\/\/dev4.devmitsinformatica.com\/en\/shop\/graffiti-rotulador-shop-barcelona\/calibrados-sketch\/montana-sketchliner-12mm\/","name":"Montana Sketchliner 1,2mm Ultrawide Graffiti Shop Barcelona","isPartOf":{"@id":"https:\/\/dev4.devmitsinformatica.com\/en\/#website"},"primaryImageOfPage":{"@id":"https:\/\/dev4.devmitsinformatica.com\/en\/shop\/graffiti-rotulador-shop-barcelona\/calibrados-sketch\/montana-sketchliner-12mm\/#primaryimage"},"image":{"@id":"https:\/\/dev4.devmitsinformatica.com\/en\/shop\/graffiti-rotulador-shop-barcelona\/calibrados-sketch\/montana-sketchliner-12mm\/#primaryimage"},"thumbnailUrl":"https:\/\/dev4.devmitsinformatica.com\/wp-content\/uploads\/2016\/09\/montana-sketchliner-12mm.jpg","datePublished":"2016-09-01T20:17:10+00:00","dateModified":"2023-10-17T09:32:17+00:00","description":"materiales bellas artes barcelona? tienda bellas artes online. graffiti? spray para graffiti? graffiti? montana cans barcelona","breadcrumb":{"@id":"https:\/\/dev4.devmitsinformatica.com\/en\/shop\/graffiti-rotulador-shop-barcelona\/calibrados-sketch\/montana-sketchliner-12mm\/#breadcrumb"},"inLanguage":"en-US","potentialAction":[{"@type":"ReadAction","target":["https:\/\/dev4.devmitsinformatica.com\/en\/shop\/graffiti-rotulador-shop-barcelona\/calibrados-sketch\/montana-sketchliner-12mm\/"]}]},{"@type":"ImageObject","inLanguage":"en-US","@id":"https:\/\/dev4.devmitsinformatica.com\/en\/shop\/graffiti-rotulador-shop-barcelona\/calibrados-sketch\/montana-sketchliner-12mm\/#primaryimage","url":"https:\/\/dev4.devmitsinformatica.com\/wp-content\/uploads\/2016\/09\/montana-sketchliner-12mm.jpg","contentUrl":"https:\/\/dev4.devmitsinformatica.com\/wp-content\/uploads\/2016\/09\/montana-sketchliner-12mm.jpg","width":940,"height":940,"caption":"rotulador para bocetos y dibujo de 1,2mm montana"},{"@type":"BreadcrumbList","@id":"https:\/\/dev4.devmitsinformatica.com\/en\/shop\/graffiti-rotulador-shop-barcelona\/calibrados-sketch\/montana-sketchliner-12mm\/#breadcrumb","itemListElement":[{"@type":"ListItem","position":1,"name":"Home","item":"https:\/\/dev4.devmitsinformatica.com\/en\/"},{"@type":"ListItem","position":2,"name":"Store","item":"https:\/\/dev4.devmitsinformatica.com\/?page_id=38"},{"@type":"ListItem","position":3,"name":"Montana Sketchliner 1,2mm"}]},{"@type":"WebSite","@id":"https:\/\/dev4.devmitsinformatica.com\/en\/#website","url":"https:\/\/dev4.devmitsinformatica.com\/en\/","name":"ULTRAWIDE GRAFFITI SHOP","description":"SPRAY GRAFFITI SHOP CAPS Y ROTULADORES","publisher":{"@id":"https:\/\/dev4.devmitsinformatica.com\/en\/#organization"},"potentialAction":[{"@type":"SearchAction","target":{"@type":"EntryPoint","urlTemplate":"https:\/\/dev4.devmitsinformatica.com\/en\/?s={search_term_string}"},"query-input":{"@type":"PropertyValueSpecification","valueRequired":true,"valueName":"search_term_string"}}],"inLanguage":"en-US"},{"@type":"Organization","@id":"https:\/\/dev4.devmitsinformatica.com\/en\/#organization","name":"ANDEN Graffiti Shop Barcelona","url":"https:\/\/dev4.devmitsinformatica.com\/en\/","logo":{"@type":"ImageObject","inLanguage":"en-US","@id":"https:\/\/dev4.devmitsinformatica.com\/en\/#\/schema\/logo\/image\/","url":"https:\/\/dev4.devmitsinformatica.com\/wp-content\/uploads\/2016\/11\/graffiti-gallery-barcelona.png","contentUrl":"https:\/\/dev4.devmitsinformatica.com\/wp-content\/uploads\/2016\/11\/graffiti-gallery-barcelona.png","width":386,"height":150,"caption":"ANDEN Graffiti Shop Barcelona"},"image":{"@id":"https:\/\/dev4.devmitsinformatica.com\/en\/#\/schema\/logo\/image\/"}}]}},"_links":{"self":[{"href":"https:\/\/dev4.devmitsinformatica.com\/en\/wp-json\/wp\/v2\/product\/2227","targetHints":{"allow":["GET"]}}],"collection":[{"href":"https:\/\/dev4.devmitsinformatica.com\/en\/wp-json\/wp\/v2\/product"}],"about":[{"href":"https:\/\/dev4.devmitsinformatica.com\/en\/wp-json\/wp\/v2\/types\/product"}],"replies":[{"embeddable":true,"href":"https:\/\/dev4.devmitsinformatica.com\/en\/wp-json\/wp\/v2\/comments?post=2227"}],"version-history":[{"count":0,"href":"https:\/\/dev4.devmitsinformatica.com\/en\/wp-json\/wp\/v2\/product\/2227\/revisions"}],"wp:featuredmedia":[{"embeddable":true,"href":"https:\/\/dev4.devmitsinformatica.com\/en\/wp-json\/wp\/v2\/media\/5783"}],"wp:attachment":[{"href":"https:\/\/dev4.devmitsinformatica.com\/en\/wp-json\/wp\/v2\/media?parent=2227"}],"wp:term":[{"taxonomy":"product_brand","embeddable":true,"href":"https:\/\/dev4.devmitsinformatica.com\/en\/wp-json\/wp\/v2\/product_brand?post=2227"},{"taxonomy":"product_cat","embeddable":true,"href":"https:\/\/dev4.devmitsinformatica.com\/en\/wp-json\/wp\/v2\/product_cat?post=2227"},{"taxonomy":"product_tag","embeddable":true,"href":"https:\/\/dev4.devmitsinformatica.com\/en\/wp-json\/wp\/v2\/product_tag?post=2227"}],"curies":[{"name":"wp","href":"https:\/\/api.w.org\/{rel}","templated":true}]}}