{"id":2335,"date":"2016-09-01T20:18:25","date_gmt":"2016-09-01T20:18:25","guid":{"rendered":"http:\/\/spraygraffiti.com\/index.php\/product\/montana-a4-blackbook-formato-alto\/"},"modified":"2023-10-16T09:55:34","modified_gmt":"2023-10-16T09:55:34","slug":"montana-a4-blackbook-formato-alto","status":"publish","type":"product","link":"https:\/\/dev4.devmitsinformatica.com\/en\/shop\/graffiti-sketchbooks-shop-barcelona\/montana-a4-blackbook-formato-alto\/","title":{"rendered":"Montana A4 Blackbook Retrato"},"content":{"rendered":"<h1><span style=\"text-decoration: underline;\">Montana A4 Blackbook\u00a0 Retrato<\/span><\/h1>\n<p>Montana<em> A4 Blackbook Retrato<\/em>. Los Montana <span style=\"text-decoration: underline;\"><strong>BlackBook<\/strong><\/span>\u00a0son ideales para bocetos y dibujos. El<strong> <span style=\"text-decoration: underline;\">papel brillante<\/span><\/strong>, no absorbente es compatible con la intensidad del color y previene \u00a0del sangrado mientras se dibuja. Las p\u00e1ginas de portada y la cubierta son de color negro. Adem\u00e1s, el logotipo impreso de Montana est\u00e1 en la portada.<\/p>\n<p>Montana Blackbook A4 Retrato, un cl\u00e1sico cuaderno de dibujo entre grafiteros y artistas del dibujo, El Blackbook montana A4 en formato retrato se compone de 144 p\u00e1ginas de 120 gramos capaces de soportar las diferentes herramientas del dibujante, tales como rotuladores base alcohol, rotuladores acr\u00edlicos, rotuladores punta pincel acuarelables&#8230; Su tapa dura con el logo de Montana Cans impreso le confieren un aspecto muy profesional y ayuda a protegerdel doblez de sus hojas interiores.<\/p>\n<p>Hazte ahora con tu Blackbook A4 Portrait de Montana Cans y guarda tus graffiti dibujos y bocetos de forma ordenada y segura. Pidelo ahora online en tu tienda multimarca de graffiti en barcelona o visitanos de manera presencial y descubre todos los rotuladores, sprays y blackbooks de las marcas mas representativas del mercado.<\/p>\n<p>\u2022 Tapa dura \u2022 144 Hojas de 120 g \/ m\u00b2 \u2022 A4<br \/>\n\u2022 Tapa dura<br \/>\n\u2022 144 Hojas120 g \/ m\u00b2<br \/>\n\u2022 A4 Formato vertical<br \/>\n\u2022 marcadores<\/p>\n<p>&nbsp;<\/p>\n","protected":false},"excerpt":{"rendered":"<p>Los Montana <span style=\"text-decoration: underline;\"><strong>BlackBooks<\/strong><\/span> son ideales para bocetos y dibujos. El<strong> <span style=\"text-decoration: underline;\">papel brillante<\/span><\/strong>, no absorbente es compatible con la intensidad del color y previene \u00a0del sangrado mientras se dibuja. Las p\u00e1ginas de portada y la cubierta son de color negro. Adem\u00e1s, el logotipo impreso de Montana est\u00e1 en la portada. \u2022 Tapa dura \u2022 144 Hojas de 120 g \/ m\u00b2 \u2022 A4<br \/>\n\u2022 Tapa dura<br \/>\n\u2022 144 Hojas120 g \/ m\u00b2<br \/>\n\u2022 A4 Formato vertical<br \/>\n\u2022 marcadores<\/p>\n","protected":false},"featured_media":964,"comment_status":"closed","ping_status":"closed","template":"","meta":{"site-sidebar-layout":"default","site-content-layout":"","ast-site-content-layout":"default","site-content-style":"default","site-sidebar-style":"default","ast-global-header-display":"","ast-banner-title-visibility":"","ast-main-header-display":"","ast-hfb-above-header-display":"","ast-hfb-below-header-display":"","ast-hfb-mobile-header-display":"","site-post-title":"","ast-breadcrumbs-content":"","ast-featured-img":"","footer-sml-layout":"","ast-disable-related-posts":"","theme-transparent-header-meta":"","adv-header-id-meta":"","stick-header-meta":"","header-above-stick-meta":"","header-main-stick-meta":"","header-below-stick-meta":"","astra-migrate-meta-layouts":"default","ast-page-background-enabled":"default","ast-page-background-meta":{"desktop":{"background-color":"","background-image":"","background-repeat":"repeat","background-position":"center center","background-size":"auto","background-attachment":"scroll","background-type":"","background-media":"","overlay-type":"","overlay-color":"","overlay-opacity":"","overlay-gradient":""},"tablet":{"background-color":"","background-image":"","background-repeat":"repeat","background-position":"center center","background-size":"auto","background-attachment":"scroll","background-type":"","background-media":"","overlay-type":"","overlay-color":"","overlay-opacity":"","overlay-gradient":""},"mobile":{"background-color":"","background-image":"","background-repeat":"repeat","background-position":"center center","background-size":"auto","background-attachment":"scroll","background-type":"","background-media":"","overlay-type":"","overlay-color":"","overlay-opacity":"","overlay-gradient":""}},"ast-content-background-meta":{"desktop":{"background-color":"var(--ast-global-color-5)","background-image":"","background-repeat":"repeat","background-position":"center center","background-size":"auto","background-attachment":"scroll","background-type":"","background-media":"","overlay-type":"","overlay-color":"","overlay-opacity":"","overlay-gradient":""},"tablet":{"background-color":"var(--ast-global-color-5)","background-image":"","background-repeat":"repeat","background-position":"center center","background-size":"auto","background-attachment":"scroll","background-type":"","background-media":"","overlay-type":"","overlay-color":"","overlay-opacity":"","overlay-gradient":""},"mobile":{"background-color":"var(--ast-global-color-5)","background-image":"","background-repeat":"repeat","background-position":"center center","background-size":"auto","background-attachment":"scroll","background-type":"","background-media":"","overlay-type":"","overlay-color":"","overlay-opacity":"","overlay-gradient":""}}},"product_brand":[],"product_cat":[9],"product_tag":[3823,3800,3824,2199,2217,3822,3825,2181,3826,2174,2178,2177,2182,1019],"class_list":{"0":"post-2335","1":"product","2":"type-product","3":"status-publish","4":"has-post-thumbnail","6":"product_cat-graffiti-sketchbooks-shop-barcelona","7":"product_tag-blackbook-barato-montana","8":"product_tag-blackbook-montana","9":"product_tag-blackbooks-para-dibujar","10":"product_tag-comprar-blackbook-graffiti","11":"product_tag-comprar-graffiti-blackbook","12":"product_tag-cuaderno-de-dibujo-blackbook","13":"product_tag-dibujos-blackbook-graffiti","14":"product_tag-dibujos-blackbook-libros","15":"product_tag-graffiti-blackbooks-precio","16":"product_tag-libro-blackbook-barato","17":"product_tag-libro-blackkbooks-barato","18":"product_tag-libros-barato-blackbook","19":"product_tag-libros-blackbook-dibujos","20":"product_tag-montana","21":"desktop-align-left","22":"tablet-align-left","23":"mobile-align-left","25":"first","26":"instock","27":"purchasable","28":"product-type-simple"},"yoast_head":"<!-- This site is optimized with the Yoast SEO plugin v27.0 - https:\/\/yoast.com\/product\/yoast-seo-wordpress\/ -->\n<title>Montana A4 Blackbook Retrato Ultrawide Graffiti Shop Barcelona<\/title>\n<meta name=\"description\" content=\"montana A4 blackbook retrato online en tienda para sprays de montana cans espana. tienda bellas artes online. tienda bellas artes online?\" \/>\n<meta name=\"robots\" content=\"index, follow, max-snippet:-1, max-image-preview:large, max-video-preview:-1\" \/>\n<link rel=\"canonical\" href=\"https:\/\/dev4.devmitsinformatica.com\/en\/shop\/graffiti-sketchbooks-shop-barcelona\/montana-a4-blackbook-formato-alto\/\" \/>\n<meta property=\"og:locale\" content=\"en_US\" \/>\n<meta property=\"og:type\" content=\"article\" \/>\n<meta property=\"og:title\" content=\"Montana A4 Blackbook Retrato Ultrawide Graffiti Shop Barcelona\" \/>\n<meta property=\"og:description\" content=\"montana A4 blackbook retrato online en tienda para sprays de montana cans espana. tienda bellas artes online. tienda bellas artes online?\" \/>\n<meta property=\"og:url\" content=\"https:\/\/dev4.devmitsinformatica.com\/en\/shop\/graffiti-sketchbooks-shop-barcelona\/montana-a4-blackbook-formato-alto\/\" \/>\n<meta property=\"og:site_name\" content=\"ULTRAWIDE GRAFFITI SHOP\" \/>\n<meta property=\"article:modified_time\" content=\"2023-10-16T09:55:34+00:00\" \/>\n<meta property=\"og:image\" content=\"https:\/\/dev4.devmitsinformatica.com\/wp-content\/uploads\/2016\/08\/Sketchbooks_A4_high_1.jpg\" \/>\n\t<meta property=\"og:image:width\" content=\"500\" \/>\n\t<meta property=\"og:image:height\" content=\"500\" \/>\n\t<meta property=\"og:image:type\" content=\"image\/jpeg\" \/>\n<meta name=\"twitter:card\" content=\"summary_large_image\" \/>\n<meta name=\"twitter:label1\" content=\"Est. reading time\" \/>\n\t<meta name=\"twitter:data1\" content=\"1 minute\" \/>\n<script type=\"application\/ld+json\" class=\"yoast-schema-graph\">{\"@context\":\"https:\/\/schema.org\",\"@graph\":[{\"@type\":\"WebPage\",\"@id\":\"https:\/\/dev4.devmitsinformatica.com\/en\/shop\/graffiti-sketchbooks-shop-barcelona\/montana-a4-blackbook-formato-alto\/\",\"url\":\"https:\/\/dev4.devmitsinformatica.com\/en\/shop\/graffiti-sketchbooks-shop-barcelona\/montana-a4-blackbook-formato-alto\/\",\"name\":\"Montana A4 Blackbook Retrato Ultrawide Graffiti Shop Barcelona\",\"isPartOf\":{\"@id\":\"https:\/\/dev4.devmitsinformatica.com\/en\/#website\"},\"primaryImageOfPage\":{\"@id\":\"https:\/\/dev4.devmitsinformatica.com\/en\/shop\/graffiti-sketchbooks-shop-barcelona\/montana-a4-blackbook-formato-alto\/#primaryimage\"},\"image\":{\"@id\":\"https:\/\/dev4.devmitsinformatica.com\/en\/shop\/graffiti-sketchbooks-shop-barcelona\/montana-a4-blackbook-formato-alto\/#primaryimage\"},\"thumbnailUrl\":\"https:\/\/dev4.devmitsinformatica.com\/wp-content\/uploads\/2016\/08\/Sketchbooks_A4_high_1.jpg\",\"datePublished\":\"2016-09-01T20:18:25+00:00\",\"dateModified\":\"2023-10-16T09:55:34+00:00\",\"description\":\"montana A4 blackbook retrato online en tienda para sprays de montana cans espana. tienda bellas artes online. tienda bellas artes online?\",\"breadcrumb\":{\"@id\":\"https:\/\/dev4.devmitsinformatica.com\/en\/shop\/graffiti-sketchbooks-shop-barcelona\/montana-a4-blackbook-formato-alto\/#breadcrumb\"},\"inLanguage\":\"en-US\",\"potentialAction\":[{\"@type\":\"ReadAction\",\"target\":[\"https:\/\/dev4.devmitsinformatica.com\/en\/shop\/graffiti-sketchbooks-shop-barcelona\/montana-a4-blackbook-formato-alto\/\"]}]},{\"@type\":\"ImageObject\",\"inLanguage\":\"en-US\",\"@id\":\"https:\/\/dev4.devmitsinformatica.com\/en\/shop\/graffiti-sketchbooks-shop-barcelona\/montana-a4-blackbook-formato-alto\/#primaryimage\",\"url\":\"https:\/\/dev4.devmitsinformatica.com\/wp-content\/uploads\/2016\/08\/Sketchbooks_A4_high_1.jpg\",\"contentUrl\":\"https:\/\/dev4.devmitsinformatica.com\/wp-content\/uploads\/2016\/08\/Sketchbooks_A4_high_1.jpg\",\"width\":500,\"height\":500},{\"@type\":\"BreadcrumbList\",\"@id\":\"https:\/\/dev4.devmitsinformatica.com\/en\/shop\/graffiti-sketchbooks-shop-barcelona\/montana-a4-blackbook-formato-alto\/#breadcrumb\",\"itemListElement\":[{\"@type\":\"ListItem\",\"position\":1,\"name\":\"Home\",\"item\":\"https:\/\/dev4.devmitsinformatica.com\/en\/\"},{\"@type\":\"ListItem\",\"position\":2,\"name\":\"Store\",\"item\":\"https:\/\/dev4.devmitsinformatica.com\/?page_id=38\"},{\"@type\":\"ListItem\",\"position\":3,\"name\":\"Montana A4 Blackbook Retrato\"}]},{\"@type\":\"WebSite\",\"@id\":\"https:\/\/dev4.devmitsinformatica.com\/en\/#website\",\"url\":\"https:\/\/dev4.devmitsinformatica.com\/en\/\",\"name\":\"ULTRAWIDE GRAFFITI SHOP\",\"description\":\"SPRAY GRAFFITI SHOP CAPS Y ROTULADORES\",\"publisher\":{\"@id\":\"https:\/\/dev4.devmitsinformatica.com\/en\/#organization\"},\"potentialAction\":[{\"@type\":\"SearchAction\",\"target\":{\"@type\":\"EntryPoint\",\"urlTemplate\":\"https:\/\/dev4.devmitsinformatica.com\/en\/?s={search_term_string}\"},\"query-input\":{\"@type\":\"PropertyValueSpecification\",\"valueRequired\":true,\"valueName\":\"search_term_string\"}}],\"inLanguage\":\"en-US\"},{\"@type\":\"Organization\",\"@id\":\"https:\/\/dev4.devmitsinformatica.com\/en\/#organization\",\"name\":\"ANDEN Graffiti Shop Barcelona\",\"url\":\"https:\/\/dev4.devmitsinformatica.com\/en\/\",\"logo\":{\"@type\":\"ImageObject\",\"inLanguage\":\"en-US\",\"@id\":\"https:\/\/dev4.devmitsinformatica.com\/en\/#\/schema\/logo\/image\/\",\"url\":\"https:\/\/dev4.devmitsinformatica.com\/wp-content\/uploads\/2016\/11\/graffiti-gallery-barcelona.png\",\"contentUrl\":\"https:\/\/dev4.devmitsinformatica.com\/wp-content\/uploads\/2016\/11\/graffiti-gallery-barcelona.png\",\"width\":386,\"height\":150,\"caption\":\"ANDEN Graffiti Shop Barcelona\"},\"image\":{\"@id\":\"https:\/\/dev4.devmitsinformatica.com\/en\/#\/schema\/logo\/image\/\"}}]}<\/script>\n<!-- \/ Yoast SEO plugin. -->","yoast_head_json":{"title":"Montana A4 Blackbook Retrato Ultrawide Graffiti Shop Barcelona","description":"montana A4 blackbook retrato online en tienda para sprays de montana cans espana. tienda bellas artes online. tienda bellas artes online?","robots":{"index":"index","follow":"follow","max-snippet":"max-snippet:-1","max-image-preview":"max-image-preview:large","max-video-preview":"max-video-preview:-1"},"canonical":"https:\/\/dev4.devmitsinformatica.com\/en\/shop\/graffiti-sketchbooks-shop-barcelona\/montana-a4-blackbook-formato-alto\/","og_locale":"en_US","og_type":"article","og_title":"Montana A4 Blackbook Retrato Ultrawide Graffiti Shop Barcelona","og_description":"montana A4 blackbook retrato online en tienda para sprays de montana cans espana. tienda bellas artes online. tienda bellas artes online?","og_url":"https:\/\/dev4.devmitsinformatica.com\/en\/shop\/graffiti-sketchbooks-shop-barcelona\/montana-a4-blackbook-formato-alto\/","og_site_name":"ULTRAWIDE GRAFFITI SHOP","article_modified_time":"2023-10-16T09:55:34+00:00","og_image":[{"width":500,"height":500,"url":"https:\/\/dev4.devmitsinformatica.com\/wp-content\/uploads\/2016\/08\/Sketchbooks_A4_high_1.jpg","type":"image\/jpeg"}],"twitter_card":"summary_large_image","twitter_misc":{"Est. reading time":"1 minute"},"schema":{"@context":"https:\/\/schema.org","@graph":[{"@type":"WebPage","@id":"https:\/\/dev4.devmitsinformatica.com\/en\/shop\/graffiti-sketchbooks-shop-barcelona\/montana-a4-blackbook-formato-alto\/","url":"https:\/\/dev4.devmitsinformatica.com\/en\/shop\/graffiti-sketchbooks-shop-barcelona\/montana-a4-blackbook-formato-alto\/","name":"Montana A4 Blackbook Retrato Ultrawide Graffiti Shop Barcelona","isPartOf":{"@id":"https:\/\/dev4.devmitsinformatica.com\/en\/#website"},"primaryImageOfPage":{"@id":"https:\/\/dev4.devmitsinformatica.com\/en\/shop\/graffiti-sketchbooks-shop-barcelona\/montana-a4-blackbook-formato-alto\/#primaryimage"},"image":{"@id":"https:\/\/dev4.devmitsinformatica.com\/en\/shop\/graffiti-sketchbooks-shop-barcelona\/montana-a4-blackbook-formato-alto\/#primaryimage"},"thumbnailUrl":"https:\/\/dev4.devmitsinformatica.com\/wp-content\/uploads\/2016\/08\/Sketchbooks_A4_high_1.jpg","datePublished":"2016-09-01T20:18:25+00:00","dateModified":"2023-10-16T09:55:34+00:00","description":"montana A4 blackbook retrato online en tienda para sprays de montana cans espana. tienda bellas artes online. tienda bellas artes online?","breadcrumb":{"@id":"https:\/\/dev4.devmitsinformatica.com\/en\/shop\/graffiti-sketchbooks-shop-barcelona\/montana-a4-blackbook-formato-alto\/#breadcrumb"},"inLanguage":"en-US","potentialAction":[{"@type":"ReadAction","target":["https:\/\/dev4.devmitsinformatica.com\/en\/shop\/graffiti-sketchbooks-shop-barcelona\/montana-a4-blackbook-formato-alto\/"]}]},{"@type":"ImageObject","inLanguage":"en-US","@id":"https:\/\/dev4.devmitsinformatica.com\/en\/shop\/graffiti-sketchbooks-shop-barcelona\/montana-a4-blackbook-formato-alto\/#primaryimage","url":"https:\/\/dev4.devmitsinformatica.com\/wp-content\/uploads\/2016\/08\/Sketchbooks_A4_high_1.jpg","contentUrl":"https:\/\/dev4.devmitsinformatica.com\/wp-content\/uploads\/2016\/08\/Sketchbooks_A4_high_1.jpg","width":500,"height":500},{"@type":"BreadcrumbList","@id":"https:\/\/dev4.devmitsinformatica.com\/en\/shop\/graffiti-sketchbooks-shop-barcelona\/montana-a4-blackbook-formato-alto\/#breadcrumb","itemListElement":[{"@type":"ListItem","position":1,"name":"Home","item":"https:\/\/dev4.devmitsinformatica.com\/en\/"},{"@type":"ListItem","position":2,"name":"Store","item":"https:\/\/dev4.devmitsinformatica.com\/?page_id=38"},{"@type":"ListItem","position":3,"name":"Montana A4 Blackbook Retrato"}]},{"@type":"WebSite","@id":"https:\/\/dev4.devmitsinformatica.com\/en\/#website","url":"https:\/\/dev4.devmitsinformatica.com\/en\/","name":"ULTRAWIDE GRAFFITI SHOP","description":"SPRAY GRAFFITI SHOP CAPS Y ROTULADORES","publisher":{"@id":"https:\/\/dev4.devmitsinformatica.com\/en\/#organization"},"potentialAction":[{"@type":"SearchAction","target":{"@type":"EntryPoint","urlTemplate":"https:\/\/dev4.devmitsinformatica.com\/en\/?s={search_term_string}"},"query-input":{"@type":"PropertyValueSpecification","valueRequired":true,"valueName":"search_term_string"}}],"inLanguage":"en-US"},{"@type":"Organization","@id":"https:\/\/dev4.devmitsinformatica.com\/en\/#organization","name":"ANDEN Graffiti Shop Barcelona","url":"https:\/\/dev4.devmitsinformatica.com\/en\/","logo":{"@type":"ImageObject","inLanguage":"en-US","@id":"https:\/\/dev4.devmitsinformatica.com\/en\/#\/schema\/logo\/image\/","url":"https:\/\/dev4.devmitsinformatica.com\/wp-content\/uploads\/2016\/11\/graffiti-gallery-barcelona.png","contentUrl":"https:\/\/dev4.devmitsinformatica.com\/wp-content\/uploads\/2016\/11\/graffiti-gallery-barcelona.png","width":386,"height":150,"caption":"ANDEN Graffiti Shop Barcelona"},"image":{"@id":"https:\/\/dev4.devmitsinformatica.com\/en\/#\/schema\/logo\/image\/"}}]}},"_links":{"self":[{"href":"https:\/\/dev4.devmitsinformatica.com\/en\/wp-json\/wp\/v2\/product\/2335","targetHints":{"allow":["GET"]}}],"collection":[{"href":"https:\/\/dev4.devmitsinformatica.com\/en\/wp-json\/wp\/v2\/product"}],"about":[{"href":"https:\/\/dev4.devmitsinformatica.com\/en\/wp-json\/wp\/v2\/types\/product"}],"replies":[{"embeddable":true,"href":"https:\/\/dev4.devmitsinformatica.com\/en\/wp-json\/wp\/v2\/comments?post=2335"}],"version-history":[{"count":0,"href":"https:\/\/dev4.devmitsinformatica.com\/en\/wp-json\/wp\/v2\/product\/2335\/revisions"}],"wp:featuredmedia":[{"embeddable":true,"href":"https:\/\/dev4.devmitsinformatica.com\/en\/wp-json\/wp\/v2\/media\/964"}],"wp:attachment":[{"href":"https:\/\/dev4.devmitsinformatica.com\/en\/wp-json\/wp\/v2\/media?parent=2335"}],"wp:term":[{"taxonomy":"product_brand","embeddable":true,"href":"https:\/\/dev4.devmitsinformatica.com\/en\/wp-json\/wp\/v2\/product_brand?post=2335"},{"taxonomy":"product_cat","embeddable":true,"href":"https:\/\/dev4.devmitsinformatica.com\/en\/wp-json\/wp\/v2\/product_cat?post=2335"},{"taxonomy":"product_tag","embeddable":true,"href":"https:\/\/dev4.devmitsinformatica.com\/en\/wp-json\/wp\/v2\/product_tag?post=2335"}],"curies":[{"name":"wp","href":"https:\/\/api.w.org\/{rel}","templated":true}]}}