{"id":2336,"date":"2016-09-01T20:18:25","date_gmt":"2016-09-01T20:18:25","guid":{"rendered":"http:\/\/spraygraffiti.com\/index.php\/product\/montana-a4-blackbook-formato-oblongo\/"},"modified":"2023-10-16T09:57:42","modified_gmt":"2023-10-16T09:57:42","slug":"montana-a4-blackbook-formato-oblongo","status":"publish","type":"product","link":"https:\/\/dev4.devmitsinformatica.com\/en\/shop\/graffiti-sketchbooks-shop-barcelona\/montana-a4-blackbook-formato-oblongo\/","title":{"rendered":"Montana A4 Blackbook"},"content":{"rendered":"<h1><span style=\"text-decoration: underline;\">Montana A4 Blackbook\u00a0<\/span><\/h1>\n<p><em><strong>Montana A4 Blackbook<\/strong><\/em> formato Horizontal. Los Montana BlackBooks son ideales para bocetos y dibujos. El papel brillante, no absorbente es compatible con la intensidad del color y previene \u00a0del sangrado mientras se dibuja. Las p\u00e1ginas de portada y la cubierta son de color negro. Adem\u00e1s, el logotipo impreso de Montana est\u00e1 en la portada.<\/p>\n<p>El <strong>Montana Blackbook<\/strong> A4 Landscape, es sin duda uno de los<strong> blackbooks<\/strong> cl\u00e1sicos de todo escritor de graffiti y muralista que se precie. Sus 144 Hojas de 120 gramos lo convierten en un blackbook para todas las disciplinas pict\u00f3ricas y art\u00edsticas. Rotuladores base alcohol, rotuladores acr\u00edlicos, acuarela, pincel&#8230; util\u00edzalo con la t\u00e9cnica que mejor se adapte a tu estilo. Recomendamos planchar el papel si se utiliza con t\u00e9cnicas acuosas muy diluidas para devolverle la forma original despu\u00e9s de finalizar la obra. Para ello coloca un papel encima y otro bajo este y aplicale calor. Solo en caso de sufrir deformidad. Todav\u00eda no tienes tu montana blackbook? Pide ahora tu montana blackbook en tu tienda de graffiti y rotuladores Ultrawide.<\/p>\n<p>\u2022 Tapa dura \u2022 144 Hojas de 120 g \/ m\u00b2 \u2022 A4<br \/>\n\u2022 Tapa dura<br \/>\n\u2022 144 Hojas120 g \/ m\u00b2<br \/>\n\u2022 A4 Formato apaisado<br \/>\n\u2022 marcadores<\/p>\n<p>Blackbook montana, Blackbook A4, Blackbook bocetos, Blackbook Horizontal, libreta para bocetos, papel 120 gramos<\/p>\n","protected":false},"excerpt":{"rendered":"<p>Los Montana <strong><em>BlackBooks<\/em><\/strong> son ideales para bocetos y dibujos. El papel brillante, no absorbente es compatible con la intensidad del color y previene \u00a0del sangrado mientras se dibuja. Las p\u00e1ginas de portada y la cubierta son de color negro. Adem\u00e1s, el logotipo impreso de Montana est\u00e1 en la portada. \u2022 Tapa dura \u2022 144 Hojas de 120 g \/ m\u00b2 \u2022 A4<br \/>\n\u2022 Tapa dura<br \/>\n\u2022 144 Hojas120 g \/ m\u00b2<br \/>\n\u2022 A4 Formato apaisado<br \/>\n\u2022 marcadores<\/p>\n","protected":false},"featured_media":968,"comment_status":"closed","ping_status":"closed","template":"","meta":{"site-sidebar-layout":"default","site-content-layout":"","ast-site-content-layout":"default","site-content-style":"default","site-sidebar-style":"default","ast-global-header-display":"","ast-banner-title-visibility":"","ast-main-header-display":"","ast-hfb-above-header-display":"","ast-hfb-below-header-display":"","ast-hfb-mobile-header-display":"","site-post-title":"","ast-breadcrumbs-content":"","ast-featured-img":"","footer-sml-layout":"","ast-disable-related-posts":"","theme-transparent-header-meta":"","adv-header-id-meta":"","stick-header-meta":"","header-above-stick-meta":"","header-main-stick-meta":"","header-below-stick-meta":"","astra-migrate-meta-layouts":"default","ast-page-background-enabled":"default","ast-page-background-meta":{"desktop":{"background-color":"","background-image":"","background-repeat":"repeat","background-position":"center center","background-size":"auto","background-attachment":"scroll","background-type":"","background-media":"","overlay-type":"","overlay-color":"","overlay-opacity":"","overlay-gradient":""},"tablet":{"background-color":"","background-image":"","background-repeat":"repeat","background-position":"center center","background-size":"auto","background-attachment":"scroll","background-type":"","background-media":"","overlay-type":"","overlay-color":"","overlay-opacity":"","overlay-gradient":""},"mobile":{"background-color":"","background-image":"","background-repeat":"repeat","background-position":"center center","background-size":"auto","background-attachment":"scroll","background-type":"","background-media":"","overlay-type":"","overlay-color":"","overlay-opacity":"","overlay-gradient":""}},"ast-content-background-meta":{"desktop":{"background-color":"var(--ast-global-color-5)","background-image":"","background-repeat":"repeat","background-position":"center center","background-size":"auto","background-attachment":"scroll","background-type":"","background-media":"","overlay-type":"","overlay-color":"","overlay-opacity":"","overlay-gradient":""},"tablet":{"background-color":"var(--ast-global-color-5)","background-image":"","background-repeat":"repeat","background-position":"center center","background-size":"auto","background-attachment":"scroll","background-type":"","background-media":"","overlay-type":"","overlay-color":"","overlay-opacity":"","overlay-gradient":""},"mobile":{"background-color":"var(--ast-global-color-5)","background-image":"","background-repeat":"repeat","background-position":"center center","background-size":"auto","background-attachment":"scroll","background-type":"","background-media":"","overlay-type":"","overlay-color":"","overlay-opacity":"","overlay-gradient":""}}},"product_brand":[],"product_cat":[9],"product_tag":[2185,3816,3246,2188,3800,3819,3817,3818,3821,2187,3820,2193,1019,2189],"class_list":{"0":"post-2336","1":"product","2":"type-product","3":"status-publish","4":"has-post-thumbnail","6":"product_cat-graffiti-sketchbooks-shop-barcelona","7":"product_tag-barato-blackbook-libro","8":"product_tag-blackbook-a4","9":"product_tag-blackbook-graffiti","10":"product_tag-blackbook-libro-barato","11":"product_tag-blackbook-montana","12":"product_tag-blackbook-sketch","13":"product_tag-comprar-cuaderno-blackbook","14":"product_tag-comprar-libreta-blackbook","15":"product_tag-cuaderno-blackbook-barato","16":"product_tag-graffiti-blackbook-dibujos","17":"product_tag-graffiti-blackbook-precio","18":"product_tag-libro-dibujos-blackbook","19":"product_tag-montana","20":"product_tag-precio-blackbook-graffiti","21":"desktop-align-left","22":"tablet-align-left","23":"mobile-align-left","25":"first","26":"instock","27":"purchasable","28":"product-type-simple"},"yoast_head":"<!-- This site is optimized with the Yoast SEO plugin v27.0 - https:\/\/yoast.com\/product\/yoast-seo-wordpress\/ -->\n<title>Montana A4 Blackbook Ultrawide Graffiti Shop Barcelona<\/title>\n<meta name=\"description\" content=\"montana a4 blackbook en tienda bellas artes online. rotuladores para arte? tienda graffiti, ropa street art y montana colores. materiales bellas artes.\" \/>\n<meta name=\"robots\" content=\"index, follow, max-snippet:-1, max-image-preview:large, max-video-preview:-1\" \/>\n<link rel=\"canonical\" href=\"https:\/\/dev4.devmitsinformatica.com\/en\/shop\/graffiti-sketchbooks-shop-barcelona\/montana-a4-blackbook-formato-oblongo\/\" \/>\n<meta property=\"og:locale\" content=\"en_US\" \/>\n<meta property=\"og:type\" content=\"article\" \/>\n<meta property=\"og:title\" content=\"Montana A4 Blackbook Ultrawide Graffiti Shop Barcelona\" \/>\n<meta property=\"og:description\" content=\"montana a4 blackbook en tienda bellas artes online. rotuladores para arte? tienda graffiti, ropa street art y montana colores. materiales bellas artes.\" \/>\n<meta property=\"og:url\" content=\"https:\/\/dev4.devmitsinformatica.com\/en\/shop\/graffiti-sketchbooks-shop-barcelona\/montana-a4-blackbook-formato-oblongo\/\" \/>\n<meta property=\"og:site_name\" content=\"ULTRAWIDE GRAFFITI SHOP\" \/>\n<meta property=\"article:modified_time\" content=\"2023-10-16T09:57:42+00:00\" \/>\n<meta property=\"og:image\" content=\"https:\/\/dev4.devmitsinformatica.com\/wp-content\/uploads\/2016\/08\/mo-blackbook_landscpae_a4.jpg\" \/>\n\t<meta property=\"og:image:width\" content=\"500\" \/>\n\t<meta property=\"og:image:height\" content=\"500\" \/>\n\t<meta property=\"og:image:type\" content=\"image\/jpeg\" \/>\n<meta name=\"twitter:card\" content=\"summary_large_image\" \/>\n<meta name=\"twitter:label1\" content=\"Est. reading time\" \/>\n\t<meta name=\"twitter:data1\" content=\"1 minute\" \/>\n<script type=\"application\/ld+json\" class=\"yoast-schema-graph\">{\"@context\":\"https:\/\/schema.org\",\"@graph\":[{\"@type\":\"WebPage\",\"@id\":\"https:\/\/dev4.devmitsinformatica.com\/en\/shop\/graffiti-sketchbooks-shop-barcelona\/montana-a4-blackbook-formato-oblongo\/\",\"url\":\"https:\/\/dev4.devmitsinformatica.com\/en\/shop\/graffiti-sketchbooks-shop-barcelona\/montana-a4-blackbook-formato-oblongo\/\",\"name\":\"Montana A4 Blackbook Ultrawide Graffiti Shop Barcelona\",\"isPartOf\":{\"@id\":\"https:\/\/dev4.devmitsinformatica.com\/en\/#website\"},\"primaryImageOfPage\":{\"@id\":\"https:\/\/dev4.devmitsinformatica.com\/en\/shop\/graffiti-sketchbooks-shop-barcelona\/montana-a4-blackbook-formato-oblongo\/#primaryimage\"},\"image\":{\"@id\":\"https:\/\/dev4.devmitsinformatica.com\/en\/shop\/graffiti-sketchbooks-shop-barcelona\/montana-a4-blackbook-formato-oblongo\/#primaryimage\"},\"thumbnailUrl\":\"https:\/\/dev4.devmitsinformatica.com\/wp-content\/uploads\/2016\/08\/mo-blackbook_landscpae_a4.jpg\",\"datePublished\":\"2016-09-01T20:18:25+00:00\",\"dateModified\":\"2023-10-16T09:57:42+00:00\",\"description\":\"montana a4 blackbook en tienda bellas artes online. rotuladores para arte? tienda graffiti, ropa street art y montana colores. materiales bellas artes.\",\"breadcrumb\":{\"@id\":\"https:\/\/dev4.devmitsinformatica.com\/en\/shop\/graffiti-sketchbooks-shop-barcelona\/montana-a4-blackbook-formato-oblongo\/#breadcrumb\"},\"inLanguage\":\"en-US\",\"potentialAction\":[{\"@type\":\"ReadAction\",\"target\":[\"https:\/\/dev4.devmitsinformatica.com\/en\/shop\/graffiti-sketchbooks-shop-barcelona\/montana-a4-blackbook-formato-oblongo\/\"]}]},{\"@type\":\"ImageObject\",\"inLanguage\":\"en-US\",\"@id\":\"https:\/\/dev4.devmitsinformatica.com\/en\/shop\/graffiti-sketchbooks-shop-barcelona\/montana-a4-blackbook-formato-oblongo\/#primaryimage\",\"url\":\"https:\/\/dev4.devmitsinformatica.com\/wp-content\/uploads\/2016\/08\/mo-blackbook_landscpae_a4.jpg\",\"contentUrl\":\"https:\/\/dev4.devmitsinformatica.com\/wp-content\/uploads\/2016\/08\/mo-blackbook_landscpae_a4.jpg\",\"width\":500,\"height\":500},{\"@type\":\"BreadcrumbList\",\"@id\":\"https:\/\/dev4.devmitsinformatica.com\/en\/shop\/graffiti-sketchbooks-shop-barcelona\/montana-a4-blackbook-formato-oblongo\/#breadcrumb\",\"itemListElement\":[{\"@type\":\"ListItem\",\"position\":1,\"name\":\"Home\",\"item\":\"https:\/\/dev4.devmitsinformatica.com\/en\/\"},{\"@type\":\"ListItem\",\"position\":2,\"name\":\"Store\",\"item\":\"https:\/\/dev4.devmitsinformatica.com\/?page_id=38\"},{\"@type\":\"ListItem\",\"position\":3,\"name\":\"Montana A4 Blackbook\"}]},{\"@type\":\"WebSite\",\"@id\":\"https:\/\/dev4.devmitsinformatica.com\/en\/#website\",\"url\":\"https:\/\/dev4.devmitsinformatica.com\/en\/\",\"name\":\"ULTRAWIDE GRAFFITI SHOP\",\"description\":\"SPRAY GRAFFITI SHOP CAPS Y ROTULADORES\",\"publisher\":{\"@id\":\"https:\/\/dev4.devmitsinformatica.com\/en\/#organization\"},\"potentialAction\":[{\"@type\":\"SearchAction\",\"target\":{\"@type\":\"EntryPoint\",\"urlTemplate\":\"https:\/\/dev4.devmitsinformatica.com\/en\/?s={search_term_string}\"},\"query-input\":{\"@type\":\"PropertyValueSpecification\",\"valueRequired\":true,\"valueName\":\"search_term_string\"}}],\"inLanguage\":\"en-US\"},{\"@type\":\"Organization\",\"@id\":\"https:\/\/dev4.devmitsinformatica.com\/en\/#organization\",\"name\":\"ANDEN Graffiti Shop Barcelona\",\"url\":\"https:\/\/dev4.devmitsinformatica.com\/en\/\",\"logo\":{\"@type\":\"ImageObject\",\"inLanguage\":\"en-US\",\"@id\":\"https:\/\/dev4.devmitsinformatica.com\/en\/#\/schema\/logo\/image\/\",\"url\":\"https:\/\/dev4.devmitsinformatica.com\/wp-content\/uploads\/2016\/11\/graffiti-gallery-barcelona.png\",\"contentUrl\":\"https:\/\/dev4.devmitsinformatica.com\/wp-content\/uploads\/2016\/11\/graffiti-gallery-barcelona.png\",\"width\":386,\"height\":150,\"caption\":\"ANDEN Graffiti Shop Barcelona\"},\"image\":{\"@id\":\"https:\/\/dev4.devmitsinformatica.com\/en\/#\/schema\/logo\/image\/\"}}]}<\/script>\n<!-- \/ Yoast SEO plugin. -->","yoast_head_json":{"title":"Montana A4 Blackbook Ultrawide Graffiti Shop Barcelona","description":"montana a4 blackbook en tienda bellas artes online. rotuladores para arte? tienda graffiti, ropa street art y montana colores. materiales bellas artes.","robots":{"index":"index","follow":"follow","max-snippet":"max-snippet:-1","max-image-preview":"max-image-preview:large","max-video-preview":"max-video-preview:-1"},"canonical":"https:\/\/dev4.devmitsinformatica.com\/en\/shop\/graffiti-sketchbooks-shop-barcelona\/montana-a4-blackbook-formato-oblongo\/","og_locale":"en_US","og_type":"article","og_title":"Montana A4 Blackbook Ultrawide Graffiti Shop Barcelona","og_description":"montana a4 blackbook en tienda bellas artes online. rotuladores para arte? tienda graffiti, ropa street art y montana colores. materiales bellas artes.","og_url":"https:\/\/dev4.devmitsinformatica.com\/en\/shop\/graffiti-sketchbooks-shop-barcelona\/montana-a4-blackbook-formato-oblongo\/","og_site_name":"ULTRAWIDE GRAFFITI SHOP","article_modified_time":"2023-10-16T09:57:42+00:00","og_image":[{"width":500,"height":500,"url":"https:\/\/dev4.devmitsinformatica.com\/wp-content\/uploads\/2016\/08\/mo-blackbook_landscpae_a4.jpg","type":"image\/jpeg"}],"twitter_card":"summary_large_image","twitter_misc":{"Est. reading time":"1 minute"},"schema":{"@context":"https:\/\/schema.org","@graph":[{"@type":"WebPage","@id":"https:\/\/dev4.devmitsinformatica.com\/en\/shop\/graffiti-sketchbooks-shop-barcelona\/montana-a4-blackbook-formato-oblongo\/","url":"https:\/\/dev4.devmitsinformatica.com\/en\/shop\/graffiti-sketchbooks-shop-barcelona\/montana-a4-blackbook-formato-oblongo\/","name":"Montana A4 Blackbook Ultrawide Graffiti Shop Barcelona","isPartOf":{"@id":"https:\/\/dev4.devmitsinformatica.com\/en\/#website"},"primaryImageOfPage":{"@id":"https:\/\/dev4.devmitsinformatica.com\/en\/shop\/graffiti-sketchbooks-shop-barcelona\/montana-a4-blackbook-formato-oblongo\/#primaryimage"},"image":{"@id":"https:\/\/dev4.devmitsinformatica.com\/en\/shop\/graffiti-sketchbooks-shop-barcelona\/montana-a4-blackbook-formato-oblongo\/#primaryimage"},"thumbnailUrl":"https:\/\/dev4.devmitsinformatica.com\/wp-content\/uploads\/2016\/08\/mo-blackbook_landscpae_a4.jpg","datePublished":"2016-09-01T20:18:25+00:00","dateModified":"2023-10-16T09:57:42+00:00","description":"montana a4 blackbook en tienda bellas artes online. rotuladores para arte? tienda graffiti, ropa street art y montana colores. materiales bellas artes.","breadcrumb":{"@id":"https:\/\/dev4.devmitsinformatica.com\/en\/shop\/graffiti-sketchbooks-shop-barcelona\/montana-a4-blackbook-formato-oblongo\/#breadcrumb"},"inLanguage":"en-US","potentialAction":[{"@type":"ReadAction","target":["https:\/\/dev4.devmitsinformatica.com\/en\/shop\/graffiti-sketchbooks-shop-barcelona\/montana-a4-blackbook-formato-oblongo\/"]}]},{"@type":"ImageObject","inLanguage":"en-US","@id":"https:\/\/dev4.devmitsinformatica.com\/en\/shop\/graffiti-sketchbooks-shop-barcelona\/montana-a4-blackbook-formato-oblongo\/#primaryimage","url":"https:\/\/dev4.devmitsinformatica.com\/wp-content\/uploads\/2016\/08\/mo-blackbook_landscpae_a4.jpg","contentUrl":"https:\/\/dev4.devmitsinformatica.com\/wp-content\/uploads\/2016\/08\/mo-blackbook_landscpae_a4.jpg","width":500,"height":500},{"@type":"BreadcrumbList","@id":"https:\/\/dev4.devmitsinformatica.com\/en\/shop\/graffiti-sketchbooks-shop-barcelona\/montana-a4-blackbook-formato-oblongo\/#breadcrumb","itemListElement":[{"@type":"ListItem","position":1,"name":"Home","item":"https:\/\/dev4.devmitsinformatica.com\/en\/"},{"@type":"ListItem","position":2,"name":"Store","item":"https:\/\/dev4.devmitsinformatica.com\/?page_id=38"},{"@type":"ListItem","position":3,"name":"Montana A4 Blackbook"}]},{"@type":"WebSite","@id":"https:\/\/dev4.devmitsinformatica.com\/en\/#website","url":"https:\/\/dev4.devmitsinformatica.com\/en\/","name":"ULTRAWIDE GRAFFITI SHOP","description":"SPRAY GRAFFITI SHOP CAPS Y ROTULADORES","publisher":{"@id":"https:\/\/dev4.devmitsinformatica.com\/en\/#organization"},"potentialAction":[{"@type":"SearchAction","target":{"@type":"EntryPoint","urlTemplate":"https:\/\/dev4.devmitsinformatica.com\/en\/?s={search_term_string}"},"query-input":{"@type":"PropertyValueSpecification","valueRequired":true,"valueName":"search_term_string"}}],"inLanguage":"en-US"},{"@type":"Organization","@id":"https:\/\/dev4.devmitsinformatica.com\/en\/#organization","name":"ANDEN Graffiti Shop Barcelona","url":"https:\/\/dev4.devmitsinformatica.com\/en\/","logo":{"@type":"ImageObject","inLanguage":"en-US","@id":"https:\/\/dev4.devmitsinformatica.com\/en\/#\/schema\/logo\/image\/","url":"https:\/\/dev4.devmitsinformatica.com\/wp-content\/uploads\/2016\/11\/graffiti-gallery-barcelona.png","contentUrl":"https:\/\/dev4.devmitsinformatica.com\/wp-content\/uploads\/2016\/11\/graffiti-gallery-barcelona.png","width":386,"height":150,"caption":"ANDEN Graffiti Shop Barcelona"},"image":{"@id":"https:\/\/dev4.devmitsinformatica.com\/en\/#\/schema\/logo\/image\/"}}]}},"_links":{"self":[{"href":"https:\/\/dev4.devmitsinformatica.com\/en\/wp-json\/wp\/v2\/product\/2336","targetHints":{"allow":["GET"]}}],"collection":[{"href":"https:\/\/dev4.devmitsinformatica.com\/en\/wp-json\/wp\/v2\/product"}],"about":[{"href":"https:\/\/dev4.devmitsinformatica.com\/en\/wp-json\/wp\/v2\/types\/product"}],"replies":[{"embeddable":true,"href":"https:\/\/dev4.devmitsinformatica.com\/en\/wp-json\/wp\/v2\/comments?post=2336"}],"version-history":[{"count":0,"href":"https:\/\/dev4.devmitsinformatica.com\/en\/wp-json\/wp\/v2\/product\/2336\/revisions"}],"wp:featuredmedia":[{"embeddable":true,"href":"https:\/\/dev4.devmitsinformatica.com\/en\/wp-json\/wp\/v2\/media\/968"}],"wp:attachment":[{"href":"https:\/\/dev4.devmitsinformatica.com\/en\/wp-json\/wp\/v2\/media?parent=2336"}],"wp:term":[{"taxonomy":"product_brand","embeddable":true,"href":"https:\/\/dev4.devmitsinformatica.com\/en\/wp-json\/wp\/v2\/product_brand?post=2336"},{"taxonomy":"product_cat","embeddable":true,"href":"https:\/\/dev4.devmitsinformatica.com\/en\/wp-json\/wp\/v2\/product_cat?post=2336"},{"taxonomy":"product_tag","embeddable":true,"href":"https:\/\/dev4.devmitsinformatica.com\/en\/wp-json\/wp\/v2\/product_tag?post=2336"}],"curies":[{"name":"wp","href":"https:\/\/api.w.org\/{rel}","templated":true}]}}