{"id":2337,"date":"2016-09-01T20:18:25","date_gmt":"2016-09-01T20:18:25","guid":{"rendered":"http:\/\/spraygraffiti.com\/index.php\/product\/montana-a5-blackbook-formato-oblongo\/"},"modified":"2023-10-16T09:59:38","modified_gmt":"2023-10-16T09:59:38","slug":"montana-a5-blackbook-formato-oblongo","status":"publish","type":"product","link":"https:\/\/dev4.devmitsinformatica.com\/en\/shop\/graffiti-sketchbooks-shop-barcelona\/montana-a5-blackbook-formato-oblongo\/","title":{"rendered":"Montana A5 Blackbook"},"content":{"rendered":"<h1><span style=\"text-decoration: underline;\">Montana A5 Blackbook\u00a0<\/span><\/h1>\n<p><strong><em>Montana A5 Blackbook <\/em><\/strong>.\u00a0 Los Montana <span style=\"text-decoration: underline;\"><strong><em>BlackBooks<\/em><\/strong><\/span> son ideales para bocetos y dibujos. El papel brillante, no absorbente es compatible con la intensidad del color y previene \u00a0del sangrado mientras se dibuja. Las p\u00e1ginas de portada y la cubierta son de color negro. Adem\u00e1s, el logotipo impreso de Montana est\u00e1 en la portada. \u2022<\/p>\n<p>Un Blackbook de tapa dura y de tama\u00f1o mediano, perfecto para llevar en tu mochila junto a tu estuche para rotuladores montana wallet o tu montana utility bag. El blackbook port\u00e1til y pr\u00e1ctico que puedes llevar a cualquier parte para dar rienda suelta a tu creatividad. Pide tu blackbook montana A5, un elemento indispensable para cualquier artista. 144 hojas de 120 gramos de gramaje ideal para pintar con rotuladores acr\u00edlicos, rotuladores acuarelables o rotuladores base alcohol para sketch, c\u00f3mic, manga o bocetos.<\/p>\n<p>Realiza los bocetos de tus piezas previo paso a los muros, el montana blackbook A5 es el cuaderno perfecto en dimensiones para llevarlo siempre contigo. Buscas un graffiti blackbook? Ultrawide Barcelona tiene tu graffiti blackbook y mas.<\/p>\n<p>Tapa dura \u2022 144 Hojas de 120 g \/ m\u00b2 \u2022 A5<br \/>\n\u2022 Tapa dura<br \/>\n\u2022 144 <em>Hojas 120 g \/ m\u00b2<\/em><br \/>\n\u2022 <strong>A5<\/strong> Formato apaisado<br \/>\n\u2022 marcadores<\/p>\n","protected":false},"excerpt":{"rendered":"<p>Los <em><strong>Montana BlackBook<\/strong><\/em>\u00a0son ideales para bocetos y dibujos. El papel brillante, no absorbente es compatible con la intensidad del color y previene \u00a0del sangrado mientras se dibuja. Las p\u00e1ginas de portada y la cubierta son de color negro. Adem\u00e1s, el logotipo impreso de Montana est\u00e1 en la portada. \u2022 Tapa dura \u2022 144 Hojas de 120 g \/ m\u00b2 \u2022 <em>A5<\/em><br \/>\n\u2022 Tapa dura<br \/>\n\u2022 144 Hojas120 g \/ m\u00b2<br \/>\n\u2022 A5 Formato apaisado<br \/>\n\u2022 marcadores<\/p>\n","protected":false},"featured_media":970,"comment_status":"closed","ping_status":"closed","template":"","meta":{"site-sidebar-layout":"default","site-content-layout":"","ast-site-content-layout":"default","site-content-style":"default","site-sidebar-style":"default","ast-global-header-display":"","ast-banner-title-visibility":"","ast-main-header-display":"","ast-hfb-above-header-display":"","ast-hfb-below-header-display":"","ast-hfb-mobile-header-display":"","site-post-title":"","ast-breadcrumbs-content":"","ast-featured-img":"","footer-sml-layout":"","ast-disable-related-posts":"","theme-transparent-header-meta":"","adv-header-id-meta":"","stick-header-meta":"","header-above-stick-meta":"","header-main-stick-meta":"","header-below-stick-meta":"","astra-migrate-meta-layouts":"default","ast-page-background-enabled":"default","ast-page-background-meta":{"desktop":{"background-color":"","background-image":"","background-repeat":"repeat","background-position":"center center","background-size":"auto","background-attachment":"scroll","background-type":"","background-media":"","overlay-type":"","overlay-color":"","overlay-opacity":"","overlay-gradient":""},"tablet":{"background-color":"","background-image":"","background-repeat":"repeat","background-position":"center center","background-size":"auto","background-attachment":"scroll","background-type":"","background-media":"","overlay-type":"","overlay-color":"","overlay-opacity":"","overlay-gradient":""},"mobile":{"background-color":"","background-image":"","background-repeat":"repeat","background-position":"center center","background-size":"auto","background-attachment":"scroll","background-type":"","background-media":"","overlay-type":"","overlay-color":"","overlay-opacity":"","overlay-gradient":""}},"ast-content-background-meta":{"desktop":{"background-color":"var(--ast-global-color-5)","background-image":"","background-repeat":"repeat","background-position":"center center","background-size":"auto","background-attachment":"scroll","background-type":"","background-media":"","overlay-type":"","overlay-color":"","overlay-opacity":"","overlay-gradient":""},"tablet":{"background-color":"var(--ast-global-color-5)","background-image":"","background-repeat":"repeat","background-position":"center center","background-size":"auto","background-attachment":"scroll","background-type":"","background-media":"","overlay-type":"","overlay-color":"","overlay-opacity":"","overlay-gradient":""},"mobile":{"background-color":"var(--ast-global-color-5)","background-image":"","background-repeat":"repeat","background-position":"center center","background-size":"auto","background-attachment":"scroll","background-type":"","background-media":"","overlay-type":"","overlay-color":"","overlay-opacity":"","overlay-gradient":""}}},"product_brand":[],"product_cat":[9],"product_tag":[2210,3802,2195,3801,3800,3804,3805,3806,2196,1019,3803],"class_list":{"0":"post-2337","1":"product","2":"type-product","3":"status-publish","4":"has-post-thumbnail","6":"product_cat-graffiti-sketchbooks-shop-barcelona","7":"product_tag-barato-blackbook-graffiti","8":"product_tag-blackbook-cuaderno-comprar","9":"product_tag-blackbook-graffiti-precio","10":"product_tag-blackbook-llibreta-dibujo","11":"product_tag-blackbook-montana","12":"product_tag-blackbooks-precio-dibujo","13":"product_tag-comprar-blackbooks-graffiti","14":"product_tag-comprar-cuadernos-blackbook","15":"product_tag-libro-blackbook-precio","16":"product_tag-montana","17":"product_tag-montana-blackbooks-precio","18":"desktop-align-left","19":"tablet-align-left","20":"mobile-align-left","22":"first","23":"instock","24":"purchasable","25":"product-type-simple"},"yoast_head":"<!-- This site is optimized with the Yoast SEO plugin v27.0 - https:\/\/yoast.com\/product\/yoast-seo-wordpress\/ -->\n<title>Montana A5 Blackbook Ultrawide Graffiti Shop Barcelona<\/title>\n<meta name=\"description\" content=\"tienda bellas artes online. tienda bellas artes online? tienda graffiti, ropa street art y montana colores. graffiti? tienda bellas artes online.\" \/>\n<meta name=\"robots\" content=\"index, follow, max-snippet:-1, max-image-preview:large, max-video-preview:-1\" \/>\n<link rel=\"canonical\" href=\"https:\/\/dev4.devmitsinformatica.com\/en\/shop\/graffiti-sketchbooks-shop-barcelona\/montana-a5-blackbook-formato-oblongo\/\" \/>\n<meta property=\"og:locale\" content=\"en_US\" \/>\n<meta property=\"og:type\" content=\"article\" \/>\n<meta property=\"og:title\" content=\"Montana A5 Blackbook Ultrawide Graffiti Shop Barcelona\" \/>\n<meta property=\"og:description\" content=\"tienda bellas artes online. tienda bellas artes online? tienda graffiti, ropa street art y montana colores. graffiti? tienda bellas artes online.\" \/>\n<meta property=\"og:url\" content=\"https:\/\/dev4.devmitsinformatica.com\/en\/shop\/graffiti-sketchbooks-shop-barcelona\/montana-a5-blackbook-formato-oblongo\/\" \/>\n<meta property=\"og:site_name\" content=\"ULTRAWIDE GRAFFITI SHOP\" \/>\n<meta property=\"article:modified_time\" content=\"2023-10-16T09:59:38+00:00\" \/>\n<meta property=\"og:image\" content=\"https:\/\/dev4.devmitsinformatica.com\/wp-content\/uploads\/2016\/08\/Sketchbook_A5_1.jpg\" \/>\n\t<meta property=\"og:image:width\" content=\"500\" \/>\n\t<meta property=\"og:image:height\" content=\"500\" \/>\n\t<meta property=\"og:image:type\" content=\"image\/jpeg\" \/>\n<meta name=\"twitter:card\" content=\"summary_large_image\" \/>\n<meta name=\"twitter:label1\" content=\"Est. reading time\" \/>\n\t<meta name=\"twitter:data1\" content=\"1 minute\" \/>\n<script type=\"application\/ld+json\" class=\"yoast-schema-graph\">{\"@context\":\"https:\/\/schema.org\",\"@graph\":[{\"@type\":\"WebPage\",\"@id\":\"https:\/\/dev4.devmitsinformatica.com\/en\/shop\/graffiti-sketchbooks-shop-barcelona\/montana-a5-blackbook-formato-oblongo\/\",\"url\":\"https:\/\/dev4.devmitsinformatica.com\/en\/shop\/graffiti-sketchbooks-shop-barcelona\/montana-a5-blackbook-formato-oblongo\/\",\"name\":\"Montana A5 Blackbook Ultrawide Graffiti Shop Barcelona\",\"isPartOf\":{\"@id\":\"https:\/\/dev4.devmitsinformatica.com\/en\/#website\"},\"primaryImageOfPage\":{\"@id\":\"https:\/\/dev4.devmitsinformatica.com\/en\/shop\/graffiti-sketchbooks-shop-barcelona\/montana-a5-blackbook-formato-oblongo\/#primaryimage\"},\"image\":{\"@id\":\"https:\/\/dev4.devmitsinformatica.com\/en\/shop\/graffiti-sketchbooks-shop-barcelona\/montana-a5-blackbook-formato-oblongo\/#primaryimage\"},\"thumbnailUrl\":\"https:\/\/dev4.devmitsinformatica.com\/wp-content\/uploads\/2016\/08\/Sketchbook_A5_1.jpg\",\"datePublished\":\"2016-09-01T20:18:25+00:00\",\"dateModified\":\"2023-10-16T09:59:38+00:00\",\"description\":\"tienda bellas artes online. tienda bellas artes online? tienda graffiti, ropa street art y montana colores. graffiti? tienda bellas artes online.\",\"breadcrumb\":{\"@id\":\"https:\/\/dev4.devmitsinformatica.com\/en\/shop\/graffiti-sketchbooks-shop-barcelona\/montana-a5-blackbook-formato-oblongo\/#breadcrumb\"},\"inLanguage\":\"en-US\",\"potentialAction\":[{\"@type\":\"ReadAction\",\"target\":[\"https:\/\/dev4.devmitsinformatica.com\/en\/shop\/graffiti-sketchbooks-shop-barcelona\/montana-a5-blackbook-formato-oblongo\/\"]}]},{\"@type\":\"ImageObject\",\"inLanguage\":\"en-US\",\"@id\":\"https:\/\/dev4.devmitsinformatica.com\/en\/shop\/graffiti-sketchbooks-shop-barcelona\/montana-a5-blackbook-formato-oblongo\/#primaryimage\",\"url\":\"https:\/\/dev4.devmitsinformatica.com\/wp-content\/uploads\/2016\/08\/Sketchbook_A5_1.jpg\",\"contentUrl\":\"https:\/\/dev4.devmitsinformatica.com\/wp-content\/uploads\/2016\/08\/Sketchbook_A5_1.jpg\",\"width\":500,\"height\":500},{\"@type\":\"BreadcrumbList\",\"@id\":\"https:\/\/dev4.devmitsinformatica.com\/en\/shop\/graffiti-sketchbooks-shop-barcelona\/montana-a5-blackbook-formato-oblongo\/#breadcrumb\",\"itemListElement\":[{\"@type\":\"ListItem\",\"position\":1,\"name\":\"Home\",\"item\":\"https:\/\/dev4.devmitsinformatica.com\/en\/\"},{\"@type\":\"ListItem\",\"position\":2,\"name\":\"Store\",\"item\":\"https:\/\/dev4.devmitsinformatica.com\/?page_id=38\"},{\"@type\":\"ListItem\",\"position\":3,\"name\":\"Montana A5 Blackbook\"}]},{\"@type\":\"WebSite\",\"@id\":\"https:\/\/dev4.devmitsinformatica.com\/en\/#website\",\"url\":\"https:\/\/dev4.devmitsinformatica.com\/en\/\",\"name\":\"ULTRAWIDE GRAFFITI SHOP\",\"description\":\"SPRAY GRAFFITI SHOP CAPS Y ROTULADORES\",\"publisher\":{\"@id\":\"https:\/\/dev4.devmitsinformatica.com\/en\/#organization\"},\"potentialAction\":[{\"@type\":\"SearchAction\",\"target\":{\"@type\":\"EntryPoint\",\"urlTemplate\":\"https:\/\/dev4.devmitsinformatica.com\/en\/?s={search_term_string}\"},\"query-input\":{\"@type\":\"PropertyValueSpecification\",\"valueRequired\":true,\"valueName\":\"search_term_string\"}}],\"inLanguage\":\"en-US\"},{\"@type\":\"Organization\",\"@id\":\"https:\/\/dev4.devmitsinformatica.com\/en\/#organization\",\"name\":\"ANDEN Graffiti Shop Barcelona\",\"url\":\"https:\/\/dev4.devmitsinformatica.com\/en\/\",\"logo\":{\"@type\":\"ImageObject\",\"inLanguage\":\"en-US\",\"@id\":\"https:\/\/dev4.devmitsinformatica.com\/en\/#\/schema\/logo\/image\/\",\"url\":\"https:\/\/dev4.devmitsinformatica.com\/wp-content\/uploads\/2016\/11\/graffiti-gallery-barcelona.png\",\"contentUrl\":\"https:\/\/dev4.devmitsinformatica.com\/wp-content\/uploads\/2016\/11\/graffiti-gallery-barcelona.png\",\"width\":386,\"height\":150,\"caption\":\"ANDEN Graffiti Shop Barcelona\"},\"image\":{\"@id\":\"https:\/\/dev4.devmitsinformatica.com\/en\/#\/schema\/logo\/image\/\"}}]}<\/script>\n<!-- \/ Yoast SEO plugin. -->","yoast_head_json":{"title":"Montana A5 Blackbook Ultrawide Graffiti Shop Barcelona","description":"tienda bellas artes online. tienda bellas artes online? tienda graffiti, ropa street art y montana colores. graffiti? tienda bellas artes online.","robots":{"index":"index","follow":"follow","max-snippet":"max-snippet:-1","max-image-preview":"max-image-preview:large","max-video-preview":"max-video-preview:-1"},"canonical":"https:\/\/dev4.devmitsinformatica.com\/en\/shop\/graffiti-sketchbooks-shop-barcelona\/montana-a5-blackbook-formato-oblongo\/","og_locale":"en_US","og_type":"article","og_title":"Montana A5 Blackbook Ultrawide Graffiti Shop Barcelona","og_description":"tienda bellas artes online. tienda bellas artes online? tienda graffiti, ropa street art y montana colores. graffiti? tienda bellas artes online.","og_url":"https:\/\/dev4.devmitsinformatica.com\/en\/shop\/graffiti-sketchbooks-shop-barcelona\/montana-a5-blackbook-formato-oblongo\/","og_site_name":"ULTRAWIDE GRAFFITI SHOP","article_modified_time":"2023-10-16T09:59:38+00:00","og_image":[{"width":500,"height":500,"url":"https:\/\/dev4.devmitsinformatica.com\/wp-content\/uploads\/2016\/08\/Sketchbook_A5_1.jpg","type":"image\/jpeg"}],"twitter_card":"summary_large_image","twitter_misc":{"Est. reading time":"1 minute"},"schema":{"@context":"https:\/\/schema.org","@graph":[{"@type":"WebPage","@id":"https:\/\/dev4.devmitsinformatica.com\/en\/shop\/graffiti-sketchbooks-shop-barcelona\/montana-a5-blackbook-formato-oblongo\/","url":"https:\/\/dev4.devmitsinformatica.com\/en\/shop\/graffiti-sketchbooks-shop-barcelona\/montana-a5-blackbook-formato-oblongo\/","name":"Montana A5 Blackbook Ultrawide Graffiti Shop Barcelona","isPartOf":{"@id":"https:\/\/dev4.devmitsinformatica.com\/en\/#website"},"primaryImageOfPage":{"@id":"https:\/\/dev4.devmitsinformatica.com\/en\/shop\/graffiti-sketchbooks-shop-barcelona\/montana-a5-blackbook-formato-oblongo\/#primaryimage"},"image":{"@id":"https:\/\/dev4.devmitsinformatica.com\/en\/shop\/graffiti-sketchbooks-shop-barcelona\/montana-a5-blackbook-formato-oblongo\/#primaryimage"},"thumbnailUrl":"https:\/\/dev4.devmitsinformatica.com\/wp-content\/uploads\/2016\/08\/Sketchbook_A5_1.jpg","datePublished":"2016-09-01T20:18:25+00:00","dateModified":"2023-10-16T09:59:38+00:00","description":"tienda bellas artes online. tienda bellas artes online? tienda graffiti, ropa street art y montana colores. graffiti? tienda bellas artes online.","breadcrumb":{"@id":"https:\/\/dev4.devmitsinformatica.com\/en\/shop\/graffiti-sketchbooks-shop-barcelona\/montana-a5-blackbook-formato-oblongo\/#breadcrumb"},"inLanguage":"en-US","potentialAction":[{"@type":"ReadAction","target":["https:\/\/dev4.devmitsinformatica.com\/en\/shop\/graffiti-sketchbooks-shop-barcelona\/montana-a5-blackbook-formato-oblongo\/"]}]},{"@type":"ImageObject","inLanguage":"en-US","@id":"https:\/\/dev4.devmitsinformatica.com\/en\/shop\/graffiti-sketchbooks-shop-barcelona\/montana-a5-blackbook-formato-oblongo\/#primaryimage","url":"https:\/\/dev4.devmitsinformatica.com\/wp-content\/uploads\/2016\/08\/Sketchbook_A5_1.jpg","contentUrl":"https:\/\/dev4.devmitsinformatica.com\/wp-content\/uploads\/2016\/08\/Sketchbook_A5_1.jpg","width":500,"height":500},{"@type":"BreadcrumbList","@id":"https:\/\/dev4.devmitsinformatica.com\/en\/shop\/graffiti-sketchbooks-shop-barcelona\/montana-a5-blackbook-formato-oblongo\/#breadcrumb","itemListElement":[{"@type":"ListItem","position":1,"name":"Home","item":"https:\/\/dev4.devmitsinformatica.com\/en\/"},{"@type":"ListItem","position":2,"name":"Store","item":"https:\/\/dev4.devmitsinformatica.com\/?page_id=38"},{"@type":"ListItem","position":3,"name":"Montana A5 Blackbook"}]},{"@type":"WebSite","@id":"https:\/\/dev4.devmitsinformatica.com\/en\/#website","url":"https:\/\/dev4.devmitsinformatica.com\/en\/","name":"ULTRAWIDE GRAFFITI SHOP","description":"SPRAY GRAFFITI SHOP CAPS Y ROTULADORES","publisher":{"@id":"https:\/\/dev4.devmitsinformatica.com\/en\/#organization"},"potentialAction":[{"@type":"SearchAction","target":{"@type":"EntryPoint","urlTemplate":"https:\/\/dev4.devmitsinformatica.com\/en\/?s={search_term_string}"},"query-input":{"@type":"PropertyValueSpecification","valueRequired":true,"valueName":"search_term_string"}}],"inLanguage":"en-US"},{"@type":"Organization","@id":"https:\/\/dev4.devmitsinformatica.com\/en\/#organization","name":"ANDEN Graffiti Shop Barcelona","url":"https:\/\/dev4.devmitsinformatica.com\/en\/","logo":{"@type":"ImageObject","inLanguage":"en-US","@id":"https:\/\/dev4.devmitsinformatica.com\/en\/#\/schema\/logo\/image\/","url":"https:\/\/dev4.devmitsinformatica.com\/wp-content\/uploads\/2016\/11\/graffiti-gallery-barcelona.png","contentUrl":"https:\/\/dev4.devmitsinformatica.com\/wp-content\/uploads\/2016\/11\/graffiti-gallery-barcelona.png","width":386,"height":150,"caption":"ANDEN Graffiti Shop Barcelona"},"image":{"@id":"https:\/\/dev4.devmitsinformatica.com\/en\/#\/schema\/logo\/image\/"}}]}},"_links":{"self":[{"href":"https:\/\/dev4.devmitsinformatica.com\/en\/wp-json\/wp\/v2\/product\/2337","targetHints":{"allow":["GET"]}}],"collection":[{"href":"https:\/\/dev4.devmitsinformatica.com\/en\/wp-json\/wp\/v2\/product"}],"about":[{"href":"https:\/\/dev4.devmitsinformatica.com\/en\/wp-json\/wp\/v2\/types\/product"}],"replies":[{"embeddable":true,"href":"https:\/\/dev4.devmitsinformatica.com\/en\/wp-json\/wp\/v2\/comments?post=2337"}],"version-history":[{"count":0,"href":"https:\/\/dev4.devmitsinformatica.com\/en\/wp-json\/wp\/v2\/product\/2337\/revisions"}],"wp:featuredmedia":[{"embeddable":true,"href":"https:\/\/dev4.devmitsinformatica.com\/en\/wp-json\/wp\/v2\/media\/970"}],"wp:attachment":[{"href":"https:\/\/dev4.devmitsinformatica.com\/en\/wp-json\/wp\/v2\/media?parent=2337"}],"wp:term":[{"taxonomy":"product_brand","embeddable":true,"href":"https:\/\/dev4.devmitsinformatica.com\/en\/wp-json\/wp\/v2\/product_brand?post=2337"},{"taxonomy":"product_cat","embeddable":true,"href":"https:\/\/dev4.devmitsinformatica.com\/en\/wp-json\/wp\/v2\/product_cat?post=2337"},{"taxonomy":"product_tag","embeddable":true,"href":"https:\/\/dev4.devmitsinformatica.com\/en\/wp-json\/wp\/v2\/product_tag?post=2337"}],"curies":[{"name":"wp","href":"https:\/\/api.w.org\/{rel}","templated":true}]}}