{"id":2342,"date":"2016-09-01T20:18:25","date_gmt":"2016-09-01T20:18:25","guid":{"rendered":"http:\/\/spraygraffiti.com\/index.php\/product\/montana-notebook-checkered\/"},"modified":"2023-10-16T10:02:37","modified_gmt":"2023-10-16T10:02:37","slug":"montana-notebook-checkered","status":"publish","type":"product","link":"https:\/\/dev4.devmitsinformatica.com\/en\/shop\/graffiti-sketchbooks-shop-barcelona\/montana-notebook-checkered\/","title":{"rendered":"Montana Notebook Chekered"},"content":{"rendered":"<h1><span style=\"text-decoration: underline;\">Montana Notebook Checkered<\/span><\/h1>\n<p><strong><em>Montana Notebook Checkered<\/em><\/strong> es un blackbook de tama\u00f1o reducido con un formato de 9x14cm de hojas cuadriculadas con tapa dura y el logo Montana Cans impreso en su tapa. Este tama\u00f1o de Blackbook te permitir\u00e1 poder llevar tus bocetos en el bolsillo trasero de tu pantal\u00f3n, cuenta ademas con una banda el\u00e1stica para cerrarlo lo que te permitir\u00e1 usarlo para simplificar el transporte de diferentes tarjetas de visita \u00a0o documentos en la parte interior sin que se da\u00f1en. <em>Montana Notebook Chekered.<\/em><\/p>\n<p>El peque\u00f1o de la clase Montana Blackbooks, este mini cuaderno A6 es muy pr\u00e1ctico para tus anotaciones espont\u00e1neas. Podr\u00e1s llevarlo en tu bolsillo trasero del pantal\u00f3n, en tu bolso montana o incluso en tu estuche montana. El Montana Notebook Chekered se compone de hojas con cuadr\u00edcula a diferencia del Notebook Plain que es de hoja blanca lisa. Todav\u00eda no tienes tu Blackbook peque\u00f1o? Ultrawide tiene tu Blackbook peque\u00f1o y mas productos de montana cans para ti. Pide ahora en tu graffiti shop online o visitanos en nuestra tienda f\u00edsica de Barcelona y descubre todos los Blackbooks, rotuladores y sprays montana que te ofrecemos.\u00a0Montana Notebook, tu mini Blackbook.<\/p>\n<p>Montana Notebook, Blackbook, Notebook chekered, Cuaderno A6, Libreta para bocetos<\/p>\n","protected":false},"excerpt":{"rendered":"<p><em><strong>Montana Notebook Checkered<\/strong><\/em> es un blackbook de tama\u00f1o reducido con un formato de 9x14cm con tapa dura y el logo Montana Cans impreso en su tapa. Sus Hojas son cuadriculadas. Este tama\u00f1o de Blackbook te permitir\u00e1 poder llevar tus bocetos en el bolsillo trasero de tu pantal\u00f3n, cuenta ademas con una banda el\u00e1stica para cerrarlo lo que te permitir\u00e1 usarlo para simplificar eel transporte de diferentes tarjetas de visita \u00a0o documentos en la parte interior sin que se da\u00f1en.<\/p>\n","protected":false},"featured_media":990,"comment_status":"closed","ping_status":"closed","template":"","meta":{"site-sidebar-layout":"default","site-content-layout":"","ast-site-content-layout":"default","site-content-style":"default","site-sidebar-style":"default","ast-global-header-display":"","ast-banner-title-visibility":"","ast-main-header-display":"","ast-hfb-above-header-display":"","ast-hfb-below-header-display":"","ast-hfb-mobile-header-display":"","site-post-title":"","ast-breadcrumbs-content":"","ast-featured-img":"","footer-sml-layout":"","ast-disable-related-posts":"","theme-transparent-header-meta":"","adv-header-id-meta":"","stick-header-meta":"","header-above-stick-meta":"","header-main-stick-meta":"","header-below-stick-meta":"","astra-migrate-meta-layouts":"default","ast-page-background-enabled":"default","ast-page-background-meta":{"desktop":{"background-color":"","background-image":"","background-repeat":"repeat","background-position":"center center","background-size":"auto","background-attachment":"scroll","background-type":"","background-media":"","overlay-type":"","overlay-color":"","overlay-opacity":"","overlay-gradient":""},"tablet":{"background-color":"","background-image":"","background-repeat":"repeat","background-position":"center center","background-size":"auto","background-attachment":"scroll","background-type":"","background-media":"","overlay-type":"","overlay-color":"","overlay-opacity":"","overlay-gradient":""},"mobile":{"background-color":"","background-image":"","background-repeat":"repeat","background-position":"center center","background-size":"auto","background-attachment":"scroll","background-type":"","background-media":"","overlay-type":"","overlay-color":"","overlay-opacity":"","overlay-gradient":""}},"ast-content-background-meta":{"desktop":{"background-color":"var(--ast-global-color-5)","background-image":"","background-repeat":"repeat","background-position":"center center","background-size":"auto","background-attachment":"scroll","background-type":"","background-media":"","overlay-type":"","overlay-color":"","overlay-opacity":"","overlay-gradient":""},"tablet":{"background-color":"var(--ast-global-color-5)","background-image":"","background-repeat":"repeat","background-position":"center center","background-size":"auto","background-attachment":"scroll","background-type":"","background-media":"","overlay-type":"","overlay-color":"","overlay-opacity":"","overlay-gradient":""},"mobile":{"background-color":"var(--ast-global-color-5)","background-image":"","background-repeat":"repeat","background-position":"center center","background-size":"auto","background-attachment":"scroll","background-type":"","background-media":"","overlay-type":"","overlay-color":"","overlay-opacity":"","overlay-gradient":""}}},"product_brand":[],"product_cat":[9],"product_tag":[3781,3782,3783,2217,3784,2215,2220,3780,3785,1019,3245],"class_list":{"0":"post-2342","1":"product","2":"type-product","3":"status-publish","4":"has-post-thumbnail","6":"product_cat-graffiti-sketchbooks-shop-barcelona","7":"product_tag-barato-graffiti-blackbooks","8":"product_tag-barato-libreta-blackbook","9":"product_tag-blackbook-libreta-barato","10":"product_tag-comprar-graffiti-blackbook","11":"product_tag-dibujo-blackbook-graffiti","12":"product_tag-dibujos-libro-blackbook","13":"product_tag-graffiti-blackbook-comprar","14":"product_tag-graffiti-blackbooks-comprar","15":"product_tag-libreta-blackbook-dibujo","16":"product_tag-montana","17":"product_tag-montana-blackbook","18":"desktop-align-left","19":"tablet-align-left","20":"mobile-align-left","22":"first","23":"instock","24":"purchasable","25":"product-type-simple"},"yoast_head":"<!-- This site is optimized with the Yoast SEO plugin v27.0 - https:\/\/yoast.com\/product\/yoast-seo-wordpress\/ -->\n<title>Montana Notebook Chekered Ultrawide Graffiti Shop Barcelona<\/title>\n<meta name=\"description\" content=\"graffiti shop barcelona? online tienda para sprays de montana cans espana. rotuladores para arte? tienda para arte en barcelona.\" \/>\n<meta name=\"robots\" content=\"index, follow, max-snippet:-1, max-image-preview:large, max-video-preview:-1\" \/>\n<link rel=\"canonical\" href=\"https:\/\/dev4.devmitsinformatica.com\/en\/shop\/graffiti-sketchbooks-shop-barcelona\/montana-notebook-checkered\/\" \/>\n<meta property=\"og:locale\" content=\"en_US\" \/>\n<meta property=\"og:type\" content=\"article\" \/>\n<meta property=\"og:title\" content=\"Montana Notebook Chekered Ultrawide Graffiti Shop Barcelona\" \/>\n<meta property=\"og:description\" content=\"graffiti shop barcelona? online tienda para sprays de montana cans espana. rotuladores para arte? tienda para arte en barcelona.\" \/>\n<meta property=\"og:url\" content=\"https:\/\/dev4.devmitsinformatica.com\/en\/shop\/graffiti-sketchbooks-shop-barcelona\/montana-notebook-checkered\/\" \/>\n<meta property=\"og:site_name\" content=\"ULTRAWIDE GRAFFITI SHOP\" \/>\n<meta property=\"article:modified_time\" content=\"2023-10-16T10:02:37+00:00\" \/>\n<meta property=\"og:image\" content=\"https:\/\/dev4.devmitsinformatica.com\/wp-content\/uploads\/2016\/08\/Montana_NOTEBOOK_PLAIN_CHECKERED_1.jpg\" \/>\n\t<meta property=\"og:image:width\" content=\"500\" \/>\n\t<meta property=\"og:image:height\" content=\"500\" \/>\n\t<meta property=\"og:image:type\" content=\"image\/jpeg\" \/>\n<meta name=\"twitter:card\" content=\"summary_large_image\" \/>\n<meta name=\"twitter:label1\" content=\"Est. reading time\" \/>\n\t<meta name=\"twitter:data1\" content=\"1 minute\" \/>\n<script type=\"application\/ld+json\" class=\"yoast-schema-graph\">{\"@context\":\"https:\/\/schema.org\",\"@graph\":[{\"@type\":\"WebPage\",\"@id\":\"https:\/\/dev4.devmitsinformatica.com\/en\/shop\/graffiti-sketchbooks-shop-barcelona\/montana-notebook-checkered\/\",\"url\":\"https:\/\/dev4.devmitsinformatica.com\/en\/shop\/graffiti-sketchbooks-shop-barcelona\/montana-notebook-checkered\/\",\"name\":\"Montana Notebook Chekered Ultrawide Graffiti Shop Barcelona\",\"isPartOf\":{\"@id\":\"https:\/\/dev4.devmitsinformatica.com\/en\/#website\"},\"primaryImageOfPage\":{\"@id\":\"https:\/\/dev4.devmitsinformatica.com\/en\/shop\/graffiti-sketchbooks-shop-barcelona\/montana-notebook-checkered\/#primaryimage\"},\"image\":{\"@id\":\"https:\/\/dev4.devmitsinformatica.com\/en\/shop\/graffiti-sketchbooks-shop-barcelona\/montana-notebook-checkered\/#primaryimage\"},\"thumbnailUrl\":\"https:\/\/dev4.devmitsinformatica.com\/wp-content\/uploads\/2016\/08\/Montana_NOTEBOOK_PLAIN_CHECKERED_1.jpg\",\"datePublished\":\"2016-09-01T20:18:25+00:00\",\"dateModified\":\"2023-10-16T10:02:37+00:00\",\"description\":\"graffiti shop barcelona? online tienda para sprays de montana cans espana. rotuladores para arte? tienda para arte en barcelona.\",\"breadcrumb\":{\"@id\":\"https:\/\/dev4.devmitsinformatica.com\/en\/shop\/graffiti-sketchbooks-shop-barcelona\/montana-notebook-checkered\/#breadcrumb\"},\"inLanguage\":\"en-US\",\"potentialAction\":[{\"@type\":\"ReadAction\",\"target\":[\"https:\/\/dev4.devmitsinformatica.com\/en\/shop\/graffiti-sketchbooks-shop-barcelona\/montana-notebook-checkered\/\"]}]},{\"@type\":\"ImageObject\",\"inLanguage\":\"en-US\",\"@id\":\"https:\/\/dev4.devmitsinformatica.com\/en\/shop\/graffiti-sketchbooks-shop-barcelona\/montana-notebook-checkered\/#primaryimage\",\"url\":\"https:\/\/dev4.devmitsinformatica.com\/wp-content\/uploads\/2016\/08\/Montana_NOTEBOOK_PLAIN_CHECKERED_1.jpg\",\"contentUrl\":\"https:\/\/dev4.devmitsinformatica.com\/wp-content\/uploads\/2016\/08\/Montana_NOTEBOOK_PLAIN_CHECKERED_1.jpg\",\"width\":500,\"height\":500},{\"@type\":\"BreadcrumbList\",\"@id\":\"https:\/\/dev4.devmitsinformatica.com\/en\/shop\/graffiti-sketchbooks-shop-barcelona\/montana-notebook-checkered\/#breadcrumb\",\"itemListElement\":[{\"@type\":\"ListItem\",\"position\":1,\"name\":\"Home\",\"item\":\"https:\/\/dev4.devmitsinformatica.com\/en\/\"},{\"@type\":\"ListItem\",\"position\":2,\"name\":\"Store\",\"item\":\"https:\/\/dev4.devmitsinformatica.com\/?page_id=38\"},{\"@type\":\"ListItem\",\"position\":3,\"name\":\"Montana Notebook Chekered\"}]},{\"@type\":\"WebSite\",\"@id\":\"https:\/\/dev4.devmitsinformatica.com\/en\/#website\",\"url\":\"https:\/\/dev4.devmitsinformatica.com\/en\/\",\"name\":\"ULTRAWIDE GRAFFITI SHOP\",\"description\":\"SPRAY GRAFFITI SHOP CAPS Y ROTULADORES\",\"publisher\":{\"@id\":\"https:\/\/dev4.devmitsinformatica.com\/en\/#organization\"},\"potentialAction\":[{\"@type\":\"SearchAction\",\"target\":{\"@type\":\"EntryPoint\",\"urlTemplate\":\"https:\/\/dev4.devmitsinformatica.com\/en\/?s={search_term_string}\"},\"query-input\":{\"@type\":\"PropertyValueSpecification\",\"valueRequired\":true,\"valueName\":\"search_term_string\"}}],\"inLanguage\":\"en-US\"},{\"@type\":\"Organization\",\"@id\":\"https:\/\/dev4.devmitsinformatica.com\/en\/#organization\",\"name\":\"ANDEN Graffiti Shop Barcelona\",\"url\":\"https:\/\/dev4.devmitsinformatica.com\/en\/\",\"logo\":{\"@type\":\"ImageObject\",\"inLanguage\":\"en-US\",\"@id\":\"https:\/\/dev4.devmitsinformatica.com\/en\/#\/schema\/logo\/image\/\",\"url\":\"https:\/\/dev4.devmitsinformatica.com\/wp-content\/uploads\/2016\/11\/graffiti-gallery-barcelona.png\",\"contentUrl\":\"https:\/\/dev4.devmitsinformatica.com\/wp-content\/uploads\/2016\/11\/graffiti-gallery-barcelona.png\",\"width\":386,\"height\":150,\"caption\":\"ANDEN Graffiti Shop Barcelona\"},\"image\":{\"@id\":\"https:\/\/dev4.devmitsinformatica.com\/en\/#\/schema\/logo\/image\/\"}}]}<\/script>\n<!-- \/ Yoast SEO plugin. -->","yoast_head_json":{"title":"Montana Notebook Chekered Ultrawide Graffiti Shop Barcelona","description":"graffiti shop barcelona? online tienda para sprays de montana cans espana. rotuladores para arte? tienda para arte en barcelona.","robots":{"index":"index","follow":"follow","max-snippet":"max-snippet:-1","max-image-preview":"max-image-preview:large","max-video-preview":"max-video-preview:-1"},"canonical":"https:\/\/dev4.devmitsinformatica.com\/en\/shop\/graffiti-sketchbooks-shop-barcelona\/montana-notebook-checkered\/","og_locale":"en_US","og_type":"article","og_title":"Montana Notebook Chekered Ultrawide Graffiti Shop Barcelona","og_description":"graffiti shop barcelona? online tienda para sprays de montana cans espana. rotuladores para arte? tienda para arte en barcelona.","og_url":"https:\/\/dev4.devmitsinformatica.com\/en\/shop\/graffiti-sketchbooks-shop-barcelona\/montana-notebook-checkered\/","og_site_name":"ULTRAWIDE GRAFFITI SHOP","article_modified_time":"2023-10-16T10:02:37+00:00","og_image":[{"width":500,"height":500,"url":"https:\/\/dev4.devmitsinformatica.com\/wp-content\/uploads\/2016\/08\/Montana_NOTEBOOK_PLAIN_CHECKERED_1.jpg","type":"image\/jpeg"}],"twitter_card":"summary_large_image","twitter_misc":{"Est. reading time":"1 minute"},"schema":{"@context":"https:\/\/schema.org","@graph":[{"@type":"WebPage","@id":"https:\/\/dev4.devmitsinformatica.com\/en\/shop\/graffiti-sketchbooks-shop-barcelona\/montana-notebook-checkered\/","url":"https:\/\/dev4.devmitsinformatica.com\/en\/shop\/graffiti-sketchbooks-shop-barcelona\/montana-notebook-checkered\/","name":"Montana Notebook Chekered Ultrawide Graffiti Shop Barcelona","isPartOf":{"@id":"https:\/\/dev4.devmitsinformatica.com\/en\/#website"},"primaryImageOfPage":{"@id":"https:\/\/dev4.devmitsinformatica.com\/en\/shop\/graffiti-sketchbooks-shop-barcelona\/montana-notebook-checkered\/#primaryimage"},"image":{"@id":"https:\/\/dev4.devmitsinformatica.com\/en\/shop\/graffiti-sketchbooks-shop-barcelona\/montana-notebook-checkered\/#primaryimage"},"thumbnailUrl":"https:\/\/dev4.devmitsinformatica.com\/wp-content\/uploads\/2016\/08\/Montana_NOTEBOOK_PLAIN_CHECKERED_1.jpg","datePublished":"2016-09-01T20:18:25+00:00","dateModified":"2023-10-16T10:02:37+00:00","description":"graffiti shop barcelona? online tienda para sprays de montana cans espana. rotuladores para arte? tienda para arte en barcelona.","breadcrumb":{"@id":"https:\/\/dev4.devmitsinformatica.com\/en\/shop\/graffiti-sketchbooks-shop-barcelona\/montana-notebook-checkered\/#breadcrumb"},"inLanguage":"en-US","potentialAction":[{"@type":"ReadAction","target":["https:\/\/dev4.devmitsinformatica.com\/en\/shop\/graffiti-sketchbooks-shop-barcelona\/montana-notebook-checkered\/"]}]},{"@type":"ImageObject","inLanguage":"en-US","@id":"https:\/\/dev4.devmitsinformatica.com\/en\/shop\/graffiti-sketchbooks-shop-barcelona\/montana-notebook-checkered\/#primaryimage","url":"https:\/\/dev4.devmitsinformatica.com\/wp-content\/uploads\/2016\/08\/Montana_NOTEBOOK_PLAIN_CHECKERED_1.jpg","contentUrl":"https:\/\/dev4.devmitsinformatica.com\/wp-content\/uploads\/2016\/08\/Montana_NOTEBOOK_PLAIN_CHECKERED_1.jpg","width":500,"height":500},{"@type":"BreadcrumbList","@id":"https:\/\/dev4.devmitsinformatica.com\/en\/shop\/graffiti-sketchbooks-shop-barcelona\/montana-notebook-checkered\/#breadcrumb","itemListElement":[{"@type":"ListItem","position":1,"name":"Home","item":"https:\/\/dev4.devmitsinformatica.com\/en\/"},{"@type":"ListItem","position":2,"name":"Store","item":"https:\/\/dev4.devmitsinformatica.com\/?page_id=38"},{"@type":"ListItem","position":3,"name":"Montana Notebook Chekered"}]},{"@type":"WebSite","@id":"https:\/\/dev4.devmitsinformatica.com\/en\/#website","url":"https:\/\/dev4.devmitsinformatica.com\/en\/","name":"ULTRAWIDE GRAFFITI SHOP","description":"SPRAY GRAFFITI SHOP CAPS Y ROTULADORES","publisher":{"@id":"https:\/\/dev4.devmitsinformatica.com\/en\/#organization"},"potentialAction":[{"@type":"SearchAction","target":{"@type":"EntryPoint","urlTemplate":"https:\/\/dev4.devmitsinformatica.com\/en\/?s={search_term_string}"},"query-input":{"@type":"PropertyValueSpecification","valueRequired":true,"valueName":"search_term_string"}}],"inLanguage":"en-US"},{"@type":"Organization","@id":"https:\/\/dev4.devmitsinformatica.com\/en\/#organization","name":"ANDEN Graffiti Shop Barcelona","url":"https:\/\/dev4.devmitsinformatica.com\/en\/","logo":{"@type":"ImageObject","inLanguage":"en-US","@id":"https:\/\/dev4.devmitsinformatica.com\/en\/#\/schema\/logo\/image\/","url":"https:\/\/dev4.devmitsinformatica.com\/wp-content\/uploads\/2016\/11\/graffiti-gallery-barcelona.png","contentUrl":"https:\/\/dev4.devmitsinformatica.com\/wp-content\/uploads\/2016\/11\/graffiti-gallery-barcelona.png","width":386,"height":150,"caption":"ANDEN Graffiti Shop Barcelona"},"image":{"@id":"https:\/\/dev4.devmitsinformatica.com\/en\/#\/schema\/logo\/image\/"}}]}},"_links":{"self":[{"href":"https:\/\/dev4.devmitsinformatica.com\/en\/wp-json\/wp\/v2\/product\/2342","targetHints":{"allow":["GET"]}}],"collection":[{"href":"https:\/\/dev4.devmitsinformatica.com\/en\/wp-json\/wp\/v2\/product"}],"about":[{"href":"https:\/\/dev4.devmitsinformatica.com\/en\/wp-json\/wp\/v2\/types\/product"}],"replies":[{"embeddable":true,"href":"https:\/\/dev4.devmitsinformatica.com\/en\/wp-json\/wp\/v2\/comments?post=2342"}],"version-history":[{"count":0,"href":"https:\/\/dev4.devmitsinformatica.com\/en\/wp-json\/wp\/v2\/product\/2342\/revisions"}],"wp:featuredmedia":[{"embeddable":true,"href":"https:\/\/dev4.devmitsinformatica.com\/en\/wp-json\/wp\/v2\/media\/990"}],"wp:attachment":[{"href":"https:\/\/dev4.devmitsinformatica.com\/en\/wp-json\/wp\/v2\/media?parent=2342"}],"wp:term":[{"taxonomy":"product_brand","embeddable":true,"href":"https:\/\/dev4.devmitsinformatica.com\/en\/wp-json\/wp\/v2\/product_brand?post=2342"},{"taxonomy":"product_cat","embeddable":true,"href":"https:\/\/dev4.devmitsinformatica.com\/en\/wp-json\/wp\/v2\/product_cat?post=2342"},{"taxonomy":"product_tag","embeddable":true,"href":"https:\/\/dev4.devmitsinformatica.com\/en\/wp-json\/wp\/v2\/product_tag?post=2342"}],"curies":[{"name":"wp","href":"https:\/\/api.w.org\/{rel}","templated":true}]}}