{"id":2344,"date":"2016-09-01T20:18:25","date_gmt":"2016-09-01T20:18:25","guid":{"rendered":"http:\/\/spraygraffiti.com\/index.php\/product\/montana-600ml-silverchrome\/"},"modified":"2023-10-16T10:07:23","modified_gmt":"2023-10-16T10:07:23","slug":"montana-600ml-silverchrome","status":"publish","type":"product","link":"https:\/\/dev4.devmitsinformatica.com\/en\/shop\/spray-cans-montana\/montana-600ml-silverchrome\/","title":{"rendered":"Montana 600ml Silverchrome"},"content":{"rendered":"<h1><span style=\"text-decoration: underline;\">Montana 600ml Silverchrome\u00a0<\/span><\/h1>\n<p><em><strong>Montana 600ml Silverchrome<\/strong><\/em>. Dise\u00f1ado para una cobertura m\u00e1xima en un tiempo m\u00ednimo. Procesamiento \u00f3ptimo incluso en climas fr\u00edos. El Plata Chrome con mas brillo y resistencia a la intemperie en la l\u00ednea 600ml.<\/p>\n<p>Si buscas un plata con permanencia, este es tu plata el<em><strong> plata 600 Silverchrome<\/strong> <\/em>de Montana Cans, esta especialmente formulado para dotar a tus piezas de un alto brillo y soportar la climatolog\u00eda mas adversa. A d\u00eda de hoy todos sabemos que el plata es un color muy cubriente y con un alto rendimiento, muchas marcas utilizan esto para diluir su pintura y potenciar la presi\u00f3n y r\u00e1pida cubrici\u00f3n. Esto es una buena estrategia pero el problema viene cuando al cabo de 2 meses no hay rastro del plata y solo queda el trazo. \ud83d\ude41<\/p>\n<p>El<strong> Plata Montana 600<\/strong>ml Silverchrome te aporta brillo, presi\u00f3n y resistencia en obras expuestas. Un plata de alta calidad que te sorprender\u00e1 por su brillo y resistencia.<\/p>\n<p>Utilizado con la cap level 6 aporta gran rapidez en la cubrici\u00f3n. La pareja perfecta para la l\u00ednea Tarblack o Out de Montana Cans.<\/p>\n<p><strong>plata 600<\/strong>, Silver chrome, plata montana, wholecar, Bombing, Montana Silverchrome,\u00a0<span style=\"color: #ffffff;\">plata burner 600, pplata molotow<\/span><\/p>\n<p><span style=\"color: #ffffff;\">Molotow plata, plata Burner, Molotow 600 en Barcelona, comprar plata molotow barato, molotow madrid, Molotow Barcelona.<\/span><\/p>\n","protected":false},"excerpt":{"rendered":"<p>Montana 600ml Silverchrome. Dise\u00f1ado para una cobertura m\u00e1xima en un tiempo m\u00ednimo. Procesamiento \u00f3ptimo incluso<br \/>\nen climas fr\u00edos. El <em>Plata Chrome<\/em> con mas brillo y resistencia a la intemperie en la l\u00ednea 600ml.<\/p>\n<p>Utilizado con la cap level 6 aporta gran rapidez en la cubrici\u00f3n. La pareja perfecta para la l\u00ednea Tarblack o Out de Montana Cans.<\/p>\n","protected":false},"featured_media":996,"comment_status":"closed","ping_status":"closed","template":"","meta":{"site-sidebar-layout":"default","site-content-layout":"","ast-site-content-layout":"default","site-content-style":"default","site-sidebar-style":"default","ast-global-header-display":"","ast-banner-title-visibility":"","ast-main-header-display":"","ast-hfb-above-header-display":"","ast-hfb-below-header-display":"","ast-hfb-mobile-header-display":"","site-post-title":"","ast-breadcrumbs-content":"","ast-featured-img":"","footer-sml-layout":"","ast-disable-related-posts":"","theme-transparent-header-meta":"","adv-header-id-meta":"","stick-header-meta":"","header-above-stick-meta":"","header-main-stick-meta":"","header-below-stick-meta":"","astra-migrate-meta-layouts":"default","ast-page-background-enabled":"default","ast-page-background-meta":{"desktop":{"background-color":"","background-image":"","background-repeat":"repeat","background-position":"center center","background-size":"auto","background-attachment":"scroll","background-type":"","background-media":"","overlay-type":"","overlay-color":"","overlay-opacity":"","overlay-gradient":""},"tablet":{"background-color":"","background-image":"","background-repeat":"repeat","background-position":"center center","background-size":"auto","background-attachment":"scroll","background-type":"","background-media":"","overlay-type":"","overlay-color":"","overlay-opacity":"","overlay-gradient":""},"mobile":{"background-color":"","background-image":"","background-repeat":"repeat","background-position":"center center","background-size":"auto","background-attachment":"scroll","background-type":"","background-media":"","overlay-type":"","overlay-color":"","overlay-opacity":"","overlay-gradient":""}},"ast-content-background-meta":{"desktop":{"background-color":"var(--ast-global-color-5)","background-image":"","background-repeat":"repeat","background-position":"center center","background-size":"auto","background-attachment":"scroll","background-type":"","background-media":"","overlay-type":"","overlay-color":"","overlay-opacity":"","overlay-gradient":""},"tablet":{"background-color":"var(--ast-global-color-5)","background-image":"","background-repeat":"repeat","background-position":"center center","background-size":"auto","background-attachment":"scroll","background-type":"","background-media":"","overlay-type":"","overlay-color":"","overlay-opacity":"","overlay-gradient":""},"mobile":{"background-color":"var(--ast-global-color-5)","background-image":"","background-repeat":"repeat","background-position":"center center","background-size":"auto","background-attachment":"scroll","background-type":"","background-media":"","overlay-type":"","overlay-color":"","overlay-opacity":"","overlay-gradient":""}}},"product_brand":[],"product_cat":[10,5645,3109,3216],"product_tag":[1465,1462,1019,1471,1470,1472,1468,1467,1469,1464,1461,1466,1463,1456,1459,1458,1460,1455,1457],"class_list":{"0":"post-2344","1":"product","2":"type-product","3":"status-publish","4":"has-post-thumbnail","6":"product_cat-spray-cans-montana","7":"product_cat-black-50ml-600ml-graffiti-paint","8":"product_cat-montana-cans","9":"product_cat-spray","10":"product_tag-chrome-montana-spray","11":"product_tag-chrome-spray-montana","12":"product_tag-montana","13":"product_tag-montana-chrome-spray","14":"product_tag-montana-plata-spray","15":"product_tag-montana-sivlerchrome-spray","16":"product_tag-montana-spray-chrome","17":"product_tag-montana-spray-plata","18":"product_tag-montana-spray-sivlerchrome","19":"product_tag-plata-montana-spray","20":"product_tag-plata-spray-montana","21":"product_tag-sivlerchrome-montana-spray","22":"product_tag-sivlerchrome-spray-montana","23":"product_tag-spray-chrome-montana","24":"product_tag-spray-montana-chrome","25":"product_tag-spray-montana-plata","26":"product_tag-spray-montana-sivlerchrome","27":"product_tag-spray-plata-montana","28":"product_tag-spray-sivlerchrome-montana","29":"desktop-align-left","30":"tablet-align-left","31":"mobile-align-left","33":"first","34":"instock","35":"purchasable","36":"product-type-simple"},"yoast_head":"<!-- This site is optimized with the Yoast SEO plugin v27.0 - https:\/\/yoast.com\/product\/yoast-seo-wordpress\/ -->\n<title>Montana 600ml Silverchrome Ultrawide Graffiti Shop.<\/title>\n<meta name=\"description\" content=\"tienda graffiti, ropa street art y montana colores. tienda bellas artes online? spray para coches? spray para coches? rotuladores para arte?\" \/>\n<meta name=\"robots\" content=\"index, follow, max-snippet:-1, max-image-preview:large, max-video-preview:-1\" \/>\n<link rel=\"canonical\" href=\"https:\/\/dev4.devmitsinformatica.com\/en\/shop\/spray-cans-montana\/montana-600ml-silverchrome\/\" \/>\n<meta property=\"og:locale\" content=\"en_US\" \/>\n<meta property=\"og:type\" content=\"article\" \/>\n<meta property=\"og:title\" content=\"Montana 600ml Silverchrome Ultrawide Graffiti Shop.\" \/>\n<meta property=\"og:description\" content=\"tienda graffiti, ropa street art y montana colores. tienda bellas artes online? spray para coches? spray para coches? rotuladores para arte?\" \/>\n<meta property=\"og:url\" content=\"https:\/\/dev4.devmitsinformatica.com\/en\/shop\/spray-cans-montana\/montana-600ml-silverchrome\/\" \/>\n<meta property=\"og:site_name\" content=\"ULTRAWIDE GRAFFITI SHOP\" \/>\n<meta property=\"article:modified_time\" content=\"2023-10-16T10:07:23+00:00\" \/>\n<meta property=\"og:image\" content=\"https:\/\/dev4.devmitsinformatica.com\/wp-content\/uploads\/2016\/08\/montana_silverchrome_600ml.jpg\" \/>\n\t<meta property=\"og:image:width\" content=\"500\" \/>\n\t<meta property=\"og:image:height\" content=\"500\" \/>\n\t<meta property=\"og:image:type\" content=\"image\/jpeg\" \/>\n<meta name=\"twitter:card\" content=\"summary_large_image\" \/>\n<meta name=\"twitter:label1\" content=\"Est. reading time\" \/>\n\t<meta name=\"twitter:data1\" content=\"1 minute\" \/>\n<script type=\"application\/ld+json\" class=\"yoast-schema-graph\">{\"@context\":\"https:\/\/schema.org\",\"@graph\":[{\"@type\":\"WebPage\",\"@id\":\"https:\/\/dev4.devmitsinformatica.com\/en\/shop\/spray-cans-montana\/montana-600ml-silverchrome\/\",\"url\":\"https:\/\/dev4.devmitsinformatica.com\/en\/shop\/spray-cans-montana\/montana-600ml-silverchrome\/\",\"name\":\"Montana 600ml Silverchrome Ultrawide Graffiti Shop.\",\"isPartOf\":{\"@id\":\"https:\/\/dev4.devmitsinformatica.com\/en\/#website\"},\"primaryImageOfPage\":{\"@id\":\"https:\/\/dev4.devmitsinformatica.com\/en\/shop\/spray-cans-montana\/montana-600ml-silverchrome\/#primaryimage\"},\"image\":{\"@id\":\"https:\/\/dev4.devmitsinformatica.com\/en\/shop\/spray-cans-montana\/montana-600ml-silverchrome\/#primaryimage\"},\"thumbnailUrl\":\"https:\/\/dev4.devmitsinformatica.com\/wp-content\/uploads\/2016\/08\/montana_silverchrome_600ml.jpg\",\"datePublished\":\"2016-09-01T20:18:25+00:00\",\"dateModified\":\"2023-10-16T10:07:23+00:00\",\"description\":\"tienda graffiti, ropa street art y montana colores. tienda bellas artes online? spray para coches? spray para coches? rotuladores para arte?\",\"breadcrumb\":{\"@id\":\"https:\/\/dev4.devmitsinformatica.com\/en\/shop\/spray-cans-montana\/montana-600ml-silverchrome\/#breadcrumb\"},\"inLanguage\":\"en-US\",\"potentialAction\":[{\"@type\":\"ReadAction\",\"target\":[\"https:\/\/dev4.devmitsinformatica.com\/en\/shop\/spray-cans-montana\/montana-600ml-silverchrome\/\"]}]},{\"@type\":\"ImageObject\",\"inLanguage\":\"en-US\",\"@id\":\"https:\/\/dev4.devmitsinformatica.com\/en\/shop\/spray-cans-montana\/montana-600ml-silverchrome\/#primaryimage\",\"url\":\"https:\/\/dev4.devmitsinformatica.com\/wp-content\/uploads\/2016\/08\/montana_silverchrome_600ml.jpg\",\"contentUrl\":\"https:\/\/dev4.devmitsinformatica.com\/wp-content\/uploads\/2016\/08\/montana_silverchrome_600ml.jpg\",\"width\":500,\"height\":500},{\"@type\":\"BreadcrumbList\",\"@id\":\"https:\/\/dev4.devmitsinformatica.com\/en\/shop\/spray-cans-montana\/montana-600ml-silverchrome\/#breadcrumb\",\"itemListElement\":[{\"@type\":\"ListItem\",\"position\":1,\"name\":\"Home\",\"item\":\"https:\/\/dev4.devmitsinformatica.com\/en\/\"},{\"@type\":\"ListItem\",\"position\":2,\"name\":\"Store\",\"item\":\"https:\/\/dev4.devmitsinformatica.com\/?page_id=38\"},{\"@type\":\"ListItem\",\"position\":3,\"name\":\"Montana 600ml Silverchrome\"}]},{\"@type\":\"WebSite\",\"@id\":\"https:\/\/dev4.devmitsinformatica.com\/en\/#website\",\"url\":\"https:\/\/dev4.devmitsinformatica.com\/en\/\",\"name\":\"ULTRAWIDE GRAFFITI SHOP\",\"description\":\"SPRAY GRAFFITI SHOP CAPS Y ROTULADORES\",\"publisher\":{\"@id\":\"https:\/\/dev4.devmitsinformatica.com\/en\/#organization\"},\"potentialAction\":[{\"@type\":\"SearchAction\",\"target\":{\"@type\":\"EntryPoint\",\"urlTemplate\":\"https:\/\/dev4.devmitsinformatica.com\/en\/?s={search_term_string}\"},\"query-input\":{\"@type\":\"PropertyValueSpecification\",\"valueRequired\":true,\"valueName\":\"search_term_string\"}}],\"inLanguage\":\"en-US\"},{\"@type\":\"Organization\",\"@id\":\"https:\/\/dev4.devmitsinformatica.com\/en\/#organization\",\"name\":\"ANDEN Graffiti Shop Barcelona\",\"url\":\"https:\/\/dev4.devmitsinformatica.com\/en\/\",\"logo\":{\"@type\":\"ImageObject\",\"inLanguage\":\"en-US\",\"@id\":\"https:\/\/dev4.devmitsinformatica.com\/en\/#\/schema\/logo\/image\/\",\"url\":\"https:\/\/dev4.devmitsinformatica.com\/wp-content\/uploads\/2016\/11\/graffiti-gallery-barcelona.png\",\"contentUrl\":\"https:\/\/dev4.devmitsinformatica.com\/wp-content\/uploads\/2016\/11\/graffiti-gallery-barcelona.png\",\"width\":386,\"height\":150,\"caption\":\"ANDEN Graffiti Shop Barcelona\"},\"image\":{\"@id\":\"https:\/\/dev4.devmitsinformatica.com\/en\/#\/schema\/logo\/image\/\"}}]}<\/script>\n<!-- \/ Yoast SEO plugin. -->","yoast_head_json":{"title":"Montana 600ml Silverchrome Ultrawide Graffiti Shop.","description":"tienda graffiti, ropa street art y montana colores. tienda bellas artes online? spray para coches? spray para coches? rotuladores para arte?","robots":{"index":"index","follow":"follow","max-snippet":"max-snippet:-1","max-image-preview":"max-image-preview:large","max-video-preview":"max-video-preview:-1"},"canonical":"https:\/\/dev4.devmitsinformatica.com\/en\/shop\/spray-cans-montana\/montana-600ml-silverchrome\/","og_locale":"en_US","og_type":"article","og_title":"Montana 600ml Silverchrome Ultrawide Graffiti Shop.","og_description":"tienda graffiti, ropa street art y montana colores. tienda bellas artes online? spray para coches? spray para coches? rotuladores para arte?","og_url":"https:\/\/dev4.devmitsinformatica.com\/en\/shop\/spray-cans-montana\/montana-600ml-silverchrome\/","og_site_name":"ULTRAWIDE GRAFFITI SHOP","article_modified_time":"2023-10-16T10:07:23+00:00","og_image":[{"width":500,"height":500,"url":"https:\/\/dev4.devmitsinformatica.com\/wp-content\/uploads\/2016\/08\/montana_silverchrome_600ml.jpg","type":"image\/jpeg"}],"twitter_card":"summary_large_image","twitter_misc":{"Est. reading time":"1 minute"},"schema":{"@context":"https:\/\/schema.org","@graph":[{"@type":"WebPage","@id":"https:\/\/dev4.devmitsinformatica.com\/en\/shop\/spray-cans-montana\/montana-600ml-silverchrome\/","url":"https:\/\/dev4.devmitsinformatica.com\/en\/shop\/spray-cans-montana\/montana-600ml-silverchrome\/","name":"Montana 600ml Silverchrome Ultrawide Graffiti Shop.","isPartOf":{"@id":"https:\/\/dev4.devmitsinformatica.com\/en\/#website"},"primaryImageOfPage":{"@id":"https:\/\/dev4.devmitsinformatica.com\/en\/shop\/spray-cans-montana\/montana-600ml-silverchrome\/#primaryimage"},"image":{"@id":"https:\/\/dev4.devmitsinformatica.com\/en\/shop\/spray-cans-montana\/montana-600ml-silverchrome\/#primaryimage"},"thumbnailUrl":"https:\/\/dev4.devmitsinformatica.com\/wp-content\/uploads\/2016\/08\/montana_silverchrome_600ml.jpg","datePublished":"2016-09-01T20:18:25+00:00","dateModified":"2023-10-16T10:07:23+00:00","description":"tienda graffiti, ropa street art y montana colores. tienda bellas artes online? spray para coches? spray para coches? rotuladores para arte?","breadcrumb":{"@id":"https:\/\/dev4.devmitsinformatica.com\/en\/shop\/spray-cans-montana\/montana-600ml-silverchrome\/#breadcrumb"},"inLanguage":"en-US","potentialAction":[{"@type":"ReadAction","target":["https:\/\/dev4.devmitsinformatica.com\/en\/shop\/spray-cans-montana\/montana-600ml-silverchrome\/"]}]},{"@type":"ImageObject","inLanguage":"en-US","@id":"https:\/\/dev4.devmitsinformatica.com\/en\/shop\/spray-cans-montana\/montana-600ml-silverchrome\/#primaryimage","url":"https:\/\/dev4.devmitsinformatica.com\/wp-content\/uploads\/2016\/08\/montana_silverchrome_600ml.jpg","contentUrl":"https:\/\/dev4.devmitsinformatica.com\/wp-content\/uploads\/2016\/08\/montana_silverchrome_600ml.jpg","width":500,"height":500},{"@type":"BreadcrumbList","@id":"https:\/\/dev4.devmitsinformatica.com\/en\/shop\/spray-cans-montana\/montana-600ml-silverchrome\/#breadcrumb","itemListElement":[{"@type":"ListItem","position":1,"name":"Home","item":"https:\/\/dev4.devmitsinformatica.com\/en\/"},{"@type":"ListItem","position":2,"name":"Store","item":"https:\/\/dev4.devmitsinformatica.com\/?page_id=38"},{"@type":"ListItem","position":3,"name":"Montana 600ml Silverchrome"}]},{"@type":"WebSite","@id":"https:\/\/dev4.devmitsinformatica.com\/en\/#website","url":"https:\/\/dev4.devmitsinformatica.com\/en\/","name":"ULTRAWIDE GRAFFITI SHOP","description":"SPRAY GRAFFITI SHOP CAPS Y ROTULADORES","publisher":{"@id":"https:\/\/dev4.devmitsinformatica.com\/en\/#organization"},"potentialAction":[{"@type":"SearchAction","target":{"@type":"EntryPoint","urlTemplate":"https:\/\/dev4.devmitsinformatica.com\/en\/?s={search_term_string}"},"query-input":{"@type":"PropertyValueSpecification","valueRequired":true,"valueName":"search_term_string"}}],"inLanguage":"en-US"},{"@type":"Organization","@id":"https:\/\/dev4.devmitsinformatica.com\/en\/#organization","name":"ANDEN Graffiti Shop Barcelona","url":"https:\/\/dev4.devmitsinformatica.com\/en\/","logo":{"@type":"ImageObject","inLanguage":"en-US","@id":"https:\/\/dev4.devmitsinformatica.com\/en\/#\/schema\/logo\/image\/","url":"https:\/\/dev4.devmitsinformatica.com\/wp-content\/uploads\/2016\/11\/graffiti-gallery-barcelona.png","contentUrl":"https:\/\/dev4.devmitsinformatica.com\/wp-content\/uploads\/2016\/11\/graffiti-gallery-barcelona.png","width":386,"height":150,"caption":"ANDEN Graffiti Shop Barcelona"},"image":{"@id":"https:\/\/dev4.devmitsinformatica.com\/en\/#\/schema\/logo\/image\/"}}]}},"_links":{"self":[{"href":"https:\/\/dev4.devmitsinformatica.com\/en\/wp-json\/wp\/v2\/product\/2344","targetHints":{"allow":["GET"]}}],"collection":[{"href":"https:\/\/dev4.devmitsinformatica.com\/en\/wp-json\/wp\/v2\/product"}],"about":[{"href":"https:\/\/dev4.devmitsinformatica.com\/en\/wp-json\/wp\/v2\/types\/product"}],"replies":[{"embeddable":true,"href":"https:\/\/dev4.devmitsinformatica.com\/en\/wp-json\/wp\/v2\/comments?post=2344"}],"version-history":[{"count":0,"href":"https:\/\/dev4.devmitsinformatica.com\/en\/wp-json\/wp\/v2\/product\/2344\/revisions"}],"wp:featuredmedia":[{"embeddable":true,"href":"https:\/\/dev4.devmitsinformatica.com\/en\/wp-json\/wp\/v2\/media\/996"}],"wp:attachment":[{"href":"https:\/\/dev4.devmitsinformatica.com\/en\/wp-json\/wp\/v2\/media?parent=2344"}],"wp:term":[{"taxonomy":"product_brand","embeddable":true,"href":"https:\/\/dev4.devmitsinformatica.com\/en\/wp-json\/wp\/v2\/product_brand?post=2344"},{"taxonomy":"product_cat","embeddable":true,"href":"https:\/\/dev4.devmitsinformatica.com\/en\/wp-json\/wp\/v2\/product_cat?post=2344"},{"taxonomy":"product_tag","embeddable":true,"href":"https:\/\/dev4.devmitsinformatica.com\/en\/wp-json\/wp\/v2\/product_tag?post=2344"}],"curies":[{"name":"wp","href":"https:\/\/api.w.org\/{rel}","templated":true}]}}