{"id":2351,"date":"2016-09-01T20:18:25","date_gmt":"2016-09-01T20:18:25","guid":{"rendered":"http:\/\/spraygraffiti.com\/index.php\/product\/spruhkleber-permanent-150ml\/"},"modified":"2023-10-16T10:25:47","modified_gmt":"2023-10-16T10:25:47","slug":"spruhkleber-permanent-150ml","status":"publish","type":"product","link":"https:\/\/dev4.devmitsinformatica.com\/en\/shop\/spray-cans-montana\/spruhkleber-permanent-150ml\/","title":{"rendered":"MONTANA SPRAY ADHESIVE 150ML"},"content":{"rendered":"<p><em><strong>MONTANA SPRAY ADHESIVE 150ML<\/strong><\/em>. Spray adhesivo sint\u00e9tico libre de \u00e1cido a base de disolvente.<br \/>\nBuen ejemplo para la artesan\u00eda y obras sobre papel.La orrecci\u00f3n inicial es posible dentro de los primeros 2-3 minutos. Una simple pulverizaci\u00f3n sobre la capa es suficiente para una fijaci\u00f3n permanente en la mayor\u00eda de superficies tales como Espuma, fieltro, tela, material aislante, poliestireno, pl\u00e1stico, papel de aluminio, papel, cart\u00f3n, madera o para incrustaciones de uni\u00f3n.<br \/>\nNo es adecuado para su uso con cuero sint\u00e9tico u otros materiales con plastificantes o suavizantes (plastificado como PVC). El aerosol se puede aplicar a una o ambas superficies a unir. La fuerza adhesiva final se logra despu\u00e9s de 24 horas. probar antes de su uso, especialmente para materiales pesados. Disponible como 150 ml y 400 ml.<\/p>\n<p>Ahorra tiempo y simplifica tus acciones con el MONTANA SPRAY ADHESIVE 150ML, muy \u00fatil para superf\u00edcies que necesiten de una r\u00e1pida aplicaci\u00f3n y de trabajos en formatos consecutivos. Los pegamentos en Spray de montana, son ideales para materiales de poca densidad y poco peso, se ha de tener en cuenta que trabajamos con finas capas de adhesivo aunque su calidad y fuerza permite trabajar de manera r\u00e1pida y efectiva sobre gran cantidad de materiales tambien pesados. Recomendamos hacer una prueba antes de grandes aplicaciones. El montana spray ahesive 150ml consigue su efectividad y dureza m\u00e1xima pasadas 24 horas desde su aplicaci\u00f3n. Pulveriza sobre las dos superf\u00edcies de los objetos a unir y presiona para conseguir una uni\u00f3n perfecta. Buscas pegamento en spray? Ultrawide tiene pegamento en spray y muchos otros productos para bellas artes y graffiti. Rotuladores,Tintas, Sprays y Accesorios relacionados para simplificar tus tareas y conseguir los mejores acabados.<\/p>\n<p>Somos distribuidores con venta directa al particular y profesional. Compra en nuestra graffiti shop online o contactanos. Visitanos en Barcelona y descubre los diferentes productos que tenemos para ti.<\/p>\n","protected":false},"excerpt":{"rendered":"<p><span id=\"result_box\" class=\"\" lang=\"es\" tabindex=\"-1\"><span title=\"Acid-free ADHESIVE spray consisting of a synthetic base with solvents.\"><em><strong>MONTANA ADHESIVE 150ML<\/strong><\/em>.Spray ADHESIVO libre de \u00e1cido que consiste en una base sint\u00e9tica con solventes. <\/span><span title=\"Single application spray ADHESIVE for permanent adhesion.\">Aplicaci\u00f3n \u00fanica en spray ADHESIVO para adhesi\u00f3n permanente. <\/span><span title=\"Suitable for most materials like foam, jute, felt, textiles, insulating material, expanded polystyrene, plastics, foils, paper, cardboard, wood and to adhere inlays.\">Apto para la mayor\u00eda de los materiales como espuma,\u00a0 fieltro, textiles, material aislante, poliestireno expandido, pl\u00e1sticos, l\u00e1minas, papel, cart\u00f3n, madera y para adherir incrustaciones. <\/span><span title=\"Not suitable for use with artificial leather or other materials with plasticising agents or softeners (e.g. plasticized PVC).\">No es adecuado para uso con cuero artificial u otros materiales con agentes plastificantes o suavizantes (por ejemplo, PVC plastificado). <\/span><span title=\"Available as 150ml and 400ml. \">Disponible como 150 ml y 400 ml.<\/span><\/span><\/p>\n<p><span title=\"Always test before use.\">Siempre prueba antes de usar. <\/span><span title=\"Can be applied to one or both surfaces being adhered.\">Se puede aplicar a una o ambas superficies adheridas. <\/span><span title=\"Final adhesion strength is reached after 24h.\">La fuerza de adhesi\u00f3n final se alcanza despu\u00e9s de 24 h. <\/span><span title=\"Can be applied in a temperature range of \u201310\u00b0C to + 50\u00b0C subject to materials used and their weights.\">Puede aplicarse en un rango de temperatura de -10 \u00b0 C a + 50 \u00b0 C sujeto a los materiales utilizados y sus pesos. <\/span><span title=\"No penetration when used on textiles.\">Sin penetraci\u00f3n cuando se usa en textiles. <\/span><span title=\"Suitable for craft &amp; paperwork.\">Conveniente para artesan\u00eda y papeleo. <\/span><span title=\"Clean and efficient when applied over small or large areas.\">Limpio y eficiente cuando se aplica sobre \u00e1reas peque\u00f1as o grandes. <\/span><span title=\"USE: For best functionality, do not store or use under 10\u00b0C outside temperature.\">USO: Para una mejor funcionalidad, no almacene ni use bajo temperatura exterior de 10 \u00b0 C. <\/span><span title=\"Shake can well, apply on clean, dry and greaseless surfaces.\">Agite bien, aplique sobre superficies limpias, secas y sin grasa. <\/span><span title=\"Optimal spray distance to object is 20-30cm.\">La distancia \u00f3ptima de pulverizaci\u00f3n al objeto es de 20-30 cm. <\/span><span title=\"Spray on surfaces and allow to evaporate for 3 - 10 minutes (depending on outside temperature and absorptivity of surface).\">Roc\u00ede sobre las superficies y permita que se evapore durante 3 a 10 minutos (dependiendo de la temperatura exterior y de la capacidad de absorci\u00f3n de la superficie). <\/span><span title=\"Then compress strongly.\">Entonces comprime fuertemente. <\/span><span title=\"Porous, uneven or absorbent surfaces are recommended to be primed with a thin layer of adhesive spray, let it dry for 5 minutes and then continue as above.\">Se recomienda que las superficies porosas, desiguales o absorbentes se impriman con una fina capa de spray adhesivo, que se sequen durante 5 minutos y luego contin\u00faen como se indica arriba.<\/span><\/p>\n","protected":false},"featured_media":1014,"comment_status":"closed","ping_status":"closed","template":"","meta":{"site-sidebar-layout":"default","site-content-layout":"","ast-site-content-layout":"default","site-content-style":"default","site-sidebar-style":"default","ast-global-header-display":"","ast-banner-title-visibility":"","ast-main-header-display":"","ast-hfb-above-header-display":"","ast-hfb-below-header-display":"","ast-hfb-mobile-header-display":"","site-post-title":"","ast-breadcrumbs-content":"","ast-featured-img":"","footer-sml-layout":"","ast-disable-related-posts":"","theme-transparent-header-meta":"","adv-header-id-meta":"","stick-header-meta":"","header-above-stick-meta":"","header-main-stick-meta":"","header-below-stick-meta":"","astra-migrate-meta-layouts":"default","ast-page-background-enabled":"default","ast-page-background-meta":{"desktop":{"background-color":"","background-image":"","background-repeat":"repeat","background-position":"center center","background-size":"auto","background-attachment":"scroll","background-type":"","background-media":"","overlay-type":"","overlay-color":"","overlay-opacity":"","overlay-gradient":""},"tablet":{"background-color":"","background-image":"","background-repeat":"repeat","background-position":"center center","background-size":"auto","background-attachment":"scroll","background-type":"","background-media":"","overlay-type":"","overlay-color":"","overlay-opacity":"","overlay-gradient":""},"mobile":{"background-color":"","background-image":"","background-repeat":"repeat","background-position":"center center","background-size":"auto","background-attachment":"scroll","background-type":"","background-media":"","overlay-type":"","overlay-color":"","overlay-opacity":"","overlay-gradient":""}},"ast-content-background-meta":{"desktop":{"background-color":"var(--ast-global-color-5)","background-image":"","background-repeat":"repeat","background-position":"center center","background-size":"auto","background-attachment":"scroll","background-type":"","background-media":"","overlay-type":"","overlay-color":"","overlay-opacity":"","overlay-gradient":""},"tablet":{"background-color":"var(--ast-global-color-5)","background-image":"","background-repeat":"repeat","background-position":"center center","background-size":"auto","background-attachment":"scroll","background-type":"","background-media":"","overlay-type":"","overlay-color":"","overlay-opacity":"","overlay-gradient":""},"mobile":{"background-color":"var(--ast-global-color-5)","background-image":"","background-repeat":"repeat","background-position":"center center","background-size":"auto","background-attachment":"scroll","background-type":"","background-media":"","overlay-type":"","overlay-color":"","overlay-opacity":"","overlay-gradient":""}}},"product_brand":[],"product_cat":[10,3216],"product_tag":[3482,3483,3495,3493,3847,3496,3488,3484,3487,3489,3490,3486,3492,3494,3485],"class_list":{"0":"post-2351","1":"product","2":"type-product","3":"status-publish","4":"has-post-thumbnail","6":"product_cat-spray-cans-montana","7":"product_cat-spray","8":"product_tag-aerosol-pegamento","9":"product_tag-ahesivo-spray","10":"product_tag-cola-adhesiva-en-spray","11":"product_tag-cola-en-aerosol","12":"product_tag-cola-en-spray","13":"product_tag-montabna-spray-de-cola","14":"product_tag-pegamento-adhesivo","15":"product_tag-pegamento-aerosol-adhesivo","16":"product_tag-pegamento-en-spray","17":"product_tag-pegamento-montana","18":"product_tag-pegamento-spray-montana","19":"product_tag-spray-adhesivo-montana","20":"product_tag-spray-cola","21":"product_tag-spray-de-pegamento","22":"product_tag-spray-pegamento-montana","23":"desktop-align-left","24":"tablet-align-left","25":"mobile-align-left","27":"first","28":"instock","29":"purchasable","30":"product-type-simple"},"yoast_head":"<!-- This site is optimized with the Yoast SEO plugin v27.0 - https:\/\/yoast.com\/product\/yoast-seo-wordpress\/ -->\n<title>Montana Spray Adhesive 150ml. Ultrawide Shop online.<\/title>\n<meta name=\"description\" content=\"montana adhesive 150ml en tienda graffiti, ropa street art y montana colores. rotuladores para arte? Garffiti shop. Sprays online.\" \/>\n<meta name=\"robots\" content=\"index, follow, max-snippet:-1, max-image-preview:large, max-video-preview:-1\" \/>\n<link rel=\"canonical\" href=\"https:\/\/dev4.devmitsinformatica.com\/en\/shop\/spray-cans-montana\/spruhkleber-permanent-150ml\/\" \/>\n<meta property=\"og:locale\" content=\"en_US\" \/>\n<meta property=\"og:type\" content=\"article\" \/>\n<meta property=\"og:title\" content=\"Montana Spray Adhesive 150ml. Ultrawide Shop online.\" \/>\n<meta property=\"og:description\" content=\"montana adhesive 150ml en tienda graffiti, ropa street art y montana colores. rotuladores para arte? Garffiti shop. Sprays online.\" \/>\n<meta property=\"og:url\" content=\"https:\/\/dev4.devmitsinformatica.com\/en\/shop\/spray-cans-montana\/spruhkleber-permanent-150ml\/\" \/>\n<meta property=\"og:site_name\" content=\"ULTRAWIDE GRAFFITI SHOP\" \/>\n<meta property=\"article:modified_time\" content=\"2023-10-16T10:25:47+00:00\" \/>\n<meta property=\"og:image\" content=\"https:\/\/dev4.devmitsinformatica.com\/wp-content\/uploads\/2016\/08\/tech_spray_adhesive_permanent_p01_small.jpg\" \/>\n\t<meta property=\"og:image:width\" content=\"500\" \/>\n\t<meta property=\"og:image:height\" content=\"500\" \/>\n\t<meta property=\"og:image:type\" content=\"image\/jpeg\" \/>\n<meta name=\"twitter:card\" content=\"summary_large_image\" \/>\n<meta name=\"twitter:label1\" content=\"Est. reading time\" \/>\n\t<meta name=\"twitter:data1\" content=\"2 minutes\" \/>\n<script type=\"application\/ld+json\" class=\"yoast-schema-graph\">{\"@context\":\"https:\/\/schema.org\",\"@graph\":[{\"@type\":\"WebPage\",\"@id\":\"https:\/\/dev4.devmitsinformatica.com\/en\/shop\/spray-cans-montana\/spruhkleber-permanent-150ml\/\",\"url\":\"https:\/\/dev4.devmitsinformatica.com\/en\/shop\/spray-cans-montana\/spruhkleber-permanent-150ml\/\",\"name\":\"Montana Spray Adhesive 150ml. Ultrawide Shop online.\",\"isPartOf\":{\"@id\":\"https:\/\/dev4.devmitsinformatica.com\/en\/#website\"},\"primaryImageOfPage\":{\"@id\":\"https:\/\/dev4.devmitsinformatica.com\/en\/shop\/spray-cans-montana\/spruhkleber-permanent-150ml\/#primaryimage\"},\"image\":{\"@id\":\"https:\/\/dev4.devmitsinformatica.com\/en\/shop\/spray-cans-montana\/spruhkleber-permanent-150ml\/#primaryimage\"},\"thumbnailUrl\":\"https:\/\/dev4.devmitsinformatica.com\/wp-content\/uploads\/2016\/08\/tech_spray_adhesive_permanent_p01_small.jpg\",\"datePublished\":\"2016-09-01T20:18:25+00:00\",\"dateModified\":\"2023-10-16T10:25:47+00:00\",\"description\":\"montana adhesive 150ml en tienda graffiti, ropa street art y montana colores. rotuladores para arte? Garffiti shop. Sprays online.\",\"breadcrumb\":{\"@id\":\"https:\/\/dev4.devmitsinformatica.com\/en\/shop\/spray-cans-montana\/spruhkleber-permanent-150ml\/#breadcrumb\"},\"inLanguage\":\"en-US\",\"potentialAction\":[{\"@type\":\"ReadAction\",\"target\":[\"https:\/\/dev4.devmitsinformatica.com\/en\/shop\/spray-cans-montana\/spruhkleber-permanent-150ml\/\"]}]},{\"@type\":\"ImageObject\",\"inLanguage\":\"en-US\",\"@id\":\"https:\/\/dev4.devmitsinformatica.com\/en\/shop\/spray-cans-montana\/spruhkleber-permanent-150ml\/#primaryimage\",\"url\":\"https:\/\/dev4.devmitsinformatica.com\/wp-content\/uploads\/2016\/08\/tech_spray_adhesive_permanent_p01_small.jpg\",\"contentUrl\":\"https:\/\/dev4.devmitsinformatica.com\/wp-content\/uploads\/2016\/08\/tech_spray_adhesive_permanent_p01_small.jpg\",\"width\":500,\"height\":500},{\"@type\":\"BreadcrumbList\",\"@id\":\"https:\/\/dev4.devmitsinformatica.com\/en\/shop\/spray-cans-montana\/spruhkleber-permanent-150ml\/#breadcrumb\",\"itemListElement\":[{\"@type\":\"ListItem\",\"position\":1,\"name\":\"Home\",\"item\":\"https:\/\/dev4.devmitsinformatica.com\/en\/\"},{\"@type\":\"ListItem\",\"position\":2,\"name\":\"Store\",\"item\":\"https:\/\/dev4.devmitsinformatica.com\/?page_id=38\"},{\"@type\":\"ListItem\",\"position\":3,\"name\":\"MONTANA SPRAY ADHESIVE 150ML\"}]},{\"@type\":\"WebSite\",\"@id\":\"https:\/\/dev4.devmitsinformatica.com\/en\/#website\",\"url\":\"https:\/\/dev4.devmitsinformatica.com\/en\/\",\"name\":\"ULTRAWIDE GRAFFITI SHOP\",\"description\":\"SPRAY GRAFFITI SHOP CAPS Y ROTULADORES\",\"publisher\":{\"@id\":\"https:\/\/dev4.devmitsinformatica.com\/en\/#organization\"},\"potentialAction\":[{\"@type\":\"SearchAction\",\"target\":{\"@type\":\"EntryPoint\",\"urlTemplate\":\"https:\/\/dev4.devmitsinformatica.com\/en\/?s={search_term_string}\"},\"query-input\":{\"@type\":\"PropertyValueSpecification\",\"valueRequired\":true,\"valueName\":\"search_term_string\"}}],\"inLanguage\":\"en-US\"},{\"@type\":\"Organization\",\"@id\":\"https:\/\/dev4.devmitsinformatica.com\/en\/#organization\",\"name\":\"ANDEN Graffiti Shop Barcelona\",\"url\":\"https:\/\/dev4.devmitsinformatica.com\/en\/\",\"logo\":{\"@type\":\"ImageObject\",\"inLanguage\":\"en-US\",\"@id\":\"https:\/\/dev4.devmitsinformatica.com\/en\/#\/schema\/logo\/image\/\",\"url\":\"https:\/\/dev4.devmitsinformatica.com\/wp-content\/uploads\/2016\/11\/graffiti-gallery-barcelona.png\",\"contentUrl\":\"https:\/\/dev4.devmitsinformatica.com\/wp-content\/uploads\/2016\/11\/graffiti-gallery-barcelona.png\",\"width\":386,\"height\":150,\"caption\":\"ANDEN Graffiti Shop Barcelona\"},\"image\":{\"@id\":\"https:\/\/dev4.devmitsinformatica.com\/en\/#\/schema\/logo\/image\/\"}}]}<\/script>\n<!-- \/ Yoast SEO plugin. -->","yoast_head_json":{"title":"Montana Spray Adhesive 150ml. Ultrawide Shop online.","description":"montana adhesive 150ml en tienda graffiti, ropa street art y montana colores. rotuladores para arte? Garffiti shop. Sprays online.","robots":{"index":"index","follow":"follow","max-snippet":"max-snippet:-1","max-image-preview":"max-image-preview:large","max-video-preview":"max-video-preview:-1"},"canonical":"https:\/\/dev4.devmitsinformatica.com\/en\/shop\/spray-cans-montana\/spruhkleber-permanent-150ml\/","og_locale":"en_US","og_type":"article","og_title":"Montana Spray Adhesive 150ml. Ultrawide Shop online.","og_description":"montana adhesive 150ml en tienda graffiti, ropa street art y montana colores. rotuladores para arte? Garffiti shop. Sprays online.","og_url":"https:\/\/dev4.devmitsinformatica.com\/en\/shop\/spray-cans-montana\/spruhkleber-permanent-150ml\/","og_site_name":"ULTRAWIDE GRAFFITI SHOP","article_modified_time":"2023-10-16T10:25:47+00:00","og_image":[{"width":500,"height":500,"url":"https:\/\/dev4.devmitsinformatica.com\/wp-content\/uploads\/2016\/08\/tech_spray_adhesive_permanent_p01_small.jpg","type":"image\/jpeg"}],"twitter_card":"summary_large_image","twitter_misc":{"Est. reading time":"2 minutes"},"schema":{"@context":"https:\/\/schema.org","@graph":[{"@type":"WebPage","@id":"https:\/\/dev4.devmitsinformatica.com\/en\/shop\/spray-cans-montana\/spruhkleber-permanent-150ml\/","url":"https:\/\/dev4.devmitsinformatica.com\/en\/shop\/spray-cans-montana\/spruhkleber-permanent-150ml\/","name":"Montana Spray Adhesive 150ml. Ultrawide Shop online.","isPartOf":{"@id":"https:\/\/dev4.devmitsinformatica.com\/en\/#website"},"primaryImageOfPage":{"@id":"https:\/\/dev4.devmitsinformatica.com\/en\/shop\/spray-cans-montana\/spruhkleber-permanent-150ml\/#primaryimage"},"image":{"@id":"https:\/\/dev4.devmitsinformatica.com\/en\/shop\/spray-cans-montana\/spruhkleber-permanent-150ml\/#primaryimage"},"thumbnailUrl":"https:\/\/dev4.devmitsinformatica.com\/wp-content\/uploads\/2016\/08\/tech_spray_adhesive_permanent_p01_small.jpg","datePublished":"2016-09-01T20:18:25+00:00","dateModified":"2023-10-16T10:25:47+00:00","description":"montana adhesive 150ml en tienda graffiti, ropa street art y montana colores. rotuladores para arte? Garffiti shop. Sprays online.","breadcrumb":{"@id":"https:\/\/dev4.devmitsinformatica.com\/en\/shop\/spray-cans-montana\/spruhkleber-permanent-150ml\/#breadcrumb"},"inLanguage":"en-US","potentialAction":[{"@type":"ReadAction","target":["https:\/\/dev4.devmitsinformatica.com\/en\/shop\/spray-cans-montana\/spruhkleber-permanent-150ml\/"]}]},{"@type":"ImageObject","inLanguage":"en-US","@id":"https:\/\/dev4.devmitsinformatica.com\/en\/shop\/spray-cans-montana\/spruhkleber-permanent-150ml\/#primaryimage","url":"https:\/\/dev4.devmitsinformatica.com\/wp-content\/uploads\/2016\/08\/tech_spray_adhesive_permanent_p01_small.jpg","contentUrl":"https:\/\/dev4.devmitsinformatica.com\/wp-content\/uploads\/2016\/08\/tech_spray_adhesive_permanent_p01_small.jpg","width":500,"height":500},{"@type":"BreadcrumbList","@id":"https:\/\/dev4.devmitsinformatica.com\/en\/shop\/spray-cans-montana\/spruhkleber-permanent-150ml\/#breadcrumb","itemListElement":[{"@type":"ListItem","position":1,"name":"Home","item":"https:\/\/dev4.devmitsinformatica.com\/en\/"},{"@type":"ListItem","position":2,"name":"Store","item":"https:\/\/dev4.devmitsinformatica.com\/?page_id=38"},{"@type":"ListItem","position":3,"name":"MONTANA SPRAY ADHESIVE 150ML"}]},{"@type":"WebSite","@id":"https:\/\/dev4.devmitsinformatica.com\/en\/#website","url":"https:\/\/dev4.devmitsinformatica.com\/en\/","name":"ULTRAWIDE GRAFFITI SHOP","description":"SPRAY GRAFFITI SHOP CAPS Y ROTULADORES","publisher":{"@id":"https:\/\/dev4.devmitsinformatica.com\/en\/#organization"},"potentialAction":[{"@type":"SearchAction","target":{"@type":"EntryPoint","urlTemplate":"https:\/\/dev4.devmitsinformatica.com\/en\/?s={search_term_string}"},"query-input":{"@type":"PropertyValueSpecification","valueRequired":true,"valueName":"search_term_string"}}],"inLanguage":"en-US"},{"@type":"Organization","@id":"https:\/\/dev4.devmitsinformatica.com\/en\/#organization","name":"ANDEN Graffiti Shop Barcelona","url":"https:\/\/dev4.devmitsinformatica.com\/en\/","logo":{"@type":"ImageObject","inLanguage":"en-US","@id":"https:\/\/dev4.devmitsinformatica.com\/en\/#\/schema\/logo\/image\/","url":"https:\/\/dev4.devmitsinformatica.com\/wp-content\/uploads\/2016\/11\/graffiti-gallery-barcelona.png","contentUrl":"https:\/\/dev4.devmitsinformatica.com\/wp-content\/uploads\/2016\/11\/graffiti-gallery-barcelona.png","width":386,"height":150,"caption":"ANDEN Graffiti Shop Barcelona"},"image":{"@id":"https:\/\/dev4.devmitsinformatica.com\/en\/#\/schema\/logo\/image\/"}}]}},"_links":{"self":[{"href":"https:\/\/dev4.devmitsinformatica.com\/en\/wp-json\/wp\/v2\/product\/2351","targetHints":{"allow":["GET"]}}],"collection":[{"href":"https:\/\/dev4.devmitsinformatica.com\/en\/wp-json\/wp\/v2\/product"}],"about":[{"href":"https:\/\/dev4.devmitsinformatica.com\/en\/wp-json\/wp\/v2\/types\/product"}],"replies":[{"embeddable":true,"href":"https:\/\/dev4.devmitsinformatica.com\/en\/wp-json\/wp\/v2\/comments?post=2351"}],"version-history":[{"count":0,"href":"https:\/\/dev4.devmitsinformatica.com\/en\/wp-json\/wp\/v2\/product\/2351\/revisions"}],"wp:featuredmedia":[{"embeddable":true,"href":"https:\/\/dev4.devmitsinformatica.com\/en\/wp-json\/wp\/v2\/media\/1014"}],"wp:attachment":[{"href":"https:\/\/dev4.devmitsinformatica.com\/en\/wp-json\/wp\/v2\/media?parent=2351"}],"wp:term":[{"taxonomy":"product_brand","embeddable":true,"href":"https:\/\/dev4.devmitsinformatica.com\/en\/wp-json\/wp\/v2\/product_brand?post=2351"},{"taxonomy":"product_cat","embeddable":true,"href":"https:\/\/dev4.devmitsinformatica.com\/en\/wp-json\/wp\/v2\/product_cat?post=2351"},{"taxonomy":"product_tag","embeddable":true,"href":"https:\/\/dev4.devmitsinformatica.com\/en\/wp-json\/wp\/v2\/product_tag?post=2351"}],"curies":[{"name":"wp","href":"https:\/\/api.w.org\/{rel}","templated":true}]}}