{"id":2358,"date":"2016-09-01T20:18:36","date_gmt":"2016-09-01T20:18:36","guid":{"rendered":"http:\/\/spraygraffiti.com\/index.php\/product\/styropor-imprimacion-400ml\/"},"modified":"2021-06-04T08:51:05","modified_gmt":"2021-06-04T08:51:05","slug":"styropor-imprimacion-400ml","status":"publish","type":"product","link":"https:\/\/dev4.devmitsinformatica.com\/en\/shop\/spray-cans-montana\/styropor-imprimacion-400ml\/","title":{"rendered":"Spray Imprimaci\u00f3n Poliestireno 400ml"},"content":{"rendered":"<h1>Spray Imprimaci\u00f3n Poliestireno 400ml<\/h1>\n<p>Spray Imprimaci\u00f3n Poliestireno 400ml.\u00a0<strong>El poliestireno Montana<\/strong> Primer proporciona capa adicional (protecci\u00f3n) de <em>poliestireno<\/em>, lo que hace que la pintura posterior con pinturano ataque la superficie. Despu\u00e9s de la aplicaci\u00f3n de la capa protectora se pueden utilizar todas las pinturas. Montana sint\u00e9tico, nitro o base de acr\u00edlico. Se recomienda hacer primero una prueba de funcionamiento en un lugar menos visible posible para evitar resultados no deseados. El tiempo de secado var\u00eda dependiendo de la temperatura ambiente y la humedad y puede tardar hasta 24 horas. Disponible como 400ml.<br \/>\nUso: Aplicar imprimaci\u00f3n en varias capas delgadas. Que cada capa seca de aproximadamente 3 a 4 minutos antes de la pr\u00f3xima capa. La capa inferior no debe estar completamente seca para mejorar la adhesi\u00f3n de la nueva capa. Otras capas pueden tener un tiempo de secado que requiere de hasta 24 horas. Realice una prueba previamente en un lugar no visible para visualizar la reacci\u00f3n con barniz o pintura.<\/p>\n<p>La imprimaci\u00f3n para corcho o denominada imprimaci\u00f3n Poliestireno 400ml es una imprimaci\u00f3n puente que protege el poliestireno creando una fina pel\u00edcula sobre el soporte que evita que este sufra la erosi\u00f3n de los disolventes de los sprays posteriores. La reacci\u00f3n directa del spray sobre el poliestireno debilita el material dando lugar a deformaci\u00f3n y erosi\u00f3n en la superf\u00edcie. Con la imprimacion Montana Poliestireno o Styropor primer, evita esta situaci\u00f3n y te permite pintar con total tranquilidad.<\/p>\n","protected":false},"excerpt":{"rendered":"<p>Montana ofrece diferentes imprimadores para su aplicaci\u00f3n en diferentes superficies que necesitan tratamiento previo, como pl\u00e1stico, metal y espuma de <em><strong>poliestireno<\/strong><\/em>. Universal <em>Primer<\/em> tambi\u00e9n funciona en cuero, cartulinas, madera y muchos otros materiales. Los aerosoles Montana PRIMER permiten una excelente adhesi\u00f3n y mayor recubrimiento de pinturas en aerosol sint\u00e9ticas, nitro-combi o acr\u00edlicas. Utilice cebadores para resultados eficientes y m\u00e1s permanentes. F\u00e1cil de aplicar, lijar y volver a revestir.<\/p>\n","protected":false},"featured_media":1028,"comment_status":"closed","ping_status":"closed","template":"","meta":{"site-sidebar-layout":"default","site-content-layout":"","ast-site-content-layout":"default","site-content-style":"default","site-sidebar-style":"default","ast-global-header-display":"","ast-banner-title-visibility":"","ast-main-header-display":"","ast-hfb-above-header-display":"","ast-hfb-below-header-display":"","ast-hfb-mobile-header-display":"","site-post-title":"","ast-breadcrumbs-content":"","ast-featured-img":"","footer-sml-layout":"","ast-disable-related-posts":"","theme-transparent-header-meta":"","adv-header-id-meta":"","stick-header-meta":"","header-above-stick-meta":"","header-main-stick-meta":"","header-below-stick-meta":"","astra-migrate-meta-layouts":"default","ast-page-background-enabled":"default","ast-page-background-meta":{"desktop":{"background-color":"","background-image":"","background-repeat":"repeat","background-position":"center center","background-size":"auto","background-attachment":"scroll","background-type":"","background-media":"","overlay-type":"","overlay-color":"","overlay-opacity":"","overlay-gradient":""},"tablet":{"background-color":"","background-image":"","background-repeat":"repeat","background-position":"center center","background-size":"auto","background-attachment":"scroll","background-type":"","background-media":"","overlay-type":"","overlay-color":"","overlay-opacity":"","overlay-gradient":""},"mobile":{"background-color":"","background-image":"","background-repeat":"repeat","background-position":"center center","background-size":"auto","background-attachment":"scroll","background-type":"","background-media":"","overlay-type":"","overlay-color":"","overlay-opacity":"","overlay-gradient":""}},"ast-content-background-meta":{"desktop":{"background-color":"var(--ast-global-color-5)","background-image":"","background-repeat":"repeat","background-position":"center center","background-size":"auto","background-attachment":"scroll","background-type":"","background-media":"","overlay-type":"","overlay-color":"","overlay-opacity":"","overlay-gradient":""},"tablet":{"background-color":"var(--ast-global-color-5)","background-image":"","background-repeat":"repeat","background-position":"center center","background-size":"auto","background-attachment":"scroll","background-type":"","background-media":"","overlay-type":"","overlay-color":"","overlay-opacity":"","overlay-gradient":""},"mobile":{"background-color":"var(--ast-global-color-5)","background-image":"","background-repeat":"repeat","background-position":"center center","background-size":"auto","background-attachment":"scroll","background-type":"","background-media":"","overlay-type":"","overlay-color":"","overlay-opacity":"","overlay-gradient":""}}},"product_brand":[],"product_cat":[10,5570,3109,5647,3216,5649],"product_tag":[3774,1392,3773,1391,1390,1389,1019,1398,1400,1397,1399,1394,1393,1396,1395],"class_list":{"0":"post-2358","1":"product","2":"type-product","3":"status-publish","4":"has-post-thumbnail","6":"product_cat-spray-cans-montana","7":"product_cat-imprimaciones","8":"product_cat-montana-cans","9":"product_cat-montana-tech-spray","10":"product_cat-spray","11":"product_cat-sprays-tecnicos","12":"product_tag-imprimacion-corcho-spray","13":"product_tag-imprimacion-montana-styropor","14":"product_tag-imprimacion-para-corcho","15":"product_tag-imprimacion-spray-styropor","16":"product_tag-imprimacion-styropor-montana","17":"product_tag-imprimacion-styropor-spray","18":"product_tag-montana","19":"product_tag-montana-imprimacion-styropor","20":"product_tag-montana-styropor-imprimacion","21":"product_tag-spray-imprimacion-styropor","22":"product_tag-spray-styropor-imprimacion","23":"product_tag-styropor-imprimacion-montana","24":"product_tag-styropor-imprimacion-spray","25":"product_tag-styropor-montana-imprimacion","26":"product_tag-styropor-spray-imprimacion","27":"desktop-align-left","28":"tablet-align-left","29":"mobile-align-left","31":"first","32":"instock","33":"purchasable","34":"product-type-simple"},"yoast_head":"<!-- This site is optimized with the Yoast SEO plugin v27.0 - https:\/\/yoast.com\/product\/yoast-seo-wordpress\/ -->\n<title>Spray Imprimaci\u00f3n Poliestireno 400ml Anden Graffiti Shop Barcelona<\/title>\n<meta name=\"description\" content=\"Spray Imprimaci\u00f3n Poliestireno 400ml en Barcelona:Spray Imprimaci\u00f3n Poliestireno 400ml? Spray Imprimaci\u00f3n Poliestireno 400ml y mas. Arte y Graffiti Shop Barcelona. Spray, Colores, Rotuladores y Spray Imprimaci\u00f3n Poliestireno 400ml\" \/>\n<meta name=\"robots\" content=\"index, follow, max-snippet:-1, max-image-preview:large, max-video-preview:-1\" \/>\n<link rel=\"canonical\" href=\"https:\/\/dev4.devmitsinformatica.com\/en\/shop\/spray-cans-montana\/styropor-imprimacion-400ml\/\" \/>\n<meta property=\"og:locale\" content=\"en_US\" \/>\n<meta property=\"og:type\" content=\"article\" \/>\n<meta property=\"og:title\" content=\"Spray Imprimaci\u00f3n Poliestireno 400ml Anden Graffiti Shop Barcelona\" \/>\n<meta property=\"og:description\" content=\"Spray Imprimaci\u00f3n Poliestireno 400ml en Barcelona:Spray Imprimaci\u00f3n Poliestireno 400ml? Spray Imprimaci\u00f3n Poliestireno 400ml y mas. Arte y Graffiti Shop Barcelona. Spray, Colores, Rotuladores y Spray Imprimaci\u00f3n Poliestireno 400ml\" \/>\n<meta property=\"og:url\" content=\"https:\/\/dev4.devmitsinformatica.com\/en\/shop\/spray-cans-montana\/styropor-imprimacion-400ml\/\" \/>\n<meta property=\"og:site_name\" content=\"ULTRAWIDE GRAFFITI SHOP\" \/>\n<meta property=\"article:modified_time\" content=\"2021-06-04T08:51:05+00:00\" \/>\n<meta property=\"og:image\" content=\"https:\/\/dev4.devmitsinformatica.com\/wp-content\/uploads\/2016\/08\/tech_spray_polystyrol_primer_p01.jpg\" \/>\n\t<meta property=\"og:image:width\" content=\"500\" \/>\n\t<meta property=\"og:image:height\" content=\"500\" \/>\n\t<meta property=\"og:image:type\" content=\"image\/jpeg\" \/>\n<meta name=\"twitter:card\" content=\"summary_large_image\" \/>\n<meta name=\"twitter:label1\" content=\"Est. reading time\" \/>\n\t<meta name=\"twitter:data1\" content=\"1 minute\" \/>\n<script type=\"application\/ld+json\" class=\"yoast-schema-graph\">{\"@context\":\"https:\/\/schema.org\",\"@graph\":[{\"@type\":\"WebPage\",\"@id\":\"https:\/\/dev4.devmitsinformatica.com\/en\/shop\/spray-cans-montana\/styropor-imprimacion-400ml\/\",\"url\":\"https:\/\/dev4.devmitsinformatica.com\/en\/shop\/spray-cans-montana\/styropor-imprimacion-400ml\/\",\"name\":\"Spray Imprimaci\u00f3n Poliestireno 400ml Anden Graffiti Shop Barcelona\",\"isPartOf\":{\"@id\":\"https:\/\/dev4.devmitsinformatica.com\/en\/#website\"},\"primaryImageOfPage\":{\"@id\":\"https:\/\/dev4.devmitsinformatica.com\/en\/shop\/spray-cans-montana\/styropor-imprimacion-400ml\/#primaryimage\"},\"image\":{\"@id\":\"https:\/\/dev4.devmitsinformatica.com\/en\/shop\/spray-cans-montana\/styropor-imprimacion-400ml\/#primaryimage\"},\"thumbnailUrl\":\"https:\/\/dev4.devmitsinformatica.com\/wp-content\/uploads\/2016\/08\/tech_spray_polystyrol_primer_p01.jpg\",\"datePublished\":\"2016-09-01T20:18:36+00:00\",\"dateModified\":\"2021-06-04T08:51:05+00:00\",\"description\":\"Spray Imprimaci\u00f3n Poliestireno 400ml en Barcelona:Spray Imprimaci\u00f3n Poliestireno 400ml? Spray Imprimaci\u00f3n Poliestireno 400ml y mas. Arte y Graffiti Shop Barcelona. Spray, Colores, Rotuladores y Spray Imprimaci\u00f3n Poliestireno 400ml\",\"breadcrumb\":{\"@id\":\"https:\/\/dev4.devmitsinformatica.com\/en\/shop\/spray-cans-montana\/styropor-imprimacion-400ml\/#breadcrumb\"},\"inLanguage\":\"en-US\",\"potentialAction\":[{\"@type\":\"ReadAction\",\"target\":[\"https:\/\/dev4.devmitsinformatica.com\/en\/shop\/spray-cans-montana\/styropor-imprimacion-400ml\/\"]}]},{\"@type\":\"ImageObject\",\"inLanguage\":\"en-US\",\"@id\":\"https:\/\/dev4.devmitsinformatica.com\/en\/shop\/spray-cans-montana\/styropor-imprimacion-400ml\/#primaryimage\",\"url\":\"https:\/\/dev4.devmitsinformatica.com\/wp-content\/uploads\/2016\/08\/tech_spray_polystyrol_primer_p01.jpg\",\"contentUrl\":\"https:\/\/dev4.devmitsinformatica.com\/wp-content\/uploads\/2016\/08\/tech_spray_polystyrol_primer_p01.jpg\",\"width\":500,\"height\":500},{\"@type\":\"BreadcrumbList\",\"@id\":\"https:\/\/dev4.devmitsinformatica.com\/en\/shop\/spray-cans-montana\/styropor-imprimacion-400ml\/#breadcrumb\",\"itemListElement\":[{\"@type\":\"ListItem\",\"position\":1,\"name\":\"Home\",\"item\":\"https:\/\/dev4.devmitsinformatica.com\/en\/\"},{\"@type\":\"ListItem\",\"position\":2,\"name\":\"Store\",\"item\":\"https:\/\/dev4.devmitsinformatica.com\/?page_id=38\"},{\"@type\":\"ListItem\",\"position\":3,\"name\":\"Spray Imprimaci\u00f3n Poliestireno 400ml\"}]},{\"@type\":\"WebSite\",\"@id\":\"https:\/\/dev4.devmitsinformatica.com\/en\/#website\",\"url\":\"https:\/\/dev4.devmitsinformatica.com\/en\/\",\"name\":\"ULTRAWIDE GRAFFITI SHOP\",\"description\":\"SPRAY GRAFFITI SHOP CAPS Y ROTULADORES\",\"publisher\":{\"@id\":\"https:\/\/dev4.devmitsinformatica.com\/en\/#organization\"},\"potentialAction\":[{\"@type\":\"SearchAction\",\"target\":{\"@type\":\"EntryPoint\",\"urlTemplate\":\"https:\/\/dev4.devmitsinformatica.com\/en\/?s={search_term_string}\"},\"query-input\":{\"@type\":\"PropertyValueSpecification\",\"valueRequired\":true,\"valueName\":\"search_term_string\"}}],\"inLanguage\":\"en-US\"},{\"@type\":\"Organization\",\"@id\":\"https:\/\/dev4.devmitsinformatica.com\/en\/#organization\",\"name\":\"ANDEN Graffiti Shop Barcelona\",\"url\":\"https:\/\/dev4.devmitsinformatica.com\/en\/\",\"logo\":{\"@type\":\"ImageObject\",\"inLanguage\":\"en-US\",\"@id\":\"https:\/\/dev4.devmitsinformatica.com\/en\/#\/schema\/logo\/image\/\",\"url\":\"https:\/\/dev4.devmitsinformatica.com\/wp-content\/uploads\/2016\/11\/graffiti-gallery-barcelona.png\",\"contentUrl\":\"https:\/\/dev4.devmitsinformatica.com\/wp-content\/uploads\/2016\/11\/graffiti-gallery-barcelona.png\",\"width\":386,\"height\":150,\"caption\":\"ANDEN Graffiti Shop Barcelona\"},\"image\":{\"@id\":\"https:\/\/dev4.devmitsinformatica.com\/en\/#\/schema\/logo\/image\/\"}}]}<\/script>\n<!-- \/ Yoast SEO plugin. -->","yoast_head_json":{"title":"Spray Imprimaci\u00f3n Poliestireno 400ml Anden Graffiti Shop Barcelona","description":"Spray Imprimaci\u00f3n Poliestireno 400ml en Barcelona:Spray Imprimaci\u00f3n Poliestireno 400ml? Spray Imprimaci\u00f3n Poliestireno 400ml y mas. Arte y Graffiti Shop Barcelona. Spray, Colores, Rotuladores y Spray Imprimaci\u00f3n Poliestireno 400ml","robots":{"index":"index","follow":"follow","max-snippet":"max-snippet:-1","max-image-preview":"max-image-preview:large","max-video-preview":"max-video-preview:-1"},"canonical":"https:\/\/dev4.devmitsinformatica.com\/en\/shop\/spray-cans-montana\/styropor-imprimacion-400ml\/","og_locale":"en_US","og_type":"article","og_title":"Spray Imprimaci\u00f3n Poliestireno 400ml Anden Graffiti Shop Barcelona","og_description":"Spray Imprimaci\u00f3n Poliestireno 400ml en Barcelona:Spray Imprimaci\u00f3n Poliestireno 400ml? Spray Imprimaci\u00f3n Poliestireno 400ml y mas. Arte y Graffiti Shop Barcelona. Spray, Colores, Rotuladores y Spray Imprimaci\u00f3n Poliestireno 400ml","og_url":"https:\/\/dev4.devmitsinformatica.com\/en\/shop\/spray-cans-montana\/styropor-imprimacion-400ml\/","og_site_name":"ULTRAWIDE GRAFFITI SHOP","article_modified_time":"2021-06-04T08:51:05+00:00","og_image":[{"width":500,"height":500,"url":"https:\/\/dev4.devmitsinformatica.com\/wp-content\/uploads\/2016\/08\/tech_spray_polystyrol_primer_p01.jpg","type":"image\/jpeg"}],"twitter_card":"summary_large_image","twitter_misc":{"Est. reading time":"1 minute"},"schema":{"@context":"https:\/\/schema.org","@graph":[{"@type":"WebPage","@id":"https:\/\/dev4.devmitsinformatica.com\/en\/shop\/spray-cans-montana\/styropor-imprimacion-400ml\/","url":"https:\/\/dev4.devmitsinformatica.com\/en\/shop\/spray-cans-montana\/styropor-imprimacion-400ml\/","name":"Spray Imprimaci\u00f3n Poliestireno 400ml Anden Graffiti Shop Barcelona","isPartOf":{"@id":"https:\/\/dev4.devmitsinformatica.com\/en\/#website"},"primaryImageOfPage":{"@id":"https:\/\/dev4.devmitsinformatica.com\/en\/shop\/spray-cans-montana\/styropor-imprimacion-400ml\/#primaryimage"},"image":{"@id":"https:\/\/dev4.devmitsinformatica.com\/en\/shop\/spray-cans-montana\/styropor-imprimacion-400ml\/#primaryimage"},"thumbnailUrl":"https:\/\/dev4.devmitsinformatica.com\/wp-content\/uploads\/2016\/08\/tech_spray_polystyrol_primer_p01.jpg","datePublished":"2016-09-01T20:18:36+00:00","dateModified":"2021-06-04T08:51:05+00:00","description":"Spray Imprimaci\u00f3n Poliestireno 400ml en Barcelona:Spray Imprimaci\u00f3n Poliestireno 400ml? Spray Imprimaci\u00f3n Poliestireno 400ml y mas. Arte y Graffiti Shop Barcelona. Spray, Colores, Rotuladores y Spray Imprimaci\u00f3n Poliestireno 400ml","breadcrumb":{"@id":"https:\/\/dev4.devmitsinformatica.com\/en\/shop\/spray-cans-montana\/styropor-imprimacion-400ml\/#breadcrumb"},"inLanguage":"en-US","potentialAction":[{"@type":"ReadAction","target":["https:\/\/dev4.devmitsinformatica.com\/en\/shop\/spray-cans-montana\/styropor-imprimacion-400ml\/"]}]},{"@type":"ImageObject","inLanguage":"en-US","@id":"https:\/\/dev4.devmitsinformatica.com\/en\/shop\/spray-cans-montana\/styropor-imprimacion-400ml\/#primaryimage","url":"https:\/\/dev4.devmitsinformatica.com\/wp-content\/uploads\/2016\/08\/tech_spray_polystyrol_primer_p01.jpg","contentUrl":"https:\/\/dev4.devmitsinformatica.com\/wp-content\/uploads\/2016\/08\/tech_spray_polystyrol_primer_p01.jpg","width":500,"height":500},{"@type":"BreadcrumbList","@id":"https:\/\/dev4.devmitsinformatica.com\/en\/shop\/spray-cans-montana\/styropor-imprimacion-400ml\/#breadcrumb","itemListElement":[{"@type":"ListItem","position":1,"name":"Home","item":"https:\/\/dev4.devmitsinformatica.com\/en\/"},{"@type":"ListItem","position":2,"name":"Store","item":"https:\/\/dev4.devmitsinformatica.com\/?page_id=38"},{"@type":"ListItem","position":3,"name":"Spray Imprimaci\u00f3n Poliestireno 400ml"}]},{"@type":"WebSite","@id":"https:\/\/dev4.devmitsinformatica.com\/en\/#website","url":"https:\/\/dev4.devmitsinformatica.com\/en\/","name":"ULTRAWIDE GRAFFITI SHOP","description":"SPRAY GRAFFITI SHOP CAPS Y ROTULADORES","publisher":{"@id":"https:\/\/dev4.devmitsinformatica.com\/en\/#organization"},"potentialAction":[{"@type":"SearchAction","target":{"@type":"EntryPoint","urlTemplate":"https:\/\/dev4.devmitsinformatica.com\/en\/?s={search_term_string}"},"query-input":{"@type":"PropertyValueSpecification","valueRequired":true,"valueName":"search_term_string"}}],"inLanguage":"en-US"},{"@type":"Organization","@id":"https:\/\/dev4.devmitsinformatica.com\/en\/#organization","name":"ANDEN Graffiti Shop Barcelona","url":"https:\/\/dev4.devmitsinformatica.com\/en\/","logo":{"@type":"ImageObject","inLanguage":"en-US","@id":"https:\/\/dev4.devmitsinformatica.com\/en\/#\/schema\/logo\/image\/","url":"https:\/\/dev4.devmitsinformatica.com\/wp-content\/uploads\/2016\/11\/graffiti-gallery-barcelona.png","contentUrl":"https:\/\/dev4.devmitsinformatica.com\/wp-content\/uploads\/2016\/11\/graffiti-gallery-barcelona.png","width":386,"height":150,"caption":"ANDEN Graffiti Shop Barcelona"},"image":{"@id":"https:\/\/dev4.devmitsinformatica.com\/en\/#\/schema\/logo\/image\/"}}]}},"_links":{"self":[{"href":"https:\/\/dev4.devmitsinformatica.com\/en\/wp-json\/wp\/v2\/product\/2358","targetHints":{"allow":["GET"]}}],"collection":[{"href":"https:\/\/dev4.devmitsinformatica.com\/en\/wp-json\/wp\/v2\/product"}],"about":[{"href":"https:\/\/dev4.devmitsinformatica.com\/en\/wp-json\/wp\/v2\/types\/product"}],"replies":[{"embeddable":true,"href":"https:\/\/dev4.devmitsinformatica.com\/en\/wp-json\/wp\/v2\/comments?post=2358"}],"version-history":[{"count":0,"href":"https:\/\/dev4.devmitsinformatica.com\/en\/wp-json\/wp\/v2\/product\/2358\/revisions"}],"wp:featuredmedia":[{"embeddable":true,"href":"https:\/\/dev4.devmitsinformatica.com\/en\/wp-json\/wp\/v2\/media\/1028"}],"wp:attachment":[{"href":"https:\/\/dev4.devmitsinformatica.com\/en\/wp-json\/wp\/v2\/media?parent=2358"}],"wp:term":[{"taxonomy":"product_brand","embeddable":true,"href":"https:\/\/dev4.devmitsinformatica.com\/en\/wp-json\/wp\/v2\/product_brand?post=2358"},{"taxonomy":"product_cat","embeddable":true,"href":"https:\/\/dev4.devmitsinformatica.com\/en\/wp-json\/wp\/v2\/product_cat?post=2358"},{"taxonomy":"product_tag","embeddable":true,"href":"https:\/\/dev4.devmitsinformatica.com\/en\/wp-json\/wp\/v2\/product_tag?post=2358"}],"curies":[{"name":"wp","href":"https:\/\/api.w.org\/{rel}","templated":true}]}}