{"id":2359,"date":"2016-09-01T20:18:36","date_gmt":"2016-09-01T20:18:36","guid":{"rendered":"http:\/\/spraygraffiti.com\/index.php\/product\/montana-tech-400ml-entfernerabbeizer\/"},"modified":"2022-04-05T09:16:07","modified_gmt":"2022-04-05T09:16:07","slug":"montana-tech-400ml-remover-decapante","status":"publish","type":"product","link":"https:\/\/dev4.devmitsinformatica.com\/en\/shop\/spray-cans-montana\/montana-tech-400ml-remover-decapante\/","title":{"rendered":"Montana Remover, Quitapinturas."},"content":{"rendered":"<h1>Montana Remover, Quitapinturas.<\/h1>\n<p>Montana Remover, <strong><em>Quitapinturas<\/em><\/strong>. Aerosol respetuoso con el medio ambiente. Se disuelve y elimina las pinturas de forma r\u00e1pida y fiable se aplica mediante una consistencia similar a gel, de manera que es posible su aplicaci\u00f3n incluso sobre superficies verticales. Superficies como ladrillo, piedra, m\u00e1rmol, asfalto, vidrio, metal o madera se pueden limpiar f\u00e1cilmente. En los metales que no contienen hierro, pueden causar cambios de color. NOTA: Por favor, no use en los coches, ya que puede da\u00f1ar la pintura! El spray es pH neutro. El Montana Remover, Quitapinturas actua sobre el aerosol y sobre las pintadas con rotulador, penetrando en la superf\u00edcie del soporte y reblandeciendo las pinturas. De esta manera ayudandonos de un trapo, esp\u00f1atula y\/o cepillo podemos eliminar las pinturas y los restos de pintadas que nos encontremos. Pulveriza sobre la superf\u00edcie y deja actuar unos segundos, a\u00a0 continuaci\u00f3n vuelve a pulverizar y frota la superf\u00edcie hasta la eliminaci\u00f3n de las pinturas. Repite la operaci\u00f3n hasta que quede totalmente eliminada. Una vez aplicado el quitapinturas Montana Remover, recomendamos limpiar la superf\u00edcie con Montana Aceton Spray 400ml para eliminar restos de polvo o peque\u00f1os restos de pintura.<\/p>\n<p>Buscas decapante en Spray? And\u00e9n Barcelona tiene decapante en spray y mas? Montana Remover, quitapinturas.<\/p>\n<p>&nbsp;<\/p>\n<p><strong><em>decapante spray<\/em><\/strong>-decapante pintura-removedor de pintura-montana cans remover<\/p>\n","protected":false},"excerpt":{"rendered":"<p>Aerosol respetuoso con el medio ambiente. Se disuelve y elimina las pinturas de forma r\u00e1pida y fiable se aplica mediante una consistencia similar a gel, de manera que es posible su aplicaci\u00f3n incluso sobre superficies verticales. Superficies como ladrillo, piedra, m\u00e1rmol, asfalto, vidrio, metal o madera se pueden limpiar f\u00e1cilmente. En los metales que no contienen hierro, pueden causar cambios de color. NOTA: Por favor, no use en los coches, ya que puede da\u00f1ar la pintura! El spray es pH neutro.<\/p>\n[video width=\"1280\" height=\"720\" mp4=\"https:\/\/dev4.devmitsinformatica.com\/wp-content\/uploads\/2016\/09\/Montana-REMOVER-Spray-400ml.mp4\"][\/video]\n","protected":false},"featured_media":1030,"comment_status":"closed","ping_status":"closed","template":"","meta":{"site-sidebar-layout":"default","site-content-layout":"","ast-site-content-layout":"default","site-content-style":"default","site-sidebar-style":"default","ast-global-header-display":"","ast-banner-title-visibility":"","ast-main-header-display":"","ast-hfb-above-header-display":"","ast-hfb-below-header-display":"","ast-hfb-mobile-header-display":"","site-post-title":"","ast-breadcrumbs-content":"","ast-featured-img":"","footer-sml-layout":"","ast-disable-related-posts":"","theme-transparent-header-meta":"","adv-header-id-meta":"","stick-header-meta":"","header-above-stick-meta":"","header-main-stick-meta":"","header-below-stick-meta":"","astra-migrate-meta-layouts":"default","ast-page-background-enabled":"default","ast-page-background-meta":{"desktop":{"background-color":"","background-image":"","background-repeat":"repeat","background-position":"center center","background-size":"auto","background-attachment":"scroll","background-type":"","background-media":"","overlay-type":"","overlay-color":"","overlay-opacity":"","overlay-gradient":""},"tablet":{"background-color":"","background-image":"","background-repeat":"repeat","background-position":"center center","background-size":"auto","background-attachment":"scroll","background-type":"","background-media":"","overlay-type":"","overlay-color":"","overlay-opacity":"","overlay-gradient":""},"mobile":{"background-color":"","background-image":"","background-repeat":"repeat","background-position":"center center","background-size":"auto","background-attachment":"scroll","background-type":"","background-media":"","overlay-type":"","overlay-color":"","overlay-opacity":"","overlay-gradient":""}},"ast-content-background-meta":{"desktop":{"background-color":"var(--ast-global-color-5)","background-image":"","background-repeat":"repeat","background-position":"center center","background-size":"auto","background-attachment":"scroll","background-type":"","background-media":"","overlay-type":"","overlay-color":"","overlay-opacity":"","overlay-gradient":""},"tablet":{"background-color":"var(--ast-global-color-5)","background-image":"","background-repeat":"repeat","background-position":"center center","background-size":"auto","background-attachment":"scroll","background-type":"","background-media":"","overlay-type":"","overlay-color":"","overlay-opacity":"","overlay-gradient":""},"mobile":{"background-color":"var(--ast-global-color-5)","background-image":"","background-repeat":"repeat","background-position":"center center","background-size":"auto","background-attachment":"scroll","background-type":"","background-media":"","overlay-type":"","overlay-color":"","overlay-opacity":"","overlay-gradient":""}}},"product_brand":[],"product_cat":[10,5804,3109,5647,3216,5649],"product_tag":[3230,3233,3772,1019,1625,1622,1623,3771,3232,3229,3770,1620,3231,1621,1619],"class_list":{"0":"post-2359","1":"product","2":"type-product","3":"status-publish","4":"has-post-thumbnail","6":"product_cat-spray-cans-montana","7":"product_cat-tech-spray","8":"product_cat-montana-cans","9":"product_cat-montana-tech-spray","10":"product_cat-spray","11":"product_cat-sprays-tecnicos","12":"product_tag-decapante-en-spray","13":"product_tag-eliminar-graffiti","14":"product_tag-limpiagraffitis","15":"product_tag-montana","16":"product_tag-montana-sprays-tech-400","17":"product_tag-montana-tech-400-spray","18":"product_tag-montana-tech-400-sprays","19":"product_tag-quitagarffitis","20":"product_tag-quitagraffitis","21":"product_tag-quitapinturas-en-spray","22":"product_tag-quitapinturas-spray","23":"product_tag-spray-montana-tech-400","24":"product_tag-spray-removedor","25":"product_tag-sprays-montana-tech-400","26":"product_tag-sprays-tech-400-montana","27":"desktop-align-left","28":"tablet-align-left","29":"mobile-align-left","31":"first","32":"instock","33":"purchasable","34":"product-type-simple"},"yoast_head":"<!-- This site is optimized with the Yoast SEO plugin v27.0 - https:\/\/yoast.com\/product\/yoast-seo-wordpress\/ -->\n<title>Montana Remover, Quitapinturas. Anden Graffiti Shop Barcelona<\/title>\n<meta name=\"description\" content=\"rotuladores para arte? tienda bellas artes online. tienda graffiti, ropa street art y montana colores. materiales bellas artes barcelona? graffiti shop barcelona? barniz de montana?\" \/>\n<meta name=\"robots\" content=\"index, follow, max-snippet:-1, max-image-preview:large, max-video-preview:-1\" \/>\n<link rel=\"canonical\" href=\"https:\/\/dev4.devmitsinformatica.com\/en\/shop\/spray-cans-montana\/montana-tech-400ml-remover-decapante\/\" \/>\n<meta property=\"og:locale\" content=\"en_US\" \/>\n<meta property=\"og:type\" content=\"article\" \/>\n<meta property=\"og:title\" content=\"Montana Remover, Quitapinturas. Anden Graffiti Shop Barcelona\" \/>\n<meta property=\"og:description\" content=\"rotuladores para arte? tienda bellas artes online. tienda graffiti, ropa street art y montana colores. materiales bellas artes barcelona? graffiti shop barcelona? barniz de montana?\" \/>\n<meta property=\"og:url\" content=\"https:\/\/dev4.devmitsinformatica.com\/en\/shop\/spray-cans-montana\/montana-tech-400ml-remover-decapante\/\" \/>\n<meta property=\"og:site_name\" content=\"ULTRAWIDE GRAFFITI SHOP\" \/>\n<meta property=\"article:modified_time\" content=\"2022-04-05T09:16:07+00:00\" \/>\n<meta property=\"og:image\" content=\"https:\/\/dev4.devmitsinformatica.com\/wp-content\/uploads\/2016\/08\/tech_spray_remover_p01.jpg\" \/>\n\t<meta property=\"og:image:width\" content=\"500\" \/>\n\t<meta property=\"og:image:height\" content=\"500\" \/>\n\t<meta property=\"og:image:type\" content=\"image\/jpeg\" \/>\n<meta name=\"twitter:card\" content=\"summary_large_image\" \/>\n<meta name=\"twitter:label1\" content=\"Est. reading time\" \/>\n\t<meta name=\"twitter:data1\" content=\"1 minute\" \/>\n<script type=\"application\/ld+json\" class=\"yoast-schema-graph\">{\"@context\":\"https:\/\/schema.org\",\"@graph\":[{\"@type\":\"WebPage\",\"@id\":\"https:\/\/dev4.devmitsinformatica.com\/en\/shop\/spray-cans-montana\/montana-tech-400ml-remover-decapante\/\",\"url\":\"https:\/\/dev4.devmitsinformatica.com\/en\/shop\/spray-cans-montana\/montana-tech-400ml-remover-decapante\/\",\"name\":\"Montana Remover, Quitapinturas. Anden Graffiti Shop Barcelona\",\"isPartOf\":{\"@id\":\"https:\/\/dev4.devmitsinformatica.com\/en\/#website\"},\"primaryImageOfPage\":{\"@id\":\"https:\/\/dev4.devmitsinformatica.com\/en\/shop\/spray-cans-montana\/montana-tech-400ml-remover-decapante\/#primaryimage\"},\"image\":{\"@id\":\"https:\/\/dev4.devmitsinformatica.com\/en\/shop\/spray-cans-montana\/montana-tech-400ml-remover-decapante\/#primaryimage\"},\"thumbnailUrl\":\"https:\/\/dev4.devmitsinformatica.com\/wp-content\/uploads\/2016\/08\/tech_spray_remover_p01.jpg\",\"datePublished\":\"2016-09-01T20:18:36+00:00\",\"dateModified\":\"2022-04-05T09:16:07+00:00\",\"description\":\"rotuladores para arte? tienda bellas artes online. tienda graffiti, ropa street art y montana colores. materiales bellas artes barcelona? graffiti shop barcelona? barniz de montana?\",\"breadcrumb\":{\"@id\":\"https:\/\/dev4.devmitsinformatica.com\/en\/shop\/spray-cans-montana\/montana-tech-400ml-remover-decapante\/#breadcrumb\"},\"inLanguage\":\"en-US\",\"potentialAction\":[{\"@type\":\"ReadAction\",\"target\":[\"https:\/\/dev4.devmitsinformatica.com\/en\/shop\/spray-cans-montana\/montana-tech-400ml-remover-decapante\/\"]}]},{\"@type\":\"ImageObject\",\"inLanguage\":\"en-US\",\"@id\":\"https:\/\/dev4.devmitsinformatica.com\/en\/shop\/spray-cans-montana\/montana-tech-400ml-remover-decapante\/#primaryimage\",\"url\":\"https:\/\/dev4.devmitsinformatica.com\/wp-content\/uploads\/2016\/08\/tech_spray_remover_p01.jpg\",\"contentUrl\":\"https:\/\/dev4.devmitsinformatica.com\/wp-content\/uploads\/2016\/08\/tech_spray_remover_p01.jpg\",\"width\":500,\"height\":500},{\"@type\":\"BreadcrumbList\",\"@id\":\"https:\/\/dev4.devmitsinformatica.com\/en\/shop\/spray-cans-montana\/montana-tech-400ml-remover-decapante\/#breadcrumb\",\"itemListElement\":[{\"@type\":\"ListItem\",\"position\":1,\"name\":\"Home\",\"item\":\"https:\/\/dev4.devmitsinformatica.com\/en\/\"},{\"@type\":\"ListItem\",\"position\":2,\"name\":\"Store\",\"item\":\"https:\/\/dev4.devmitsinformatica.com\/?page_id=38\"},{\"@type\":\"ListItem\",\"position\":3,\"name\":\"Montana Remover, Quitapinturas.\"}]},{\"@type\":\"WebSite\",\"@id\":\"https:\/\/dev4.devmitsinformatica.com\/en\/#website\",\"url\":\"https:\/\/dev4.devmitsinformatica.com\/en\/\",\"name\":\"ULTRAWIDE GRAFFITI SHOP\",\"description\":\"SPRAY GRAFFITI SHOP CAPS Y ROTULADORES\",\"publisher\":{\"@id\":\"https:\/\/dev4.devmitsinformatica.com\/en\/#organization\"},\"potentialAction\":[{\"@type\":\"SearchAction\",\"target\":{\"@type\":\"EntryPoint\",\"urlTemplate\":\"https:\/\/dev4.devmitsinformatica.com\/en\/?s={search_term_string}\"},\"query-input\":{\"@type\":\"PropertyValueSpecification\",\"valueRequired\":true,\"valueName\":\"search_term_string\"}}],\"inLanguage\":\"en-US\"},{\"@type\":\"Organization\",\"@id\":\"https:\/\/dev4.devmitsinformatica.com\/en\/#organization\",\"name\":\"ANDEN Graffiti Shop Barcelona\",\"url\":\"https:\/\/dev4.devmitsinformatica.com\/en\/\",\"logo\":{\"@type\":\"ImageObject\",\"inLanguage\":\"en-US\",\"@id\":\"https:\/\/dev4.devmitsinformatica.com\/en\/#\/schema\/logo\/image\/\",\"url\":\"https:\/\/dev4.devmitsinformatica.com\/wp-content\/uploads\/2016\/11\/graffiti-gallery-barcelona.png\",\"contentUrl\":\"https:\/\/dev4.devmitsinformatica.com\/wp-content\/uploads\/2016\/11\/graffiti-gallery-barcelona.png\",\"width\":386,\"height\":150,\"caption\":\"ANDEN Graffiti Shop Barcelona\"},\"image\":{\"@id\":\"https:\/\/dev4.devmitsinformatica.com\/en\/#\/schema\/logo\/image\/\"}}]}<\/script>\n<!-- \/ Yoast SEO plugin. -->","yoast_head_json":{"title":"Montana Remover, Quitapinturas. Anden Graffiti Shop Barcelona","description":"rotuladores para arte? tienda bellas artes online. tienda graffiti, ropa street art y montana colores. materiales bellas artes barcelona? graffiti shop barcelona? barniz de montana?","robots":{"index":"index","follow":"follow","max-snippet":"max-snippet:-1","max-image-preview":"max-image-preview:large","max-video-preview":"max-video-preview:-1"},"canonical":"https:\/\/dev4.devmitsinformatica.com\/en\/shop\/spray-cans-montana\/montana-tech-400ml-remover-decapante\/","og_locale":"en_US","og_type":"article","og_title":"Montana Remover, Quitapinturas. Anden Graffiti Shop Barcelona","og_description":"rotuladores para arte? tienda bellas artes online. tienda graffiti, ropa street art y montana colores. materiales bellas artes barcelona? graffiti shop barcelona? barniz de montana?","og_url":"https:\/\/dev4.devmitsinformatica.com\/en\/shop\/spray-cans-montana\/montana-tech-400ml-remover-decapante\/","og_site_name":"ULTRAWIDE GRAFFITI SHOP","article_modified_time":"2022-04-05T09:16:07+00:00","og_image":[{"width":500,"height":500,"url":"https:\/\/dev4.devmitsinformatica.com\/wp-content\/uploads\/2016\/08\/tech_spray_remover_p01.jpg","type":"image\/jpeg"}],"twitter_card":"summary_large_image","twitter_misc":{"Est. reading time":"1 minute"},"schema":{"@context":"https:\/\/schema.org","@graph":[{"@type":"WebPage","@id":"https:\/\/dev4.devmitsinformatica.com\/en\/shop\/spray-cans-montana\/montana-tech-400ml-remover-decapante\/","url":"https:\/\/dev4.devmitsinformatica.com\/en\/shop\/spray-cans-montana\/montana-tech-400ml-remover-decapante\/","name":"Montana Remover, Quitapinturas. Anden Graffiti Shop Barcelona","isPartOf":{"@id":"https:\/\/dev4.devmitsinformatica.com\/en\/#website"},"primaryImageOfPage":{"@id":"https:\/\/dev4.devmitsinformatica.com\/en\/shop\/spray-cans-montana\/montana-tech-400ml-remover-decapante\/#primaryimage"},"image":{"@id":"https:\/\/dev4.devmitsinformatica.com\/en\/shop\/spray-cans-montana\/montana-tech-400ml-remover-decapante\/#primaryimage"},"thumbnailUrl":"https:\/\/dev4.devmitsinformatica.com\/wp-content\/uploads\/2016\/08\/tech_spray_remover_p01.jpg","datePublished":"2016-09-01T20:18:36+00:00","dateModified":"2022-04-05T09:16:07+00:00","description":"rotuladores para arte? tienda bellas artes online. tienda graffiti, ropa street art y montana colores. materiales bellas artes barcelona? graffiti shop barcelona? barniz de montana?","breadcrumb":{"@id":"https:\/\/dev4.devmitsinformatica.com\/en\/shop\/spray-cans-montana\/montana-tech-400ml-remover-decapante\/#breadcrumb"},"inLanguage":"en-US","potentialAction":[{"@type":"ReadAction","target":["https:\/\/dev4.devmitsinformatica.com\/en\/shop\/spray-cans-montana\/montana-tech-400ml-remover-decapante\/"]}]},{"@type":"ImageObject","inLanguage":"en-US","@id":"https:\/\/dev4.devmitsinformatica.com\/en\/shop\/spray-cans-montana\/montana-tech-400ml-remover-decapante\/#primaryimage","url":"https:\/\/dev4.devmitsinformatica.com\/wp-content\/uploads\/2016\/08\/tech_spray_remover_p01.jpg","contentUrl":"https:\/\/dev4.devmitsinformatica.com\/wp-content\/uploads\/2016\/08\/tech_spray_remover_p01.jpg","width":500,"height":500},{"@type":"BreadcrumbList","@id":"https:\/\/dev4.devmitsinformatica.com\/en\/shop\/spray-cans-montana\/montana-tech-400ml-remover-decapante\/#breadcrumb","itemListElement":[{"@type":"ListItem","position":1,"name":"Home","item":"https:\/\/dev4.devmitsinformatica.com\/en\/"},{"@type":"ListItem","position":2,"name":"Store","item":"https:\/\/dev4.devmitsinformatica.com\/?page_id=38"},{"@type":"ListItem","position":3,"name":"Montana Remover, Quitapinturas."}]},{"@type":"WebSite","@id":"https:\/\/dev4.devmitsinformatica.com\/en\/#website","url":"https:\/\/dev4.devmitsinformatica.com\/en\/","name":"ULTRAWIDE GRAFFITI SHOP","description":"SPRAY GRAFFITI SHOP CAPS Y ROTULADORES","publisher":{"@id":"https:\/\/dev4.devmitsinformatica.com\/en\/#organization"},"potentialAction":[{"@type":"SearchAction","target":{"@type":"EntryPoint","urlTemplate":"https:\/\/dev4.devmitsinformatica.com\/en\/?s={search_term_string}"},"query-input":{"@type":"PropertyValueSpecification","valueRequired":true,"valueName":"search_term_string"}}],"inLanguage":"en-US"},{"@type":"Organization","@id":"https:\/\/dev4.devmitsinformatica.com\/en\/#organization","name":"ANDEN Graffiti Shop Barcelona","url":"https:\/\/dev4.devmitsinformatica.com\/en\/","logo":{"@type":"ImageObject","inLanguage":"en-US","@id":"https:\/\/dev4.devmitsinformatica.com\/en\/#\/schema\/logo\/image\/","url":"https:\/\/dev4.devmitsinformatica.com\/wp-content\/uploads\/2016\/11\/graffiti-gallery-barcelona.png","contentUrl":"https:\/\/dev4.devmitsinformatica.com\/wp-content\/uploads\/2016\/11\/graffiti-gallery-barcelona.png","width":386,"height":150,"caption":"ANDEN Graffiti Shop Barcelona"},"image":{"@id":"https:\/\/dev4.devmitsinformatica.com\/en\/#\/schema\/logo\/image\/"}}]}},"_links":{"self":[{"href":"https:\/\/dev4.devmitsinformatica.com\/en\/wp-json\/wp\/v2\/product\/2359","targetHints":{"allow":["GET"]}}],"collection":[{"href":"https:\/\/dev4.devmitsinformatica.com\/en\/wp-json\/wp\/v2\/product"}],"about":[{"href":"https:\/\/dev4.devmitsinformatica.com\/en\/wp-json\/wp\/v2\/types\/product"}],"replies":[{"embeddable":true,"href":"https:\/\/dev4.devmitsinformatica.com\/en\/wp-json\/wp\/v2\/comments?post=2359"}],"version-history":[{"count":0,"href":"https:\/\/dev4.devmitsinformatica.com\/en\/wp-json\/wp\/v2\/product\/2359\/revisions"}],"wp:featuredmedia":[{"embeddable":true,"href":"https:\/\/dev4.devmitsinformatica.com\/en\/wp-json\/wp\/v2\/media\/1030"}],"wp:attachment":[{"href":"https:\/\/dev4.devmitsinformatica.com\/en\/wp-json\/wp\/v2\/media?parent=2359"}],"wp:term":[{"taxonomy":"product_brand","embeddable":true,"href":"https:\/\/dev4.devmitsinformatica.com\/en\/wp-json\/wp\/v2\/product_brand?post=2359"},{"taxonomy":"product_cat","embeddable":true,"href":"https:\/\/dev4.devmitsinformatica.com\/en\/wp-json\/wp\/v2\/product_cat?post=2359"},{"taxonomy":"product_tag","embeddable":true,"href":"https:\/\/dev4.devmitsinformatica.com\/en\/wp-json\/wp\/v2\/product_tag?post=2359"}],"curies":[{"name":"wp","href":"https:\/\/api.w.org\/{rel}","templated":true}]}}