{"id":2360,"date":"2016-09-01T20:18:36","date_gmt":"2016-09-01T20:18:36","guid":{"rendered":"http:\/\/spraygraffiti.com\/index.php\/product\/universal-imprimacion-400ml\/"},"modified":"2023-08-03T10:12:29","modified_gmt":"2023-08-03T10:12:29","slug":"universal-imprimacion-400ml","status":"publish","type":"product","link":"https:\/\/dev4.devmitsinformatica.com\/en\/shop\/spray-cans-montana\/universal-imprimacion-400ml\/","title":{"rendered":"Spray Imprimaci\u00f3n Universal 400ml"},"content":{"rendered":"<h1><u>Spray Imprimaci\u00f3n Universal 400ml<\/u><\/h1>\n<p><strong><em>Spray Imprimaci\u00f3n Universal 400ml<\/em><\/strong>. El Primer universal nueva Montana es una imprimaci\u00f3n de secado r\u00e1pido sobre diferentes superficies tales como Cuero, cart\u00f3n, madera, cer\u00e1mica, metal y muchos otros materiales. Facilita adherencia a la pintura, lo que asegura un buen agarre de color.Tambi\u00e9n aumentar\u00e1 la durabilidad de pinturas y barnices. Se recomienda que pruebe en un lugar menos visible posible para evitar resultados no deseados. El tiempo de secado var\u00eda dependiendo de la temperatura ambiente y la humedad y puede tardar hasta 24 horas. Se recomienda el uso de una m\u00e1scara de protecci\u00f3n cuando se realiza la pulverizaci\u00f3n. Disponible como 400ml.<br \/>\nUso: Aplicar imprimaci\u00f3n en varias capas delgadas. Que cada capa seque de aproximadamente 3 a 4 minutos antes de la pr\u00f3xima capa. La capa inferior no debe estar completamente seca para mejorar la adhesi\u00f3n de la nueva capa. Otras capas pueden tener un tiempo de secado que requiere de hasta 24 horas. Realice una prueba previamente en un lugar no visible para visualizar la reacci\u00f3n con barniz o pintura. Spray de media cubrici\u00f3n color blanco, que act\u00faa como imprimaci\u00f3n selladora y puente de adherencia sobre el soporte antes del pintado.<\/p>\n<p>imprimaci\u00f3n universal, imprimaci\u00f3n en spray, spray selladora, spray todoterreno, universal primer<\/p>\n","protected":false},"excerpt":{"rendered":"<p>Montana ofrece diferentes imprimadores para su aplicaci\u00f3n en diferentes superficies que necesitan tratamiento previo, como pl\u00e1stico, metal y espuma de poliestireno.<strong> Universal Primer<\/strong> tambi\u00e9n funciona en cuero, cartulinas, madera y muchos otros materiales. Los aerosoles <em>Montana PRIMER<\/em> permiten una excelente adhesi\u00f3n y mayor recubrimiento de pinturas en aerosol sint\u00e9ticas, nitro-combi o acr\u00edlicas. Utilice cebadores para resultados eficientes y m\u00e1s permanentes. F\u00e1cil de aplicar, lijar y volver a revestir.<\/p>\n","protected":false},"featured_media":1032,"comment_status":"closed","ping_status":"closed","template":"","meta":{"site-sidebar-layout":"default","site-content-layout":"","ast-site-content-layout":"default","site-content-style":"default","site-sidebar-style":"default","ast-global-header-display":"","ast-banner-title-visibility":"","ast-main-header-display":"","ast-hfb-above-header-display":"","ast-hfb-below-header-display":"","ast-hfb-mobile-header-display":"","site-post-title":"","ast-breadcrumbs-content":"","ast-featured-img":"","footer-sml-layout":"","ast-disable-related-posts":"","theme-transparent-header-meta":"","adv-header-id-meta":"","stick-header-meta":"","header-above-stick-meta":"","header-main-stick-meta":"","header-below-stick-meta":"","astra-migrate-meta-layouts":"default","ast-page-background-enabled":"default","ast-page-background-meta":{"desktop":{"background-color":"","background-image":"","background-repeat":"repeat","background-position":"center center","background-size":"auto","background-attachment":"scroll","background-type":"","background-media":"","overlay-type":"","overlay-color":"","overlay-opacity":"","overlay-gradient":""},"tablet":{"background-color":"","background-image":"","background-repeat":"repeat","background-position":"center center","background-size":"auto","background-attachment":"scroll","background-type":"","background-media":"","overlay-type":"","overlay-color":"","overlay-opacity":"","overlay-gradient":""},"mobile":{"background-color":"","background-image":"","background-repeat":"repeat","background-position":"center center","background-size":"auto","background-attachment":"scroll","background-type":"","background-media":"","overlay-type":"","overlay-color":"","overlay-opacity":"","overlay-gradient":""}},"ast-content-background-meta":{"desktop":{"background-color":"var(--ast-global-color-5)","background-image":"","background-repeat":"repeat","background-position":"center center","background-size":"auto","background-attachment":"scroll","background-type":"","background-media":"","overlay-type":"","overlay-color":"","overlay-opacity":"","overlay-gradient":""},"tablet":{"background-color":"var(--ast-global-color-5)","background-image":"","background-repeat":"repeat","background-position":"center center","background-size":"auto","background-attachment":"scroll","background-type":"","background-media":"","overlay-type":"","overlay-color":"","overlay-opacity":"","overlay-gradient":""},"mobile":{"background-color":"var(--ast-global-color-5)","background-image":"","background-repeat":"repeat","background-position":"center center","background-size":"auto","background-attachment":"scroll","background-type":"","background-media":"","overlay-type":"","overlay-color":"","overlay-opacity":"","overlay-gradient":""}}},"product_brand":[],"product_cat":[10,5804,2397,5570,3109,5647,3216,5649],"product_tag":[1404,1403,1402,1401,1019,1410,1412,1409,1411,1406,1405,1408,1407],"class_list":{"0":"post-2360","1":"product","2":"type-product","3":"status-publish","4":"has-post-thumbnail","6":"product_cat-spray-cans-montana","7":"product_cat-tech-spray","8":"product_cat-varnishprimers","9":"product_cat-imprimaciones","10":"product_cat-montana-cans","11":"product_cat-montana-tech-spray","12":"product_cat-spray","13":"product_cat-sprays-tecnicos","14":"product_tag-imprimacion-montana-universal","15":"product_tag-imprimacion-spray-universal","16":"product_tag-imprimacion-universal-montana","17":"product_tag-imprimacion-universal-spray","18":"product_tag-montana","19":"product_tag-montana-imprimacion-universal","20":"product_tag-montana-universal-imprimacion","21":"product_tag-spray-imprimacion-universal","22":"product_tag-spray-universal-imprimacion","23":"product_tag-universal-imprimacion-montana","24":"product_tag-universal-imprimacion-spray","25":"product_tag-universal-montana-imprimacion","26":"product_tag-universal-spray-imprimacion","27":"desktop-align-left","28":"tablet-align-left","29":"mobile-align-left","31":"first","32":"instock","33":"purchasable","34":"product-type-simple"},"yoast_head":"<!-- This site is optimized with the Yoast SEO plugin v27.0 - https:\/\/yoast.com\/product\/yoast-seo-wordpress\/ -->\n<title>Spray Imprimaci\u00f3n Universal 400ml Anden Graffiti Shop Barcelona<\/title>\n<meta name=\"description\" content=\"Spray Imprimaci\u00f3n Universal 400ml en Barcelona:Spray Imprimaci\u00f3n Universal 400ml? Spray Imprimaci\u00f3n Universal 400ml y mas. Arte y Graffiti Shop Barcelona. Spray, Colores, Rotuladores y Spray Imprimaci\u00f3n Universal 400ml\" \/>\n<meta name=\"robots\" content=\"index, follow, max-snippet:-1, max-image-preview:large, max-video-preview:-1\" \/>\n<link rel=\"canonical\" href=\"https:\/\/dev4.devmitsinformatica.com\/en\/shop\/spray-cans-montana\/universal-imprimacion-400ml\/\" \/>\n<meta property=\"og:locale\" content=\"en_US\" \/>\n<meta property=\"og:type\" content=\"article\" \/>\n<meta property=\"og:title\" content=\"Spray Imprimaci\u00f3n Universal 400ml Anden Graffiti Shop Barcelona\" \/>\n<meta property=\"og:description\" content=\"Spray Imprimaci\u00f3n Universal 400ml en Barcelona:Spray Imprimaci\u00f3n Universal 400ml? Spray Imprimaci\u00f3n Universal 400ml y mas. Arte y Graffiti Shop Barcelona. Spray, Colores, Rotuladores y Spray Imprimaci\u00f3n Universal 400ml\" \/>\n<meta property=\"og:url\" content=\"https:\/\/dev4.devmitsinformatica.com\/en\/shop\/spray-cans-montana\/universal-imprimacion-400ml\/\" \/>\n<meta property=\"og:site_name\" content=\"ULTRAWIDE GRAFFITI SHOP\" \/>\n<meta property=\"article:modified_time\" content=\"2023-08-03T10:12:29+00:00\" \/>\n<meta property=\"og:image\" content=\"https:\/\/dev4.devmitsinformatica.com\/wp-content\/uploads\/2016\/08\/tech_spray_universal_primer_p01.jpg\" \/>\n\t<meta property=\"og:image:width\" content=\"500\" \/>\n\t<meta property=\"og:image:height\" content=\"500\" \/>\n\t<meta property=\"og:image:type\" content=\"image\/jpeg\" \/>\n<meta name=\"twitter:card\" content=\"summary_large_image\" \/>\n<meta name=\"twitter:label1\" content=\"Est. reading time\" \/>\n\t<meta name=\"twitter:data1\" content=\"1 minute\" \/>\n<script type=\"application\/ld+json\" class=\"yoast-schema-graph\">{\"@context\":\"https:\/\/schema.org\",\"@graph\":[{\"@type\":\"WebPage\",\"@id\":\"https:\/\/dev4.devmitsinformatica.com\/en\/shop\/spray-cans-montana\/universal-imprimacion-400ml\/\",\"url\":\"https:\/\/dev4.devmitsinformatica.com\/en\/shop\/spray-cans-montana\/universal-imprimacion-400ml\/\",\"name\":\"Spray Imprimaci\u00f3n Universal 400ml Anden Graffiti Shop Barcelona\",\"isPartOf\":{\"@id\":\"https:\/\/dev4.devmitsinformatica.com\/en\/#website\"},\"primaryImageOfPage\":{\"@id\":\"https:\/\/dev4.devmitsinformatica.com\/en\/shop\/spray-cans-montana\/universal-imprimacion-400ml\/#primaryimage\"},\"image\":{\"@id\":\"https:\/\/dev4.devmitsinformatica.com\/en\/shop\/spray-cans-montana\/universal-imprimacion-400ml\/#primaryimage\"},\"thumbnailUrl\":\"https:\/\/dev4.devmitsinformatica.com\/wp-content\/uploads\/2016\/08\/tech_spray_universal_primer_p01.jpg\",\"datePublished\":\"2016-09-01T20:18:36+00:00\",\"dateModified\":\"2023-08-03T10:12:29+00:00\",\"description\":\"Spray Imprimaci\u00f3n Universal 400ml en Barcelona:Spray Imprimaci\u00f3n Universal 400ml? Spray Imprimaci\u00f3n Universal 400ml y mas. Arte y Graffiti Shop Barcelona. Spray, Colores, Rotuladores y Spray Imprimaci\u00f3n Universal 400ml\",\"breadcrumb\":{\"@id\":\"https:\/\/dev4.devmitsinformatica.com\/en\/shop\/spray-cans-montana\/universal-imprimacion-400ml\/#breadcrumb\"},\"inLanguage\":\"en-US\",\"potentialAction\":[{\"@type\":\"ReadAction\",\"target\":[\"https:\/\/dev4.devmitsinformatica.com\/en\/shop\/spray-cans-montana\/universal-imprimacion-400ml\/\"]}]},{\"@type\":\"ImageObject\",\"inLanguage\":\"en-US\",\"@id\":\"https:\/\/dev4.devmitsinformatica.com\/en\/shop\/spray-cans-montana\/universal-imprimacion-400ml\/#primaryimage\",\"url\":\"https:\/\/dev4.devmitsinformatica.com\/wp-content\/uploads\/2016\/08\/tech_spray_universal_primer_p01.jpg\",\"contentUrl\":\"https:\/\/dev4.devmitsinformatica.com\/wp-content\/uploads\/2016\/08\/tech_spray_universal_primer_p01.jpg\",\"width\":500,\"height\":500},{\"@type\":\"BreadcrumbList\",\"@id\":\"https:\/\/dev4.devmitsinformatica.com\/en\/shop\/spray-cans-montana\/universal-imprimacion-400ml\/#breadcrumb\",\"itemListElement\":[{\"@type\":\"ListItem\",\"position\":1,\"name\":\"Home\",\"item\":\"https:\/\/dev4.devmitsinformatica.com\/en\/\"},{\"@type\":\"ListItem\",\"position\":2,\"name\":\"Store\",\"item\":\"https:\/\/dev4.devmitsinformatica.com\/?page_id=38\"},{\"@type\":\"ListItem\",\"position\":3,\"name\":\"Spray Imprimaci\u00f3n Universal 400ml\"}]},{\"@type\":\"WebSite\",\"@id\":\"https:\/\/dev4.devmitsinformatica.com\/en\/#website\",\"url\":\"https:\/\/dev4.devmitsinformatica.com\/en\/\",\"name\":\"ULTRAWIDE GRAFFITI SHOP\",\"description\":\"SPRAY GRAFFITI SHOP CAPS Y ROTULADORES\",\"publisher\":{\"@id\":\"https:\/\/dev4.devmitsinformatica.com\/en\/#organization\"},\"potentialAction\":[{\"@type\":\"SearchAction\",\"target\":{\"@type\":\"EntryPoint\",\"urlTemplate\":\"https:\/\/dev4.devmitsinformatica.com\/en\/?s={search_term_string}\"},\"query-input\":{\"@type\":\"PropertyValueSpecification\",\"valueRequired\":true,\"valueName\":\"search_term_string\"}}],\"inLanguage\":\"en-US\"},{\"@type\":\"Organization\",\"@id\":\"https:\/\/dev4.devmitsinformatica.com\/en\/#organization\",\"name\":\"ANDEN Graffiti Shop Barcelona\",\"url\":\"https:\/\/dev4.devmitsinformatica.com\/en\/\",\"logo\":{\"@type\":\"ImageObject\",\"inLanguage\":\"en-US\",\"@id\":\"https:\/\/dev4.devmitsinformatica.com\/en\/#\/schema\/logo\/image\/\",\"url\":\"https:\/\/dev4.devmitsinformatica.com\/wp-content\/uploads\/2016\/11\/graffiti-gallery-barcelona.png\",\"contentUrl\":\"https:\/\/dev4.devmitsinformatica.com\/wp-content\/uploads\/2016\/11\/graffiti-gallery-barcelona.png\",\"width\":386,\"height\":150,\"caption\":\"ANDEN Graffiti Shop Barcelona\"},\"image\":{\"@id\":\"https:\/\/dev4.devmitsinformatica.com\/en\/#\/schema\/logo\/image\/\"}}]}<\/script>\n<!-- \/ Yoast SEO plugin. -->","yoast_head_json":{"title":"Spray Imprimaci\u00f3n Universal 400ml Anden Graffiti Shop Barcelona","description":"Spray Imprimaci\u00f3n Universal 400ml en Barcelona:Spray Imprimaci\u00f3n Universal 400ml? Spray Imprimaci\u00f3n Universal 400ml y mas. Arte y Graffiti Shop Barcelona. Spray, Colores, Rotuladores y Spray Imprimaci\u00f3n Universal 400ml","robots":{"index":"index","follow":"follow","max-snippet":"max-snippet:-1","max-image-preview":"max-image-preview:large","max-video-preview":"max-video-preview:-1"},"canonical":"https:\/\/dev4.devmitsinformatica.com\/en\/shop\/spray-cans-montana\/universal-imprimacion-400ml\/","og_locale":"en_US","og_type":"article","og_title":"Spray Imprimaci\u00f3n Universal 400ml Anden Graffiti Shop Barcelona","og_description":"Spray Imprimaci\u00f3n Universal 400ml en Barcelona:Spray Imprimaci\u00f3n Universal 400ml? Spray Imprimaci\u00f3n Universal 400ml y mas. Arte y Graffiti Shop Barcelona. Spray, Colores, Rotuladores y Spray Imprimaci\u00f3n Universal 400ml","og_url":"https:\/\/dev4.devmitsinformatica.com\/en\/shop\/spray-cans-montana\/universal-imprimacion-400ml\/","og_site_name":"ULTRAWIDE GRAFFITI SHOP","article_modified_time":"2023-08-03T10:12:29+00:00","og_image":[{"width":500,"height":500,"url":"https:\/\/dev4.devmitsinformatica.com\/wp-content\/uploads\/2016\/08\/tech_spray_universal_primer_p01.jpg","type":"image\/jpeg"}],"twitter_card":"summary_large_image","twitter_misc":{"Est. reading time":"1 minute"},"schema":{"@context":"https:\/\/schema.org","@graph":[{"@type":"WebPage","@id":"https:\/\/dev4.devmitsinformatica.com\/en\/shop\/spray-cans-montana\/universal-imprimacion-400ml\/","url":"https:\/\/dev4.devmitsinformatica.com\/en\/shop\/spray-cans-montana\/universal-imprimacion-400ml\/","name":"Spray Imprimaci\u00f3n Universal 400ml Anden Graffiti Shop Barcelona","isPartOf":{"@id":"https:\/\/dev4.devmitsinformatica.com\/en\/#website"},"primaryImageOfPage":{"@id":"https:\/\/dev4.devmitsinformatica.com\/en\/shop\/spray-cans-montana\/universal-imprimacion-400ml\/#primaryimage"},"image":{"@id":"https:\/\/dev4.devmitsinformatica.com\/en\/shop\/spray-cans-montana\/universal-imprimacion-400ml\/#primaryimage"},"thumbnailUrl":"https:\/\/dev4.devmitsinformatica.com\/wp-content\/uploads\/2016\/08\/tech_spray_universal_primer_p01.jpg","datePublished":"2016-09-01T20:18:36+00:00","dateModified":"2023-08-03T10:12:29+00:00","description":"Spray Imprimaci\u00f3n Universal 400ml en Barcelona:Spray Imprimaci\u00f3n Universal 400ml? Spray Imprimaci\u00f3n Universal 400ml y mas. Arte y Graffiti Shop Barcelona. Spray, Colores, Rotuladores y Spray Imprimaci\u00f3n Universal 400ml","breadcrumb":{"@id":"https:\/\/dev4.devmitsinformatica.com\/en\/shop\/spray-cans-montana\/universal-imprimacion-400ml\/#breadcrumb"},"inLanguage":"en-US","potentialAction":[{"@type":"ReadAction","target":["https:\/\/dev4.devmitsinformatica.com\/en\/shop\/spray-cans-montana\/universal-imprimacion-400ml\/"]}]},{"@type":"ImageObject","inLanguage":"en-US","@id":"https:\/\/dev4.devmitsinformatica.com\/en\/shop\/spray-cans-montana\/universal-imprimacion-400ml\/#primaryimage","url":"https:\/\/dev4.devmitsinformatica.com\/wp-content\/uploads\/2016\/08\/tech_spray_universal_primer_p01.jpg","contentUrl":"https:\/\/dev4.devmitsinformatica.com\/wp-content\/uploads\/2016\/08\/tech_spray_universal_primer_p01.jpg","width":500,"height":500},{"@type":"BreadcrumbList","@id":"https:\/\/dev4.devmitsinformatica.com\/en\/shop\/spray-cans-montana\/universal-imprimacion-400ml\/#breadcrumb","itemListElement":[{"@type":"ListItem","position":1,"name":"Home","item":"https:\/\/dev4.devmitsinformatica.com\/en\/"},{"@type":"ListItem","position":2,"name":"Store","item":"https:\/\/dev4.devmitsinformatica.com\/?page_id=38"},{"@type":"ListItem","position":3,"name":"Spray Imprimaci\u00f3n Universal 400ml"}]},{"@type":"WebSite","@id":"https:\/\/dev4.devmitsinformatica.com\/en\/#website","url":"https:\/\/dev4.devmitsinformatica.com\/en\/","name":"ULTRAWIDE GRAFFITI SHOP","description":"SPRAY GRAFFITI SHOP CAPS Y ROTULADORES","publisher":{"@id":"https:\/\/dev4.devmitsinformatica.com\/en\/#organization"},"potentialAction":[{"@type":"SearchAction","target":{"@type":"EntryPoint","urlTemplate":"https:\/\/dev4.devmitsinformatica.com\/en\/?s={search_term_string}"},"query-input":{"@type":"PropertyValueSpecification","valueRequired":true,"valueName":"search_term_string"}}],"inLanguage":"en-US"},{"@type":"Organization","@id":"https:\/\/dev4.devmitsinformatica.com\/en\/#organization","name":"ANDEN Graffiti Shop Barcelona","url":"https:\/\/dev4.devmitsinformatica.com\/en\/","logo":{"@type":"ImageObject","inLanguage":"en-US","@id":"https:\/\/dev4.devmitsinformatica.com\/en\/#\/schema\/logo\/image\/","url":"https:\/\/dev4.devmitsinformatica.com\/wp-content\/uploads\/2016\/11\/graffiti-gallery-barcelona.png","contentUrl":"https:\/\/dev4.devmitsinformatica.com\/wp-content\/uploads\/2016\/11\/graffiti-gallery-barcelona.png","width":386,"height":150,"caption":"ANDEN Graffiti Shop Barcelona"},"image":{"@id":"https:\/\/dev4.devmitsinformatica.com\/en\/#\/schema\/logo\/image\/"}}]}},"_links":{"self":[{"href":"https:\/\/dev4.devmitsinformatica.com\/en\/wp-json\/wp\/v2\/product\/2360","targetHints":{"allow":["GET"]}}],"collection":[{"href":"https:\/\/dev4.devmitsinformatica.com\/en\/wp-json\/wp\/v2\/product"}],"about":[{"href":"https:\/\/dev4.devmitsinformatica.com\/en\/wp-json\/wp\/v2\/types\/product"}],"replies":[{"embeddable":true,"href":"https:\/\/dev4.devmitsinformatica.com\/en\/wp-json\/wp\/v2\/comments?post=2360"}],"version-history":[{"count":0,"href":"https:\/\/dev4.devmitsinformatica.com\/en\/wp-json\/wp\/v2\/product\/2360\/revisions"}],"wp:featuredmedia":[{"embeddable":true,"href":"https:\/\/dev4.devmitsinformatica.com\/en\/wp-json\/wp\/v2\/media\/1032"}],"wp:attachment":[{"href":"https:\/\/dev4.devmitsinformatica.com\/en\/wp-json\/wp\/v2\/media?parent=2360"}],"wp:term":[{"taxonomy":"product_brand","embeddable":true,"href":"https:\/\/dev4.devmitsinformatica.com\/en\/wp-json\/wp\/v2\/product_brand?post=2360"},{"taxonomy":"product_cat","embeddable":true,"href":"https:\/\/dev4.devmitsinformatica.com\/en\/wp-json\/wp\/v2\/product_cat?post=2360"},{"taxonomy":"product_tag","embeddable":true,"href":"https:\/\/dev4.devmitsinformatica.com\/en\/wp-json\/wp\/v2\/product_tag?post=2360"}],"curies":[{"name":"wp","href":"https:\/\/api.w.org\/{rel}","templated":true}]}}