{"id":2361,"date":"2016-09-01T20:18:36","date_gmt":"2016-09-01T20:18:36","guid":{"rendered":"http:\/\/spraygraffiti.com\/index.php\/product\/barniz-brillante-400ml\/"},"modified":"2023-10-16T09:20:42","modified_gmt":"2023-10-16T09:20:42","slug":"barniz-brillante-400ml","status":"publish","type":"product","link":"https:\/\/dev4.devmitsinformatica.com\/en\/shop\/spray-cans-montana\/barniz-brillante-400ml\/","title":{"rendered":"Montana Barniz Brillante 400ml"},"content":{"rendered":"<h1><span style=\"text-decoration: underline;\">Montana Barniz Brillante 400ml<\/span><\/h1>\n<p>Montana<strong> Barniz Brillante<\/strong> 400ml <em>spray Barniz<\/em> libre de \u00e1cido, de secado r\u00e1pido y capa transparente a base de acr\u00edlico. Sella la superf\u00edcie y las protege de la radiaci\u00f3n ultravioleta, la oxidaci\u00f3n y la contaminaci\u00f3n. Debido<br \/>\na los rayos UV da\u00f1inos, la protecci\u00f3n UV protege y tambi\u00e9n aumenta el brillo y la saturaci\u00f3n<br \/>\nde los colores. Montana BARNIZ spray est\u00e1 disponible en tres l\u00edneas: brillante, mate y<br \/>\nsatinado. Adecuado para la lona, papel, dibujos de tiza, rafia, madera, fotos y m\u00e1s. La<br \/>\nsuperficie a tratar debe estar seca, polvo, \u00f3xido y grasa. Disponible en envases de 400 ml.<\/p>\n<p>Barniz brillante de resina acr\u00edlica transparente, aporta dureza y protecci\u00f3n con acabado brillo sobre la superf\u00edcie u objetos en los que se aplica. No amarillea ante la exposici\u00f3n de los UV. El <strong>Barniz spray brillante<\/strong> de montana es un barniz de alta calidad hecho en Alemania bajo los mas estrictos controles de calidad. Compra ahora tu barniz brillante en spray en nuestra graffiti shop online Ultrawide.<\/p>\n<p>Ultrawide distribuidor bellas artes y material para graffiti te ofrece toda la l\u00ednea de Barniz en Spray de montana.<\/p>\n<p>&nbsp;<\/p>\n<p><em>Barniz Brillante<\/em>&#8211; Spray Transparente-Barniz para manualidades-Barniz en spray para madera-Barniz acr\u00edlico.Spray Barniz Brillante<\/p>\n","protected":false},"excerpt":{"rendered":"<p>Barniz libre de \u00e1cido, de secado r\u00e1pido y capa transparente a base de acr\u00edlico. Sella la<br \/>\nsuperf\u00edcie y las protege de la radiaci\u00f3n ultravioleta, la oxidaci\u00f3n y la contaminaci\u00f3n. Debido<br \/>\na los rayos UV da\u00f1inos, la protecci\u00f3n UV protege y tambi\u00e9n aumenta el brillo y la saturaci\u00f3n<br \/>\nde los colores. Montana BARNIZ spray est\u00e1 disponible en tres l\u00edneas: brillante, mate y<br \/>\nsatinado. Adecuado para la lona, papel, dibujos de tiza, rafia, madera, fotos y m\u00e1s. La<br \/>\nsuperficie a tratar debe estar seca, polvo, \u00f3xido y grasa. Disponible en envases de 400 ml.<\/p>\n","protected":false},"featured_media":1034,"comment_status":"closed","ping_status":"closed","template":"","meta":{"site-sidebar-layout":"default","site-content-layout":"","ast-site-content-layout":"default","site-content-style":"default","site-sidebar-style":"default","ast-global-header-display":"","ast-banner-title-visibility":"","ast-main-header-display":"","ast-hfb-above-header-display":"","ast-hfb-below-header-display":"","ast-hfb-mobile-header-display":"","site-post-title":"","ast-breadcrumbs-content":"","ast-featured-img":"","footer-sml-layout":"","ast-disable-related-posts":"","theme-transparent-header-meta":"","adv-header-id-meta":"","stick-header-meta":"","header-above-stick-meta":"","header-main-stick-meta":"","header-below-stick-meta":"","astra-migrate-meta-layouts":"default","ast-page-background-enabled":"default","ast-page-background-meta":{"desktop":{"background-color":"","background-image":"","background-repeat":"repeat","background-position":"center center","background-size":"auto","background-attachment":"scroll","background-type":"","background-media":"","overlay-type":"","overlay-color":"","overlay-opacity":"","overlay-gradient":""},"tablet":{"background-color":"","background-image":"","background-repeat":"repeat","background-position":"center center","background-size":"auto","background-attachment":"scroll","background-type":"","background-media":"","overlay-type":"","overlay-color":"","overlay-opacity":"","overlay-gradient":""},"mobile":{"background-color":"","background-image":"","background-repeat":"repeat","background-position":"center center","background-size":"auto","background-attachment":"scroll","background-type":"","background-media":"","overlay-type":"","overlay-color":"","overlay-opacity":"","overlay-gradient":""}},"ast-content-background-meta":{"desktop":{"background-color":"var(--ast-global-color-5)","background-image":"","background-repeat":"repeat","background-position":"center center","background-size":"auto","background-attachment":"scroll","background-type":"","background-media":"","overlay-type":"","overlay-color":"","overlay-opacity":"","overlay-gradient":""},"tablet":{"background-color":"var(--ast-global-color-5)","background-image":"","background-repeat":"repeat","background-position":"center center","background-size":"auto","background-attachment":"scroll","background-type":"","background-media":"","overlay-type":"","overlay-color":"","overlay-opacity":"","overlay-gradient":""},"mobile":{"background-color":"var(--ast-global-color-5)","background-image":"","background-repeat":"repeat","background-position":"center center","background-size":"auto","background-attachment":"scroll","background-type":"","background-media":"","overlay-type":"","overlay-color":"","overlay-opacity":"","overlay-gradient":""}}},"product_brand":[],"product_cat":[10,5804,5479,3109,5647,3216,5649],"product_tag":[891,1414,1413,1416,1415,1418,1417,1420,1419,889,780,1019,1422,1424,886,841,888,890,776,1421,1423,887],"class_list":{"0":"post-2361","1":"product","2":"type-product","3":"status-publish","4":"has-post-thumbnail","6":"product_cat-spray-cans-montana","7":"product_cat-tech-spray","8":"product_cat-barnices","9":"product_cat-montana-cans","10":"product_cat-montana-tech-spray","11":"product_cat-spray","12":"product_cat-sprays-tecnicos","13":"product_tag-barcelona-montana-spray","14":"product_tag-barniz-brillante-montana","15":"product_tag-barniz-brillante-spray","16":"product_tag-barniz-montana-brillante","17":"product_tag-barniz-spray-brillante","18":"product_tag-brillante-barniz-montana","19":"product_tag-brillante-barniz-spray","20":"product_tag-brillante-montana-barniz","21":"product_tag-brillante-spray-barniz","22":"product_tag-colores-montana-spray","23":"product_tag-comprar-montana-spray","24":"product_tag-montana","25":"product_tag-montana-barniz-brillante","26":"product_tag-montana-brillante-barniz","27":"product_tag-montana-spray","28":"product_tag-montana-spray-barcelona","29":"product_tag-montana-spray-colores","30":"product_tag-montana-spray-comprar","31":"product_tag-montana-spray-tienda","32":"product_tag-spray-barniz-brillante","33":"product_tag-spray-brillante-barniz","34":"product_tag-tienda-montana-spray","35":"desktop-align-left","36":"tablet-align-left","37":"mobile-align-left","39":"first","40":"instock","41":"purchasable","42":"product-type-simple"},"yoast_head":"<!-- This site is optimized with the Yoast SEO plugin v27.0 - https:\/\/yoast.com\/product\/yoast-seo-wordpress\/ -->\n<title>Montana Barniz Brillante 400ml Ultrawide Graffiti Shop Barcelona<\/title>\n<meta name=\"description\" content=\"graffiti? materiales bellas artes barcelona? tienda para arte en barcelona. barniz de montana? montana cans barcelona. tienda bellas artes online.\" \/>\n<meta name=\"robots\" content=\"index, follow, max-snippet:-1, max-image-preview:large, max-video-preview:-1\" \/>\n<link rel=\"canonical\" href=\"https:\/\/dev4.devmitsinformatica.com\/en\/shop\/spray-cans-montana\/barniz-brillante-400ml\/\" \/>\n<meta property=\"og:locale\" content=\"en_US\" \/>\n<meta property=\"og:type\" content=\"article\" \/>\n<meta property=\"og:title\" content=\"Montana Barniz Brillante 400ml Ultrawide Graffiti Shop Barcelona\" \/>\n<meta property=\"og:description\" content=\"graffiti? materiales bellas artes barcelona? tienda para arte en barcelona. barniz de montana? montana cans barcelona. tienda bellas artes online.\" \/>\n<meta property=\"og:url\" content=\"https:\/\/dev4.devmitsinformatica.com\/en\/shop\/spray-cans-montana\/barniz-brillante-400ml\/\" \/>\n<meta property=\"og:site_name\" content=\"ULTRAWIDE GRAFFITI SHOP\" \/>\n<meta property=\"article:modified_time\" content=\"2023-10-16T09:20:42+00:00\" \/>\n<meta property=\"og:image\" content=\"https:\/\/dev4.devmitsinformatica.com\/wp-content\/uploads\/2016\/08\/tech_spray_varnish_gloss_p01_1.jpg\" \/>\n\t<meta property=\"og:image:width\" content=\"500\" \/>\n\t<meta property=\"og:image:height\" content=\"500\" \/>\n\t<meta property=\"og:image:type\" content=\"image\/jpeg\" \/>\n<meta name=\"twitter:card\" content=\"summary_large_image\" \/>\n<meta name=\"twitter:label1\" content=\"Est. reading time\" \/>\n\t<meta name=\"twitter:data1\" content=\"1 minute\" \/>\n<script type=\"application\/ld+json\" class=\"yoast-schema-graph\">{\"@context\":\"https:\/\/schema.org\",\"@graph\":[{\"@type\":\"WebPage\",\"@id\":\"https:\/\/dev4.devmitsinformatica.com\/en\/shop\/spray-cans-montana\/barniz-brillante-400ml\/\",\"url\":\"https:\/\/dev4.devmitsinformatica.com\/en\/shop\/spray-cans-montana\/barniz-brillante-400ml\/\",\"name\":\"Montana Barniz Brillante 400ml Ultrawide Graffiti Shop Barcelona\",\"isPartOf\":{\"@id\":\"https:\/\/dev4.devmitsinformatica.com\/en\/#website\"},\"primaryImageOfPage\":{\"@id\":\"https:\/\/dev4.devmitsinformatica.com\/en\/shop\/spray-cans-montana\/barniz-brillante-400ml\/#primaryimage\"},\"image\":{\"@id\":\"https:\/\/dev4.devmitsinformatica.com\/en\/shop\/spray-cans-montana\/barniz-brillante-400ml\/#primaryimage\"},\"thumbnailUrl\":\"https:\/\/dev4.devmitsinformatica.com\/wp-content\/uploads\/2016\/08\/tech_spray_varnish_gloss_p01_1.jpg\",\"datePublished\":\"2016-09-01T20:18:36+00:00\",\"dateModified\":\"2023-10-16T09:20:42+00:00\",\"description\":\"graffiti? materiales bellas artes barcelona? tienda para arte en barcelona. barniz de montana? montana cans barcelona. tienda bellas artes online.\",\"breadcrumb\":{\"@id\":\"https:\/\/dev4.devmitsinformatica.com\/en\/shop\/spray-cans-montana\/barniz-brillante-400ml\/#breadcrumb\"},\"inLanguage\":\"en-US\",\"potentialAction\":[{\"@type\":\"ReadAction\",\"target\":[\"https:\/\/dev4.devmitsinformatica.com\/en\/shop\/spray-cans-montana\/barniz-brillante-400ml\/\"]}]},{\"@type\":\"ImageObject\",\"inLanguage\":\"en-US\",\"@id\":\"https:\/\/dev4.devmitsinformatica.com\/en\/shop\/spray-cans-montana\/barniz-brillante-400ml\/#primaryimage\",\"url\":\"https:\/\/dev4.devmitsinformatica.com\/wp-content\/uploads\/2016\/08\/tech_spray_varnish_gloss_p01_1.jpg\",\"contentUrl\":\"https:\/\/dev4.devmitsinformatica.com\/wp-content\/uploads\/2016\/08\/tech_spray_varnish_gloss_p01_1.jpg\",\"width\":500,\"height\":500},{\"@type\":\"BreadcrumbList\",\"@id\":\"https:\/\/dev4.devmitsinformatica.com\/en\/shop\/spray-cans-montana\/barniz-brillante-400ml\/#breadcrumb\",\"itemListElement\":[{\"@type\":\"ListItem\",\"position\":1,\"name\":\"Home\",\"item\":\"https:\/\/dev4.devmitsinformatica.com\/en\/\"},{\"@type\":\"ListItem\",\"position\":2,\"name\":\"Store\",\"item\":\"https:\/\/dev4.devmitsinformatica.com\/?page_id=38\"},{\"@type\":\"ListItem\",\"position\":3,\"name\":\"Montana Barniz Brillante 400ml\"}]},{\"@type\":\"WebSite\",\"@id\":\"https:\/\/dev4.devmitsinformatica.com\/en\/#website\",\"url\":\"https:\/\/dev4.devmitsinformatica.com\/en\/\",\"name\":\"ULTRAWIDE GRAFFITI SHOP\",\"description\":\"SPRAY GRAFFITI SHOP CAPS Y ROTULADORES\",\"publisher\":{\"@id\":\"https:\/\/dev4.devmitsinformatica.com\/en\/#organization\"},\"potentialAction\":[{\"@type\":\"SearchAction\",\"target\":{\"@type\":\"EntryPoint\",\"urlTemplate\":\"https:\/\/dev4.devmitsinformatica.com\/en\/?s={search_term_string}\"},\"query-input\":{\"@type\":\"PropertyValueSpecification\",\"valueRequired\":true,\"valueName\":\"search_term_string\"}}],\"inLanguage\":\"en-US\"},{\"@type\":\"Organization\",\"@id\":\"https:\/\/dev4.devmitsinformatica.com\/en\/#organization\",\"name\":\"ANDEN Graffiti Shop Barcelona\",\"url\":\"https:\/\/dev4.devmitsinformatica.com\/en\/\",\"logo\":{\"@type\":\"ImageObject\",\"inLanguage\":\"en-US\",\"@id\":\"https:\/\/dev4.devmitsinformatica.com\/en\/#\/schema\/logo\/image\/\",\"url\":\"https:\/\/dev4.devmitsinformatica.com\/wp-content\/uploads\/2016\/11\/graffiti-gallery-barcelona.png\",\"contentUrl\":\"https:\/\/dev4.devmitsinformatica.com\/wp-content\/uploads\/2016\/11\/graffiti-gallery-barcelona.png\",\"width\":386,\"height\":150,\"caption\":\"ANDEN Graffiti Shop Barcelona\"},\"image\":{\"@id\":\"https:\/\/dev4.devmitsinformatica.com\/en\/#\/schema\/logo\/image\/\"}}]}<\/script>\n<!-- \/ Yoast SEO plugin. -->","yoast_head_json":{"title":"Montana Barniz Brillante 400ml Ultrawide Graffiti Shop Barcelona","description":"graffiti? materiales bellas artes barcelona? tienda para arte en barcelona. barniz de montana? montana cans barcelona. tienda bellas artes online.","robots":{"index":"index","follow":"follow","max-snippet":"max-snippet:-1","max-image-preview":"max-image-preview:large","max-video-preview":"max-video-preview:-1"},"canonical":"https:\/\/dev4.devmitsinformatica.com\/en\/shop\/spray-cans-montana\/barniz-brillante-400ml\/","og_locale":"en_US","og_type":"article","og_title":"Montana Barniz Brillante 400ml Ultrawide Graffiti Shop Barcelona","og_description":"graffiti? materiales bellas artes barcelona? tienda para arte en barcelona. barniz de montana? montana cans barcelona. tienda bellas artes online.","og_url":"https:\/\/dev4.devmitsinformatica.com\/en\/shop\/spray-cans-montana\/barniz-brillante-400ml\/","og_site_name":"ULTRAWIDE GRAFFITI SHOP","article_modified_time":"2023-10-16T09:20:42+00:00","og_image":[{"width":500,"height":500,"url":"https:\/\/dev4.devmitsinformatica.com\/wp-content\/uploads\/2016\/08\/tech_spray_varnish_gloss_p01_1.jpg","type":"image\/jpeg"}],"twitter_card":"summary_large_image","twitter_misc":{"Est. reading time":"1 minute"},"schema":{"@context":"https:\/\/schema.org","@graph":[{"@type":"WebPage","@id":"https:\/\/dev4.devmitsinformatica.com\/en\/shop\/spray-cans-montana\/barniz-brillante-400ml\/","url":"https:\/\/dev4.devmitsinformatica.com\/en\/shop\/spray-cans-montana\/barniz-brillante-400ml\/","name":"Montana Barniz Brillante 400ml Ultrawide Graffiti Shop Barcelona","isPartOf":{"@id":"https:\/\/dev4.devmitsinformatica.com\/en\/#website"},"primaryImageOfPage":{"@id":"https:\/\/dev4.devmitsinformatica.com\/en\/shop\/spray-cans-montana\/barniz-brillante-400ml\/#primaryimage"},"image":{"@id":"https:\/\/dev4.devmitsinformatica.com\/en\/shop\/spray-cans-montana\/barniz-brillante-400ml\/#primaryimage"},"thumbnailUrl":"https:\/\/dev4.devmitsinformatica.com\/wp-content\/uploads\/2016\/08\/tech_spray_varnish_gloss_p01_1.jpg","datePublished":"2016-09-01T20:18:36+00:00","dateModified":"2023-10-16T09:20:42+00:00","description":"graffiti? materiales bellas artes barcelona? tienda para arte en barcelona. barniz de montana? montana cans barcelona. tienda bellas artes online.","breadcrumb":{"@id":"https:\/\/dev4.devmitsinformatica.com\/en\/shop\/spray-cans-montana\/barniz-brillante-400ml\/#breadcrumb"},"inLanguage":"en-US","potentialAction":[{"@type":"ReadAction","target":["https:\/\/dev4.devmitsinformatica.com\/en\/shop\/spray-cans-montana\/barniz-brillante-400ml\/"]}]},{"@type":"ImageObject","inLanguage":"en-US","@id":"https:\/\/dev4.devmitsinformatica.com\/en\/shop\/spray-cans-montana\/barniz-brillante-400ml\/#primaryimage","url":"https:\/\/dev4.devmitsinformatica.com\/wp-content\/uploads\/2016\/08\/tech_spray_varnish_gloss_p01_1.jpg","contentUrl":"https:\/\/dev4.devmitsinformatica.com\/wp-content\/uploads\/2016\/08\/tech_spray_varnish_gloss_p01_1.jpg","width":500,"height":500},{"@type":"BreadcrumbList","@id":"https:\/\/dev4.devmitsinformatica.com\/en\/shop\/spray-cans-montana\/barniz-brillante-400ml\/#breadcrumb","itemListElement":[{"@type":"ListItem","position":1,"name":"Home","item":"https:\/\/dev4.devmitsinformatica.com\/en\/"},{"@type":"ListItem","position":2,"name":"Store","item":"https:\/\/dev4.devmitsinformatica.com\/?page_id=38"},{"@type":"ListItem","position":3,"name":"Montana Barniz Brillante 400ml"}]},{"@type":"WebSite","@id":"https:\/\/dev4.devmitsinformatica.com\/en\/#website","url":"https:\/\/dev4.devmitsinformatica.com\/en\/","name":"ULTRAWIDE GRAFFITI SHOP","description":"SPRAY GRAFFITI SHOP CAPS Y ROTULADORES","publisher":{"@id":"https:\/\/dev4.devmitsinformatica.com\/en\/#organization"},"potentialAction":[{"@type":"SearchAction","target":{"@type":"EntryPoint","urlTemplate":"https:\/\/dev4.devmitsinformatica.com\/en\/?s={search_term_string}"},"query-input":{"@type":"PropertyValueSpecification","valueRequired":true,"valueName":"search_term_string"}}],"inLanguage":"en-US"},{"@type":"Organization","@id":"https:\/\/dev4.devmitsinformatica.com\/en\/#organization","name":"ANDEN Graffiti Shop Barcelona","url":"https:\/\/dev4.devmitsinformatica.com\/en\/","logo":{"@type":"ImageObject","inLanguage":"en-US","@id":"https:\/\/dev4.devmitsinformatica.com\/en\/#\/schema\/logo\/image\/","url":"https:\/\/dev4.devmitsinformatica.com\/wp-content\/uploads\/2016\/11\/graffiti-gallery-barcelona.png","contentUrl":"https:\/\/dev4.devmitsinformatica.com\/wp-content\/uploads\/2016\/11\/graffiti-gallery-barcelona.png","width":386,"height":150,"caption":"ANDEN Graffiti Shop Barcelona"},"image":{"@id":"https:\/\/dev4.devmitsinformatica.com\/en\/#\/schema\/logo\/image\/"}}]}},"_links":{"self":[{"href":"https:\/\/dev4.devmitsinformatica.com\/en\/wp-json\/wp\/v2\/product\/2361","targetHints":{"allow":["GET"]}}],"collection":[{"href":"https:\/\/dev4.devmitsinformatica.com\/en\/wp-json\/wp\/v2\/product"}],"about":[{"href":"https:\/\/dev4.devmitsinformatica.com\/en\/wp-json\/wp\/v2\/types\/product"}],"replies":[{"embeddable":true,"href":"https:\/\/dev4.devmitsinformatica.com\/en\/wp-json\/wp\/v2\/comments?post=2361"}],"version-history":[{"count":0,"href":"https:\/\/dev4.devmitsinformatica.com\/en\/wp-json\/wp\/v2\/product\/2361\/revisions"}],"wp:featuredmedia":[{"embeddable":true,"href":"https:\/\/dev4.devmitsinformatica.com\/en\/wp-json\/wp\/v2\/media\/1034"}],"wp:attachment":[{"href":"https:\/\/dev4.devmitsinformatica.com\/en\/wp-json\/wp\/v2\/media?parent=2361"}],"wp:term":[{"taxonomy":"product_brand","embeddable":true,"href":"https:\/\/dev4.devmitsinformatica.com\/en\/wp-json\/wp\/v2\/product_brand?post=2361"},{"taxonomy":"product_cat","embeddable":true,"href":"https:\/\/dev4.devmitsinformatica.com\/en\/wp-json\/wp\/v2\/product_cat?post=2361"},{"taxonomy":"product_tag","embeddable":true,"href":"https:\/\/dev4.devmitsinformatica.com\/en\/wp-json\/wp\/v2\/product_tag?post=2361"}],"curies":[{"name":"wp","href":"https:\/\/api.w.org\/{rel}","templated":true}]}}