{"id":2362,"date":"2016-09-01T20:18:36","date_gmt":"2016-09-01T20:18:36","guid":{"rendered":"http:\/\/spraygraffiti.com\/index.php\/product\/barniz-mate-400ml\/"},"modified":"2023-10-16T09:22:38","modified_gmt":"2023-10-16T09:22:38","slug":"barniz-mate-400ml","status":"publish","type":"product","link":"https:\/\/dev4.devmitsinformatica.com\/en\/shop\/spray-cans-montana\/barniz-mate-400ml\/","title":{"rendered":"Montana Spray Barniz mate 400ml"},"content":{"rendered":"<h1><span style=\"text-decoration: underline;\">Montana Spray Barniz \u00a0mate 400ml<\/span><\/h1>\n<p>Montana <strong><em>Spray Barniz<\/em><\/strong>\u00a0mate 400ml. Libre de \u00e1cido, de secado r\u00e1pido, capa transparente a base de acr\u00edlico. Superficies selladas, los sprays de barniz <em>montana<\/em> \u00a0protegen de la radiaci\u00f3n ultravioleta, la oxidaci\u00f3n y la contaminaci\u00f3n.Gracias a la protecci\u00f3n UV integrada, protege de \u00a0los rayos UV da\u00f1inos \u00a0y tambi\u00e9n aumenta el brillo y la saturaci\u00f3n de los colores. <strong>Montana<\/strong> <strong>BARNIZ<\/strong> spray est\u00e1 disponible en tres brillos: brillante, mate y satinado. Adecuado para lienzo, papel, dibujos de tiza, rafia, madera, fotos y m\u00e1s. La superficie a tratar debe estar seca, y limpia de polvo, \u00f3xido y grasa. Disponible como 400 ml.Montana Gold barniz mate ayuda a proteger obras de arte y objetos de la contaminaci\u00f3n y hace que sea m\u00e1s f\u00e1cil mantener la superficie limpia. Los<strong> Barnices en Spray<\/strong> de Montana Cans, est\u00e1n formulados con resinas acr\u00edlicas transparentes que no amarillea ante la exposici\u00f3n a los UV. Recomendamos mover en\u00e9rgicamente el aerosol y aplicar en capas finas y homogeneas dejando secar entre capas para conseguir una superf\u00edcie con un perfecto acabado.<\/p>\n<p>Buscas Barniz en spray mate? Ultrawide tiene<strong> Barniz en spray mate<\/strong> y mas. Compra ahora tu barniz mate Montana Cans en tu Graffiti shop online.<\/p>\n<p>montana barniz spray-barniz en spray-<em>spray de barniz<\/em>-spray transparente<\/p>\n","protected":false},"excerpt":{"rendered":"<p>El spray de <em><strong>barniz mate\u00a0<\/strong><\/em>de montana es un spray completamente transparente muy distante de otros barnices en spray que suelen tener cierto acabado amarillento. Gracias a su formulaci\u00f3n a base de resina acr\u00edlica el barniz transparente montana ofrece un acabado protector muy apto para trabajos art\u00edsticos con rotuladores o acr\u00edlicos. Se suministra en envases de 400ml.<\/p>\n<p>Libre de \u00e1cido, de secado r\u00e1pido, capa transparente a base de acr\u00edlico. Superficies selladas, los sprays de barniz <em>montana<\/em> \u00a0protegen de la radiaci\u00f3n ultravioleta, la oxidaci\u00f3n y la contaminaci\u00f3n.Gracias a la protecci\u00f3n UV integrada, protege de \u00a0los rayos UV da\u00f1inos \u00a0y tambi\u00e9n aumenta el brillo y la saturaci\u00f3n de los colores. <strong>Montana<\/strong> <strong>BARNIZ<\/strong> spray est\u00e1 disponible en tres brillos: brillante, mate y satinado. Adecuado para lienzo, papel, dibujos de tiza, rafia, madera, fotos y m\u00e1s. La superficie a tratar debe estar seca, y limpia de polvo, \u00f3xido y grasa. Disponible como 400 ml.Montana Gold barniz mate ayuda a proteger obras de arte y objetos de la contaminaci\u00f3n y hace que sea m\u00e1s f\u00e1cil mantener la superficie limpia.<\/p>\n","protected":false},"featured_media":1036,"comment_status":"closed","ping_status":"closed","template":"","meta":{"site-sidebar-layout":"default","site-content-layout":"","ast-site-content-layout":"default","site-content-style":"default","site-sidebar-style":"default","ast-global-header-display":"","ast-banner-title-visibility":"","ast-main-header-display":"","ast-hfb-above-header-display":"","ast-hfb-below-header-display":"","ast-hfb-mobile-header-display":"","site-post-title":"","ast-breadcrumbs-content":"","ast-featured-img":"","footer-sml-layout":"","ast-disable-related-posts":"","theme-transparent-header-meta":"","adv-header-id-meta":"","stick-header-meta":"","header-above-stick-meta":"","header-main-stick-meta":"","header-below-stick-meta":"","astra-migrate-meta-layouts":"default","ast-page-background-enabled":"default","ast-page-background-meta":{"desktop":{"background-color":"","background-image":"","background-repeat":"repeat","background-position":"center center","background-size":"auto","background-attachment":"scroll","background-type":"","background-media":"","overlay-type":"","overlay-color":"","overlay-opacity":"","overlay-gradient":""},"tablet":{"background-color":"","background-image":"","background-repeat":"repeat","background-position":"center center","background-size":"auto","background-attachment":"scroll","background-type":"","background-media":"","overlay-type":"","overlay-color":"","overlay-opacity":"","overlay-gradient":""},"mobile":{"background-color":"","background-image":"","background-repeat":"repeat","background-position":"center center","background-size":"auto","background-attachment":"scroll","background-type":"","background-media":"","overlay-type":"","overlay-color":"","overlay-opacity":"","overlay-gradient":""}},"ast-content-background-meta":{"desktop":{"background-color":"var(--ast-global-color-5)","background-image":"","background-repeat":"repeat","background-position":"center center","background-size":"auto","background-attachment":"scroll","background-type":"","background-media":"","overlay-type":"","overlay-color":"","overlay-opacity":"","overlay-gradient":""},"tablet":{"background-color":"var(--ast-global-color-5)","background-image":"","background-repeat":"repeat","background-position":"center center","background-size":"auto","background-attachment":"scroll","background-type":"","background-media":"","overlay-type":"","overlay-color":"","overlay-opacity":"","overlay-gradient":""},"mobile":{"background-color":"var(--ast-global-color-5)","background-image":"","background-repeat":"repeat","background-position":"center center","background-size":"auto","background-attachment":"scroll","background-type":"","background-media":"","overlay-type":"","overlay-color":"","overlay-opacity":"","overlay-gradient":""}}},"product_brand":[],"product_cat":[10,5804,5479,3109,5647,3216,5649],"product_tag":[1425,1426,779,780,1427,1428,1019,778,777,776,1429,1430],"class_list":{"0":"post-2362","1":"product","2":"type-product","3":"status-publish","4":"has-post-thumbnail","6":"product_cat-spray-cans-montana","7":"product_cat-tech-spray","8":"product_cat-barnices","9":"product_cat-montana-cans","10":"product_cat-montana-tech-spray","11":"product_cat-spray","12":"product_cat-sprays-tecnicos","13":"product_tag-barniz-mate-spray","14":"product_tag-barniz-spray-mate","15":"product_tag-comprar-montana-cans","16":"product_tag-comprar-montana-spray","17":"product_tag-mate-barniz-spray","18":"product_tag-mate-spray-barniz","19":"product_tag-montana","20":"product_tag-montana-cans-tienda","21":"product_tag-montana-spray-cans","22":"product_tag-montana-spray-tienda","23":"product_tag-spray-barniz-mate","24":"product_tag-spray-mate-barniz","25":"desktop-align-left","26":"tablet-align-left","27":"mobile-align-left","29":"first","30":"instock","31":"purchasable","32":"product-type-simple"},"yoast_head":"<!-- This site is optimized with the Yoast SEO plugin v27.0 - https:\/\/yoast.com\/product\/yoast-seo-wordpress\/ -->\n<title>Montana Spray Barniz mate 400ml Ultrawide Graffiti Shop Barcelona<\/title>\n<meta name=\"description\" content=\"barniz de montana? montana cans barcelona ultrawide tienda bellas artes online. tienda bellas artes online? graffiti shop barcelona? materiales bellas artes barcelona?\" \/>\n<meta name=\"robots\" content=\"index, follow, max-snippet:-1, max-image-preview:large, max-video-preview:-1\" \/>\n<link rel=\"canonical\" href=\"https:\/\/dev4.devmitsinformatica.com\/en\/shop\/spray-cans-montana\/barniz-mate-400ml\/\" \/>\n<meta property=\"og:locale\" content=\"en_US\" \/>\n<meta property=\"og:type\" content=\"article\" \/>\n<meta property=\"og:title\" content=\"Montana Spray Barniz mate 400ml Ultrawide Graffiti Shop Barcelona\" \/>\n<meta property=\"og:description\" content=\"barniz de montana? montana cans barcelona ultrawide tienda bellas artes online. tienda bellas artes online? graffiti shop barcelona? materiales bellas artes barcelona?\" \/>\n<meta property=\"og:url\" content=\"https:\/\/dev4.devmitsinformatica.com\/en\/shop\/spray-cans-montana\/barniz-mate-400ml\/\" \/>\n<meta property=\"og:site_name\" content=\"ULTRAWIDE GRAFFITI SHOP\" \/>\n<meta property=\"article:modified_time\" content=\"2023-10-16T09:22:38+00:00\" \/>\n<meta property=\"og:image\" content=\"https:\/\/dev4.devmitsinformatica.com\/wp-content\/uploads\/2016\/08\/tech_spray_varnish_matt_p01.jpg\" \/>\n\t<meta property=\"og:image:width\" content=\"500\" \/>\n\t<meta property=\"og:image:height\" content=\"500\" \/>\n\t<meta property=\"og:image:type\" content=\"image\/jpeg\" \/>\n<meta name=\"twitter:card\" content=\"summary_large_image\" \/>\n<meta name=\"twitter:label1\" content=\"Est. reading time\" \/>\n\t<meta name=\"twitter:data1\" content=\"1 minute\" \/>\n<script type=\"application\/ld+json\" class=\"yoast-schema-graph\">{\"@context\":\"https:\/\/schema.org\",\"@graph\":[{\"@type\":\"WebPage\",\"@id\":\"https:\/\/dev4.devmitsinformatica.com\/en\/shop\/spray-cans-montana\/barniz-mate-400ml\/\",\"url\":\"https:\/\/dev4.devmitsinformatica.com\/en\/shop\/spray-cans-montana\/barniz-mate-400ml\/\",\"name\":\"Montana Spray Barniz mate 400ml Ultrawide Graffiti Shop Barcelona\",\"isPartOf\":{\"@id\":\"https:\/\/dev4.devmitsinformatica.com\/en\/#website\"},\"primaryImageOfPage\":{\"@id\":\"https:\/\/dev4.devmitsinformatica.com\/en\/shop\/spray-cans-montana\/barniz-mate-400ml\/#primaryimage\"},\"image\":{\"@id\":\"https:\/\/dev4.devmitsinformatica.com\/en\/shop\/spray-cans-montana\/barniz-mate-400ml\/#primaryimage\"},\"thumbnailUrl\":\"https:\/\/dev4.devmitsinformatica.com\/wp-content\/uploads\/2016\/08\/tech_spray_varnish_matt_p01.jpg\",\"datePublished\":\"2016-09-01T20:18:36+00:00\",\"dateModified\":\"2023-10-16T09:22:38+00:00\",\"description\":\"barniz de montana? montana cans barcelona ultrawide tienda bellas artes online. tienda bellas artes online? graffiti shop barcelona? materiales bellas artes barcelona?\",\"breadcrumb\":{\"@id\":\"https:\/\/dev4.devmitsinformatica.com\/en\/shop\/spray-cans-montana\/barniz-mate-400ml\/#breadcrumb\"},\"inLanguage\":\"en-US\",\"potentialAction\":[{\"@type\":\"ReadAction\",\"target\":[\"https:\/\/dev4.devmitsinformatica.com\/en\/shop\/spray-cans-montana\/barniz-mate-400ml\/\"]}]},{\"@type\":\"ImageObject\",\"inLanguage\":\"en-US\",\"@id\":\"https:\/\/dev4.devmitsinformatica.com\/en\/shop\/spray-cans-montana\/barniz-mate-400ml\/#primaryimage\",\"url\":\"https:\/\/dev4.devmitsinformatica.com\/wp-content\/uploads\/2016\/08\/tech_spray_varnish_matt_p01.jpg\",\"contentUrl\":\"https:\/\/dev4.devmitsinformatica.com\/wp-content\/uploads\/2016\/08\/tech_spray_varnish_matt_p01.jpg\",\"width\":500,\"height\":500},{\"@type\":\"BreadcrumbList\",\"@id\":\"https:\/\/dev4.devmitsinformatica.com\/en\/shop\/spray-cans-montana\/barniz-mate-400ml\/#breadcrumb\",\"itemListElement\":[{\"@type\":\"ListItem\",\"position\":1,\"name\":\"Home\",\"item\":\"https:\/\/dev4.devmitsinformatica.com\/en\/\"},{\"@type\":\"ListItem\",\"position\":2,\"name\":\"Store\",\"item\":\"https:\/\/dev4.devmitsinformatica.com\/?page_id=38\"},{\"@type\":\"ListItem\",\"position\":3,\"name\":\"Montana Spray Barniz mate 400ml\"}]},{\"@type\":\"WebSite\",\"@id\":\"https:\/\/dev4.devmitsinformatica.com\/en\/#website\",\"url\":\"https:\/\/dev4.devmitsinformatica.com\/en\/\",\"name\":\"ULTRAWIDE GRAFFITI SHOP\",\"description\":\"SPRAY GRAFFITI SHOP CAPS Y ROTULADORES\",\"publisher\":{\"@id\":\"https:\/\/dev4.devmitsinformatica.com\/en\/#organization\"},\"potentialAction\":[{\"@type\":\"SearchAction\",\"target\":{\"@type\":\"EntryPoint\",\"urlTemplate\":\"https:\/\/dev4.devmitsinformatica.com\/en\/?s={search_term_string}\"},\"query-input\":{\"@type\":\"PropertyValueSpecification\",\"valueRequired\":true,\"valueName\":\"search_term_string\"}}],\"inLanguage\":\"en-US\"},{\"@type\":\"Organization\",\"@id\":\"https:\/\/dev4.devmitsinformatica.com\/en\/#organization\",\"name\":\"ANDEN Graffiti Shop Barcelona\",\"url\":\"https:\/\/dev4.devmitsinformatica.com\/en\/\",\"logo\":{\"@type\":\"ImageObject\",\"inLanguage\":\"en-US\",\"@id\":\"https:\/\/dev4.devmitsinformatica.com\/en\/#\/schema\/logo\/image\/\",\"url\":\"https:\/\/dev4.devmitsinformatica.com\/wp-content\/uploads\/2016\/11\/graffiti-gallery-barcelona.png\",\"contentUrl\":\"https:\/\/dev4.devmitsinformatica.com\/wp-content\/uploads\/2016\/11\/graffiti-gallery-barcelona.png\",\"width\":386,\"height\":150,\"caption\":\"ANDEN Graffiti Shop Barcelona\"},\"image\":{\"@id\":\"https:\/\/dev4.devmitsinformatica.com\/en\/#\/schema\/logo\/image\/\"}}]}<\/script>\n<!-- \/ Yoast SEO plugin. -->","yoast_head_json":{"title":"Montana Spray Barniz mate 400ml Ultrawide Graffiti Shop Barcelona","description":"barniz de montana? montana cans barcelona ultrawide tienda bellas artes online. tienda bellas artes online? graffiti shop barcelona? materiales bellas artes barcelona?","robots":{"index":"index","follow":"follow","max-snippet":"max-snippet:-1","max-image-preview":"max-image-preview:large","max-video-preview":"max-video-preview:-1"},"canonical":"https:\/\/dev4.devmitsinformatica.com\/en\/shop\/spray-cans-montana\/barniz-mate-400ml\/","og_locale":"en_US","og_type":"article","og_title":"Montana Spray Barniz mate 400ml Ultrawide Graffiti Shop Barcelona","og_description":"barniz de montana? montana cans barcelona ultrawide tienda bellas artes online. tienda bellas artes online? graffiti shop barcelona? materiales bellas artes barcelona?","og_url":"https:\/\/dev4.devmitsinformatica.com\/en\/shop\/spray-cans-montana\/barniz-mate-400ml\/","og_site_name":"ULTRAWIDE GRAFFITI SHOP","article_modified_time":"2023-10-16T09:22:38+00:00","og_image":[{"width":500,"height":500,"url":"https:\/\/dev4.devmitsinformatica.com\/wp-content\/uploads\/2016\/08\/tech_spray_varnish_matt_p01.jpg","type":"image\/jpeg"}],"twitter_card":"summary_large_image","twitter_misc":{"Est. reading time":"1 minute"},"schema":{"@context":"https:\/\/schema.org","@graph":[{"@type":"WebPage","@id":"https:\/\/dev4.devmitsinformatica.com\/en\/shop\/spray-cans-montana\/barniz-mate-400ml\/","url":"https:\/\/dev4.devmitsinformatica.com\/en\/shop\/spray-cans-montana\/barniz-mate-400ml\/","name":"Montana Spray Barniz mate 400ml Ultrawide Graffiti Shop Barcelona","isPartOf":{"@id":"https:\/\/dev4.devmitsinformatica.com\/en\/#website"},"primaryImageOfPage":{"@id":"https:\/\/dev4.devmitsinformatica.com\/en\/shop\/spray-cans-montana\/barniz-mate-400ml\/#primaryimage"},"image":{"@id":"https:\/\/dev4.devmitsinformatica.com\/en\/shop\/spray-cans-montana\/barniz-mate-400ml\/#primaryimage"},"thumbnailUrl":"https:\/\/dev4.devmitsinformatica.com\/wp-content\/uploads\/2016\/08\/tech_spray_varnish_matt_p01.jpg","datePublished":"2016-09-01T20:18:36+00:00","dateModified":"2023-10-16T09:22:38+00:00","description":"barniz de montana? montana cans barcelona ultrawide tienda bellas artes online. tienda bellas artes online? graffiti shop barcelona? materiales bellas artes barcelona?","breadcrumb":{"@id":"https:\/\/dev4.devmitsinformatica.com\/en\/shop\/spray-cans-montana\/barniz-mate-400ml\/#breadcrumb"},"inLanguage":"en-US","potentialAction":[{"@type":"ReadAction","target":["https:\/\/dev4.devmitsinformatica.com\/en\/shop\/spray-cans-montana\/barniz-mate-400ml\/"]}]},{"@type":"ImageObject","inLanguage":"en-US","@id":"https:\/\/dev4.devmitsinformatica.com\/en\/shop\/spray-cans-montana\/barniz-mate-400ml\/#primaryimage","url":"https:\/\/dev4.devmitsinformatica.com\/wp-content\/uploads\/2016\/08\/tech_spray_varnish_matt_p01.jpg","contentUrl":"https:\/\/dev4.devmitsinformatica.com\/wp-content\/uploads\/2016\/08\/tech_spray_varnish_matt_p01.jpg","width":500,"height":500},{"@type":"BreadcrumbList","@id":"https:\/\/dev4.devmitsinformatica.com\/en\/shop\/spray-cans-montana\/barniz-mate-400ml\/#breadcrumb","itemListElement":[{"@type":"ListItem","position":1,"name":"Home","item":"https:\/\/dev4.devmitsinformatica.com\/en\/"},{"@type":"ListItem","position":2,"name":"Store","item":"https:\/\/dev4.devmitsinformatica.com\/?page_id=38"},{"@type":"ListItem","position":3,"name":"Montana Spray Barniz mate 400ml"}]},{"@type":"WebSite","@id":"https:\/\/dev4.devmitsinformatica.com\/en\/#website","url":"https:\/\/dev4.devmitsinformatica.com\/en\/","name":"ULTRAWIDE GRAFFITI SHOP","description":"SPRAY GRAFFITI SHOP CAPS Y ROTULADORES","publisher":{"@id":"https:\/\/dev4.devmitsinformatica.com\/en\/#organization"},"potentialAction":[{"@type":"SearchAction","target":{"@type":"EntryPoint","urlTemplate":"https:\/\/dev4.devmitsinformatica.com\/en\/?s={search_term_string}"},"query-input":{"@type":"PropertyValueSpecification","valueRequired":true,"valueName":"search_term_string"}}],"inLanguage":"en-US"},{"@type":"Organization","@id":"https:\/\/dev4.devmitsinformatica.com\/en\/#organization","name":"ANDEN Graffiti Shop Barcelona","url":"https:\/\/dev4.devmitsinformatica.com\/en\/","logo":{"@type":"ImageObject","inLanguage":"en-US","@id":"https:\/\/dev4.devmitsinformatica.com\/en\/#\/schema\/logo\/image\/","url":"https:\/\/dev4.devmitsinformatica.com\/wp-content\/uploads\/2016\/11\/graffiti-gallery-barcelona.png","contentUrl":"https:\/\/dev4.devmitsinformatica.com\/wp-content\/uploads\/2016\/11\/graffiti-gallery-barcelona.png","width":386,"height":150,"caption":"ANDEN Graffiti Shop Barcelona"},"image":{"@id":"https:\/\/dev4.devmitsinformatica.com\/en\/#\/schema\/logo\/image\/"}}]}},"_links":{"self":[{"href":"https:\/\/dev4.devmitsinformatica.com\/en\/wp-json\/wp\/v2\/product\/2362","targetHints":{"allow":["GET"]}}],"collection":[{"href":"https:\/\/dev4.devmitsinformatica.com\/en\/wp-json\/wp\/v2\/product"}],"about":[{"href":"https:\/\/dev4.devmitsinformatica.com\/en\/wp-json\/wp\/v2\/types\/product"}],"replies":[{"embeddable":true,"href":"https:\/\/dev4.devmitsinformatica.com\/en\/wp-json\/wp\/v2\/comments?post=2362"}],"version-history":[{"count":0,"href":"https:\/\/dev4.devmitsinformatica.com\/en\/wp-json\/wp\/v2\/product\/2362\/revisions"}],"wp:featuredmedia":[{"embeddable":true,"href":"https:\/\/dev4.devmitsinformatica.com\/en\/wp-json\/wp\/v2\/media\/1036"}],"wp:attachment":[{"href":"https:\/\/dev4.devmitsinformatica.com\/en\/wp-json\/wp\/v2\/media?parent=2362"}],"wp:term":[{"taxonomy":"product_brand","embeddable":true,"href":"https:\/\/dev4.devmitsinformatica.com\/en\/wp-json\/wp\/v2\/product_brand?post=2362"},{"taxonomy":"product_cat","embeddable":true,"href":"https:\/\/dev4.devmitsinformatica.com\/en\/wp-json\/wp\/v2\/product_cat?post=2362"},{"taxonomy":"product_tag","embeddable":true,"href":"https:\/\/dev4.devmitsinformatica.com\/en\/wp-json\/wp\/v2\/product_tag?post=2362"}],"curies":[{"name":"wp","href":"https:\/\/api.w.org\/{rel}","templated":true}]}}