{"id":2364,"date":"2016-09-01T20:18:36","date_gmt":"2016-09-01T20:18:36","guid":{"rendered":"http:\/\/spraygraffiti.com\/index.php\/product\/montana-texture-spray-400ml\/"},"modified":"2023-10-16T09:26:22","modified_gmt":"2023-10-16T09:26:22","slug":"montana-texture-spray-400ml","status":"publish","type":"product","link":"https:\/\/dev4.devmitsinformatica.com\/en\/shop\/spray-cans-montana\/montana-texture-spray-400ml\/","title":{"rendered":"Montana Texture Spray 400ml"},"content":{"rendered":"<h1><span style=\"text-decoration: underline;\">Montana Texture Spray 400ml<\/span><\/h1>\n<p>Aerosol de <strong>Textura<\/strong> gris para generar superficies esculpidas con empaste. Adecuado para obras de creaci\u00f3n de todo tipo, as\u00ed como material de relleno para remendar las peque\u00f1as irregularidades tales como grietas, agujeros o hundimientos. Aplicable en muchas superficies diferentes, tales como madera, vidrio, piedra, cer\u00e1mica, porcelana, acr\u00edlico y otras superficies no el\u00e1sticas. Rociando el objeto con una capa gruesa de la pulverizaci\u00f3n TEXTURE, la base se recubre con un alto grado, as\u00ed puede ser moldeada mientras est\u00e1 h\u00fameda para lograr la estructura deseada. El spray <strong>Textura<\/strong> se puede lijar en h\u00famedo despu\u00e9s de un tiempo de secado muy corto. Despu\u00e9s completamente seco y curado,el aerosol texture puede ser pintado superiormente con muchos tipos de laca com\u00fan. El spray TEXTURE tiene buena adherencia y es altamente resistente al agua. texturizado atomizado ofrece una alta estratificaci\u00f3n y la capacidad de llenado de espesor debido a la excelente estabilidad de la pintura. TEXTURE ofrece tambien una mayor protecci\u00f3n anticorrosiva sobre las superficies donde se aplica.<\/p>\n<p>El Spray de Textura montana, es muy apropiado para recreaciones en maquetas o pintado de objetos con textura en trabajos art\u00edsticos. Montana texture te permite manipular la pulverizaci\u00f3n en fresco pudiendo conseguir la forma y textura deseada.<\/p>\n<p>spray de volumen-texture paint-masilla-spray bellas artes-montana effects-spray para corrrecci\u00f3n-masilla en spray-spray 3D<\/p>\n","protected":false},"excerpt":{"rendered":"<p><strong><em>Montana Effect TEXTURE Spray 400ml<\/em><\/strong>. La formulaci\u00f3n del spray de<em><strong> textura<\/strong><\/em> permite conseguir superfic\u00edes de volumen debido a la densidad de la pintura. Es apto para trabajar efectos o acabados especiales como imitaci\u00f3n de materiales en maquetas o fondos de obras de arte. Se puede utilizar tambi\u00e9n como fondo imprimaci\u00f3n sobre superficies irregulares para corregirlas antes de pintar. Se suministra en formato 400ml y en acabado Gris.<\/p>\n<p>Aerosol de<strong> Textura<\/strong> gris para generar superficies esculpidas con empaste. Adecuado para obras de creaci\u00f3n de todo tipo, as\u00ed como material de relleno para remendar las peque\u00f1as irregularidades tales como grietas, agujeros o hundimientos. Aplicable en muchas superficies diferentes, tales como madera, vidrio, piedra, cer\u00e1mica, porcelana, acr\u00edlico y otras superficies no el\u00e1sticas. Rociando el objeto con una capa gruesa de la pulverizaci\u00f3n TEXTURE, la base se recubre con un alto grado, as\u00ed puede ser moldeada mientras est\u00e1 h\u00fameda para lograr la <strong>textura<\/strong> deseada. El spray<strong> textura<\/strong> se puede lijar en h\u00famedo despu\u00e9s de un tiempo de secado muy corto. Despu\u00e9s completamente seco y curado,el aerosol texture puede ser estucado superiormente con muchos tipos de laca com\u00fan. El spray TEXTURE tiene buena adherencia y es altamente resistente al agua. texturizado atomizado ofrece una alta estratificaci\u00f3n y la capacidad de llenado de espesor debido a la excelente estabilidad de la pintura. TEXTURE ofrece tambien una mayor protecci\u00f3n anticorrosiva sobre las superficies donde se aplica.<\/p>\n<p>&nbsp;<\/p>\n","protected":false},"featured_media":1040,"comment_status":"closed","ping_status":"closed","template":"","meta":{"site-sidebar-layout":"default","site-content-layout":"","ast-site-content-layout":"default","site-content-style":"default","site-sidebar-style":"default","ast-global-header-display":"","ast-banner-title-visibility":"","ast-main-header-display":"","ast-hfb-above-header-display":"","ast-hfb-below-header-display":"","ast-hfb-mobile-header-display":"","site-post-title":"","ast-breadcrumbs-content":"","ast-featured-img":"","footer-sml-layout":"","ast-disable-related-posts":"","theme-transparent-header-meta":"","adv-header-id-meta":"","stick-header-meta":"","header-above-stick-meta":"","header-main-stick-meta":"","header-below-stick-meta":"","astra-migrate-meta-layouts":"default","ast-page-background-enabled":"default","ast-page-background-meta":{"desktop":{"background-color":"","background-image":"","background-repeat":"repeat","background-position":"center center","background-size":"auto","background-attachment":"scroll","background-type":"","background-media":"","overlay-type":"","overlay-color":"","overlay-opacity":"","overlay-gradient":""},"tablet":{"background-color":"","background-image":"","background-repeat":"repeat","background-position":"center center","background-size":"auto","background-attachment":"scroll","background-type":"","background-media":"","overlay-type":"","overlay-color":"","overlay-opacity":"","overlay-gradient":""},"mobile":{"background-color":"","background-image":"","background-repeat":"repeat","background-position":"center center","background-size":"auto","background-attachment":"scroll","background-type":"","background-media":"","overlay-type":"","overlay-color":"","overlay-opacity":"","overlay-gradient":""}},"ast-content-background-meta":{"desktop":{"background-color":"var(--ast-global-color-5)","background-image":"","background-repeat":"repeat","background-position":"center center","background-size":"auto","background-attachment":"scroll","background-type":"","background-media":"","overlay-type":"","overlay-color":"","overlay-opacity":"","overlay-gradient":""},"tablet":{"background-color":"var(--ast-global-color-5)","background-image":"","background-repeat":"repeat","background-position":"center center","background-size":"auto","background-attachment":"scroll","background-type":"","background-media":"","overlay-type":"","overlay-color":"","overlay-opacity":"","overlay-gradient":""},"mobile":{"background-color":"var(--ast-global-color-5)","background-image":"","background-repeat":"repeat","background-position":"center center","background-size":"auto","background-attachment":"scroll","background-type":"","background-media":"","overlay-type":"","overlay-color":"","overlay-opacity":"","overlay-gradient":""}}},"product_brand":[],"product_cat":[10,5804,5803,5570,3109,5647,3216,5649],"product_tag":[839,838,1019,841,3240,840,3237,842,3234,3239,3243,3235,3241,3238,3242,3236],"class_list":{"0":"post-2364","1":"product","2":"type-product","3":"status-publish","4":"has-post-thumbnail","6":"product_cat-spray-cans-montana","7":"product_cat-tech-spray","8":"product_cat-efectos","9":"product_cat-imprimaciones","10":"product_cat-montana-cans","11":"product_cat-montana-tech-spray","12":"product_cat-spray","13":"product_cat-sprays-tecnicos","14":"product_tag-barcelona-graffiti-shop-montana-cans","15":"product_tag-graffiti-shop-barcelone","16":"product_tag-montana","17":"product_tag-montana-spray-barcelona","18":"product_tag-montana-spray-texture","19":"product_tag-shop-graffiti-barcelona","20":"product_tag-spray-de-texturas","21":"product_tag-spray-montana-barcelona","22":"product_tag-spray-textura","23":"product_tag-spray-texture-montana","24":"product_tag-textura","25":"product_tag-textura-en-spray","26":"product_tag-texture-paint","27":"product_tag-texture-spray","28":"product_tag-textures","29":"product_tag-tspray-para-textura","30":"pa_graffiti-spray-graffiti-spray-barato","31":"pa_graffiti-spray-graffiti-spray-barcelona","32":"pa_graffiti-spray-graffiti-spray-comprar","33":"pa_graffiti-spray-graffiti-spray-envio-gratis","34":"pa_graffiti-spray-graffiti-spray-espana","35":"pa_graffiti-spray-graffiti-spray-madrid","36":"pa_graffiti-spray-graffiti-spray-montana","37":"pa_graffiti-spray-graffiti-spray-montana-cans","38":"pa_graffiti-spray-sprays-montana","39":"pa_graffiti-spray-tienda-graffiti-online-espana","40":"pa_graffiti-spray-tienda-graffiti-valencia","41":"desktop-align-left","42":"tablet-align-left","43":"mobile-align-left","45":"first","46":"instock","47":"purchasable","48":"product-type-simple"},"yoast_head":"<!-- This site is optimized with the Yoast SEO plugin v27.0 - https:\/\/yoast.com\/product\/yoast-seo-wordpress\/ -->\n<title>Montana Texture Spray 400ml Ultrawide Graffiti Shop Barcelona<\/title>\n<meta name=\"description\" content=\"materiales bellas artes barcelona? graffiti shop barcelona? barniz de montana? spray para coches? barniz de montana? materiales bellas artes barcelona?\" \/>\n<meta name=\"robots\" content=\"index, follow, max-snippet:-1, max-image-preview:large, max-video-preview:-1\" \/>\n<link rel=\"canonical\" href=\"https:\/\/dev4.devmitsinformatica.com\/en\/shop\/spray-cans-montana\/montana-texture-spray-400ml\/\" \/>\n<meta property=\"og:locale\" content=\"en_US\" \/>\n<meta property=\"og:type\" content=\"article\" \/>\n<meta property=\"og:title\" content=\"Montana Texture Spray 400ml Ultrawide Graffiti Shop Barcelona\" \/>\n<meta property=\"og:description\" content=\"materiales bellas artes barcelona? graffiti shop barcelona? barniz de montana? spray para coches? barniz de montana? materiales bellas artes barcelona?\" \/>\n<meta property=\"og:url\" content=\"https:\/\/dev4.devmitsinformatica.com\/en\/shop\/spray-cans-montana\/montana-texture-spray-400ml\/\" \/>\n<meta property=\"og:site_name\" content=\"ULTRAWIDE GRAFFITI SHOP\" \/>\n<meta property=\"article:modified_time\" content=\"2023-10-16T09:26:22+00:00\" \/>\n<meta property=\"og:image\" content=\"https:\/\/dev4.devmitsinformatica.com\/wp-content\/uploads\/2016\/08\/e7a443c925e48a8364d8b1f83c9b7c43.jpg\" \/>\n\t<meta property=\"og:image:width\" content=\"500\" \/>\n\t<meta property=\"og:image:height\" content=\"500\" \/>\n\t<meta property=\"og:image:type\" content=\"image\/jpeg\" \/>\n<meta name=\"twitter:card\" content=\"summary_large_image\" \/>\n<meta name=\"twitter:label1\" content=\"Est. reading time\" \/>\n\t<meta name=\"twitter:data1\" content=\"1 minute\" \/>\n<script type=\"application\/ld+json\" class=\"yoast-schema-graph\">{\"@context\":\"https:\/\/schema.org\",\"@graph\":[{\"@type\":\"WebPage\",\"@id\":\"https:\/\/dev4.devmitsinformatica.com\/en\/shop\/spray-cans-montana\/montana-texture-spray-400ml\/\",\"url\":\"https:\/\/dev4.devmitsinformatica.com\/en\/shop\/spray-cans-montana\/montana-texture-spray-400ml\/\",\"name\":\"Montana Texture Spray 400ml Ultrawide Graffiti Shop Barcelona\",\"isPartOf\":{\"@id\":\"https:\/\/dev4.devmitsinformatica.com\/en\/#website\"},\"primaryImageOfPage\":{\"@id\":\"https:\/\/dev4.devmitsinformatica.com\/en\/shop\/spray-cans-montana\/montana-texture-spray-400ml\/#primaryimage\"},\"image\":{\"@id\":\"https:\/\/dev4.devmitsinformatica.com\/en\/shop\/spray-cans-montana\/montana-texture-spray-400ml\/#primaryimage\"},\"thumbnailUrl\":\"https:\/\/dev4.devmitsinformatica.com\/wp-content\/uploads\/2016\/08\/e7a443c925e48a8364d8b1f83c9b7c43.jpg\",\"datePublished\":\"2016-09-01T20:18:36+00:00\",\"dateModified\":\"2023-10-16T09:26:22+00:00\",\"description\":\"materiales bellas artes barcelona? graffiti shop barcelona? barniz de montana? spray para coches? barniz de montana? materiales bellas artes barcelona?\",\"breadcrumb\":{\"@id\":\"https:\/\/dev4.devmitsinformatica.com\/en\/shop\/spray-cans-montana\/montana-texture-spray-400ml\/#breadcrumb\"},\"inLanguage\":\"en-US\",\"potentialAction\":[{\"@type\":\"ReadAction\",\"target\":[\"https:\/\/dev4.devmitsinformatica.com\/en\/shop\/spray-cans-montana\/montana-texture-spray-400ml\/\"]}]},{\"@type\":\"ImageObject\",\"inLanguage\":\"en-US\",\"@id\":\"https:\/\/dev4.devmitsinformatica.com\/en\/shop\/spray-cans-montana\/montana-texture-spray-400ml\/#primaryimage\",\"url\":\"https:\/\/dev4.devmitsinformatica.com\/wp-content\/uploads\/2016\/08\/e7a443c925e48a8364d8b1f83c9b7c43.jpg\",\"contentUrl\":\"https:\/\/dev4.devmitsinformatica.com\/wp-content\/uploads\/2016\/08\/e7a443c925e48a8364d8b1f83c9b7c43.jpg\",\"width\":500,\"height\":500},{\"@type\":\"BreadcrumbList\",\"@id\":\"https:\/\/dev4.devmitsinformatica.com\/en\/shop\/spray-cans-montana\/montana-texture-spray-400ml\/#breadcrumb\",\"itemListElement\":[{\"@type\":\"ListItem\",\"position\":1,\"name\":\"Home\",\"item\":\"https:\/\/dev4.devmitsinformatica.com\/en\/\"},{\"@type\":\"ListItem\",\"position\":2,\"name\":\"Store\",\"item\":\"https:\/\/dev4.devmitsinformatica.com\/?page_id=38\"},{\"@type\":\"ListItem\",\"position\":3,\"name\":\"Montana Texture Spray 400ml\"}]},{\"@type\":\"WebSite\",\"@id\":\"https:\/\/dev4.devmitsinformatica.com\/en\/#website\",\"url\":\"https:\/\/dev4.devmitsinformatica.com\/en\/\",\"name\":\"ULTRAWIDE GRAFFITI SHOP\",\"description\":\"SPRAY GRAFFITI SHOP CAPS Y ROTULADORES\",\"publisher\":{\"@id\":\"https:\/\/dev4.devmitsinformatica.com\/en\/#organization\"},\"potentialAction\":[{\"@type\":\"SearchAction\",\"target\":{\"@type\":\"EntryPoint\",\"urlTemplate\":\"https:\/\/dev4.devmitsinformatica.com\/en\/?s={search_term_string}\"},\"query-input\":{\"@type\":\"PropertyValueSpecification\",\"valueRequired\":true,\"valueName\":\"search_term_string\"}}],\"inLanguage\":\"en-US\"},{\"@type\":\"Organization\",\"@id\":\"https:\/\/dev4.devmitsinformatica.com\/en\/#organization\",\"name\":\"ANDEN Graffiti Shop Barcelona\",\"url\":\"https:\/\/dev4.devmitsinformatica.com\/en\/\",\"logo\":{\"@type\":\"ImageObject\",\"inLanguage\":\"en-US\",\"@id\":\"https:\/\/dev4.devmitsinformatica.com\/en\/#\/schema\/logo\/image\/\",\"url\":\"https:\/\/dev4.devmitsinformatica.com\/wp-content\/uploads\/2016\/11\/graffiti-gallery-barcelona.png\",\"contentUrl\":\"https:\/\/dev4.devmitsinformatica.com\/wp-content\/uploads\/2016\/11\/graffiti-gallery-barcelona.png\",\"width\":386,\"height\":150,\"caption\":\"ANDEN Graffiti Shop Barcelona\"},\"image\":{\"@id\":\"https:\/\/dev4.devmitsinformatica.com\/en\/#\/schema\/logo\/image\/\"}}]}<\/script>\n<!-- \/ Yoast SEO plugin. -->","yoast_head_json":{"title":"Montana Texture Spray 400ml Ultrawide Graffiti Shop Barcelona","description":"materiales bellas artes barcelona? graffiti shop barcelona? barniz de montana? spray para coches? barniz de montana? materiales bellas artes barcelona?","robots":{"index":"index","follow":"follow","max-snippet":"max-snippet:-1","max-image-preview":"max-image-preview:large","max-video-preview":"max-video-preview:-1"},"canonical":"https:\/\/dev4.devmitsinformatica.com\/en\/shop\/spray-cans-montana\/montana-texture-spray-400ml\/","og_locale":"en_US","og_type":"article","og_title":"Montana Texture Spray 400ml Ultrawide Graffiti Shop Barcelona","og_description":"materiales bellas artes barcelona? graffiti shop barcelona? barniz de montana? spray para coches? barniz de montana? materiales bellas artes barcelona?","og_url":"https:\/\/dev4.devmitsinformatica.com\/en\/shop\/spray-cans-montana\/montana-texture-spray-400ml\/","og_site_name":"ULTRAWIDE GRAFFITI SHOP","article_modified_time":"2023-10-16T09:26:22+00:00","og_image":[{"width":500,"height":500,"url":"https:\/\/dev4.devmitsinformatica.com\/wp-content\/uploads\/2016\/08\/e7a443c925e48a8364d8b1f83c9b7c43.jpg","type":"image\/jpeg"}],"twitter_card":"summary_large_image","twitter_misc":{"Est. reading time":"1 minute"},"schema":{"@context":"https:\/\/schema.org","@graph":[{"@type":"WebPage","@id":"https:\/\/dev4.devmitsinformatica.com\/en\/shop\/spray-cans-montana\/montana-texture-spray-400ml\/","url":"https:\/\/dev4.devmitsinformatica.com\/en\/shop\/spray-cans-montana\/montana-texture-spray-400ml\/","name":"Montana Texture Spray 400ml Ultrawide Graffiti Shop Barcelona","isPartOf":{"@id":"https:\/\/dev4.devmitsinformatica.com\/en\/#website"},"primaryImageOfPage":{"@id":"https:\/\/dev4.devmitsinformatica.com\/en\/shop\/spray-cans-montana\/montana-texture-spray-400ml\/#primaryimage"},"image":{"@id":"https:\/\/dev4.devmitsinformatica.com\/en\/shop\/spray-cans-montana\/montana-texture-spray-400ml\/#primaryimage"},"thumbnailUrl":"https:\/\/dev4.devmitsinformatica.com\/wp-content\/uploads\/2016\/08\/e7a443c925e48a8364d8b1f83c9b7c43.jpg","datePublished":"2016-09-01T20:18:36+00:00","dateModified":"2023-10-16T09:26:22+00:00","description":"materiales bellas artes barcelona? graffiti shop barcelona? barniz de montana? spray para coches? barniz de montana? materiales bellas artes barcelona?","breadcrumb":{"@id":"https:\/\/dev4.devmitsinformatica.com\/en\/shop\/spray-cans-montana\/montana-texture-spray-400ml\/#breadcrumb"},"inLanguage":"en-US","potentialAction":[{"@type":"ReadAction","target":["https:\/\/dev4.devmitsinformatica.com\/en\/shop\/spray-cans-montana\/montana-texture-spray-400ml\/"]}]},{"@type":"ImageObject","inLanguage":"en-US","@id":"https:\/\/dev4.devmitsinformatica.com\/en\/shop\/spray-cans-montana\/montana-texture-spray-400ml\/#primaryimage","url":"https:\/\/dev4.devmitsinformatica.com\/wp-content\/uploads\/2016\/08\/e7a443c925e48a8364d8b1f83c9b7c43.jpg","contentUrl":"https:\/\/dev4.devmitsinformatica.com\/wp-content\/uploads\/2016\/08\/e7a443c925e48a8364d8b1f83c9b7c43.jpg","width":500,"height":500},{"@type":"BreadcrumbList","@id":"https:\/\/dev4.devmitsinformatica.com\/en\/shop\/spray-cans-montana\/montana-texture-spray-400ml\/#breadcrumb","itemListElement":[{"@type":"ListItem","position":1,"name":"Home","item":"https:\/\/dev4.devmitsinformatica.com\/en\/"},{"@type":"ListItem","position":2,"name":"Store","item":"https:\/\/dev4.devmitsinformatica.com\/?page_id=38"},{"@type":"ListItem","position":3,"name":"Montana Texture Spray 400ml"}]},{"@type":"WebSite","@id":"https:\/\/dev4.devmitsinformatica.com\/en\/#website","url":"https:\/\/dev4.devmitsinformatica.com\/en\/","name":"ULTRAWIDE GRAFFITI SHOP","description":"SPRAY GRAFFITI SHOP CAPS Y ROTULADORES","publisher":{"@id":"https:\/\/dev4.devmitsinformatica.com\/en\/#organization"},"potentialAction":[{"@type":"SearchAction","target":{"@type":"EntryPoint","urlTemplate":"https:\/\/dev4.devmitsinformatica.com\/en\/?s={search_term_string}"},"query-input":{"@type":"PropertyValueSpecification","valueRequired":true,"valueName":"search_term_string"}}],"inLanguage":"en-US"},{"@type":"Organization","@id":"https:\/\/dev4.devmitsinformatica.com\/en\/#organization","name":"ANDEN Graffiti Shop Barcelona","url":"https:\/\/dev4.devmitsinformatica.com\/en\/","logo":{"@type":"ImageObject","inLanguage":"en-US","@id":"https:\/\/dev4.devmitsinformatica.com\/en\/#\/schema\/logo\/image\/","url":"https:\/\/dev4.devmitsinformatica.com\/wp-content\/uploads\/2016\/11\/graffiti-gallery-barcelona.png","contentUrl":"https:\/\/dev4.devmitsinformatica.com\/wp-content\/uploads\/2016\/11\/graffiti-gallery-barcelona.png","width":386,"height":150,"caption":"ANDEN Graffiti Shop Barcelona"},"image":{"@id":"https:\/\/dev4.devmitsinformatica.com\/en\/#\/schema\/logo\/image\/"}}]}},"_links":{"self":[{"href":"https:\/\/dev4.devmitsinformatica.com\/en\/wp-json\/wp\/v2\/product\/2364","targetHints":{"allow":["GET"]}}],"collection":[{"href":"https:\/\/dev4.devmitsinformatica.com\/en\/wp-json\/wp\/v2\/product"}],"about":[{"href":"https:\/\/dev4.devmitsinformatica.com\/en\/wp-json\/wp\/v2\/types\/product"}],"replies":[{"embeddable":true,"href":"https:\/\/dev4.devmitsinformatica.com\/en\/wp-json\/wp\/v2\/comments?post=2364"}],"version-history":[{"count":0,"href":"https:\/\/dev4.devmitsinformatica.com\/en\/wp-json\/wp\/v2\/product\/2364\/revisions"}],"wp:featuredmedia":[{"embeddable":true,"href":"https:\/\/dev4.devmitsinformatica.com\/en\/wp-json\/wp\/v2\/media\/1040"}],"wp:attachment":[{"href":"https:\/\/dev4.devmitsinformatica.com\/en\/wp-json\/wp\/v2\/media?parent=2364"}],"wp:term":[{"taxonomy":"product_brand","embeddable":true,"href":"https:\/\/dev4.devmitsinformatica.com\/en\/wp-json\/wp\/v2\/product_brand?post=2364"},{"taxonomy":"product_cat","embeddable":true,"href":"https:\/\/dev4.devmitsinformatica.com\/en\/wp-json\/wp\/v2\/product_cat?post=2364"},{"taxonomy":"product_tag","embeddable":true,"href":"https:\/\/dev4.devmitsinformatica.com\/en\/wp-json\/wp\/v2\/product_tag?post=2364"}],"curies":[{"name":"wp","href":"https:\/\/api.w.org\/{rel}","templated":true}]}}