{"id":2365,"date":"2016-09-01T20:18:36","date_gmt":"2016-09-01T20:18:36","guid":{"rendered":"http:\/\/spraygraffiti.com\/index.php\/product\/montana-whiteout-400ml\/"},"modified":"2024-07-09T10:56:49","modified_gmt":"2024-07-09T10:56:49","slug":"montana-whiteout-400ml","status":"publish","type":"product","link":"https:\/\/dev4.devmitsinformatica.com\/en\/shop\/spray-cans-montana\/montana-whiteout-400ml\/","title":{"rendered":"Montana WHITE OUT 400ml"},"content":{"rendered":"<h1><span style=\"text-decoration: underline;\">Montana White out 400ml<\/span><\/h1>\n<p>Montana WHITE OUT 400ml. <strong><em>\u00a0Montana WHITE OUT<\/em> <\/strong>es un blanco puro altamente brillante con una opacidad convincente y corto tiempo de secado. La base espec\u00edfica de laca nitro-combi asegura una buena adherencia y alta estabilidad en casi todas las superficies, especialmente en la no tratada como tal y altamente absorbente; Mamposter\u00eda, hormig\u00f3n, madera o superficies oxidadas. Gracias a la alta presi\u00f3n y su sistema de v\u00e1lvula proporciona \u00a0una l\u00ednea muy limpia y precisa, incluso a bajas temperaturas en invierno. <strong>Montana<\/strong> WHITE OUT destaca por su alta pureza y blancura y la gruesa capa de pintura. Esto hace de la lata un vers\u00e1til todo terreno, Equipado de f\u00e1brica con Fatcap Black-Orange ofrece una amplia y limpia l\u00ednea. grado de brillo: mate sedoso (despu\u00e9s del secado); Resistentes al calor hasta 80 \u00b0 C 400ml \/ Montana \u2013 WHITE OUT, la pintura de m\u00e1s alta calidad, hecha en Alemania.<\/p>\n<p>Muy apto para aplicaci\u00f3nes sobre plata, cubrici\u00f3n \u00f3ptima sobre cualquier soporte, su pintura es algo mas densa que en el Montana Black, muy blanco y cubriente. Un spray nitro-combi que puede con todo y te permite pintar en cualquier condici\u00f3n meteorol\u00f3gica y sobre cualquier soporte. Junto con el spray Black Out conforman una l\u00ednea de Sprays muy resistentes y de gran cubrici\u00f3n. El Montana White Out, lleg\u00f3 para quedarse y brillar sobre el plata Chrome en tus acciones r\u00e1pidas y pintar sobre soportes oxidados o en malas condiciones sin ning\u00fan obst\u00e1culo.<\/p>\n<p>Conoce el nuevo White Out de Montana Cans y comprueba la pot\u00e9ncia de su f\u00f3rmula.<\/p>\n<p><em>spray nitro<\/em> combi, blanco sobre plata-spray antical\u00f3rico-whiteout<\/p>\n","protected":false},"excerpt":{"rendered":"<p>Montana WHITE OUT 400ml. Si eres un amante del plata, <strong><em>montana white out<\/em><\/strong> es tu spray. Tapa el plata de una sola pasada y su formulaci\u00f3n te asegura una cubrici\u00f3n total sobre cualquier superf\u00edcie sea cual sea su porosidad. Se trata de una pintura de formulaci\u00f3n nitro combi que aporta seguridad de cubrici\u00f3n y rendimiento en trabajos r\u00e1pidos.<\/p>\n<p>La nueva Montana WHITE OUT es un blanco puro altamente Vivo con una opacidad convincente y corto tiempo de secado. La base espec\u00edfica de laca nitro-combi asegura una buena adherencia y alta estabilidad en casi todas las superficies, especialmente en la no tratada como tal y altamente absorbente; Mamposter\u00eda, hormig\u00f3n, madera o superficies oxidadas. Gracias a la alta presi\u00f3n y su sistema de v\u00e1lvula proporciona \u00a0una l\u00ednea muy limpia y precisa, incluso a bajas temperaturas en invierno. Montana WHITE OUT destaca por su alta pureza y blancura y la gruesa capa de pintura. Esto hace de la lata un vers\u00e1til todo terreno, Equipado de f\u00e1brica con Fatcap Black-Orange ofrece una amplia y limpia l\u00ednea. grado de brillo: mate sedoso (despu\u00e9s del secado); Resistentes al calor hasta 80 \u00b0 C 400ml \/ Montana \u2013 <em>WHITE OUT<\/em>, la pintura de m\u00e1s alta calidad, hecha en Alemania.<\/p>\n<p>&nbsp;<\/p>\n","protected":false},"featured_media":1045,"comment_status":"closed","ping_status":"closed","template":"","meta":{"site-sidebar-layout":"default","site-content-layout":"","ast-site-content-layout":"default","site-content-style":"default","site-sidebar-style":"default","ast-global-header-display":"","ast-banner-title-visibility":"","ast-main-header-display":"","ast-hfb-above-header-display":"","ast-hfb-below-header-display":"","ast-hfb-mobile-header-display":"","site-post-title":"","ast-breadcrumbs-content":"","ast-featured-img":"","footer-sml-layout":"","ast-disable-related-posts":"","theme-transparent-header-meta":"","adv-header-id-meta":"","stick-header-meta":"","header-above-stick-meta":"","header-main-stick-meta":"","header-below-stick-meta":"","astra-migrate-meta-layouts":"default","ast-page-background-enabled":"default","ast-page-background-meta":{"desktop":{"background-color":"","background-image":"","background-repeat":"repeat","background-position":"center center","background-size":"auto","background-attachment":"scroll","background-type":"","background-media":"","overlay-type":"","overlay-color":"","overlay-opacity":"","overlay-gradient":""},"tablet":{"background-color":"","background-image":"","background-repeat":"repeat","background-position":"center center","background-size":"auto","background-attachment":"scroll","background-type":"","background-media":"","overlay-type":"","overlay-color":"","overlay-opacity":"","overlay-gradient":""},"mobile":{"background-color":"","background-image":"","background-repeat":"repeat","background-position":"center center","background-size":"auto","background-attachment":"scroll","background-type":"","background-media":"","overlay-type":"","overlay-color":"","overlay-opacity":"","overlay-gradient":""}},"ast-content-background-meta":{"desktop":{"background-color":"var(--ast-global-color-5)","background-image":"","background-repeat":"repeat","background-position":"center center","background-size":"auto","background-attachment":"scroll","background-type":"","background-media":"","overlay-type":"","overlay-color":"","overlay-opacity":"","overlay-gradient":""},"tablet":{"background-color":"var(--ast-global-color-5)","background-image":"","background-repeat":"repeat","background-position":"center center","background-size":"auto","background-attachment":"scroll","background-type":"","background-media":"","overlay-type":"","overlay-color":"","overlay-opacity":"","overlay-gradient":""},"mobile":{"background-color":"var(--ast-global-color-5)","background-image":"","background-repeat":"repeat","background-position":"center center","background-size":"auto","background-attachment":"scroll","background-type":"","background-media":"","overlay-type":"","overlay-color":"","overlay-opacity":"","overlay-gradient":""}}},"product_brand":[],"product_cat":[10,5645,3109,3216],"product_tag":[1627,844,845,2960,1019,642,846,843,3776,3777,3775,3779,3778],"class_list":{"0":"post-2365","1":"product","2":"type-product","3":"status-publish","4":"has-post-thumbnail","6":"product_cat-spray-cans-montana","7":"product_cat-black-50ml-600ml-graffiti-paint","8":"product_cat-montana-cans","9":"product_cat-spray","10":"product_tag-graffiti-shop","11":"product_tag-graffiti-shop-montana","12":"product_tag-graffiti-shop-montana-cans","13":"product_tag-graffiti-shop-online","14":"product_tag-montana","15":"product_tag-montana-cans-barcelona","16":"product_tag-montana-cans-shop","17":"product_tag-montana-graffiti-shop","18":"product_tag-montana-nitro-blanco","19":"product_tag-montana-white-out","20":"product_tag-nitro-blanco","21":"product_tag-sprays-montana","22":"product_tag-white-out-spray","23":"desktop-align-left","24":"tablet-align-left","25":"mobile-align-left","27":"first","28":"instock","29":"purchasable","30":"product-type-simple"},"yoast_head":"<!-- This site is optimized with the Yoast SEO plugin v27.0 - https:\/\/yoast.com\/product\/yoast-seo-wordpress\/ -->\n<title>Montana WHITE OUT 400ml Ultrawide Graffiti Shop Barcelona<\/title>\n<meta name=\"description\" content=\"Tienda de sprays Montana Cans y NBQ en Espa\u00f1a. Montana White Out 400ml y sprays para graffiti y arte urbano. Compra ahora online!\" \/>\n<meta name=\"robots\" content=\"index, follow, max-snippet:-1, max-image-preview:large, max-video-preview:-1\" \/>\n<link rel=\"canonical\" href=\"https:\/\/dev4.devmitsinformatica.com\/en\/shop\/spray-cans-montana\/montana-whiteout-400ml\/\" \/>\n<meta property=\"og:locale\" content=\"en_US\" \/>\n<meta property=\"og:type\" content=\"article\" \/>\n<meta property=\"og:title\" content=\"Montana WHITE OUT 400ml Ultrawide Graffiti Shop Barcelona\" \/>\n<meta property=\"og:description\" content=\"Tienda de sprays Montana Cans y NBQ en Espa\u00f1a. Montana White Out 400ml y sprays para graffiti y arte urbano. Compra ahora online!\" \/>\n<meta property=\"og:url\" content=\"https:\/\/dev4.devmitsinformatica.com\/en\/shop\/spray-cans-montana\/montana-whiteout-400ml\/\" \/>\n<meta property=\"og:site_name\" content=\"ULTRAWIDE GRAFFITI SHOP\" \/>\n<meta property=\"article:modified_time\" content=\"2024-07-09T10:56:49+00:00\" \/>\n<meta property=\"og:image\" content=\"https:\/\/dev4.devmitsinformatica.com\/wp-content\/uploads\/2016\/08\/mo-whiteout_400ml_1.jpg\" \/>\n\t<meta property=\"og:image:width\" content=\"500\" \/>\n\t<meta property=\"og:image:height\" content=\"500\" \/>\n\t<meta property=\"og:image:type\" content=\"image\/jpeg\" \/>\n<meta name=\"twitter:card\" content=\"summary_large_image\" \/>\n<meta name=\"twitter:label1\" content=\"Est. reading time\" \/>\n\t<meta name=\"twitter:data1\" content=\"2 minutes\" \/>\n<script type=\"application\/ld+json\" class=\"yoast-schema-graph\">{\"@context\":\"https:\/\/schema.org\",\"@graph\":[{\"@type\":\"WebPage\",\"@id\":\"https:\/\/dev4.devmitsinformatica.com\/en\/shop\/spray-cans-montana\/montana-whiteout-400ml\/\",\"url\":\"https:\/\/dev4.devmitsinformatica.com\/en\/shop\/spray-cans-montana\/montana-whiteout-400ml\/\",\"name\":\"Montana WHITE OUT 400ml Ultrawide Graffiti Shop Barcelona\",\"isPartOf\":{\"@id\":\"https:\/\/dev4.devmitsinformatica.com\/en\/#website\"},\"primaryImageOfPage\":{\"@id\":\"https:\/\/dev4.devmitsinformatica.com\/en\/shop\/spray-cans-montana\/montana-whiteout-400ml\/#primaryimage\"},\"image\":{\"@id\":\"https:\/\/dev4.devmitsinformatica.com\/en\/shop\/spray-cans-montana\/montana-whiteout-400ml\/#primaryimage\"},\"thumbnailUrl\":\"https:\/\/dev4.devmitsinformatica.com\/wp-content\/uploads\/2016\/08\/mo-whiteout_400ml_1.jpg\",\"datePublished\":\"2016-09-01T20:18:36+00:00\",\"dateModified\":\"2024-07-09T10:56:49+00:00\",\"description\":\"Tienda de sprays Montana Cans y NBQ en Espa\u00f1a. Montana White Out 400ml y sprays para graffiti y arte urbano. Compra ahora online!\",\"breadcrumb\":{\"@id\":\"https:\/\/dev4.devmitsinformatica.com\/en\/shop\/spray-cans-montana\/montana-whiteout-400ml\/#breadcrumb\"},\"inLanguage\":\"en-US\",\"potentialAction\":[{\"@type\":\"ReadAction\",\"target\":[\"https:\/\/dev4.devmitsinformatica.com\/en\/shop\/spray-cans-montana\/montana-whiteout-400ml\/\"]}]},{\"@type\":\"ImageObject\",\"inLanguage\":\"en-US\",\"@id\":\"https:\/\/dev4.devmitsinformatica.com\/en\/shop\/spray-cans-montana\/montana-whiteout-400ml\/#primaryimage\",\"url\":\"https:\/\/dev4.devmitsinformatica.com\/wp-content\/uploads\/2016\/08\/mo-whiteout_400ml_1.jpg\",\"contentUrl\":\"https:\/\/dev4.devmitsinformatica.com\/wp-content\/uploads\/2016\/08\/mo-whiteout_400ml_1.jpg\",\"width\":500,\"height\":500,\"caption\":\"Montana White Out 400ml\"},{\"@type\":\"BreadcrumbList\",\"@id\":\"https:\/\/dev4.devmitsinformatica.com\/en\/shop\/spray-cans-montana\/montana-whiteout-400ml\/#breadcrumb\",\"itemListElement\":[{\"@type\":\"ListItem\",\"position\":1,\"name\":\"Home\",\"item\":\"https:\/\/dev4.devmitsinformatica.com\/en\/\"},{\"@type\":\"ListItem\",\"position\":2,\"name\":\"Store\",\"item\":\"https:\/\/dev4.devmitsinformatica.com\/?page_id=38\"},{\"@type\":\"ListItem\",\"position\":3,\"name\":\"Montana WHITE OUT 400ml\"}]},{\"@type\":\"WebSite\",\"@id\":\"https:\/\/dev4.devmitsinformatica.com\/en\/#website\",\"url\":\"https:\/\/dev4.devmitsinformatica.com\/en\/\",\"name\":\"ULTRAWIDE GRAFFITI SHOP\",\"description\":\"SPRAY GRAFFITI SHOP CAPS Y ROTULADORES\",\"publisher\":{\"@id\":\"https:\/\/dev4.devmitsinformatica.com\/en\/#organization\"},\"potentialAction\":[{\"@type\":\"SearchAction\",\"target\":{\"@type\":\"EntryPoint\",\"urlTemplate\":\"https:\/\/dev4.devmitsinformatica.com\/en\/?s={search_term_string}\"},\"query-input\":{\"@type\":\"PropertyValueSpecification\",\"valueRequired\":true,\"valueName\":\"search_term_string\"}}],\"inLanguage\":\"en-US\"},{\"@type\":\"Organization\",\"@id\":\"https:\/\/dev4.devmitsinformatica.com\/en\/#organization\",\"name\":\"ANDEN Graffiti Shop Barcelona\",\"url\":\"https:\/\/dev4.devmitsinformatica.com\/en\/\",\"logo\":{\"@type\":\"ImageObject\",\"inLanguage\":\"en-US\",\"@id\":\"https:\/\/dev4.devmitsinformatica.com\/en\/#\/schema\/logo\/image\/\",\"url\":\"https:\/\/dev4.devmitsinformatica.com\/wp-content\/uploads\/2016\/11\/graffiti-gallery-barcelona.png\",\"contentUrl\":\"https:\/\/dev4.devmitsinformatica.com\/wp-content\/uploads\/2016\/11\/graffiti-gallery-barcelona.png\",\"width\":386,\"height\":150,\"caption\":\"ANDEN Graffiti Shop Barcelona\"},\"image\":{\"@id\":\"https:\/\/dev4.devmitsinformatica.com\/en\/#\/schema\/logo\/image\/\"}}]}<\/script>\n<!-- \/ Yoast SEO plugin. -->","yoast_head_json":{"title":"Montana WHITE OUT 400ml Ultrawide Graffiti Shop Barcelona","description":"Tienda de sprays Montana Cans y NBQ en Espa\u00f1a. Montana White Out 400ml y sprays para graffiti y arte urbano. Compra ahora online!","robots":{"index":"index","follow":"follow","max-snippet":"max-snippet:-1","max-image-preview":"max-image-preview:large","max-video-preview":"max-video-preview:-1"},"canonical":"https:\/\/dev4.devmitsinformatica.com\/en\/shop\/spray-cans-montana\/montana-whiteout-400ml\/","og_locale":"en_US","og_type":"article","og_title":"Montana WHITE OUT 400ml Ultrawide Graffiti Shop Barcelona","og_description":"Tienda de sprays Montana Cans y NBQ en Espa\u00f1a. Montana White Out 400ml y sprays para graffiti y arte urbano. Compra ahora online!","og_url":"https:\/\/dev4.devmitsinformatica.com\/en\/shop\/spray-cans-montana\/montana-whiteout-400ml\/","og_site_name":"ULTRAWIDE GRAFFITI SHOP","article_modified_time":"2024-07-09T10:56:49+00:00","og_image":[{"width":500,"height":500,"url":"https:\/\/dev4.devmitsinformatica.com\/wp-content\/uploads\/2016\/08\/mo-whiteout_400ml_1.jpg","type":"image\/jpeg"}],"twitter_card":"summary_large_image","twitter_misc":{"Est. reading time":"2 minutes"},"schema":{"@context":"https:\/\/schema.org","@graph":[{"@type":"WebPage","@id":"https:\/\/dev4.devmitsinformatica.com\/en\/shop\/spray-cans-montana\/montana-whiteout-400ml\/","url":"https:\/\/dev4.devmitsinformatica.com\/en\/shop\/spray-cans-montana\/montana-whiteout-400ml\/","name":"Montana WHITE OUT 400ml Ultrawide Graffiti Shop Barcelona","isPartOf":{"@id":"https:\/\/dev4.devmitsinformatica.com\/en\/#website"},"primaryImageOfPage":{"@id":"https:\/\/dev4.devmitsinformatica.com\/en\/shop\/spray-cans-montana\/montana-whiteout-400ml\/#primaryimage"},"image":{"@id":"https:\/\/dev4.devmitsinformatica.com\/en\/shop\/spray-cans-montana\/montana-whiteout-400ml\/#primaryimage"},"thumbnailUrl":"https:\/\/dev4.devmitsinformatica.com\/wp-content\/uploads\/2016\/08\/mo-whiteout_400ml_1.jpg","datePublished":"2016-09-01T20:18:36+00:00","dateModified":"2024-07-09T10:56:49+00:00","description":"Tienda de sprays Montana Cans y NBQ en Espa\u00f1a. Montana White Out 400ml y sprays para graffiti y arte urbano. Compra ahora online!","breadcrumb":{"@id":"https:\/\/dev4.devmitsinformatica.com\/en\/shop\/spray-cans-montana\/montana-whiteout-400ml\/#breadcrumb"},"inLanguage":"en-US","potentialAction":[{"@type":"ReadAction","target":["https:\/\/dev4.devmitsinformatica.com\/en\/shop\/spray-cans-montana\/montana-whiteout-400ml\/"]}]},{"@type":"ImageObject","inLanguage":"en-US","@id":"https:\/\/dev4.devmitsinformatica.com\/en\/shop\/spray-cans-montana\/montana-whiteout-400ml\/#primaryimage","url":"https:\/\/dev4.devmitsinformatica.com\/wp-content\/uploads\/2016\/08\/mo-whiteout_400ml_1.jpg","contentUrl":"https:\/\/dev4.devmitsinformatica.com\/wp-content\/uploads\/2016\/08\/mo-whiteout_400ml_1.jpg","width":500,"height":500,"caption":"Montana White Out 400ml"},{"@type":"BreadcrumbList","@id":"https:\/\/dev4.devmitsinformatica.com\/en\/shop\/spray-cans-montana\/montana-whiteout-400ml\/#breadcrumb","itemListElement":[{"@type":"ListItem","position":1,"name":"Home","item":"https:\/\/dev4.devmitsinformatica.com\/en\/"},{"@type":"ListItem","position":2,"name":"Store","item":"https:\/\/dev4.devmitsinformatica.com\/?page_id=38"},{"@type":"ListItem","position":3,"name":"Montana WHITE OUT 400ml"}]},{"@type":"WebSite","@id":"https:\/\/dev4.devmitsinformatica.com\/en\/#website","url":"https:\/\/dev4.devmitsinformatica.com\/en\/","name":"ULTRAWIDE GRAFFITI SHOP","description":"SPRAY GRAFFITI SHOP CAPS Y ROTULADORES","publisher":{"@id":"https:\/\/dev4.devmitsinformatica.com\/en\/#organization"},"potentialAction":[{"@type":"SearchAction","target":{"@type":"EntryPoint","urlTemplate":"https:\/\/dev4.devmitsinformatica.com\/en\/?s={search_term_string}"},"query-input":{"@type":"PropertyValueSpecification","valueRequired":true,"valueName":"search_term_string"}}],"inLanguage":"en-US"},{"@type":"Organization","@id":"https:\/\/dev4.devmitsinformatica.com\/en\/#organization","name":"ANDEN Graffiti Shop Barcelona","url":"https:\/\/dev4.devmitsinformatica.com\/en\/","logo":{"@type":"ImageObject","inLanguage":"en-US","@id":"https:\/\/dev4.devmitsinformatica.com\/en\/#\/schema\/logo\/image\/","url":"https:\/\/dev4.devmitsinformatica.com\/wp-content\/uploads\/2016\/11\/graffiti-gallery-barcelona.png","contentUrl":"https:\/\/dev4.devmitsinformatica.com\/wp-content\/uploads\/2016\/11\/graffiti-gallery-barcelona.png","width":386,"height":150,"caption":"ANDEN Graffiti Shop Barcelona"},"image":{"@id":"https:\/\/dev4.devmitsinformatica.com\/en\/#\/schema\/logo\/image\/"}}]}},"_links":{"self":[{"href":"https:\/\/dev4.devmitsinformatica.com\/en\/wp-json\/wp\/v2\/product\/2365","targetHints":{"allow":["GET"]}}],"collection":[{"href":"https:\/\/dev4.devmitsinformatica.com\/en\/wp-json\/wp\/v2\/product"}],"about":[{"href":"https:\/\/dev4.devmitsinformatica.com\/en\/wp-json\/wp\/v2\/types\/product"}],"replies":[{"embeddable":true,"href":"https:\/\/dev4.devmitsinformatica.com\/en\/wp-json\/wp\/v2\/comments?post=2365"}],"version-history":[{"count":0,"href":"https:\/\/dev4.devmitsinformatica.com\/en\/wp-json\/wp\/v2\/product\/2365\/revisions"}],"wp:featuredmedia":[{"embeddable":true,"href":"https:\/\/dev4.devmitsinformatica.com\/en\/wp-json\/wp\/v2\/media\/1045"}],"wp:attachment":[{"href":"https:\/\/dev4.devmitsinformatica.com\/en\/wp-json\/wp\/v2\/media?parent=2365"}],"wp:term":[{"taxonomy":"product_brand","embeddable":true,"href":"https:\/\/dev4.devmitsinformatica.com\/en\/wp-json\/wp\/v2\/product_brand?post=2365"},{"taxonomy":"product_cat","embeddable":true,"href":"https:\/\/dev4.devmitsinformatica.com\/en\/wp-json\/wp\/v2\/product_cat?post=2365"},{"taxonomy":"product_tag","embeddable":true,"href":"https:\/\/dev4.devmitsinformatica.com\/en\/wp-json\/wp\/v2\/product_tag?post=2365"}],"curies":[{"name":"wp","href":"https:\/\/api.w.org\/{rel}","templated":true}]}}