{"id":2367,"date":"2016-09-01T20:18:36","date_gmt":"2016-09-01T20:18:36","guid":{"rendered":"http:\/\/spraygraffiti.com\/index.php\/product\/fatcap-gold\/"},"modified":"2024-07-04T07:53:18","modified_gmt":"2024-07-04T07:53:18","slug":"fat-cap-gold","status":"publish","type":"product","link":"https:\/\/dev4.devmitsinformatica.com\/en\/shop\/graffiti-caps-difusores-shop-barcelona\/fat-cap-gold\/","title":{"rendered":"Fat Cap Gold"},"content":{"rendered":"<h1>Fat Cap Gold<\/h1>\n<p>Fat Cap Gold \/ Negro es una boquilla de pulverizaci\u00f3n ancha, dise\u00f1ada espec\u00edficamente para artistas de graffiti que buscan un trazo amplio y uniforme. Esta cap permite un ancho de pulverizaci\u00f3n promedio de 20 cm (7,87 pulgadas), ideal para cubrir grandes superficies de manera r\u00e1pida y eficiente. La anchura de la aspersi\u00f3n puede ajustarse variando la distancia al objeto: para obtener l\u00edneas m\u00e1s delgadas, simplemente acerque la boquilla a la superficie; para l\u00edneas m\u00e1s gruesas, roc\u00ede desde una mayor distancia.<\/p>\n<p>Fabricada con materiales duraderos, garantiza un flujo constante y un acabado profesional en cada uso. Compatible con la mayor\u00eda de los sprays de graffiti del mercado, esta boquilla es un accesorio esencial para cualquier artista urbano que desee maximizar su eficiencia y creatividad.<\/p>\n<p>Conocida tambi\u00e9n bajo el nobre de <em><a href=\"https:\/\/dev4.devmitsinformatica.com\/shop\/graffiti-caps-difusores-shop-barcelona\/fatcap-gold\/\">Astro<\/a> Fat Cap<\/em> es una cap ancha, para un ancho de pulverizaci\u00f3n de <a href=\"http:\/\/barcelonapinturas.com\">pintura<\/a> promedio de 20cm (7,87 &#8220;). La anchura de la aspersi\u00f3n cambia con la distancia usada al objeto. Para l\u00edneas m\u00e1s delgadas, roc\u00ede desde una distancia m\u00e1s cercana. Para l\u00edneas m\u00e1s gruesas, roc\u00ede desde una distancia adicional. 20 cm<\/p>\n<p>Descubre la Fat Cap Gold, una boquilla de pulverizaci\u00f3n ancha de 20 cm, ideal para graffiti y proyectos de arte. Ajusta el ancho de la l\u00ednea seg\u00fan la distancia al objeto. Compra ahora.<\/p>\n","protected":false},"excerpt":{"rendered":"<p>Cconocida tambi\u00e9n bajo el nobre de <em>Astro Fat Cap<\/em> es una cap ancha, para un ancho de pulverizaci\u00f3n promedio de 20cm (7,87 &#8220;). La anchura de la aspersi\u00f3n cambia con la distancia usada al objeto. Para l\u00edneas m\u00e1s delgadas, roc\u00ede desde una distancia m\u00e1s cercana. Para l\u00edneas m\u00e1s gruesas, roc\u00ede desde una distancia adicional. 20 cm.<\/p>\n","protected":false},"featured_media":1053,"comment_status":"closed","ping_status":"closed","template":"","meta":{"site-sidebar-layout":"default","site-content-layout":"","ast-site-content-layout":"default","site-content-style":"default","site-sidebar-style":"default","ast-global-header-display":"","ast-banner-title-visibility":"","ast-main-header-display":"","ast-hfb-above-header-display":"","ast-hfb-below-header-display":"","ast-hfb-mobile-header-display":"","site-post-title":"","ast-breadcrumbs-content":"","ast-featured-img":"","footer-sml-layout":"","ast-disable-related-posts":"","theme-transparent-header-meta":"","adv-header-id-meta":"","stick-header-meta":"","header-above-stick-meta":"","header-main-stick-meta":"","header-below-stick-meta":"","astra-migrate-meta-layouts":"default","ast-page-background-enabled":"default","ast-page-background-meta":{"desktop":{"background-color":"","background-image":"","background-repeat":"repeat","background-position":"center center","background-size":"auto","background-attachment":"scroll","background-type":"","background-media":"","overlay-type":"","overlay-color":"","overlay-opacity":"","overlay-gradient":""},"tablet":{"background-color":"","background-image":"","background-repeat":"repeat","background-position":"center center","background-size":"auto","background-attachment":"scroll","background-type":"","background-media":"","overlay-type":"","overlay-color":"","overlay-opacity":"","overlay-gradient":""},"mobile":{"background-color":"","background-image":"","background-repeat":"repeat","background-position":"center center","background-size":"auto","background-attachment":"scroll","background-type":"","background-media":"","overlay-type":"","overlay-color":"","overlay-opacity":"","overlay-gradient":""}},"ast-content-background-meta":{"desktop":{"background-color":"var(--ast-global-color-5)","background-image":"","background-repeat":"repeat","background-position":"center center","background-size":"auto","background-attachment":"scroll","background-type":"","background-media":"","overlay-type":"","overlay-color":"","overlay-opacity":"","overlay-gradient":""},"tablet":{"background-color":"var(--ast-global-color-5)","background-image":"","background-repeat":"repeat","background-position":"center center","background-size":"auto","background-attachment":"scroll","background-type":"","background-media":"","overlay-type":"","overlay-color":"","overlay-opacity":"","overlay-gradient":""},"mobile":{"background-color":"var(--ast-global-color-5)","background-image":"","background-repeat":"repeat","background-position":"center center","background-size":"auto","background-attachment":"scroll","background-type":"","background-media":"","overlay-type":"","overlay-color":"","overlay-opacity":"","overlay-gradient":""}}},"product_brand":[],"product_cat":[11],"product_tag":[6683,6682,6620,3470,899,6679,6681,893,3469,3468,892,900,894,895,898,6680,896,1019,897],"class_list":{"0":"post-2367","1":"product","2":"type-product","3":"status-publish","4":"has-post-thumbnail","6":"product_cat-graffiti-caps-difusores-shop-barcelona","7":"product_tag-accesorios-de-graffiti","8":"product_tag-ancho-de-pulverizacion-20-cm","9":"product_tag-arte-urbano","10":"product_tag-astro-cap-oro","11":"product_tag-barcelona-fatcap-gold","12":"product_tag-boquilla-de-pulverizacion-ancha","13":"product_tag-boquilla-para-spray","14":"product_tag-comprar-fatcap-gold","15":"product_tag-fat-cap-gold","16":"product_tag-fat-gold","17":"product_tag-fatcap-gold","18":"product_tag-fatcap-gold-barcelona","19":"product_tag-fatcap-gold-comprar","20":"product_tag-fatcap-gold-graffiti","21":"product_tag-fatcap-gold-spray","22":"product_tag-graffiti-cap","23":"product_tag-graffiti-fatcap-gold","24":"product_tag-montana","25":"product_tag-spray-fatcap-gold","26":"desktop-align-left","27":"tablet-align-left","28":"mobile-align-left","30":"first","31":"instock","32":"purchasable","33":"product-type-simple"},"yoast_head":"<!-- This site is optimized with the Yoast SEO plugin v27.0 - https:\/\/yoast.com\/product\/yoast-seo-wordpress\/ -->\n<title>Fat Cap Gold - Boquilla de Pulverizaci\u00f3n Ancha para Graffiti<\/title>\n<meta name=\"description\" content=\"Descubre la Fat Cap Gold, una boquilla de pulverizaci\u00f3n ancha de 20 cm, ideal para graffiti y proyectos de arte. Compra aqui!\" \/>\n<meta name=\"robots\" content=\"index, follow, max-snippet:-1, max-image-preview:large, max-video-preview:-1\" \/>\n<link rel=\"canonical\" href=\"https:\/\/dev4.devmitsinformatica.com\/en\/shop\/graffiti-caps-difusores-shop-barcelona\/fat-cap-gold\/\" \/>\n<meta property=\"og:locale\" content=\"en_US\" \/>\n<meta property=\"og:type\" content=\"article\" \/>\n<meta property=\"og:title\" content=\"Fat Cap Gold - Boquilla de Pulverizaci\u00f3n Ancha para Graffiti\" \/>\n<meta property=\"og:description\" content=\"Descubre la Fat Cap Gold, una boquilla de pulverizaci\u00f3n ancha de 20 cm, ideal para graffiti y proyectos de arte. Compra aqui!\" \/>\n<meta property=\"og:url\" content=\"https:\/\/dev4.devmitsinformatica.com\/en\/shop\/graffiti-caps-difusores-shop-barcelona\/fat-cap-gold\/\" \/>\n<meta property=\"og:site_name\" content=\"ULTRAWIDE GRAFFITI SHOP\" \/>\n<meta property=\"article:modified_time\" content=\"2024-07-04T07:53:18+00:00\" \/>\n<meta property=\"og:image\" content=\"https:\/\/dev4.devmitsinformatica.com\/wp-content\/uploads\/2016\/08\/gold_fatcap.jpg\" \/>\n\t<meta property=\"og:image:width\" content=\"500\" \/>\n\t<meta property=\"og:image:height\" content=\"500\" \/>\n\t<meta property=\"og:image:type\" content=\"image\/jpeg\" \/>\n<meta name=\"twitter:card\" content=\"summary_large_image\" \/>\n<meta name=\"twitter:label1\" content=\"Est. reading time\" \/>\n\t<meta name=\"twitter:data1\" content=\"1 minute\" \/>\n<script type=\"application\/ld+json\" class=\"yoast-schema-graph\">{\"@context\":\"https:\/\/schema.org\",\"@graph\":[{\"@type\":\"WebPage\",\"@id\":\"https:\/\/dev4.devmitsinformatica.com\/en\/shop\/graffiti-caps-difusores-shop-barcelona\/fat-cap-gold\/\",\"url\":\"https:\/\/dev4.devmitsinformatica.com\/en\/shop\/graffiti-caps-difusores-shop-barcelona\/fat-cap-gold\/\",\"name\":\"Fat Cap Gold - Boquilla de Pulverizaci\u00f3n Ancha para Graffiti\",\"isPartOf\":{\"@id\":\"https:\/\/dev4.devmitsinformatica.com\/en\/#website\"},\"primaryImageOfPage\":{\"@id\":\"https:\/\/dev4.devmitsinformatica.com\/en\/shop\/graffiti-caps-difusores-shop-barcelona\/fat-cap-gold\/#primaryimage\"},\"image\":{\"@id\":\"https:\/\/dev4.devmitsinformatica.com\/en\/shop\/graffiti-caps-difusores-shop-barcelona\/fat-cap-gold\/#primaryimage\"},\"thumbnailUrl\":\"https:\/\/dev4.devmitsinformatica.com\/wp-content\/uploads\/2016\/08\/gold_fatcap.jpg\",\"datePublished\":\"2016-09-01T20:18:36+00:00\",\"dateModified\":\"2024-07-04T07:53:18+00:00\",\"description\":\"Descubre la Fat Cap Gold, una boquilla de pulverizaci\u00f3n ancha de 20 cm, ideal para graffiti y proyectos de arte. Compra aqui!\",\"breadcrumb\":{\"@id\":\"https:\/\/dev4.devmitsinformatica.com\/en\/shop\/graffiti-caps-difusores-shop-barcelona\/fat-cap-gold\/#breadcrumb\"},\"inLanguage\":\"en-US\",\"potentialAction\":[{\"@type\":\"ReadAction\",\"target\":[\"https:\/\/dev4.devmitsinformatica.com\/en\/shop\/graffiti-caps-difusores-shop-barcelona\/fat-cap-gold\/\"]}]},{\"@type\":\"ImageObject\",\"inLanguage\":\"en-US\",\"@id\":\"https:\/\/dev4.devmitsinformatica.com\/en\/shop\/graffiti-caps-difusores-shop-barcelona\/fat-cap-gold\/#primaryimage\",\"url\":\"https:\/\/dev4.devmitsinformatica.com\/wp-content\/uploads\/2016\/08\/gold_fatcap.jpg\",\"contentUrl\":\"https:\/\/dev4.devmitsinformatica.com\/wp-content\/uploads\/2016\/08\/gold_fatcap.jpg\",\"width\":500,\"height\":500,\"caption\":\"Fat Cap Gold Boquilla\"},{\"@type\":\"BreadcrumbList\",\"@id\":\"https:\/\/dev4.devmitsinformatica.com\/en\/shop\/graffiti-caps-difusores-shop-barcelona\/fat-cap-gold\/#breadcrumb\",\"itemListElement\":[{\"@type\":\"ListItem\",\"position\":1,\"name\":\"Home\",\"item\":\"https:\/\/dev4.devmitsinformatica.com\/en\/\"},{\"@type\":\"ListItem\",\"position\":2,\"name\":\"Store\",\"item\":\"https:\/\/dev4.devmitsinformatica.com\/?page_id=38\"},{\"@type\":\"ListItem\",\"position\":3,\"name\":\"Fat Cap Gold\"}]},{\"@type\":\"WebSite\",\"@id\":\"https:\/\/dev4.devmitsinformatica.com\/en\/#website\",\"url\":\"https:\/\/dev4.devmitsinformatica.com\/en\/\",\"name\":\"ULTRAWIDE GRAFFITI SHOP\",\"description\":\"SPRAY GRAFFITI SHOP CAPS Y ROTULADORES\",\"publisher\":{\"@id\":\"https:\/\/dev4.devmitsinformatica.com\/en\/#organization\"},\"potentialAction\":[{\"@type\":\"SearchAction\",\"target\":{\"@type\":\"EntryPoint\",\"urlTemplate\":\"https:\/\/dev4.devmitsinformatica.com\/en\/?s={search_term_string}\"},\"query-input\":{\"@type\":\"PropertyValueSpecification\",\"valueRequired\":true,\"valueName\":\"search_term_string\"}}],\"inLanguage\":\"en-US\"},{\"@type\":\"Organization\",\"@id\":\"https:\/\/dev4.devmitsinformatica.com\/en\/#organization\",\"name\":\"ANDEN Graffiti Shop Barcelona\",\"url\":\"https:\/\/dev4.devmitsinformatica.com\/en\/\",\"logo\":{\"@type\":\"ImageObject\",\"inLanguage\":\"en-US\",\"@id\":\"https:\/\/dev4.devmitsinformatica.com\/en\/#\/schema\/logo\/image\/\",\"url\":\"https:\/\/dev4.devmitsinformatica.com\/wp-content\/uploads\/2016\/11\/graffiti-gallery-barcelona.png\",\"contentUrl\":\"https:\/\/dev4.devmitsinformatica.com\/wp-content\/uploads\/2016\/11\/graffiti-gallery-barcelona.png\",\"width\":386,\"height\":150,\"caption\":\"ANDEN Graffiti Shop Barcelona\"},\"image\":{\"@id\":\"https:\/\/dev4.devmitsinformatica.com\/en\/#\/schema\/logo\/image\/\"}}]}<\/script>\n<!-- \/ Yoast SEO plugin. -->","yoast_head_json":{"title":"Fat Cap Gold - Boquilla de Pulverizaci\u00f3n Ancha para Graffiti","description":"Descubre la Fat Cap Gold, una boquilla de pulverizaci\u00f3n ancha de 20 cm, ideal para graffiti y proyectos de arte. Compra aqui!","robots":{"index":"index","follow":"follow","max-snippet":"max-snippet:-1","max-image-preview":"max-image-preview:large","max-video-preview":"max-video-preview:-1"},"canonical":"https:\/\/dev4.devmitsinformatica.com\/en\/shop\/graffiti-caps-difusores-shop-barcelona\/fat-cap-gold\/","og_locale":"en_US","og_type":"article","og_title":"Fat Cap Gold - Boquilla de Pulverizaci\u00f3n Ancha para Graffiti","og_description":"Descubre la Fat Cap Gold, una boquilla de pulverizaci\u00f3n ancha de 20 cm, ideal para graffiti y proyectos de arte. Compra aqui!","og_url":"https:\/\/dev4.devmitsinformatica.com\/en\/shop\/graffiti-caps-difusores-shop-barcelona\/fat-cap-gold\/","og_site_name":"ULTRAWIDE GRAFFITI SHOP","article_modified_time":"2024-07-04T07:53:18+00:00","og_image":[{"width":500,"height":500,"url":"https:\/\/dev4.devmitsinformatica.com\/wp-content\/uploads\/2016\/08\/gold_fatcap.jpg","type":"image\/jpeg"}],"twitter_card":"summary_large_image","twitter_misc":{"Est. reading time":"1 minute"},"schema":{"@context":"https:\/\/schema.org","@graph":[{"@type":"WebPage","@id":"https:\/\/dev4.devmitsinformatica.com\/en\/shop\/graffiti-caps-difusores-shop-barcelona\/fat-cap-gold\/","url":"https:\/\/dev4.devmitsinformatica.com\/en\/shop\/graffiti-caps-difusores-shop-barcelona\/fat-cap-gold\/","name":"Fat Cap Gold - Boquilla de Pulverizaci\u00f3n Ancha para Graffiti","isPartOf":{"@id":"https:\/\/dev4.devmitsinformatica.com\/en\/#website"},"primaryImageOfPage":{"@id":"https:\/\/dev4.devmitsinformatica.com\/en\/shop\/graffiti-caps-difusores-shop-barcelona\/fat-cap-gold\/#primaryimage"},"image":{"@id":"https:\/\/dev4.devmitsinformatica.com\/en\/shop\/graffiti-caps-difusores-shop-barcelona\/fat-cap-gold\/#primaryimage"},"thumbnailUrl":"https:\/\/dev4.devmitsinformatica.com\/wp-content\/uploads\/2016\/08\/gold_fatcap.jpg","datePublished":"2016-09-01T20:18:36+00:00","dateModified":"2024-07-04T07:53:18+00:00","description":"Descubre la Fat Cap Gold, una boquilla de pulverizaci\u00f3n ancha de 20 cm, ideal para graffiti y proyectos de arte. Compra aqui!","breadcrumb":{"@id":"https:\/\/dev4.devmitsinformatica.com\/en\/shop\/graffiti-caps-difusores-shop-barcelona\/fat-cap-gold\/#breadcrumb"},"inLanguage":"en-US","potentialAction":[{"@type":"ReadAction","target":["https:\/\/dev4.devmitsinformatica.com\/en\/shop\/graffiti-caps-difusores-shop-barcelona\/fat-cap-gold\/"]}]},{"@type":"ImageObject","inLanguage":"en-US","@id":"https:\/\/dev4.devmitsinformatica.com\/en\/shop\/graffiti-caps-difusores-shop-barcelona\/fat-cap-gold\/#primaryimage","url":"https:\/\/dev4.devmitsinformatica.com\/wp-content\/uploads\/2016\/08\/gold_fatcap.jpg","contentUrl":"https:\/\/dev4.devmitsinformatica.com\/wp-content\/uploads\/2016\/08\/gold_fatcap.jpg","width":500,"height":500,"caption":"Fat Cap Gold Boquilla"},{"@type":"BreadcrumbList","@id":"https:\/\/dev4.devmitsinformatica.com\/en\/shop\/graffiti-caps-difusores-shop-barcelona\/fat-cap-gold\/#breadcrumb","itemListElement":[{"@type":"ListItem","position":1,"name":"Home","item":"https:\/\/dev4.devmitsinformatica.com\/en\/"},{"@type":"ListItem","position":2,"name":"Store","item":"https:\/\/dev4.devmitsinformatica.com\/?page_id=38"},{"@type":"ListItem","position":3,"name":"Fat Cap Gold"}]},{"@type":"WebSite","@id":"https:\/\/dev4.devmitsinformatica.com\/en\/#website","url":"https:\/\/dev4.devmitsinformatica.com\/en\/","name":"ULTRAWIDE GRAFFITI SHOP","description":"SPRAY GRAFFITI SHOP CAPS Y ROTULADORES","publisher":{"@id":"https:\/\/dev4.devmitsinformatica.com\/en\/#organization"},"potentialAction":[{"@type":"SearchAction","target":{"@type":"EntryPoint","urlTemplate":"https:\/\/dev4.devmitsinformatica.com\/en\/?s={search_term_string}"},"query-input":{"@type":"PropertyValueSpecification","valueRequired":true,"valueName":"search_term_string"}}],"inLanguage":"en-US"},{"@type":"Organization","@id":"https:\/\/dev4.devmitsinformatica.com\/en\/#organization","name":"ANDEN Graffiti Shop Barcelona","url":"https:\/\/dev4.devmitsinformatica.com\/en\/","logo":{"@type":"ImageObject","inLanguage":"en-US","@id":"https:\/\/dev4.devmitsinformatica.com\/en\/#\/schema\/logo\/image\/","url":"https:\/\/dev4.devmitsinformatica.com\/wp-content\/uploads\/2016\/11\/graffiti-gallery-barcelona.png","contentUrl":"https:\/\/dev4.devmitsinformatica.com\/wp-content\/uploads\/2016\/11\/graffiti-gallery-barcelona.png","width":386,"height":150,"caption":"ANDEN Graffiti Shop Barcelona"},"image":{"@id":"https:\/\/dev4.devmitsinformatica.com\/en\/#\/schema\/logo\/image\/"}}]}},"_links":{"self":[{"href":"https:\/\/dev4.devmitsinformatica.com\/en\/wp-json\/wp\/v2\/product\/2367","targetHints":{"allow":["GET"]}}],"collection":[{"href":"https:\/\/dev4.devmitsinformatica.com\/en\/wp-json\/wp\/v2\/product"}],"about":[{"href":"https:\/\/dev4.devmitsinformatica.com\/en\/wp-json\/wp\/v2\/types\/product"}],"replies":[{"embeddable":true,"href":"https:\/\/dev4.devmitsinformatica.com\/en\/wp-json\/wp\/v2\/comments?post=2367"}],"version-history":[{"count":0,"href":"https:\/\/dev4.devmitsinformatica.com\/en\/wp-json\/wp\/v2\/product\/2367\/revisions"}],"wp:featuredmedia":[{"embeddable":true,"href":"https:\/\/dev4.devmitsinformatica.com\/en\/wp-json\/wp\/v2\/media\/1053"}],"wp:attachment":[{"href":"https:\/\/dev4.devmitsinformatica.com\/en\/wp-json\/wp\/v2\/media?parent=2367"}],"wp:term":[{"taxonomy":"product_brand","embeddable":true,"href":"https:\/\/dev4.devmitsinformatica.com\/en\/wp-json\/wp\/v2\/product_brand?post=2367"},{"taxonomy":"product_cat","embeddable":true,"href":"https:\/\/dev4.devmitsinformatica.com\/en\/wp-json\/wp\/v2\/product_cat?post=2367"},{"taxonomy":"product_tag","embeddable":true,"href":"https:\/\/dev4.devmitsinformatica.com\/en\/wp-json\/wp\/v2\/product_tag?post=2367"}],"curies":[{"name":"wp","href":"https:\/\/api.w.org\/{rel}","templated":true}]}}