{"id":2389,"date":"2016-09-01T20:18:48","date_gmt":"2016-09-01T20:18:48","guid":{"rendered":"http:\/\/spraygraffiti.com\/index.php\/product\/ultra-liner-cap\/"},"modified":"2024-08-26T16:54:46","modified_gmt":"2024-08-26T16:54:46","slug":"ultra-liner-cap-graffiti-tienda","status":"publish","type":"product","link":"https:\/\/dev4.devmitsinformatica.com\/en\/shop\/graffiti-caps-difusores-shop-barcelona\/ultra-liner-cap-graffiti-tienda\/","title":{"rendered":"Graffiti Spray Cap Ultra Liner"},"content":{"rendered":"<h1><span style=\"text-decoration: underline;\">Ultra Wide Liner Cap.<\/span><\/h1>\n<p>Graffiti Spray Cap Ultra Liner. La nueva cap Montana Ultra ofrece una nueva aplicaci\u00f3n para su Montana Ultra Wide. Capaz de llegar a los lugares dif\u00edciles de alcanzar, cuando se carga en un Montana Ultra Wide puede alcanzar una altura de hasta 3-4m. La cap de Ultra Liner tiene un acabado redondo, como salida, que var\u00eda de 5 a 10 cm de ancho, dependiendo de la distancia desde la superficie a la que se aplica.<\/p>\n<p>El Difusor Ultra Wide Liner, es una cap hembra, puesto que est\u00e1 dise\u00f1ado especialmente para el Spray Ultra Wide de 750ml. Esta v\u00e1lvula para spray lanza la pintura a chorro como si de un extintor se tratase. El tama\u00f1o del trazo depende de la distancia de pulverizado. Indicada especialmente para este spray de alta presi\u00f3n con el que realizar acciones e intervenciones de altura. Si buscas caps para ultrawide, o ultraboost. Ultrawide tiene disusores-caps para aersosol de todos los tama\u00f1os y medidas para que utilices diferentes medidas, trazos o pulverizados en funci\u00f3n de la acci\u00f3n a realizar. Pide ahora tu Graffiti Spray Cap Ultra Liner\u00a0 en tu tienda online y descubre el trazo fino que te ofrece el Montana ultrawide.<\/p>\n<p>Skinny ultra liner-krink cap-needle ultra wide-skinny dripstick<\/p>\n","protected":false},"excerpt":{"rendered":"<p>La nueva cap Montana Ultra ofrece una nueva aplicaci\u00f3n para su Montana Ultra Wide. Capaz de llegar a los lugares dif\u00edciles de alcanzar, cuando se carga en un Montana Ultra Wide puede alcanzar una altura de hasta 3-4m.<\/p>\n","protected":false},"featured_media":1097,"comment_status":"closed","ping_status":"closed","template":"","meta":{"site-sidebar-layout":"default","site-content-layout":"","ast-site-content-layout":"default","site-content-style":"default","site-sidebar-style":"default","ast-global-header-display":"","ast-banner-title-visibility":"","ast-main-header-display":"","ast-hfb-above-header-display":"","ast-hfb-below-header-display":"","ast-hfb-mobile-header-display":"","site-post-title":"","ast-breadcrumbs-content":"","ast-featured-img":"","footer-sml-layout":"","ast-disable-related-posts":"","theme-transparent-header-meta":"","adv-header-id-meta":"","stick-header-meta":"","header-above-stick-meta":"","header-main-stick-meta":"","header-below-stick-meta":"","astra-migrate-meta-layouts":"default","ast-page-background-enabled":"default","ast-page-background-meta":{"desktop":{"background-color":"","background-image":"","background-repeat":"repeat","background-position":"center center","background-size":"auto","background-attachment":"scroll","background-type":"","background-media":"","overlay-type":"","overlay-color":"","overlay-opacity":"","overlay-gradient":""},"tablet":{"background-color":"","background-image":"","background-repeat":"repeat","background-position":"center center","background-size":"auto","background-attachment":"scroll","background-type":"","background-media":"","overlay-type":"","overlay-color":"","overlay-opacity":"","overlay-gradient":""},"mobile":{"background-color":"","background-image":"","background-repeat":"repeat","background-position":"center center","background-size":"auto","background-attachment":"scroll","background-type":"","background-media":"","overlay-type":"","overlay-color":"","overlay-opacity":"","overlay-gradient":""}},"ast-content-background-meta":{"desktop":{"background-color":"var(--ast-global-color-5)","background-image":"","background-repeat":"repeat","background-position":"center center","background-size":"auto","background-attachment":"scroll","background-type":"","background-media":"","overlay-type":"","overlay-color":"","overlay-opacity":"","overlay-gradient":""},"tablet":{"background-color":"var(--ast-global-color-5)","background-image":"","background-repeat":"repeat","background-position":"center center","background-size":"auto","background-attachment":"scroll","background-type":"","background-media":"","overlay-type":"","overlay-color":"","overlay-opacity":"","overlay-gradient":""},"mobile":{"background-color":"var(--ast-global-color-5)","background-image":"","background-repeat":"repeat","background-position":"center center","background-size":"auto","background-attachment":"scroll","background-type":"","background-media":"","overlay-type":"","overlay-color":"","overlay-opacity":"","overlay-gradient":""}}},"product_brand":[],"product_cat":[11],"product_tag":[3179,3177,750,3181,3176,749,1019,754,748,751,752,753,3178,3180],"class_list":{"0":"post-2389","1":"product","2":"type-product","3":"status-publish","4":"has-post-thumbnail","6":"product_cat-graffiti-caps-difusores-shop-barcelona","7":"product_tag-boquilla-ultra-wide","8":"product_tag-boquilla-ultraliner","9":"product_tag-comprar-ultra-liner-cap","10":"product_tag-difusor-montana","11":"product_tag-difusor-ultra-liner","12":"product_tag-graffiti-ultra-liner-cap","13":"product_tag-montana","14":"product_tag-montana-ultra-liner-cap","15":"product_tag-ultra-liner-cap","16":"product_tag-ultra-liner-cap-comprar","17":"product_tag-ultra-liner-cap-graffiti","18":"product_tag-ultra-liner-cap-montana","19":"product_tag-ultraliner-cap","20":"product_tag-valvula-ultrtawide","21":"desktop-align-left","22":"tablet-align-left","23":"mobile-align-left","25":"first","26":"outofstock","27":"purchasable","28":"product-type-simple"},"yoast_head":"<!-- This site is optimized with the Yoast SEO plugin v27.0 - https:\/\/yoast.com\/product\/yoast-seo-wordpress\/ -->\n<title>Graffiti Spray Cap Ultra Liner Ultrawide Graffiti Shop Barcelona<\/title>\n<meta name=\"description\" content=\"Graffiti Spray Cap Ultra Liner en Barcelona:Graffiti Spray Cap Ultra Liner? Graffiti Spray Cap Ultra Liner y mas. Arte y Graffiti Shop Barcelona.\" \/>\n<meta name=\"robots\" content=\"index, follow, max-snippet:-1, max-image-preview:large, max-video-preview:-1\" \/>\n<link rel=\"canonical\" href=\"https:\/\/dev4.devmitsinformatica.com\/en\/shop\/graffiti-caps-difusores-shop-barcelona\/ultra-liner-cap-graffiti-tienda\/\" \/>\n<meta property=\"og:locale\" content=\"en_US\" \/>\n<meta property=\"og:type\" content=\"article\" \/>\n<meta property=\"og:title\" content=\"Graffiti Spray Cap Ultra Liner Ultrawide Graffiti Shop Barcelona\" \/>\n<meta property=\"og:description\" content=\"Graffiti Spray Cap Ultra Liner en Barcelona:Graffiti Spray Cap Ultra Liner? Graffiti Spray Cap Ultra Liner y mas. Arte y Graffiti Shop Barcelona.\" \/>\n<meta property=\"og:url\" content=\"https:\/\/dev4.devmitsinformatica.com\/en\/shop\/graffiti-caps-difusores-shop-barcelona\/ultra-liner-cap-graffiti-tienda\/\" \/>\n<meta property=\"og:site_name\" content=\"ULTRAWIDE GRAFFITI SHOP\" \/>\n<meta property=\"article:modified_time\" content=\"2024-08-26T16:54:46+00:00\" \/>\n<meta property=\"og:image\" content=\"https:\/\/dev4.devmitsinformatica.com\/wp-content\/uploads\/2016\/08\/Montana_ULTRA_LINER_Cap_front_2.jpg\" \/>\n\t<meta property=\"og:image:width\" content=\"500\" \/>\n\t<meta property=\"og:image:height\" content=\"500\" \/>\n\t<meta property=\"og:image:type\" content=\"image\/jpeg\" \/>\n<meta name=\"twitter:card\" content=\"summary_large_image\" \/>\n<meta name=\"twitter:label1\" content=\"Est. reading time\" \/>\n\t<meta name=\"twitter:data1\" content=\"1 minute\" \/>\n<script type=\"application\/ld+json\" class=\"yoast-schema-graph\">{\"@context\":\"https:\/\/schema.org\",\"@graph\":[{\"@type\":\"WebPage\",\"@id\":\"https:\/\/dev4.devmitsinformatica.com\/en\/shop\/graffiti-caps-difusores-shop-barcelona\/ultra-liner-cap-graffiti-tienda\/\",\"url\":\"https:\/\/dev4.devmitsinformatica.com\/en\/shop\/graffiti-caps-difusores-shop-barcelona\/ultra-liner-cap-graffiti-tienda\/\",\"name\":\"Graffiti Spray Cap Ultra Liner Ultrawide Graffiti Shop Barcelona\",\"isPartOf\":{\"@id\":\"https:\/\/dev4.devmitsinformatica.com\/en\/#website\"},\"primaryImageOfPage\":{\"@id\":\"https:\/\/dev4.devmitsinformatica.com\/en\/shop\/graffiti-caps-difusores-shop-barcelona\/ultra-liner-cap-graffiti-tienda\/#primaryimage\"},\"image\":{\"@id\":\"https:\/\/dev4.devmitsinformatica.com\/en\/shop\/graffiti-caps-difusores-shop-barcelona\/ultra-liner-cap-graffiti-tienda\/#primaryimage\"},\"thumbnailUrl\":\"https:\/\/dev4.devmitsinformatica.com\/wp-content\/uploads\/2016\/08\/Montana_ULTRA_LINER_Cap_front_2.jpg\",\"datePublished\":\"2016-09-01T20:18:48+00:00\",\"dateModified\":\"2024-08-26T16:54:46+00:00\",\"description\":\"Graffiti Spray Cap Ultra Liner en Barcelona:Graffiti Spray Cap Ultra Liner? Graffiti Spray Cap Ultra Liner y mas. Arte y Graffiti Shop Barcelona.\",\"breadcrumb\":{\"@id\":\"https:\/\/dev4.devmitsinformatica.com\/en\/shop\/graffiti-caps-difusores-shop-barcelona\/ultra-liner-cap-graffiti-tienda\/#breadcrumb\"},\"inLanguage\":\"en-US\",\"potentialAction\":[{\"@type\":\"ReadAction\",\"target\":[\"https:\/\/dev4.devmitsinformatica.com\/en\/shop\/graffiti-caps-difusores-shop-barcelona\/ultra-liner-cap-graffiti-tienda\/\"]}]},{\"@type\":\"ImageObject\",\"inLanguage\":\"en-US\",\"@id\":\"https:\/\/dev4.devmitsinformatica.com\/en\/shop\/graffiti-caps-difusores-shop-barcelona\/ultra-liner-cap-graffiti-tienda\/#primaryimage\",\"url\":\"https:\/\/dev4.devmitsinformatica.com\/wp-content\/uploads\/2016\/08\/Montana_ULTRA_LINER_Cap_front_2.jpg\",\"contentUrl\":\"https:\/\/dev4.devmitsinformatica.com\/wp-content\/uploads\/2016\/08\/Montana_ULTRA_LINER_Cap_front_2.jpg\",\"width\":500,\"height\":500},{\"@type\":\"BreadcrumbList\",\"@id\":\"https:\/\/dev4.devmitsinformatica.com\/en\/shop\/graffiti-caps-difusores-shop-barcelona\/ultra-liner-cap-graffiti-tienda\/#breadcrumb\",\"itemListElement\":[{\"@type\":\"ListItem\",\"position\":1,\"name\":\"Home\",\"item\":\"https:\/\/dev4.devmitsinformatica.com\/en\/\"},{\"@type\":\"ListItem\",\"position\":2,\"name\":\"Store\",\"item\":\"https:\/\/dev4.devmitsinformatica.com\/?page_id=38\"},{\"@type\":\"ListItem\",\"position\":3,\"name\":\"Graffiti Spray Cap Ultra Liner\"}]},{\"@type\":\"WebSite\",\"@id\":\"https:\/\/dev4.devmitsinformatica.com\/en\/#website\",\"url\":\"https:\/\/dev4.devmitsinformatica.com\/en\/\",\"name\":\"ULTRAWIDE GRAFFITI SHOP\",\"description\":\"SPRAY GRAFFITI SHOP CAPS Y ROTULADORES\",\"publisher\":{\"@id\":\"https:\/\/dev4.devmitsinformatica.com\/en\/#organization\"},\"potentialAction\":[{\"@type\":\"SearchAction\",\"target\":{\"@type\":\"EntryPoint\",\"urlTemplate\":\"https:\/\/dev4.devmitsinformatica.com\/en\/?s={search_term_string}\"},\"query-input\":{\"@type\":\"PropertyValueSpecification\",\"valueRequired\":true,\"valueName\":\"search_term_string\"}}],\"inLanguage\":\"en-US\"},{\"@type\":\"Organization\",\"@id\":\"https:\/\/dev4.devmitsinformatica.com\/en\/#organization\",\"name\":\"ANDEN Graffiti Shop Barcelona\",\"url\":\"https:\/\/dev4.devmitsinformatica.com\/en\/\",\"logo\":{\"@type\":\"ImageObject\",\"inLanguage\":\"en-US\",\"@id\":\"https:\/\/dev4.devmitsinformatica.com\/en\/#\/schema\/logo\/image\/\",\"url\":\"https:\/\/dev4.devmitsinformatica.com\/wp-content\/uploads\/2016\/11\/graffiti-gallery-barcelona.png\",\"contentUrl\":\"https:\/\/dev4.devmitsinformatica.com\/wp-content\/uploads\/2016\/11\/graffiti-gallery-barcelona.png\",\"width\":386,\"height\":150,\"caption\":\"ANDEN Graffiti Shop Barcelona\"},\"image\":{\"@id\":\"https:\/\/dev4.devmitsinformatica.com\/en\/#\/schema\/logo\/image\/\"}}]}<\/script>\n<!-- \/ Yoast SEO plugin. -->","yoast_head_json":{"title":"Graffiti Spray Cap Ultra Liner Ultrawide Graffiti Shop Barcelona","description":"Graffiti Spray Cap Ultra Liner en Barcelona:Graffiti Spray Cap Ultra Liner? Graffiti Spray Cap Ultra Liner y mas. Arte y Graffiti Shop Barcelona.","robots":{"index":"index","follow":"follow","max-snippet":"max-snippet:-1","max-image-preview":"max-image-preview:large","max-video-preview":"max-video-preview:-1"},"canonical":"https:\/\/dev4.devmitsinformatica.com\/en\/shop\/graffiti-caps-difusores-shop-barcelona\/ultra-liner-cap-graffiti-tienda\/","og_locale":"en_US","og_type":"article","og_title":"Graffiti Spray Cap Ultra Liner Ultrawide Graffiti Shop Barcelona","og_description":"Graffiti Spray Cap Ultra Liner en Barcelona:Graffiti Spray Cap Ultra Liner? Graffiti Spray Cap Ultra Liner y mas. Arte y Graffiti Shop Barcelona.","og_url":"https:\/\/dev4.devmitsinformatica.com\/en\/shop\/graffiti-caps-difusores-shop-barcelona\/ultra-liner-cap-graffiti-tienda\/","og_site_name":"ULTRAWIDE GRAFFITI SHOP","article_modified_time":"2024-08-26T16:54:46+00:00","og_image":[{"width":500,"height":500,"url":"https:\/\/dev4.devmitsinformatica.com\/wp-content\/uploads\/2016\/08\/Montana_ULTRA_LINER_Cap_front_2.jpg","type":"image\/jpeg"}],"twitter_card":"summary_large_image","twitter_misc":{"Est. reading time":"1 minute"},"schema":{"@context":"https:\/\/schema.org","@graph":[{"@type":"WebPage","@id":"https:\/\/dev4.devmitsinformatica.com\/en\/shop\/graffiti-caps-difusores-shop-barcelona\/ultra-liner-cap-graffiti-tienda\/","url":"https:\/\/dev4.devmitsinformatica.com\/en\/shop\/graffiti-caps-difusores-shop-barcelona\/ultra-liner-cap-graffiti-tienda\/","name":"Graffiti Spray Cap Ultra Liner Ultrawide Graffiti Shop Barcelona","isPartOf":{"@id":"https:\/\/dev4.devmitsinformatica.com\/en\/#website"},"primaryImageOfPage":{"@id":"https:\/\/dev4.devmitsinformatica.com\/en\/shop\/graffiti-caps-difusores-shop-barcelona\/ultra-liner-cap-graffiti-tienda\/#primaryimage"},"image":{"@id":"https:\/\/dev4.devmitsinformatica.com\/en\/shop\/graffiti-caps-difusores-shop-barcelona\/ultra-liner-cap-graffiti-tienda\/#primaryimage"},"thumbnailUrl":"https:\/\/dev4.devmitsinformatica.com\/wp-content\/uploads\/2016\/08\/Montana_ULTRA_LINER_Cap_front_2.jpg","datePublished":"2016-09-01T20:18:48+00:00","dateModified":"2024-08-26T16:54:46+00:00","description":"Graffiti Spray Cap Ultra Liner en Barcelona:Graffiti Spray Cap Ultra Liner? Graffiti Spray Cap Ultra Liner y mas. Arte y Graffiti Shop Barcelona.","breadcrumb":{"@id":"https:\/\/dev4.devmitsinformatica.com\/en\/shop\/graffiti-caps-difusores-shop-barcelona\/ultra-liner-cap-graffiti-tienda\/#breadcrumb"},"inLanguage":"en-US","potentialAction":[{"@type":"ReadAction","target":["https:\/\/dev4.devmitsinformatica.com\/en\/shop\/graffiti-caps-difusores-shop-barcelona\/ultra-liner-cap-graffiti-tienda\/"]}]},{"@type":"ImageObject","inLanguage":"en-US","@id":"https:\/\/dev4.devmitsinformatica.com\/en\/shop\/graffiti-caps-difusores-shop-barcelona\/ultra-liner-cap-graffiti-tienda\/#primaryimage","url":"https:\/\/dev4.devmitsinformatica.com\/wp-content\/uploads\/2016\/08\/Montana_ULTRA_LINER_Cap_front_2.jpg","contentUrl":"https:\/\/dev4.devmitsinformatica.com\/wp-content\/uploads\/2016\/08\/Montana_ULTRA_LINER_Cap_front_2.jpg","width":500,"height":500},{"@type":"BreadcrumbList","@id":"https:\/\/dev4.devmitsinformatica.com\/en\/shop\/graffiti-caps-difusores-shop-barcelona\/ultra-liner-cap-graffiti-tienda\/#breadcrumb","itemListElement":[{"@type":"ListItem","position":1,"name":"Home","item":"https:\/\/dev4.devmitsinformatica.com\/en\/"},{"@type":"ListItem","position":2,"name":"Store","item":"https:\/\/dev4.devmitsinformatica.com\/?page_id=38"},{"@type":"ListItem","position":3,"name":"Graffiti Spray Cap Ultra Liner"}]},{"@type":"WebSite","@id":"https:\/\/dev4.devmitsinformatica.com\/en\/#website","url":"https:\/\/dev4.devmitsinformatica.com\/en\/","name":"ULTRAWIDE GRAFFITI SHOP","description":"SPRAY GRAFFITI SHOP CAPS Y ROTULADORES","publisher":{"@id":"https:\/\/dev4.devmitsinformatica.com\/en\/#organization"},"potentialAction":[{"@type":"SearchAction","target":{"@type":"EntryPoint","urlTemplate":"https:\/\/dev4.devmitsinformatica.com\/en\/?s={search_term_string}"},"query-input":{"@type":"PropertyValueSpecification","valueRequired":true,"valueName":"search_term_string"}}],"inLanguage":"en-US"},{"@type":"Organization","@id":"https:\/\/dev4.devmitsinformatica.com\/en\/#organization","name":"ANDEN Graffiti Shop Barcelona","url":"https:\/\/dev4.devmitsinformatica.com\/en\/","logo":{"@type":"ImageObject","inLanguage":"en-US","@id":"https:\/\/dev4.devmitsinformatica.com\/en\/#\/schema\/logo\/image\/","url":"https:\/\/dev4.devmitsinformatica.com\/wp-content\/uploads\/2016\/11\/graffiti-gallery-barcelona.png","contentUrl":"https:\/\/dev4.devmitsinformatica.com\/wp-content\/uploads\/2016\/11\/graffiti-gallery-barcelona.png","width":386,"height":150,"caption":"ANDEN Graffiti Shop Barcelona"},"image":{"@id":"https:\/\/dev4.devmitsinformatica.com\/en\/#\/schema\/logo\/image\/"}}]}},"_links":{"self":[{"href":"https:\/\/dev4.devmitsinformatica.com\/en\/wp-json\/wp\/v2\/product\/2389","targetHints":{"allow":["GET"]}}],"collection":[{"href":"https:\/\/dev4.devmitsinformatica.com\/en\/wp-json\/wp\/v2\/product"}],"about":[{"href":"https:\/\/dev4.devmitsinformatica.com\/en\/wp-json\/wp\/v2\/types\/product"}],"replies":[{"embeddable":true,"href":"https:\/\/dev4.devmitsinformatica.com\/en\/wp-json\/wp\/v2\/comments?post=2389"}],"version-history":[{"count":0,"href":"https:\/\/dev4.devmitsinformatica.com\/en\/wp-json\/wp\/v2\/product\/2389\/revisions"}],"wp:featuredmedia":[{"embeddable":true,"href":"https:\/\/dev4.devmitsinformatica.com\/en\/wp-json\/wp\/v2\/media\/1097"}],"wp:attachment":[{"href":"https:\/\/dev4.devmitsinformatica.com\/en\/wp-json\/wp\/v2\/media?parent=2389"}],"wp:term":[{"taxonomy":"product_brand","embeddable":true,"href":"https:\/\/dev4.devmitsinformatica.com\/en\/wp-json\/wp\/v2\/product_brand?post=2389"},{"taxonomy":"product_cat","embeddable":true,"href":"https:\/\/dev4.devmitsinformatica.com\/en\/wp-json\/wp\/v2\/product_cat?post=2389"},{"taxonomy":"product_tag","embeddable":true,"href":"https:\/\/dev4.devmitsinformatica.com\/en\/wp-json\/wp\/v2\/product_tag?post=2389"}],"curies":[{"name":"wp","href":"https:\/\/api.w.org\/{rel}","templated":true}]}}