{"id":2399,"date":"2016-09-01T20:18:58","date_gmt":"2016-09-01T20:18:58","guid":{"rendered":"http:\/\/spraygraffiti.com\/index.php\/product\/montana-utilitybag-small\/"},"modified":"2024-07-16T08:52:38","modified_gmt":"2024-07-16T08:52:38","slug":"montana-utilitybag-small","status":"publish","type":"product","link":"https:\/\/dev4.devmitsinformatica.com\/en\/shop\/graffiti-bolsas-shop-barcelona\/montana-utilitybag-small\/","title":{"rendered":"Montana Utility bag small"},"content":{"rendered":"<p>Montana Utilitybag small. <strong>Montana Utility bag small<\/strong>.\u00a0La <strong>Montana Utility Bag<\/strong> es el utensilio perfecto para todas las cosas m\u00e1s peque\u00f1as que van de un lado a otro y se pierden. La bolsa est\u00e1 hecha de nylon y malla y ofrece espacio para todo, desde caps hasta marcadores. Tiene dos c\u00e1maras y se presenta con una cremallera dise\u00f1ada con logo de aerosol. Tambi\u00e9n agregamos nuestro logotipo de Montana Cans familiar y un gancho de mosquet\u00f3n para mantenerlo seguro. Las medidas son\u00a0 20 x 16 cm para la bolsa peque\u00f1a.\u00a0 Una bolsa ideal para lapices, rotuladores, difusores, mini blackbooks&#8230; La Montana Utilitybag small es una bolsa perfecta para transportar tus accesorios o herramientas de manera f\u00e1cil y c\u00f3moda. Tus bolsa Montana para evitar la perdida de difusores y mantenerlos siempre a tu alcance. La bolas aideal para tus l\u00e1pices, fineliners, Blackliners y herramientas para el dibujo.<\/p>\n<p>No lo pienses mas recibe tu Montana Utility bag small desde nuestra tienda online o visitanos en nuestra tienda f\u00edsica y descubre todos los productos que te ofrece la marca Montana Cans, Alta Calidad hecha en Alemania.<\/p>\n<p>Ultrawide Barcelona es distribuidor oficial Montana Cans Espa\u00f1a y otras marcas relacionadas para las bellas artes en Espa\u00f1a para profesionales y particulares. Buscas un distribuidor de bellas artes, distribuidor de productos de alta calidad?<\/p>\n<p>Ultrawide es tu distribuidor de bellas artes y productos de graffiti del grupo European Aerosols en Barcelona y Espa\u00f1a.<\/p>\n<p>Compra ahora tu bolsa utility de tama\u00f1o reducido para transportar todo tipo de art\u00edculos. El monedero que todo escritor debe tener.<\/p>\n<p>Pide online y reci\u00edbelo en casa.<\/p>\n","protected":false},"excerpt":{"rendered":"<p>Montana Utilitybag small.\u00a0La Montana Utility Bag es el utensilio perfecto para todas las cosas m\u00e1s peque\u00f1as que van de un lado a otro y se pierden. La bolsa est\u00e1 hecha de nylon y malla y ofrece espacio para todo, desde difusores hasta marcadores. Tiene dos c\u00e1maras y se presenta con una cremallera dise\u00f1ada con logo de aerosol. Tambi\u00e9n agregamos nuestro logotipo de Montana Cans familiar y un gancho de mosquet\u00f3n para mantenerlo seguro.<\/p>\n","protected":false},"featured_media":10836,"comment_status":"closed","ping_status":"closed","template":"","meta":{"site-sidebar-layout":"default","site-content-layout":"","ast-site-content-layout":"default","site-content-style":"default","site-sidebar-style":"default","ast-global-header-display":"","ast-banner-title-visibility":"","ast-main-header-display":"","ast-hfb-above-header-display":"","ast-hfb-below-header-display":"","ast-hfb-mobile-header-display":"","site-post-title":"","ast-breadcrumbs-content":"","ast-featured-img":"","footer-sml-layout":"","ast-disable-related-posts":"","theme-transparent-header-meta":"","adv-header-id-meta":"","stick-header-meta":"","header-above-stick-meta":"","header-main-stick-meta":"","header-below-stick-meta":"","astra-migrate-meta-layouts":"default","ast-page-background-enabled":"default","ast-page-background-meta":{"desktop":{"background-color":"","background-image":"","background-repeat":"repeat","background-position":"center center","background-size":"auto","background-attachment":"scroll","background-type":"","background-media":"","overlay-type":"","overlay-color":"","overlay-opacity":"","overlay-gradient":""},"tablet":{"background-color":"","background-image":"","background-repeat":"repeat","background-position":"center center","background-size":"auto","background-attachment":"scroll","background-type":"","background-media":"","overlay-type":"","overlay-color":"","overlay-opacity":"","overlay-gradient":""},"mobile":{"background-color":"","background-image":"","background-repeat":"repeat","background-position":"center center","background-size":"auto","background-attachment":"scroll","background-type":"","background-media":"","overlay-type":"","overlay-color":"","overlay-opacity":"","overlay-gradient":""}},"ast-content-background-meta":{"desktop":{"background-color":"var(--ast-global-color-5)","background-image":"","background-repeat":"repeat","background-position":"center center","background-size":"auto","background-attachment":"scroll","background-type":"","background-media":"","overlay-type":"","overlay-color":"","overlay-opacity":"","overlay-gradient":""},"tablet":{"background-color":"var(--ast-global-color-5)","background-image":"","background-repeat":"repeat","background-position":"center center","background-size":"auto","background-attachment":"scroll","background-type":"","background-media":"","overlay-type":"","overlay-color":"","overlay-opacity":"","overlay-gradient":""},"mobile":{"background-color":"var(--ast-global-color-5)","background-image":"","background-repeat":"repeat","background-position":"center center","background-size":"auto","background-attachment":"scroll","background-type":"","background-media":"","overlay-type":"","overlay-color":"","overlay-opacity":"","overlay-gradient":""}}},"product_brand":[],"product_cat":[12],"product_tag":[3103,3762,3184,1334,1336,1332,3748,3749,1328,1327,1333,1335,1331,1019,1330,1329,1326,1325],"class_list":{"0":"post-2399","1":"product","2":"type-product","3":"status-publish","4":"has-post-thumbnail","6":"product_cat-graffiti-bolsas-shop-barcelona","7":"product_tag-bolsa-montana","8":"product_tag-bolsa-para-accesorios","9":"product_tag-bolsa-para-difusores","10":"product_tag-design-graffiti","11":"product_tag-design-street-art","12":"product_tag-design-urban-art","13":"product_tag-estuche-de-tela","14":"product_tag-estuche-montana","15":"product_tag-graffiti-design","16":"product_tag-graffiti-moda","17":"product_tag-moda-graffiti","18":"product_tag-moda-street-art","19":"product_tag-moda-urban-art","20":"product_tag-montana","21":"product_tag-street-art-design","22":"product_tag-street-art-moda","23":"product_tag-urban-art-design","24":"product_tag-urban-art-moda","25":"desktop-align-left","26":"tablet-align-left","27":"mobile-align-left","29":"first","30":"instock","31":"purchasable","32":"product-type-simple"},"yoast_head":"<!-- This site is optimized with the Yoast SEO plugin v27.0 - https:\/\/yoast.com\/product\/yoast-seo-wordpress\/ -->\n<title>Montana Utility bag small Ultrawide Graffiti Shop Barcelona<\/title>\n<meta name=\"description\" content=\"Montana Utility Bag Small, el estuche perfecto para llevar tus peque\u00f1as posesiones, difusores o art\u00edculos de peque\u00f1a envergadura.\" \/>\n<meta name=\"robots\" content=\"index, follow, max-snippet:-1, max-image-preview:large, max-video-preview:-1\" \/>\n<link rel=\"canonical\" href=\"https:\/\/dev4.devmitsinformatica.com\/en\/shop\/graffiti-bolsas-shop-barcelona\/montana-utilitybag-small\/\" \/>\n<meta property=\"og:locale\" content=\"en_US\" \/>\n<meta property=\"og:type\" content=\"article\" \/>\n<meta property=\"og:title\" content=\"Montana Utility bag small Ultrawide Graffiti Shop Barcelona\" \/>\n<meta property=\"og:description\" content=\"Montana Utility Bag Small, el estuche perfecto para llevar tus peque\u00f1as posesiones, difusores o art\u00edculos de peque\u00f1a envergadura.\" \/>\n<meta property=\"og:url\" content=\"https:\/\/dev4.devmitsinformatica.com\/en\/shop\/graffiti-bolsas-shop-barcelona\/montana-utilitybag-small\/\" \/>\n<meta property=\"og:site_name\" content=\"ULTRAWIDE GRAFFITI SHOP\" \/>\n<meta property=\"article:modified_time\" content=\"2024-07-16T08:52:38+00:00\" \/>\n<meta property=\"og:image\" content=\"https:\/\/dev4.devmitsinformatica.com\/wp-content\/uploads\/2016\/09\/Montana-Utility-Bag-Small.jpg\" \/>\n\t<meta property=\"og:image:width\" content=\"1228\" \/>\n\t<meta property=\"og:image:height\" content=\"1643\" \/>\n\t<meta property=\"og:image:type\" content=\"image\/jpeg\" \/>\n<meta name=\"twitter:card\" content=\"summary_large_image\" \/>\n<meta name=\"twitter:label1\" content=\"Est. reading time\" \/>\n\t<meta name=\"twitter:data1\" content=\"2 minutes\" \/>\n<script type=\"application\/ld+json\" class=\"yoast-schema-graph\">{\"@context\":\"https:\/\/schema.org\",\"@graph\":[{\"@type\":\"WebPage\",\"@id\":\"https:\/\/dev4.devmitsinformatica.com\/en\/shop\/graffiti-bolsas-shop-barcelona\/montana-utilitybag-small\/\",\"url\":\"https:\/\/dev4.devmitsinformatica.com\/en\/shop\/graffiti-bolsas-shop-barcelona\/montana-utilitybag-small\/\",\"name\":\"Montana Utility bag small Ultrawide Graffiti Shop Barcelona\",\"isPartOf\":{\"@id\":\"https:\/\/dev4.devmitsinformatica.com\/en\/#website\"},\"primaryImageOfPage\":{\"@id\":\"https:\/\/dev4.devmitsinformatica.com\/en\/shop\/graffiti-bolsas-shop-barcelona\/montana-utilitybag-small\/#primaryimage\"},\"image\":{\"@id\":\"https:\/\/dev4.devmitsinformatica.com\/en\/shop\/graffiti-bolsas-shop-barcelona\/montana-utilitybag-small\/#primaryimage\"},\"thumbnailUrl\":\"https:\/\/dev4.devmitsinformatica.com\/wp-content\/uploads\/2016\/09\/Montana-Utility-Bag-Small.jpg\",\"datePublished\":\"2016-09-01T20:18:58+00:00\",\"dateModified\":\"2024-07-16T08:52:38+00:00\",\"description\":\"Montana Utility Bag Small, el estuche perfecto para llevar tus peque\u00f1as posesiones, difusores o art\u00edculos de peque\u00f1a envergadura.\",\"breadcrumb\":{\"@id\":\"https:\/\/dev4.devmitsinformatica.com\/en\/shop\/graffiti-bolsas-shop-barcelona\/montana-utilitybag-small\/#breadcrumb\"},\"inLanguage\":\"en-US\",\"potentialAction\":[{\"@type\":\"ReadAction\",\"target\":[\"https:\/\/dev4.devmitsinformatica.com\/en\/shop\/graffiti-bolsas-shop-barcelona\/montana-utilitybag-small\/\"]}]},{\"@type\":\"ImageObject\",\"inLanguage\":\"en-US\",\"@id\":\"https:\/\/dev4.devmitsinformatica.com\/en\/shop\/graffiti-bolsas-shop-barcelona\/montana-utilitybag-small\/#primaryimage\",\"url\":\"https:\/\/dev4.devmitsinformatica.com\/wp-content\/uploads\/2016\/09\/Montana-Utility-Bag-Small.jpg\",\"contentUrl\":\"https:\/\/dev4.devmitsinformatica.com\/wp-content\/uploads\/2016\/09\/Montana-Utility-Bag-Small.jpg\",\"width\":1228,\"height\":1643,\"caption\":\"Montana Utility Bag Small\"},{\"@type\":\"BreadcrumbList\",\"@id\":\"https:\/\/dev4.devmitsinformatica.com\/en\/shop\/graffiti-bolsas-shop-barcelona\/montana-utilitybag-small\/#breadcrumb\",\"itemListElement\":[{\"@type\":\"ListItem\",\"position\":1,\"name\":\"Home\",\"item\":\"https:\/\/dev4.devmitsinformatica.com\/en\/\"},{\"@type\":\"ListItem\",\"position\":2,\"name\":\"Store\",\"item\":\"https:\/\/dev4.devmitsinformatica.com\/?page_id=38\"},{\"@type\":\"ListItem\",\"position\":3,\"name\":\"Montana Utility bag small\"}]},{\"@type\":\"WebSite\",\"@id\":\"https:\/\/dev4.devmitsinformatica.com\/en\/#website\",\"url\":\"https:\/\/dev4.devmitsinformatica.com\/en\/\",\"name\":\"ULTRAWIDE GRAFFITI SHOP\",\"description\":\"SPRAY GRAFFITI SHOP CAPS Y ROTULADORES\",\"publisher\":{\"@id\":\"https:\/\/dev4.devmitsinformatica.com\/en\/#organization\"},\"potentialAction\":[{\"@type\":\"SearchAction\",\"target\":{\"@type\":\"EntryPoint\",\"urlTemplate\":\"https:\/\/dev4.devmitsinformatica.com\/en\/?s={search_term_string}\"},\"query-input\":{\"@type\":\"PropertyValueSpecification\",\"valueRequired\":true,\"valueName\":\"search_term_string\"}}],\"inLanguage\":\"en-US\"},{\"@type\":\"Organization\",\"@id\":\"https:\/\/dev4.devmitsinformatica.com\/en\/#organization\",\"name\":\"ANDEN Graffiti Shop Barcelona\",\"url\":\"https:\/\/dev4.devmitsinformatica.com\/en\/\",\"logo\":{\"@type\":\"ImageObject\",\"inLanguage\":\"en-US\",\"@id\":\"https:\/\/dev4.devmitsinformatica.com\/en\/#\/schema\/logo\/image\/\",\"url\":\"https:\/\/dev4.devmitsinformatica.com\/wp-content\/uploads\/2016\/11\/graffiti-gallery-barcelona.png\",\"contentUrl\":\"https:\/\/dev4.devmitsinformatica.com\/wp-content\/uploads\/2016\/11\/graffiti-gallery-barcelona.png\",\"width\":386,\"height\":150,\"caption\":\"ANDEN Graffiti Shop Barcelona\"},\"image\":{\"@id\":\"https:\/\/dev4.devmitsinformatica.com\/en\/#\/schema\/logo\/image\/\"}}]}<\/script>\n<!-- \/ Yoast SEO plugin. -->","yoast_head_json":{"title":"Montana Utility bag small Ultrawide Graffiti Shop Barcelona","description":"Montana Utility Bag Small, el estuche perfecto para llevar tus peque\u00f1as posesiones, difusores o art\u00edculos de peque\u00f1a envergadura.","robots":{"index":"index","follow":"follow","max-snippet":"max-snippet:-1","max-image-preview":"max-image-preview:large","max-video-preview":"max-video-preview:-1"},"canonical":"https:\/\/dev4.devmitsinformatica.com\/en\/shop\/graffiti-bolsas-shop-barcelona\/montana-utilitybag-small\/","og_locale":"en_US","og_type":"article","og_title":"Montana Utility bag small Ultrawide Graffiti Shop Barcelona","og_description":"Montana Utility Bag Small, el estuche perfecto para llevar tus peque\u00f1as posesiones, difusores o art\u00edculos de peque\u00f1a envergadura.","og_url":"https:\/\/dev4.devmitsinformatica.com\/en\/shop\/graffiti-bolsas-shop-barcelona\/montana-utilitybag-small\/","og_site_name":"ULTRAWIDE GRAFFITI SHOP","article_modified_time":"2024-07-16T08:52:38+00:00","og_image":[{"width":1228,"height":1643,"url":"https:\/\/dev4.devmitsinformatica.com\/wp-content\/uploads\/2016\/09\/Montana-Utility-Bag-Small.jpg","type":"image\/jpeg"}],"twitter_card":"summary_large_image","twitter_misc":{"Est. reading time":"2 minutes"},"schema":{"@context":"https:\/\/schema.org","@graph":[{"@type":"WebPage","@id":"https:\/\/dev4.devmitsinformatica.com\/en\/shop\/graffiti-bolsas-shop-barcelona\/montana-utilitybag-small\/","url":"https:\/\/dev4.devmitsinformatica.com\/en\/shop\/graffiti-bolsas-shop-barcelona\/montana-utilitybag-small\/","name":"Montana Utility bag small Ultrawide Graffiti Shop Barcelona","isPartOf":{"@id":"https:\/\/dev4.devmitsinformatica.com\/en\/#website"},"primaryImageOfPage":{"@id":"https:\/\/dev4.devmitsinformatica.com\/en\/shop\/graffiti-bolsas-shop-barcelona\/montana-utilitybag-small\/#primaryimage"},"image":{"@id":"https:\/\/dev4.devmitsinformatica.com\/en\/shop\/graffiti-bolsas-shop-barcelona\/montana-utilitybag-small\/#primaryimage"},"thumbnailUrl":"https:\/\/dev4.devmitsinformatica.com\/wp-content\/uploads\/2016\/09\/Montana-Utility-Bag-Small.jpg","datePublished":"2016-09-01T20:18:58+00:00","dateModified":"2024-07-16T08:52:38+00:00","description":"Montana Utility Bag Small, el estuche perfecto para llevar tus peque\u00f1as posesiones, difusores o art\u00edculos de peque\u00f1a envergadura.","breadcrumb":{"@id":"https:\/\/dev4.devmitsinformatica.com\/en\/shop\/graffiti-bolsas-shop-barcelona\/montana-utilitybag-small\/#breadcrumb"},"inLanguage":"en-US","potentialAction":[{"@type":"ReadAction","target":["https:\/\/dev4.devmitsinformatica.com\/en\/shop\/graffiti-bolsas-shop-barcelona\/montana-utilitybag-small\/"]}]},{"@type":"ImageObject","inLanguage":"en-US","@id":"https:\/\/dev4.devmitsinformatica.com\/en\/shop\/graffiti-bolsas-shop-barcelona\/montana-utilitybag-small\/#primaryimage","url":"https:\/\/dev4.devmitsinformatica.com\/wp-content\/uploads\/2016\/09\/Montana-Utility-Bag-Small.jpg","contentUrl":"https:\/\/dev4.devmitsinformatica.com\/wp-content\/uploads\/2016\/09\/Montana-Utility-Bag-Small.jpg","width":1228,"height":1643,"caption":"Montana Utility Bag Small"},{"@type":"BreadcrumbList","@id":"https:\/\/dev4.devmitsinformatica.com\/en\/shop\/graffiti-bolsas-shop-barcelona\/montana-utilitybag-small\/#breadcrumb","itemListElement":[{"@type":"ListItem","position":1,"name":"Home","item":"https:\/\/dev4.devmitsinformatica.com\/en\/"},{"@type":"ListItem","position":2,"name":"Store","item":"https:\/\/dev4.devmitsinformatica.com\/?page_id=38"},{"@type":"ListItem","position":3,"name":"Montana Utility bag small"}]},{"@type":"WebSite","@id":"https:\/\/dev4.devmitsinformatica.com\/en\/#website","url":"https:\/\/dev4.devmitsinformatica.com\/en\/","name":"ULTRAWIDE GRAFFITI SHOP","description":"SPRAY GRAFFITI SHOP CAPS Y ROTULADORES","publisher":{"@id":"https:\/\/dev4.devmitsinformatica.com\/en\/#organization"},"potentialAction":[{"@type":"SearchAction","target":{"@type":"EntryPoint","urlTemplate":"https:\/\/dev4.devmitsinformatica.com\/en\/?s={search_term_string}"},"query-input":{"@type":"PropertyValueSpecification","valueRequired":true,"valueName":"search_term_string"}}],"inLanguage":"en-US"},{"@type":"Organization","@id":"https:\/\/dev4.devmitsinformatica.com\/en\/#organization","name":"ANDEN Graffiti Shop Barcelona","url":"https:\/\/dev4.devmitsinformatica.com\/en\/","logo":{"@type":"ImageObject","inLanguage":"en-US","@id":"https:\/\/dev4.devmitsinformatica.com\/en\/#\/schema\/logo\/image\/","url":"https:\/\/dev4.devmitsinformatica.com\/wp-content\/uploads\/2016\/11\/graffiti-gallery-barcelona.png","contentUrl":"https:\/\/dev4.devmitsinformatica.com\/wp-content\/uploads\/2016\/11\/graffiti-gallery-barcelona.png","width":386,"height":150,"caption":"ANDEN Graffiti Shop Barcelona"},"image":{"@id":"https:\/\/dev4.devmitsinformatica.com\/en\/#\/schema\/logo\/image\/"}}]}},"_links":{"self":[{"href":"https:\/\/dev4.devmitsinformatica.com\/en\/wp-json\/wp\/v2\/product\/2399","targetHints":{"allow":["GET"]}}],"collection":[{"href":"https:\/\/dev4.devmitsinformatica.com\/en\/wp-json\/wp\/v2\/product"}],"about":[{"href":"https:\/\/dev4.devmitsinformatica.com\/en\/wp-json\/wp\/v2\/types\/product"}],"replies":[{"embeddable":true,"href":"https:\/\/dev4.devmitsinformatica.com\/en\/wp-json\/wp\/v2\/comments?post=2399"}],"version-history":[{"count":0,"href":"https:\/\/dev4.devmitsinformatica.com\/en\/wp-json\/wp\/v2\/product\/2399\/revisions"}],"wp:featuredmedia":[{"embeddable":true,"href":"https:\/\/dev4.devmitsinformatica.com\/en\/wp-json\/wp\/v2\/media\/10836"}],"wp:attachment":[{"href":"https:\/\/dev4.devmitsinformatica.com\/en\/wp-json\/wp\/v2\/media?parent=2399"}],"wp:term":[{"taxonomy":"product_brand","embeddable":true,"href":"https:\/\/dev4.devmitsinformatica.com\/en\/wp-json\/wp\/v2\/product_brand?post=2399"},{"taxonomy":"product_cat","embeddable":true,"href":"https:\/\/dev4.devmitsinformatica.com\/en\/wp-json\/wp\/v2\/product_cat?post=2399"},{"taxonomy":"product_tag","embeddable":true,"href":"https:\/\/dev4.devmitsinformatica.com\/en\/wp-json\/wp\/v2\/product_tag?post=2399"}],"curies":[{"name":"wp","href":"https:\/\/api.w.org\/{rel}","templated":true}]}}