{"id":2405,"date":"2016-09-01T20:18:58","date_gmt":"2016-09-01T20:18:58","guid":{"rendered":"http:\/\/spraygraffiti.com\/index.php\/product\/montana-studio-rack-estante-24er\/"},"modified":"2024-07-16T07:35:22","modified_gmt":"2024-07-16T07:35:22","slug":"montana-studio-rack-estante-24er","status":"publish","type":"product","link":"https:\/\/dev4.devmitsinformatica.com\/en\/shop\/graffiti-accesorios-shop-barcelona\/montana-studio-rack-estante-24er\/","title":{"rendered":"Montana Studio Rack estante 24er"},"content":{"rendered":"<p>Montana Studio Rack estante 24er. Peque\u00f1o y practico estante fabricado en alambre de acero para almacenar aerosoles con una capacidad de 24 latas. Se suministra vac\u00edo.<\/p>\n<p>Los<strong> expositores profesionales para spray<\/strong> de Montana Cans est\u00e1n especialmente dise\u00f1ados para un perfecto almacenaje de los aerosoles, permitiendo visualizar todas las referencias de color de forma muy sencilla. Perfecto para colocar en la pared y escoger los colores de tu pr\u00f3xima intervenci\u00f3n. El\u00a0Montana Studio<strong><em> Rack estante<\/em><\/strong>24er, expositor de sprays de 24 unidades es el segundo de los racks para aerosoles mas peque\u00f1os de la marca que te permitir\u00e1 disponer de manera ordenada de los colores que necesites.<\/p>\n<p>Pide ahora tu rack estante para sprays y ahorra espacio en tu taller, habitaci\u00f3n o negocio pudiendo almacenar hasta 24 unidades de aerosol perfectamente visibles para su elecci\u00f3n.<\/p>\n<p>Buscas expositores para sprays? Ultrawide tiene <strong>expositores para sprays<\/strong> y mas. Pidenos tu estante expositor para sprays e informate de los diferentes productos de los que disponemos.<\/p>\n<p>Este producto no se encuentra en nuestro stock habitualmente por lo que si usted esta interesado contacte con nosotros. Tambi\u00e9n disponemos de expositores industriales para almacenar sus productos Montana de capacidad hasta 119 aerosoles.<\/p>\n<p>estanteria para spray-rack spray cans-estante spray de graffiti<\/p>\n","protected":false},"excerpt":{"rendered":"<p>Peque\u00f1o y practico estante fabricado en alambre de acero para almacenar aerosoles con una capacidad de 24 latas. Se suministra vac\u00edo. Perfecto para el almacenaje de peque\u00f1as cantidades de aerosoles en el taller o el almac\u00e9n.<\/p>\n<p>V\u00e1lido para aerosoles de 400ml.<\/p>\n<p>IMPORTANTE: Este producto se entrega \u00fanicamente bajo pedido y los tiempos de entrega pueden variar. Si desea<strong> comprar<\/strong> el<strong> Montana<\/strong> Studio Rack 24 Cans llamenos e informese.<\/p>\n<p>Gracias.<\/p>\n","protected":false},"featured_media":1167,"comment_status":"closed","ping_status":"closed","template":"","meta":{"site-sidebar-layout":"default","site-content-layout":"","ast-site-content-layout":"default","site-content-style":"default","site-sidebar-style":"default","ast-global-header-display":"","ast-banner-title-visibility":"","ast-main-header-display":"","ast-hfb-above-header-display":"","ast-hfb-below-header-display":"","ast-hfb-mobile-header-display":"","site-post-title":"","ast-breadcrumbs-content":"","ast-featured-img":"","footer-sml-layout":"","ast-disable-related-posts":"","theme-transparent-header-meta":"","adv-header-id-meta":"","stick-header-meta":"","header-above-stick-meta":"","header-main-stick-meta":"","header-below-stick-meta":"","astra-migrate-meta-layouts":"default","ast-page-background-enabled":"default","ast-page-background-meta":{"desktop":{"background-color":"","background-image":"","background-repeat":"repeat","background-position":"center center","background-size":"auto","background-attachment":"scroll","background-type":"","background-media":"","overlay-type":"","overlay-color":"","overlay-opacity":"","overlay-gradient":""},"tablet":{"background-color":"","background-image":"","background-repeat":"repeat","background-position":"center center","background-size":"auto","background-attachment":"scroll","background-type":"","background-media":"","overlay-type":"","overlay-color":"","overlay-opacity":"","overlay-gradient":""},"mobile":{"background-color":"","background-image":"","background-repeat":"repeat","background-position":"center center","background-size":"auto","background-attachment":"scroll","background-type":"","background-media":"","overlay-type":"","overlay-color":"","overlay-opacity":"","overlay-gradient":""}},"ast-content-background-meta":{"desktop":{"background-color":"var(--ast-global-color-5)","background-image":"","background-repeat":"repeat","background-position":"center center","background-size":"auto","background-attachment":"scroll","background-type":"","background-media":"","overlay-type":"","overlay-color":"","overlay-opacity":"","overlay-gradient":""},"tablet":{"background-color":"var(--ast-global-color-5)","background-image":"","background-repeat":"repeat","background-position":"center center","background-size":"auto","background-attachment":"scroll","background-type":"","background-media":"","overlay-type":"","overlay-color":"","overlay-opacity":"","overlay-gradient":""},"mobile":{"background-color":"var(--ast-global-color-5)","background-image":"","background-repeat":"repeat","background-position":"center center","background-size":"auto","background-attachment":"scroll","background-type":"","background-media":"","overlay-type":"","overlay-color":"","overlay-opacity":"","overlay-gradient":""}}},"product_brand":[],"product_cat":[604],"product_tag":[3153,3152,3162,3142,3140,3161,3160,3155,886,3154,3159,3158,3157,3156],"class_list":{"0":"post-2405","1":"product","2":"type-product","3":"status-publish","4":"has-post-thumbnail","6":"product_cat-graffiti-accesorios-shop-barcelona","7":"product_tag-estante-para-spray","8":"product_tag-estanteria-para-esprays","9":"product_tag-expositor-graffiti-spray","10":"product_tag-expositor-montana","11":"product_tag-expositor-sprays","12":"product_tag-graffiti-expositor","13":"product_tag-graffiti-spray-rack","14":"product_tag-montana-expositor-spray","15":"product_tag-montana-spray","16":"product_tag-rack-for-cans","17":"product_tag-rack-montana-cans","18":"product_tag-rack-montana-spray","19":"product_tag-spray-cans-rack","20":"product_tag-spray-expositor-montana","21":"desktop-align-left","22":"tablet-align-left","23":"mobile-align-left","25":"first","26":"outofstock","27":"purchasable","28":"product-type-simple"},"yoast_head":"<!-- This site is optimized with the Yoast SEO plugin v27.0 - https:\/\/yoast.com\/product\/yoast-seo-wordpress\/ -->\n<title>Montana Studio Rack estante 24er Ultrawide Graffiti Shop Barcelona<\/title>\n<meta name=\"description\" content=\"tienda para arte en barcelona. online tienda para sprays de montana cans espana. graffiti? online tienda para sprays de montana cans espana.\" \/>\n<meta name=\"robots\" content=\"index, follow, max-snippet:-1, max-image-preview:large, max-video-preview:-1\" \/>\n<link rel=\"canonical\" href=\"https:\/\/dev4.devmitsinformatica.com\/en\/shop\/graffiti-accesorios-shop-barcelona\/montana-studio-rack-estante-24er\/\" \/>\n<meta property=\"og:locale\" content=\"en_US\" \/>\n<meta property=\"og:type\" content=\"article\" \/>\n<meta property=\"og:title\" content=\"Montana Studio Rack estante 24er Ultrawide Graffiti Shop Barcelona\" \/>\n<meta property=\"og:description\" content=\"tienda para arte en barcelona. online tienda para sprays de montana cans espana. graffiti? online tienda para sprays de montana cans espana.\" \/>\n<meta property=\"og:url\" content=\"https:\/\/dev4.devmitsinformatica.com\/en\/shop\/graffiti-accesorios-shop-barcelona\/montana-studio-rack-estante-24er\/\" \/>\n<meta property=\"og:site_name\" content=\"ULTRAWIDE GRAFFITI SHOP\" \/>\n<meta property=\"article:modified_time\" content=\"2024-07-16T07:35:22+00:00\" \/>\n<meta property=\"og:image\" content=\"https:\/\/dev4.devmitsinformatica.com\/wp-content\/uploads\/2016\/08\/Montana_Studio_Rack_Detail_01.jpg\" \/>\n\t<meta property=\"og:image:width\" content=\"500\" \/>\n\t<meta property=\"og:image:height\" content=\"500\" \/>\n\t<meta property=\"og:image:type\" content=\"image\/jpeg\" \/>\n<meta name=\"twitter:card\" content=\"summary_large_image\" \/>\n<meta name=\"twitter:label1\" content=\"Est. reading time\" \/>\n\t<meta name=\"twitter:data1\" content=\"1 minute\" \/>\n<script type=\"application\/ld+json\" class=\"yoast-schema-graph\">{\"@context\":\"https:\/\/schema.org\",\"@graph\":[{\"@type\":\"WebPage\",\"@id\":\"https:\/\/dev4.devmitsinformatica.com\/en\/shop\/graffiti-accesorios-shop-barcelona\/montana-studio-rack-estante-24er\/\",\"url\":\"https:\/\/dev4.devmitsinformatica.com\/en\/shop\/graffiti-accesorios-shop-barcelona\/montana-studio-rack-estante-24er\/\",\"name\":\"Montana Studio Rack estante 24er Ultrawide Graffiti Shop Barcelona\",\"isPartOf\":{\"@id\":\"https:\/\/dev4.devmitsinformatica.com\/en\/#website\"},\"primaryImageOfPage\":{\"@id\":\"https:\/\/dev4.devmitsinformatica.com\/en\/shop\/graffiti-accesorios-shop-barcelona\/montana-studio-rack-estante-24er\/#primaryimage\"},\"image\":{\"@id\":\"https:\/\/dev4.devmitsinformatica.com\/en\/shop\/graffiti-accesorios-shop-barcelona\/montana-studio-rack-estante-24er\/#primaryimage\"},\"thumbnailUrl\":\"https:\/\/dev4.devmitsinformatica.com\/wp-content\/uploads\/2016\/08\/Montana_Studio_Rack_Detail_01.jpg\",\"datePublished\":\"2016-09-01T20:18:58+00:00\",\"dateModified\":\"2024-07-16T07:35:22+00:00\",\"description\":\"tienda para arte en barcelona. online tienda para sprays de montana cans espana. graffiti? online tienda para sprays de montana cans espana.\",\"breadcrumb\":{\"@id\":\"https:\/\/dev4.devmitsinformatica.com\/en\/shop\/graffiti-accesorios-shop-barcelona\/montana-studio-rack-estante-24er\/#breadcrumb\"},\"inLanguage\":\"en-US\",\"potentialAction\":[{\"@type\":\"ReadAction\",\"target\":[\"https:\/\/dev4.devmitsinformatica.com\/en\/shop\/graffiti-accesorios-shop-barcelona\/montana-studio-rack-estante-24er\/\"]}]},{\"@type\":\"ImageObject\",\"inLanguage\":\"en-US\",\"@id\":\"https:\/\/dev4.devmitsinformatica.com\/en\/shop\/graffiti-accesorios-shop-barcelona\/montana-studio-rack-estante-24er\/#primaryimage\",\"url\":\"https:\/\/dev4.devmitsinformatica.com\/wp-content\/uploads\/2016\/08\/Montana_Studio_Rack_Detail_01.jpg\",\"contentUrl\":\"https:\/\/dev4.devmitsinformatica.com\/wp-content\/uploads\/2016\/08\/Montana_Studio_Rack_Detail_01.jpg\",\"width\":500,\"height\":500},{\"@type\":\"BreadcrumbList\",\"@id\":\"https:\/\/dev4.devmitsinformatica.com\/en\/shop\/graffiti-accesorios-shop-barcelona\/montana-studio-rack-estante-24er\/#breadcrumb\",\"itemListElement\":[{\"@type\":\"ListItem\",\"position\":1,\"name\":\"Home\",\"item\":\"https:\/\/dev4.devmitsinformatica.com\/en\/\"},{\"@type\":\"ListItem\",\"position\":2,\"name\":\"Store\",\"item\":\"https:\/\/dev4.devmitsinformatica.com\/?page_id=38\"},{\"@type\":\"ListItem\",\"position\":3,\"name\":\"Montana Studio Rack estante 24er\"}]},{\"@type\":\"WebSite\",\"@id\":\"https:\/\/dev4.devmitsinformatica.com\/en\/#website\",\"url\":\"https:\/\/dev4.devmitsinformatica.com\/en\/\",\"name\":\"ULTRAWIDE GRAFFITI SHOP\",\"description\":\"SPRAY GRAFFITI SHOP CAPS Y ROTULADORES\",\"publisher\":{\"@id\":\"https:\/\/dev4.devmitsinformatica.com\/en\/#organization\"},\"potentialAction\":[{\"@type\":\"SearchAction\",\"target\":{\"@type\":\"EntryPoint\",\"urlTemplate\":\"https:\/\/dev4.devmitsinformatica.com\/en\/?s={search_term_string}\"},\"query-input\":{\"@type\":\"PropertyValueSpecification\",\"valueRequired\":true,\"valueName\":\"search_term_string\"}}],\"inLanguage\":\"en-US\"},{\"@type\":\"Organization\",\"@id\":\"https:\/\/dev4.devmitsinformatica.com\/en\/#organization\",\"name\":\"ANDEN Graffiti Shop Barcelona\",\"url\":\"https:\/\/dev4.devmitsinformatica.com\/en\/\",\"logo\":{\"@type\":\"ImageObject\",\"inLanguage\":\"en-US\",\"@id\":\"https:\/\/dev4.devmitsinformatica.com\/en\/#\/schema\/logo\/image\/\",\"url\":\"https:\/\/dev4.devmitsinformatica.com\/wp-content\/uploads\/2016\/11\/graffiti-gallery-barcelona.png\",\"contentUrl\":\"https:\/\/dev4.devmitsinformatica.com\/wp-content\/uploads\/2016\/11\/graffiti-gallery-barcelona.png\",\"width\":386,\"height\":150,\"caption\":\"ANDEN Graffiti Shop Barcelona\"},\"image\":{\"@id\":\"https:\/\/dev4.devmitsinformatica.com\/en\/#\/schema\/logo\/image\/\"}}]}<\/script>\n<!-- \/ Yoast SEO plugin. -->","yoast_head_json":{"title":"Montana Studio Rack estante 24er Ultrawide Graffiti Shop Barcelona","description":"tienda para arte en barcelona. online tienda para sprays de montana cans espana. graffiti? online tienda para sprays de montana cans espana.","robots":{"index":"index","follow":"follow","max-snippet":"max-snippet:-1","max-image-preview":"max-image-preview:large","max-video-preview":"max-video-preview:-1"},"canonical":"https:\/\/dev4.devmitsinformatica.com\/en\/shop\/graffiti-accesorios-shop-barcelona\/montana-studio-rack-estante-24er\/","og_locale":"en_US","og_type":"article","og_title":"Montana Studio Rack estante 24er Ultrawide Graffiti Shop Barcelona","og_description":"tienda para arte en barcelona. online tienda para sprays de montana cans espana. graffiti? online tienda para sprays de montana cans espana.","og_url":"https:\/\/dev4.devmitsinformatica.com\/en\/shop\/graffiti-accesorios-shop-barcelona\/montana-studio-rack-estante-24er\/","og_site_name":"ULTRAWIDE GRAFFITI SHOP","article_modified_time":"2024-07-16T07:35:22+00:00","og_image":[{"width":500,"height":500,"url":"https:\/\/dev4.devmitsinformatica.com\/wp-content\/uploads\/2016\/08\/Montana_Studio_Rack_Detail_01.jpg","type":"image\/jpeg"}],"twitter_card":"summary_large_image","twitter_misc":{"Est. reading time":"1 minute"},"schema":{"@context":"https:\/\/schema.org","@graph":[{"@type":"WebPage","@id":"https:\/\/dev4.devmitsinformatica.com\/en\/shop\/graffiti-accesorios-shop-barcelona\/montana-studio-rack-estante-24er\/","url":"https:\/\/dev4.devmitsinformatica.com\/en\/shop\/graffiti-accesorios-shop-barcelona\/montana-studio-rack-estante-24er\/","name":"Montana Studio Rack estante 24er Ultrawide Graffiti Shop Barcelona","isPartOf":{"@id":"https:\/\/dev4.devmitsinformatica.com\/en\/#website"},"primaryImageOfPage":{"@id":"https:\/\/dev4.devmitsinformatica.com\/en\/shop\/graffiti-accesorios-shop-barcelona\/montana-studio-rack-estante-24er\/#primaryimage"},"image":{"@id":"https:\/\/dev4.devmitsinformatica.com\/en\/shop\/graffiti-accesorios-shop-barcelona\/montana-studio-rack-estante-24er\/#primaryimage"},"thumbnailUrl":"https:\/\/dev4.devmitsinformatica.com\/wp-content\/uploads\/2016\/08\/Montana_Studio_Rack_Detail_01.jpg","datePublished":"2016-09-01T20:18:58+00:00","dateModified":"2024-07-16T07:35:22+00:00","description":"tienda para arte en barcelona. online tienda para sprays de montana cans espana. graffiti? online tienda para sprays de montana cans espana.","breadcrumb":{"@id":"https:\/\/dev4.devmitsinformatica.com\/en\/shop\/graffiti-accesorios-shop-barcelona\/montana-studio-rack-estante-24er\/#breadcrumb"},"inLanguage":"en-US","potentialAction":[{"@type":"ReadAction","target":["https:\/\/dev4.devmitsinformatica.com\/en\/shop\/graffiti-accesorios-shop-barcelona\/montana-studio-rack-estante-24er\/"]}]},{"@type":"ImageObject","inLanguage":"en-US","@id":"https:\/\/dev4.devmitsinformatica.com\/en\/shop\/graffiti-accesorios-shop-barcelona\/montana-studio-rack-estante-24er\/#primaryimage","url":"https:\/\/dev4.devmitsinformatica.com\/wp-content\/uploads\/2016\/08\/Montana_Studio_Rack_Detail_01.jpg","contentUrl":"https:\/\/dev4.devmitsinformatica.com\/wp-content\/uploads\/2016\/08\/Montana_Studio_Rack_Detail_01.jpg","width":500,"height":500},{"@type":"BreadcrumbList","@id":"https:\/\/dev4.devmitsinformatica.com\/en\/shop\/graffiti-accesorios-shop-barcelona\/montana-studio-rack-estante-24er\/#breadcrumb","itemListElement":[{"@type":"ListItem","position":1,"name":"Home","item":"https:\/\/dev4.devmitsinformatica.com\/en\/"},{"@type":"ListItem","position":2,"name":"Store","item":"https:\/\/dev4.devmitsinformatica.com\/?page_id=38"},{"@type":"ListItem","position":3,"name":"Montana Studio Rack estante 24er"}]},{"@type":"WebSite","@id":"https:\/\/dev4.devmitsinformatica.com\/en\/#website","url":"https:\/\/dev4.devmitsinformatica.com\/en\/","name":"ULTRAWIDE GRAFFITI SHOP","description":"SPRAY GRAFFITI SHOP CAPS Y ROTULADORES","publisher":{"@id":"https:\/\/dev4.devmitsinformatica.com\/en\/#organization"},"potentialAction":[{"@type":"SearchAction","target":{"@type":"EntryPoint","urlTemplate":"https:\/\/dev4.devmitsinformatica.com\/en\/?s={search_term_string}"},"query-input":{"@type":"PropertyValueSpecification","valueRequired":true,"valueName":"search_term_string"}}],"inLanguage":"en-US"},{"@type":"Organization","@id":"https:\/\/dev4.devmitsinformatica.com\/en\/#organization","name":"ANDEN Graffiti Shop Barcelona","url":"https:\/\/dev4.devmitsinformatica.com\/en\/","logo":{"@type":"ImageObject","inLanguage":"en-US","@id":"https:\/\/dev4.devmitsinformatica.com\/en\/#\/schema\/logo\/image\/","url":"https:\/\/dev4.devmitsinformatica.com\/wp-content\/uploads\/2016\/11\/graffiti-gallery-barcelona.png","contentUrl":"https:\/\/dev4.devmitsinformatica.com\/wp-content\/uploads\/2016\/11\/graffiti-gallery-barcelona.png","width":386,"height":150,"caption":"ANDEN Graffiti Shop Barcelona"},"image":{"@id":"https:\/\/dev4.devmitsinformatica.com\/en\/#\/schema\/logo\/image\/"}}]}},"_links":{"self":[{"href":"https:\/\/dev4.devmitsinformatica.com\/en\/wp-json\/wp\/v2\/product\/2405","targetHints":{"allow":["GET"]}}],"collection":[{"href":"https:\/\/dev4.devmitsinformatica.com\/en\/wp-json\/wp\/v2\/product"}],"about":[{"href":"https:\/\/dev4.devmitsinformatica.com\/en\/wp-json\/wp\/v2\/types\/product"}],"replies":[{"embeddable":true,"href":"https:\/\/dev4.devmitsinformatica.com\/en\/wp-json\/wp\/v2\/comments?post=2405"}],"version-history":[{"count":0,"href":"https:\/\/dev4.devmitsinformatica.com\/en\/wp-json\/wp\/v2\/product\/2405\/revisions"}],"wp:featuredmedia":[{"embeddable":true,"href":"https:\/\/dev4.devmitsinformatica.com\/en\/wp-json\/wp\/v2\/media\/1167"}],"wp:attachment":[{"href":"https:\/\/dev4.devmitsinformatica.com\/en\/wp-json\/wp\/v2\/media?parent=2405"}],"wp:term":[{"taxonomy":"product_brand","embeddable":true,"href":"https:\/\/dev4.devmitsinformatica.com\/en\/wp-json\/wp\/v2\/product_brand?post=2405"},{"taxonomy":"product_cat","embeddable":true,"href":"https:\/\/dev4.devmitsinformatica.com\/en\/wp-json\/wp\/v2\/product_cat?post=2405"},{"taxonomy":"product_tag","embeddable":true,"href":"https:\/\/dev4.devmitsinformatica.com\/en\/wp-json\/wp\/v2\/product_tag?post=2405"}],"curies":[{"name":"wp","href":"https:\/\/api.w.org\/{rel}","templated":true}]}}