{"id":2460,"date":"2016-09-01T20:38:17","date_gmt":"2016-09-01T20:38:17","guid":{"rendered":"http:\/\/spraygraffiti.com\/index.php\/product\/montana-acrylic-rotulador-15mm\/"},"modified":"2023-10-16T08:10:16","modified_gmt":"2023-10-16T08:10:16","slug":"montana-acrylic-rotulador-15mm","status":"publish","type":"product","link":"https:\/\/dev4.devmitsinformatica.com\/en\/shop\/graffiti-rotulador-shop-barcelona\/graffiti-montana-acrilicos-shop-barcelona\/montana-acrylic-rotulador-15mm\/","title":{"rendered":"Montana Rotulador Acr\u00edlico 15mm"},"content":{"rendered":"<h1><span style=\"text-decoration: underline;\">Rotulador acrilico montana 15mm.<\/span><\/h1>\n<p><strong>Montana Rotulador Acr\u00edlico 15mm<\/strong>. Rotulador acr\u00edlico de punta 15mm rectangular. Rellenable y de puntas intercambiables con alta opacidad y cubrici\u00f3n. Pinta sobre casi todas las superficies como madera, cristal, hierro, cemento, cart\u00f3n, etc&#8230;<\/p>\n<p>La nueva serie de marcador de Montana ACR\u00cdLICO est\u00e1 disponible en 36 colores + barniz brillante, coincidiendo con el espectro de color popular de la pintura en spray GOLD de Montana. Los marcadores est\u00e1n disponibles en tama\u00f1os de 0,7 mm extrafino (en 14 colores), fino de 2 mm (en 36 colores + barniz brillante), est\u00e1ndar de 15 mm disponible (en 26 colores + barniz brillante), 30mm y 50mm (plata H y SH Negro) de ancho , Todos los modelos son recargables y tienen puntas intercambiables (fieltro o de pl\u00e1stico). Montana Pintura acr\u00edlica, resistente a los UV, resistente al agua y (despu\u00e9s de sellar) aplicable en multitud de sustratos tales como Lienzo, madera, vidrio, piedra, cuero o metal usado sin ning\u00fan problema. Todos los colores est\u00e1n disponibles en recargas como 25 ml (en 36 colores + barniz brillante) y 180 ml en 34 colores + barniz brillante) y se pueden mezclar f\u00e1cilmente con otros. Cada modelo tambi\u00e9n est\u00e1 disponible como un marcador \u00a0vac\u00edo para rellenar. Montana Rotulador Acr\u00edlico15mm<\/p>\n<p>Importante:<br \/>\nLa igualaci\u00f3n de color Montana acr\u00edlico \/ GOLD: Debido a la diferente base de pintura \/ pintura de la Montana acr\u00edlico (, tonos mate profundo a base de agua) y Montana pintura en spray GOLD(,resina acrilica con base de disolvente) se recomienda de manera concluyente aplicar sobre el sujeto o el objeto una terminaci\u00f3n con capa transparente Montana Gold para sellar e igualar el brillo. Las ligeras diferencias de color entre <em><strong>Montana spray<\/strong><\/em> y Montana Gold acr\u00edlico pueden ocurrir dependiendo de la naturaleza y caracter\u00edsticas del producto. Un juego con el color del 100% no se puede garantizar, por lo que aconsejamos la prueba antes de su uso si desea trabajar con ambos productos de manera mixta.<\/p>\n<p>rotulador montana-rotulador motip-marcador 15-acrilico rotulador<\/p>\n","protected":false},"excerpt":{"rendered":"<p>Rotulador acr\u00edlico de punta 15mm rectangular. Rellenable y de puntas intercambiables con alta opacidad y cubrici\u00f3n. Pinta sobre casi todas las superficies como madera, cristal, hierro, cemento, cart\u00f3n, etc&#8230;<\/p>\n","protected":false},"featured_media":1209,"comment_status":"closed","ping_status":"closed","template":"","meta":{"site-sidebar-layout":"default","site-content-layout":"","ast-site-content-layout":"default","site-content-style":"default","site-sidebar-style":"default","ast-global-header-display":"","ast-banner-title-visibility":"","ast-main-header-display":"","ast-hfb-above-header-display":"","ast-hfb-below-header-display":"","ast-hfb-mobile-header-display":"","site-post-title":"","ast-breadcrumbs-content":"","ast-featured-img":"","footer-sml-layout":"","ast-disable-related-posts":"","theme-transparent-header-meta":"","adv-header-id-meta":"","stick-header-meta":"","header-above-stick-meta":"","header-main-stick-meta":"","header-below-stick-meta":"","astra-migrate-meta-layouts":"default","ast-page-background-enabled":"default","ast-page-background-meta":{"desktop":{"background-color":"","background-image":"","background-repeat":"repeat","background-position":"center center","background-size":"auto","background-attachment":"scroll","background-type":"","background-media":"","overlay-type":"","overlay-color":"","overlay-opacity":"","overlay-gradient":""},"tablet":{"background-color":"","background-image":"","background-repeat":"repeat","background-position":"center center","background-size":"auto","background-attachment":"scroll","background-type":"","background-media":"","overlay-type":"","overlay-color":"","overlay-opacity":"","overlay-gradient":""},"mobile":{"background-color":"","background-image":"","background-repeat":"repeat","background-position":"center center","background-size":"auto","background-attachment":"scroll","background-type":"","background-media":"","overlay-type":"","overlay-color":"","overlay-opacity":"","overlay-gradient":""}},"ast-content-background-meta":{"desktop":{"background-color":"var(--ast-global-color-5)","background-image":"","background-repeat":"repeat","background-position":"center center","background-size":"auto","background-attachment":"scroll","background-type":"","background-media":"","overlay-type":"","overlay-color":"","overlay-opacity":"","overlay-gradient":""},"tablet":{"background-color":"var(--ast-global-color-5)","background-image":"","background-repeat":"repeat","background-position":"center center","background-size":"auto","background-attachment":"scroll","background-type":"","background-media":"","overlay-type":"","overlay-color":"","overlay-opacity":"","overlay-gradient":""},"mobile":{"background-color":"var(--ast-global-color-5)","background-image":"","background-repeat":"repeat","background-position":"center center","background-size":"auto","background-attachment":"scroll","background-type":"","background-media":"","overlay-type":"","overlay-color":"","overlay-opacity":"","overlay-gradient":""}}},"product_brand":[],"product_cat":[7,975,2983],"product_tag":[3742,698,1019,3741,697,699,3101,3100,3099,3095,2596,3002,700],"class_list":{"0":"post-2460","1":"product","2":"type-product","3":"status-publish","4":"has-post-thumbnail","6":"product_cat-graffiti-rotulador-shop-barcelona","7":"product_cat-graffiti-montana-acrilicos-shop-barcelona","8":"product_cat-montana-markers","9":"product_tag-acrilicos-montana","10":"product_tag-comprar-montana-rotuladores","11":"product_tag-montana","12":"product_tag-montana-rotuladores-acrilicos","13":"product_tag-montana-rotuladores-comprar","14":"product_tag-montana-rotuladores-tienda","15":"product_tag-rotulador-acrilico","16":"product_tag-rotulador-acrilico-15mm","17":"product_tag-rotulador-pintura-acrilica","18":"product_tag-rotulador-tinta-acrilica","19":"product_tag-rotuladores-acrilicos","20":"product_tag-rotuladores-acuarelables","21":"product_tag-rotuladores-tienda-montana-cans","22":"pa_color-gold-matt","23":"pa_color-gravel","24":"pa_color-iron-curtain","25":"pa_color-copper-matt","26":"pa_color-montana-spray-outline-silver","27":"pa_color-sh-black","28":"pa_color-sh-blue-dark","29":"pa_color-sh-blue-light","30":"pa_color-sh-blue","31":"pa_color-sh-brown-dark","32":"pa_color-sh-brown-light","33":"pa_color-sh-brown","34":"pa_color-sh-green-dark","35":"pa_color-sh-green-light","36":"pa_color-sh-green","37":"pa_color-sh-kent-blood-red","38":"pa_color-sh-lilac","39":"pa_color-sh-orange-dark","40":"pa_color-sh-orange-light","41":"pa_color-sh-orange","42":"pa_color-sh-pink-light","43":"pa_color-sh-pink","44":"pa_color-sh-red","45":"pa_color-sh-white-pure","46":"pa_color-sh-yellow","47":"desktop-align-left","48":"tablet-align-left","49":"mobile-align-left","51":"first","52":"instock","53":"purchasable","54":"product-type-variable"},"yoast_head":"<!-- This site is optimized with the Yoast SEO plugin v27.0 - https:\/\/yoast.com\/product\/yoast-seo-wordpress\/ -->\n<title>Montana Rotulador Acr\u00edlico 15mm Ultrawide Graffiti Shop Barcelona<\/title>\n<meta name=\"description\" content=\"rotuladores acrilicos, online tienda para sprays de montana cans espana. graffiti? graffiti shop barcelona? graffiti shop barcelona? montana cans barcelona. graffiti?\" \/>\n<meta name=\"robots\" content=\"index, follow, max-snippet:-1, max-image-preview:large, max-video-preview:-1\" \/>\n<link rel=\"canonical\" href=\"https:\/\/dev4.devmitsinformatica.com\/en\/shop\/graffiti-rotulador-shop-barcelona\/graffiti-montana-acrilicos-shop-barcelona\/montana-acrylic-rotulador-15mm\/\" \/>\n<meta property=\"og:locale\" content=\"en_US\" \/>\n<meta property=\"og:type\" content=\"article\" \/>\n<meta property=\"og:title\" content=\"Montana Rotulador Acr\u00edlico 15mm Ultrawide Graffiti Shop Barcelona\" \/>\n<meta property=\"og:description\" content=\"rotuladores acrilicos, online tienda para sprays de montana cans espana. graffiti? graffiti shop barcelona? graffiti shop barcelona? montana cans barcelona. graffiti?\" \/>\n<meta property=\"og:url\" content=\"https:\/\/dev4.devmitsinformatica.com\/en\/shop\/graffiti-rotulador-shop-barcelona\/graffiti-montana-acrilicos-shop-barcelona\/montana-acrylic-rotulador-15mm\/\" \/>\n<meta property=\"og:site_name\" content=\"ULTRAWIDE GRAFFITI SHOP\" \/>\n<meta property=\"article:modified_time\" content=\"2023-10-16T08:10:16+00:00\" \/>\n<meta property=\"og:image\" content=\"https:\/\/dev4.devmitsinformatica.com\/wp-content\/uploads\/2016\/08\/acr_15mm_gold_matt.jpg\" \/>\n\t<meta property=\"og:image:width\" content=\"500\" \/>\n\t<meta property=\"og:image:height\" content=\"500\" \/>\n\t<meta property=\"og:image:type\" content=\"image\/jpeg\" \/>\n<meta name=\"twitter:card\" content=\"summary_large_image\" \/>\n<meta name=\"twitter:label1\" content=\"Est. reading time\" \/>\n\t<meta name=\"twitter:data1\" content=\"2 minutes\" \/>\n<script type=\"application\/ld+json\" class=\"yoast-schema-graph\">{\"@context\":\"https:\/\/schema.org\",\"@graph\":[{\"@type\":\"WebPage\",\"@id\":\"https:\/\/dev4.devmitsinformatica.com\/en\/shop\/graffiti-rotulador-shop-barcelona\/graffiti-montana-acrilicos-shop-barcelona\/montana-acrylic-rotulador-15mm\/\",\"url\":\"https:\/\/dev4.devmitsinformatica.com\/en\/shop\/graffiti-rotulador-shop-barcelona\/graffiti-montana-acrilicos-shop-barcelona\/montana-acrylic-rotulador-15mm\/\",\"name\":\"Montana Rotulador Acr\u00edlico 15mm Ultrawide Graffiti Shop Barcelona\",\"isPartOf\":{\"@id\":\"https:\/\/dev4.devmitsinformatica.com\/en\/#website\"},\"primaryImageOfPage\":{\"@id\":\"https:\/\/dev4.devmitsinformatica.com\/en\/shop\/graffiti-rotulador-shop-barcelona\/graffiti-montana-acrilicos-shop-barcelona\/montana-acrylic-rotulador-15mm\/#primaryimage\"},\"image\":{\"@id\":\"https:\/\/dev4.devmitsinformatica.com\/en\/shop\/graffiti-rotulador-shop-barcelona\/graffiti-montana-acrilicos-shop-barcelona\/montana-acrylic-rotulador-15mm\/#primaryimage\"},\"thumbnailUrl\":\"https:\/\/dev4.devmitsinformatica.com\/wp-content\/uploads\/2016\/08\/acr_15mm_gold_matt.jpg\",\"datePublished\":\"2016-09-01T20:38:17+00:00\",\"dateModified\":\"2023-10-16T08:10:16+00:00\",\"description\":\"rotuladores acrilicos, online tienda para sprays de montana cans espana. graffiti? graffiti shop barcelona? graffiti shop barcelona? montana cans barcelona. graffiti?\",\"breadcrumb\":{\"@id\":\"https:\/\/dev4.devmitsinformatica.com\/en\/shop\/graffiti-rotulador-shop-barcelona\/graffiti-montana-acrilicos-shop-barcelona\/montana-acrylic-rotulador-15mm\/#breadcrumb\"},\"inLanguage\":\"en-US\",\"potentialAction\":[{\"@type\":\"ReadAction\",\"target\":[\"https:\/\/dev4.devmitsinformatica.com\/en\/shop\/graffiti-rotulador-shop-barcelona\/graffiti-montana-acrilicos-shop-barcelona\/montana-acrylic-rotulador-15mm\/\"]}]},{\"@type\":\"ImageObject\",\"inLanguage\":\"en-US\",\"@id\":\"https:\/\/dev4.devmitsinformatica.com\/en\/shop\/graffiti-rotulador-shop-barcelona\/graffiti-montana-acrilicos-shop-barcelona\/montana-acrylic-rotulador-15mm\/#primaryimage\",\"url\":\"https:\/\/dev4.devmitsinformatica.com\/wp-content\/uploads\/2016\/08\/acr_15mm_gold_matt.jpg\",\"contentUrl\":\"https:\/\/dev4.devmitsinformatica.com\/wp-content\/uploads\/2016\/08\/acr_15mm_gold_matt.jpg\",\"width\":500,\"height\":500},{\"@type\":\"BreadcrumbList\",\"@id\":\"https:\/\/dev4.devmitsinformatica.com\/en\/shop\/graffiti-rotulador-shop-barcelona\/graffiti-montana-acrilicos-shop-barcelona\/montana-acrylic-rotulador-15mm\/#breadcrumb\",\"itemListElement\":[{\"@type\":\"ListItem\",\"position\":1,\"name\":\"Home\",\"item\":\"https:\/\/dev4.devmitsinformatica.com\/en\/\"},{\"@type\":\"ListItem\",\"position\":2,\"name\":\"Store\",\"item\":\"https:\/\/dev4.devmitsinformatica.com\/?page_id=38\"},{\"@type\":\"ListItem\",\"position\":3,\"name\":\"Montana Rotulador Acr\u00edlico 15mm\"}]},{\"@type\":\"WebSite\",\"@id\":\"https:\/\/dev4.devmitsinformatica.com\/en\/#website\",\"url\":\"https:\/\/dev4.devmitsinformatica.com\/en\/\",\"name\":\"ULTRAWIDE GRAFFITI SHOP\",\"description\":\"SPRAY GRAFFITI SHOP CAPS Y ROTULADORES\",\"publisher\":{\"@id\":\"https:\/\/dev4.devmitsinformatica.com\/en\/#organization\"},\"potentialAction\":[{\"@type\":\"SearchAction\",\"target\":{\"@type\":\"EntryPoint\",\"urlTemplate\":\"https:\/\/dev4.devmitsinformatica.com\/en\/?s={search_term_string}\"},\"query-input\":{\"@type\":\"PropertyValueSpecification\",\"valueRequired\":true,\"valueName\":\"search_term_string\"}}],\"inLanguage\":\"en-US\"},{\"@type\":\"Organization\",\"@id\":\"https:\/\/dev4.devmitsinformatica.com\/en\/#organization\",\"name\":\"ANDEN Graffiti Shop Barcelona\",\"url\":\"https:\/\/dev4.devmitsinformatica.com\/en\/\",\"logo\":{\"@type\":\"ImageObject\",\"inLanguage\":\"en-US\",\"@id\":\"https:\/\/dev4.devmitsinformatica.com\/en\/#\/schema\/logo\/image\/\",\"url\":\"https:\/\/dev4.devmitsinformatica.com\/wp-content\/uploads\/2016\/11\/graffiti-gallery-barcelona.png\",\"contentUrl\":\"https:\/\/dev4.devmitsinformatica.com\/wp-content\/uploads\/2016\/11\/graffiti-gallery-barcelona.png\",\"width\":386,\"height\":150,\"caption\":\"ANDEN Graffiti Shop Barcelona\"},\"image\":{\"@id\":\"https:\/\/dev4.devmitsinformatica.com\/en\/#\/schema\/logo\/image\/\"}}]}<\/script>\n<!-- \/ Yoast SEO plugin. -->","yoast_head_json":{"title":"Montana Rotulador Acr\u00edlico 15mm Ultrawide Graffiti Shop Barcelona","description":"rotuladores acrilicos, online tienda para sprays de montana cans espana. graffiti? graffiti shop barcelona? graffiti shop barcelona? montana cans barcelona. graffiti?","robots":{"index":"index","follow":"follow","max-snippet":"max-snippet:-1","max-image-preview":"max-image-preview:large","max-video-preview":"max-video-preview:-1"},"canonical":"https:\/\/dev4.devmitsinformatica.com\/en\/shop\/graffiti-rotulador-shop-barcelona\/graffiti-montana-acrilicos-shop-barcelona\/montana-acrylic-rotulador-15mm\/","og_locale":"en_US","og_type":"article","og_title":"Montana Rotulador Acr\u00edlico 15mm Ultrawide Graffiti Shop Barcelona","og_description":"rotuladores acrilicos, online tienda para sprays de montana cans espana. graffiti? graffiti shop barcelona? graffiti shop barcelona? montana cans barcelona. graffiti?","og_url":"https:\/\/dev4.devmitsinformatica.com\/en\/shop\/graffiti-rotulador-shop-barcelona\/graffiti-montana-acrilicos-shop-barcelona\/montana-acrylic-rotulador-15mm\/","og_site_name":"ULTRAWIDE GRAFFITI SHOP","article_modified_time":"2023-10-16T08:10:16+00:00","og_image":[{"width":500,"height":500,"url":"https:\/\/dev4.devmitsinformatica.com\/wp-content\/uploads\/2016\/08\/acr_15mm_gold_matt.jpg","type":"image\/jpeg"}],"twitter_card":"summary_large_image","twitter_misc":{"Est. reading time":"2 minutes"},"schema":{"@context":"https:\/\/schema.org","@graph":[{"@type":"WebPage","@id":"https:\/\/dev4.devmitsinformatica.com\/en\/shop\/graffiti-rotulador-shop-barcelona\/graffiti-montana-acrilicos-shop-barcelona\/montana-acrylic-rotulador-15mm\/","url":"https:\/\/dev4.devmitsinformatica.com\/en\/shop\/graffiti-rotulador-shop-barcelona\/graffiti-montana-acrilicos-shop-barcelona\/montana-acrylic-rotulador-15mm\/","name":"Montana Rotulador Acr\u00edlico 15mm Ultrawide Graffiti Shop Barcelona","isPartOf":{"@id":"https:\/\/dev4.devmitsinformatica.com\/en\/#website"},"primaryImageOfPage":{"@id":"https:\/\/dev4.devmitsinformatica.com\/en\/shop\/graffiti-rotulador-shop-barcelona\/graffiti-montana-acrilicos-shop-barcelona\/montana-acrylic-rotulador-15mm\/#primaryimage"},"image":{"@id":"https:\/\/dev4.devmitsinformatica.com\/en\/shop\/graffiti-rotulador-shop-barcelona\/graffiti-montana-acrilicos-shop-barcelona\/montana-acrylic-rotulador-15mm\/#primaryimage"},"thumbnailUrl":"https:\/\/dev4.devmitsinformatica.com\/wp-content\/uploads\/2016\/08\/acr_15mm_gold_matt.jpg","datePublished":"2016-09-01T20:38:17+00:00","dateModified":"2023-10-16T08:10:16+00:00","description":"rotuladores acrilicos, online tienda para sprays de montana cans espana. graffiti? graffiti shop barcelona? graffiti shop barcelona? montana cans barcelona. graffiti?","breadcrumb":{"@id":"https:\/\/dev4.devmitsinformatica.com\/en\/shop\/graffiti-rotulador-shop-barcelona\/graffiti-montana-acrilicos-shop-barcelona\/montana-acrylic-rotulador-15mm\/#breadcrumb"},"inLanguage":"en-US","potentialAction":[{"@type":"ReadAction","target":["https:\/\/dev4.devmitsinformatica.com\/en\/shop\/graffiti-rotulador-shop-barcelona\/graffiti-montana-acrilicos-shop-barcelona\/montana-acrylic-rotulador-15mm\/"]}]},{"@type":"ImageObject","inLanguage":"en-US","@id":"https:\/\/dev4.devmitsinformatica.com\/en\/shop\/graffiti-rotulador-shop-barcelona\/graffiti-montana-acrilicos-shop-barcelona\/montana-acrylic-rotulador-15mm\/#primaryimage","url":"https:\/\/dev4.devmitsinformatica.com\/wp-content\/uploads\/2016\/08\/acr_15mm_gold_matt.jpg","contentUrl":"https:\/\/dev4.devmitsinformatica.com\/wp-content\/uploads\/2016\/08\/acr_15mm_gold_matt.jpg","width":500,"height":500},{"@type":"BreadcrumbList","@id":"https:\/\/dev4.devmitsinformatica.com\/en\/shop\/graffiti-rotulador-shop-barcelona\/graffiti-montana-acrilicos-shop-barcelona\/montana-acrylic-rotulador-15mm\/#breadcrumb","itemListElement":[{"@type":"ListItem","position":1,"name":"Home","item":"https:\/\/dev4.devmitsinformatica.com\/en\/"},{"@type":"ListItem","position":2,"name":"Store","item":"https:\/\/dev4.devmitsinformatica.com\/?page_id=38"},{"@type":"ListItem","position":3,"name":"Montana Rotulador Acr\u00edlico 15mm"}]},{"@type":"WebSite","@id":"https:\/\/dev4.devmitsinformatica.com\/en\/#website","url":"https:\/\/dev4.devmitsinformatica.com\/en\/","name":"ULTRAWIDE GRAFFITI SHOP","description":"SPRAY GRAFFITI SHOP CAPS Y ROTULADORES","publisher":{"@id":"https:\/\/dev4.devmitsinformatica.com\/en\/#organization"},"potentialAction":[{"@type":"SearchAction","target":{"@type":"EntryPoint","urlTemplate":"https:\/\/dev4.devmitsinformatica.com\/en\/?s={search_term_string}"},"query-input":{"@type":"PropertyValueSpecification","valueRequired":true,"valueName":"search_term_string"}}],"inLanguage":"en-US"},{"@type":"Organization","@id":"https:\/\/dev4.devmitsinformatica.com\/en\/#organization","name":"ANDEN Graffiti Shop Barcelona","url":"https:\/\/dev4.devmitsinformatica.com\/en\/","logo":{"@type":"ImageObject","inLanguage":"en-US","@id":"https:\/\/dev4.devmitsinformatica.com\/en\/#\/schema\/logo\/image\/","url":"https:\/\/dev4.devmitsinformatica.com\/wp-content\/uploads\/2016\/11\/graffiti-gallery-barcelona.png","contentUrl":"https:\/\/dev4.devmitsinformatica.com\/wp-content\/uploads\/2016\/11\/graffiti-gallery-barcelona.png","width":386,"height":150,"caption":"ANDEN Graffiti Shop Barcelona"},"image":{"@id":"https:\/\/dev4.devmitsinformatica.com\/en\/#\/schema\/logo\/image\/"}}]}},"_links":{"self":[{"href":"https:\/\/dev4.devmitsinformatica.com\/en\/wp-json\/wp\/v2\/product\/2460","targetHints":{"allow":["GET"]}}],"collection":[{"href":"https:\/\/dev4.devmitsinformatica.com\/en\/wp-json\/wp\/v2\/product"}],"about":[{"href":"https:\/\/dev4.devmitsinformatica.com\/en\/wp-json\/wp\/v2\/types\/product"}],"replies":[{"embeddable":true,"href":"https:\/\/dev4.devmitsinformatica.com\/en\/wp-json\/wp\/v2\/comments?post=2460"}],"version-history":[{"count":0,"href":"https:\/\/dev4.devmitsinformatica.com\/en\/wp-json\/wp\/v2\/product\/2460\/revisions"}],"wp:featuredmedia":[{"embeddable":true,"href":"https:\/\/dev4.devmitsinformatica.com\/en\/wp-json\/wp\/v2\/media\/1209"}],"wp:attachment":[{"href":"https:\/\/dev4.devmitsinformatica.com\/en\/wp-json\/wp\/v2\/media?parent=2460"}],"wp:term":[{"taxonomy":"product_brand","embeddable":true,"href":"https:\/\/dev4.devmitsinformatica.com\/en\/wp-json\/wp\/v2\/product_brand?post=2460"},{"taxonomy":"product_cat","embeddable":true,"href":"https:\/\/dev4.devmitsinformatica.com\/en\/wp-json\/wp\/v2\/product_cat?post=2460"},{"taxonomy":"product_tag","embeddable":true,"href":"https:\/\/dev4.devmitsinformatica.com\/en\/wp-json\/wp\/v2\/product_tag?post=2460"}],"curies":[{"name":"wp","href":"https:\/\/api.w.org\/{rel}","templated":true}]}}