{"id":2526,"date":"2016-09-01T20:39:08","date_gmt":"2016-09-01T20:39:08","guid":{"rendered":"http:\/\/spraygraffiti.com\/index.php\/product\/montana-acrylic-paint-recarga-180ml\/"},"modified":"2023-10-14T10:22:35","modified_gmt":"2023-10-14T10:22:35","slug":"montana-acrylic-paint-recarga-180ml","status":"publish","type":"product","link":"https:\/\/dev4.devmitsinformatica.com\/en\/shop\/graffiti-tintas-y-pinturas-shop-barcelona\/montana-acrylic-paint-recarga-180ml\/","title":{"rendered":"Montana Acrylic Paint 180ml"},"content":{"rendered":"<h1><span style=\"text-decoration: underline;\">Montana Acrylic Paint 180ml.<\/span><\/h1>\n<p><em>Montana Acrylic Paint 180ml .<\/em>La nueva pintura Montana ACR\u00cdLYC recargas de 180 ml y 25 ml<br \/>\nTodos los colores de los marcadores de<strong> Montana ACR\u00cdLICO<\/strong> tambi\u00e9n est\u00e1n disponibles como Montana ACR\u00cdLICO de recarga de pintura en 180 ml y 25 ml. Son perfectos para rellenar todos los <em>marcadores acr\u00edlicos<\/em> o mezclar sus propios colores. La botella dispensadora especial permite una f\u00e1cil dosificaci\u00f3n de colores y limpio para rellenar los marcadores. Montana <em>Pintura acr\u00edlica<\/em> tambi\u00e9n es ideal para otras t\u00e9cnicas de medios mixtos, como Aer\u00f3grafo, aplicaci\u00f3n con brocha, esponja, sello o directamente desde la botella de relleno. Ya sea sobre lienzo, madera, vidrio, piedra, cuero o metal \u2013 los colores de Montana \u00a0acr\u00edlico a base de agua se pueden aplicar en muchos sustratos diferentes. Debido a la alta calidad de acabado y pigmentos finamente molidos son todos los tonos de Montana ACRILYC altamente opacos y resistentes a los rayos UV. Para una mayor durabilidad y protecci\u00f3n de los colores recomendamos su sellado con Montana Gold \u00a0brillante Barniz transparente adicional. <strong>Pintura acr\u00edlica<\/strong> para recarga de rotuladores, bellas artes o manualidades, de alta opacidad y cubrici\u00f3n.<strong> Montana Acrylic Paint <\/strong>Recarga 180ml. Aplicable sobre cart\u00f3n, madera, cristal, cemento, papel, aluminio etc&#8230; Formato 180ml con facil dosificador para evitar derrames y facilitar la recarga de marcadores o squeezers.<\/p>\n<p>Pide ahora tu pintura acr\u00edlica\u00a0Montana Acrylic Paint 180ml en nuestra tienda graffiti shop online o visitanos en nuestra tienda f\u00edsica y descubre todos los productos para bellas artes y graffiti que te ofrece Montana Cans.<\/p>\n<p>Ultrawide es distribuidor oficial Montana Cans en Espa\u00f1a con venta a profesionales y particulares del sector de bellas artes y pinturas.<\/p>\n<p>\u2022Colores mate y de alta opacidad<br \/>\n\u2022 Disponible en 36 colores + barniz brillante<br \/>\n\u2022 a base de agua y libre de disolventes<br \/>\n\u2022 Colores mezclables y acuarelables<br \/>\n\u2022 UV y resistente a la intemperie (si est\u00e1 sellado con barniz)<br \/>\n\u2022 secado r\u00e1pido<br \/>\n\u2022 Diluible con agua y acetona<br \/>\n\u2022 Adecuado para su uso con aer\u00f3grafo<\/p>\n<p>Tinta acrilica, tinta al agua, acrilico, pintura <em>acrilica, \u00a0recarga al agua<\/em><\/p>\n","protected":false},"excerpt":{"rendered":"<p>Recarga de 180ml de tinta acr\u00edlica.La nueva pintura Montana ACR\u00cdLYC recargas de 180 ml y 25 ml<br \/>\nTodos los colores de los marcadores de Montana ACR\u00cdLICO tambi\u00e9n est\u00e1n disponibles como Montana ACR\u00cdLICO de recarga de pintura en 180 ml y 25 ml. Son perfectos para rellenar todos los <em>marcadores acr\u00edlicos<\/em> o mezclar sus propios colores. La botella dispensadora especial permite una f\u00e1cil dosificaci\u00f3n de colores y limpio para rellenar los marcadores. Montana <em>Pintura acr\u00edlica<\/em> tambi\u00e9n es ideal para otras t\u00e9cnicas de medios mixtos, como Aer\u00f3grafo, aplicaci\u00f3n con brocha, esponja, sello o directamente desde la botella de relleno.<\/p>\n","protected":false},"featured_media":1321,"comment_status":"closed","ping_status":"closed","template":"","meta":{"site-sidebar-layout":"default","site-content-layout":"","ast-site-content-layout":"default","site-content-style":"default","site-sidebar-style":"default","ast-global-header-display":"","ast-banner-title-visibility":"","ast-main-header-display":"","ast-hfb-above-header-display":"","ast-hfb-below-header-display":"","ast-hfb-mobile-header-display":"","site-post-title":"","ast-breadcrumbs-content":"","ast-featured-img":"","footer-sml-layout":"","ast-disable-related-posts":"","theme-transparent-header-meta":"","adv-header-id-meta":"","stick-header-meta":"","header-above-stick-meta":"","header-main-stick-meta":"","header-below-stick-meta":"","astra-migrate-meta-layouts":"default","ast-page-background-enabled":"default","ast-page-background-meta":{"desktop":{"background-color":"","background-image":"","background-repeat":"repeat","background-position":"center center","background-size":"auto","background-attachment":"scroll","background-type":"","background-media":"","overlay-type":"","overlay-color":"","overlay-opacity":"","overlay-gradient":""},"tablet":{"background-color":"","background-image":"","background-repeat":"repeat","background-position":"center center","background-size":"auto","background-attachment":"scroll","background-type":"","background-media":"","overlay-type":"","overlay-color":"","overlay-opacity":"","overlay-gradient":""},"mobile":{"background-color":"","background-image":"","background-repeat":"repeat","background-position":"center center","background-size":"auto","background-attachment":"scroll","background-type":"","background-media":"","overlay-type":"","overlay-color":"","overlay-opacity":"","overlay-gradient":""}},"ast-content-background-meta":{"desktop":{"background-color":"var(--ast-global-color-5)","background-image":"","background-repeat":"repeat","background-position":"center center","background-size":"auto","background-attachment":"scroll","background-type":"","background-media":"","overlay-type":"","overlay-color":"","overlay-opacity":"","overlay-gradient":""},"tablet":{"background-color":"var(--ast-global-color-5)","background-image":"","background-repeat":"repeat","background-position":"center center","background-size":"auto","background-attachment":"scroll","background-type":"","background-media":"","overlay-type":"","overlay-color":"","overlay-opacity":"","overlay-gradient":""},"mobile":{"background-color":"var(--ast-global-color-5)","background-image":"","background-repeat":"repeat","background-position":"center center","background-size":"auto","background-attachment":"scroll","background-type":"","background-media":"","overlay-type":"","overlay-color":"","overlay-opacity":"","overlay-gradient":""}}},"product_brand":[],"product_cat":[607,2399],"product_tag":[3734,686,1019,3738,685,3735,3737,3090,3089,683,684,3086,3736],"class_list":{"0":"post-2526","1":"product","2":"type-product","3":"status-publish","4":"has-post-thumbnail","6":"product_cat-graffiti-tintas-y-pinturas-shop-barcelona","7":"product_cat-montana-tintas-acrilicas","8":"product_tag-acrilico-montana-recarga","9":"product_tag-colores-recarga-180","10":"product_tag-montana","11":"product_tag-montana-base-agua-pintura","12":"product_tag-montana-regarga-180","13":"product_tag-pintura-acrilica-rotuladores","14":"product_tag-pintura-base-acrilica","15":"product_tag-recarga-montana","16":"product_tag-recarga-rotuladores-acrilicos","17":"product_tag-regarga-180-colores","18":"product_tag-regarga-180-montana","19":"product_tag-tinta-acrilica-montana","20":"product_tag-tinta-aerografo","21":"pa_arte-barna-art-barcelona","22":"pa_arte-belles-arts-barcelona","23":"pa_arte-material-bellas-artes-barato","24":"pa_arte-material-bellas-artes-madrid","25":"pa_arte-material-bellas-artes-outlet","26":"pa_arte-tienda-bellas-artes-online","27":"pa_color-gravel","28":"pa_color-iron-curtain","29":"pa_color-100-cyan","30":"pa_color-fl-acid-green","31":"pa_color-fl-fire-red","32":"pa_color-fl-flash-yellow","33":"pa_color-fl-gleaming-pink","34":"pa_color-fl-power-orange","35":"pa_color-make-up","36":"pa_color-malachite-light","37":"pa_color-royal-red","38":"pa_color-sahara-beige","39":"pa_color-montana-spray-outline-silver","40":"pa_color-sh-black","41":"pa_color-sh-blue-dark","42":"pa_color-sh-blue-light","43":"pa_color-sh-blue","44":"pa_color-sh-brown-dark","45":"pa_color-sh-brown-light","46":"pa_color-sh-brown","47":"pa_color-sh-green-dark","48":"pa_color-sh-green-light","49":"pa_color-sh-green","50":"pa_color-sh-kent-blood-red","51":"pa_color-sh-lilac","52":"pa_color-sh-orange-dark","53":"pa_color-sh-orange-light","54":"pa_color-sh-orange","55":"pa_color-sh-pink-light","56":"pa_color-sh-pink","57":"pa_color-sh-red","58":"pa_color-sh-white-pure","59":"pa_color-sh-yellow","60":"pa_graffiti-shop-graffiti-barcelona","61":"pa_graffiti-shop-graffiti-camisetas","62":"pa_graffiti-shop-graffiti-moda","63":"pa_graffiti-shop-graffiti-ropa","64":"pa_graffiti-shop-graffiti-shop-barcelona","65":"pa_graffiti-shop-moda-barcelona-graffiti","66":"pa_graffiti-shop-spray-tienda-barcelona","67":"desktop-align-left","68":"tablet-align-left","69":"mobile-align-left","71":"first","72":"instock","73":"purchasable","74":"product-type-variable"},"yoast_head":"<!-- This site is optimized with the Yoast SEO plugin v27.0 - https:\/\/yoast.com\/product\/yoast-seo-wordpress\/ -->\n<title>Montana Acrylic Paint 180ml. Tinta Acr\u00edlica Montana<\/title>\n<meta name=\"description\" content=\"graffiti? montana cans barcelona. tienda bellas artes online. montana cans barcelona. rotuladores para arte? spray para coches?\" \/>\n<meta name=\"robots\" content=\"index, follow, max-snippet:-1, max-image-preview:large, max-video-preview:-1\" \/>\n<link rel=\"canonical\" href=\"https:\/\/dev4.devmitsinformatica.com\/en\/shop\/graffiti-tintas-y-pinturas-shop-barcelona\/montana-acrylic-paint-recarga-180ml\/\" \/>\n<meta property=\"og:locale\" content=\"en_US\" \/>\n<meta property=\"og:type\" content=\"article\" \/>\n<meta property=\"og:title\" content=\"Montana Acrylic Paint 180ml. Tinta Acr\u00edlica Montana\" \/>\n<meta property=\"og:description\" content=\"graffiti? montana cans barcelona. tienda bellas artes online. montana cans barcelona. rotuladores para arte? spray para coches?\" \/>\n<meta property=\"og:url\" content=\"https:\/\/dev4.devmitsinformatica.com\/en\/shop\/graffiti-tintas-y-pinturas-shop-barcelona\/montana-acrylic-paint-recarga-180ml\/\" \/>\n<meta property=\"og:site_name\" content=\"ULTRAWIDE GRAFFITI SHOP\" \/>\n<meta property=\"article:modified_time\" content=\"2023-10-14T10:22:35+00:00\" \/>\n<meta property=\"og:image\" content=\"https:\/\/dev4.devmitsinformatica.com\/wp-content\/uploads\/2016\/08\/montana_acrylic_refill_180ml_1.jpg\" \/>\n\t<meta property=\"og:image:width\" content=\"500\" \/>\n\t<meta property=\"og:image:height\" content=\"500\" \/>\n\t<meta property=\"og:image:type\" content=\"image\/jpeg\" \/>\n<meta name=\"twitter:card\" content=\"summary_large_image\" \/>\n<meta name=\"twitter:label1\" content=\"Est. reading time\" \/>\n\t<meta name=\"twitter:data1\" content=\"2 minutes\" \/>\n<script type=\"application\/ld+json\" class=\"yoast-schema-graph\">{\"@context\":\"https:\/\/schema.org\",\"@graph\":[{\"@type\":\"WebPage\",\"@id\":\"https:\/\/dev4.devmitsinformatica.com\/en\/shop\/graffiti-tintas-y-pinturas-shop-barcelona\/montana-acrylic-paint-recarga-180ml\/\",\"url\":\"https:\/\/dev4.devmitsinformatica.com\/en\/shop\/graffiti-tintas-y-pinturas-shop-barcelona\/montana-acrylic-paint-recarga-180ml\/\",\"name\":\"Montana Acrylic Paint 180ml. Tinta Acr\u00edlica Montana\",\"isPartOf\":{\"@id\":\"https:\/\/dev4.devmitsinformatica.com\/en\/#website\"},\"primaryImageOfPage\":{\"@id\":\"https:\/\/dev4.devmitsinformatica.com\/en\/shop\/graffiti-tintas-y-pinturas-shop-barcelona\/montana-acrylic-paint-recarga-180ml\/#primaryimage\"},\"image\":{\"@id\":\"https:\/\/dev4.devmitsinformatica.com\/en\/shop\/graffiti-tintas-y-pinturas-shop-barcelona\/montana-acrylic-paint-recarga-180ml\/#primaryimage\"},\"thumbnailUrl\":\"https:\/\/dev4.devmitsinformatica.com\/wp-content\/uploads\/2016\/08\/montana_acrylic_refill_180ml_1.jpg\",\"datePublished\":\"2016-09-01T20:39:08+00:00\",\"dateModified\":\"2023-10-14T10:22:35+00:00\",\"description\":\"graffiti? montana cans barcelona. tienda bellas artes online. montana cans barcelona. rotuladores para arte? spray para coches?\",\"breadcrumb\":{\"@id\":\"https:\/\/dev4.devmitsinformatica.com\/en\/shop\/graffiti-tintas-y-pinturas-shop-barcelona\/montana-acrylic-paint-recarga-180ml\/#breadcrumb\"},\"inLanguage\":\"en-US\",\"potentialAction\":[{\"@type\":\"ReadAction\",\"target\":[\"https:\/\/dev4.devmitsinformatica.com\/en\/shop\/graffiti-tintas-y-pinturas-shop-barcelona\/montana-acrylic-paint-recarga-180ml\/\"]}]},{\"@type\":\"ImageObject\",\"inLanguage\":\"en-US\",\"@id\":\"https:\/\/dev4.devmitsinformatica.com\/en\/shop\/graffiti-tintas-y-pinturas-shop-barcelona\/montana-acrylic-paint-recarga-180ml\/#primaryimage\",\"url\":\"https:\/\/dev4.devmitsinformatica.com\/wp-content\/uploads\/2016\/08\/montana_acrylic_refill_180ml_1.jpg\",\"contentUrl\":\"https:\/\/dev4.devmitsinformatica.com\/wp-content\/uploads\/2016\/08\/montana_acrylic_refill_180ml_1.jpg\",\"width\":500,\"height\":500},{\"@type\":\"BreadcrumbList\",\"@id\":\"https:\/\/dev4.devmitsinformatica.com\/en\/shop\/graffiti-tintas-y-pinturas-shop-barcelona\/montana-acrylic-paint-recarga-180ml\/#breadcrumb\",\"itemListElement\":[{\"@type\":\"ListItem\",\"position\":1,\"name\":\"Home\",\"item\":\"https:\/\/dev4.devmitsinformatica.com\/en\/\"},{\"@type\":\"ListItem\",\"position\":2,\"name\":\"Store\",\"item\":\"https:\/\/dev4.devmitsinformatica.com\/?page_id=38\"},{\"@type\":\"ListItem\",\"position\":3,\"name\":\"Montana Acrylic Paint 180ml\"}]},{\"@type\":\"WebSite\",\"@id\":\"https:\/\/dev4.devmitsinformatica.com\/en\/#website\",\"url\":\"https:\/\/dev4.devmitsinformatica.com\/en\/\",\"name\":\"ULTRAWIDE GRAFFITI SHOP\",\"description\":\"SPRAY GRAFFITI SHOP CAPS Y ROTULADORES\",\"publisher\":{\"@id\":\"https:\/\/dev4.devmitsinformatica.com\/en\/#organization\"},\"potentialAction\":[{\"@type\":\"SearchAction\",\"target\":{\"@type\":\"EntryPoint\",\"urlTemplate\":\"https:\/\/dev4.devmitsinformatica.com\/en\/?s={search_term_string}\"},\"query-input\":{\"@type\":\"PropertyValueSpecification\",\"valueRequired\":true,\"valueName\":\"search_term_string\"}}],\"inLanguage\":\"en-US\"},{\"@type\":\"Organization\",\"@id\":\"https:\/\/dev4.devmitsinformatica.com\/en\/#organization\",\"name\":\"ANDEN Graffiti Shop Barcelona\",\"url\":\"https:\/\/dev4.devmitsinformatica.com\/en\/\",\"logo\":{\"@type\":\"ImageObject\",\"inLanguage\":\"en-US\",\"@id\":\"https:\/\/dev4.devmitsinformatica.com\/en\/#\/schema\/logo\/image\/\",\"url\":\"https:\/\/dev4.devmitsinformatica.com\/wp-content\/uploads\/2016\/11\/graffiti-gallery-barcelona.png\",\"contentUrl\":\"https:\/\/dev4.devmitsinformatica.com\/wp-content\/uploads\/2016\/11\/graffiti-gallery-barcelona.png\",\"width\":386,\"height\":150,\"caption\":\"ANDEN Graffiti Shop Barcelona\"},\"image\":{\"@id\":\"https:\/\/dev4.devmitsinformatica.com\/en\/#\/schema\/logo\/image\/\"}}]}<\/script>\n<!-- \/ Yoast SEO plugin. -->","yoast_head_json":{"title":"Montana Acrylic Paint 180ml. Tinta Acr\u00edlica Montana","description":"graffiti? montana cans barcelona. tienda bellas artes online. montana cans barcelona. rotuladores para arte? spray para coches?","robots":{"index":"index","follow":"follow","max-snippet":"max-snippet:-1","max-image-preview":"max-image-preview:large","max-video-preview":"max-video-preview:-1"},"canonical":"https:\/\/dev4.devmitsinformatica.com\/en\/shop\/graffiti-tintas-y-pinturas-shop-barcelona\/montana-acrylic-paint-recarga-180ml\/","og_locale":"en_US","og_type":"article","og_title":"Montana Acrylic Paint 180ml. Tinta Acr\u00edlica Montana","og_description":"graffiti? montana cans barcelona. tienda bellas artes online. montana cans barcelona. rotuladores para arte? spray para coches?","og_url":"https:\/\/dev4.devmitsinformatica.com\/en\/shop\/graffiti-tintas-y-pinturas-shop-barcelona\/montana-acrylic-paint-recarga-180ml\/","og_site_name":"ULTRAWIDE GRAFFITI SHOP","article_modified_time":"2023-10-14T10:22:35+00:00","og_image":[{"width":500,"height":500,"url":"https:\/\/dev4.devmitsinformatica.com\/wp-content\/uploads\/2016\/08\/montana_acrylic_refill_180ml_1.jpg","type":"image\/jpeg"}],"twitter_card":"summary_large_image","twitter_misc":{"Est. reading time":"2 minutes"},"schema":{"@context":"https:\/\/schema.org","@graph":[{"@type":"WebPage","@id":"https:\/\/dev4.devmitsinformatica.com\/en\/shop\/graffiti-tintas-y-pinturas-shop-barcelona\/montana-acrylic-paint-recarga-180ml\/","url":"https:\/\/dev4.devmitsinformatica.com\/en\/shop\/graffiti-tintas-y-pinturas-shop-barcelona\/montana-acrylic-paint-recarga-180ml\/","name":"Montana Acrylic Paint 180ml. Tinta Acr\u00edlica Montana","isPartOf":{"@id":"https:\/\/dev4.devmitsinformatica.com\/en\/#website"},"primaryImageOfPage":{"@id":"https:\/\/dev4.devmitsinformatica.com\/en\/shop\/graffiti-tintas-y-pinturas-shop-barcelona\/montana-acrylic-paint-recarga-180ml\/#primaryimage"},"image":{"@id":"https:\/\/dev4.devmitsinformatica.com\/en\/shop\/graffiti-tintas-y-pinturas-shop-barcelona\/montana-acrylic-paint-recarga-180ml\/#primaryimage"},"thumbnailUrl":"https:\/\/dev4.devmitsinformatica.com\/wp-content\/uploads\/2016\/08\/montana_acrylic_refill_180ml_1.jpg","datePublished":"2016-09-01T20:39:08+00:00","dateModified":"2023-10-14T10:22:35+00:00","description":"graffiti? montana cans barcelona. tienda bellas artes online. montana cans barcelona. rotuladores para arte? spray para coches?","breadcrumb":{"@id":"https:\/\/dev4.devmitsinformatica.com\/en\/shop\/graffiti-tintas-y-pinturas-shop-barcelona\/montana-acrylic-paint-recarga-180ml\/#breadcrumb"},"inLanguage":"en-US","potentialAction":[{"@type":"ReadAction","target":["https:\/\/dev4.devmitsinformatica.com\/en\/shop\/graffiti-tintas-y-pinturas-shop-barcelona\/montana-acrylic-paint-recarga-180ml\/"]}]},{"@type":"ImageObject","inLanguage":"en-US","@id":"https:\/\/dev4.devmitsinformatica.com\/en\/shop\/graffiti-tintas-y-pinturas-shop-barcelona\/montana-acrylic-paint-recarga-180ml\/#primaryimage","url":"https:\/\/dev4.devmitsinformatica.com\/wp-content\/uploads\/2016\/08\/montana_acrylic_refill_180ml_1.jpg","contentUrl":"https:\/\/dev4.devmitsinformatica.com\/wp-content\/uploads\/2016\/08\/montana_acrylic_refill_180ml_1.jpg","width":500,"height":500},{"@type":"BreadcrumbList","@id":"https:\/\/dev4.devmitsinformatica.com\/en\/shop\/graffiti-tintas-y-pinturas-shop-barcelona\/montana-acrylic-paint-recarga-180ml\/#breadcrumb","itemListElement":[{"@type":"ListItem","position":1,"name":"Home","item":"https:\/\/dev4.devmitsinformatica.com\/en\/"},{"@type":"ListItem","position":2,"name":"Store","item":"https:\/\/dev4.devmitsinformatica.com\/?page_id=38"},{"@type":"ListItem","position":3,"name":"Montana Acrylic Paint 180ml"}]},{"@type":"WebSite","@id":"https:\/\/dev4.devmitsinformatica.com\/en\/#website","url":"https:\/\/dev4.devmitsinformatica.com\/en\/","name":"ULTRAWIDE GRAFFITI SHOP","description":"SPRAY GRAFFITI SHOP CAPS Y ROTULADORES","publisher":{"@id":"https:\/\/dev4.devmitsinformatica.com\/en\/#organization"},"potentialAction":[{"@type":"SearchAction","target":{"@type":"EntryPoint","urlTemplate":"https:\/\/dev4.devmitsinformatica.com\/en\/?s={search_term_string}"},"query-input":{"@type":"PropertyValueSpecification","valueRequired":true,"valueName":"search_term_string"}}],"inLanguage":"en-US"},{"@type":"Organization","@id":"https:\/\/dev4.devmitsinformatica.com\/en\/#organization","name":"ANDEN Graffiti Shop Barcelona","url":"https:\/\/dev4.devmitsinformatica.com\/en\/","logo":{"@type":"ImageObject","inLanguage":"en-US","@id":"https:\/\/dev4.devmitsinformatica.com\/en\/#\/schema\/logo\/image\/","url":"https:\/\/dev4.devmitsinformatica.com\/wp-content\/uploads\/2016\/11\/graffiti-gallery-barcelona.png","contentUrl":"https:\/\/dev4.devmitsinformatica.com\/wp-content\/uploads\/2016\/11\/graffiti-gallery-barcelona.png","width":386,"height":150,"caption":"ANDEN Graffiti Shop Barcelona"},"image":{"@id":"https:\/\/dev4.devmitsinformatica.com\/en\/#\/schema\/logo\/image\/"}}]}},"_links":{"self":[{"href":"https:\/\/dev4.devmitsinformatica.com\/en\/wp-json\/wp\/v2\/product\/2526","targetHints":{"allow":["GET"]}}],"collection":[{"href":"https:\/\/dev4.devmitsinformatica.com\/en\/wp-json\/wp\/v2\/product"}],"about":[{"href":"https:\/\/dev4.devmitsinformatica.com\/en\/wp-json\/wp\/v2\/types\/product"}],"replies":[{"embeddable":true,"href":"https:\/\/dev4.devmitsinformatica.com\/en\/wp-json\/wp\/v2\/comments?post=2526"}],"version-history":[{"count":0,"href":"https:\/\/dev4.devmitsinformatica.com\/en\/wp-json\/wp\/v2\/product\/2526\/revisions"}],"wp:featuredmedia":[{"embeddable":true,"href":"https:\/\/dev4.devmitsinformatica.com\/en\/wp-json\/wp\/v2\/media\/1321"}],"wp:attachment":[{"href":"https:\/\/dev4.devmitsinformatica.com\/en\/wp-json\/wp\/v2\/media?parent=2526"}],"wp:term":[{"taxonomy":"product_brand","embeddable":true,"href":"https:\/\/dev4.devmitsinformatica.com\/en\/wp-json\/wp\/v2\/product_brand?post=2526"},{"taxonomy":"product_cat","embeddable":true,"href":"https:\/\/dev4.devmitsinformatica.com\/en\/wp-json\/wp\/v2\/product_cat?post=2526"},{"taxonomy":"product_tag","embeddable":true,"href":"https:\/\/dev4.devmitsinformatica.com\/en\/wp-json\/wp\/v2\/product_tag?post=2526"}],"curies":[{"name":"wp","href":"https:\/\/api.w.org\/{rel}","templated":true}]}}