{"id":2560,"date":"2016-09-01T20:39:20","date_gmt":"2016-09-01T20:39:20","guid":{"rendered":"http:\/\/spraygraffiti.com\/index.php\/product\/montana-acrylic-paint-recarga-25ml\/"},"modified":"2023-10-14T10:20:53","modified_gmt":"2023-10-14T10:20:53","slug":"montana-acrylic-paint-recarga-25ml","status":"publish","type":"product","link":"https:\/\/dev4.devmitsinformatica.com\/en\/shop\/graffiti-tintas-y-pinturas-shop-barcelona\/montana-acrylic-paint-recarga-25ml\/","title":{"rendered":"Montana Acrylic Paint Recarga 25ml."},"content":{"rendered":"<h1><span style=\"text-decoration: underline;\">Montana Acrylic Paint Recarga 25ml.<\/span><\/h1>\n<p>Montana<strong> Acrylic Paint<\/strong> Recarga 25ml.\u00a0<em>Recarga de 25ml<\/em> de<em><strong> tinta acr\u00edlica<\/strong>.<\/em>La nueva pintura Montana ACR\u00cdLYC recargas de 180 ml y 25 ml.<\/p>\n<p>Pinturas-Tintas base agua para recarga de rotuladores o bellas artes.<br \/>\nTodos los colores de los marcadores de Montana ACR\u00cdLICO tambi\u00e9n est\u00e1n disponibles como Montana ACR\u00cdLICO de recarga de pintura en 180 ml y 25 ml. Son perfectos para rellenar todos los <em>marcadores acr\u00edlicos<\/em> o mezclar sus propios colores. La botella dispensadora especial permite una f\u00e1cil dosificaci\u00f3n de colores y limpio para rellenar los marcadores. Montana <strong><em>Pintura acr\u00edlica<\/em><\/strong> tambi\u00e9n es ideal para otras t\u00e9cnicas de medios mixtos, como Aer\u00f3grafo, aplicaci\u00f3n con brocha, esponja, sello o directamente desde la botella de relleno. Ya sea sobre lienzo, madera, vidrio, piedra, cuero o metal &#8211; los colores de Montana \u00a0acr\u00edlico a base de agua se pueden aplicar en muchos sustratos diferentes. Debido a la alta calidad de acabado y pigmentos finamente molidos son todos los tonos de Montana ACRILYC altamente opacos y resistentes a los rayos UV. Para una mayor durabilidad y protecci\u00f3n de los colores recomendamos su sellado con Montana Gold \u00a0brillante Barniz transparente adicional.<\/p>\n<p>\u2022Colores mate y de alta opacidad<br \/>\n\u2022 Disponible en 36 colores + barniz brillante<br \/>\n\u2022 a base de agua y libre de disolventes<br \/>\n\u2022 Colores mezclables y Acuarelables.<br \/>\n\u2022 UV y resistente a la intemperie (si est\u00e1 sellado con barniz)<br \/>\n\u2022 secado r\u00e1pido<br \/>\n\u2022 Diluible con agua y acetona<br \/>\n\u2022 Adecuado para su uso con aer\u00f3grafo<\/p>\n<p>montana refill acrylic, recarga <strong>pintura acrilicca<\/strong>, recarga rotuladores, tinta acr\u00edlica<\/p>\n","protected":false},"excerpt":{"rendered":"<p>Recarga de 25ml de tinta acr\u00edlica.La nueva pintura Montana ACR\u00cdLYC recargas de 180 ml y 25 ml<br \/>\nTodos los colores de los marcadores de Montana ACR\u00cdLICO tambi\u00e9n est\u00e1n disponibles como Montana ACR\u00cdLICO de recarga de pintura en 180 ml y 25 ml. Son perfectos para rellenar todos los <em>marcadores acr\u00edlicos<\/em> o mezclar sus propios colores. La botella dispensadora especial permite una f\u00e1cil dosificaci\u00f3n de colores y limpio para rellenar los marcadores.<\/p>\n<p>Tinta para rotuladores-<strong>recargas acrilicas<\/strong>-pintura acr\u00edlica-rellenar marcadores-montana recarga<\/p>\n<p>&nbsp;<\/p>\n<p>&nbsp;<\/p>\n","protected":false},"featured_media":1357,"comment_status":"closed","ping_status":"closed","template":"","meta":{"site-sidebar-layout":"default","site-content-layout":"","ast-site-content-layout":"default","site-content-style":"default","site-sidebar-style":"default","ast-global-header-display":"","ast-banner-title-visibility":"","ast-main-header-display":"","ast-hfb-above-header-display":"","ast-hfb-below-header-display":"","ast-hfb-mobile-header-display":"","site-post-title":"","ast-breadcrumbs-content":"","ast-featured-img":"","footer-sml-layout":"","ast-disable-related-posts":"","theme-transparent-header-meta":"","adv-header-id-meta":"","stick-header-meta":"","header-above-stick-meta":"","header-main-stick-meta":"","header-below-stick-meta":"","astra-migrate-meta-layouts":"default","ast-page-background-enabled":"default","ast-page-background-meta":{"desktop":{"background-color":"","background-image":"","background-repeat":"repeat","background-position":"center center","background-size":"auto","background-attachment":"scroll","background-type":"","background-media":"","overlay-type":"","overlay-color":"","overlay-opacity":"","overlay-gradient":""},"tablet":{"background-color":"","background-image":"","background-repeat":"repeat","background-position":"center center","background-size":"auto","background-attachment":"scroll","background-type":"","background-media":"","overlay-type":"","overlay-color":"","overlay-opacity":"","overlay-gradient":""},"mobile":{"background-color":"","background-image":"","background-repeat":"repeat","background-position":"center center","background-size":"auto","background-attachment":"scroll","background-type":"","background-media":"","overlay-type":"","overlay-color":"","overlay-opacity":"","overlay-gradient":""}},"ast-content-background-meta":{"desktop":{"background-color":"var(--ast-global-color-5)","background-image":"","background-repeat":"repeat","background-position":"center center","background-size":"auto","background-attachment":"scroll","background-type":"","background-media":"","overlay-type":"","overlay-color":"","overlay-opacity":"","overlay-gradient":""},"tablet":{"background-color":"var(--ast-global-color-5)","background-image":"","background-repeat":"repeat","background-position":"center center","background-size":"auto","background-attachment":"scroll","background-type":"","background-media":"","overlay-type":"","overlay-color":"","overlay-opacity":"","overlay-gradient":""},"mobile":{"background-color":"var(--ast-global-color-5)","background-image":"","background-repeat":"repeat","background-position":"center center","background-size":"auto","background-attachment":"scroll","background-type":"","background-media":"","overlay-type":"","overlay-color":"","overlay-opacity":"","overlay-gradient":""}}},"product_brand":[],"product_cat":[607,2399],"product_tag":[1298,1296,682,1019,1304,1303,1306,1305,680,1297,1295,1300,1302,1301,1299,681,3087,3086],"class_list":{"0":"post-2560","1":"product","2":"type-product","3":"status-publish","4":"has-post-thumbnail","6":"product_cat-graffiti-tintas-y-pinturas-shop-barcelona","7":"product_cat-montana-tintas-acrilicas","8":"product_tag-color-montana-recarga","9":"product_tag-color-recarga-montana","10":"product_tag-colores-rotulador-recarga","11":"product_tag-montana","12":"product_tag-montana-color-recarga","13":"product_tag-montana-pintura-recarga","14":"product_tag-montana-recarga-color","15":"product_tag-montana-recarga-pintura","16":"product_tag-montana-rotulador-recarga","17":"product_tag-pintura-montana-recarga","18":"product_tag-pintura-recarga-montana","19":"product_tag-recarga-color-montana","20":"product_tag-recarga-montana-color","21":"product_tag-recarga-montana-pintura","22":"product_tag-recarga-pintura-montana","23":"product_tag-recarga-rotulador-colores","24":"product_tag-recarga-tinta-acrilica","25":"product_tag-tinta-acrilica-montana","26":"pa_arte-barna-art-barcelona","27":"pa_arte-belles-arts-barcelona","28":"pa_arte-material-bellas-artes-barato","29":"pa_arte-material-bellas-artes-madrid","30":"pa_arte-material-bellas-artes-outlet","31":"pa_arte-tienda-bellas-artes-online","32":"pa_color-gold-matt","33":"pa_color-gravel","34":"pa_color-iron-curtain","35":"pa_color-100-cyan","36":"pa_color-copper-matt","37":"pa_color-fl-acid-green","38":"pa_color-fl-fire-red","39":"pa_color-fl-flash-yellow","40":"pa_color-fl-gleaming-pink","41":"pa_color-fl-power-orange","42":"pa_color-make-up","43":"pa_color-malachite-light","44":"pa_color-royal-red","45":"pa_color-sahara-beige","46":"pa_color-montana-spray-outline-silver","47":"pa_color-sh-black","48":"pa_color-sh-blue-dark","49":"pa_color-sh-blue-light","50":"pa_color-sh-blue","51":"pa_color-sh-brown-dark","52":"pa_color-sh-brown-light","53":"pa_color-sh-brown","54":"pa_color-sh-green-dark","55":"pa_color-sh-green-light","56":"pa_color-sh-green","57":"pa_color-sh-kent-blood-red","58":"pa_color-sh-lilac","59":"pa_color-sh-orange-dark","60":"pa_color-sh-orange-light","61":"pa_color-sh-orange","62":"pa_color-sh-pink-light","63":"pa_color-sh-pink","64":"pa_color-sh-red","65":"pa_color-sh-white-pure","66":"pa_color-sh-yellow","67":"desktop-align-left","68":"tablet-align-left","69":"mobile-align-left","71":"first","72":"instock","73":"purchasable","74":"product-type-variable"},"yoast_head":"<!-- This site is optimized with the Yoast SEO plugin v27.0 - https:\/\/yoast.com\/product\/yoast-seo-wordpress\/ -->\n<title>Montana Acrylic Paint Recarga 25ml. Tinta acr\u00edlica<\/title>\n<meta name=\"description\" content=\"Tinta acr\u00edlica recarga montana. rotuladores para arte? spray para coches? tienda para arte en barcelona. tienda graffiti, ropa street art y montana colores. barniz de montana?\" \/>\n<meta name=\"robots\" content=\"index, follow, max-snippet:-1, max-image-preview:large, max-video-preview:-1\" \/>\n<link rel=\"canonical\" href=\"https:\/\/dev4.devmitsinformatica.com\/en\/shop\/graffiti-tintas-y-pinturas-shop-barcelona\/montana-acrylic-paint-recarga-25ml\/\" \/>\n<meta property=\"og:locale\" content=\"en_US\" \/>\n<meta property=\"og:type\" content=\"article\" \/>\n<meta property=\"og:title\" content=\"Montana Acrylic Paint Recarga 25ml. Tinta acr\u00edlica\" \/>\n<meta property=\"og:description\" content=\"Tinta acr\u00edlica recarga montana. rotuladores para arte? spray para coches? tienda para arte en barcelona. tienda graffiti, ropa street art y montana colores. barniz de montana?\" \/>\n<meta property=\"og:url\" content=\"https:\/\/dev4.devmitsinformatica.com\/en\/shop\/graffiti-tintas-y-pinturas-shop-barcelona\/montana-acrylic-paint-recarga-25ml\/\" \/>\n<meta property=\"og:site_name\" content=\"ULTRAWIDE GRAFFITI SHOP\" \/>\n<meta property=\"article:modified_time\" content=\"2023-10-14T10:20:53+00:00\" \/>\n<meta property=\"og:image\" content=\"https:\/\/dev4.devmitsinformatica.com\/wp-content\/uploads\/2016\/08\/acr_25ml_gold_matt.jpg\" \/>\n\t<meta property=\"og:image:width\" content=\"500\" \/>\n\t<meta property=\"og:image:height\" content=\"500\" \/>\n\t<meta property=\"og:image:type\" content=\"image\/jpeg\" \/>\n<meta name=\"twitter:card\" content=\"summary_large_image\" \/>\n<meta name=\"twitter:label1\" content=\"Est. reading time\" \/>\n\t<meta name=\"twitter:data1\" content=\"1 minute\" \/>\n<script type=\"application\/ld+json\" class=\"yoast-schema-graph\">{\"@context\":\"https:\/\/schema.org\",\"@graph\":[{\"@type\":\"WebPage\",\"@id\":\"https:\/\/dev4.devmitsinformatica.com\/en\/shop\/graffiti-tintas-y-pinturas-shop-barcelona\/montana-acrylic-paint-recarga-25ml\/\",\"url\":\"https:\/\/dev4.devmitsinformatica.com\/en\/shop\/graffiti-tintas-y-pinturas-shop-barcelona\/montana-acrylic-paint-recarga-25ml\/\",\"name\":\"Montana Acrylic Paint Recarga 25ml. Tinta acr\u00edlica\",\"isPartOf\":{\"@id\":\"https:\/\/dev4.devmitsinformatica.com\/en\/#website\"},\"primaryImageOfPage\":{\"@id\":\"https:\/\/dev4.devmitsinformatica.com\/en\/shop\/graffiti-tintas-y-pinturas-shop-barcelona\/montana-acrylic-paint-recarga-25ml\/#primaryimage\"},\"image\":{\"@id\":\"https:\/\/dev4.devmitsinformatica.com\/en\/shop\/graffiti-tintas-y-pinturas-shop-barcelona\/montana-acrylic-paint-recarga-25ml\/#primaryimage\"},\"thumbnailUrl\":\"https:\/\/dev4.devmitsinformatica.com\/wp-content\/uploads\/2016\/08\/acr_25ml_gold_matt.jpg\",\"datePublished\":\"2016-09-01T20:39:20+00:00\",\"dateModified\":\"2023-10-14T10:20:53+00:00\",\"description\":\"Tinta acr\u00edlica recarga montana. rotuladores para arte? spray para coches? tienda para arte en barcelona. tienda graffiti, ropa street art y montana colores. barniz de montana?\",\"breadcrumb\":{\"@id\":\"https:\/\/dev4.devmitsinformatica.com\/en\/shop\/graffiti-tintas-y-pinturas-shop-barcelona\/montana-acrylic-paint-recarga-25ml\/#breadcrumb\"},\"inLanguage\":\"en-US\",\"potentialAction\":[{\"@type\":\"ReadAction\",\"target\":[\"https:\/\/dev4.devmitsinformatica.com\/en\/shop\/graffiti-tintas-y-pinturas-shop-barcelona\/montana-acrylic-paint-recarga-25ml\/\"]}]},{\"@type\":\"ImageObject\",\"inLanguage\":\"en-US\",\"@id\":\"https:\/\/dev4.devmitsinformatica.com\/en\/shop\/graffiti-tintas-y-pinturas-shop-barcelona\/montana-acrylic-paint-recarga-25ml\/#primaryimage\",\"url\":\"https:\/\/dev4.devmitsinformatica.com\/wp-content\/uploads\/2016\/08\/acr_25ml_gold_matt.jpg\",\"contentUrl\":\"https:\/\/dev4.devmitsinformatica.com\/wp-content\/uploads\/2016\/08\/acr_25ml_gold_matt.jpg\",\"width\":500,\"height\":500},{\"@type\":\"BreadcrumbList\",\"@id\":\"https:\/\/dev4.devmitsinformatica.com\/en\/shop\/graffiti-tintas-y-pinturas-shop-barcelona\/montana-acrylic-paint-recarga-25ml\/#breadcrumb\",\"itemListElement\":[{\"@type\":\"ListItem\",\"position\":1,\"name\":\"Home\",\"item\":\"https:\/\/dev4.devmitsinformatica.com\/en\/\"},{\"@type\":\"ListItem\",\"position\":2,\"name\":\"Store\",\"item\":\"https:\/\/dev4.devmitsinformatica.com\/?page_id=38\"},{\"@type\":\"ListItem\",\"position\":3,\"name\":\"Montana Acrylic Paint Recarga 25ml.\"}]},{\"@type\":\"WebSite\",\"@id\":\"https:\/\/dev4.devmitsinformatica.com\/en\/#website\",\"url\":\"https:\/\/dev4.devmitsinformatica.com\/en\/\",\"name\":\"ULTRAWIDE GRAFFITI SHOP\",\"description\":\"SPRAY GRAFFITI SHOP CAPS Y ROTULADORES\",\"publisher\":{\"@id\":\"https:\/\/dev4.devmitsinformatica.com\/en\/#organization\"},\"potentialAction\":[{\"@type\":\"SearchAction\",\"target\":{\"@type\":\"EntryPoint\",\"urlTemplate\":\"https:\/\/dev4.devmitsinformatica.com\/en\/?s={search_term_string}\"},\"query-input\":{\"@type\":\"PropertyValueSpecification\",\"valueRequired\":true,\"valueName\":\"search_term_string\"}}],\"inLanguage\":\"en-US\"},{\"@type\":\"Organization\",\"@id\":\"https:\/\/dev4.devmitsinformatica.com\/en\/#organization\",\"name\":\"ANDEN Graffiti Shop Barcelona\",\"url\":\"https:\/\/dev4.devmitsinformatica.com\/en\/\",\"logo\":{\"@type\":\"ImageObject\",\"inLanguage\":\"en-US\",\"@id\":\"https:\/\/dev4.devmitsinformatica.com\/en\/#\/schema\/logo\/image\/\",\"url\":\"https:\/\/dev4.devmitsinformatica.com\/wp-content\/uploads\/2016\/11\/graffiti-gallery-barcelona.png\",\"contentUrl\":\"https:\/\/dev4.devmitsinformatica.com\/wp-content\/uploads\/2016\/11\/graffiti-gallery-barcelona.png\",\"width\":386,\"height\":150,\"caption\":\"ANDEN Graffiti Shop Barcelona\"},\"image\":{\"@id\":\"https:\/\/dev4.devmitsinformatica.com\/en\/#\/schema\/logo\/image\/\"}}]}<\/script>\n<!-- \/ Yoast SEO plugin. -->","yoast_head_json":{"title":"Montana Acrylic Paint Recarga 25ml. Tinta acr\u00edlica","description":"Tinta acr\u00edlica recarga montana. rotuladores para arte? spray para coches? tienda para arte en barcelona. tienda graffiti, ropa street art y montana colores. barniz de montana?","robots":{"index":"index","follow":"follow","max-snippet":"max-snippet:-1","max-image-preview":"max-image-preview:large","max-video-preview":"max-video-preview:-1"},"canonical":"https:\/\/dev4.devmitsinformatica.com\/en\/shop\/graffiti-tintas-y-pinturas-shop-barcelona\/montana-acrylic-paint-recarga-25ml\/","og_locale":"en_US","og_type":"article","og_title":"Montana Acrylic Paint Recarga 25ml. Tinta acr\u00edlica","og_description":"Tinta acr\u00edlica recarga montana. rotuladores para arte? spray para coches? tienda para arte en barcelona. tienda graffiti, ropa street art y montana colores. barniz de montana?","og_url":"https:\/\/dev4.devmitsinformatica.com\/en\/shop\/graffiti-tintas-y-pinturas-shop-barcelona\/montana-acrylic-paint-recarga-25ml\/","og_site_name":"ULTRAWIDE GRAFFITI SHOP","article_modified_time":"2023-10-14T10:20:53+00:00","og_image":[{"width":500,"height":500,"url":"https:\/\/dev4.devmitsinformatica.com\/wp-content\/uploads\/2016\/08\/acr_25ml_gold_matt.jpg","type":"image\/jpeg"}],"twitter_card":"summary_large_image","twitter_misc":{"Est. reading time":"1 minute"},"schema":{"@context":"https:\/\/schema.org","@graph":[{"@type":"WebPage","@id":"https:\/\/dev4.devmitsinformatica.com\/en\/shop\/graffiti-tintas-y-pinturas-shop-barcelona\/montana-acrylic-paint-recarga-25ml\/","url":"https:\/\/dev4.devmitsinformatica.com\/en\/shop\/graffiti-tintas-y-pinturas-shop-barcelona\/montana-acrylic-paint-recarga-25ml\/","name":"Montana Acrylic Paint Recarga 25ml. Tinta acr\u00edlica","isPartOf":{"@id":"https:\/\/dev4.devmitsinformatica.com\/en\/#website"},"primaryImageOfPage":{"@id":"https:\/\/dev4.devmitsinformatica.com\/en\/shop\/graffiti-tintas-y-pinturas-shop-barcelona\/montana-acrylic-paint-recarga-25ml\/#primaryimage"},"image":{"@id":"https:\/\/dev4.devmitsinformatica.com\/en\/shop\/graffiti-tintas-y-pinturas-shop-barcelona\/montana-acrylic-paint-recarga-25ml\/#primaryimage"},"thumbnailUrl":"https:\/\/dev4.devmitsinformatica.com\/wp-content\/uploads\/2016\/08\/acr_25ml_gold_matt.jpg","datePublished":"2016-09-01T20:39:20+00:00","dateModified":"2023-10-14T10:20:53+00:00","description":"Tinta acr\u00edlica recarga montana. rotuladores para arte? spray para coches? tienda para arte en barcelona. tienda graffiti, ropa street art y montana colores. barniz de montana?","breadcrumb":{"@id":"https:\/\/dev4.devmitsinformatica.com\/en\/shop\/graffiti-tintas-y-pinturas-shop-barcelona\/montana-acrylic-paint-recarga-25ml\/#breadcrumb"},"inLanguage":"en-US","potentialAction":[{"@type":"ReadAction","target":["https:\/\/dev4.devmitsinformatica.com\/en\/shop\/graffiti-tintas-y-pinturas-shop-barcelona\/montana-acrylic-paint-recarga-25ml\/"]}]},{"@type":"ImageObject","inLanguage":"en-US","@id":"https:\/\/dev4.devmitsinformatica.com\/en\/shop\/graffiti-tintas-y-pinturas-shop-barcelona\/montana-acrylic-paint-recarga-25ml\/#primaryimage","url":"https:\/\/dev4.devmitsinformatica.com\/wp-content\/uploads\/2016\/08\/acr_25ml_gold_matt.jpg","contentUrl":"https:\/\/dev4.devmitsinformatica.com\/wp-content\/uploads\/2016\/08\/acr_25ml_gold_matt.jpg","width":500,"height":500},{"@type":"BreadcrumbList","@id":"https:\/\/dev4.devmitsinformatica.com\/en\/shop\/graffiti-tintas-y-pinturas-shop-barcelona\/montana-acrylic-paint-recarga-25ml\/#breadcrumb","itemListElement":[{"@type":"ListItem","position":1,"name":"Home","item":"https:\/\/dev4.devmitsinformatica.com\/en\/"},{"@type":"ListItem","position":2,"name":"Store","item":"https:\/\/dev4.devmitsinformatica.com\/?page_id=38"},{"@type":"ListItem","position":3,"name":"Montana Acrylic Paint Recarga 25ml."}]},{"@type":"WebSite","@id":"https:\/\/dev4.devmitsinformatica.com\/en\/#website","url":"https:\/\/dev4.devmitsinformatica.com\/en\/","name":"ULTRAWIDE GRAFFITI SHOP","description":"SPRAY GRAFFITI SHOP CAPS Y ROTULADORES","publisher":{"@id":"https:\/\/dev4.devmitsinformatica.com\/en\/#organization"},"potentialAction":[{"@type":"SearchAction","target":{"@type":"EntryPoint","urlTemplate":"https:\/\/dev4.devmitsinformatica.com\/en\/?s={search_term_string}"},"query-input":{"@type":"PropertyValueSpecification","valueRequired":true,"valueName":"search_term_string"}}],"inLanguage":"en-US"},{"@type":"Organization","@id":"https:\/\/dev4.devmitsinformatica.com\/en\/#organization","name":"ANDEN Graffiti Shop Barcelona","url":"https:\/\/dev4.devmitsinformatica.com\/en\/","logo":{"@type":"ImageObject","inLanguage":"en-US","@id":"https:\/\/dev4.devmitsinformatica.com\/en\/#\/schema\/logo\/image\/","url":"https:\/\/dev4.devmitsinformatica.com\/wp-content\/uploads\/2016\/11\/graffiti-gallery-barcelona.png","contentUrl":"https:\/\/dev4.devmitsinformatica.com\/wp-content\/uploads\/2016\/11\/graffiti-gallery-barcelona.png","width":386,"height":150,"caption":"ANDEN Graffiti Shop Barcelona"},"image":{"@id":"https:\/\/dev4.devmitsinformatica.com\/en\/#\/schema\/logo\/image\/"}}]}},"_links":{"self":[{"href":"https:\/\/dev4.devmitsinformatica.com\/en\/wp-json\/wp\/v2\/product\/2560","targetHints":{"allow":["GET"]}}],"collection":[{"href":"https:\/\/dev4.devmitsinformatica.com\/en\/wp-json\/wp\/v2\/product"}],"about":[{"href":"https:\/\/dev4.devmitsinformatica.com\/en\/wp-json\/wp\/v2\/types\/product"}],"replies":[{"embeddable":true,"href":"https:\/\/dev4.devmitsinformatica.com\/en\/wp-json\/wp\/v2\/comments?post=2560"}],"version-history":[{"count":0,"href":"https:\/\/dev4.devmitsinformatica.com\/en\/wp-json\/wp\/v2\/product\/2560\/revisions"}],"wp:featuredmedia":[{"embeddable":true,"href":"https:\/\/dev4.devmitsinformatica.com\/en\/wp-json\/wp\/v2\/media\/1357"}],"wp:attachment":[{"href":"https:\/\/dev4.devmitsinformatica.com\/en\/wp-json\/wp\/v2\/media?parent=2560"}],"wp:term":[{"taxonomy":"product_brand","embeddable":true,"href":"https:\/\/dev4.devmitsinformatica.com\/en\/wp-json\/wp\/v2\/product_brand?post=2560"},{"taxonomy":"product_cat","embeddable":true,"href":"https:\/\/dev4.devmitsinformatica.com\/en\/wp-json\/wp\/v2\/product_cat?post=2560"},{"taxonomy":"product_tag","embeddable":true,"href":"https:\/\/dev4.devmitsinformatica.com\/en\/wp-json\/wp\/v2\/product_tag?post=2560"}],"curies":[{"name":"wp","href":"https:\/\/api.w.org\/{rel}","templated":true}]}}