{"id":2614,"date":"2016-09-01T20:40:00","date_gmt":"2016-09-01T20:40:00","guid":{"rendered":"http:\/\/spraygraffiti.com\/index.php\/product\/montana-black-rotulador-15mm-std-tip\/"},"modified":"2023-10-14T10:15:22","modified_gmt":"2023-10-14T10:15:22","slug":"montana-black-rotulador-15mm-std-tip","status":"publish","type":"product","link":"https:\/\/dev4.devmitsinformatica.com\/en\/shop\/graffiti-rotulador-shop-barcelona\/montana-black-rotulador-15mm-std-tip\/","title":{"rendered":"Montana Cans Bold Rotulador 15mm"},"content":{"rendered":"<h1><span style=\"text-decoration: underline;\">Montana Cans Bold Rotulador 15mm<\/span><\/h1>\n<p>Montana Cans Bold Rotulador 15mm . El Montana marker ink 15mm es a base de alcohol, permanente y resistente a los rayos UV. La TINTA NEGRA de Montana es una tinta de baja viscosidad. Cada marcador se rellena con 20ml de Tinta.&#8221;HARD BLACK&#8221;. La tinta se entrega a trav\u00e9s de la punta de fieltro del marcador mediante una v\u00e1lvula de sistema de bomba rellenable y se puede aplicar a casi todas las superficies. Los marcadores de tinta negra de Montana Bold son totalmente recargables y las puntas tambi\u00e9n son reemplazables. Est\u00e1 disponible en una punta est\u00e1ndar de 15 mm, una punta redonda de 8 mm,\u00a0 una punta de cincel de 10 mm y una punta chisel de 3mm. Marcador de tinta permanente, ideal para trabajos sobre lona. El rotulador Bold montana permanente de 15mm, posee un dep\u00f3sito met\u00e1lico recargable un gran numero de veces, su punta de 15mm Standard es reemplazable y reposicionable sin esfuerzo. Este hecho prolongar\u00e1 la vida \u00fatil de tu rotulador. Un Marcador resistente de Montana Cans que ahora puede ser tuyo con solo un click. Compra ahora tu Montana Bold permanente 15mm Standard en nuestra Graffiti Shop Online o visitanos en nuestra tienda f\u00edsica<\/p>\n<p>Ultrawide, distribuidor Oficial en Espa\u00f1a de Montana Cans te ofrece todos los productos de calidad de la marca Alemana por excelencia en el sector del graffiti y las bellas artes.<\/p>\n<p>\u2022 Permanente<br \/>\n\u2022 Sistema de bombeo<br \/>\n\u2022 capacidad: 30ml<br \/>\n\u2022 Tinta por defecto: 20ml<br \/>\n<b>.Tinta permanente Bold\u00a0<\/b><\/p>\n<p>Rotulador tinta permanente, marcador permanente, marcadores online, rotulador alcohol, rotulador indeleble<\/p>\n","protected":false},"excerpt":{"rendered":"<p>El Marcador Black de tinta de Montana tiene 9 colores a base de alcohol, permanente y resistente a los rayos UV. La TINTA NEGRA de Montana es una tinta de baja viscosidad. Cada marcador se rellena con 20ml de Tinta. La l\u00ednea incluye el marker \u00a0&#8220;HARD BLACK&#8221;. La tinta se entrega a trav\u00e9s de la punta de fieltro del marcador mediante una v\u00e1lvula de sistema de bomba rellenable y se puede aplicar a casi todas las superficies. Todos los rotuladores de la gama de marcadores de tinta negra de Montana son totalmente recargables y las puntas tambi\u00e9n son reemplazables. Est\u00e1 disponible en una punta est\u00e1ndar de 15 mm, una punta redonda de 8 mm y una punta de cincel de 10 mm. Marcador de tinta permanente, ideal para trabajos sobre lona.<\/p>\n","protected":false},"featured_media":8370,"comment_status":"closed","ping_status":"closed","template":"","meta":{"site-sidebar-layout":"default","site-content-layout":"","ast-site-content-layout":"default","site-content-style":"default","site-sidebar-style":"default","ast-global-header-display":"","ast-banner-title-visibility":"","ast-main-header-display":"","ast-hfb-above-header-display":"","ast-hfb-below-header-display":"","ast-hfb-mobile-header-display":"","site-post-title":"","ast-breadcrumbs-content":"","ast-featured-img":"","footer-sml-layout":"","ast-disable-related-posts":"","theme-transparent-header-meta":"","adv-header-id-meta":"","stick-header-meta":"","header-above-stick-meta":"","header-main-stick-meta":"","header-below-stick-meta":"","astra-migrate-meta-layouts":"default","ast-page-background-enabled":"default","ast-page-background-meta":{"desktop":{"background-color":"","background-image":"","background-repeat":"repeat","background-position":"center center","background-size":"auto","background-attachment":"scroll","background-type":"","background-media":"","overlay-type":"","overlay-color":"","overlay-opacity":"","overlay-gradient":""},"tablet":{"background-color":"","background-image":"","background-repeat":"repeat","background-position":"center center","background-size":"auto","background-attachment":"scroll","background-type":"","background-media":"","overlay-type":"","overlay-color":"","overlay-opacity":"","overlay-gradient":""},"mobile":{"background-color":"","background-image":"","background-repeat":"repeat","background-position":"center center","background-size":"auto","background-attachment":"scroll","background-type":"","background-media":"","overlay-type":"","overlay-color":"","overlay-opacity":"","overlay-gradient":""}},"ast-content-background-meta":{"desktop":{"background-color":"var(--ast-global-color-5)","background-image":"","background-repeat":"repeat","background-position":"center center","background-size":"auto","background-attachment":"scroll","background-type":"","background-media":"","overlay-type":"","overlay-color":"","overlay-opacity":"","overlay-gradient":""},"tablet":{"background-color":"var(--ast-global-color-5)","background-image":"","background-repeat":"repeat","background-position":"center center","background-size":"auto","background-attachment":"scroll","background-type":"","background-media":"","overlay-type":"","overlay-color":"","overlay-opacity":"","overlay-gradient":""},"mobile":{"background-color":"var(--ast-global-color-5)","background-image":"","background-repeat":"repeat","background-position":"center center","background-size":"auto","background-attachment":"scroll","background-type":"","background-media":"","overlay-type":"","overlay-color":"","overlay-opacity":"","overlay-gradient":""}}},"product_brand":[],"product_cat":[7,6308,2983],"product_tag":[619,1019,913,3726,668,667,3082,3727,666,915,3729,914,3728,3730],"class_list":{"0":"post-2614","1":"product","2":"type-product","3":"status-publish","4":"has-post-thumbnail","6":"product_cat-graffiti-rotulador-shop-barcelona","7":"product_cat-montana-bold-markers","8":"product_cat-montana-markers","9":"product_tag-graffiti-rotulador","10":"product_tag-montana","11":"product_tag-montana-colors-tienda-online","12":"product_tag-montana-rotulador-universal","13":"product_tag-montana-rotuladores-negro","14":"product_tag-roduladores-negro-montana","15":"product_tag-rotulador-de-tinta-montana","16":"product_tag-rotulador-montana-black","17":"product_tag-rotulador-negro-montana","18":"product_tag-rotulador-para-tela-barcelona","19":"product_tag-rotuladores-en-barcelona","20":"product_tag-rotuladores-montana-colors","21":"product_tag-rotuladores-punta-standard","22":"product_tag-rotuladores-tienda-madrid","23":"pa_color-blue-graffiti-spray","24":"pa_color-green","25":"pa_color-magenta","26":"pa_color-red","27":"pa_color-strong-black","28":"pa_color-yellow-montana-colors","29":"pa_color-montana-silver-graffiti-spray","30":"pa_color-violet","31":"pa_material-para-empezar-materiales-basicos-para-dibujar","32":"pa_material-para-empezar-materiales-de-dibujo-artistico","33":"pa_material-para-empezar-materiales-de-dibujo-tecnico","34":"pa_material-para-empezar-materiales-para-dibujo-artistico-profesional","35":"desktop-align-left","36":"tablet-align-left","37":"mobile-align-left","39":"first","40":"instock","41":"purchasable","42":"product-type-simple"},"yoast_head":"<!-- This site is optimized with the Yoast SEO plugin v27.0 - https:\/\/yoast.com\/product\/yoast-seo-wordpress\/ -->\n<title>Montana Cans Bold Rotulador 15mm Ultrawide Graffiti Shop Barcelona<\/title>\n<meta name=\"description\" content=\"online tienda para sprays de montana cans espana. graffiti shop barcelona? barniz de montana? materiales bellas artes barcelona? tienda para arte en barcelona. rotuladores para arte?\" \/>\n<meta name=\"robots\" content=\"index, follow, max-snippet:-1, max-image-preview:large, max-video-preview:-1\" \/>\n<link rel=\"canonical\" href=\"https:\/\/dev4.devmitsinformatica.com\/en\/shop\/graffiti-rotulador-shop-barcelona\/montana-black-rotulador-15mm-std-tip\/\" \/>\n<meta property=\"og:locale\" content=\"en_US\" \/>\n<meta property=\"og:type\" content=\"article\" \/>\n<meta property=\"og:title\" content=\"Montana Cans Bold Rotulador 15mm Ultrawide Graffiti Shop Barcelona\" \/>\n<meta property=\"og:description\" content=\"online tienda para sprays de montana cans espana. graffiti shop barcelona? barniz de montana? materiales bellas artes barcelona? tienda para arte en barcelona. rotuladores para arte?\" \/>\n<meta property=\"og:url\" content=\"https:\/\/dev4.devmitsinformatica.com\/en\/shop\/graffiti-rotulador-shop-barcelona\/montana-black-rotulador-15mm-std-tip\/\" \/>\n<meta property=\"og:site_name\" content=\"ULTRAWIDE GRAFFITI SHOP\" \/>\n<meta property=\"article:modified_time\" content=\"2023-10-14T10:15:22+00:00\" \/>\n<meta property=\"og:image\" content=\"https:\/\/dev4.devmitsinformatica.com\/wp-content\/uploads\/2016\/09\/Montana-Bold-15mm.png\" \/>\n\t<meta property=\"og:image:width\" content=\"300\" \/>\n\t<meta property=\"og:image:height\" content=\"283\" \/>\n\t<meta property=\"og:image:type\" content=\"image\/png\" \/>\n<meta name=\"twitter:card\" content=\"summary_large_image\" \/>\n<meta name=\"twitter:label1\" content=\"Est. reading time\" \/>\n\t<meta name=\"twitter:data1\" content=\"1 minute\" \/>\n<script type=\"application\/ld+json\" class=\"yoast-schema-graph\">{\"@context\":\"https:\/\/schema.org\",\"@graph\":[{\"@type\":\"WebPage\",\"@id\":\"https:\/\/dev4.devmitsinformatica.com\/en\/shop\/graffiti-rotulador-shop-barcelona\/montana-black-rotulador-15mm-std-tip\/\",\"url\":\"https:\/\/dev4.devmitsinformatica.com\/en\/shop\/graffiti-rotulador-shop-barcelona\/montana-black-rotulador-15mm-std-tip\/\",\"name\":\"Montana Cans Bold Rotulador 15mm Ultrawide Graffiti Shop Barcelona\",\"isPartOf\":{\"@id\":\"https:\/\/dev4.devmitsinformatica.com\/en\/#website\"},\"primaryImageOfPage\":{\"@id\":\"https:\/\/dev4.devmitsinformatica.com\/en\/shop\/graffiti-rotulador-shop-barcelona\/montana-black-rotulador-15mm-std-tip\/#primaryimage\"},\"image\":{\"@id\":\"https:\/\/dev4.devmitsinformatica.com\/en\/shop\/graffiti-rotulador-shop-barcelona\/montana-black-rotulador-15mm-std-tip\/#primaryimage\"},\"thumbnailUrl\":\"https:\/\/dev4.devmitsinformatica.com\/wp-content\/uploads\/2016\/09\/Montana-Bold-15mm.png\",\"datePublished\":\"2016-09-01T20:40:00+00:00\",\"dateModified\":\"2023-10-14T10:15:22+00:00\",\"description\":\"online tienda para sprays de montana cans espana. graffiti shop barcelona? barniz de montana? materiales bellas artes barcelona? tienda para arte en barcelona. rotuladores para arte?\",\"breadcrumb\":{\"@id\":\"https:\/\/dev4.devmitsinformatica.com\/en\/shop\/graffiti-rotulador-shop-barcelona\/montana-black-rotulador-15mm-std-tip\/#breadcrumb\"},\"inLanguage\":\"en-US\",\"potentialAction\":[{\"@type\":\"ReadAction\",\"target\":[\"https:\/\/dev4.devmitsinformatica.com\/en\/shop\/graffiti-rotulador-shop-barcelona\/montana-black-rotulador-15mm-std-tip\/\"]}]},{\"@type\":\"ImageObject\",\"inLanguage\":\"en-US\",\"@id\":\"https:\/\/dev4.devmitsinformatica.com\/en\/shop\/graffiti-rotulador-shop-barcelona\/montana-black-rotulador-15mm-std-tip\/#primaryimage\",\"url\":\"https:\/\/dev4.devmitsinformatica.com\/wp-content\/uploads\/2016\/09\/Montana-Bold-15mm.png\",\"contentUrl\":\"https:\/\/dev4.devmitsinformatica.com\/wp-content\/uploads\/2016\/09\/Montana-Bold-15mm.png\",\"width\":300,\"height\":283,\"caption\":\"Rotulador permanente montana Bold\"},{\"@type\":\"BreadcrumbList\",\"@id\":\"https:\/\/dev4.devmitsinformatica.com\/en\/shop\/graffiti-rotulador-shop-barcelona\/montana-black-rotulador-15mm-std-tip\/#breadcrumb\",\"itemListElement\":[{\"@type\":\"ListItem\",\"position\":1,\"name\":\"Home\",\"item\":\"https:\/\/dev4.devmitsinformatica.com\/en\/\"},{\"@type\":\"ListItem\",\"position\":2,\"name\":\"Store\",\"item\":\"https:\/\/dev4.devmitsinformatica.com\/?page_id=38\"},{\"@type\":\"ListItem\",\"position\":3,\"name\":\"Montana Cans Bold Rotulador 15mm\"}]},{\"@type\":\"WebSite\",\"@id\":\"https:\/\/dev4.devmitsinformatica.com\/en\/#website\",\"url\":\"https:\/\/dev4.devmitsinformatica.com\/en\/\",\"name\":\"ULTRAWIDE GRAFFITI SHOP\",\"description\":\"SPRAY GRAFFITI SHOP CAPS Y ROTULADORES\",\"publisher\":{\"@id\":\"https:\/\/dev4.devmitsinformatica.com\/en\/#organization\"},\"potentialAction\":[{\"@type\":\"SearchAction\",\"target\":{\"@type\":\"EntryPoint\",\"urlTemplate\":\"https:\/\/dev4.devmitsinformatica.com\/en\/?s={search_term_string}\"},\"query-input\":{\"@type\":\"PropertyValueSpecification\",\"valueRequired\":true,\"valueName\":\"search_term_string\"}}],\"inLanguage\":\"en-US\"},{\"@type\":\"Organization\",\"@id\":\"https:\/\/dev4.devmitsinformatica.com\/en\/#organization\",\"name\":\"ANDEN Graffiti Shop Barcelona\",\"url\":\"https:\/\/dev4.devmitsinformatica.com\/en\/\",\"logo\":{\"@type\":\"ImageObject\",\"inLanguage\":\"en-US\",\"@id\":\"https:\/\/dev4.devmitsinformatica.com\/en\/#\/schema\/logo\/image\/\",\"url\":\"https:\/\/dev4.devmitsinformatica.com\/wp-content\/uploads\/2016\/11\/graffiti-gallery-barcelona.png\",\"contentUrl\":\"https:\/\/dev4.devmitsinformatica.com\/wp-content\/uploads\/2016\/11\/graffiti-gallery-barcelona.png\",\"width\":386,\"height\":150,\"caption\":\"ANDEN Graffiti Shop Barcelona\"},\"image\":{\"@id\":\"https:\/\/dev4.devmitsinformatica.com\/en\/#\/schema\/logo\/image\/\"}}]}<\/script>\n<!-- \/ Yoast SEO plugin. -->","yoast_head_json":{"title":"Montana Cans Bold Rotulador 15mm Ultrawide Graffiti Shop Barcelona","description":"online tienda para sprays de montana cans espana. graffiti shop barcelona? barniz de montana? materiales bellas artes barcelona? tienda para arte en barcelona. rotuladores para arte?","robots":{"index":"index","follow":"follow","max-snippet":"max-snippet:-1","max-image-preview":"max-image-preview:large","max-video-preview":"max-video-preview:-1"},"canonical":"https:\/\/dev4.devmitsinformatica.com\/en\/shop\/graffiti-rotulador-shop-barcelona\/montana-black-rotulador-15mm-std-tip\/","og_locale":"en_US","og_type":"article","og_title":"Montana Cans Bold Rotulador 15mm Ultrawide Graffiti Shop Barcelona","og_description":"online tienda para sprays de montana cans espana. graffiti shop barcelona? barniz de montana? materiales bellas artes barcelona? tienda para arte en barcelona. rotuladores para arte?","og_url":"https:\/\/dev4.devmitsinformatica.com\/en\/shop\/graffiti-rotulador-shop-barcelona\/montana-black-rotulador-15mm-std-tip\/","og_site_name":"ULTRAWIDE GRAFFITI SHOP","article_modified_time":"2023-10-14T10:15:22+00:00","og_image":[{"width":300,"height":283,"url":"https:\/\/dev4.devmitsinformatica.com\/wp-content\/uploads\/2016\/09\/Montana-Bold-15mm.png","type":"image\/png"}],"twitter_card":"summary_large_image","twitter_misc":{"Est. reading time":"1 minute"},"schema":{"@context":"https:\/\/schema.org","@graph":[{"@type":"WebPage","@id":"https:\/\/dev4.devmitsinformatica.com\/en\/shop\/graffiti-rotulador-shop-barcelona\/montana-black-rotulador-15mm-std-tip\/","url":"https:\/\/dev4.devmitsinformatica.com\/en\/shop\/graffiti-rotulador-shop-barcelona\/montana-black-rotulador-15mm-std-tip\/","name":"Montana Cans Bold Rotulador 15mm Ultrawide Graffiti Shop Barcelona","isPartOf":{"@id":"https:\/\/dev4.devmitsinformatica.com\/en\/#website"},"primaryImageOfPage":{"@id":"https:\/\/dev4.devmitsinformatica.com\/en\/shop\/graffiti-rotulador-shop-barcelona\/montana-black-rotulador-15mm-std-tip\/#primaryimage"},"image":{"@id":"https:\/\/dev4.devmitsinformatica.com\/en\/shop\/graffiti-rotulador-shop-barcelona\/montana-black-rotulador-15mm-std-tip\/#primaryimage"},"thumbnailUrl":"https:\/\/dev4.devmitsinformatica.com\/wp-content\/uploads\/2016\/09\/Montana-Bold-15mm.png","datePublished":"2016-09-01T20:40:00+00:00","dateModified":"2023-10-14T10:15:22+00:00","description":"online tienda para sprays de montana cans espana. graffiti shop barcelona? barniz de montana? materiales bellas artes barcelona? tienda para arte en barcelona. rotuladores para arte?","breadcrumb":{"@id":"https:\/\/dev4.devmitsinformatica.com\/en\/shop\/graffiti-rotulador-shop-barcelona\/montana-black-rotulador-15mm-std-tip\/#breadcrumb"},"inLanguage":"en-US","potentialAction":[{"@type":"ReadAction","target":["https:\/\/dev4.devmitsinformatica.com\/en\/shop\/graffiti-rotulador-shop-barcelona\/montana-black-rotulador-15mm-std-tip\/"]}]},{"@type":"ImageObject","inLanguage":"en-US","@id":"https:\/\/dev4.devmitsinformatica.com\/en\/shop\/graffiti-rotulador-shop-barcelona\/montana-black-rotulador-15mm-std-tip\/#primaryimage","url":"https:\/\/dev4.devmitsinformatica.com\/wp-content\/uploads\/2016\/09\/Montana-Bold-15mm.png","contentUrl":"https:\/\/dev4.devmitsinformatica.com\/wp-content\/uploads\/2016\/09\/Montana-Bold-15mm.png","width":300,"height":283,"caption":"Rotulador permanente montana Bold"},{"@type":"BreadcrumbList","@id":"https:\/\/dev4.devmitsinformatica.com\/en\/shop\/graffiti-rotulador-shop-barcelona\/montana-black-rotulador-15mm-std-tip\/#breadcrumb","itemListElement":[{"@type":"ListItem","position":1,"name":"Home","item":"https:\/\/dev4.devmitsinformatica.com\/en\/"},{"@type":"ListItem","position":2,"name":"Store","item":"https:\/\/dev4.devmitsinformatica.com\/?page_id=38"},{"@type":"ListItem","position":3,"name":"Montana Cans Bold Rotulador 15mm"}]},{"@type":"WebSite","@id":"https:\/\/dev4.devmitsinformatica.com\/en\/#website","url":"https:\/\/dev4.devmitsinformatica.com\/en\/","name":"ULTRAWIDE GRAFFITI SHOP","description":"SPRAY GRAFFITI SHOP CAPS Y ROTULADORES","publisher":{"@id":"https:\/\/dev4.devmitsinformatica.com\/en\/#organization"},"potentialAction":[{"@type":"SearchAction","target":{"@type":"EntryPoint","urlTemplate":"https:\/\/dev4.devmitsinformatica.com\/en\/?s={search_term_string}"},"query-input":{"@type":"PropertyValueSpecification","valueRequired":true,"valueName":"search_term_string"}}],"inLanguage":"en-US"},{"@type":"Organization","@id":"https:\/\/dev4.devmitsinformatica.com\/en\/#organization","name":"ANDEN Graffiti Shop Barcelona","url":"https:\/\/dev4.devmitsinformatica.com\/en\/","logo":{"@type":"ImageObject","inLanguage":"en-US","@id":"https:\/\/dev4.devmitsinformatica.com\/en\/#\/schema\/logo\/image\/","url":"https:\/\/dev4.devmitsinformatica.com\/wp-content\/uploads\/2016\/11\/graffiti-gallery-barcelona.png","contentUrl":"https:\/\/dev4.devmitsinformatica.com\/wp-content\/uploads\/2016\/11\/graffiti-gallery-barcelona.png","width":386,"height":150,"caption":"ANDEN Graffiti Shop Barcelona"},"image":{"@id":"https:\/\/dev4.devmitsinformatica.com\/en\/#\/schema\/logo\/image\/"}}]}},"_links":{"self":[{"href":"https:\/\/dev4.devmitsinformatica.com\/en\/wp-json\/wp\/v2\/product\/2614","targetHints":{"allow":["GET"]}}],"collection":[{"href":"https:\/\/dev4.devmitsinformatica.com\/en\/wp-json\/wp\/v2\/product"}],"about":[{"href":"https:\/\/dev4.devmitsinformatica.com\/en\/wp-json\/wp\/v2\/types\/product"}],"replies":[{"embeddable":true,"href":"https:\/\/dev4.devmitsinformatica.com\/en\/wp-json\/wp\/v2\/comments?post=2614"}],"version-history":[{"count":0,"href":"https:\/\/dev4.devmitsinformatica.com\/en\/wp-json\/wp\/v2\/product\/2614\/revisions"}],"wp:featuredmedia":[{"embeddable":true,"href":"https:\/\/dev4.devmitsinformatica.com\/en\/wp-json\/wp\/v2\/media\/8370"}],"wp:attachment":[{"href":"https:\/\/dev4.devmitsinformatica.com\/en\/wp-json\/wp\/v2\/media?parent=2614"}],"wp:term":[{"taxonomy":"product_brand","embeddable":true,"href":"https:\/\/dev4.devmitsinformatica.com\/en\/wp-json\/wp\/v2\/product_brand?post=2614"},{"taxonomy":"product_cat","embeddable":true,"href":"https:\/\/dev4.devmitsinformatica.com\/en\/wp-json\/wp\/v2\/product_cat?post=2614"},{"taxonomy":"product_tag","embeddable":true,"href":"https:\/\/dev4.devmitsinformatica.com\/en\/wp-json\/wp\/v2\/product_tag?post=2614"}],"curies":[{"name":"wp","href":"https:\/\/api.w.org\/{rel}","templated":true}]}}