{"id":2623,"date":"2016-09-01T20:40:00","date_gmt":"2016-09-01T20:40:00","guid":{"rendered":"http:\/\/spraygraffiti.com\/index.php\/product\/montana-black-rotulador-8mm-roundtip\/"},"modified":"2023-08-02T12:05:36","modified_gmt":"2023-08-02T12:05:36","slug":"montana-black-rotulador-8mm-roundtip","status":"publish","type":"product","link":"https:\/\/dev4.devmitsinformatica.com\/en\/shop\/graffiti-rotulador-shop-barcelona\/montana-black-rotulador-8mm-roundtip\/","title":{"rendered":"Montana Bold Rotulador Black 8mm Roundtip"},"content":{"rendered":"<h1><span style=\"text-decoration: underline;\"><span style=\"color: #333333;\">Montana Bold Rotulador 8mm Round.<\/span><\/span><\/h1>\n<p><strong>Montana Bold Rotulador<\/strong> Black 8mm Roundtip. Montana bold round 8mm tip de tinta de Montana a base de alcohol, permanente y resistente a los rayos UV. La TINTA NEGRA de Montana es una tinta de baja viscosidad. Cada marcador se rellena con 20ml de Tinta. \u201cHARD BLACK\u201d. La tinta se entrega a trav\u00e9s de la punta de fieltro del marcador mediante una v\u00e1lvula de sistema de bomba rellenable y se puede aplicar a casi todas las superficies. Todos los rotuladores de la gama de marcadores de <strong>tinta Black de Montana Bold<\/strong> son totalmente recargables y las <strong>puntas<\/strong> tambi\u00e9n son <strong>reemplazables<\/strong>. Est\u00e1 disponible en una punta est\u00e1ndar de 15 mm, una <strong><em>punta redonda<\/em><\/strong> de 8 mm y una punta de cincel de 10 mm y una punta chisel de 3mm. Marcador de tinta permanente, ideal para trabajos sobre lona. Gracias a su cuerpo met\u00e1lico y la posiblididad que te ofrecen sus<strong><em> puntas de recambio,<\/em><\/strong> el <strong>rotulador montana bold<\/strong> de punta redonda 8mm se convierte en un rotulador muy resistente y duradero.<\/p>\n<p>\u2022 Permanente<br \/>\n\u2022 Sistema de bombeo<br \/>\n\u2022 capacidad: 30ml<br \/>\n\u2022 Tinta por defecto: 20ml<br \/>\n<b>.Tinta negra muy resistente<\/b><\/p>\n<p>Rotulador 8mm, <strong>marcador punta redonda<\/strong>, marker punta redonda, rotulador indeleble<\/p>\n","protected":false},"excerpt":{"rendered":"<p>Marcador de punta redonda de 8mm con terminacion plana.El Marcador BLACK de tintade Montana tiene 9 colores a base de alcohol, permanente y resistente a los rayos UV. La TINTA NEGRA de Montana es una tinta de baja viscosidad. Cada marcador se rellena con 20ml de Tinta. La l\u00ednea incluye el marker \u00a0\u201cHARD BLACK\u201d. La tinta se entrega a trav\u00e9s de la punta de fieltro del marcador mediante una v\u00e1lvula de sistema de bomba rellenable y se puede aplicar a casi todas las superficies. Todos los rotuladores de la gama de marcadores de tinta negra de Montana son totalmente recargables y las puntas tambi\u00e9n son reemplazables. Est\u00e1 disponible en una punta est\u00e1ndar de 15 mm, una punta redonda de 8 mm y una punta de cincel de 10 mm. Marcador de tinta permanente, ideal para trabajos sobre lona.<\/p>\n","protected":false},"featured_media":8367,"comment_status":"closed","ping_status":"closed","template":"","meta":{"site-sidebar-layout":"default","site-content-layout":"","ast-site-content-layout":"default","site-content-style":"default","site-sidebar-style":"default","ast-global-header-display":"","ast-banner-title-visibility":"","ast-main-header-display":"","ast-hfb-above-header-display":"","ast-hfb-below-header-display":"","ast-hfb-mobile-header-display":"","site-post-title":"","ast-breadcrumbs-content":"","ast-featured-img":"","footer-sml-layout":"","ast-disable-related-posts":"","theme-transparent-header-meta":"","adv-header-id-meta":"","stick-header-meta":"","header-above-stick-meta":"","header-main-stick-meta":"","header-below-stick-meta":"","astra-migrate-meta-layouts":"default","ast-page-background-enabled":"default","ast-page-background-meta":{"desktop":{"background-color":"","background-image":"","background-repeat":"repeat","background-position":"center center","background-size":"auto","background-attachment":"scroll","background-type":"","background-media":"","overlay-type":"","overlay-color":"","overlay-opacity":"","overlay-gradient":""},"tablet":{"background-color":"","background-image":"","background-repeat":"repeat","background-position":"center center","background-size":"auto","background-attachment":"scroll","background-type":"","background-media":"","overlay-type":"","overlay-color":"","overlay-opacity":"","overlay-gradient":""},"mobile":{"background-color":"","background-image":"","background-repeat":"repeat","background-position":"center center","background-size":"auto","background-attachment":"scroll","background-type":"","background-media":"","overlay-type":"","overlay-color":"","overlay-opacity":"","overlay-gradient":""}},"ast-content-background-meta":{"desktop":{"background-color":"var(--ast-global-color-5)","background-image":"","background-repeat":"repeat","background-position":"center center","background-size":"auto","background-attachment":"scroll","background-type":"","background-media":"","overlay-type":"","overlay-color":"","overlay-opacity":"","overlay-gradient":""},"tablet":{"background-color":"var(--ast-global-color-5)","background-image":"","background-repeat":"repeat","background-position":"center center","background-size":"auto","background-attachment":"scroll","background-type":"","background-media":"","overlay-type":"","overlay-color":"","overlay-opacity":"","overlay-gradient":""},"mobile":{"background-color":"var(--ast-global-color-5)","background-image":"","background-repeat":"repeat","background-position":"center center","background-size":"auto","background-attachment":"scroll","background-type":"","background-media":"","overlay-type":"","overlay-color":"","overlay-opacity":"","overlay-gradient":""}}},"product_brand":[],"product_cat":[7,6308,2983],"product_tag":[1019,3724,671,672,3722,3723,669,3085,618,3083,3725,3084,670],"class_list":{"0":"post-2623","1":"product","2":"type-product","3":"status-publish","4":"has-post-thumbnail","6":"product_cat-graffiti-rotulador-shop-barcelona","7":"product_cat-montana-bold-markers","8":"product_cat-montana-markers","9":"product_tag-montana","10":"product_tag-montana-marcador-punta-redonda","11":"product_tag-negro-rotulador-8mm","12":"product_tag-online-tienda-rotulador-negro","13":"product_tag-puntas-de-rotulador","14":"product_tag-puntas-reemplazables","15":"product_tag-rotulador-8-mm","16":"product_tag-rotulador-de-tinta-permanente","17":"product_tag-rotulador-graffiti","18":"product_tag-rotulador-montana","19":"product_tag-rotulador-montana-punta-redonda","20":"product_tag-rotulador-punta-redonda","21":"product_tag-rotuladores-8-mm-negro","22":"pa_color-blue-graffiti-spray","23":"pa_color-green","24":"pa_color-magenta","25":"pa_color-red","26":"pa_color-strong-black","27":"pa_color-yellow-montana-colors","28":"pa_color-montana-silver-graffiti-spray","29":"pa_color-violet","30":"desktop-align-left","31":"tablet-align-left","32":"mobile-align-left","34":"first","35":"instock","36":"purchasable","37":"product-type-simple"},"yoast_head":"<!-- This site is optimized with the Yoast SEO plugin v27.0 - https:\/\/yoast.com\/product\/yoast-seo-wordpress\/ -->\n<title>Montana Bold Rotulador Black 8mm Roundtip. Graffiti Shop<\/title>\n<meta name=\"description\" content=\"Montana Bold? ropa street art y montana colores. spray para coches? barniz de montana? graffiti? materiales bellas artes barcelona? graffiti shop barcelona?\" \/>\n<meta name=\"robots\" content=\"index, follow, max-snippet:-1, max-image-preview:large, max-video-preview:-1\" \/>\n<link rel=\"canonical\" href=\"https:\/\/dev4.devmitsinformatica.com\/en\/shop\/graffiti-rotulador-shop-barcelona\/montana-black-rotulador-8mm-roundtip\/\" \/>\n<meta property=\"og:locale\" content=\"en_US\" \/>\n<meta property=\"og:type\" content=\"article\" \/>\n<meta property=\"og:title\" content=\"Montana Bold Rotulador Black 8mm Roundtip. Graffiti Shop\" \/>\n<meta property=\"og:description\" content=\"Montana Bold? ropa street art y montana colores. spray para coches? barniz de montana? graffiti? materiales bellas artes barcelona? graffiti shop barcelona?\" \/>\n<meta property=\"og:url\" content=\"https:\/\/dev4.devmitsinformatica.com\/en\/shop\/graffiti-rotulador-shop-barcelona\/montana-black-rotulador-8mm-roundtip\/\" \/>\n<meta property=\"og:site_name\" content=\"ULTRAWIDE GRAFFITI SHOP\" \/>\n<meta property=\"article:modified_time\" content=\"2023-08-02T12:05:36+00:00\" \/>\n<meta property=\"og:image\" content=\"https:\/\/dev4.devmitsinformatica.com\/wp-content\/uploads\/2016\/09\/Montana-Bold-8mm.png\" \/>\n\t<meta property=\"og:image:width\" content=\"300\" \/>\n\t<meta property=\"og:image:height\" content=\"304\" \/>\n\t<meta property=\"og:image:type\" content=\"image\/png\" \/>\n<meta name=\"twitter:card\" content=\"summary_large_image\" \/>\n<meta name=\"twitter:label1\" content=\"Est. reading time\" \/>\n\t<meta name=\"twitter:data1\" content=\"1 minute\" \/>\n<script type=\"application\/ld+json\" class=\"yoast-schema-graph\">{\"@context\":\"https:\/\/schema.org\",\"@graph\":[{\"@type\":\"WebPage\",\"@id\":\"https:\/\/dev4.devmitsinformatica.com\/en\/shop\/graffiti-rotulador-shop-barcelona\/montana-black-rotulador-8mm-roundtip\/\",\"url\":\"https:\/\/dev4.devmitsinformatica.com\/en\/shop\/graffiti-rotulador-shop-barcelona\/montana-black-rotulador-8mm-roundtip\/\",\"name\":\"Montana Bold Rotulador Black 8mm Roundtip. Graffiti Shop\",\"isPartOf\":{\"@id\":\"https:\/\/dev4.devmitsinformatica.com\/en\/#website\"},\"primaryImageOfPage\":{\"@id\":\"https:\/\/dev4.devmitsinformatica.com\/en\/shop\/graffiti-rotulador-shop-barcelona\/montana-black-rotulador-8mm-roundtip\/#primaryimage\"},\"image\":{\"@id\":\"https:\/\/dev4.devmitsinformatica.com\/en\/shop\/graffiti-rotulador-shop-barcelona\/montana-black-rotulador-8mm-roundtip\/#primaryimage\"},\"thumbnailUrl\":\"https:\/\/dev4.devmitsinformatica.com\/wp-content\/uploads\/2016\/09\/Montana-Bold-8mm.png\",\"datePublished\":\"2016-09-01T20:40:00+00:00\",\"dateModified\":\"2023-08-02T12:05:36+00:00\",\"description\":\"Montana Bold? ropa street art y montana colores. spray para coches? barniz de montana? graffiti? materiales bellas artes barcelona? graffiti shop barcelona?\",\"breadcrumb\":{\"@id\":\"https:\/\/dev4.devmitsinformatica.com\/en\/shop\/graffiti-rotulador-shop-barcelona\/montana-black-rotulador-8mm-roundtip\/#breadcrumb\"},\"inLanguage\":\"en-US\",\"potentialAction\":[{\"@type\":\"ReadAction\",\"target\":[\"https:\/\/dev4.devmitsinformatica.com\/en\/shop\/graffiti-rotulador-shop-barcelona\/montana-black-rotulador-8mm-roundtip\/\"]}]},{\"@type\":\"ImageObject\",\"inLanguage\":\"en-US\",\"@id\":\"https:\/\/dev4.devmitsinformatica.com\/en\/shop\/graffiti-rotulador-shop-barcelona\/montana-black-rotulador-8mm-roundtip\/#primaryimage\",\"url\":\"https:\/\/dev4.devmitsinformatica.com\/wp-content\/uploads\/2016\/09\/Montana-Bold-8mm.png\",\"contentUrl\":\"https:\/\/dev4.devmitsinformatica.com\/wp-content\/uploads\/2016\/09\/Montana-Bold-8mm.png\",\"width\":300,\"height\":304,\"caption\":\"Montana Bold Rotulador\"},{\"@type\":\"BreadcrumbList\",\"@id\":\"https:\/\/dev4.devmitsinformatica.com\/en\/shop\/graffiti-rotulador-shop-barcelona\/montana-black-rotulador-8mm-roundtip\/#breadcrumb\",\"itemListElement\":[{\"@type\":\"ListItem\",\"position\":1,\"name\":\"Home\",\"item\":\"https:\/\/dev4.devmitsinformatica.com\/en\/\"},{\"@type\":\"ListItem\",\"position\":2,\"name\":\"Store\",\"item\":\"https:\/\/dev4.devmitsinformatica.com\/?page_id=38\"},{\"@type\":\"ListItem\",\"position\":3,\"name\":\"Montana Bold Rotulador Black 8mm Roundtip\"}]},{\"@type\":\"WebSite\",\"@id\":\"https:\/\/dev4.devmitsinformatica.com\/en\/#website\",\"url\":\"https:\/\/dev4.devmitsinformatica.com\/en\/\",\"name\":\"ULTRAWIDE GRAFFITI SHOP\",\"description\":\"SPRAY GRAFFITI SHOP CAPS Y ROTULADORES\",\"publisher\":{\"@id\":\"https:\/\/dev4.devmitsinformatica.com\/en\/#organization\"},\"potentialAction\":[{\"@type\":\"SearchAction\",\"target\":{\"@type\":\"EntryPoint\",\"urlTemplate\":\"https:\/\/dev4.devmitsinformatica.com\/en\/?s={search_term_string}\"},\"query-input\":{\"@type\":\"PropertyValueSpecification\",\"valueRequired\":true,\"valueName\":\"search_term_string\"}}],\"inLanguage\":\"en-US\"},{\"@type\":\"Organization\",\"@id\":\"https:\/\/dev4.devmitsinformatica.com\/en\/#organization\",\"name\":\"ANDEN Graffiti Shop Barcelona\",\"url\":\"https:\/\/dev4.devmitsinformatica.com\/en\/\",\"logo\":{\"@type\":\"ImageObject\",\"inLanguage\":\"en-US\",\"@id\":\"https:\/\/dev4.devmitsinformatica.com\/en\/#\/schema\/logo\/image\/\",\"url\":\"https:\/\/dev4.devmitsinformatica.com\/wp-content\/uploads\/2016\/11\/graffiti-gallery-barcelona.png\",\"contentUrl\":\"https:\/\/dev4.devmitsinformatica.com\/wp-content\/uploads\/2016\/11\/graffiti-gallery-barcelona.png\",\"width\":386,\"height\":150,\"caption\":\"ANDEN Graffiti Shop Barcelona\"},\"image\":{\"@id\":\"https:\/\/dev4.devmitsinformatica.com\/en\/#\/schema\/logo\/image\/\"}}]}<\/script>\n<!-- \/ Yoast SEO plugin. -->","yoast_head_json":{"title":"Montana Bold Rotulador Black 8mm Roundtip. Graffiti Shop","description":"Montana Bold? ropa street art y montana colores. spray para coches? barniz de montana? graffiti? materiales bellas artes barcelona? graffiti shop barcelona?","robots":{"index":"index","follow":"follow","max-snippet":"max-snippet:-1","max-image-preview":"max-image-preview:large","max-video-preview":"max-video-preview:-1"},"canonical":"https:\/\/dev4.devmitsinformatica.com\/en\/shop\/graffiti-rotulador-shop-barcelona\/montana-black-rotulador-8mm-roundtip\/","og_locale":"en_US","og_type":"article","og_title":"Montana Bold Rotulador Black 8mm Roundtip. Graffiti Shop","og_description":"Montana Bold? ropa street art y montana colores. spray para coches? barniz de montana? graffiti? materiales bellas artes barcelona? graffiti shop barcelona?","og_url":"https:\/\/dev4.devmitsinformatica.com\/en\/shop\/graffiti-rotulador-shop-barcelona\/montana-black-rotulador-8mm-roundtip\/","og_site_name":"ULTRAWIDE GRAFFITI SHOP","article_modified_time":"2023-08-02T12:05:36+00:00","og_image":[{"width":300,"height":304,"url":"https:\/\/dev4.devmitsinformatica.com\/wp-content\/uploads\/2016\/09\/Montana-Bold-8mm.png","type":"image\/png"}],"twitter_card":"summary_large_image","twitter_misc":{"Est. reading time":"1 minute"},"schema":{"@context":"https:\/\/schema.org","@graph":[{"@type":"WebPage","@id":"https:\/\/dev4.devmitsinformatica.com\/en\/shop\/graffiti-rotulador-shop-barcelona\/montana-black-rotulador-8mm-roundtip\/","url":"https:\/\/dev4.devmitsinformatica.com\/en\/shop\/graffiti-rotulador-shop-barcelona\/montana-black-rotulador-8mm-roundtip\/","name":"Montana Bold Rotulador Black 8mm Roundtip. Graffiti Shop","isPartOf":{"@id":"https:\/\/dev4.devmitsinformatica.com\/en\/#website"},"primaryImageOfPage":{"@id":"https:\/\/dev4.devmitsinformatica.com\/en\/shop\/graffiti-rotulador-shop-barcelona\/montana-black-rotulador-8mm-roundtip\/#primaryimage"},"image":{"@id":"https:\/\/dev4.devmitsinformatica.com\/en\/shop\/graffiti-rotulador-shop-barcelona\/montana-black-rotulador-8mm-roundtip\/#primaryimage"},"thumbnailUrl":"https:\/\/dev4.devmitsinformatica.com\/wp-content\/uploads\/2016\/09\/Montana-Bold-8mm.png","datePublished":"2016-09-01T20:40:00+00:00","dateModified":"2023-08-02T12:05:36+00:00","description":"Montana Bold? ropa street art y montana colores. spray para coches? barniz de montana? graffiti? materiales bellas artes barcelona? graffiti shop barcelona?","breadcrumb":{"@id":"https:\/\/dev4.devmitsinformatica.com\/en\/shop\/graffiti-rotulador-shop-barcelona\/montana-black-rotulador-8mm-roundtip\/#breadcrumb"},"inLanguage":"en-US","potentialAction":[{"@type":"ReadAction","target":["https:\/\/dev4.devmitsinformatica.com\/en\/shop\/graffiti-rotulador-shop-barcelona\/montana-black-rotulador-8mm-roundtip\/"]}]},{"@type":"ImageObject","inLanguage":"en-US","@id":"https:\/\/dev4.devmitsinformatica.com\/en\/shop\/graffiti-rotulador-shop-barcelona\/montana-black-rotulador-8mm-roundtip\/#primaryimage","url":"https:\/\/dev4.devmitsinformatica.com\/wp-content\/uploads\/2016\/09\/Montana-Bold-8mm.png","contentUrl":"https:\/\/dev4.devmitsinformatica.com\/wp-content\/uploads\/2016\/09\/Montana-Bold-8mm.png","width":300,"height":304,"caption":"Montana Bold Rotulador"},{"@type":"BreadcrumbList","@id":"https:\/\/dev4.devmitsinformatica.com\/en\/shop\/graffiti-rotulador-shop-barcelona\/montana-black-rotulador-8mm-roundtip\/#breadcrumb","itemListElement":[{"@type":"ListItem","position":1,"name":"Home","item":"https:\/\/dev4.devmitsinformatica.com\/en\/"},{"@type":"ListItem","position":2,"name":"Store","item":"https:\/\/dev4.devmitsinformatica.com\/?page_id=38"},{"@type":"ListItem","position":3,"name":"Montana Bold Rotulador Black 8mm Roundtip"}]},{"@type":"WebSite","@id":"https:\/\/dev4.devmitsinformatica.com\/en\/#website","url":"https:\/\/dev4.devmitsinformatica.com\/en\/","name":"ULTRAWIDE GRAFFITI SHOP","description":"SPRAY GRAFFITI SHOP CAPS Y ROTULADORES","publisher":{"@id":"https:\/\/dev4.devmitsinformatica.com\/en\/#organization"},"potentialAction":[{"@type":"SearchAction","target":{"@type":"EntryPoint","urlTemplate":"https:\/\/dev4.devmitsinformatica.com\/en\/?s={search_term_string}"},"query-input":{"@type":"PropertyValueSpecification","valueRequired":true,"valueName":"search_term_string"}}],"inLanguage":"en-US"},{"@type":"Organization","@id":"https:\/\/dev4.devmitsinformatica.com\/en\/#organization","name":"ANDEN Graffiti Shop Barcelona","url":"https:\/\/dev4.devmitsinformatica.com\/en\/","logo":{"@type":"ImageObject","inLanguage":"en-US","@id":"https:\/\/dev4.devmitsinformatica.com\/en\/#\/schema\/logo\/image\/","url":"https:\/\/dev4.devmitsinformatica.com\/wp-content\/uploads\/2016\/11\/graffiti-gallery-barcelona.png","contentUrl":"https:\/\/dev4.devmitsinformatica.com\/wp-content\/uploads\/2016\/11\/graffiti-gallery-barcelona.png","width":386,"height":150,"caption":"ANDEN Graffiti Shop Barcelona"},"image":{"@id":"https:\/\/dev4.devmitsinformatica.com\/en\/#\/schema\/logo\/image\/"}}]}},"_links":{"self":[{"href":"https:\/\/dev4.devmitsinformatica.com\/en\/wp-json\/wp\/v2\/product\/2623","targetHints":{"allow":["GET"]}}],"collection":[{"href":"https:\/\/dev4.devmitsinformatica.com\/en\/wp-json\/wp\/v2\/product"}],"about":[{"href":"https:\/\/dev4.devmitsinformatica.com\/en\/wp-json\/wp\/v2\/types\/product"}],"replies":[{"embeddable":true,"href":"https:\/\/dev4.devmitsinformatica.com\/en\/wp-json\/wp\/v2\/comments?post=2623"}],"version-history":[{"count":0,"href":"https:\/\/dev4.devmitsinformatica.com\/en\/wp-json\/wp\/v2\/product\/2623\/revisions"}],"wp:featuredmedia":[{"embeddable":true,"href":"https:\/\/dev4.devmitsinformatica.com\/en\/wp-json\/wp\/v2\/media\/8367"}],"wp:attachment":[{"href":"https:\/\/dev4.devmitsinformatica.com\/en\/wp-json\/wp\/v2\/media?parent=2623"}],"wp:term":[{"taxonomy":"product_brand","embeddable":true,"href":"https:\/\/dev4.devmitsinformatica.com\/en\/wp-json\/wp\/v2\/product_brand?post=2623"},{"taxonomy":"product_cat","embeddable":true,"href":"https:\/\/dev4.devmitsinformatica.com\/en\/wp-json\/wp\/v2\/product_cat?post=2623"},{"taxonomy":"product_tag","embeddable":true,"href":"https:\/\/dev4.devmitsinformatica.com\/en\/wp-json\/wp\/v2\/product_tag?post=2623"}],"curies":[{"name":"wp","href":"https:\/\/api.w.org\/{rel}","templated":true}]}}