{"id":2650,"date":"2016-09-01T20:40:31","date_gmt":"2016-09-01T20:40:31","guid":{"rendered":"http:\/\/spraygraffiti.com\/index.php\/product\/montana-permanent-rotulador\/"},"modified":"2023-10-14T10:13:25","modified_gmt":"2023-10-14T10:13:25","slug":"montana-permanent-rotulador","status":"publish","type":"product","link":"https:\/\/dev4.devmitsinformatica.com\/en\/shop\/graffiti-rotulador-shop-barcelona\/montana-permanent-rotulador\/","title":{"rendered":"Montana Cans Permanent Rotulador"},"content":{"rendered":"<h1><u>Montana Cans Permanent Rotulador<\/u><\/h1>\n<p><span style=\"color: #333333;\"><span style=\"text-decoration: underline;\">Montana cans permanent rotulador,<\/span><\/span>es el marcador m\u00e1s peque\u00f1o de la gama de Montana. Tiene una delgada punta de fieltro de 4 mm y utiliza tinta pigmentada a base de alcohol.<\/p>\n<p><em>rotulador permanente<\/em>, rotulador tinta permanente, marcador 4mm, <strong>marcador de tinta<\/strong><\/p>\n<p>El marcador ideal para tags espont\u00e1neos, peque\u00f1o y ligero con buen rendimiento pese a su tama\u00f1o. Ideal para stickers. Posee una punta chisel de 4mm lo que lo convierte en un rotulador permanente ideal para pintar con 2 medidas de trazo en funci\u00f3n de como coloquemos su punta sobre el soporte.<\/p>\n<p>La l\u00ednea mas b\u00e1sica de <strong>rotuladores permanentes de Montana<\/strong>, creada para peque\u00f1os marcajes, stickers &#8230; Gracias a su peque\u00f1o tama\u00f1o, dimensiones y peso,\u00a0 es muy f\u00e1cil de transportar en cualquier parte y ni te dar\u00e1s cuenta que lo llevas. Un rotulador permanente muy pr\u00e1ctico al minimo precio recomendado para marcar sobre todo tipo de superf\u00edcie. Este tipo de marcador se encuentra disponible en color negro con punta redonda para los que desean otro tipo de trazo en sus aplicaciones. Buscas un<em><strong> rotulador permanente barato<\/strong><\/em>? And\u00e9n Barcelona tiene tu rotulador permanente barato y mas. Pide ahora tu marcador permanente mini en nuestra graffiti shop online o visitanos en nuestra tienda f\u00edsica y conoce de primera mano todos los productos de la marca montana cans.<\/p>\n","protected":false},"excerpt":{"rendered":"<p>El <strong>marcador permanente<\/strong> es el marcador m\u00e1s peque\u00f1o de la gama de Montana. Tiene una delgada punta de fieltro de 4 mm y utiliza tinta pigmentada a base de alcohol. Esta disponible en 4 colores y negro intenso. No es recargable aunque su rendimiento es muy bueno. Muy ligero y transportable para acciones espont\u00e1neas.<\/p>\n","protected":false},"featured_media":1460,"comment_status":"closed","ping_status":"closed","template":"","meta":{"site-sidebar-layout":"default","site-content-layout":"","ast-site-content-layout":"default","site-content-style":"default","site-sidebar-style":"default","ast-global-header-display":"","ast-banner-title-visibility":"","ast-main-header-display":"","ast-hfb-above-header-display":"","ast-hfb-below-header-display":"","ast-hfb-mobile-header-display":"","site-post-title":"","ast-breadcrumbs-content":"","ast-featured-img":"","footer-sml-layout":"","ast-disable-related-posts":"","theme-transparent-header-meta":"","adv-header-id-meta":"","stick-header-meta":"","header-above-stick-meta":"","header-main-stick-meta":"","header-below-stick-meta":"","astra-migrate-meta-layouts":"default","ast-page-background-enabled":"default","ast-page-background-meta":{"desktop":{"background-color":"","background-image":"","background-repeat":"repeat","background-position":"center center","background-size":"auto","background-attachment":"scroll","background-type":"","background-media":"","overlay-type":"","overlay-color":"","overlay-opacity":"","overlay-gradient":""},"tablet":{"background-color":"","background-image":"","background-repeat":"repeat","background-position":"center center","background-size":"auto","background-attachment":"scroll","background-type":"","background-media":"","overlay-type":"","overlay-color":"","overlay-opacity":"","overlay-gradient":""},"mobile":{"background-color":"","background-image":"","background-repeat":"repeat","background-position":"center center","background-size":"auto","background-attachment":"scroll","background-type":"","background-media":"","overlay-type":"","overlay-color":"","overlay-opacity":"","overlay-gradient":""}},"ast-content-background-meta":{"desktop":{"background-color":"var(--ast-global-color-5)","background-image":"","background-repeat":"repeat","background-position":"center center","background-size":"auto","background-attachment":"scroll","background-type":"","background-media":"","overlay-type":"","overlay-color":"","overlay-opacity":"","overlay-gradient":""},"tablet":{"background-color":"var(--ast-global-color-5)","background-image":"","background-repeat":"repeat","background-position":"center center","background-size":"auto","background-attachment":"scroll","background-type":"","background-media":"","overlay-type":"","overlay-color":"","overlay-opacity":"","overlay-gradient":""},"mobile":{"background-color":"var(--ast-global-color-5)","background-image":"","background-repeat":"repeat","background-position":"center center","background-size":"auto","background-attachment":"scroll","background-type":"","background-media":"","overlay-type":"","overlay-color":"","overlay-opacity":"","overlay-gradient":""}}},"product_brand":[],"product_cat":[7,2983],"product_tag":[661,901,903,904,1019,902,905,618,3717,3718,2593,3719],"class_list":{"0":"post-2650","1":"product","2":"type-product","3":"status-publish","4":"has-post-thumbnail","6":"product_cat-graffiti-rotulador-shop-barcelona","7":"product_cat-montana-markers","8":"product_tag-graffiti-tienda-rotulador","9":"product_tag-marcador-permanente","10":"product_tag-marcador-permanente-montana","11":"product_tag-marcador-permanente-pequeno","12":"product_tag-montana","13":"product_tag-montana-marcador-permanente","14":"product_tag-pequeno-marcador-permanente","15":"product_tag-rotulador-graffiti","16":"product_tag-rotulador-montana-permanente","17":"product_tag-rotulador-permanente-barato","18":"product_tag-rotuladores-montana","19":"product_tag-rotuladores-tienda-barcelona","20":"pa_color-black-graffiti-spray","21":"pa_color-blue-graffiti-spray","22":"pa_color-green","23":"pa_color-pink","24":"pa_color-violett","25":"pa_color-montana-silver-graffiti-spray","26":"pa_graffiti-shop-graffiti-barcelona","27":"pa_graffiti-shop-graffiti-camisetas","28":"pa_graffiti-shop-graffiti-moda","29":"pa_graffiti-shop-graffiti-ropa","30":"pa_graffiti-shop-graffiti-shop-barcelona","31":"pa_graffiti-shop-moda-barcelona-graffiti","32":"pa_graffiti-shop-spray-tienda-barcelona","33":"desktop-align-left","34":"tablet-align-left","35":"mobile-align-left","37":"first","38":"instock","39":"purchasable","40":"product-type-variable"},"yoast_head":"<!-- This site is optimized with the Yoast SEO plugin v27.0 - https:\/\/yoast.com\/product\/yoast-seo-wordpress\/ -->\n<title>Rotulador Permanente Montana Cans. Graffiti Shop<\/title>\n<meta name=\"description\" content=\"barniz de montana? online tienda para sprays de montana cans espana. tienda bellas artes online. materiales bellas artes barcelona? tienda bellas artes online. tienda bellas artes online?\" \/>\n<meta name=\"robots\" content=\"index, follow, max-snippet:-1, max-image-preview:large, max-video-preview:-1\" \/>\n<link rel=\"canonical\" href=\"https:\/\/dev4.devmitsinformatica.com\/en\/shop\/graffiti-rotulador-shop-barcelona\/montana-permanent-rotulador\/\" \/>\n<meta property=\"og:locale\" content=\"en_US\" \/>\n<meta property=\"og:type\" content=\"article\" \/>\n<meta property=\"og:title\" content=\"Rotulador Permanente Montana Cans. Graffiti Shop\" \/>\n<meta property=\"og:description\" content=\"barniz de montana? online tienda para sprays de montana cans espana. tienda bellas artes online. materiales bellas artes barcelona? tienda bellas artes online. tienda bellas artes online?\" \/>\n<meta property=\"og:url\" content=\"https:\/\/dev4.devmitsinformatica.com\/en\/shop\/graffiti-rotulador-shop-barcelona\/montana-permanent-rotulador\/\" \/>\n<meta property=\"og:site_name\" content=\"ULTRAWIDE GRAFFITI SHOP\" \/>\n<meta property=\"article:modified_time\" content=\"2023-10-14T10:13:25+00:00\" \/>\n<meta property=\"og:image\" content=\"https:\/\/dev4.devmitsinformatica.com\/wp-content\/uploads\/2016\/08\/Montana_Permanent_SHORT_Violet.jpg\" \/>\n\t<meta property=\"og:image:width\" content=\"500\" \/>\n\t<meta property=\"og:image:height\" content=\"500\" \/>\n\t<meta property=\"og:image:type\" content=\"image\/jpeg\" \/>\n<meta name=\"twitter:card\" content=\"summary_large_image\" \/>\n<meta name=\"twitter:label1\" content=\"Est. reading time\" \/>\n\t<meta name=\"twitter:data1\" content=\"1 minute\" \/>\n<script type=\"application\/ld+json\" class=\"yoast-schema-graph\">{\"@context\":\"https:\/\/schema.org\",\"@graph\":[{\"@type\":\"WebPage\",\"@id\":\"https:\/\/dev4.devmitsinformatica.com\/en\/shop\/graffiti-rotulador-shop-barcelona\/montana-permanent-rotulador\/\",\"url\":\"https:\/\/dev4.devmitsinformatica.com\/en\/shop\/graffiti-rotulador-shop-barcelona\/montana-permanent-rotulador\/\",\"name\":\"Rotulador Permanente Montana Cans. Graffiti Shop\",\"isPartOf\":{\"@id\":\"https:\/\/dev4.devmitsinformatica.com\/en\/#website\"},\"primaryImageOfPage\":{\"@id\":\"https:\/\/dev4.devmitsinformatica.com\/en\/shop\/graffiti-rotulador-shop-barcelona\/montana-permanent-rotulador\/#primaryimage\"},\"image\":{\"@id\":\"https:\/\/dev4.devmitsinformatica.com\/en\/shop\/graffiti-rotulador-shop-barcelona\/montana-permanent-rotulador\/#primaryimage\"},\"thumbnailUrl\":\"https:\/\/dev4.devmitsinformatica.com\/wp-content\/uploads\/2016\/08\/Montana_Permanent_SHORT_Violet.jpg\",\"datePublished\":\"2016-09-01T20:40:31+00:00\",\"dateModified\":\"2023-10-14T10:13:25+00:00\",\"description\":\"barniz de montana? online tienda para sprays de montana cans espana. tienda bellas artes online. materiales bellas artes barcelona? tienda bellas artes online. tienda bellas artes online?\",\"breadcrumb\":{\"@id\":\"https:\/\/dev4.devmitsinformatica.com\/en\/shop\/graffiti-rotulador-shop-barcelona\/montana-permanent-rotulador\/#breadcrumb\"},\"inLanguage\":\"en-US\",\"potentialAction\":[{\"@type\":\"ReadAction\",\"target\":[\"https:\/\/dev4.devmitsinformatica.com\/en\/shop\/graffiti-rotulador-shop-barcelona\/montana-permanent-rotulador\/\"]}]},{\"@type\":\"ImageObject\",\"inLanguage\":\"en-US\",\"@id\":\"https:\/\/dev4.devmitsinformatica.com\/en\/shop\/graffiti-rotulador-shop-barcelona\/montana-permanent-rotulador\/#primaryimage\",\"url\":\"https:\/\/dev4.devmitsinformatica.com\/wp-content\/uploads\/2016\/08\/Montana_Permanent_SHORT_Violet.jpg\",\"contentUrl\":\"https:\/\/dev4.devmitsinformatica.com\/wp-content\/uploads\/2016\/08\/Montana_Permanent_SHORT_Violet.jpg\",\"width\":500,\"height\":500,\"caption\":\"permanent montana:graffiti shop barcelona\"},{\"@type\":\"BreadcrumbList\",\"@id\":\"https:\/\/dev4.devmitsinformatica.com\/en\/shop\/graffiti-rotulador-shop-barcelona\/montana-permanent-rotulador\/#breadcrumb\",\"itemListElement\":[{\"@type\":\"ListItem\",\"position\":1,\"name\":\"Home\",\"item\":\"https:\/\/dev4.devmitsinformatica.com\/en\/\"},{\"@type\":\"ListItem\",\"position\":2,\"name\":\"Store\",\"item\":\"https:\/\/dev4.devmitsinformatica.com\/?page_id=38\"},{\"@type\":\"ListItem\",\"position\":3,\"name\":\"Montana Cans Permanent Rotulador\"}]},{\"@type\":\"WebSite\",\"@id\":\"https:\/\/dev4.devmitsinformatica.com\/en\/#website\",\"url\":\"https:\/\/dev4.devmitsinformatica.com\/en\/\",\"name\":\"ULTRAWIDE GRAFFITI SHOP\",\"description\":\"SPRAY GRAFFITI SHOP CAPS Y ROTULADORES\",\"publisher\":{\"@id\":\"https:\/\/dev4.devmitsinformatica.com\/en\/#organization\"},\"potentialAction\":[{\"@type\":\"SearchAction\",\"target\":{\"@type\":\"EntryPoint\",\"urlTemplate\":\"https:\/\/dev4.devmitsinformatica.com\/en\/?s={search_term_string}\"},\"query-input\":{\"@type\":\"PropertyValueSpecification\",\"valueRequired\":true,\"valueName\":\"search_term_string\"}}],\"inLanguage\":\"en-US\"},{\"@type\":\"Organization\",\"@id\":\"https:\/\/dev4.devmitsinformatica.com\/en\/#organization\",\"name\":\"ANDEN Graffiti Shop Barcelona\",\"url\":\"https:\/\/dev4.devmitsinformatica.com\/en\/\",\"logo\":{\"@type\":\"ImageObject\",\"inLanguage\":\"en-US\",\"@id\":\"https:\/\/dev4.devmitsinformatica.com\/en\/#\/schema\/logo\/image\/\",\"url\":\"https:\/\/dev4.devmitsinformatica.com\/wp-content\/uploads\/2016\/11\/graffiti-gallery-barcelona.png\",\"contentUrl\":\"https:\/\/dev4.devmitsinformatica.com\/wp-content\/uploads\/2016\/11\/graffiti-gallery-barcelona.png\",\"width\":386,\"height\":150,\"caption\":\"ANDEN Graffiti Shop Barcelona\"},\"image\":{\"@id\":\"https:\/\/dev4.devmitsinformatica.com\/en\/#\/schema\/logo\/image\/\"}}]}<\/script>\n<!-- \/ Yoast SEO plugin. -->","yoast_head_json":{"title":"Rotulador Permanente Montana Cans. Graffiti Shop","description":"barniz de montana? online tienda para sprays de montana cans espana. tienda bellas artes online. materiales bellas artes barcelona? tienda bellas artes online. tienda bellas artes online?","robots":{"index":"index","follow":"follow","max-snippet":"max-snippet:-1","max-image-preview":"max-image-preview:large","max-video-preview":"max-video-preview:-1"},"canonical":"https:\/\/dev4.devmitsinformatica.com\/en\/shop\/graffiti-rotulador-shop-barcelona\/montana-permanent-rotulador\/","og_locale":"en_US","og_type":"article","og_title":"Rotulador Permanente Montana Cans. Graffiti Shop","og_description":"barniz de montana? online tienda para sprays de montana cans espana. tienda bellas artes online. materiales bellas artes barcelona? tienda bellas artes online. tienda bellas artes online?","og_url":"https:\/\/dev4.devmitsinformatica.com\/en\/shop\/graffiti-rotulador-shop-barcelona\/montana-permanent-rotulador\/","og_site_name":"ULTRAWIDE GRAFFITI SHOP","article_modified_time":"2023-10-14T10:13:25+00:00","og_image":[{"width":500,"height":500,"url":"https:\/\/dev4.devmitsinformatica.com\/wp-content\/uploads\/2016\/08\/Montana_Permanent_SHORT_Violet.jpg","type":"image\/jpeg"}],"twitter_card":"summary_large_image","twitter_misc":{"Est. reading time":"1 minute"},"schema":{"@context":"https:\/\/schema.org","@graph":[{"@type":"WebPage","@id":"https:\/\/dev4.devmitsinformatica.com\/en\/shop\/graffiti-rotulador-shop-barcelona\/montana-permanent-rotulador\/","url":"https:\/\/dev4.devmitsinformatica.com\/en\/shop\/graffiti-rotulador-shop-barcelona\/montana-permanent-rotulador\/","name":"Rotulador Permanente Montana Cans. Graffiti Shop","isPartOf":{"@id":"https:\/\/dev4.devmitsinformatica.com\/en\/#website"},"primaryImageOfPage":{"@id":"https:\/\/dev4.devmitsinformatica.com\/en\/shop\/graffiti-rotulador-shop-barcelona\/montana-permanent-rotulador\/#primaryimage"},"image":{"@id":"https:\/\/dev4.devmitsinformatica.com\/en\/shop\/graffiti-rotulador-shop-barcelona\/montana-permanent-rotulador\/#primaryimage"},"thumbnailUrl":"https:\/\/dev4.devmitsinformatica.com\/wp-content\/uploads\/2016\/08\/Montana_Permanent_SHORT_Violet.jpg","datePublished":"2016-09-01T20:40:31+00:00","dateModified":"2023-10-14T10:13:25+00:00","description":"barniz de montana? online tienda para sprays de montana cans espana. tienda bellas artes online. materiales bellas artes barcelona? tienda bellas artes online. tienda bellas artes online?","breadcrumb":{"@id":"https:\/\/dev4.devmitsinformatica.com\/en\/shop\/graffiti-rotulador-shop-barcelona\/montana-permanent-rotulador\/#breadcrumb"},"inLanguage":"en-US","potentialAction":[{"@type":"ReadAction","target":["https:\/\/dev4.devmitsinformatica.com\/en\/shop\/graffiti-rotulador-shop-barcelona\/montana-permanent-rotulador\/"]}]},{"@type":"ImageObject","inLanguage":"en-US","@id":"https:\/\/dev4.devmitsinformatica.com\/en\/shop\/graffiti-rotulador-shop-barcelona\/montana-permanent-rotulador\/#primaryimage","url":"https:\/\/dev4.devmitsinformatica.com\/wp-content\/uploads\/2016\/08\/Montana_Permanent_SHORT_Violet.jpg","contentUrl":"https:\/\/dev4.devmitsinformatica.com\/wp-content\/uploads\/2016\/08\/Montana_Permanent_SHORT_Violet.jpg","width":500,"height":500,"caption":"permanent montana:graffiti shop barcelona"},{"@type":"BreadcrumbList","@id":"https:\/\/dev4.devmitsinformatica.com\/en\/shop\/graffiti-rotulador-shop-barcelona\/montana-permanent-rotulador\/#breadcrumb","itemListElement":[{"@type":"ListItem","position":1,"name":"Home","item":"https:\/\/dev4.devmitsinformatica.com\/en\/"},{"@type":"ListItem","position":2,"name":"Store","item":"https:\/\/dev4.devmitsinformatica.com\/?page_id=38"},{"@type":"ListItem","position":3,"name":"Montana Cans Permanent Rotulador"}]},{"@type":"WebSite","@id":"https:\/\/dev4.devmitsinformatica.com\/en\/#website","url":"https:\/\/dev4.devmitsinformatica.com\/en\/","name":"ULTRAWIDE GRAFFITI SHOP","description":"SPRAY GRAFFITI SHOP CAPS Y ROTULADORES","publisher":{"@id":"https:\/\/dev4.devmitsinformatica.com\/en\/#organization"},"potentialAction":[{"@type":"SearchAction","target":{"@type":"EntryPoint","urlTemplate":"https:\/\/dev4.devmitsinformatica.com\/en\/?s={search_term_string}"},"query-input":{"@type":"PropertyValueSpecification","valueRequired":true,"valueName":"search_term_string"}}],"inLanguage":"en-US"},{"@type":"Organization","@id":"https:\/\/dev4.devmitsinformatica.com\/en\/#organization","name":"ANDEN Graffiti Shop Barcelona","url":"https:\/\/dev4.devmitsinformatica.com\/en\/","logo":{"@type":"ImageObject","inLanguage":"en-US","@id":"https:\/\/dev4.devmitsinformatica.com\/en\/#\/schema\/logo\/image\/","url":"https:\/\/dev4.devmitsinformatica.com\/wp-content\/uploads\/2016\/11\/graffiti-gallery-barcelona.png","contentUrl":"https:\/\/dev4.devmitsinformatica.com\/wp-content\/uploads\/2016\/11\/graffiti-gallery-barcelona.png","width":386,"height":150,"caption":"ANDEN Graffiti Shop Barcelona"},"image":{"@id":"https:\/\/dev4.devmitsinformatica.com\/en\/#\/schema\/logo\/image\/"}}]}},"_links":{"self":[{"href":"https:\/\/dev4.devmitsinformatica.com\/en\/wp-json\/wp\/v2\/product\/2650","targetHints":{"allow":["GET"]}}],"collection":[{"href":"https:\/\/dev4.devmitsinformatica.com\/en\/wp-json\/wp\/v2\/product"}],"about":[{"href":"https:\/\/dev4.devmitsinformatica.com\/en\/wp-json\/wp\/v2\/types\/product"}],"replies":[{"embeddable":true,"href":"https:\/\/dev4.devmitsinformatica.com\/en\/wp-json\/wp\/v2\/comments?post=2650"}],"version-history":[{"count":0,"href":"https:\/\/dev4.devmitsinformatica.com\/en\/wp-json\/wp\/v2\/product\/2650\/revisions"}],"wp:featuredmedia":[{"embeddable":true,"href":"https:\/\/dev4.devmitsinformatica.com\/en\/wp-json\/wp\/v2\/media\/1460"}],"wp:attachment":[{"href":"https:\/\/dev4.devmitsinformatica.com\/en\/wp-json\/wp\/v2\/media?parent=2650"}],"wp:term":[{"taxonomy":"product_brand","embeddable":true,"href":"https:\/\/dev4.devmitsinformatica.com\/en\/wp-json\/wp\/v2\/product_brand?post=2650"},{"taxonomy":"product_cat","embeddable":true,"href":"https:\/\/dev4.devmitsinformatica.com\/en\/wp-json\/wp\/v2\/product_cat?post=2650"},{"taxonomy":"product_tag","embeddable":true,"href":"https:\/\/dev4.devmitsinformatica.com\/en\/wp-json\/wp\/v2\/product_tag?post=2650"}],"curies":[{"name":"wp","href":"https:\/\/api.w.org\/{rel}","templated":true}]}}