{"id":2777,"date":"2016-09-01T20:42:08","date_gmt":"2016-09-01T20:42:08","guid":{"rendered":"http:\/\/spraygraffiti.com\/index.php\/product\/montana-black-150ml\/"},"modified":"2023-10-14T10:11:39","modified_gmt":"2023-10-14T10:11:39","slug":"montana-black-150ml","status":"publish","type":"product","link":"https:\/\/dev4.devmitsinformatica.com\/en\/shop\/spray-cans-montana\/montana-black-150ml\/","title":{"rendered":"Montana Black 150ml. Spray"},"content":{"rendered":"<h1><span style=\"text-decoration: underline; color: #333333;\">Montana Black 150ml. Spray<\/span><\/h1>\n<p>Montana Black 150ml. Spray. La eficiencia, la calidad y Versatilidad de<strong> Montana Black 150ml<\/strong> es el peque\u00f1o de su clase. La alta<br \/>\npigmentaci\u00f3n ofrece una enorme opacidad. Tiempos de secado m\u00e1s cortos que permiten un<br \/>\nprocesamiento r\u00e1pido y mezcla con otros colores. Pintura sin perfume fabricado con los m\u00e1s<br \/>\naltos est\u00e1ndares de calidad, salud y medio ambiente. La herramienta perfecta para los<br \/>\nescritores de graffiti y artistas de la calle. El <strong><em>Montana Black 150ml. Spray<\/em><\/strong>\u00a0protege de los rayos UV y<br \/>\ntambi\u00e9n funciona de forma \u00f3ptima a temperaturas bajo cero en invierno.<\/p>\n<p>web spray 150, spray pintura peque\u00f1o, spray port\u00e1til muy apto para cubrirt peque\u00f1as necesidades de pintado, el spray peque\u00f1o de colores montana se presenta en 6 diferentes colores b\u00e1sicos, Rojo, Azul, Blanco, Negro, Verde y plata con acabado mate y presi\u00f3n media Un spray pr\u00e1ctico para tener en cualquier taller o simplemente para aquellos que necesitan un color de manera puntual.<\/p>\n<p>Perfecto para pintura r\u00e1pida y lacado optimizado Nitro-Combination. Ahora disponible como <em><strong>150 ml<\/strong><\/em>. La alta presi\u00f3n y el corto tiempo de secado permiten una r\u00e1pida reaplicaci\u00f3n. <strong>Montana BLACK<\/strong> es resistente al clima y al invierno. Disponible en 6 tonos de color mate. Compatible con Montana BLACK 400ml y 600ml. La m\u00e1s alta calidad &#8211; HECHO EN ALEMANIA<\/p>\n","protected":false},"excerpt":{"rendered":"<p>La eficiencia, la calidad y Versatilidad de Montana BLACK es el peque\u00f1o de su clase. La alta<br \/>\npigmentaci\u00f3n ofrece una enorme opacidad.<\/p>\n<p>Gracias a su formato\u00a0<em>spray 150ml<\/em> es ideal para pintar sobre peque\u00f1as superficies. Montana black 150ml esta disponible en 6 diferentes colores.<\/p>\n","protected":false},"featured_media":1595,"comment_status":"closed","ping_status":"closed","template":"","meta":{"site-sidebar-layout":"default","site-content-layout":"","ast-site-content-layout":"default","site-content-style":"default","site-sidebar-style":"default","ast-global-header-display":"","ast-banner-title-visibility":"","ast-main-header-display":"","ast-hfb-above-header-display":"","ast-hfb-below-header-display":"","ast-hfb-mobile-header-display":"","site-post-title":"","ast-breadcrumbs-content":"","ast-featured-img":"","footer-sml-layout":"","ast-disable-related-posts":"","theme-transparent-header-meta":"","adv-header-id-meta":"","stick-header-meta":"","header-above-stick-meta":"","header-main-stick-meta":"","header-below-stick-meta":"","astra-migrate-meta-layouts":"default","ast-page-background-enabled":"default","ast-page-background-meta":{"desktop":{"background-color":"","background-image":"","background-repeat":"repeat","background-position":"center center","background-size":"auto","background-attachment":"scroll","background-type":"","background-media":"","overlay-type":"","overlay-color":"","overlay-opacity":"","overlay-gradient":""},"tablet":{"background-color":"","background-image":"","background-repeat":"repeat","background-position":"center center","background-size":"auto","background-attachment":"scroll","background-type":"","background-media":"","overlay-type":"","overlay-color":"","overlay-opacity":"","overlay-gradient":""},"mobile":{"background-color":"","background-image":"","background-repeat":"repeat","background-position":"center center","background-size":"auto","background-attachment":"scroll","background-type":"","background-media":"","overlay-type":"","overlay-color":"","overlay-opacity":"","overlay-gradient":""}},"ast-content-background-meta":{"desktop":{"background-color":"var(--ast-global-color-5)","background-image":"","background-repeat":"repeat","background-position":"center center","background-size":"auto","background-attachment":"scroll","background-type":"","background-media":"","overlay-type":"","overlay-color":"","overlay-opacity":"","overlay-gradient":""},"tablet":{"background-color":"var(--ast-global-color-5)","background-image":"","background-repeat":"repeat","background-position":"center center","background-size":"auto","background-attachment":"scroll","background-type":"","background-media":"","overlay-type":"","overlay-color":"","overlay-opacity":"","overlay-gradient":""},"mobile":{"background-color":"var(--ast-global-color-5)","background-image":"","background-repeat":"repeat","background-position":"center center","background-size":"auto","background-attachment":"scroll","background-type":"","background-media":"","overlay-type":"","overlay-color":"","overlay-opacity":"","overlay-gradient":""}}},"product_brand":[],"product_cat":[10,5645,3109,3216],"product_tag":[659,660,1019,651,1072,3715,3716,3714,3713,3712,658,657],"class_list":{"0":"post-2777","1":"product","2":"type-product","3":"status-publish","4":"has-post-thumbnail","6":"product_cat-spray-cans-montana","7":"product_cat-black-50ml-600ml-graffiti-paint","8":"product_cat-montana-cans","9":"product_cat-spray","10":"product_tag-colores-black-spray","11":"product_tag-graffiti-espana","12":"product_tag-montana","13":"product_tag-montana-black","14":"product_tag-montana-black-150","15":"product_tag-spray-150ml","16":"product_tag-spray-de-bolsillo","17":"product_tag-spray-graffiti-montana-pequeno","18":"product_tag-spray-montana-pequeno","19":"product_tag-spray-pequeno","20":"product_tag-tienda-graffiti-black","21":"product_tag-tienda-spray-black","22":"pa_color-black-graffiti-spray","23":"pa_color-montana-code-red-graffiti-spray","24":"pa_color-irish-green","25":"pa_color-light-blue","26":"pa_color-montana-spray-outline-silver","27":"pa_color-white-montana-graffiti-spray","28":"desktop-align-left","29":"tablet-align-left","30":"mobile-align-left","32":"first","33":"instock","34":"purchasable","35":"product-type-variable"},"yoast_head":"<!-- This site is optimized with the Yoast SEO plugin v27.0 - https:\/\/yoast.com\/product\/yoast-seo-wordpress\/ -->\n<title>Montana Black 150ml. Spray Ultrawide Graffiti Shop Barcelona<\/title>\n<meta name=\"description\" content=\"graffiti shop barcelona? graffiti? tienda graffiti, ropa street art y montana colores. tienda graffiti, ropa street art y montana colores. rotuladores para arte? graffiti shop barcelona?\" \/>\n<meta name=\"robots\" content=\"index, follow, max-snippet:-1, max-image-preview:large, max-video-preview:-1\" \/>\n<link rel=\"canonical\" href=\"https:\/\/dev4.devmitsinformatica.com\/en\/shop\/spray-cans-montana\/montana-black-150ml\/\" \/>\n<meta property=\"og:locale\" content=\"en_US\" \/>\n<meta property=\"og:type\" content=\"article\" \/>\n<meta property=\"og:title\" content=\"Montana Black 150ml. Spray Ultrawide Graffiti Shop Barcelona\" \/>\n<meta property=\"og:description\" content=\"graffiti shop barcelona? graffiti? tienda graffiti, ropa street art y montana colores. tienda graffiti, ropa street art y montana colores. rotuladores para arte? graffiti shop barcelona?\" \/>\n<meta property=\"og:url\" content=\"https:\/\/dev4.devmitsinformatica.com\/en\/shop\/spray-cans-montana\/montana-black-150ml\/\" \/>\n<meta property=\"og:site_name\" content=\"ULTRAWIDE GRAFFITI SHOP\" \/>\n<meta property=\"article:modified_time\" content=\"2023-10-14T10:11:39+00:00\" \/>\n<meta property=\"og:image\" content=\"https:\/\/dev4.devmitsinformatica.com\/wp-content\/uploads\/2016\/08\/montana_black_150ml.jpg\" \/>\n\t<meta property=\"og:image:width\" content=\"500\" \/>\n\t<meta property=\"og:image:height\" content=\"500\" \/>\n\t<meta property=\"og:image:type\" content=\"image\/jpeg\" \/>\n<meta name=\"twitter:card\" content=\"summary_large_image\" \/>\n<meta name=\"twitter:label1\" content=\"Est. reading time\" \/>\n\t<meta name=\"twitter:data1\" content=\"1 minute\" \/>\n<script type=\"application\/ld+json\" class=\"yoast-schema-graph\">{\"@context\":\"https:\/\/schema.org\",\"@graph\":[{\"@type\":\"WebPage\",\"@id\":\"https:\/\/dev4.devmitsinformatica.com\/en\/shop\/spray-cans-montana\/montana-black-150ml\/\",\"url\":\"https:\/\/dev4.devmitsinformatica.com\/en\/shop\/spray-cans-montana\/montana-black-150ml\/\",\"name\":\"Montana Black 150ml. Spray Ultrawide Graffiti Shop Barcelona\",\"isPartOf\":{\"@id\":\"https:\/\/dev4.devmitsinformatica.com\/en\/#website\"},\"primaryImageOfPage\":{\"@id\":\"https:\/\/dev4.devmitsinformatica.com\/en\/shop\/spray-cans-montana\/montana-black-150ml\/#primaryimage\"},\"image\":{\"@id\":\"https:\/\/dev4.devmitsinformatica.com\/en\/shop\/spray-cans-montana\/montana-black-150ml\/#primaryimage\"},\"thumbnailUrl\":\"https:\/\/dev4.devmitsinformatica.com\/wp-content\/uploads\/2016\/08\/montana_black_150ml.jpg\",\"datePublished\":\"2016-09-01T20:42:08+00:00\",\"dateModified\":\"2023-10-14T10:11:39+00:00\",\"description\":\"graffiti shop barcelona? graffiti? tienda graffiti, ropa street art y montana colores. tienda graffiti, ropa street art y montana colores. rotuladores para arte? graffiti shop barcelona?\",\"breadcrumb\":{\"@id\":\"https:\/\/dev4.devmitsinformatica.com\/en\/shop\/spray-cans-montana\/montana-black-150ml\/#breadcrumb\"},\"inLanguage\":\"en-US\",\"potentialAction\":[{\"@type\":\"ReadAction\",\"target\":[\"https:\/\/dev4.devmitsinformatica.com\/en\/shop\/spray-cans-montana\/montana-black-150ml\/\"]}]},{\"@type\":\"ImageObject\",\"inLanguage\":\"en-US\",\"@id\":\"https:\/\/dev4.devmitsinformatica.com\/en\/shop\/spray-cans-montana\/montana-black-150ml\/#primaryimage\",\"url\":\"https:\/\/dev4.devmitsinformatica.com\/wp-content\/uploads\/2016\/08\/montana_black_150ml.jpg\",\"contentUrl\":\"https:\/\/dev4.devmitsinformatica.com\/wp-content\/uploads\/2016\/08\/montana_black_150ml.jpg\",\"width\":500,\"height\":500,\"caption\":\"monta black 150ml de montana colores barcelona\"},{\"@type\":\"BreadcrumbList\",\"@id\":\"https:\/\/dev4.devmitsinformatica.com\/en\/shop\/spray-cans-montana\/montana-black-150ml\/#breadcrumb\",\"itemListElement\":[{\"@type\":\"ListItem\",\"position\":1,\"name\":\"Home\",\"item\":\"https:\/\/dev4.devmitsinformatica.com\/en\/\"},{\"@type\":\"ListItem\",\"position\":2,\"name\":\"Store\",\"item\":\"https:\/\/dev4.devmitsinformatica.com\/?page_id=38\"},{\"@type\":\"ListItem\",\"position\":3,\"name\":\"Montana Black 150ml. Spray\"}]},{\"@type\":\"WebSite\",\"@id\":\"https:\/\/dev4.devmitsinformatica.com\/en\/#website\",\"url\":\"https:\/\/dev4.devmitsinformatica.com\/en\/\",\"name\":\"ULTRAWIDE GRAFFITI SHOP\",\"description\":\"SPRAY GRAFFITI SHOP CAPS Y ROTULADORES\",\"publisher\":{\"@id\":\"https:\/\/dev4.devmitsinformatica.com\/en\/#organization\"},\"potentialAction\":[{\"@type\":\"SearchAction\",\"target\":{\"@type\":\"EntryPoint\",\"urlTemplate\":\"https:\/\/dev4.devmitsinformatica.com\/en\/?s={search_term_string}\"},\"query-input\":{\"@type\":\"PropertyValueSpecification\",\"valueRequired\":true,\"valueName\":\"search_term_string\"}}],\"inLanguage\":\"en-US\"},{\"@type\":\"Organization\",\"@id\":\"https:\/\/dev4.devmitsinformatica.com\/en\/#organization\",\"name\":\"ANDEN Graffiti Shop Barcelona\",\"url\":\"https:\/\/dev4.devmitsinformatica.com\/en\/\",\"logo\":{\"@type\":\"ImageObject\",\"inLanguage\":\"en-US\",\"@id\":\"https:\/\/dev4.devmitsinformatica.com\/en\/#\/schema\/logo\/image\/\",\"url\":\"https:\/\/dev4.devmitsinformatica.com\/wp-content\/uploads\/2016\/11\/graffiti-gallery-barcelona.png\",\"contentUrl\":\"https:\/\/dev4.devmitsinformatica.com\/wp-content\/uploads\/2016\/11\/graffiti-gallery-barcelona.png\",\"width\":386,\"height\":150,\"caption\":\"ANDEN Graffiti Shop Barcelona\"},\"image\":{\"@id\":\"https:\/\/dev4.devmitsinformatica.com\/en\/#\/schema\/logo\/image\/\"}}]}<\/script>\n<!-- \/ Yoast SEO plugin. -->","yoast_head_json":{"title":"Montana Black 150ml. Spray Ultrawide Graffiti Shop Barcelona","description":"graffiti shop barcelona? graffiti? tienda graffiti, ropa street art y montana colores. tienda graffiti, ropa street art y montana colores. rotuladores para arte? graffiti shop barcelona?","robots":{"index":"index","follow":"follow","max-snippet":"max-snippet:-1","max-image-preview":"max-image-preview:large","max-video-preview":"max-video-preview:-1"},"canonical":"https:\/\/dev4.devmitsinformatica.com\/en\/shop\/spray-cans-montana\/montana-black-150ml\/","og_locale":"en_US","og_type":"article","og_title":"Montana Black 150ml. Spray Ultrawide Graffiti Shop Barcelona","og_description":"graffiti shop barcelona? graffiti? tienda graffiti, ropa street art y montana colores. tienda graffiti, ropa street art y montana colores. rotuladores para arte? graffiti shop barcelona?","og_url":"https:\/\/dev4.devmitsinformatica.com\/en\/shop\/spray-cans-montana\/montana-black-150ml\/","og_site_name":"ULTRAWIDE GRAFFITI SHOP","article_modified_time":"2023-10-14T10:11:39+00:00","og_image":[{"width":500,"height":500,"url":"https:\/\/dev4.devmitsinformatica.com\/wp-content\/uploads\/2016\/08\/montana_black_150ml.jpg","type":"image\/jpeg"}],"twitter_card":"summary_large_image","twitter_misc":{"Est. reading time":"1 minute"},"schema":{"@context":"https:\/\/schema.org","@graph":[{"@type":"WebPage","@id":"https:\/\/dev4.devmitsinformatica.com\/en\/shop\/spray-cans-montana\/montana-black-150ml\/","url":"https:\/\/dev4.devmitsinformatica.com\/en\/shop\/spray-cans-montana\/montana-black-150ml\/","name":"Montana Black 150ml. Spray Ultrawide Graffiti Shop Barcelona","isPartOf":{"@id":"https:\/\/dev4.devmitsinformatica.com\/en\/#website"},"primaryImageOfPage":{"@id":"https:\/\/dev4.devmitsinformatica.com\/en\/shop\/spray-cans-montana\/montana-black-150ml\/#primaryimage"},"image":{"@id":"https:\/\/dev4.devmitsinformatica.com\/en\/shop\/spray-cans-montana\/montana-black-150ml\/#primaryimage"},"thumbnailUrl":"https:\/\/dev4.devmitsinformatica.com\/wp-content\/uploads\/2016\/08\/montana_black_150ml.jpg","datePublished":"2016-09-01T20:42:08+00:00","dateModified":"2023-10-14T10:11:39+00:00","description":"graffiti shop barcelona? graffiti? tienda graffiti, ropa street art y montana colores. tienda graffiti, ropa street art y montana colores. rotuladores para arte? graffiti shop barcelona?","breadcrumb":{"@id":"https:\/\/dev4.devmitsinformatica.com\/en\/shop\/spray-cans-montana\/montana-black-150ml\/#breadcrumb"},"inLanguage":"en-US","potentialAction":[{"@type":"ReadAction","target":["https:\/\/dev4.devmitsinformatica.com\/en\/shop\/spray-cans-montana\/montana-black-150ml\/"]}]},{"@type":"ImageObject","inLanguage":"en-US","@id":"https:\/\/dev4.devmitsinformatica.com\/en\/shop\/spray-cans-montana\/montana-black-150ml\/#primaryimage","url":"https:\/\/dev4.devmitsinformatica.com\/wp-content\/uploads\/2016\/08\/montana_black_150ml.jpg","contentUrl":"https:\/\/dev4.devmitsinformatica.com\/wp-content\/uploads\/2016\/08\/montana_black_150ml.jpg","width":500,"height":500,"caption":"monta black 150ml de montana colores barcelona"},{"@type":"BreadcrumbList","@id":"https:\/\/dev4.devmitsinformatica.com\/en\/shop\/spray-cans-montana\/montana-black-150ml\/#breadcrumb","itemListElement":[{"@type":"ListItem","position":1,"name":"Home","item":"https:\/\/dev4.devmitsinformatica.com\/en\/"},{"@type":"ListItem","position":2,"name":"Store","item":"https:\/\/dev4.devmitsinformatica.com\/?page_id=38"},{"@type":"ListItem","position":3,"name":"Montana Black 150ml. Spray"}]},{"@type":"WebSite","@id":"https:\/\/dev4.devmitsinformatica.com\/en\/#website","url":"https:\/\/dev4.devmitsinformatica.com\/en\/","name":"ULTRAWIDE GRAFFITI SHOP","description":"SPRAY GRAFFITI SHOP CAPS Y ROTULADORES","publisher":{"@id":"https:\/\/dev4.devmitsinformatica.com\/en\/#organization"},"potentialAction":[{"@type":"SearchAction","target":{"@type":"EntryPoint","urlTemplate":"https:\/\/dev4.devmitsinformatica.com\/en\/?s={search_term_string}"},"query-input":{"@type":"PropertyValueSpecification","valueRequired":true,"valueName":"search_term_string"}}],"inLanguage":"en-US"},{"@type":"Organization","@id":"https:\/\/dev4.devmitsinformatica.com\/en\/#organization","name":"ANDEN Graffiti Shop Barcelona","url":"https:\/\/dev4.devmitsinformatica.com\/en\/","logo":{"@type":"ImageObject","inLanguage":"en-US","@id":"https:\/\/dev4.devmitsinformatica.com\/en\/#\/schema\/logo\/image\/","url":"https:\/\/dev4.devmitsinformatica.com\/wp-content\/uploads\/2016\/11\/graffiti-gallery-barcelona.png","contentUrl":"https:\/\/dev4.devmitsinformatica.com\/wp-content\/uploads\/2016\/11\/graffiti-gallery-barcelona.png","width":386,"height":150,"caption":"ANDEN Graffiti Shop Barcelona"},"image":{"@id":"https:\/\/dev4.devmitsinformatica.com\/en\/#\/schema\/logo\/image\/"}}]}},"_links":{"self":[{"href":"https:\/\/dev4.devmitsinformatica.com\/en\/wp-json\/wp\/v2\/product\/2777","targetHints":{"allow":["GET"]}}],"collection":[{"href":"https:\/\/dev4.devmitsinformatica.com\/en\/wp-json\/wp\/v2\/product"}],"about":[{"href":"https:\/\/dev4.devmitsinformatica.com\/en\/wp-json\/wp\/v2\/types\/product"}],"replies":[{"embeddable":true,"href":"https:\/\/dev4.devmitsinformatica.com\/en\/wp-json\/wp\/v2\/comments?post=2777"}],"version-history":[{"count":0,"href":"https:\/\/dev4.devmitsinformatica.com\/en\/wp-json\/wp\/v2\/product\/2777\/revisions"}],"wp:featuredmedia":[{"embeddable":true,"href":"https:\/\/dev4.devmitsinformatica.com\/en\/wp-json\/wp\/v2\/media\/1595"}],"wp:attachment":[{"href":"https:\/\/dev4.devmitsinformatica.com\/en\/wp-json\/wp\/v2\/media?parent=2777"}],"wp:term":[{"taxonomy":"product_brand","embeddable":true,"href":"https:\/\/dev4.devmitsinformatica.com\/en\/wp-json\/wp\/v2\/product_brand?post=2777"},{"taxonomy":"product_cat","embeddable":true,"href":"https:\/\/dev4.devmitsinformatica.com\/en\/wp-json\/wp\/v2\/product_cat?post=2777"},{"taxonomy":"product_tag","embeddable":true,"href":"https:\/\/dev4.devmitsinformatica.com\/en\/wp-json\/wp\/v2\/product_tag?post=2777"}],"curies":[{"name":"wp","href":"https:\/\/api.w.org\/{rel}","templated":true}]}}