{"id":2970,"date":"2016-09-01T20:45:28","date_gmt":"2016-09-01T20:45:28","guid":{"rendered":"http:\/\/spraygraffiti.com\/index.php\/product\/montana-black-extended-600ml\/"},"modified":"2023-10-14T10:04:06","modified_gmt":"2023-10-14T10:04:06","slug":"montana-black-extended-600ml","status":"publish","type":"product","link":"https:\/\/dev4.devmitsinformatica.com\/en\/shop\/spray-cans-montana\/montana-black-extended-600ml\/","title":{"rendered":"Montana BLACK Extended 600ml"},"content":{"rendered":"<h1><span style=\"text-decoration: underline; color: #333333;\">Montana Black Extended 600ml.<\/span><\/h1>\n<p><strong>Montana BLACK Extended 600ml<\/strong>. <strong><em>El Montana BLACK 600ml<\/em><\/strong> proporciona 14 colores de cobertura alta, totalmente compatibles con el rango de 400 ml. La legendaria f\u00f3rmula NC asegura alta presi\u00f3n, tiempo de secado r\u00e1pido y manejo perfecto. Cubre una mayor superficie de forma eficiente y silenciosa. La f\u00f3rmula altamente pigmentada sin goteo permite una r\u00e1pida sobreimpresi\u00f3n en cualquier superficie. No perfumado como si fuera el hermano mayor del 400 ml. La m\u00e1s alta calidad &#8211; HECHO EN ALEMANIA<\/p>\n<p>La eficiencia, la calidad y Versatilidad de<em><strong> Montana BLACK<\/strong><\/em> es la numero uno de su<br \/>\nclase. Desarrollado con 187 colores fuertes, mate altamente pigmentados que se pueden<br \/>\naplicar a casi cualquier superficie. La alta pigmentaci\u00f3n ofrece una enorme opacidad.<\/p>\n<p>Tiempos de secado m\u00e1s cortos que permiten un procesamiento r\u00e1pido, rociado r\u00e1pido y<br \/>\nmezcla con otros colores. Pintura sin perfume fabricado con los m\u00e1s altos est\u00e1ndares de<br \/>\ncalidad, salud y medio ambiente. La herramienta perfecta para los escritores de graffiti y<br \/>\nartistas de la calle. El <strong><em>Montana BLACK<\/em><\/strong> protege de los rayos UV y tambi\u00e9n funciona de forma<br \/>\n\u00f3ptima.<\/p>\n<p>IMPORTANTE: Agitar bien<\/p>\n<p>Debido a la fuerte pigmentaci\u00f3n de la <strong>Montana BLACK<\/strong> la lata debe agitarse muy bien antes<br \/>\nde su uso, de modo que suene el sonido de la bola de mezcla . a temperaturas bajo cero en<br \/>\ninvierno.<\/p>\n<p>Montana BLACK Extended 600 ml:Montana BLACK Extended 600 ml? <strong>Montana BLACK Extended 600 ml<\/strong>\u00a0en Ultrawide, Colores Montana Cans Barcelona.<\/p>\n<p>spray 600, montana black 600, spray graffiti, comprar spray montana.<\/p>\n","protected":false},"excerpt":{"rendered":"<p>Formato 600 de la l\u00ednea Black, ideado para un p\u00fablico exigente que requiere de mas pintura y presi\u00f3n para trabajos r\u00e1pidos y con gran poder de cubrici\u00f3n.<\/p>\n<p>Tiempos de secado m\u00e1s cortos que permiten un procesamiento r\u00e1pido, rociado r\u00e1pido y<br \/>\nmezcla con otros colores. Pintura sin perfume fabricado con los m\u00e1s altos est\u00e1ndares de<br \/>\ncalidad, salud y medio ambiente. La herramienta perfecta para los escritores de graffiti y<br \/>\nartistas de la calle. El Montana BLACK protege de los rayos UV y tambi\u00e9n funciona de forma<br \/>\n\u00f3ptima.<\/p>\n","protected":false},"featured_media":1791,"comment_status":"closed","ping_status":"closed","template":"","meta":{"site-sidebar-layout":"default","site-content-layout":"","ast-site-content-layout":"default","site-content-style":"default","site-sidebar-style":"default","ast-global-header-display":"","ast-banner-title-visibility":"","ast-main-header-display":"","ast-hfb-above-header-display":"","ast-hfb-below-header-display":"","ast-hfb-mobile-header-display":"","site-post-title":"","ast-breadcrumbs-content":"","ast-featured-img":"","footer-sml-layout":"","ast-disable-related-posts":"","theme-transparent-header-meta":"","adv-header-id-meta":"","stick-header-meta":"","header-above-stick-meta":"","header-main-stick-meta":"","header-below-stick-meta":"","astra-migrate-meta-layouts":"default","ast-page-background-enabled":"default","ast-page-background-meta":{"desktop":{"background-color":"","background-image":"","background-repeat":"repeat","background-position":"center center","background-size":"auto","background-attachment":"scroll","background-type":"","background-media":"","overlay-type":"","overlay-color":"","overlay-opacity":"","overlay-gradient":""},"tablet":{"background-color":"","background-image":"","background-repeat":"repeat","background-position":"center center","background-size":"auto","background-attachment":"scroll","background-type":"","background-media":"","overlay-type":"","overlay-color":"","overlay-opacity":"","overlay-gradient":""},"mobile":{"background-color":"","background-image":"","background-repeat":"repeat","background-position":"center center","background-size":"auto","background-attachment":"scroll","background-type":"","background-media":"","overlay-type":"","overlay-color":"","overlay-opacity":"","overlay-gradient":""}},"ast-content-background-meta":{"desktop":{"background-color":"var(--ast-global-color-5)","background-image":"","background-repeat":"repeat","background-position":"center center","background-size":"auto","background-attachment":"scroll","background-type":"","background-media":"","overlay-type":"","overlay-color":"","overlay-opacity":"","overlay-gradient":""},"tablet":{"background-color":"var(--ast-global-color-5)","background-image":"","background-repeat":"repeat","background-position":"center center","background-size":"auto","background-attachment":"scroll","background-type":"","background-media":"","overlay-type":"","overlay-color":"","overlay-opacity":"","overlay-gradient":""},"mobile":{"background-color":"var(--ast-global-color-5)","background-image":"","background-repeat":"repeat","background-position":"center center","background-size":"auto","background-attachment":"scroll","background-type":"","background-media":"","overlay-type":"","overlay-color":"","overlay-opacity":"","overlay-gradient":""}}},"product_brand":[],"product_cat":[10,1262,5645,3109,3216],"product_tag":[649,650,1257,1256,1255,1254,1261,1260,1259,1258,1019,3711,1251,642,1253,1250,1252],"class_list":{"0":"post-2970","1":"product","2":"type-product","3":"status-publish","4":"has-post-thumbnail","6":"product_cat-spray-cans-montana","7":"product_cat-montana-black-600","8":"product_cat-black-50ml-600ml-graffiti-paint","9":"product_cat-montana-cans","10":"product_cat-spray","11":"product_tag-barcelona-montana-cans","12":"product_tag-barcelona-montana-cans-graffiti","13":"product_tag-black-extended-600-ml-montana","14":"product_tag-black-extended-600-ml-montana-spray","15":"product_tag-black-montana-extended-600-ml","16":"product_tag-black-montana-spray-extended-600-ml","17":"product_tag-extended-600-ml-black-montana","18":"product_tag-extended-600-ml-black-montana-spray","19":"product_tag-extended-600-ml-montana-black","20":"product_tag-extended-600-ml-montana-spray-black","21":"product_tag-montana","22":"product_tag-montana-600","23":"product_tag-montana-black-extended-600-ml","24":"product_tag-montana-cans-barcelona","25":"product_tag-montana-extended-600-ml-black","26":"product_tag-montana-spray-black-extended-600-ml","27":"product_tag-montana-spray-extended-600-ml-black","28":"pa_color-black-graffiti-spray","29":"pa_color-baby-blue","30":"pa_color-boston-graffiti-spray","31":"pa_color-cool-colog","32":"pa_color-goldchrome","33":"pa_color-halloween","34":"pa_color-pink-cadillac","35":"pa_color-power-green","36":"pa_color-power-red","37":"pa_color-royal-purple","38":"pa_color-shark","39":"pa_color-ultramarine","40":"pa_color-white-montana-graffiti-spray","41":"pa_montana-black-montana-black-600","42":"pa_montana-black-montana-black-600-spray","43":"pa_montana-black-montana-black-cans-barcelona","44":"pa_montana-black-montana-cans-barcelona-black","45":"pa_montana-black-montana-cans-black-600","46":"pa_montana-black-spray-montana-black","47":"desktop-align-left","48":"tablet-align-left","49":"mobile-align-left","51":"first","52":"instock","53":"purchasable","54":"product-type-variable"},"yoast_head":"<!-- This site is optimized with the Yoast SEO plugin v27.0 - https:\/\/yoast.com\/product\/yoast-seo-wordpress\/ -->\n<title>Montana BLACK Extended 600ml. Graffiti Colors Barcelona<\/title>\n<meta name=\"description\" content=\"Montana BLACK Extended 600 ml:Montana BLACK Extended 600 ml? Montana BLACK Extended 600 ml en Ultrawide Shop, Colores Montana Cans Barcelona.\" \/>\n<meta name=\"robots\" content=\"index, follow, max-snippet:-1, max-image-preview:large, max-video-preview:-1\" \/>\n<link rel=\"canonical\" href=\"https:\/\/dev4.devmitsinformatica.com\/en\/shop\/spray-cans-montana\/montana-black-extended-600ml\/\" \/>\n<meta property=\"og:locale\" content=\"en_US\" \/>\n<meta property=\"og:type\" content=\"article\" \/>\n<meta property=\"og:title\" content=\"Montana BLACK Extended 600ml. Graffiti Colors Barcelona\" \/>\n<meta property=\"og:description\" content=\"Montana BLACK Extended 600 ml:Montana BLACK Extended 600 ml? Montana BLACK Extended 600 ml en Ultrawide Shop, Colores Montana Cans Barcelona.\" \/>\n<meta property=\"og:url\" content=\"https:\/\/dev4.devmitsinformatica.com\/en\/shop\/spray-cans-montana\/montana-black-extended-600ml\/\" \/>\n<meta property=\"og:site_name\" content=\"ULTRAWIDE GRAFFITI SHOP\" \/>\n<meta property=\"article:modified_time\" content=\"2023-10-14T10:04:06+00:00\" \/>\n<meta property=\"og:image\" content=\"https:\/\/dev4.devmitsinformatica.com\/wp-content\/uploads\/2016\/08\/montana_black_600ml.jpg\" \/>\n\t<meta property=\"og:image:width\" content=\"500\" \/>\n\t<meta property=\"og:image:height\" content=\"500\" \/>\n\t<meta property=\"og:image:type\" content=\"image\/jpeg\" \/>\n<meta name=\"twitter:card\" content=\"summary_large_image\" \/>\n<meta name=\"twitter:label1\" content=\"Est. reading time\" \/>\n\t<meta name=\"twitter:data1\" content=\"1 minute\" \/>\n<script type=\"application\/ld+json\" class=\"yoast-schema-graph\">{\"@context\":\"https:\/\/schema.org\",\"@graph\":[{\"@type\":\"WebPage\",\"@id\":\"https:\/\/dev4.devmitsinformatica.com\/en\/shop\/spray-cans-montana\/montana-black-extended-600ml\/\",\"url\":\"https:\/\/dev4.devmitsinformatica.com\/en\/shop\/spray-cans-montana\/montana-black-extended-600ml\/\",\"name\":\"Montana BLACK Extended 600ml. Graffiti Colors Barcelona\",\"isPartOf\":{\"@id\":\"https:\/\/dev4.devmitsinformatica.com\/en\/#website\"},\"primaryImageOfPage\":{\"@id\":\"https:\/\/dev4.devmitsinformatica.com\/en\/shop\/spray-cans-montana\/montana-black-extended-600ml\/#primaryimage\"},\"image\":{\"@id\":\"https:\/\/dev4.devmitsinformatica.com\/en\/shop\/spray-cans-montana\/montana-black-extended-600ml\/#primaryimage\"},\"thumbnailUrl\":\"https:\/\/dev4.devmitsinformatica.com\/wp-content\/uploads\/2016\/08\/montana_black_600ml.jpg\",\"datePublished\":\"2016-09-01T20:45:28+00:00\",\"dateModified\":\"2023-10-14T10:04:06+00:00\",\"description\":\"Montana BLACK Extended 600 ml:Montana BLACK Extended 600 ml? Montana BLACK Extended 600 ml en Ultrawide Shop, Colores Montana Cans Barcelona.\",\"breadcrumb\":{\"@id\":\"https:\/\/dev4.devmitsinformatica.com\/en\/shop\/spray-cans-montana\/montana-black-extended-600ml\/#breadcrumb\"},\"inLanguage\":\"en-US\",\"potentialAction\":[{\"@type\":\"ReadAction\",\"target\":[\"https:\/\/dev4.devmitsinformatica.com\/en\/shop\/spray-cans-montana\/montana-black-extended-600ml\/\"]}]},{\"@type\":\"ImageObject\",\"inLanguage\":\"en-US\",\"@id\":\"https:\/\/dev4.devmitsinformatica.com\/en\/shop\/spray-cans-montana\/montana-black-extended-600ml\/#primaryimage\",\"url\":\"https:\/\/dev4.devmitsinformatica.com\/wp-content\/uploads\/2016\/08\/montana_black_600ml.jpg\",\"contentUrl\":\"https:\/\/dev4.devmitsinformatica.com\/wp-content\/uploads\/2016\/08\/montana_black_600ml.jpg\",\"width\":500,\"height\":500,\"caption\":\"montana cans espana:montana black 600ml graffiti colores\"},{\"@type\":\"BreadcrumbList\",\"@id\":\"https:\/\/dev4.devmitsinformatica.com\/en\/shop\/spray-cans-montana\/montana-black-extended-600ml\/#breadcrumb\",\"itemListElement\":[{\"@type\":\"ListItem\",\"position\":1,\"name\":\"Home\",\"item\":\"https:\/\/dev4.devmitsinformatica.com\/en\/\"},{\"@type\":\"ListItem\",\"position\":2,\"name\":\"Store\",\"item\":\"https:\/\/dev4.devmitsinformatica.com\/?page_id=38\"},{\"@type\":\"ListItem\",\"position\":3,\"name\":\"Montana BLACK Extended 600ml\"}]},{\"@type\":\"WebSite\",\"@id\":\"https:\/\/dev4.devmitsinformatica.com\/en\/#website\",\"url\":\"https:\/\/dev4.devmitsinformatica.com\/en\/\",\"name\":\"ULTRAWIDE GRAFFITI SHOP\",\"description\":\"SPRAY GRAFFITI SHOP CAPS Y ROTULADORES\",\"publisher\":{\"@id\":\"https:\/\/dev4.devmitsinformatica.com\/en\/#organization\"},\"potentialAction\":[{\"@type\":\"SearchAction\",\"target\":{\"@type\":\"EntryPoint\",\"urlTemplate\":\"https:\/\/dev4.devmitsinformatica.com\/en\/?s={search_term_string}\"},\"query-input\":{\"@type\":\"PropertyValueSpecification\",\"valueRequired\":true,\"valueName\":\"search_term_string\"}}],\"inLanguage\":\"en-US\"},{\"@type\":\"Organization\",\"@id\":\"https:\/\/dev4.devmitsinformatica.com\/en\/#organization\",\"name\":\"ANDEN Graffiti Shop Barcelona\",\"url\":\"https:\/\/dev4.devmitsinformatica.com\/en\/\",\"logo\":{\"@type\":\"ImageObject\",\"inLanguage\":\"en-US\",\"@id\":\"https:\/\/dev4.devmitsinformatica.com\/en\/#\/schema\/logo\/image\/\",\"url\":\"https:\/\/dev4.devmitsinformatica.com\/wp-content\/uploads\/2016\/11\/graffiti-gallery-barcelona.png\",\"contentUrl\":\"https:\/\/dev4.devmitsinformatica.com\/wp-content\/uploads\/2016\/11\/graffiti-gallery-barcelona.png\",\"width\":386,\"height\":150,\"caption\":\"ANDEN Graffiti Shop Barcelona\"},\"image\":{\"@id\":\"https:\/\/dev4.devmitsinformatica.com\/en\/#\/schema\/logo\/image\/\"}}]}<\/script>\n<!-- \/ Yoast SEO plugin. -->","yoast_head_json":{"title":"Montana BLACK Extended 600ml. Graffiti Colors Barcelona","description":"Montana BLACK Extended 600 ml:Montana BLACK Extended 600 ml? Montana BLACK Extended 600 ml en Ultrawide Shop, Colores Montana Cans Barcelona.","robots":{"index":"index","follow":"follow","max-snippet":"max-snippet:-1","max-image-preview":"max-image-preview:large","max-video-preview":"max-video-preview:-1"},"canonical":"https:\/\/dev4.devmitsinformatica.com\/en\/shop\/spray-cans-montana\/montana-black-extended-600ml\/","og_locale":"en_US","og_type":"article","og_title":"Montana BLACK Extended 600ml. Graffiti Colors Barcelona","og_description":"Montana BLACK Extended 600 ml:Montana BLACK Extended 600 ml? Montana BLACK Extended 600 ml en Ultrawide Shop, Colores Montana Cans Barcelona.","og_url":"https:\/\/dev4.devmitsinformatica.com\/en\/shop\/spray-cans-montana\/montana-black-extended-600ml\/","og_site_name":"ULTRAWIDE GRAFFITI SHOP","article_modified_time":"2023-10-14T10:04:06+00:00","og_image":[{"width":500,"height":500,"url":"https:\/\/dev4.devmitsinformatica.com\/wp-content\/uploads\/2016\/08\/montana_black_600ml.jpg","type":"image\/jpeg"}],"twitter_card":"summary_large_image","twitter_misc":{"Est. reading time":"1 minute"},"schema":{"@context":"https:\/\/schema.org","@graph":[{"@type":"WebPage","@id":"https:\/\/dev4.devmitsinformatica.com\/en\/shop\/spray-cans-montana\/montana-black-extended-600ml\/","url":"https:\/\/dev4.devmitsinformatica.com\/en\/shop\/spray-cans-montana\/montana-black-extended-600ml\/","name":"Montana BLACK Extended 600ml. Graffiti Colors Barcelona","isPartOf":{"@id":"https:\/\/dev4.devmitsinformatica.com\/en\/#website"},"primaryImageOfPage":{"@id":"https:\/\/dev4.devmitsinformatica.com\/en\/shop\/spray-cans-montana\/montana-black-extended-600ml\/#primaryimage"},"image":{"@id":"https:\/\/dev4.devmitsinformatica.com\/en\/shop\/spray-cans-montana\/montana-black-extended-600ml\/#primaryimage"},"thumbnailUrl":"https:\/\/dev4.devmitsinformatica.com\/wp-content\/uploads\/2016\/08\/montana_black_600ml.jpg","datePublished":"2016-09-01T20:45:28+00:00","dateModified":"2023-10-14T10:04:06+00:00","description":"Montana BLACK Extended 600 ml:Montana BLACK Extended 600 ml? Montana BLACK Extended 600 ml en Ultrawide Shop, Colores Montana Cans Barcelona.","breadcrumb":{"@id":"https:\/\/dev4.devmitsinformatica.com\/en\/shop\/spray-cans-montana\/montana-black-extended-600ml\/#breadcrumb"},"inLanguage":"en-US","potentialAction":[{"@type":"ReadAction","target":["https:\/\/dev4.devmitsinformatica.com\/en\/shop\/spray-cans-montana\/montana-black-extended-600ml\/"]}]},{"@type":"ImageObject","inLanguage":"en-US","@id":"https:\/\/dev4.devmitsinformatica.com\/en\/shop\/spray-cans-montana\/montana-black-extended-600ml\/#primaryimage","url":"https:\/\/dev4.devmitsinformatica.com\/wp-content\/uploads\/2016\/08\/montana_black_600ml.jpg","contentUrl":"https:\/\/dev4.devmitsinformatica.com\/wp-content\/uploads\/2016\/08\/montana_black_600ml.jpg","width":500,"height":500,"caption":"montana cans espana:montana black 600ml graffiti colores"},{"@type":"BreadcrumbList","@id":"https:\/\/dev4.devmitsinformatica.com\/en\/shop\/spray-cans-montana\/montana-black-extended-600ml\/#breadcrumb","itemListElement":[{"@type":"ListItem","position":1,"name":"Home","item":"https:\/\/dev4.devmitsinformatica.com\/en\/"},{"@type":"ListItem","position":2,"name":"Store","item":"https:\/\/dev4.devmitsinformatica.com\/?page_id=38"},{"@type":"ListItem","position":3,"name":"Montana BLACK Extended 600ml"}]},{"@type":"WebSite","@id":"https:\/\/dev4.devmitsinformatica.com\/en\/#website","url":"https:\/\/dev4.devmitsinformatica.com\/en\/","name":"ULTRAWIDE GRAFFITI SHOP","description":"SPRAY GRAFFITI SHOP CAPS Y ROTULADORES","publisher":{"@id":"https:\/\/dev4.devmitsinformatica.com\/en\/#organization"},"potentialAction":[{"@type":"SearchAction","target":{"@type":"EntryPoint","urlTemplate":"https:\/\/dev4.devmitsinformatica.com\/en\/?s={search_term_string}"},"query-input":{"@type":"PropertyValueSpecification","valueRequired":true,"valueName":"search_term_string"}}],"inLanguage":"en-US"},{"@type":"Organization","@id":"https:\/\/dev4.devmitsinformatica.com\/en\/#organization","name":"ANDEN Graffiti Shop Barcelona","url":"https:\/\/dev4.devmitsinformatica.com\/en\/","logo":{"@type":"ImageObject","inLanguage":"en-US","@id":"https:\/\/dev4.devmitsinformatica.com\/en\/#\/schema\/logo\/image\/","url":"https:\/\/dev4.devmitsinformatica.com\/wp-content\/uploads\/2016\/11\/graffiti-gallery-barcelona.png","contentUrl":"https:\/\/dev4.devmitsinformatica.com\/wp-content\/uploads\/2016\/11\/graffiti-gallery-barcelona.png","width":386,"height":150,"caption":"ANDEN Graffiti Shop Barcelona"},"image":{"@id":"https:\/\/dev4.devmitsinformatica.com\/en\/#\/schema\/logo\/image\/"}}]}},"_links":{"self":[{"href":"https:\/\/dev4.devmitsinformatica.com\/en\/wp-json\/wp\/v2\/product\/2970","targetHints":{"allow":["GET"]}}],"collection":[{"href":"https:\/\/dev4.devmitsinformatica.com\/en\/wp-json\/wp\/v2\/product"}],"about":[{"href":"https:\/\/dev4.devmitsinformatica.com\/en\/wp-json\/wp\/v2\/types\/product"}],"replies":[{"embeddable":true,"href":"https:\/\/dev4.devmitsinformatica.com\/en\/wp-json\/wp\/v2\/comments?post=2970"}],"version-history":[{"count":0,"href":"https:\/\/dev4.devmitsinformatica.com\/en\/wp-json\/wp\/v2\/product\/2970\/revisions"}],"wp:featuredmedia":[{"embeddable":true,"href":"https:\/\/dev4.devmitsinformatica.com\/en\/wp-json\/wp\/v2\/media\/1791"}],"wp:attachment":[{"href":"https:\/\/dev4.devmitsinformatica.com\/en\/wp-json\/wp\/v2\/media?parent=2970"}],"wp:term":[{"taxonomy":"product_brand","embeddable":true,"href":"https:\/\/dev4.devmitsinformatica.com\/en\/wp-json\/wp\/v2\/product_brand?post=2970"},{"taxonomy":"product_cat","embeddable":true,"href":"https:\/\/dev4.devmitsinformatica.com\/en\/wp-json\/wp\/v2\/product_cat?post=2970"},{"taxonomy":"product_tag","embeddable":true,"href":"https:\/\/dev4.devmitsinformatica.com\/en\/wp-json\/wp\/v2\/product_tag?post=2970"}],"curies":[{"name":"wp","href":"https:\/\/api.w.org\/{rel}","templated":true}]}}