{"id":2994,"date":"2016-09-01T20:45:43","date_gmt":"2016-09-01T20:45:43","guid":{"rendered":"http:\/\/spraygraffiti.com\/index.php\/product\/montana-crackle-spray-400ml\/"},"modified":"2023-10-14T09:53:53","modified_gmt":"2023-10-14T09:53:53","slug":"montana-crackle-spray-400ml","status":"publish","type":"product","link":"https:\/\/dev4.devmitsinformatica.com\/en\/shop\/spray-cans-montana\/montana-effects-spray-shop-barcelona\/montana-crackle-spray-400ml\/","title":{"rendered":"MONTANA CRACKLE EFFECT 400ml"},"content":{"rendered":"<h1><span style=\"text-decoration: underline; color: #333333;\">Montana Crackle Spray<\/span><\/h1>\n<p><em><strong>Montana Crackle Spray<\/strong><\/em> imita los antiguos craquelados decorativos de \u00e9poca o las pinturas<br \/>\ncraqueladas por el paso del tiempo. Su funcionamiento es muy sencillo. Despues de aplicar<br \/>\nla debida imprimaci\u00f3n sobre el soporte, mediante Montana Gold, Montana Black, Montana<br \/>\nWhite o Barniz, esperamos entre 45 minutos y 24 horas para aplicar Montana Crakle spray.<\/p>\n<p>Pasado un tiempo el efecto de crackle effect el craquelado aparece, dejando ver entre sus grietas la el color<br \/>\nde la pintura con la que hemos imprimado. El<strong> Montana Crackle Spray<\/strong> es compatible con<br \/>\nMontana Gold y las tintas acrilyc habituales. Y su paleta de colores se presenta en una l\u00ednea<br \/>\nde 6 colores.<\/p>\n<p>Realiza <strong>craquelados<\/strong> sobre cualquier soporte, siguiendo los pasos de Montana\u00a0 Cans, ventanas, puertas, objetos&#8230; aporta ese efecto envejecido causado por el tiempo de una forma f\u00e1cil, r\u00e1pida y sencilla sin recurrir a antiguas t\u00e9cnicas como el <strong>barniz craquelador<\/strong> y el secador. Ahora todo es mucho m\u00e1s sencillo y r\u00e1pido gracias a la tecnolog\u00eda innovadora de Montana Cans. Compra ahora tu spray craquelador en tu graffiti shop online para espa\u00f1a y empieza a crear, decorar y\/o pintar de forma r\u00e1pida y ventajosa, ahorrando tiempo y costes de ejecuci\u00f3n.<\/p>\n<p>Montana Crackle, spray craquelador, efecto craquelado, craquelar pinturas, <span style=\"text-decoration: underline;\"><span style=\"color: #000000;\"><em>crackle effect<\/em><\/span><\/span><\/p>\n","protected":false},"excerpt":{"rendered":"<p>Montana crachle spray imita los antiguos craquelados decorativos de \u00e9poca o las pinturas<br \/>\ncraqueladas por el paso del tiempo. Su funcionamiento es muy sencillo. Despues de aplicar<br \/>\nla debida imprimaci\u00f3n sobre el soporte, mediante Montana Gold, Montana Black, Montana<br \/>\nWhite o Barniz, esperamos entre 45 minutos y 24 horas para aplicar Montana Crakle spray.<\/p>\n<p>Pasado un tiempo el efecto del craquelado aparece, dejando ver entre sus grietas \u00a0el color<br \/>\nde la pintura con la que hemos imprimado. El Montana Crackle spray es compatible con<br \/>\nMontana Gold y las tintas acrilyc habituales. Y su gama se presenta en una l\u00ednea<br \/>\nde 6 colores.<\/p>\n","protected":false},"featured_media":1817,"comment_status":"closed","ping_status":"closed","template":"","meta":{"site-sidebar-layout":"default","site-content-layout":"","ast-site-content-layout":"default","site-content-style":"default","site-sidebar-style":"default","ast-global-header-display":"","ast-banner-title-visibility":"","ast-main-header-display":"","ast-hfb-above-header-display":"","ast-hfb-below-header-display":"","ast-hfb-mobile-header-display":"","site-post-title":"","ast-breadcrumbs-content":"","ast-featured-img":"","footer-sml-layout":"","ast-disable-related-posts":"","theme-transparent-header-meta":"","adv-header-id-meta":"","stick-header-meta":"","header-above-stick-meta":"","header-main-stick-meta":"","header-below-stick-meta":"","astra-migrate-meta-layouts":"default","ast-page-background-enabled":"default","ast-page-background-meta":{"desktop":{"background-color":"","background-image":"","background-repeat":"repeat","background-position":"center center","background-size":"auto","background-attachment":"scroll","background-type":"","background-media":"","overlay-type":"","overlay-color":"","overlay-opacity":"","overlay-gradient":""},"tablet":{"background-color":"","background-image":"","background-repeat":"repeat","background-position":"center center","background-size":"auto","background-attachment":"scroll","background-type":"","background-media":"","overlay-type":"","overlay-color":"","overlay-opacity":"","overlay-gradient":""},"mobile":{"background-color":"","background-image":"","background-repeat":"repeat","background-position":"center center","background-size":"auto","background-attachment":"scroll","background-type":"","background-media":"","overlay-type":"","overlay-color":"","overlay-opacity":"","overlay-gradient":""}},"ast-content-background-meta":{"desktop":{"background-color":"var(--ast-global-color-5)","background-image":"","background-repeat":"repeat","background-position":"center center","background-size":"auto","background-attachment":"scroll","background-type":"","background-media":"","overlay-type":"","overlay-color":"","overlay-opacity":"","overlay-gradient":""},"tablet":{"background-color":"var(--ast-global-color-5)","background-image":"","background-repeat":"repeat","background-position":"center center","background-size":"auto","background-attachment":"scroll","background-type":"","background-media":"","overlay-type":"","overlay-color":"","overlay-opacity":"","overlay-gradient":""},"mobile":{"background-color":"var(--ast-global-color-5)","background-image":"","background-repeat":"repeat","background-position":"center center","background-size":"auto","background-attachment":"scroll","background-type":"","background-media":"","overlay-type":"","overlay-color":"","overlay-opacity":"","overlay-gradient":""}}},"product_brand":[],"product_cat":[10,964,5803,3216,5649],"product_tag":[644,1284,1286,645,1019,1283,1285,1278,1277,1276,1275,1282,3704,1281,1280,1279,646],"class_list":{"0":"post-2994","1":"product","2":"type-product","3":"status-publish","4":"has-post-thumbnail","6":"product_cat-spray-cans-montana","7":"product_cat-montana-effects-spray-shop-barcelona","8":"product_cat-efectos","9":"product_cat-spray","10":"product_cat-sprays-tecnicos","11":"product_tag-crackle-graffiti-spray","12":"product_tag-crackle-pintura-spray","13":"product_tag-crackle-spray-pintura","14":"product_tag-graffiti-spray-tienda","15":"product_tag-montana","16":"product_tag-montana-pintura-spray","17":"product_tag-montana-spray-pintura","18":"product_tag-pintura-crackle-spray","19":"product_tag-pintura-montana-spray","20":"product_tag-pintura-spray-crackle","21":"product_tag-pintura-spray-montana","22":"product_tag-spray-crackle-pintura","23":"product_tag-spray-craquelador","24":"product_tag-spray-montana-pintura","25":"product_tag-spray-pintura-crackle","26":"product_tag-spray-pintura-montana","27":"product_tag-tienda-graffiti-sprays","28":"pa_color-montana-effect-spray-crackle-copper-brown","29":"pa_color-montana-effect-spray-crackle-patina-green","30":"pa_color-montana-effect-spray-crackle-pure-white","31":"pa_color-montana-effect-spray-crackle-squirrel-grey","32":"pa_color-montana-effect-spray-crackle-traffic-black","33":"pa_graffiti-spray-comprar-sprays-pintura","34":"pa_graffiti-spray-graffiti-spray-barcelona","35":"pa_graffiti-spray-graffiti-spray-montana","36":"pa_graffiti-spray-graffiti-spray-online","37":"pa_graffiti-spray-pintura-en-spray-barata","38":"pa_graffiti-spray-pintura-en-spray-para-madera","39":"pa_graffiti-spray-pintura-en-spray-para-manualidades","40":"pa_graffiti-spray-pintura-en-spray-para-plastico","41":"pa_graffiti-spray-spray-graffiti-precio","42":"pa_graffiti-spray-spray-montana-madrid","43":"pa_graffiti-spray-sprays-de-pintura","44":"pa_graffiti-spray-sprays-montana","45":"pa_graffiti-spray-tienda-graffiti-online-espana","46":"pa_graffiti-spray-tienda-graffiti-valencia","47":"desktop-align-left","48":"tablet-align-left","49":"mobile-align-left","51":"first","52":"instock","53":"purchasable","54":"product-type-variable"},"yoast_head":"<!-- This site is optimized with the Yoast SEO plugin v27.0 - https:\/\/yoast.com\/product\/yoast-seo-wordpress\/ -->\n<title>Montana Crackle Spray . Ultrawide Graffiti Shop Barcelona<\/title>\n<meta name=\"description\" content=\"montana cans barcelona. rotuladores para arte? tienda para arte en barcelona. barniz de montana? tienda bellas artes online. materiales bellas artes barcelona?\" \/>\n<meta name=\"robots\" content=\"index, follow, max-snippet:-1, max-image-preview:large, max-video-preview:-1\" \/>\n<link rel=\"canonical\" href=\"https:\/\/dev4.devmitsinformatica.com\/en\/shop\/spray-cans-montana\/montana-effects-spray-shop-barcelona\/montana-crackle-spray-400ml\/\" \/>\n<meta property=\"og:locale\" content=\"en_US\" \/>\n<meta property=\"og:type\" content=\"article\" \/>\n<meta property=\"og:title\" content=\"Montana Crackle Spray . Ultrawide Graffiti Shop Barcelona\" \/>\n<meta property=\"og:description\" content=\"montana cans barcelona. rotuladores para arte? tienda para arte en barcelona. barniz de montana? tienda bellas artes online. materiales bellas artes barcelona?\" \/>\n<meta property=\"og:url\" content=\"https:\/\/dev4.devmitsinformatica.com\/en\/shop\/spray-cans-montana\/montana-effects-spray-shop-barcelona\/montana-crackle-spray-400ml\/\" \/>\n<meta property=\"og:site_name\" content=\"ULTRAWIDE GRAFFITI SHOP\" \/>\n<meta property=\"article:modified_time\" content=\"2023-10-14T09:53:53+00:00\" \/>\n<meta property=\"og:image\" content=\"https:\/\/dev4.devmitsinformatica.com\/wp-content\/uploads\/2016\/08\/mo-crackle_400ml.jpg\" \/>\n\t<meta property=\"og:image:width\" content=\"500\" \/>\n\t<meta property=\"og:image:height\" content=\"500\" \/>\n\t<meta property=\"og:image:type\" content=\"image\/jpeg\" \/>\n<meta name=\"twitter:card\" content=\"summary_large_image\" \/>\n<meta name=\"twitter:label1\" content=\"Est. reading time\" \/>\n\t<meta name=\"twitter:data1\" content=\"1 minute\" \/>\n<script type=\"application\/ld+json\" class=\"yoast-schema-graph\">{\"@context\":\"https:\/\/schema.org\",\"@graph\":[{\"@type\":\"WebPage\",\"@id\":\"https:\/\/dev4.devmitsinformatica.com\/en\/shop\/spray-cans-montana\/montana-effects-spray-shop-barcelona\/montana-crackle-spray-400ml\/\",\"url\":\"https:\/\/dev4.devmitsinformatica.com\/en\/shop\/spray-cans-montana\/montana-effects-spray-shop-barcelona\/montana-crackle-spray-400ml\/\",\"name\":\"Montana Crackle Spray . Ultrawide Graffiti Shop Barcelona\",\"isPartOf\":{\"@id\":\"https:\/\/dev4.devmitsinformatica.com\/en\/#website\"},\"primaryImageOfPage\":{\"@id\":\"https:\/\/dev4.devmitsinformatica.com\/en\/shop\/spray-cans-montana\/montana-effects-spray-shop-barcelona\/montana-crackle-spray-400ml\/#primaryimage\"},\"image\":{\"@id\":\"https:\/\/dev4.devmitsinformatica.com\/en\/shop\/spray-cans-montana\/montana-effects-spray-shop-barcelona\/montana-crackle-spray-400ml\/#primaryimage\"},\"thumbnailUrl\":\"https:\/\/dev4.devmitsinformatica.com\/wp-content\/uploads\/2016\/08\/mo-crackle_400ml.jpg\",\"datePublished\":\"2016-09-01T20:45:43+00:00\",\"dateModified\":\"2023-10-14T09:53:53+00:00\",\"description\":\"montana cans barcelona. rotuladores para arte? tienda para arte en barcelona. barniz de montana? tienda bellas artes online. materiales bellas artes barcelona?\",\"breadcrumb\":{\"@id\":\"https:\/\/dev4.devmitsinformatica.com\/en\/shop\/spray-cans-montana\/montana-effects-spray-shop-barcelona\/montana-crackle-spray-400ml\/#breadcrumb\"},\"inLanguage\":\"en-US\",\"potentialAction\":[{\"@type\":\"ReadAction\",\"target\":[\"https:\/\/dev4.devmitsinformatica.com\/en\/shop\/spray-cans-montana\/montana-effects-spray-shop-barcelona\/montana-crackle-spray-400ml\/\"]}]},{\"@type\":\"ImageObject\",\"inLanguage\":\"en-US\",\"@id\":\"https:\/\/dev4.devmitsinformatica.com\/en\/shop\/spray-cans-montana\/montana-effects-spray-shop-barcelona\/montana-crackle-spray-400ml\/#primaryimage\",\"url\":\"https:\/\/dev4.devmitsinformatica.com\/wp-content\/uploads\/2016\/08\/mo-crackle_400ml.jpg\",\"contentUrl\":\"https:\/\/dev4.devmitsinformatica.com\/wp-content\/uploads\/2016\/08\/mo-crackle_400ml.jpg\",\"width\":500,\"height\":500,\"caption\":\"mo crackle 400ml graffiti spray montana cans\"},{\"@type\":\"BreadcrumbList\",\"@id\":\"https:\/\/dev4.devmitsinformatica.com\/en\/shop\/spray-cans-montana\/montana-effects-spray-shop-barcelona\/montana-crackle-spray-400ml\/#breadcrumb\",\"itemListElement\":[{\"@type\":\"ListItem\",\"position\":1,\"name\":\"Home\",\"item\":\"https:\/\/dev4.devmitsinformatica.com\/en\/\"},{\"@type\":\"ListItem\",\"position\":2,\"name\":\"Store\",\"item\":\"https:\/\/dev4.devmitsinformatica.com\/?page_id=38\"},{\"@type\":\"ListItem\",\"position\":3,\"name\":\"MONTANA CRACKLE EFFECT 400ml\"}]},{\"@type\":\"WebSite\",\"@id\":\"https:\/\/dev4.devmitsinformatica.com\/en\/#website\",\"url\":\"https:\/\/dev4.devmitsinformatica.com\/en\/\",\"name\":\"ULTRAWIDE GRAFFITI SHOP\",\"description\":\"SPRAY GRAFFITI SHOP CAPS Y ROTULADORES\",\"publisher\":{\"@id\":\"https:\/\/dev4.devmitsinformatica.com\/en\/#organization\"},\"potentialAction\":[{\"@type\":\"SearchAction\",\"target\":{\"@type\":\"EntryPoint\",\"urlTemplate\":\"https:\/\/dev4.devmitsinformatica.com\/en\/?s={search_term_string}\"},\"query-input\":{\"@type\":\"PropertyValueSpecification\",\"valueRequired\":true,\"valueName\":\"search_term_string\"}}],\"inLanguage\":\"en-US\"},{\"@type\":\"Organization\",\"@id\":\"https:\/\/dev4.devmitsinformatica.com\/en\/#organization\",\"name\":\"ANDEN Graffiti Shop Barcelona\",\"url\":\"https:\/\/dev4.devmitsinformatica.com\/en\/\",\"logo\":{\"@type\":\"ImageObject\",\"inLanguage\":\"en-US\",\"@id\":\"https:\/\/dev4.devmitsinformatica.com\/en\/#\/schema\/logo\/image\/\",\"url\":\"https:\/\/dev4.devmitsinformatica.com\/wp-content\/uploads\/2016\/11\/graffiti-gallery-barcelona.png\",\"contentUrl\":\"https:\/\/dev4.devmitsinformatica.com\/wp-content\/uploads\/2016\/11\/graffiti-gallery-barcelona.png\",\"width\":386,\"height\":150,\"caption\":\"ANDEN Graffiti Shop Barcelona\"},\"image\":{\"@id\":\"https:\/\/dev4.devmitsinformatica.com\/en\/#\/schema\/logo\/image\/\"}}]}<\/script>\n<!-- \/ Yoast SEO plugin. -->","yoast_head_json":{"title":"Montana Crackle Spray . Ultrawide Graffiti Shop Barcelona","description":"montana cans barcelona. rotuladores para arte? tienda para arte en barcelona. barniz de montana? tienda bellas artes online. materiales bellas artes barcelona?","robots":{"index":"index","follow":"follow","max-snippet":"max-snippet:-1","max-image-preview":"max-image-preview:large","max-video-preview":"max-video-preview:-1"},"canonical":"https:\/\/dev4.devmitsinformatica.com\/en\/shop\/spray-cans-montana\/montana-effects-spray-shop-barcelona\/montana-crackle-spray-400ml\/","og_locale":"en_US","og_type":"article","og_title":"Montana Crackle Spray . Ultrawide Graffiti Shop Barcelona","og_description":"montana cans barcelona. rotuladores para arte? tienda para arte en barcelona. barniz de montana? tienda bellas artes online. materiales bellas artes barcelona?","og_url":"https:\/\/dev4.devmitsinformatica.com\/en\/shop\/spray-cans-montana\/montana-effects-spray-shop-barcelona\/montana-crackle-spray-400ml\/","og_site_name":"ULTRAWIDE GRAFFITI SHOP","article_modified_time":"2023-10-14T09:53:53+00:00","og_image":[{"width":500,"height":500,"url":"https:\/\/dev4.devmitsinformatica.com\/wp-content\/uploads\/2016\/08\/mo-crackle_400ml.jpg","type":"image\/jpeg"}],"twitter_card":"summary_large_image","twitter_misc":{"Est. reading time":"1 minute"},"schema":{"@context":"https:\/\/schema.org","@graph":[{"@type":"WebPage","@id":"https:\/\/dev4.devmitsinformatica.com\/en\/shop\/spray-cans-montana\/montana-effects-spray-shop-barcelona\/montana-crackle-spray-400ml\/","url":"https:\/\/dev4.devmitsinformatica.com\/en\/shop\/spray-cans-montana\/montana-effects-spray-shop-barcelona\/montana-crackle-spray-400ml\/","name":"Montana Crackle Spray . Ultrawide Graffiti Shop Barcelona","isPartOf":{"@id":"https:\/\/dev4.devmitsinformatica.com\/en\/#website"},"primaryImageOfPage":{"@id":"https:\/\/dev4.devmitsinformatica.com\/en\/shop\/spray-cans-montana\/montana-effects-spray-shop-barcelona\/montana-crackle-spray-400ml\/#primaryimage"},"image":{"@id":"https:\/\/dev4.devmitsinformatica.com\/en\/shop\/spray-cans-montana\/montana-effects-spray-shop-barcelona\/montana-crackle-spray-400ml\/#primaryimage"},"thumbnailUrl":"https:\/\/dev4.devmitsinformatica.com\/wp-content\/uploads\/2016\/08\/mo-crackle_400ml.jpg","datePublished":"2016-09-01T20:45:43+00:00","dateModified":"2023-10-14T09:53:53+00:00","description":"montana cans barcelona. rotuladores para arte? tienda para arte en barcelona. barniz de montana? tienda bellas artes online. materiales bellas artes barcelona?","breadcrumb":{"@id":"https:\/\/dev4.devmitsinformatica.com\/en\/shop\/spray-cans-montana\/montana-effects-spray-shop-barcelona\/montana-crackle-spray-400ml\/#breadcrumb"},"inLanguage":"en-US","potentialAction":[{"@type":"ReadAction","target":["https:\/\/dev4.devmitsinformatica.com\/en\/shop\/spray-cans-montana\/montana-effects-spray-shop-barcelona\/montana-crackle-spray-400ml\/"]}]},{"@type":"ImageObject","inLanguage":"en-US","@id":"https:\/\/dev4.devmitsinformatica.com\/en\/shop\/spray-cans-montana\/montana-effects-spray-shop-barcelona\/montana-crackle-spray-400ml\/#primaryimage","url":"https:\/\/dev4.devmitsinformatica.com\/wp-content\/uploads\/2016\/08\/mo-crackle_400ml.jpg","contentUrl":"https:\/\/dev4.devmitsinformatica.com\/wp-content\/uploads\/2016\/08\/mo-crackle_400ml.jpg","width":500,"height":500,"caption":"mo crackle 400ml graffiti spray montana cans"},{"@type":"BreadcrumbList","@id":"https:\/\/dev4.devmitsinformatica.com\/en\/shop\/spray-cans-montana\/montana-effects-spray-shop-barcelona\/montana-crackle-spray-400ml\/#breadcrumb","itemListElement":[{"@type":"ListItem","position":1,"name":"Home","item":"https:\/\/dev4.devmitsinformatica.com\/en\/"},{"@type":"ListItem","position":2,"name":"Store","item":"https:\/\/dev4.devmitsinformatica.com\/?page_id=38"},{"@type":"ListItem","position":3,"name":"MONTANA CRACKLE EFFECT 400ml"}]},{"@type":"WebSite","@id":"https:\/\/dev4.devmitsinformatica.com\/en\/#website","url":"https:\/\/dev4.devmitsinformatica.com\/en\/","name":"ULTRAWIDE GRAFFITI SHOP","description":"SPRAY GRAFFITI SHOP CAPS Y ROTULADORES","publisher":{"@id":"https:\/\/dev4.devmitsinformatica.com\/en\/#organization"},"potentialAction":[{"@type":"SearchAction","target":{"@type":"EntryPoint","urlTemplate":"https:\/\/dev4.devmitsinformatica.com\/en\/?s={search_term_string}"},"query-input":{"@type":"PropertyValueSpecification","valueRequired":true,"valueName":"search_term_string"}}],"inLanguage":"en-US"},{"@type":"Organization","@id":"https:\/\/dev4.devmitsinformatica.com\/en\/#organization","name":"ANDEN Graffiti Shop Barcelona","url":"https:\/\/dev4.devmitsinformatica.com\/en\/","logo":{"@type":"ImageObject","inLanguage":"en-US","@id":"https:\/\/dev4.devmitsinformatica.com\/en\/#\/schema\/logo\/image\/","url":"https:\/\/dev4.devmitsinformatica.com\/wp-content\/uploads\/2016\/11\/graffiti-gallery-barcelona.png","contentUrl":"https:\/\/dev4.devmitsinformatica.com\/wp-content\/uploads\/2016\/11\/graffiti-gallery-barcelona.png","width":386,"height":150,"caption":"ANDEN Graffiti Shop Barcelona"},"image":{"@id":"https:\/\/dev4.devmitsinformatica.com\/en\/#\/schema\/logo\/image\/"}}]}},"_links":{"self":[{"href":"https:\/\/dev4.devmitsinformatica.com\/en\/wp-json\/wp\/v2\/product\/2994","targetHints":{"allow":["GET"]}}],"collection":[{"href":"https:\/\/dev4.devmitsinformatica.com\/en\/wp-json\/wp\/v2\/product"}],"about":[{"href":"https:\/\/dev4.devmitsinformatica.com\/en\/wp-json\/wp\/v2\/types\/product"}],"replies":[{"embeddable":true,"href":"https:\/\/dev4.devmitsinformatica.com\/en\/wp-json\/wp\/v2\/comments?post=2994"}],"version-history":[{"count":0,"href":"https:\/\/dev4.devmitsinformatica.com\/en\/wp-json\/wp\/v2\/product\/2994\/revisions"}],"wp:featuredmedia":[{"embeddable":true,"href":"https:\/\/dev4.devmitsinformatica.com\/en\/wp-json\/wp\/v2\/media\/1817"}],"wp:attachment":[{"href":"https:\/\/dev4.devmitsinformatica.com\/en\/wp-json\/wp\/v2\/media?parent=2994"}],"wp:term":[{"taxonomy":"product_brand","embeddable":true,"href":"https:\/\/dev4.devmitsinformatica.com\/en\/wp-json\/wp\/v2\/product_brand?post=2994"},{"taxonomy":"product_cat","embeddable":true,"href":"https:\/\/dev4.devmitsinformatica.com\/en\/wp-json\/wp\/v2\/product_cat?post=2994"},{"taxonomy":"product_tag","embeddable":true,"href":"https:\/\/dev4.devmitsinformatica.com\/en\/wp-json\/wp\/v2\/product_tag?post=2994"}],"curies":[{"name":"wp","href":"https:\/\/api.w.org\/{rel}","templated":true}]}}