{"id":3000,"date":"2016-09-01T20:45:43","date_gmt":"2016-09-01T20:45:43","guid":{"rendered":"http:\/\/spraygraffiti.com\/index.php\/product\/montana-gold-400ml\/"},"modified":"2024-07-11T07:15:12","modified_gmt":"2024-07-11T07:15:12","slug":"montana-gold-400ml","status":"publish","type":"product","link":"https:\/\/dev4.devmitsinformatica.com\/en\/shop\/spray-cans-montana\/montana-gold-400ml\/","title":{"rendered":"Montana Gold 400ml"},"content":{"rendered":"<h1><span style=\"text-decoration: underline; color: #333333;\">Montana Gold 400ml<\/span><\/h1>\n<p><em><strong>Montana Gold<\/strong><\/em> 400ml, \u00a0con 196 tonos y varios sprays t\u00e9cnicos Montana Gold ofrece un sistema de color que est\u00e1<br \/>\nperfectamente en combinaci\u00f3n, por lo que es perfecto para los artistas y otras personas<br \/>\ncreativas. Un detalle como la alta opacidad, el espectro de colores amplio y finamente<br \/>\ngraduado y el f\u00e1cil manejo de la lata son las caracter\u00edsticas de <span style=\"text-decoration: underline;\"><em><strong>Montana GOLD<\/strong><\/em><\/span>. Montana<br \/>\n<a href=\"https:\/\/www.youtube.com\/watch?v=Pt0lZF7hRK8\">GOLD<\/a> cubre excepcional y r\u00e1pidamente sobre amplios sustratos tales como lienzo,<br \/>\nhormig\u00f3n, madera, cart\u00f3n, vidrio y muchos m\u00e1s. La pintura de Montana GOLD tambi\u00e9n se<br \/>\npuede procesar con pinceles o aer\u00f3grafos convencionales. Simplemente roc\u00ede en un<br \/>\nrecipiente trabaje con el pincel en lugares peque\u00f1os, para peque\u00f1os detalles . <strong>Montana Gold<\/strong><br \/>\nes un aerosol de pintura de la mas alta calidad. Adem\u00e1s, el sistema de baja presi\u00f3n<br \/>\nespecialmente dise\u00f1ado, en combinaci\u00f3n con los diferentes difusores de pulverizaci\u00f3n para<br \/>\nla m\u00e1xima precisi\u00f3n y uniformidad en la aplicaci\u00f3n del color. Aqu\u00ed est\u00e1 la facilidad de manejo<br \/>\nque permite garantizar el desarrollo de los m\u00e1s peque\u00f1os detalles. De l\u00edneas muy gruesases<br \/>\nposible pasar a lineas muy finas,y la pintura se seca en minutos .<span style=\"text-decoration: underline;\"><strong>Montana GOLD<\/strong><\/span> &#8211; ideal para<br \/>\naplicaciones mixtas con GOLD Y BLACK y aerosoles de efectos ademas de con otros<br \/>\nproductos de acr\u00edlico serie Montana y los acr\u00edlicos convencionales. Las tonalidades de GOLD<br \/>\ny acr\u00edlico fueron especialmente coordinadas, debido a las diferentes bases (acr\u00edlico es a base<br \/>\nde agua), sin embargo, se recomienda sellar con Montana Barniz acr\u00edlico o Montana BARNIZ<br \/>\naerosol una vez utilizado el acr\u00edlico sobre el spray para dar mayor resistencia.<\/p>\n<p>Montana spray, <em><strong>montana gold<\/strong><\/em>, spray montana, acrylic spray, spray de calidad, spray resistente.<\/p>\n<p>&nbsp;<\/p>\n<p>The<a href=\"https:\/\/dev4.devmitsinformatica.com\/shop\/montana-spray\/montana-gold-400ml\/\"><strong> Montana GOLD<\/strong><\/a> range is renowned for it&#8217;s six brilliant fluorescent colors that not only radiate by day, but also glow warmly by night under UV light. Now there is a new color to the fluorescent range which has an added feature. The New Disco White F9100 appears like any other neutral white by day and becomes an eye catching fluorescent like glow by night color, under UV light! Single elements or objects can appear tastefully white in daylight, but by night stunning features under UV light. Easy and clean application is achieved thanks to the much loved low pressure valve system as with the whole Montana GOLD range. Highest quality made in Germany!<\/p>\n<p><span style=\"color: #ffffff;\">Montana Cans Spain, Montana Cans Espa\u00f1a, Distribuidor Montana Cans, Sprays Montana Cans<\/span><\/p>\n","protected":false},"excerpt":{"rendered":"<p>Con 196 tonos y varios sprays t\u00e9cnicos Montana Gold ofrece un sistema de color que est\u00e1<br \/>\nperfectamente en combinaci\u00f3n, por lo que es perfecto para los artistas y otras personas<br \/>\ncreativas. Un detalle como la alta opacidad, el espectro de colores amplio y finamente<br \/>\ngraduado y el f\u00e1cil manejo de la lata son las caracter\u00edsticas de Montana GOLD. Montana<br \/>\nGOLD cubre excepcional y r\u00e1pidamente sobre amplios sustratos tales como lienzo,<br \/>\nhormig\u00f3n, madera, cart\u00f3n, vidrio y muchos m\u00e1s.<\/p>\n","protected":false},"featured_media":1826,"comment_status":"closed","ping_status":"closed","template":"","meta":{"site-sidebar-layout":"default","site-content-layout":"","ast-site-content-layout":"default","site-content-style":"default","site-sidebar-style":"default","ast-global-header-display":"","ast-banner-title-visibility":"","ast-main-header-display":"","ast-hfb-above-header-display":"","ast-hfb-below-header-display":"","ast-hfb-mobile-header-display":"","site-post-title":"","ast-breadcrumbs-content":"","ast-featured-img":"","footer-sml-layout":"","ast-disable-related-posts":"","theme-transparent-header-meta":"","adv-header-id-meta":"","stick-header-meta":"","header-above-stick-meta":"","header-main-stick-meta":"","header-below-stick-meta":"","astra-migrate-meta-layouts":"default","ast-page-background-enabled":"default","ast-page-background-meta":{"desktop":{"background-color":"","background-image":"","background-repeat":"repeat","background-position":"center center","background-size":"auto","background-attachment":"scroll","background-type":"","background-media":"","overlay-type":"","overlay-color":"","overlay-opacity":"","overlay-gradient":""},"tablet":{"background-color":"","background-image":"","background-repeat":"repeat","background-position":"center center","background-size":"auto","background-attachment":"scroll","background-type":"","background-media":"","overlay-type":"","overlay-color":"","overlay-opacity":"","overlay-gradient":""},"mobile":{"background-color":"","background-image":"","background-repeat":"repeat","background-position":"center center","background-size":"auto","background-attachment":"scroll","background-type":"","background-media":"","overlay-type":"","overlay-color":"","overlay-opacity":"","overlay-gradient":""}},"ast-content-background-meta":{"desktop":{"background-color":"var(--ast-global-color-5)","background-image":"","background-repeat":"repeat","background-position":"center center","background-size":"auto","background-attachment":"scroll","background-type":"","background-media":"","overlay-type":"","overlay-color":"","overlay-opacity":"","overlay-gradient":""},"tablet":{"background-color":"var(--ast-global-color-5)","background-image":"","background-repeat":"repeat","background-position":"center center","background-size":"auto","background-attachment":"scroll","background-type":"","background-media":"","overlay-type":"","overlay-color":"","overlay-opacity":"","overlay-gradient":""},"mobile":{"background-color":"var(--ast-global-color-5)","background-image":"","background-repeat":"repeat","background-position":"center center","background-size":"auto","background-attachment":"scroll","background-type":"","background-media":"","overlay-type":"","overlay-color":"","overlay-opacity":"","overlay-gradient":""}}},"product_brand":[],"product_cat":[10,5646,3109,3216],"product_tag":[647,648,1019,3550,1070,1071,1307,1319,635],"class_list":{"0":"post-3000","1":"product","2":"type-product","3":"status-publish","4":"has-post-thumbnail","6":"product_cat-spray-cans-montana","7":"product_cat-gold-400ml-artist-paint","8":"product_cat-montana-cans","9":"product_cat-spray","10":"product_tag-colores-graffiti-tienda","11":"product_tag-graffiti-colores-montana","12":"product_tag-montana","13":"product_tag-montana-cans-distribucion","14":"product_tag-montana-gold","15":"product_tag-montana-gold-400","16":"product_tag-montana-gold-spray","17":"product_tag-spray-montana-gold","18":"product_tag-tienda-graffiti-colores","19":"pa_color-sh-yellow-light-spray-colores","20":"pa_color-ancient-pink-colores-tienda-spray-barcelona","21":"pa_color-anthracite-tienda-spray-montana","22":"pa_color-aqua-montana-spray-barcelona","23":"pa_color-asia-barcelona-spray-tienda","24":"pa_color-aubergine-montana-spray-comprar","25":"pa_color-babyskin","26":"pa_color-banana-graffiti-spray","27":"pa_color-banana-joe-graffiti-spray","28":"pa_color-bazooka-joe-graffiti-spray","29":"pa_color-bermuda-graffiti-spray","30":"pa_color-black-purple-graffiti-spray","31":"pa_color-blue-magic-graffiti-spray","32":"pa_color-blue-note-graffiti-spray","33":"pa_color-bone-graffiti-spray","34":"pa_color-brain-graffiti-spray","35":"pa_color-brick-graffiti-spray","36":"pa_color-brimstone-graffiti-spray","37":"pa_color-butta-graffiti-spray","38":"pa_color-cacao-graffiti-spray","39":"pa_color-can2-cool-candy-graffiti-spray","40":"pa_color-cappucino-graffiti-spray","41":"pa_color-capri-graffiti-spray","42":"pa_color-cassis-graffiti-spray","43":"pa_color-cherry-blossom-colores-spray","44":"pa_color-citrus-graffiti-spray-tienda-online","45":"pa_color-coke","46":"pa_color-concrete","47":"pa_color-crocus","48":"pa_color-curry","49":"pa_color-deep-forest","50":"pa_color-deep-purple","51":"pa_color-deep-sea","52":"pa_color-denim","53":"pa_color-denim-light","54":"pa_color-denim-stonew","55":"pa_color-dirty-apricot","56":"pa_color-dolphins","57":"pa_color-duck-season","58":"pa_color-dusty-pink","59":"pa_color-elm","60":"pa_color-everglade","61":"pa_color-fjord","62":"pa_color-flesh","63":"pa_color-flipper","64":"pa_color-fresh-blue","65":"pa_color-frozen-raspberry","66":"pa_color-frozen-strawberry","67":"pa_color-gold-matt","68":"pa_color-gonzo","69":"pa_color-gravel","70":"pa_color-hazelnut","71":"pa_color-himalaya","72":"pa_color-hot-chocolate","73":"pa_color-iron-curtain","74":"pa_color-ketchup","75":"pa_color-lakers","76":"pa_color-latte","77":"pa_color-liberty","78":"pa_color-light-lilac","79":"pa_color-lime","80":"pa_color-lip","81":"pa_color-louie-lilac","82":"pa_color-lychee","83":"pa_color-malachite","84":"pa_color-malachite-dark","85":"pa_color-malachite-lite","86":"pa_color-manila-dark","87":"pa_color-manila-light","88":"pa_color-marble","89":"pa_color-baby-blue","90":"pa_color-black-red-graffiti-spray","91":"pa_color-blast-orange-graffiti-spray","92":"pa_color-blood-orange-graffiti-spray","93":"pa_color-blue-velvet-graffiti-spray","94":"pa_color-montana-cans-yellow-cab","95":"pa_color-chestnut-graffiti-spray-colores-tienda","96":"pa_color-copperchrome","97":"pa_color-creme-orange","98":"pa_color-easter-yellow","99":"pa_color-fern-green","100":"pa_color-goldchrome","101":"pa_color-golden-yellow","102":"pa_color-montana-graffiti-spray-smaragd-green","103":"pa_color-sweet-dream","104":"pa_color-teen-spirit","105":"pa_color-terra","106":"pa_color-toffee","107":"pa_color-valerie","108":"pa_color-vampirella","109":"pa_color-venice","110":"pa_color-venom","111":"pa_color-viola","112":"pa_color-montana-graffiti-spray-welsh","113":"pa_color-montana-graffiti-spray-white-lilac","114":"pa_color-green-apple","115":"pa_color-greenery","116":"pa_color-jungle-green","117":"pa_color-lavender","118":"pa_color-lawn-green","119":"pa_color-light-blue","120":"pa_color-linden-green","121":"pa_color-make-up","122":"pa_color-manila-green","123":"pa_color-military-green","124":"pa_color-orange","125":"pa_color-orange-brown","126":"pa_color-orange-ice","127":"pa_color-palish-brown","128":"pa_color-powder-pink","129":"pa_color-pure-orange","130":"pa_color-pure-yellow","131":"pa_color-purple-red","132":"pa_color-red-orange","133":"pa_color-royal-red","134":"pa_color-sahara-yellow","135":"pa_color-sand","136":"pa_color-montana-graffiti-spray-silverchrome","137":"pa_color-sky-blue","138":"pa_color-ultramarine","139":"pa_color-white-orange","140":"pa_color-wine-red-aerosolo-montana","141":"pa_color-yellow-submarine-graffiti-spray-cans-montana","142":"pa_color-mortadella","143":"pa_color-mt-everest","144":"pa_color-mt-fuji","145":"pa_color-mushroom","146":"pa_color-mustard","147":"pa_color-nato","148":"pa_color-nautilus","149":"pa_color-navy","150":"pa_color-nougat","151":"pa_color-olive-green","152":"pa_color-orangina","153":"pa_color-montana-spray-outline-silver","154":"pa_color-paris","155":"pa_color-pebble","156":"pa_color-pepperoni-mild","157":"pa_color-pepperonie-hot","158":"pa_color-petrol","159":"pa_color-pine","160":"pa_color-pink-pink","161":"pa_color-poison","162":"pa_color-poison-dark","163":"pa_color-poison-light","164":"pa_color-poison-pastel","165":"pa_color-polar-blue","166":"pa_color-pool","167":"pa_color-pudding","168":"pa_color-pure-cyan","169":"pa_color-pure-magenta","170":"pa_color-raspberry","171":"pa_color-reed","172":"pa_color-reef","173":"pa_color-roof","174":"pa_color-rusto-coat","175":"pa_color-salmon","176":"pa_color-saraha-beige","177":"pa_color-scampi","178":"pa_color-sh-black","179":"pa_color-sh-blue-dark","180":"pa_color-sh-blue-light","181":"pa_color-sh-blue","182":"pa_color-sh-brown-dark","183":"pa_color-sh-brown-light","184":"pa_color-sh-brown","185":"pa_color-sh-green-dark","186":"pa_color-sh-green-light","187":"pa_color-sh-green","188":"pa_color-sh-kent-blood-red","189":"pa_color-sh-lilac","190":"pa_color-sh-orange-dark","191":"pa_color-sh-orange-light","192":"pa_color-sh-orange","193":"pa_color-sh-pink-light","194":"pa_color-sh-pink","195":"pa_color-sh-red","196":"pa_color-sh-white","197":"pa_color-sh-white-cream","198":"pa_color-sh-white-pure","199":"pa_color-sh-yellow","200":"pa_color-shrimp","201":"pa_color-shrimp-dark","202":"pa_color-shrimp-pastel","203":"pa_color-signal-blue","204":"pa_color-stealth","205":"pa_color-strawberry","206":"pa_color-summit","207":"pa_color-wall","208":"pa_color-yolk-spray-montana","209":"pa_montana-gold-400-ml-comprar-barato-colores-arte","210":"pa_montana-gold-400-ml-comprar-colores-para-graffiti","211":"pa_montana-gold-400-ml-graffiti-colores-tienda","212":"pa_montana-gold-400-ml-montana-cans-espana","213":"pa_montana-gold-400-ml-montana-spray","214":"pa_montana-gold-400-ml-montana-spray-online","215":"pa_montana-gold-400-ml-spray-cans-espana","216":"pa_montana-gold-400-ml-spray-montana-precio","217":"pa_montana-gold-400-ml-tienda-materiales-arte-barcelona","218":"pa_montana-gold-400-ml-tienda-spray-barcelona","219":"desktop-align-left","220":"tablet-align-left","221":"mobile-align-left","223":"first","224":"instock","225":"purchasable","226":"product-type-variable"},"yoast_head":"<!-- This site is optimized with the Yoast SEO plugin v27.0 - https:\/\/yoast.com\/product\/yoast-seo-wordpress\/ -->\n<title>Montana Gold 400ml Spray Ultrawide Graffiti shop online<\/title>\n<meta name=\"description\" content=\"graffiti shop barcelona? materiales bellas artes barcelona? graffiti? tienda para arte en barcelona. montana gold 400ml barcelona graffiti?\" \/>\n<meta name=\"robots\" content=\"index, follow, max-snippet:-1, max-image-preview:large, max-video-preview:-1\" \/>\n<link rel=\"canonical\" href=\"https:\/\/dev4.devmitsinformatica.com\/en\/shop\/spray-cans-montana\/montana-gold-400ml\/\" \/>\n<meta property=\"og:locale\" content=\"en_US\" \/>\n<meta property=\"og:type\" content=\"article\" \/>\n<meta property=\"og:title\" content=\"Montana Gold 400ml Spray Ultrawide Graffiti shop online\" \/>\n<meta property=\"og:description\" content=\"graffiti shop barcelona? materiales bellas artes barcelona? graffiti? tienda para arte en barcelona. montana gold 400ml barcelona graffiti?\" \/>\n<meta property=\"og:url\" content=\"https:\/\/dev4.devmitsinformatica.com\/en\/shop\/spray-cans-montana\/montana-gold-400ml\/\" \/>\n<meta property=\"og:site_name\" content=\"ULTRAWIDE GRAFFITI SHOP\" \/>\n<meta property=\"article:modified_time\" content=\"2024-07-11T07:15:12+00:00\" \/>\n<meta property=\"og:image\" content=\"https:\/\/dev4.devmitsinformatica.com\/wp-content\/uploads\/2016\/08\/montana_gold_400ml_2.jpg\" \/>\n\t<meta property=\"og:image:width\" content=\"500\" \/>\n\t<meta property=\"og:image:height\" content=\"500\" \/>\n\t<meta property=\"og:image:type\" content=\"image\/jpeg\" \/>\n<meta name=\"twitter:card\" content=\"summary_large_image\" \/>\n<meta name=\"twitter:label1\" content=\"Est. reading time\" \/>\n\t<meta name=\"twitter:data1\" content=\"2 minutes\" \/>\n<script type=\"application\/ld+json\" class=\"yoast-schema-graph\">{\"@context\":\"https:\/\/schema.org\",\"@graph\":[{\"@type\":\"WebPage\",\"@id\":\"https:\/\/dev4.devmitsinformatica.com\/en\/shop\/spray-cans-montana\/montana-gold-400ml\/\",\"url\":\"https:\/\/dev4.devmitsinformatica.com\/en\/shop\/spray-cans-montana\/montana-gold-400ml\/\",\"name\":\"Montana Gold 400ml Spray Ultrawide Graffiti shop online\",\"isPartOf\":{\"@id\":\"https:\/\/dev4.devmitsinformatica.com\/en\/#website\"},\"primaryImageOfPage\":{\"@id\":\"https:\/\/dev4.devmitsinformatica.com\/en\/shop\/spray-cans-montana\/montana-gold-400ml\/#primaryimage\"},\"image\":{\"@id\":\"https:\/\/dev4.devmitsinformatica.com\/en\/shop\/spray-cans-montana\/montana-gold-400ml\/#primaryimage\"},\"thumbnailUrl\":\"https:\/\/dev4.devmitsinformatica.com\/wp-content\/uploads\/2016\/08\/montana_gold_400ml_2.jpg\",\"datePublished\":\"2016-09-01T20:45:43+00:00\",\"dateModified\":\"2024-07-11T07:15:12+00:00\",\"description\":\"graffiti shop barcelona? materiales bellas artes barcelona? graffiti? tienda para arte en barcelona. montana gold 400ml barcelona graffiti?\",\"breadcrumb\":{\"@id\":\"https:\/\/dev4.devmitsinformatica.com\/en\/shop\/spray-cans-montana\/montana-gold-400ml\/#breadcrumb\"},\"inLanguage\":\"en-US\",\"potentialAction\":[{\"@type\":\"ReadAction\",\"target\":[\"https:\/\/dev4.devmitsinformatica.com\/en\/shop\/spray-cans-montana\/montana-gold-400ml\/\"]}]},{\"@type\":\"ImageObject\",\"inLanguage\":\"en-US\",\"@id\":\"https:\/\/dev4.devmitsinformatica.com\/en\/shop\/spray-cans-montana\/montana-gold-400ml\/#primaryimage\",\"url\":\"https:\/\/dev4.devmitsinformatica.com\/wp-content\/uploads\/2016\/08\/montana_gold_400ml_2.jpg\",\"contentUrl\":\"https:\/\/dev4.devmitsinformatica.com\/wp-content\/uploads\/2016\/08\/montana_gold_400ml_2.jpg\",\"width\":500,\"height\":500,\"caption\":\"montana cans 400ml colores\"},{\"@type\":\"BreadcrumbList\",\"@id\":\"https:\/\/dev4.devmitsinformatica.com\/en\/shop\/spray-cans-montana\/montana-gold-400ml\/#breadcrumb\",\"itemListElement\":[{\"@type\":\"ListItem\",\"position\":1,\"name\":\"Home\",\"item\":\"https:\/\/dev4.devmitsinformatica.com\/en\/\"},{\"@type\":\"ListItem\",\"position\":2,\"name\":\"Store\",\"item\":\"https:\/\/dev4.devmitsinformatica.com\/?page_id=38\"},{\"@type\":\"ListItem\",\"position\":3,\"name\":\"Montana Gold 400ml\"}]},{\"@type\":\"WebSite\",\"@id\":\"https:\/\/dev4.devmitsinformatica.com\/en\/#website\",\"url\":\"https:\/\/dev4.devmitsinformatica.com\/en\/\",\"name\":\"ULTRAWIDE GRAFFITI SHOP\",\"description\":\"SPRAY GRAFFITI SHOP CAPS Y ROTULADORES\",\"publisher\":{\"@id\":\"https:\/\/dev4.devmitsinformatica.com\/en\/#organization\"},\"potentialAction\":[{\"@type\":\"SearchAction\",\"target\":{\"@type\":\"EntryPoint\",\"urlTemplate\":\"https:\/\/dev4.devmitsinformatica.com\/en\/?s={search_term_string}\"},\"query-input\":{\"@type\":\"PropertyValueSpecification\",\"valueRequired\":true,\"valueName\":\"search_term_string\"}}],\"inLanguage\":\"en-US\"},{\"@type\":\"Organization\",\"@id\":\"https:\/\/dev4.devmitsinformatica.com\/en\/#organization\",\"name\":\"ANDEN Graffiti Shop Barcelona\",\"url\":\"https:\/\/dev4.devmitsinformatica.com\/en\/\",\"logo\":{\"@type\":\"ImageObject\",\"inLanguage\":\"en-US\",\"@id\":\"https:\/\/dev4.devmitsinformatica.com\/en\/#\/schema\/logo\/image\/\",\"url\":\"https:\/\/dev4.devmitsinformatica.com\/wp-content\/uploads\/2016\/11\/graffiti-gallery-barcelona.png\",\"contentUrl\":\"https:\/\/dev4.devmitsinformatica.com\/wp-content\/uploads\/2016\/11\/graffiti-gallery-barcelona.png\",\"width\":386,\"height\":150,\"caption\":\"ANDEN Graffiti Shop Barcelona\"},\"image\":{\"@id\":\"https:\/\/dev4.devmitsinformatica.com\/en\/#\/schema\/logo\/image\/\"}}]}<\/script>\n<!-- \/ Yoast SEO plugin. -->","yoast_head_json":{"title":"Montana Gold 400ml Spray Ultrawide Graffiti shop online","description":"graffiti shop barcelona? materiales bellas artes barcelona? graffiti? tienda para arte en barcelona. montana gold 400ml barcelona graffiti?","robots":{"index":"index","follow":"follow","max-snippet":"max-snippet:-1","max-image-preview":"max-image-preview:large","max-video-preview":"max-video-preview:-1"},"canonical":"https:\/\/dev4.devmitsinformatica.com\/en\/shop\/spray-cans-montana\/montana-gold-400ml\/","og_locale":"en_US","og_type":"article","og_title":"Montana Gold 400ml Spray Ultrawide Graffiti shop online","og_description":"graffiti shop barcelona? materiales bellas artes barcelona? graffiti? tienda para arte en barcelona. montana gold 400ml barcelona graffiti?","og_url":"https:\/\/dev4.devmitsinformatica.com\/en\/shop\/spray-cans-montana\/montana-gold-400ml\/","og_site_name":"ULTRAWIDE GRAFFITI SHOP","article_modified_time":"2024-07-11T07:15:12+00:00","og_image":[{"width":500,"height":500,"url":"https:\/\/dev4.devmitsinformatica.com\/wp-content\/uploads\/2016\/08\/montana_gold_400ml_2.jpg","type":"image\/jpeg"}],"twitter_card":"summary_large_image","twitter_misc":{"Est. reading time":"2 minutes"},"schema":{"@context":"https:\/\/schema.org","@graph":[{"@type":"WebPage","@id":"https:\/\/dev4.devmitsinformatica.com\/en\/shop\/spray-cans-montana\/montana-gold-400ml\/","url":"https:\/\/dev4.devmitsinformatica.com\/en\/shop\/spray-cans-montana\/montana-gold-400ml\/","name":"Montana Gold 400ml Spray Ultrawide Graffiti shop online","isPartOf":{"@id":"https:\/\/dev4.devmitsinformatica.com\/en\/#website"},"primaryImageOfPage":{"@id":"https:\/\/dev4.devmitsinformatica.com\/en\/shop\/spray-cans-montana\/montana-gold-400ml\/#primaryimage"},"image":{"@id":"https:\/\/dev4.devmitsinformatica.com\/en\/shop\/spray-cans-montana\/montana-gold-400ml\/#primaryimage"},"thumbnailUrl":"https:\/\/dev4.devmitsinformatica.com\/wp-content\/uploads\/2016\/08\/montana_gold_400ml_2.jpg","datePublished":"2016-09-01T20:45:43+00:00","dateModified":"2024-07-11T07:15:12+00:00","description":"graffiti shop barcelona? materiales bellas artes barcelona? graffiti? tienda para arte en barcelona. montana gold 400ml barcelona graffiti?","breadcrumb":{"@id":"https:\/\/dev4.devmitsinformatica.com\/en\/shop\/spray-cans-montana\/montana-gold-400ml\/#breadcrumb"},"inLanguage":"en-US","potentialAction":[{"@type":"ReadAction","target":["https:\/\/dev4.devmitsinformatica.com\/en\/shop\/spray-cans-montana\/montana-gold-400ml\/"]}]},{"@type":"ImageObject","inLanguage":"en-US","@id":"https:\/\/dev4.devmitsinformatica.com\/en\/shop\/spray-cans-montana\/montana-gold-400ml\/#primaryimage","url":"https:\/\/dev4.devmitsinformatica.com\/wp-content\/uploads\/2016\/08\/montana_gold_400ml_2.jpg","contentUrl":"https:\/\/dev4.devmitsinformatica.com\/wp-content\/uploads\/2016\/08\/montana_gold_400ml_2.jpg","width":500,"height":500,"caption":"montana cans 400ml colores"},{"@type":"BreadcrumbList","@id":"https:\/\/dev4.devmitsinformatica.com\/en\/shop\/spray-cans-montana\/montana-gold-400ml\/#breadcrumb","itemListElement":[{"@type":"ListItem","position":1,"name":"Home","item":"https:\/\/dev4.devmitsinformatica.com\/en\/"},{"@type":"ListItem","position":2,"name":"Store","item":"https:\/\/dev4.devmitsinformatica.com\/?page_id=38"},{"@type":"ListItem","position":3,"name":"Montana Gold 400ml"}]},{"@type":"WebSite","@id":"https:\/\/dev4.devmitsinformatica.com\/en\/#website","url":"https:\/\/dev4.devmitsinformatica.com\/en\/","name":"ULTRAWIDE GRAFFITI SHOP","description":"SPRAY GRAFFITI SHOP CAPS Y ROTULADORES","publisher":{"@id":"https:\/\/dev4.devmitsinformatica.com\/en\/#organization"},"potentialAction":[{"@type":"SearchAction","target":{"@type":"EntryPoint","urlTemplate":"https:\/\/dev4.devmitsinformatica.com\/en\/?s={search_term_string}"},"query-input":{"@type":"PropertyValueSpecification","valueRequired":true,"valueName":"search_term_string"}}],"inLanguage":"en-US"},{"@type":"Organization","@id":"https:\/\/dev4.devmitsinformatica.com\/en\/#organization","name":"ANDEN Graffiti Shop Barcelona","url":"https:\/\/dev4.devmitsinformatica.com\/en\/","logo":{"@type":"ImageObject","inLanguage":"en-US","@id":"https:\/\/dev4.devmitsinformatica.com\/en\/#\/schema\/logo\/image\/","url":"https:\/\/dev4.devmitsinformatica.com\/wp-content\/uploads\/2016\/11\/graffiti-gallery-barcelona.png","contentUrl":"https:\/\/dev4.devmitsinformatica.com\/wp-content\/uploads\/2016\/11\/graffiti-gallery-barcelona.png","width":386,"height":150,"caption":"ANDEN Graffiti Shop Barcelona"},"image":{"@id":"https:\/\/dev4.devmitsinformatica.com\/en\/#\/schema\/logo\/image\/"}}]}},"_links":{"self":[{"href":"https:\/\/dev4.devmitsinformatica.com\/en\/wp-json\/wp\/v2\/product\/3000","targetHints":{"allow":["GET"]}}],"collection":[{"href":"https:\/\/dev4.devmitsinformatica.com\/en\/wp-json\/wp\/v2\/product"}],"about":[{"href":"https:\/\/dev4.devmitsinformatica.com\/en\/wp-json\/wp\/v2\/types\/product"}],"replies":[{"embeddable":true,"href":"https:\/\/dev4.devmitsinformatica.com\/en\/wp-json\/wp\/v2\/comments?post=3000"}],"version-history":[{"count":0,"href":"https:\/\/dev4.devmitsinformatica.com\/en\/wp-json\/wp\/v2\/product\/3000\/revisions"}],"wp:featuredmedia":[{"embeddable":true,"href":"https:\/\/dev4.devmitsinformatica.com\/en\/wp-json\/wp\/v2\/media\/1826"}],"wp:attachment":[{"href":"https:\/\/dev4.devmitsinformatica.com\/en\/wp-json\/wp\/v2\/media?parent=3000"}],"wp:term":[{"taxonomy":"product_brand","embeddable":true,"href":"https:\/\/dev4.devmitsinformatica.com\/en\/wp-json\/wp\/v2\/product_brand?post=3000"},{"taxonomy":"product_cat","embeddable":true,"href":"https:\/\/dev4.devmitsinformatica.com\/en\/wp-json\/wp\/v2\/product_cat?post=3000"},{"taxonomy":"product_tag","embeddable":true,"href":"https:\/\/dev4.devmitsinformatica.com\/en\/wp-json\/wp\/v2\/product_tag?post=3000"}],"curies":[{"name":"wp","href":"https:\/\/api.w.org\/{rel}","templated":true}]}}