{"id":3191,"date":"2016-09-01T20:49:05","date_gmt":"2016-09-01T20:49:05","guid":{"rendered":"http:\/\/spraygraffiti.com\/index.php\/product\/montana-gold-fluor-400ml\/"},"modified":"2024-07-11T07:28:42","modified_gmt":"2024-07-11T07:28:42","slug":"montana-gold-fluor-400ml","status":"publish","type":"product","link":"https:\/\/dev4.devmitsinformatica.com\/en\/shop\/spray-cans-montana\/montana-gold-fluor-400ml\/","title":{"rendered":"Montana Gold Fluor 400ml"},"content":{"rendered":"<h1><span style=\"text-decoration: underline;\">Montana Gold Fluor 400ml\u00a0<\/span><\/h1>\n<p><strong>Montana Gold Fluor<\/strong> 400ml. 6 emparejados<strong> colores fluorescentes<\/strong> que brillan bajo la luz ultravioleta. Montana ha seguido la tendencia y ha llevado al mercado la serie del color <em><strong>fluorescente<\/strong><\/em> con 6 colores. Se recomienda la aplicaci\u00f3n de pintura sobre una superficie blanca y limpia. Con lo que la luminiscencia se incrementa y extiende su vida \u00fatil. Los<strong><em> colores fluorescentes<\/em> <\/strong>son menos resistentes a la luz, \u00a0ya que no est\u00e1n protegidos contra las influencias ambientales y el uso en contraste con otros colores Gold Montana. La herramienta perfecta para el trabajo creativo.<br \/>\n&#8211; Baja presi\u00f3n para un manejo suave<br \/>\n&#8211; Limpio y precisi\u00f3n<br \/>\n&#8211; Ideal para aplicaciones de medios mixtos<br \/>\n&#8211; Apto para casi todos los sustratos<br \/>\n&#8211; Se suministra cabezal de pulverizaci\u00f3n: fina (oro \/ Beige Cap fina)<\/p>\n<p>Los<strong> sprays fluorescentes<\/strong> Montana Gold Fluor 400ml, contienen una alta pigmentaci\u00f3n de la mas alta calidad hecha en Alemania para un acabado \u00f3ptimo y cubriente. Son muy usados para intervenciones con luz ultravioleta o el pintado de objetos para aportarles esa tonalidad Fluorescente tan de moda en los ultimos tiempos.<\/p>\n<p>Recomendamos su terminaci\u00f3n con spray acr\u00edlico varnish, ya que todas las tonalidades fluor van perdiendo fuerza en sus colores ante la exposici\u00f3n al sol. El Montana Gold es un bote de excelentes caracter\u00edsticas y pigmentaci\u00f3n en resina acr\u00edlica aunque este handicab tambi\u00e9n se puede dar en exposiciones prolongadas.<\/p>\n<p>pintura fluorescente, spray fluorescente, montana fluor, <strong>spray fluor<\/strong><\/p>\n","protected":false},"excerpt":{"rendered":"<p>Montana Gold Fluor, 6 emparejados colores fluorescentes que brillan bajo la luz ultravioleta. Montana ha seguido la tendencia y ha llevado al mercado la serie del color fluorescente con 6 colores. Se recomienda la aplicaci\u00f3n de pintura sobre una superficie blanca y limpia. Con lo que la luminiscencia se incrementa y extiende su vida \u00fatil.<\/p>\n","protected":false},"featured_media":2018,"comment_status":"closed","ping_status":"closed","template":"","meta":{"site-sidebar-layout":"default","site-content-layout":"","ast-site-content-layout":"default","site-content-style":"default","site-sidebar-style":"default","ast-global-header-display":"","ast-banner-title-visibility":"","ast-main-header-display":"","ast-hfb-above-header-display":"","ast-hfb-below-header-display":"","ast-hfb-mobile-header-display":"","site-post-title":"","ast-breadcrumbs-content":"","ast-featured-img":"","footer-sml-layout":"","ast-disable-related-posts":"","theme-transparent-header-meta":"","adv-header-id-meta":"","stick-header-meta":"","header-above-stick-meta":"","header-main-stick-meta":"","header-below-stick-meta":"","astra-migrate-meta-layouts":"default","ast-page-background-enabled":"default","ast-page-background-meta":{"desktop":{"background-color":"","background-image":"","background-repeat":"repeat","background-position":"center center","background-size":"auto","background-attachment":"scroll","background-type":"","background-media":"","overlay-type":"","overlay-color":"","overlay-opacity":"","overlay-gradient":""},"tablet":{"background-color":"","background-image":"","background-repeat":"repeat","background-position":"center center","background-size":"auto","background-attachment":"scroll","background-type":"","background-media":"","overlay-type":"","overlay-color":"","overlay-opacity":"","overlay-gradient":""},"mobile":{"background-color":"","background-image":"","background-repeat":"repeat","background-position":"center center","background-size":"auto","background-attachment":"scroll","background-type":"","background-media":"","overlay-type":"","overlay-color":"","overlay-opacity":"","overlay-gradient":""}},"ast-content-background-meta":{"desktop":{"background-color":"var(--ast-global-color-5)","background-image":"","background-repeat":"repeat","background-position":"center center","background-size":"auto","background-attachment":"scroll","background-type":"","background-media":"","overlay-type":"","overlay-color":"","overlay-opacity":"","overlay-gradient":""},"tablet":{"background-color":"var(--ast-global-color-5)","background-image":"","background-repeat":"repeat","background-position":"center center","background-size":"auto","background-attachment":"scroll","background-type":"","background-media":"","overlay-type":"","overlay-color":"","overlay-opacity":"","overlay-gradient":""},"mobile":{"background-color":"var(--ast-global-color-5)","background-image":"","background-repeat":"repeat","background-position":"center center","background-size":"auto","background-attachment":"scroll","background-type":"","background-media":"","overlay-type":"","overlay-color":"","overlay-opacity":"","overlay-gradient":""}}},"product_brand":[],"product_cat":[10,5646,3109,3216],"product_tag":[3703,638,1628,1019,637,639,3701,3702,640,3698,3697,3700,3699],"class_list":{"0":"post-3191","1":"product","2":"type-product","3":"status-publish","4":"has-post-thumbnail","6":"product_cat-spray-cans-montana","7":"product_cat-gold-400ml-artist-paint","8":"product_cat-montana-cans","9":"product_cat-spray","10":"product_tag-distribuidor-oficial-montana-cans","11":"product_tag-fluor-montana-cans","12":"product_tag-graffiti-shop-barcelona","13":"product_tag-montana","14":"product_tag-montana-cans-fluor","15":"product_tag-montana-fluor-color","16":"product_tag-montana-fluorescente","17":"product_tag-montana-gold-fluor","18":"product_tag-montana-graffiti-colores","19":"product_tag-spray-fluorescente","20":"product_tag-spray-fluorescentes","21":"product_tag-spray-fosforescente","22":"product_tag-spray-fosforito","23":"pa_color-acid-green-arte-graffiti-colores-barcelona","24":"pa_color-disco-white","25":"pa_color-flame-blue","26":"pa_color-flash-yellow","27":"pa_color-gleaming-pink","28":"pa_color-power-orange","29":"pa_color-fire-red-graffiti-spray","30":"desktop-align-left","31":"tablet-align-left","32":"mobile-align-left","34":"first","35":"instock","36":"purchasable","37":"product-type-variable"},"yoast_head":"<!-- This site is optimized with the Yoast SEO plugin v27.0 - https:\/\/yoast.com\/product\/yoast-seo-wordpress\/ -->\n<title>Montana Gold Fluor 400ml. Ultrawide Graffiti Shop Barcelona<\/title>\n<meta name=\"description\" content=\"Montana Gold Fluor 400ml? Compra ahora en nuestra web oficial Montana-Cans Espa\u00f1a, Marcadores y sprays Montana Gold Fluor.\" \/>\n<meta name=\"robots\" content=\"index, follow, max-snippet:-1, max-image-preview:large, max-video-preview:-1\" \/>\n<link rel=\"canonical\" href=\"https:\/\/dev4.devmitsinformatica.com\/en\/shop\/spray-cans-montana\/montana-gold-fluor-400ml\/\" \/>\n<meta property=\"og:locale\" content=\"en_US\" \/>\n<meta property=\"og:type\" content=\"article\" \/>\n<meta property=\"og:title\" content=\"Montana Gold Fluor 400ml. Ultrawide Graffiti Shop Barcelona\" \/>\n<meta property=\"og:description\" content=\"Montana Gold Fluor 400ml? Compra ahora en nuestra web oficial Montana-Cans Espa\u00f1a, Marcadores y sprays Montana Gold Fluor.\" \/>\n<meta property=\"og:url\" content=\"https:\/\/dev4.devmitsinformatica.com\/en\/shop\/spray-cans-montana\/montana-gold-fluor-400ml\/\" \/>\n<meta property=\"og:site_name\" content=\"ULTRAWIDE GRAFFITI SHOP\" \/>\n<meta property=\"article:modified_time\" content=\"2024-07-11T07:28:42+00:00\" \/>\n<meta property=\"og:image\" content=\"https:\/\/dev4.devmitsinformatica.com\/wp-content\/uploads\/2016\/08\/montana_gold400ml_f4000.jpg\" \/>\n\t<meta property=\"og:image:width\" content=\"500\" \/>\n\t<meta property=\"og:image:height\" content=\"500\" \/>\n\t<meta property=\"og:image:type\" content=\"image\/jpeg\" \/>\n<meta name=\"twitter:card\" content=\"summary_large_image\" \/>\n<meta name=\"twitter:label1\" content=\"Est. reading time\" \/>\n\t<meta name=\"twitter:data1\" content=\"2 minutes\" \/>\n<script type=\"application\/ld+json\" class=\"yoast-schema-graph\">{\"@context\":\"https:\/\/schema.org\",\"@graph\":[{\"@type\":\"WebPage\",\"@id\":\"https:\/\/dev4.devmitsinformatica.com\/en\/shop\/spray-cans-montana\/montana-gold-fluor-400ml\/\",\"url\":\"https:\/\/dev4.devmitsinformatica.com\/en\/shop\/spray-cans-montana\/montana-gold-fluor-400ml\/\",\"name\":\"Montana Gold Fluor 400ml. Ultrawide Graffiti Shop Barcelona\",\"isPartOf\":{\"@id\":\"https:\/\/dev4.devmitsinformatica.com\/en\/#website\"},\"primaryImageOfPage\":{\"@id\":\"https:\/\/dev4.devmitsinformatica.com\/en\/shop\/spray-cans-montana\/montana-gold-fluor-400ml\/#primaryimage\"},\"image\":{\"@id\":\"https:\/\/dev4.devmitsinformatica.com\/en\/shop\/spray-cans-montana\/montana-gold-fluor-400ml\/#primaryimage\"},\"thumbnailUrl\":\"https:\/\/dev4.devmitsinformatica.com\/wp-content\/uploads\/2016\/08\/montana_gold400ml_f4000.jpg\",\"datePublished\":\"2016-09-01T20:49:05+00:00\",\"dateModified\":\"2024-07-11T07:28:42+00:00\",\"description\":\"Montana Gold Fluor 400ml? Compra ahora en nuestra web oficial Montana-Cans Espa\u00f1a, Marcadores y sprays Montana Gold Fluor.\",\"breadcrumb\":{\"@id\":\"https:\/\/dev4.devmitsinformatica.com\/en\/shop\/spray-cans-montana\/montana-gold-fluor-400ml\/#breadcrumb\"},\"inLanguage\":\"en-US\",\"potentialAction\":[{\"@type\":\"ReadAction\",\"target\":[\"https:\/\/dev4.devmitsinformatica.com\/en\/shop\/spray-cans-montana\/montana-gold-fluor-400ml\/\"]}]},{\"@type\":\"ImageObject\",\"inLanguage\":\"en-US\",\"@id\":\"https:\/\/dev4.devmitsinformatica.com\/en\/shop\/spray-cans-montana\/montana-gold-fluor-400ml\/#primaryimage\",\"url\":\"https:\/\/dev4.devmitsinformatica.com\/wp-content\/uploads\/2016\/08\/montana_gold400ml_f4000.jpg\",\"contentUrl\":\"https:\/\/dev4.devmitsinformatica.com\/wp-content\/uploads\/2016\/08\/montana_gold400ml_f4000.jpg\",\"width\":500,\"height\":500,\"caption\":\"Montana Gold Fluor Color Cans Spray tienda online\"},{\"@type\":\"BreadcrumbList\",\"@id\":\"https:\/\/dev4.devmitsinformatica.com\/en\/shop\/spray-cans-montana\/montana-gold-fluor-400ml\/#breadcrumb\",\"itemListElement\":[{\"@type\":\"ListItem\",\"position\":1,\"name\":\"Home\",\"item\":\"https:\/\/dev4.devmitsinformatica.com\/en\/\"},{\"@type\":\"ListItem\",\"position\":2,\"name\":\"Store\",\"item\":\"https:\/\/dev4.devmitsinformatica.com\/?page_id=38\"},{\"@type\":\"ListItem\",\"position\":3,\"name\":\"Montana Gold Fluor 400ml\"}]},{\"@type\":\"WebSite\",\"@id\":\"https:\/\/dev4.devmitsinformatica.com\/en\/#website\",\"url\":\"https:\/\/dev4.devmitsinformatica.com\/en\/\",\"name\":\"ULTRAWIDE GRAFFITI SHOP\",\"description\":\"SPRAY GRAFFITI SHOP CAPS Y ROTULADORES\",\"publisher\":{\"@id\":\"https:\/\/dev4.devmitsinformatica.com\/en\/#organization\"},\"potentialAction\":[{\"@type\":\"SearchAction\",\"target\":{\"@type\":\"EntryPoint\",\"urlTemplate\":\"https:\/\/dev4.devmitsinformatica.com\/en\/?s={search_term_string}\"},\"query-input\":{\"@type\":\"PropertyValueSpecification\",\"valueRequired\":true,\"valueName\":\"search_term_string\"}}],\"inLanguage\":\"en-US\"},{\"@type\":\"Organization\",\"@id\":\"https:\/\/dev4.devmitsinformatica.com\/en\/#organization\",\"name\":\"ANDEN Graffiti Shop Barcelona\",\"url\":\"https:\/\/dev4.devmitsinformatica.com\/en\/\",\"logo\":{\"@type\":\"ImageObject\",\"inLanguage\":\"en-US\",\"@id\":\"https:\/\/dev4.devmitsinformatica.com\/en\/#\/schema\/logo\/image\/\",\"url\":\"https:\/\/dev4.devmitsinformatica.com\/wp-content\/uploads\/2016\/11\/graffiti-gallery-barcelona.png\",\"contentUrl\":\"https:\/\/dev4.devmitsinformatica.com\/wp-content\/uploads\/2016\/11\/graffiti-gallery-barcelona.png\",\"width\":386,\"height\":150,\"caption\":\"ANDEN Graffiti Shop Barcelona\"},\"image\":{\"@id\":\"https:\/\/dev4.devmitsinformatica.com\/en\/#\/schema\/logo\/image\/\"}}]}<\/script>\n<!-- \/ Yoast SEO plugin. -->","yoast_head_json":{"title":"Montana Gold Fluor 400ml. Ultrawide Graffiti Shop Barcelona","description":"Montana Gold Fluor 400ml? Compra ahora en nuestra web oficial Montana-Cans Espa\u00f1a, Marcadores y sprays Montana Gold Fluor.","robots":{"index":"index","follow":"follow","max-snippet":"max-snippet:-1","max-image-preview":"max-image-preview:large","max-video-preview":"max-video-preview:-1"},"canonical":"https:\/\/dev4.devmitsinformatica.com\/en\/shop\/spray-cans-montana\/montana-gold-fluor-400ml\/","og_locale":"en_US","og_type":"article","og_title":"Montana Gold Fluor 400ml. Ultrawide Graffiti Shop Barcelona","og_description":"Montana Gold Fluor 400ml? Compra ahora en nuestra web oficial Montana-Cans Espa\u00f1a, Marcadores y sprays Montana Gold Fluor.","og_url":"https:\/\/dev4.devmitsinformatica.com\/en\/shop\/spray-cans-montana\/montana-gold-fluor-400ml\/","og_site_name":"ULTRAWIDE GRAFFITI SHOP","article_modified_time":"2024-07-11T07:28:42+00:00","og_image":[{"width":500,"height":500,"url":"https:\/\/dev4.devmitsinformatica.com\/wp-content\/uploads\/2016\/08\/montana_gold400ml_f4000.jpg","type":"image\/jpeg"}],"twitter_card":"summary_large_image","twitter_misc":{"Est. reading time":"2 minutes"},"schema":{"@context":"https:\/\/schema.org","@graph":[{"@type":"WebPage","@id":"https:\/\/dev4.devmitsinformatica.com\/en\/shop\/spray-cans-montana\/montana-gold-fluor-400ml\/","url":"https:\/\/dev4.devmitsinformatica.com\/en\/shop\/spray-cans-montana\/montana-gold-fluor-400ml\/","name":"Montana Gold Fluor 400ml. Ultrawide Graffiti Shop Barcelona","isPartOf":{"@id":"https:\/\/dev4.devmitsinformatica.com\/en\/#website"},"primaryImageOfPage":{"@id":"https:\/\/dev4.devmitsinformatica.com\/en\/shop\/spray-cans-montana\/montana-gold-fluor-400ml\/#primaryimage"},"image":{"@id":"https:\/\/dev4.devmitsinformatica.com\/en\/shop\/spray-cans-montana\/montana-gold-fluor-400ml\/#primaryimage"},"thumbnailUrl":"https:\/\/dev4.devmitsinformatica.com\/wp-content\/uploads\/2016\/08\/montana_gold400ml_f4000.jpg","datePublished":"2016-09-01T20:49:05+00:00","dateModified":"2024-07-11T07:28:42+00:00","description":"Montana Gold Fluor 400ml? Compra ahora en nuestra web oficial Montana-Cans Espa\u00f1a, Marcadores y sprays Montana Gold Fluor.","breadcrumb":{"@id":"https:\/\/dev4.devmitsinformatica.com\/en\/shop\/spray-cans-montana\/montana-gold-fluor-400ml\/#breadcrumb"},"inLanguage":"en-US","potentialAction":[{"@type":"ReadAction","target":["https:\/\/dev4.devmitsinformatica.com\/en\/shop\/spray-cans-montana\/montana-gold-fluor-400ml\/"]}]},{"@type":"ImageObject","inLanguage":"en-US","@id":"https:\/\/dev4.devmitsinformatica.com\/en\/shop\/spray-cans-montana\/montana-gold-fluor-400ml\/#primaryimage","url":"https:\/\/dev4.devmitsinformatica.com\/wp-content\/uploads\/2016\/08\/montana_gold400ml_f4000.jpg","contentUrl":"https:\/\/dev4.devmitsinformatica.com\/wp-content\/uploads\/2016\/08\/montana_gold400ml_f4000.jpg","width":500,"height":500,"caption":"Montana Gold Fluor Color Cans Spray tienda online"},{"@type":"BreadcrumbList","@id":"https:\/\/dev4.devmitsinformatica.com\/en\/shop\/spray-cans-montana\/montana-gold-fluor-400ml\/#breadcrumb","itemListElement":[{"@type":"ListItem","position":1,"name":"Home","item":"https:\/\/dev4.devmitsinformatica.com\/en\/"},{"@type":"ListItem","position":2,"name":"Store","item":"https:\/\/dev4.devmitsinformatica.com\/?page_id=38"},{"@type":"ListItem","position":3,"name":"Montana Gold Fluor 400ml"}]},{"@type":"WebSite","@id":"https:\/\/dev4.devmitsinformatica.com\/en\/#website","url":"https:\/\/dev4.devmitsinformatica.com\/en\/","name":"ULTRAWIDE GRAFFITI SHOP","description":"SPRAY GRAFFITI SHOP CAPS Y ROTULADORES","publisher":{"@id":"https:\/\/dev4.devmitsinformatica.com\/en\/#organization"},"potentialAction":[{"@type":"SearchAction","target":{"@type":"EntryPoint","urlTemplate":"https:\/\/dev4.devmitsinformatica.com\/en\/?s={search_term_string}"},"query-input":{"@type":"PropertyValueSpecification","valueRequired":true,"valueName":"search_term_string"}}],"inLanguage":"en-US"},{"@type":"Organization","@id":"https:\/\/dev4.devmitsinformatica.com\/en\/#organization","name":"ANDEN Graffiti Shop Barcelona","url":"https:\/\/dev4.devmitsinformatica.com\/en\/","logo":{"@type":"ImageObject","inLanguage":"en-US","@id":"https:\/\/dev4.devmitsinformatica.com\/en\/#\/schema\/logo\/image\/","url":"https:\/\/dev4.devmitsinformatica.com\/wp-content\/uploads\/2016\/11\/graffiti-gallery-barcelona.png","contentUrl":"https:\/\/dev4.devmitsinformatica.com\/wp-content\/uploads\/2016\/11\/graffiti-gallery-barcelona.png","width":386,"height":150,"caption":"ANDEN Graffiti Shop Barcelona"},"image":{"@id":"https:\/\/dev4.devmitsinformatica.com\/en\/#\/schema\/logo\/image\/"}}]}},"_links":{"self":[{"href":"https:\/\/dev4.devmitsinformatica.com\/en\/wp-json\/wp\/v2\/product\/3191","targetHints":{"allow":["GET"]}}],"collection":[{"href":"https:\/\/dev4.devmitsinformatica.com\/en\/wp-json\/wp\/v2\/product"}],"about":[{"href":"https:\/\/dev4.devmitsinformatica.com\/en\/wp-json\/wp\/v2\/types\/product"}],"replies":[{"embeddable":true,"href":"https:\/\/dev4.devmitsinformatica.com\/en\/wp-json\/wp\/v2\/comments?post=3191"}],"version-history":[{"count":0,"href":"https:\/\/dev4.devmitsinformatica.com\/en\/wp-json\/wp\/v2\/product\/3191\/revisions"}],"wp:featuredmedia":[{"embeddable":true,"href":"https:\/\/dev4.devmitsinformatica.com\/en\/wp-json\/wp\/v2\/media\/2018"}],"wp:attachment":[{"href":"https:\/\/dev4.devmitsinformatica.com\/en\/wp-json\/wp\/v2\/media?parent=3191"}],"wp:term":[{"taxonomy":"product_brand","embeddable":true,"href":"https:\/\/dev4.devmitsinformatica.com\/en\/wp-json\/wp\/v2\/product_brand?post=3191"},{"taxonomy":"product_cat","embeddable":true,"href":"https:\/\/dev4.devmitsinformatica.com\/en\/wp-json\/wp\/v2\/product_cat?post=3191"},{"taxonomy":"product_tag","embeddable":true,"href":"https:\/\/dev4.devmitsinformatica.com\/en\/wp-json\/wp\/v2\/product_tag?post=3191"}],"curies":[{"name":"wp","href":"https:\/\/api.w.org\/{rel}","templated":true}]}}