{"id":3199,"date":"2016-09-01T20:49:05","date_gmt":"2016-09-01T20:49:05","guid":{"rendered":"http:\/\/spraygraffiti.com\/index.php\/product\/montana-gold-transparent-400ml\/"},"modified":"2024-07-11T07:25:31","modified_gmt":"2024-07-11T07:25:31","slug":"montana-gold-transparent-400ml","status":"publish","type":"product","link":"https:\/\/dev4.devmitsinformatica.com\/en\/shop\/spray-cans-montana\/montana-gold-transparent-400ml\/","title":{"rendered":"Montana Cans GOLD TRANSPARENT 400ml"},"content":{"rendered":"<h1>MONTANA GOLD TRANSPARENT 400ml<\/h1>\n<p>MONTANA GOLD TRANSPARENT 400ml. El sistema de color de Montana Gold ofrece ahora 15 nuevos tonos transparentes. Con los<br \/>\ncolores existentes blanco transparente y negro transparente, tienen ahora un total de 17<br \/>\ntonos transparentes disponibles que complementan el sistema de color de <strong>Montana GOLD.<\/strong><\/p>\n<p>Con las nuevas <strong>MONTANA GOLD TRANSPARENT<\/strong> 400ml\u00a0 pueden conseguir excelentes efectos de iluminaci\u00f3n,<br \/>\nsombreado y graduaciones de color exactas o profundidad. Mediante la aplicaci\u00f3n de<br \/>\nm\u00faltiples capas finas puede el efecto de transparencia puede variar. Los nuevos tonos<br \/>\ntransparentes son la manera tambi\u00e9n para trabajos decorativos, como por ejemplo, el vidrio<br \/>\nu otros materiales transparentes (efecto de cristal esmerilado). Todos los nuevos tonos<br \/>\ntransparentes estan basados en el sistema de color del <span style=\"text-decoration: underline;\">Montana GOLD<\/span> para conseguir<br \/>\nregularidad, y tonos nuevos de gran opacidad.<\/p>\n<p>El Montana Transparent colors de Gold, es un spray de media cubrici\u00f3n, podr\u00edamos hablar de un barniz de color para creaciones y aplicaciones especiales. Es muy utilizado tambi\u00e9n por artistas para crear efectos de acuarela sobre la pared o para difuminados entre colores en pinturas de tipo realista. Montana Gold cuenta con la l\u00ednea mas completa de sprays sombra o transparent colors para la creaci\u00f3n de efectos.<\/p>\n<p>Buscas spray transparente? Ultrawide tiene sprays transparentes de colores y Sprays montana Cans de todas las gamas y colores que cubren cualquier necesidad del artista y profesional que se presente.<\/p>\n<p>Ultrawide,<strong> Distribuidor Oficial Montana Cans<\/strong> en Espa\u00f1a.<\/p>\n<p><em><strong>pintura semitransparente<\/strong><\/em>, barniz con color, <em>barniz tinte<\/em>, spray montana gold<\/p>\n","protected":false},"excerpt":{"rendered":"<p>El sistema de color de Montana Gold ofrece ahora 15 nuevos tonos transparentes. Con los<br \/>\ncolores existentes blanco transparente y negro transparente, tienen ahora un total de 17<br \/>\ntonos transparentes disponibles que complementan el sistema de color de Montana GOLD.<\/p>\n<p>Se trata de un serosol con una cubrici\u00f3n intermedia entre un barniz y color mediante el cual se consiguen efectos cuyo acabado requiere no tapar completamente el color o el material sobre el que trabajaremos.<\/p>\n<p>&nbsp;<\/p>\n","protected":false},"featured_media":2027,"comment_status":"closed","ping_status":"closed","template":"","meta":{"site-sidebar-layout":"default","site-content-layout":"","ast-site-content-layout":"default","site-content-style":"default","site-sidebar-style":"default","ast-global-header-display":"","ast-banner-title-visibility":"","ast-main-header-display":"","ast-hfb-above-header-display":"","ast-hfb-below-header-display":"","ast-hfb-mobile-header-display":"","site-post-title":"","ast-breadcrumbs-content":"","ast-featured-img":"","footer-sml-layout":"","ast-disable-related-posts":"","theme-transparent-header-meta":"","adv-header-id-meta":"","stick-header-meta":"","header-above-stick-meta":"","header-main-stick-meta":"","header-below-stick-meta":"","astra-migrate-meta-layouts":"default","ast-page-background-enabled":"default","ast-page-background-meta":{"desktop":{"background-color":"","background-image":"","background-repeat":"repeat","background-position":"center center","background-size":"auto","background-attachment":"scroll","background-type":"","background-media":"","overlay-type":"","overlay-color":"","overlay-opacity":"","overlay-gradient":""},"tablet":{"background-color":"","background-image":"","background-repeat":"repeat","background-position":"center center","background-size":"auto","background-attachment":"scroll","background-type":"","background-media":"","overlay-type":"","overlay-color":"","overlay-opacity":"","overlay-gradient":""},"mobile":{"background-color":"","background-image":"","background-repeat":"repeat","background-position":"center center","background-size":"auto","background-attachment":"scroll","background-type":"","background-media":"","overlay-type":"","overlay-color":"","overlay-opacity":"","overlay-gradient":""}},"ast-content-background-meta":{"desktop":{"background-color":"var(--ast-global-color-5)","background-image":"","background-repeat":"repeat","background-position":"center center","background-size":"auto","background-attachment":"scroll","background-type":"","background-media":"","overlay-type":"","overlay-color":"","overlay-opacity":"","overlay-gradient":""},"tablet":{"background-color":"var(--ast-global-color-5)","background-image":"","background-repeat":"repeat","background-position":"center center","background-size":"auto","background-attachment":"scroll","background-type":"","background-media":"","overlay-type":"","overlay-color":"","overlay-opacity":"","overlay-gradient":""},"mobile":{"background-color":"var(--ast-global-color-5)","background-image":"","background-repeat":"repeat","background-position":"center center","background-size":"auto","background-attachment":"scroll","background-type":"","background-media":"","overlay-type":"","overlay-color":"","overlay-opacity":"","overlay-gradient":""}}},"product_brand":[],"product_cat":[10,5646,3109,3216],"product_tag":[3612,634,636,1019,1018,1070,633,1269,1270,1267,1268,635],"class_list":{"0":"post-3199","1":"product","2":"type-product","3":"status-publish","4":"has-post-thumbnail","6":"product_cat-spray-cans-montana","7":"product_cat-gold-400ml-artist-paint","8":"product_cat-montana-cans","9":"product_cat-spray","10":"product_tag-distribuidor-montana-cans","11":"product_tag-graffiti-gold-color-montana","12":"product_tag-graffiti-tienda-montana","13":"product_tag-montana","14":"product_tag-montana-cans","15":"product_tag-montana-gold","16":"product_tag-montana-gold-graffiti","17":"product_tag-spray-choche-pintura-barato","18":"product_tag-spray-moto-pintura-barato","19":"product_tag-spray-pintura-barato-choche","20":"product_tag-spray-pintura-barato-moto","21":"product_tag-tienda-graffiti-colores","22":"pa_color-montana-gold-transparent-400-black-transparente-spray","23":"pa_color-montana-gold-transparent-400ml-white-transparente","24":"pa_color-montana-gold-transparent-black-purple-spray-400","25":"pa_color-montana-gold-transparent-cherry-blossom-graffiti-spray-400","26":"pa_color-montana-gold-transparent-cherry-blossom-graffiti-spray400","27":"pa_color-montana-gold-transparent-gravel-graffiti-spray-400","28":"pa_color-montana-gold-transparent-hazelnut-graffiti-spray-400-barcelona","29":"pa_color-montana-gold-transparent-ketchup-graffiti-spray-online","30":"pa_color-montana-gold-transparent-olive-green-spray-para-coches","31":"pa_color-montana-gold-transparent-red-orange-graffiti-spray-espana","32":"pa_color-montana-gold-transparent-reef-graffiti-sprays-barcelona","33":"pa_color-montana-gold-transparent-rusto-coat-sprays-graffiti","34":"pa_color-montana-gold-transparent-sahara-beige-spray-para-graffiti","35":"pa_color-montana-gold-transparent-smaragd-green-sprays-para-coches","36":"pa_color-montana-gold-transparent-toffee-spray-para-arte","37":"pa_color-montana-gold-transparent-ultramarine-spray-barato","38":"desktop-align-left","39":"tablet-align-left","40":"mobile-align-left","42":"first","43":"instock","44":"purchasable","45":"product-type-variable"},"yoast_head":"<!-- This site is optimized with the Yoast SEO plugin v27.0 - https:\/\/yoast.com\/product\/yoast-seo-wordpress\/ -->\n<title>MONTANA GOLD TRANSPARENT 400ml. Graffiti Shop<\/title>\n<meta name=\"description\" content=\"Montana Gold Transparent 400ml? tienda graffiti arte online? tienda de sprays y marcadores para graffiti y muralismo al mejor precio.\" \/>\n<meta name=\"robots\" content=\"index, follow, max-snippet:-1, max-image-preview:large, max-video-preview:-1\" \/>\n<link rel=\"canonical\" href=\"https:\/\/dev4.devmitsinformatica.com\/en\/shop\/spray-cans-montana\/montana-gold-transparent-400ml\/\" \/>\n<meta property=\"og:locale\" content=\"en_US\" \/>\n<meta property=\"og:type\" content=\"article\" \/>\n<meta property=\"og:title\" content=\"MONTANA GOLD TRANSPARENT 400ml. Graffiti Shop\" \/>\n<meta property=\"og:description\" content=\"Montana Gold Transparent 400ml? tienda graffiti arte online? tienda de sprays y marcadores para graffiti y muralismo al mejor precio.\" \/>\n<meta property=\"og:url\" content=\"https:\/\/dev4.devmitsinformatica.com\/en\/shop\/spray-cans-montana\/montana-gold-transparent-400ml\/\" \/>\n<meta property=\"og:site_name\" content=\"ULTRAWIDE GRAFFITI SHOP\" \/>\n<meta property=\"article:modified_time\" content=\"2024-07-11T07:25:31+00:00\" \/>\n<meta property=\"og:image\" content=\"https:\/\/dev4.devmitsinformatica.com\/wp-content\/uploads\/2016\/08\/smallergoldt.jpg\" \/>\n\t<meta property=\"og:image:width\" content=\"500\" \/>\n\t<meta property=\"og:image:height\" content=\"500\" \/>\n\t<meta property=\"og:image:type\" content=\"image\/jpeg\" \/>\n<meta name=\"twitter:card\" content=\"summary_large_image\" \/>\n<meta name=\"twitter:label1\" content=\"Est. reading time\" \/>\n\t<meta name=\"twitter:data1\" content=\"2 minutes\" \/>\n<script type=\"application\/ld+json\" class=\"yoast-schema-graph\">{\"@context\":\"https:\/\/schema.org\",\"@graph\":[{\"@type\":\"WebPage\",\"@id\":\"https:\/\/dev4.devmitsinformatica.com\/en\/shop\/spray-cans-montana\/montana-gold-transparent-400ml\/\",\"url\":\"https:\/\/dev4.devmitsinformatica.com\/en\/shop\/spray-cans-montana\/montana-gold-transparent-400ml\/\",\"name\":\"MONTANA GOLD TRANSPARENT 400ml. Graffiti Shop\",\"isPartOf\":{\"@id\":\"https:\/\/dev4.devmitsinformatica.com\/en\/#website\"},\"primaryImageOfPage\":{\"@id\":\"https:\/\/dev4.devmitsinformatica.com\/en\/shop\/spray-cans-montana\/montana-gold-transparent-400ml\/#primaryimage\"},\"image\":{\"@id\":\"https:\/\/dev4.devmitsinformatica.com\/en\/shop\/spray-cans-montana\/montana-gold-transparent-400ml\/#primaryimage\"},\"thumbnailUrl\":\"https:\/\/dev4.devmitsinformatica.com\/wp-content\/uploads\/2016\/08\/smallergoldt.jpg\",\"datePublished\":\"2016-09-01T20:49:05+00:00\",\"dateModified\":\"2024-07-11T07:25:31+00:00\",\"description\":\"Montana Gold Transparent 400ml? tienda graffiti arte online? tienda de sprays y marcadores para graffiti y muralismo al mejor precio.\",\"breadcrumb\":{\"@id\":\"https:\/\/dev4.devmitsinformatica.com\/en\/shop\/spray-cans-montana\/montana-gold-transparent-400ml\/#breadcrumb\"},\"inLanguage\":\"en-US\",\"potentialAction\":[{\"@type\":\"ReadAction\",\"target\":[\"https:\/\/dev4.devmitsinformatica.com\/en\/shop\/spray-cans-montana\/montana-gold-transparent-400ml\/\"]}]},{\"@type\":\"ImageObject\",\"inLanguage\":\"en-US\",\"@id\":\"https:\/\/dev4.devmitsinformatica.com\/en\/shop\/spray-cans-montana\/montana-gold-transparent-400ml\/#primaryimage\",\"url\":\"https:\/\/dev4.devmitsinformatica.com\/wp-content\/uploads\/2016\/08\/smallergoldt.jpg\",\"contentUrl\":\"https:\/\/dev4.devmitsinformatica.com\/wp-content\/uploads\/2016\/08\/smallergoldt.jpg\",\"width\":500,\"height\":500,\"caption\":\"gold acrylic graffiti spray\"},{\"@type\":\"BreadcrumbList\",\"@id\":\"https:\/\/dev4.devmitsinformatica.com\/en\/shop\/spray-cans-montana\/montana-gold-transparent-400ml\/#breadcrumb\",\"itemListElement\":[{\"@type\":\"ListItem\",\"position\":1,\"name\":\"Home\",\"item\":\"https:\/\/dev4.devmitsinformatica.com\/en\/\"},{\"@type\":\"ListItem\",\"position\":2,\"name\":\"Store\",\"item\":\"https:\/\/dev4.devmitsinformatica.com\/?page_id=38\"},{\"@type\":\"ListItem\",\"position\":3,\"name\":\"Montana Cans GOLD TRANSPARENT 400ml\"}]},{\"@type\":\"WebSite\",\"@id\":\"https:\/\/dev4.devmitsinformatica.com\/en\/#website\",\"url\":\"https:\/\/dev4.devmitsinformatica.com\/en\/\",\"name\":\"ULTRAWIDE GRAFFITI SHOP\",\"description\":\"SPRAY GRAFFITI SHOP CAPS Y ROTULADORES\",\"publisher\":{\"@id\":\"https:\/\/dev4.devmitsinformatica.com\/en\/#organization\"},\"potentialAction\":[{\"@type\":\"SearchAction\",\"target\":{\"@type\":\"EntryPoint\",\"urlTemplate\":\"https:\/\/dev4.devmitsinformatica.com\/en\/?s={search_term_string}\"},\"query-input\":{\"@type\":\"PropertyValueSpecification\",\"valueRequired\":true,\"valueName\":\"search_term_string\"}}],\"inLanguage\":\"en-US\"},{\"@type\":\"Organization\",\"@id\":\"https:\/\/dev4.devmitsinformatica.com\/en\/#organization\",\"name\":\"ANDEN Graffiti Shop Barcelona\",\"url\":\"https:\/\/dev4.devmitsinformatica.com\/en\/\",\"logo\":{\"@type\":\"ImageObject\",\"inLanguage\":\"en-US\",\"@id\":\"https:\/\/dev4.devmitsinformatica.com\/en\/#\/schema\/logo\/image\/\",\"url\":\"https:\/\/dev4.devmitsinformatica.com\/wp-content\/uploads\/2016\/11\/graffiti-gallery-barcelona.png\",\"contentUrl\":\"https:\/\/dev4.devmitsinformatica.com\/wp-content\/uploads\/2016\/11\/graffiti-gallery-barcelona.png\",\"width\":386,\"height\":150,\"caption\":\"ANDEN Graffiti Shop Barcelona\"},\"image\":{\"@id\":\"https:\/\/dev4.devmitsinformatica.com\/en\/#\/schema\/logo\/image\/\"}}]}<\/script>\n<!-- \/ Yoast SEO plugin. -->","yoast_head_json":{"title":"MONTANA GOLD TRANSPARENT 400ml. Graffiti Shop","description":"Montana Gold Transparent 400ml? tienda graffiti arte online? tienda de sprays y marcadores para graffiti y muralismo al mejor precio.","robots":{"index":"index","follow":"follow","max-snippet":"max-snippet:-1","max-image-preview":"max-image-preview:large","max-video-preview":"max-video-preview:-1"},"canonical":"https:\/\/dev4.devmitsinformatica.com\/en\/shop\/spray-cans-montana\/montana-gold-transparent-400ml\/","og_locale":"en_US","og_type":"article","og_title":"MONTANA GOLD TRANSPARENT 400ml. Graffiti Shop","og_description":"Montana Gold Transparent 400ml? tienda graffiti arte online? tienda de sprays y marcadores para graffiti y muralismo al mejor precio.","og_url":"https:\/\/dev4.devmitsinformatica.com\/en\/shop\/spray-cans-montana\/montana-gold-transparent-400ml\/","og_site_name":"ULTRAWIDE GRAFFITI SHOP","article_modified_time":"2024-07-11T07:25:31+00:00","og_image":[{"width":500,"height":500,"url":"https:\/\/dev4.devmitsinformatica.com\/wp-content\/uploads\/2016\/08\/smallergoldt.jpg","type":"image\/jpeg"}],"twitter_card":"summary_large_image","twitter_misc":{"Est. reading time":"2 minutes"},"schema":{"@context":"https:\/\/schema.org","@graph":[{"@type":"WebPage","@id":"https:\/\/dev4.devmitsinformatica.com\/en\/shop\/spray-cans-montana\/montana-gold-transparent-400ml\/","url":"https:\/\/dev4.devmitsinformatica.com\/en\/shop\/spray-cans-montana\/montana-gold-transparent-400ml\/","name":"MONTANA GOLD TRANSPARENT 400ml. Graffiti Shop","isPartOf":{"@id":"https:\/\/dev4.devmitsinformatica.com\/en\/#website"},"primaryImageOfPage":{"@id":"https:\/\/dev4.devmitsinformatica.com\/en\/shop\/spray-cans-montana\/montana-gold-transparent-400ml\/#primaryimage"},"image":{"@id":"https:\/\/dev4.devmitsinformatica.com\/en\/shop\/spray-cans-montana\/montana-gold-transparent-400ml\/#primaryimage"},"thumbnailUrl":"https:\/\/dev4.devmitsinformatica.com\/wp-content\/uploads\/2016\/08\/smallergoldt.jpg","datePublished":"2016-09-01T20:49:05+00:00","dateModified":"2024-07-11T07:25:31+00:00","description":"Montana Gold Transparent 400ml? tienda graffiti arte online? tienda de sprays y marcadores para graffiti y muralismo al mejor precio.","breadcrumb":{"@id":"https:\/\/dev4.devmitsinformatica.com\/en\/shop\/spray-cans-montana\/montana-gold-transparent-400ml\/#breadcrumb"},"inLanguage":"en-US","potentialAction":[{"@type":"ReadAction","target":["https:\/\/dev4.devmitsinformatica.com\/en\/shop\/spray-cans-montana\/montana-gold-transparent-400ml\/"]}]},{"@type":"ImageObject","inLanguage":"en-US","@id":"https:\/\/dev4.devmitsinformatica.com\/en\/shop\/spray-cans-montana\/montana-gold-transparent-400ml\/#primaryimage","url":"https:\/\/dev4.devmitsinformatica.com\/wp-content\/uploads\/2016\/08\/smallergoldt.jpg","contentUrl":"https:\/\/dev4.devmitsinformatica.com\/wp-content\/uploads\/2016\/08\/smallergoldt.jpg","width":500,"height":500,"caption":"gold acrylic graffiti spray"},{"@type":"BreadcrumbList","@id":"https:\/\/dev4.devmitsinformatica.com\/en\/shop\/spray-cans-montana\/montana-gold-transparent-400ml\/#breadcrumb","itemListElement":[{"@type":"ListItem","position":1,"name":"Home","item":"https:\/\/dev4.devmitsinformatica.com\/en\/"},{"@type":"ListItem","position":2,"name":"Store","item":"https:\/\/dev4.devmitsinformatica.com\/?page_id=38"},{"@type":"ListItem","position":3,"name":"Montana Cans GOLD TRANSPARENT 400ml"}]},{"@type":"WebSite","@id":"https:\/\/dev4.devmitsinformatica.com\/en\/#website","url":"https:\/\/dev4.devmitsinformatica.com\/en\/","name":"ULTRAWIDE GRAFFITI SHOP","description":"SPRAY GRAFFITI SHOP CAPS Y ROTULADORES","publisher":{"@id":"https:\/\/dev4.devmitsinformatica.com\/en\/#organization"},"potentialAction":[{"@type":"SearchAction","target":{"@type":"EntryPoint","urlTemplate":"https:\/\/dev4.devmitsinformatica.com\/en\/?s={search_term_string}"},"query-input":{"@type":"PropertyValueSpecification","valueRequired":true,"valueName":"search_term_string"}}],"inLanguage":"en-US"},{"@type":"Organization","@id":"https:\/\/dev4.devmitsinformatica.com\/en\/#organization","name":"ANDEN Graffiti Shop Barcelona","url":"https:\/\/dev4.devmitsinformatica.com\/en\/","logo":{"@type":"ImageObject","inLanguage":"en-US","@id":"https:\/\/dev4.devmitsinformatica.com\/en\/#\/schema\/logo\/image\/","url":"https:\/\/dev4.devmitsinformatica.com\/wp-content\/uploads\/2016\/11\/graffiti-gallery-barcelona.png","contentUrl":"https:\/\/dev4.devmitsinformatica.com\/wp-content\/uploads\/2016\/11\/graffiti-gallery-barcelona.png","width":386,"height":150,"caption":"ANDEN Graffiti Shop Barcelona"},"image":{"@id":"https:\/\/dev4.devmitsinformatica.com\/en\/#\/schema\/logo\/image\/"}}]}},"_links":{"self":[{"href":"https:\/\/dev4.devmitsinformatica.com\/en\/wp-json\/wp\/v2\/product\/3199","targetHints":{"allow":["GET"]}}],"collection":[{"href":"https:\/\/dev4.devmitsinformatica.com\/en\/wp-json\/wp\/v2\/product"}],"about":[{"href":"https:\/\/dev4.devmitsinformatica.com\/en\/wp-json\/wp\/v2\/types\/product"}],"replies":[{"embeddable":true,"href":"https:\/\/dev4.devmitsinformatica.com\/en\/wp-json\/wp\/v2\/comments?post=3199"}],"version-history":[{"count":0,"href":"https:\/\/dev4.devmitsinformatica.com\/en\/wp-json\/wp\/v2\/product\/3199\/revisions"}],"wp:featuredmedia":[{"embeddable":true,"href":"https:\/\/dev4.devmitsinformatica.com\/en\/wp-json\/wp\/v2\/media\/2027"}],"wp:attachment":[{"href":"https:\/\/dev4.devmitsinformatica.com\/en\/wp-json\/wp\/v2\/media?parent=3199"}],"wp:term":[{"taxonomy":"product_brand","embeddable":true,"href":"https:\/\/dev4.devmitsinformatica.com\/en\/wp-json\/wp\/v2\/product_brand?post=3199"},{"taxonomy":"product_cat","embeddable":true,"href":"https:\/\/dev4.devmitsinformatica.com\/en\/wp-json\/wp\/v2\/product_cat?post=3199"},{"taxonomy":"product_tag","embeddable":true,"href":"https:\/\/dev4.devmitsinformatica.com\/en\/wp-json\/wp\/v2\/product_tag?post=3199"}],"curies":[{"name":"wp","href":"https:\/\/api.w.org\/{rel}","templated":true}]}}