{"id":3220,"date":"2016-09-01T20:49:28","date_gmt":"2016-09-01T20:49:28","guid":{"rendered":"http:\/\/spraygraffiti.com\/index.php\/product\/montana-marble-spray-400ml\/"},"modified":"2023-10-14T09:40:05","modified_gmt":"2023-10-14T09:40:05","slug":"montana-marble-spray-400ml","status":"publish","type":"product","link":"https:\/\/dev4.devmitsinformatica.com\/en\/shop\/spray-cans-montana\/montana-effects-spray-shop-barcelona\/montana-marble-spray-400ml\/","title":{"rendered":"MONTANA MARBLE EFFECT 400ml"},"content":{"rendered":"<h1><span style=\"text-decoration: underline; color: #333333;\">Montana Marble effect 400ml<\/span><\/h1>\n<p>Montana Marble Effect 400ml. Pintura en aerosol de alta calidad con efecto veteado de marmol sorprendentemente real.<br \/>\nEsta pintura en aerosol fabricada con excelente opacidad se puede utilizar en muchos<br \/>\nsustratos diferentes, tales como Papel, cart\u00f3n, tela previamente tratada, madera, vidrio,<br \/>\nmetal, cer\u00e1mica, porcelana, piedra, acr\u00edlico y otros materiales para pintar. El efecto de<br \/>\nm\u00e1rmol se produce a trav\u00e9s de hilos de laca de color muy finos en la superficie. La superficie<br \/>\nrociada no queda completamente cubierta, permanece parcialmente visible. El spray efecto<br \/>\nde m\u00e1rmol se puede recubrir con muchos tipos de pintura y marcadores combinados y<br \/>\npinturas acr\u00edlicas habituales ,con Montana Gold o rotulador Montana acr\u00edlico. El <strong><em>spray efecto<\/em><\/strong><br \/>\n<strong><em>m\u00e1rmol<\/em><\/strong> viene de serie con un difusor de caligraf\u00eda que puede ser orientado horizontalmente,<br \/>\nverticalmente o en cualquier otra forma deseada.<\/p>\n<p>Para la aplicaci\u00f3n del efecto m\u00e1rmol prueba en un papel o cart\u00f3n antes de pulverizar. Se trata de un spray muy caracter\u00edstico que pulveriza para crear el efecto de las vetas del m\u00e1rmol. Puedes visualizar el siguiente enlace y fijarte en su utilizaci\u00f3n de forma f\u00e1cil y sencilla.\u00a0 \u00a0https:\/\/www.youtube.com\/watch?v=wB1xP1awoog&amp;t=95s<\/p>\n<p>Este spray imitaci\u00f3n m\u00e1rmol esta disponible en 3 colores Blanco, plata y negro.<\/p>\n<p><em>imitacion marmol\u00a0<\/em>&#8211; spray imitaci\u00f3n &#8211; efecto marmol &#8211; imitar marmol &#8211; marble effect<\/p>\n","protected":false},"excerpt":{"rendered":"<p>Pintura en aerosol de alta calidad con efecto veteado de m\u00e1rmol sorprendentemente real.<br \/>\nEsta pintura en aerosol fabricada con excelente opacidad se puede utilizar en muchos<br \/>\nsustratos diferentes, tales como Papel, cart\u00f3n, tela previamente tratada, madera, vidrio,<br \/>\nmetal, cer\u00e1mica, porcelana, piedra, acr\u00edlico y otros materiales para pintar. El efecto de<br \/>\nm\u00e1rmol se produce a trav\u00e9s de hilos de laca de color muy finos en la superficie. La superficie<br \/>\nrociada no queda completamente cubierta, permanece parcialmente visible. El spray efecto<br \/>\nde m\u00e1rmol se puede recubrir con muchos tipos de pintura y marcadores combinados y<br \/>\npinturas acr\u00edlicas habituales ,con Montana Gold o rotulador Montana acr\u00edlico. El spray efecto<br \/>\nm\u00e1rmol viene de serie con un difusor de caligraf\u00eda que puede ser orientado horizontalmente,<br \/>\nverticalmente o en cualquier otra forma deseada.<\/p>\n<p>&nbsp;<\/p>\n","protected":false},"featured_media":2054,"comment_status":"closed","ping_status":"closed","template":"","meta":{"site-sidebar-layout":"default","site-content-layout":"","ast-site-content-layout":"default","site-content-style":"default","site-sidebar-style":"default","ast-global-header-display":"","ast-banner-title-visibility":"","ast-main-header-display":"","ast-hfb-above-header-display":"","ast-hfb-below-header-display":"","ast-hfb-mobile-header-display":"","site-post-title":"","ast-breadcrumbs-content":"","ast-featured-img":"","footer-sml-layout":"","ast-disable-related-posts":"","theme-transparent-header-meta":"","adv-header-id-meta":"","stick-header-meta":"","header-above-stick-meta":"","header-main-stick-meta":"","header-below-stick-meta":"","astra-migrate-meta-layouts":"default","ast-page-background-enabled":"default","ast-page-background-meta":{"desktop":{"background-color":"","background-image":"","background-repeat":"repeat","background-position":"center center","background-size":"auto","background-attachment":"scroll","background-type":"","background-media":"","overlay-type":"","overlay-color":"","overlay-opacity":"","overlay-gradient":""},"tablet":{"background-color":"","background-image":"","background-repeat":"repeat","background-position":"center center","background-size":"auto","background-attachment":"scroll","background-type":"","background-media":"","overlay-type":"","overlay-color":"","overlay-opacity":"","overlay-gradient":""},"mobile":{"background-color":"","background-image":"","background-repeat":"repeat","background-position":"center center","background-size":"auto","background-attachment":"scroll","background-type":"","background-media":"","overlay-type":"","overlay-color":"","overlay-opacity":"","overlay-gradient":""}},"ast-content-background-meta":{"desktop":{"background-color":"var(--ast-global-color-5)","background-image":"","background-repeat":"repeat","background-position":"center center","background-size":"auto","background-attachment":"scroll","background-type":"","background-media":"","overlay-type":"","overlay-color":"","overlay-opacity":"","overlay-gradient":""},"tablet":{"background-color":"var(--ast-global-color-5)","background-image":"","background-repeat":"repeat","background-position":"center center","background-size":"auto","background-attachment":"scroll","background-type":"","background-media":"","overlay-type":"","overlay-color":"","overlay-opacity":"","overlay-gradient":""},"mobile":{"background-color":"var(--ast-global-color-5)","background-image":"","background-repeat":"repeat","background-position":"center center","background-size":"auto","background-attachment":"scroll","background-type":"","background-media":"","overlay-type":"","overlay-color":"","overlay-opacity":"","overlay-gradient":""}}},"product_brand":[],"product_cat":[10,964,5803,3216,5649],"product_tag":[3074,3073,3695,630,1019,628,1264,1266,3075,3694,3076,629,3696],"class_list":{"0":"post-3220","1":"product","2":"type-product","3":"status-publish","4":"has-post-thumbnail","6":"product_cat-spray-cans-montana","7":"product_cat-montana-effects-spray-shop-barcelona","8":"product_cat-efectos","9":"product_cat-spray","10":"product_cat-sprays-tecnicos","11":"product_tag-coche-barato-pintura-spray","12":"product_tag-coche-spray-pintura-barato","13":"product_tag-imitacion-a-marmol","14":"product_tag-marble-montana-color-spray","15":"product_tag-montana","16":"product_tag-montana-cans-espana-spray","17":"product_tag-moto-pintura-barato-spray","18":"product_tag-moto-spray-pintura-barato","19":"product_tag-spray-de-marmol","20":"product_tag-spray-efecto-marmol","21":"product_tag-spray-imitacion-marmol","22":"product_tag-spray-tienda-marble-montana","23":"product_tag-spray-vetas-de-marmol","24":"pa_color-black-graffiti-spray","25":"pa_color-blue-graffiti-spray","26":"pa_color-copper-montana-graffiti-spray","27":"pa_color-gold-graffiti-montana-spray","28":"pa_color-green-pastel-montana-graffiti-spray","29":"pa_color-grey-montana-graffiti-spray","30":"pa_color-red-montana-graffiti-spray","31":"pa_color-montana-silver-graffiti-spray","32":"pa_color-white-montana-graffiti-spray","33":"pa_color-yellow-montana-graffiti-spray","34":"pa_graffiti-spray-gold-graffiti-montana-spray","35":"pa_graffiti-spray-pintura-en-spray-para-bicicletas","36":"pa_graffiti-spray-pintura-en-spray-para-coches","37":"pa_graffiti-spray-pintura-en-spray-para-madera","38":"pa_graffiti-spray-pintura-en-spray-para-manualidades","39":"pa_graffiti-spray-pintura-en-spray-para-metal","40":"pa_graffiti-spray-pintura-en-spray-para-plastico","41":"pa_graffiti-spray-spray-graffiti-precio","42":"pa_graffiti-spray-spray-montana-madrid","43":"pa_graffiti-spray-sprays-de-pintura","44":"pa_graffiti-spray-sprays-montana","45":"pa_graffiti-spray-tienda-graffiti-online-espana","46":"desktop-align-left","47":"tablet-align-left","48":"mobile-align-left","50":"first","51":"instock","52":"purchasable","53":"product-type-variable"},"yoast_head":"<!-- This site is optimized with the Yoast SEO plugin v27.0 - https:\/\/yoast.com\/product\/yoast-seo-wordpress\/ -->\n<title>MONTANA MARBLE EFFECT 400ml Ultrawide Graffiti Shop Barcelona<\/title>\n<meta name=\"description\" content=\"montana cans barcelona ultrawide. spray para coches? barniz de montana? spray para coches? tienda bellas artes online? tienda graffiti, ropa street art y montana colores.\" \/>\n<meta name=\"robots\" content=\"index, follow, max-snippet:-1, max-image-preview:large, max-video-preview:-1\" \/>\n<link rel=\"canonical\" href=\"https:\/\/dev4.devmitsinformatica.com\/en\/shop\/spray-cans-montana\/montana-effects-spray-shop-barcelona\/montana-marble-spray-400ml\/\" \/>\n<meta property=\"og:locale\" content=\"en_US\" \/>\n<meta property=\"og:type\" content=\"article\" \/>\n<meta property=\"og:title\" content=\"MONTANA MARBLE EFFECT 400ml Ultrawide Graffiti Shop Barcelona\" \/>\n<meta property=\"og:description\" content=\"montana cans barcelona ultrawide. spray para coches? barniz de montana? spray para coches? tienda bellas artes online? tienda graffiti, ropa street art y montana colores.\" \/>\n<meta property=\"og:url\" content=\"https:\/\/dev4.devmitsinformatica.com\/en\/shop\/spray-cans-montana\/montana-effects-spray-shop-barcelona\/montana-marble-spray-400ml\/\" \/>\n<meta property=\"og:site_name\" content=\"ULTRAWIDE GRAFFITI SHOP\" \/>\n<meta property=\"article:modified_time\" content=\"2023-10-14T09:40:05+00:00\" \/>\n<meta property=\"og:image\" content=\"https:\/\/dev4.devmitsinformatica.com\/wp-content\/uploads\/2016\/08\/mo-marble_400ml_1.jpg\" \/>\n\t<meta property=\"og:image:width\" content=\"500\" \/>\n\t<meta property=\"og:image:height\" content=\"500\" \/>\n\t<meta property=\"og:image:type\" content=\"image\/jpeg\" \/>\n<meta name=\"twitter:card\" content=\"summary_large_image\" \/>\n<meta name=\"twitter:label1\" content=\"Est. reading time\" \/>\n\t<meta name=\"twitter:data1\" content=\"1 minute\" \/>\n<script type=\"application\/ld+json\" class=\"yoast-schema-graph\">{\"@context\":\"https:\/\/schema.org\",\"@graph\":[{\"@type\":\"WebPage\",\"@id\":\"https:\/\/dev4.devmitsinformatica.com\/en\/shop\/spray-cans-montana\/montana-effects-spray-shop-barcelona\/montana-marble-spray-400ml\/\",\"url\":\"https:\/\/dev4.devmitsinformatica.com\/en\/shop\/spray-cans-montana\/montana-effects-spray-shop-barcelona\/montana-marble-spray-400ml\/\",\"name\":\"MONTANA MARBLE EFFECT 400ml Ultrawide Graffiti Shop Barcelona\",\"isPartOf\":{\"@id\":\"https:\/\/dev4.devmitsinformatica.com\/en\/#website\"},\"primaryImageOfPage\":{\"@id\":\"https:\/\/dev4.devmitsinformatica.com\/en\/shop\/spray-cans-montana\/montana-effects-spray-shop-barcelona\/montana-marble-spray-400ml\/#primaryimage\"},\"image\":{\"@id\":\"https:\/\/dev4.devmitsinformatica.com\/en\/shop\/spray-cans-montana\/montana-effects-spray-shop-barcelona\/montana-marble-spray-400ml\/#primaryimage\"},\"thumbnailUrl\":\"https:\/\/dev4.devmitsinformatica.com\/wp-content\/uploads\/2016\/08\/mo-marble_400ml_1.jpg\",\"datePublished\":\"2016-09-01T20:49:28+00:00\",\"dateModified\":\"2023-10-14T09:40:05+00:00\",\"description\":\"montana cans barcelona ultrawide. spray para coches? barniz de montana? spray para coches? tienda bellas artes online? tienda graffiti, ropa street art y montana colores.\",\"breadcrumb\":{\"@id\":\"https:\/\/dev4.devmitsinformatica.com\/en\/shop\/spray-cans-montana\/montana-effects-spray-shop-barcelona\/montana-marble-spray-400ml\/#breadcrumb\"},\"inLanguage\":\"en-US\",\"potentialAction\":[{\"@type\":\"ReadAction\",\"target\":[\"https:\/\/dev4.devmitsinformatica.com\/en\/shop\/spray-cans-montana\/montana-effects-spray-shop-barcelona\/montana-marble-spray-400ml\/\"]}]},{\"@type\":\"ImageObject\",\"inLanguage\":\"en-US\",\"@id\":\"https:\/\/dev4.devmitsinformatica.com\/en\/shop\/spray-cans-montana\/montana-effects-spray-shop-barcelona\/montana-marble-spray-400ml\/#primaryimage\",\"url\":\"https:\/\/dev4.devmitsinformatica.com\/wp-content\/uploads\/2016\/08\/mo-marble_400ml_1.jpg\",\"contentUrl\":\"https:\/\/dev4.devmitsinformatica.com\/wp-content\/uploads\/2016\/08\/mo-marble_400ml_1.jpg\",\"width\":500,\"height\":500,\"caption\":\"marble spray 400 ml\"},{\"@type\":\"BreadcrumbList\",\"@id\":\"https:\/\/dev4.devmitsinformatica.com\/en\/shop\/spray-cans-montana\/montana-effects-spray-shop-barcelona\/montana-marble-spray-400ml\/#breadcrumb\",\"itemListElement\":[{\"@type\":\"ListItem\",\"position\":1,\"name\":\"Home\",\"item\":\"https:\/\/dev4.devmitsinformatica.com\/en\/\"},{\"@type\":\"ListItem\",\"position\":2,\"name\":\"Store\",\"item\":\"https:\/\/dev4.devmitsinformatica.com\/?page_id=38\"},{\"@type\":\"ListItem\",\"position\":3,\"name\":\"MONTANA MARBLE EFFECT 400ml\"}]},{\"@type\":\"WebSite\",\"@id\":\"https:\/\/dev4.devmitsinformatica.com\/en\/#website\",\"url\":\"https:\/\/dev4.devmitsinformatica.com\/en\/\",\"name\":\"ULTRAWIDE GRAFFITI SHOP\",\"description\":\"SPRAY GRAFFITI SHOP CAPS Y ROTULADORES\",\"publisher\":{\"@id\":\"https:\/\/dev4.devmitsinformatica.com\/en\/#organization\"},\"potentialAction\":[{\"@type\":\"SearchAction\",\"target\":{\"@type\":\"EntryPoint\",\"urlTemplate\":\"https:\/\/dev4.devmitsinformatica.com\/en\/?s={search_term_string}\"},\"query-input\":{\"@type\":\"PropertyValueSpecification\",\"valueRequired\":true,\"valueName\":\"search_term_string\"}}],\"inLanguage\":\"en-US\"},{\"@type\":\"Organization\",\"@id\":\"https:\/\/dev4.devmitsinformatica.com\/en\/#organization\",\"name\":\"ANDEN Graffiti Shop Barcelona\",\"url\":\"https:\/\/dev4.devmitsinformatica.com\/en\/\",\"logo\":{\"@type\":\"ImageObject\",\"inLanguage\":\"en-US\",\"@id\":\"https:\/\/dev4.devmitsinformatica.com\/en\/#\/schema\/logo\/image\/\",\"url\":\"https:\/\/dev4.devmitsinformatica.com\/wp-content\/uploads\/2016\/11\/graffiti-gallery-barcelona.png\",\"contentUrl\":\"https:\/\/dev4.devmitsinformatica.com\/wp-content\/uploads\/2016\/11\/graffiti-gallery-barcelona.png\",\"width\":386,\"height\":150,\"caption\":\"ANDEN Graffiti Shop Barcelona\"},\"image\":{\"@id\":\"https:\/\/dev4.devmitsinformatica.com\/en\/#\/schema\/logo\/image\/\"}}]}<\/script>\n<!-- \/ Yoast SEO plugin. -->","yoast_head_json":{"title":"MONTANA MARBLE EFFECT 400ml Ultrawide Graffiti Shop Barcelona","description":"montana cans barcelona ultrawide. spray para coches? barniz de montana? spray para coches? tienda bellas artes online? tienda graffiti, ropa street art y montana colores.","robots":{"index":"index","follow":"follow","max-snippet":"max-snippet:-1","max-image-preview":"max-image-preview:large","max-video-preview":"max-video-preview:-1"},"canonical":"https:\/\/dev4.devmitsinformatica.com\/en\/shop\/spray-cans-montana\/montana-effects-spray-shop-barcelona\/montana-marble-spray-400ml\/","og_locale":"en_US","og_type":"article","og_title":"MONTANA MARBLE EFFECT 400ml Ultrawide Graffiti Shop Barcelona","og_description":"montana cans barcelona ultrawide. spray para coches? barniz de montana? spray para coches? tienda bellas artes online? tienda graffiti, ropa street art y montana colores.","og_url":"https:\/\/dev4.devmitsinformatica.com\/en\/shop\/spray-cans-montana\/montana-effects-spray-shop-barcelona\/montana-marble-spray-400ml\/","og_site_name":"ULTRAWIDE GRAFFITI SHOP","article_modified_time":"2023-10-14T09:40:05+00:00","og_image":[{"width":500,"height":500,"url":"https:\/\/dev4.devmitsinformatica.com\/wp-content\/uploads\/2016\/08\/mo-marble_400ml_1.jpg","type":"image\/jpeg"}],"twitter_card":"summary_large_image","twitter_misc":{"Est. reading time":"1 minute"},"schema":{"@context":"https:\/\/schema.org","@graph":[{"@type":"WebPage","@id":"https:\/\/dev4.devmitsinformatica.com\/en\/shop\/spray-cans-montana\/montana-effects-spray-shop-barcelona\/montana-marble-spray-400ml\/","url":"https:\/\/dev4.devmitsinformatica.com\/en\/shop\/spray-cans-montana\/montana-effects-spray-shop-barcelona\/montana-marble-spray-400ml\/","name":"MONTANA MARBLE EFFECT 400ml Ultrawide Graffiti Shop Barcelona","isPartOf":{"@id":"https:\/\/dev4.devmitsinformatica.com\/en\/#website"},"primaryImageOfPage":{"@id":"https:\/\/dev4.devmitsinformatica.com\/en\/shop\/spray-cans-montana\/montana-effects-spray-shop-barcelona\/montana-marble-spray-400ml\/#primaryimage"},"image":{"@id":"https:\/\/dev4.devmitsinformatica.com\/en\/shop\/spray-cans-montana\/montana-effects-spray-shop-barcelona\/montana-marble-spray-400ml\/#primaryimage"},"thumbnailUrl":"https:\/\/dev4.devmitsinformatica.com\/wp-content\/uploads\/2016\/08\/mo-marble_400ml_1.jpg","datePublished":"2016-09-01T20:49:28+00:00","dateModified":"2023-10-14T09:40:05+00:00","description":"montana cans barcelona ultrawide. spray para coches? barniz de montana? spray para coches? tienda bellas artes online? tienda graffiti, ropa street art y montana colores.","breadcrumb":{"@id":"https:\/\/dev4.devmitsinformatica.com\/en\/shop\/spray-cans-montana\/montana-effects-spray-shop-barcelona\/montana-marble-spray-400ml\/#breadcrumb"},"inLanguage":"en-US","potentialAction":[{"@type":"ReadAction","target":["https:\/\/dev4.devmitsinformatica.com\/en\/shop\/spray-cans-montana\/montana-effects-spray-shop-barcelona\/montana-marble-spray-400ml\/"]}]},{"@type":"ImageObject","inLanguage":"en-US","@id":"https:\/\/dev4.devmitsinformatica.com\/en\/shop\/spray-cans-montana\/montana-effects-spray-shop-barcelona\/montana-marble-spray-400ml\/#primaryimage","url":"https:\/\/dev4.devmitsinformatica.com\/wp-content\/uploads\/2016\/08\/mo-marble_400ml_1.jpg","contentUrl":"https:\/\/dev4.devmitsinformatica.com\/wp-content\/uploads\/2016\/08\/mo-marble_400ml_1.jpg","width":500,"height":500,"caption":"marble spray 400 ml"},{"@type":"BreadcrumbList","@id":"https:\/\/dev4.devmitsinformatica.com\/en\/shop\/spray-cans-montana\/montana-effects-spray-shop-barcelona\/montana-marble-spray-400ml\/#breadcrumb","itemListElement":[{"@type":"ListItem","position":1,"name":"Home","item":"https:\/\/dev4.devmitsinformatica.com\/en\/"},{"@type":"ListItem","position":2,"name":"Store","item":"https:\/\/dev4.devmitsinformatica.com\/?page_id=38"},{"@type":"ListItem","position":3,"name":"MONTANA MARBLE EFFECT 400ml"}]},{"@type":"WebSite","@id":"https:\/\/dev4.devmitsinformatica.com\/en\/#website","url":"https:\/\/dev4.devmitsinformatica.com\/en\/","name":"ULTRAWIDE GRAFFITI SHOP","description":"SPRAY GRAFFITI SHOP CAPS Y ROTULADORES","publisher":{"@id":"https:\/\/dev4.devmitsinformatica.com\/en\/#organization"},"potentialAction":[{"@type":"SearchAction","target":{"@type":"EntryPoint","urlTemplate":"https:\/\/dev4.devmitsinformatica.com\/en\/?s={search_term_string}"},"query-input":{"@type":"PropertyValueSpecification","valueRequired":true,"valueName":"search_term_string"}}],"inLanguage":"en-US"},{"@type":"Organization","@id":"https:\/\/dev4.devmitsinformatica.com\/en\/#organization","name":"ANDEN Graffiti Shop Barcelona","url":"https:\/\/dev4.devmitsinformatica.com\/en\/","logo":{"@type":"ImageObject","inLanguage":"en-US","@id":"https:\/\/dev4.devmitsinformatica.com\/en\/#\/schema\/logo\/image\/","url":"https:\/\/dev4.devmitsinformatica.com\/wp-content\/uploads\/2016\/11\/graffiti-gallery-barcelona.png","contentUrl":"https:\/\/dev4.devmitsinformatica.com\/wp-content\/uploads\/2016\/11\/graffiti-gallery-barcelona.png","width":386,"height":150,"caption":"ANDEN Graffiti Shop Barcelona"},"image":{"@id":"https:\/\/dev4.devmitsinformatica.com\/en\/#\/schema\/logo\/image\/"}}]}},"_links":{"self":[{"href":"https:\/\/dev4.devmitsinformatica.com\/en\/wp-json\/wp\/v2\/product\/3220","targetHints":{"allow":["GET"]}}],"collection":[{"href":"https:\/\/dev4.devmitsinformatica.com\/en\/wp-json\/wp\/v2\/product"}],"about":[{"href":"https:\/\/dev4.devmitsinformatica.com\/en\/wp-json\/wp\/v2\/types\/product"}],"replies":[{"embeddable":true,"href":"https:\/\/dev4.devmitsinformatica.com\/en\/wp-json\/wp\/v2\/comments?post=3220"}],"version-history":[{"count":0,"href":"https:\/\/dev4.devmitsinformatica.com\/en\/wp-json\/wp\/v2\/product\/3220\/revisions"}],"wp:featuredmedia":[{"embeddable":true,"href":"https:\/\/dev4.devmitsinformatica.com\/en\/wp-json\/wp\/v2\/media\/2054"}],"wp:attachment":[{"href":"https:\/\/dev4.devmitsinformatica.com\/en\/wp-json\/wp\/v2\/media?parent=3220"}],"wp:term":[{"taxonomy":"product_brand","embeddable":true,"href":"https:\/\/dev4.devmitsinformatica.com\/en\/wp-json\/wp\/v2\/product_brand?post=3220"},{"taxonomy":"product_cat","embeddable":true,"href":"https:\/\/dev4.devmitsinformatica.com\/en\/wp-json\/wp\/v2\/product_cat?post=3220"},{"taxonomy":"product_tag","embeddable":true,"href":"https:\/\/dev4.devmitsinformatica.com\/en\/wp-json\/wp\/v2\/product_tag?post=3220"}],"curies":[{"name":"wp","href":"https:\/\/api.w.org\/{rel}","templated":true}]}}