{"id":3223,"date":"2016-09-01T20:49:42","date_gmt":"2016-09-01T20:49:42","guid":{"rendered":"http:\/\/spraygraffiti.com\/index.php\/product\/montana-spider-150ml\/"},"modified":"2023-10-14T09:36:45","modified_gmt":"2023-10-14T09:36:45","slug":"montana-spider-150ml","status":"publish","type":"product","link":"https:\/\/dev4.devmitsinformatica.com\/en\/shop\/spray-cans-montana\/montana-spider-150ml\/","title":{"rendered":"Montana Black Spider 150ml"},"content":{"rendered":"<h1><span style=\"text-decoration: underline; color: #333333;\">Montana Black Spider 150ml<\/span><\/h1>\n<p><strong><em>Montana Black Spider 150ml<\/em><\/strong>\u00a0puede crear efectos \u00fanicos. La tinta es inyectada como tela de ara\u00f1a que<br \/>\nconforma un acabado muy singular. Con el difusor de pulverizaci\u00f3n caligraf\u00eda incluido para<br \/>\nexcelentes t\u00e9cnicas de caligraf\u00eda. Disponible en negro y plata.<\/p>\n<p>El Montana Spider es un cl\u00e1sico de Montana Cans desde su nacimiento a mediados de los 90, entonces este aerosol se se produc\u00eda en un formato mayor de 400ml y con el tiempo la marca opt\u00f3 por un formato mas peque\u00f1o y manejable para utilizar en ocasiones puntuales. Se trata de un Spray muy caracter\u00edstico ya que al pulverizar, su pintura sale en forma de serpentina muy fina creando un efecto de tela de ara\u00f1a muy realista. El Montana\u00a0 Black Spider esta disponible en Negro en un formato de 150ml.<\/p>\n<p>Buscas sprays diferentes? Ultrawide Distribuidor Montana Cans Espa\u00f1a, tiene sprays diferentes de efectos y acabados como el Montana Spider Black. Deja volar tu imaginaci\u00f3n, pinta, crea y descubre con los sprays montana cans y sus efectos. No lo pienses mas y hazte con to Montana Spider 150ml, el spray tela de ara\u00f1a para utilizar en stencil, manualidades y bellas artes ya esta a tu alcance en tu tienda de sprays online Ultrawide.<\/p>\n","protected":false},"excerpt":{"rendered":"<p>Montana Spider puede crear efectos \u00fanicos. La tinta es inyectada como tela de ara\u00f1a que<br \/>\nconforma un acabado muy singular.<\/p>\n","protected":false},"featured_media":2061,"comment_status":"closed","ping_status":"closed","template":"","meta":{"site-sidebar-layout":"default","site-content-layout":"","ast-site-content-layout":"default","site-content-style":"default","site-sidebar-style":"default","ast-global-header-display":"","ast-banner-title-visibility":"","ast-main-header-display":"","ast-hfb-above-header-display":"","ast-hfb-below-header-display":"","ast-hfb-mobile-header-display":"","site-post-title":"","ast-breadcrumbs-content":"","ast-featured-img":"","footer-sml-layout":"","ast-disable-related-posts":"","theme-transparent-header-meta":"","adv-header-id-meta":"","stick-header-meta":"","header-above-stick-meta":"","header-main-stick-meta":"","header-below-stick-meta":"","astra-migrate-meta-layouts":"default","ast-page-background-enabled":"default","ast-page-background-meta":{"desktop":{"background-color":"","background-image":"","background-repeat":"repeat","background-position":"center center","background-size":"auto","background-attachment":"scroll","background-type":"","background-media":"","overlay-type":"","overlay-color":"","overlay-opacity":"","overlay-gradient":""},"tablet":{"background-color":"","background-image":"","background-repeat":"repeat","background-position":"center center","background-size":"auto","background-attachment":"scroll","background-type":"","background-media":"","overlay-type":"","overlay-color":"","overlay-opacity":"","overlay-gradient":""},"mobile":{"background-color":"","background-image":"","background-repeat":"repeat","background-position":"center center","background-size":"auto","background-attachment":"scroll","background-type":"","background-media":"","overlay-type":"","overlay-color":"","overlay-opacity":"","overlay-gradient":""}},"ast-content-background-meta":{"desktop":{"background-color":"var(--ast-global-color-5)","background-image":"","background-repeat":"repeat","background-position":"center center","background-size":"auto","background-attachment":"scroll","background-type":"","background-media":"","overlay-type":"","overlay-color":"","overlay-opacity":"","overlay-gradient":""},"tablet":{"background-color":"var(--ast-global-color-5)","background-image":"","background-repeat":"repeat","background-position":"center center","background-size":"auto","background-attachment":"scroll","background-type":"","background-media":"","overlay-type":"","overlay-color":"","overlay-opacity":"","overlay-gradient":""},"mobile":{"background-color":"var(--ast-global-color-5)","background-image":"","background-repeat":"repeat","background-position":"center center","background-size":"auto","background-attachment":"scroll","background-type":"","background-media":"","overlay-type":"","overlay-color":"","overlay-opacity":"","overlay-gradient":""}}},"product_brand":[],"product_cat":[10,5645,3109,3216],"product_tag":[1631,1479,1632,1477,627,1019,1629,1483,626,624,1630,1481,1634,1633,625,1473,1475],"class_list":{"0":"post-3223","1":"product","2":"type-product","3":"status-publish","4":"has-post-thumbnail","6":"product_cat-spray-cans-montana","7":"product_cat-black-50ml-600ml-graffiti-paint","8":"product_cat-montana-cans","9":"product_cat-spray","10":"product_tag-black-montana-spider","11":"product_tag-black-montana-spray","12":"product_tag-black-spider-montana","13":"product_tag-black-spray-montana","14":"product_tag-graffiti-enspana-montana-cans","15":"product_tag-montana","16":"product_tag-montana-black-spider","17":"product_tag-montana-black-spray","18":"product_tag-montana-cans-graffiti","19":"product_tag-montana-cans-spider","20":"product_tag-montana-spider-black","21":"product_tag-montana-spray-black","22":"product_tag-spider-black-montana","23":"product_tag-spider-montana-black","24":"product_tag-spider-montana-cans","25":"product_tag-spray-black-montana","26":"product_tag-spray-montana-black","27":"pa_color-black","28":"pa_color-montana-silver-graffiti-spray","29":"pa_graffiti-shop-graffiti-barcelona","30":"pa_graffiti-shop-graffiti-camisetas","31":"pa_graffiti-shop-graffiti-moda","32":"pa_graffiti-shop-graffiti-ropa","33":"pa_graffiti-shop-graffiti-shop-barcelona","34":"pa_graffiti-shop-moda-barcelona-graffiti","35":"pa_graffiti-shop-spray-tienda-barcelona","36":"pa_graffiti-spray-pintura-en-spray-para-plastico","37":"pa_graffiti-spray-pintura-spray","38":"pa_graffiti-spray-spray-graffiti-precio","39":"pa_graffiti-spray-spray-montana-madrid","40":"pa_graffiti-spray-spray-montana-vinilo","41":"pa_graffiti-spray-sprays-de-pintura","42":"pa_graffiti-spray-sprays-montana","43":"pa_graffiti-spray-tienda-graffiti-online-espana","44":"pa_graffiti-spray-tienda-graffiti-valencia","45":"desktop-align-left","46":"tablet-align-left","47":"mobile-align-left","49":"first","50":"instock","51":"purchasable","52":"product-type-variable"},"yoast_head":"<!-- This site is optimized with the Yoast SEO plugin v27.0 - https:\/\/yoast.com\/product\/yoast-seo-wordpress\/ -->\n<title>Montana Spider 150ml. Ultrawide Graffiti Shop Barcelona<\/title>\n<meta name=\"description\" content=\"graffiti? tienda graffiti, ropa street art y montana colores. tienda bellas artes online. tienda para arte en barcelona. online tienda para sprays de montana cans espana. graffiti?\" \/>\n<meta name=\"robots\" content=\"index, follow, max-snippet:-1, max-image-preview:large, max-video-preview:-1\" \/>\n<link rel=\"canonical\" href=\"https:\/\/dev4.devmitsinformatica.com\/en\/shop\/spray-cans-montana\/montana-spider-150ml\/\" \/>\n<meta property=\"og:locale\" content=\"en_US\" \/>\n<meta property=\"og:type\" content=\"article\" \/>\n<meta property=\"og:title\" content=\"Montana Spider 150ml. Ultrawide Graffiti Shop Barcelona\" \/>\n<meta property=\"og:description\" content=\"graffiti? tienda graffiti, ropa street art y montana colores. tienda bellas artes online. tienda para arte en barcelona. online tienda para sprays de montana cans espana. graffiti?\" \/>\n<meta property=\"og:url\" content=\"https:\/\/dev4.devmitsinformatica.com\/en\/shop\/spray-cans-montana\/montana-spider-150ml\/\" \/>\n<meta property=\"og:site_name\" content=\"ULTRAWIDE GRAFFITI SHOP\" \/>\n<meta property=\"article:modified_time\" content=\"2023-10-14T09:36:45+00:00\" \/>\n<meta property=\"og:image\" content=\"https:\/\/dev4.devmitsinformatica.com\/wp-content\/uploads\/2016\/08\/montana_black-spider_150ml_1.jpg\" \/>\n\t<meta property=\"og:image:width\" content=\"500\" \/>\n\t<meta property=\"og:image:height\" content=\"500\" \/>\n\t<meta property=\"og:image:type\" content=\"image\/jpeg\" \/>\n<meta name=\"twitter:card\" content=\"summary_large_image\" \/>\n<meta name=\"twitter:label1\" content=\"Est. reading time\" \/>\n\t<meta name=\"twitter:data1\" content=\"1 minute\" \/>\n<script type=\"application\/ld+json\" class=\"yoast-schema-graph\">{\"@context\":\"https:\/\/schema.org\",\"@graph\":[{\"@type\":\"WebPage\",\"@id\":\"https:\/\/dev4.devmitsinformatica.com\/en\/shop\/spray-cans-montana\/montana-spider-150ml\/\",\"url\":\"https:\/\/dev4.devmitsinformatica.com\/en\/shop\/spray-cans-montana\/montana-spider-150ml\/\",\"name\":\"Montana Spider 150ml. Ultrawide Graffiti Shop Barcelona\",\"isPartOf\":{\"@id\":\"https:\/\/dev4.devmitsinformatica.com\/en\/#website\"},\"primaryImageOfPage\":{\"@id\":\"https:\/\/dev4.devmitsinformatica.com\/en\/shop\/spray-cans-montana\/montana-spider-150ml\/#primaryimage\"},\"image\":{\"@id\":\"https:\/\/dev4.devmitsinformatica.com\/en\/shop\/spray-cans-montana\/montana-spider-150ml\/#primaryimage\"},\"thumbnailUrl\":\"https:\/\/dev4.devmitsinformatica.com\/wp-content\/uploads\/2016\/08\/montana_black-spider_150ml_1.jpg\",\"datePublished\":\"2016-09-01T20:49:42+00:00\",\"dateModified\":\"2023-10-14T09:36:45+00:00\",\"description\":\"graffiti? tienda graffiti, ropa street art y montana colores. tienda bellas artes online. tienda para arte en barcelona. online tienda para sprays de montana cans espana. graffiti?\",\"breadcrumb\":{\"@id\":\"https:\/\/dev4.devmitsinformatica.com\/en\/shop\/spray-cans-montana\/montana-spider-150ml\/#breadcrumb\"},\"inLanguage\":\"en-US\",\"potentialAction\":[{\"@type\":\"ReadAction\",\"target\":[\"https:\/\/dev4.devmitsinformatica.com\/en\/shop\/spray-cans-montana\/montana-spider-150ml\/\"]}]},{\"@type\":\"ImageObject\",\"inLanguage\":\"en-US\",\"@id\":\"https:\/\/dev4.devmitsinformatica.com\/en\/shop\/spray-cans-montana\/montana-spider-150ml\/#primaryimage\",\"url\":\"https:\/\/dev4.devmitsinformatica.com\/wp-content\/uploads\/2016\/08\/montana_black-spider_150ml_1.jpg\",\"contentUrl\":\"https:\/\/dev4.devmitsinformatica.com\/wp-content\/uploads\/2016\/08\/montana_black-spider_150ml_1.jpg\",\"width\":500,\"height\":500,\"caption\":\"barcelona montana black graffiti spray 150\"},{\"@type\":\"BreadcrumbList\",\"@id\":\"https:\/\/dev4.devmitsinformatica.com\/en\/shop\/spray-cans-montana\/montana-spider-150ml\/#breadcrumb\",\"itemListElement\":[{\"@type\":\"ListItem\",\"position\":1,\"name\":\"Home\",\"item\":\"https:\/\/dev4.devmitsinformatica.com\/en\/\"},{\"@type\":\"ListItem\",\"position\":2,\"name\":\"Store\",\"item\":\"https:\/\/dev4.devmitsinformatica.com\/?page_id=38\"},{\"@type\":\"ListItem\",\"position\":3,\"name\":\"Montana Black Spider 150ml\"}]},{\"@type\":\"WebSite\",\"@id\":\"https:\/\/dev4.devmitsinformatica.com\/en\/#website\",\"url\":\"https:\/\/dev4.devmitsinformatica.com\/en\/\",\"name\":\"ULTRAWIDE GRAFFITI SHOP\",\"description\":\"SPRAY GRAFFITI SHOP CAPS Y ROTULADORES\",\"publisher\":{\"@id\":\"https:\/\/dev4.devmitsinformatica.com\/en\/#organization\"},\"potentialAction\":[{\"@type\":\"SearchAction\",\"target\":{\"@type\":\"EntryPoint\",\"urlTemplate\":\"https:\/\/dev4.devmitsinformatica.com\/en\/?s={search_term_string}\"},\"query-input\":{\"@type\":\"PropertyValueSpecification\",\"valueRequired\":true,\"valueName\":\"search_term_string\"}}],\"inLanguage\":\"en-US\"},{\"@type\":\"Organization\",\"@id\":\"https:\/\/dev4.devmitsinformatica.com\/en\/#organization\",\"name\":\"ANDEN Graffiti Shop Barcelona\",\"url\":\"https:\/\/dev4.devmitsinformatica.com\/en\/\",\"logo\":{\"@type\":\"ImageObject\",\"inLanguage\":\"en-US\",\"@id\":\"https:\/\/dev4.devmitsinformatica.com\/en\/#\/schema\/logo\/image\/\",\"url\":\"https:\/\/dev4.devmitsinformatica.com\/wp-content\/uploads\/2016\/11\/graffiti-gallery-barcelona.png\",\"contentUrl\":\"https:\/\/dev4.devmitsinformatica.com\/wp-content\/uploads\/2016\/11\/graffiti-gallery-barcelona.png\",\"width\":386,\"height\":150,\"caption\":\"ANDEN Graffiti Shop Barcelona\"},\"image\":{\"@id\":\"https:\/\/dev4.devmitsinformatica.com\/en\/#\/schema\/logo\/image\/\"}}]}<\/script>\n<!-- \/ Yoast SEO plugin. -->","yoast_head_json":{"title":"Montana Spider 150ml. Ultrawide Graffiti Shop Barcelona","description":"graffiti? tienda graffiti, ropa street art y montana colores. tienda bellas artes online. tienda para arte en barcelona. online tienda para sprays de montana cans espana. graffiti?","robots":{"index":"index","follow":"follow","max-snippet":"max-snippet:-1","max-image-preview":"max-image-preview:large","max-video-preview":"max-video-preview:-1"},"canonical":"https:\/\/dev4.devmitsinformatica.com\/en\/shop\/spray-cans-montana\/montana-spider-150ml\/","og_locale":"en_US","og_type":"article","og_title":"Montana Spider 150ml. Ultrawide Graffiti Shop Barcelona","og_description":"graffiti? tienda graffiti, ropa street art y montana colores. tienda bellas artes online. tienda para arte en barcelona. online tienda para sprays de montana cans espana. graffiti?","og_url":"https:\/\/dev4.devmitsinformatica.com\/en\/shop\/spray-cans-montana\/montana-spider-150ml\/","og_site_name":"ULTRAWIDE GRAFFITI SHOP","article_modified_time":"2023-10-14T09:36:45+00:00","og_image":[{"width":500,"height":500,"url":"https:\/\/dev4.devmitsinformatica.com\/wp-content\/uploads\/2016\/08\/montana_black-spider_150ml_1.jpg","type":"image\/jpeg"}],"twitter_card":"summary_large_image","twitter_misc":{"Est. reading time":"1 minute"},"schema":{"@context":"https:\/\/schema.org","@graph":[{"@type":"WebPage","@id":"https:\/\/dev4.devmitsinformatica.com\/en\/shop\/spray-cans-montana\/montana-spider-150ml\/","url":"https:\/\/dev4.devmitsinformatica.com\/en\/shop\/spray-cans-montana\/montana-spider-150ml\/","name":"Montana Spider 150ml. Ultrawide Graffiti Shop Barcelona","isPartOf":{"@id":"https:\/\/dev4.devmitsinformatica.com\/en\/#website"},"primaryImageOfPage":{"@id":"https:\/\/dev4.devmitsinformatica.com\/en\/shop\/spray-cans-montana\/montana-spider-150ml\/#primaryimage"},"image":{"@id":"https:\/\/dev4.devmitsinformatica.com\/en\/shop\/spray-cans-montana\/montana-spider-150ml\/#primaryimage"},"thumbnailUrl":"https:\/\/dev4.devmitsinformatica.com\/wp-content\/uploads\/2016\/08\/montana_black-spider_150ml_1.jpg","datePublished":"2016-09-01T20:49:42+00:00","dateModified":"2023-10-14T09:36:45+00:00","description":"graffiti? tienda graffiti, ropa street art y montana colores. tienda bellas artes online. tienda para arte en barcelona. online tienda para sprays de montana cans espana. graffiti?","breadcrumb":{"@id":"https:\/\/dev4.devmitsinformatica.com\/en\/shop\/spray-cans-montana\/montana-spider-150ml\/#breadcrumb"},"inLanguage":"en-US","potentialAction":[{"@type":"ReadAction","target":["https:\/\/dev4.devmitsinformatica.com\/en\/shop\/spray-cans-montana\/montana-spider-150ml\/"]}]},{"@type":"ImageObject","inLanguage":"en-US","@id":"https:\/\/dev4.devmitsinformatica.com\/en\/shop\/spray-cans-montana\/montana-spider-150ml\/#primaryimage","url":"https:\/\/dev4.devmitsinformatica.com\/wp-content\/uploads\/2016\/08\/montana_black-spider_150ml_1.jpg","contentUrl":"https:\/\/dev4.devmitsinformatica.com\/wp-content\/uploads\/2016\/08\/montana_black-spider_150ml_1.jpg","width":500,"height":500,"caption":"barcelona montana black graffiti spray 150"},{"@type":"BreadcrumbList","@id":"https:\/\/dev4.devmitsinformatica.com\/en\/shop\/spray-cans-montana\/montana-spider-150ml\/#breadcrumb","itemListElement":[{"@type":"ListItem","position":1,"name":"Home","item":"https:\/\/dev4.devmitsinformatica.com\/en\/"},{"@type":"ListItem","position":2,"name":"Store","item":"https:\/\/dev4.devmitsinformatica.com\/?page_id=38"},{"@type":"ListItem","position":3,"name":"Montana Black Spider 150ml"}]},{"@type":"WebSite","@id":"https:\/\/dev4.devmitsinformatica.com\/en\/#website","url":"https:\/\/dev4.devmitsinformatica.com\/en\/","name":"ULTRAWIDE GRAFFITI SHOP","description":"SPRAY GRAFFITI SHOP CAPS Y ROTULADORES","publisher":{"@id":"https:\/\/dev4.devmitsinformatica.com\/en\/#organization"},"potentialAction":[{"@type":"SearchAction","target":{"@type":"EntryPoint","urlTemplate":"https:\/\/dev4.devmitsinformatica.com\/en\/?s={search_term_string}"},"query-input":{"@type":"PropertyValueSpecification","valueRequired":true,"valueName":"search_term_string"}}],"inLanguage":"en-US"},{"@type":"Organization","@id":"https:\/\/dev4.devmitsinformatica.com\/en\/#organization","name":"ANDEN Graffiti Shop Barcelona","url":"https:\/\/dev4.devmitsinformatica.com\/en\/","logo":{"@type":"ImageObject","inLanguage":"en-US","@id":"https:\/\/dev4.devmitsinformatica.com\/en\/#\/schema\/logo\/image\/","url":"https:\/\/dev4.devmitsinformatica.com\/wp-content\/uploads\/2016\/11\/graffiti-gallery-barcelona.png","contentUrl":"https:\/\/dev4.devmitsinformatica.com\/wp-content\/uploads\/2016\/11\/graffiti-gallery-barcelona.png","width":386,"height":150,"caption":"ANDEN Graffiti Shop Barcelona"},"image":{"@id":"https:\/\/dev4.devmitsinformatica.com\/en\/#\/schema\/logo\/image\/"}}]}},"_links":{"self":[{"href":"https:\/\/dev4.devmitsinformatica.com\/en\/wp-json\/wp\/v2\/product\/3223","targetHints":{"allow":["GET"]}}],"collection":[{"href":"https:\/\/dev4.devmitsinformatica.com\/en\/wp-json\/wp\/v2\/product"}],"about":[{"href":"https:\/\/dev4.devmitsinformatica.com\/en\/wp-json\/wp\/v2\/types\/product"}],"replies":[{"embeddable":true,"href":"https:\/\/dev4.devmitsinformatica.com\/en\/wp-json\/wp\/v2\/comments?post=3223"}],"version-history":[{"count":0,"href":"https:\/\/dev4.devmitsinformatica.com\/en\/wp-json\/wp\/v2\/product\/3223\/revisions"}],"wp:featuredmedia":[{"embeddable":true,"href":"https:\/\/dev4.devmitsinformatica.com\/en\/wp-json\/wp\/v2\/media\/2061"}],"wp:attachment":[{"href":"https:\/\/dev4.devmitsinformatica.com\/en\/wp-json\/wp\/v2\/media?parent=3223"}],"wp:term":[{"taxonomy":"product_brand","embeddable":true,"href":"https:\/\/dev4.devmitsinformatica.com\/en\/wp-json\/wp\/v2\/product_brand?post=3223"},{"taxonomy":"product_cat","embeddable":true,"href":"https:\/\/dev4.devmitsinformatica.com\/en\/wp-json\/wp\/v2\/product_cat?post=3223"},{"taxonomy":"product_tag","embeddable":true,"href":"https:\/\/dev4.devmitsinformatica.com\/en\/wp-json\/wp\/v2\/product_tag?post=3223"}],"curies":[{"name":"wp","href":"https:\/\/api.w.org\/{rel}","templated":true}]}}