{"id":3225,"date":"2016-09-01T20:49:42","date_gmt":"2016-09-01T20:49:42","guid":{"rendered":"http:\/\/spraygraffiti.com\/index.php\/product\/montana-ultra-wide-750ml\/"},"modified":"2023-10-24T07:55:09","modified_gmt":"2023-10-24T07:55:09","slug":"montana-ultra-wide-750ml-spray-graffiti","status":"publish","type":"product","link":"https:\/\/dev4.devmitsinformatica.com\/en\/shop\/spray-cans-montana\/montana-ultra-wide-750ml-spray-graffiti\/","title":{"rendered":"Montana Ultra Wide 750ml Graffiti Spray"},"content":{"rendered":"<h1><span style=\"color: #333333;\"><a style=\"color: #333333;\" href=\"https:\/\/dev4.devmitsinformatica.com\/shop\/montana-spray\/montana-ultra-wide-750ml\/\"><strong>Ultra Wide 750ml Spray<\/strong><\/a><\/span><\/h1>\n<p><em>El Montana Ultra Wide 750ml Spray Urban Calligraphy Tool\u00a0<\/em>, Un spray creado por la marca Alemana Montana Cans para satisfacer al usuario que busca una gran presi\u00f3n en un corto espacio de tiempo. Su difusor naranja especial pulveriza la pintura en abanico con una alta presi\u00f3n no comparable a ningun aerosol. Esta particularidad hace del Montana Ultrawide un spray muy demandado para acciones ultrar\u00e1pidas y caligraf\u00eda en gran formato.<\/p>\n<p>El<strong> Ultrawide 750ml<\/strong> se presenta en 4 colores Plata, Negro , Azul y Rojo, siendo el plata el mas com\u00fan entre los que buscan un relleno r\u00e1pido y el negro entre los que buscan tags de gran formato o caligraf\u00eda.<\/p>\n<p>M\u00e1s r\u00e1pido, de mayor tama\u00f1o y m\u00e1s ancho: el <a href=\"https:\/\/dev4.devmitsinformatica.com\/shop\/montana-spray\/montana-ultra-wide-750ml\/\"><em><strong>spray Montana Ultra Wide 750ml<\/strong><\/em><\/a> es perfecto para cubrir grandes superficies y fondos y aplicar efectos <em>caligr\u00e1ficos<\/em>.<\/p>\n<p>Dependiendo de la distancia con respecto a la superficie donde se aplica el difusor especial de alta presi\u00f3n se consiguen <strong>anchos de l\u00ednea entre 15 y 60 cm.<\/strong> Esta distancia tiene que oscilar entre al menos 30 cm hasta 1,2 m.<\/p>\n<p>Por supuesto tienes que ponerte la debida ropa de protecci\u00f3n y no aplicar el producto cerca de corrientes el\u00e9ctricas. Por favor, tened en cuenta que s\u00f3lo se pueden utilizar<strong> difusores female<\/strong>, como por ejemplo el difusor\u00a0 Montana Ultra Liner.<\/p>\n<p>&nbsp;<\/p>\n","protected":false},"excerpt":{"rendered":"<p><strong>Montana Ultra Wide 750ml Spray<\/strong><\/p>\n<p>Por supuesto tienes que ponerte la debida ropa de protecci\u00f3n y no aplicar el producto cerca de corrientes el\u00e9ctricas. Por favor, tened en cuenta que s\u00f3lo se pueden utilizar<strong> difusores female<\/strong>, como por ejemplo el difusor\u00a0 Montana Ultra Liner.<\/p>\n<p><iframe src=\"https:\/\/www.youtube.com\/embed\/IC9yFkZ2D4k\" width=\"560\" height=\"315\" frameborder=\"0\" allowfullscreen=\"allowfullscreen\"><\/iframe><\/p>\n<p><a href=\"https:\/\/dev4.devmitsinformatica.com\/\" target=\"_blank\" rel=\"noopener\">Graffiti Spray Barcelona<\/a><\/p>\n","protected":false},"featured_media":2064,"comment_status":"closed","ping_status":"closed","template":"","meta":{"site-sidebar-layout":"default","site-content-layout":"","ast-site-content-layout":"default","site-content-style":"default","site-sidebar-style":"default","ast-global-header-display":"","ast-banner-title-visibility":"","ast-main-header-display":"","ast-hfb-above-header-display":"","ast-hfb-below-header-display":"","ast-hfb-mobile-header-display":"","site-post-title":"","ast-breadcrumbs-content":"","ast-featured-img":"","footer-sml-layout":"","ast-disable-related-posts":"","theme-transparent-header-meta":"","adv-header-id-meta":"","stick-header-meta":"","header-above-stick-meta":"","header-main-stick-meta":"","header-below-stick-meta":"","astra-migrate-meta-layouts":"default","ast-page-background-enabled":"default","ast-page-background-meta":{"desktop":{"background-color":"","background-image":"","background-repeat":"repeat","background-position":"center center","background-size":"auto","background-attachment":"scroll","background-type":"","background-media":"","overlay-type":"","overlay-color":"","overlay-opacity":"","overlay-gradient":""},"tablet":{"background-color":"","background-image":"","background-repeat":"repeat","background-position":"center center","background-size":"auto","background-attachment":"scroll","background-type":"","background-media":"","overlay-type":"","overlay-color":"","overlay-opacity":"","overlay-gradient":""},"mobile":{"background-color":"","background-image":"","background-repeat":"repeat","background-position":"center center","background-size":"auto","background-attachment":"scroll","background-type":"","background-media":"","overlay-type":"","overlay-color":"","overlay-opacity":"","overlay-gradient":""}},"ast-content-background-meta":{"desktop":{"background-color":"var(--ast-global-color-5)","background-image":"","background-repeat":"repeat","background-position":"center center","background-size":"auto","background-attachment":"scroll","background-type":"","background-media":"","overlay-type":"","overlay-color":"","overlay-opacity":"","overlay-gradient":""},"tablet":{"background-color":"var(--ast-global-color-5)","background-image":"","background-repeat":"repeat","background-position":"center center","background-size":"auto","background-attachment":"scroll","background-type":"","background-media":"","overlay-type":"","overlay-color":"","overlay-opacity":"","overlay-gradient":""},"mobile":{"background-color":"var(--ast-global-color-5)","background-image":"","background-repeat":"repeat","background-position":"center center","background-size":"auto","background-attachment":"scroll","background-type":"","background-media":"","overlay-type":"","overlay-color":"","overlay-opacity":"","overlay-gradient":""}}},"product_brand":[],"product_cat":[10,3109,3216],"product_tag":[1626,1627,1628,1019,616,615,614],"class_list":{"0":"post-3225","1":"product","2":"type-product","3":"status-publish","4":"has-post-thumbnail","6":"product_cat-spray-cans-montana","7":"product_cat-montana-cans","8":"product_cat-spray","9":"product_tag-graffiti","10":"product_tag-graffiti-shop","11":"product_tag-graffiti-shop-barcelona","12":"product_tag-montana","13":"product_tag-montana-spray-cans-ultra-wide","14":"product_tag-ultra-wide-montana-cans","15":"product_tag-ultra-wide-montana-spray","16":"pa_color-black","17":"pa_color-ultra-blue","18":"pa_color-montana-graffiti-spray-silverchrome","19":"pa_color-montana-ultra-nappies","20":"pa_color-ultra-red","21":"pa_color-ultra-wide-halloween","22":"pa_color-ultra-wide-kicking-yellow","23":"pa_color-ultra-wide-light-blue","24":"pa_color-ultra-wide-power-green","25":"pa_color-ultra-wide-royal-purple","26":"pa_color-ultra-wide-shark","27":"pa_color-ultra-wide-snow-white","28":"desktop-align-left","29":"tablet-align-left","30":"mobile-align-left","32":"first","33":"instock","34":"purchasable","35":"product-type-variable"},"yoast_head":"<!-- This site is optimized with the Yoast SEO plugin v27.0 - https:\/\/yoast.com\/product\/yoast-seo-wordpress\/ -->\n<title>Montana Ultra Wide 750ml Spray<\/title>\n<meta name=\"description\" content=\"montana cans barcelona barniz de montana? spray para coches? materiales bellas artes barcelona? rotuladores para arte? tienda para arte en barcelona.\" \/>\n<meta name=\"robots\" content=\"index, follow, max-snippet:-1, max-image-preview:large, max-video-preview:-1\" \/>\n<link rel=\"canonical\" href=\"https:\/\/dev4.devmitsinformatica.com\/en\/shop\/spray-cans-montana\/montana-ultra-wide-750ml-spray-graffiti\/\" \/>\n<meta property=\"og:locale\" content=\"en_US\" \/>\n<meta property=\"og:type\" content=\"article\" \/>\n<meta property=\"og:title\" content=\"Montana Ultra Wide 750ml Spray\" \/>\n<meta property=\"og:description\" content=\"montana cans barcelona barniz de montana? spray para coches? materiales bellas artes barcelona? rotuladores para arte? tienda para arte en barcelona.\" \/>\n<meta property=\"og:url\" content=\"https:\/\/dev4.devmitsinformatica.com\/en\/shop\/spray-cans-montana\/montana-ultra-wide-750ml-spray-graffiti\/\" \/>\n<meta property=\"og:site_name\" content=\"ULTRAWIDE GRAFFITI SHOP\" \/>\n<meta property=\"article:modified_time\" content=\"2023-10-24T07:55:09+00:00\" \/>\n<meta property=\"og:image\" content=\"https:\/\/dev4.devmitsinformatica.com\/wp-content\/uploads\/2016\/08\/montana_ultra_wide_750ml_01.jpg\" \/>\n\t<meta property=\"og:image:width\" content=\"500\" \/>\n\t<meta property=\"og:image:height\" content=\"500\" \/>\n\t<meta property=\"og:image:type\" content=\"image\/jpeg\" \/>\n<meta name=\"twitter:card\" content=\"summary_large_image\" \/>\n<meta name=\"twitter:label1\" content=\"Est. reading time\" \/>\n\t<meta name=\"twitter:data1\" content=\"1 minute\" \/>\n<script type=\"application\/ld+json\" class=\"yoast-schema-graph\">{\"@context\":\"https:\/\/schema.org\",\"@graph\":[{\"@type\":\"WebPage\",\"@id\":\"https:\/\/dev4.devmitsinformatica.com\/en\/shop\/spray-cans-montana\/montana-ultra-wide-750ml-spray-graffiti\/\",\"url\":\"https:\/\/dev4.devmitsinformatica.com\/en\/shop\/spray-cans-montana\/montana-ultra-wide-750ml-spray-graffiti\/\",\"name\":\"Montana Ultra Wide 750ml Spray\",\"isPartOf\":{\"@id\":\"https:\/\/dev4.devmitsinformatica.com\/en\/#website\"},\"primaryImageOfPage\":{\"@id\":\"https:\/\/dev4.devmitsinformatica.com\/en\/shop\/spray-cans-montana\/montana-ultra-wide-750ml-spray-graffiti\/#primaryimage\"},\"image\":{\"@id\":\"https:\/\/dev4.devmitsinformatica.com\/en\/shop\/spray-cans-montana\/montana-ultra-wide-750ml-spray-graffiti\/#primaryimage\"},\"thumbnailUrl\":\"https:\/\/dev4.devmitsinformatica.com\/wp-content\/uploads\/2016\/08\/montana_ultra_wide_750ml_01.jpg\",\"datePublished\":\"2016-09-01T20:49:42+00:00\",\"dateModified\":\"2023-10-24T07:55:09+00:00\",\"description\":\"montana cans barcelona barniz de montana? spray para coches? materiales bellas artes barcelona? rotuladores para arte? tienda para arte en barcelona.\",\"breadcrumb\":{\"@id\":\"https:\/\/dev4.devmitsinformatica.com\/en\/shop\/spray-cans-montana\/montana-ultra-wide-750ml-spray-graffiti\/#breadcrumb\"},\"inLanguage\":\"en-US\",\"potentialAction\":[{\"@type\":\"ReadAction\",\"target\":[\"https:\/\/dev4.devmitsinformatica.com\/en\/shop\/spray-cans-montana\/montana-ultra-wide-750ml-spray-graffiti\/\"]}]},{\"@type\":\"ImageObject\",\"inLanguage\":\"en-US\",\"@id\":\"https:\/\/dev4.devmitsinformatica.com\/en\/shop\/spray-cans-montana\/montana-ultra-wide-750ml-spray-graffiti\/#primaryimage\",\"url\":\"https:\/\/dev4.devmitsinformatica.com\/wp-content\/uploads\/2016\/08\/montana_ultra_wide_750ml_01.jpg\",\"contentUrl\":\"https:\/\/dev4.devmitsinformatica.com\/wp-content\/uploads\/2016\/08\/montana_ultra_wide_750ml_01.jpg\",\"width\":500,\"height\":500,\"caption\":\"Barcelona Montana Ultra Wide 750ml Spray\"},{\"@type\":\"BreadcrumbList\",\"@id\":\"https:\/\/dev4.devmitsinformatica.com\/en\/shop\/spray-cans-montana\/montana-ultra-wide-750ml-spray-graffiti\/#breadcrumb\",\"itemListElement\":[{\"@type\":\"ListItem\",\"position\":1,\"name\":\"Home\",\"item\":\"https:\/\/dev4.devmitsinformatica.com\/en\/\"},{\"@type\":\"ListItem\",\"position\":2,\"name\":\"Store\",\"item\":\"https:\/\/dev4.devmitsinformatica.com\/?page_id=38\"},{\"@type\":\"ListItem\",\"position\":3,\"name\":\"Montana Ultra Wide 750ml Graffiti Spray\"}]},{\"@type\":\"WebSite\",\"@id\":\"https:\/\/dev4.devmitsinformatica.com\/en\/#website\",\"url\":\"https:\/\/dev4.devmitsinformatica.com\/en\/\",\"name\":\"ULTRAWIDE GRAFFITI SHOP\",\"description\":\"SPRAY GRAFFITI SHOP CAPS Y ROTULADORES\",\"publisher\":{\"@id\":\"https:\/\/dev4.devmitsinformatica.com\/en\/#organization\"},\"potentialAction\":[{\"@type\":\"SearchAction\",\"target\":{\"@type\":\"EntryPoint\",\"urlTemplate\":\"https:\/\/dev4.devmitsinformatica.com\/en\/?s={search_term_string}\"},\"query-input\":{\"@type\":\"PropertyValueSpecification\",\"valueRequired\":true,\"valueName\":\"search_term_string\"}}],\"inLanguage\":\"en-US\"},{\"@type\":\"Organization\",\"@id\":\"https:\/\/dev4.devmitsinformatica.com\/en\/#organization\",\"name\":\"ANDEN Graffiti Shop Barcelona\",\"url\":\"https:\/\/dev4.devmitsinformatica.com\/en\/\",\"logo\":{\"@type\":\"ImageObject\",\"inLanguage\":\"en-US\",\"@id\":\"https:\/\/dev4.devmitsinformatica.com\/en\/#\/schema\/logo\/image\/\",\"url\":\"https:\/\/dev4.devmitsinformatica.com\/wp-content\/uploads\/2016\/11\/graffiti-gallery-barcelona.png\",\"contentUrl\":\"https:\/\/dev4.devmitsinformatica.com\/wp-content\/uploads\/2016\/11\/graffiti-gallery-barcelona.png\",\"width\":386,\"height\":150,\"caption\":\"ANDEN Graffiti Shop Barcelona\"},\"image\":{\"@id\":\"https:\/\/dev4.devmitsinformatica.com\/en\/#\/schema\/logo\/image\/\"}}]}<\/script>\n<!-- \/ Yoast SEO plugin. -->","yoast_head_json":{"title":"Montana Ultra Wide 750ml Spray","description":"montana cans barcelona barniz de montana? spray para coches? materiales bellas artes barcelona? rotuladores para arte? tienda para arte en barcelona.","robots":{"index":"index","follow":"follow","max-snippet":"max-snippet:-1","max-image-preview":"max-image-preview:large","max-video-preview":"max-video-preview:-1"},"canonical":"https:\/\/dev4.devmitsinformatica.com\/en\/shop\/spray-cans-montana\/montana-ultra-wide-750ml-spray-graffiti\/","og_locale":"en_US","og_type":"article","og_title":"Montana Ultra Wide 750ml Spray","og_description":"montana cans barcelona barniz de montana? spray para coches? materiales bellas artes barcelona? rotuladores para arte? tienda para arte en barcelona.","og_url":"https:\/\/dev4.devmitsinformatica.com\/en\/shop\/spray-cans-montana\/montana-ultra-wide-750ml-spray-graffiti\/","og_site_name":"ULTRAWIDE GRAFFITI SHOP","article_modified_time":"2023-10-24T07:55:09+00:00","og_image":[{"width":500,"height":500,"url":"https:\/\/dev4.devmitsinformatica.com\/wp-content\/uploads\/2016\/08\/montana_ultra_wide_750ml_01.jpg","type":"image\/jpeg"}],"twitter_card":"summary_large_image","twitter_misc":{"Est. reading time":"1 minute"},"schema":{"@context":"https:\/\/schema.org","@graph":[{"@type":"WebPage","@id":"https:\/\/dev4.devmitsinformatica.com\/en\/shop\/spray-cans-montana\/montana-ultra-wide-750ml-spray-graffiti\/","url":"https:\/\/dev4.devmitsinformatica.com\/en\/shop\/spray-cans-montana\/montana-ultra-wide-750ml-spray-graffiti\/","name":"Montana Ultra Wide 750ml Spray","isPartOf":{"@id":"https:\/\/dev4.devmitsinformatica.com\/en\/#website"},"primaryImageOfPage":{"@id":"https:\/\/dev4.devmitsinformatica.com\/en\/shop\/spray-cans-montana\/montana-ultra-wide-750ml-spray-graffiti\/#primaryimage"},"image":{"@id":"https:\/\/dev4.devmitsinformatica.com\/en\/shop\/spray-cans-montana\/montana-ultra-wide-750ml-spray-graffiti\/#primaryimage"},"thumbnailUrl":"https:\/\/dev4.devmitsinformatica.com\/wp-content\/uploads\/2016\/08\/montana_ultra_wide_750ml_01.jpg","datePublished":"2016-09-01T20:49:42+00:00","dateModified":"2023-10-24T07:55:09+00:00","description":"montana cans barcelona barniz de montana? spray para coches? materiales bellas artes barcelona? rotuladores para arte? tienda para arte en barcelona.","breadcrumb":{"@id":"https:\/\/dev4.devmitsinformatica.com\/en\/shop\/spray-cans-montana\/montana-ultra-wide-750ml-spray-graffiti\/#breadcrumb"},"inLanguage":"en-US","potentialAction":[{"@type":"ReadAction","target":["https:\/\/dev4.devmitsinformatica.com\/en\/shop\/spray-cans-montana\/montana-ultra-wide-750ml-spray-graffiti\/"]}]},{"@type":"ImageObject","inLanguage":"en-US","@id":"https:\/\/dev4.devmitsinformatica.com\/en\/shop\/spray-cans-montana\/montana-ultra-wide-750ml-spray-graffiti\/#primaryimage","url":"https:\/\/dev4.devmitsinformatica.com\/wp-content\/uploads\/2016\/08\/montana_ultra_wide_750ml_01.jpg","contentUrl":"https:\/\/dev4.devmitsinformatica.com\/wp-content\/uploads\/2016\/08\/montana_ultra_wide_750ml_01.jpg","width":500,"height":500,"caption":"Barcelona Montana Ultra Wide 750ml Spray"},{"@type":"BreadcrumbList","@id":"https:\/\/dev4.devmitsinformatica.com\/en\/shop\/spray-cans-montana\/montana-ultra-wide-750ml-spray-graffiti\/#breadcrumb","itemListElement":[{"@type":"ListItem","position":1,"name":"Home","item":"https:\/\/dev4.devmitsinformatica.com\/en\/"},{"@type":"ListItem","position":2,"name":"Store","item":"https:\/\/dev4.devmitsinformatica.com\/?page_id=38"},{"@type":"ListItem","position":3,"name":"Montana Ultra Wide 750ml Graffiti Spray"}]},{"@type":"WebSite","@id":"https:\/\/dev4.devmitsinformatica.com\/en\/#website","url":"https:\/\/dev4.devmitsinformatica.com\/en\/","name":"ULTRAWIDE GRAFFITI SHOP","description":"SPRAY GRAFFITI SHOP CAPS Y ROTULADORES","publisher":{"@id":"https:\/\/dev4.devmitsinformatica.com\/en\/#organization"},"potentialAction":[{"@type":"SearchAction","target":{"@type":"EntryPoint","urlTemplate":"https:\/\/dev4.devmitsinformatica.com\/en\/?s={search_term_string}"},"query-input":{"@type":"PropertyValueSpecification","valueRequired":true,"valueName":"search_term_string"}}],"inLanguage":"en-US"},{"@type":"Organization","@id":"https:\/\/dev4.devmitsinformatica.com\/en\/#organization","name":"ANDEN Graffiti Shop Barcelona","url":"https:\/\/dev4.devmitsinformatica.com\/en\/","logo":{"@type":"ImageObject","inLanguage":"en-US","@id":"https:\/\/dev4.devmitsinformatica.com\/en\/#\/schema\/logo\/image\/","url":"https:\/\/dev4.devmitsinformatica.com\/wp-content\/uploads\/2016\/11\/graffiti-gallery-barcelona.png","contentUrl":"https:\/\/dev4.devmitsinformatica.com\/wp-content\/uploads\/2016\/11\/graffiti-gallery-barcelona.png","width":386,"height":150,"caption":"ANDEN Graffiti Shop Barcelona"},"image":{"@id":"https:\/\/dev4.devmitsinformatica.com\/en\/#\/schema\/logo\/image\/"}}]}},"_links":{"self":[{"href":"https:\/\/dev4.devmitsinformatica.com\/en\/wp-json\/wp\/v2\/product\/3225","targetHints":{"allow":["GET"]}}],"collection":[{"href":"https:\/\/dev4.devmitsinformatica.com\/en\/wp-json\/wp\/v2\/product"}],"about":[{"href":"https:\/\/dev4.devmitsinformatica.com\/en\/wp-json\/wp\/v2\/types\/product"}],"replies":[{"embeddable":true,"href":"https:\/\/dev4.devmitsinformatica.com\/en\/wp-json\/wp\/v2\/comments?post=3225"}],"version-history":[{"count":0,"href":"https:\/\/dev4.devmitsinformatica.com\/en\/wp-json\/wp\/v2\/product\/3225\/revisions"}],"wp:featuredmedia":[{"embeddable":true,"href":"https:\/\/dev4.devmitsinformatica.com\/en\/wp-json\/wp\/v2\/media\/2064"}],"wp:attachment":[{"href":"https:\/\/dev4.devmitsinformatica.com\/en\/wp-json\/wp\/v2\/media?parent=3225"}],"wp:term":[{"taxonomy":"product_brand","embeddable":true,"href":"https:\/\/dev4.devmitsinformatica.com\/en\/wp-json\/wp\/v2\/product_brand?post=3225"},{"taxonomy":"product_cat","embeddable":true,"href":"https:\/\/dev4.devmitsinformatica.com\/en\/wp-json\/wp\/v2\/product_cat?post=3225"},{"taxonomy":"product_tag","embeddable":true,"href":"https:\/\/dev4.devmitsinformatica.com\/en\/wp-json\/wp\/v2\/product_tag?post=3225"}],"curies":[{"name":"wp","href":"https:\/\/api.w.org\/{rel}","templated":true}]}}